{"id":3789,"date":"2024-12-30T14:17:22","date_gmt":"2024-12-30T13:17:22","guid":{"rendered":"https:\/\/www.sources-hotels.com\/bordeaux\/?page_id=3789"},"modified":"2026-01-05T18:29:05","modified_gmt":"2026-01-05T17:29:05","slug":"restaurants","status":"publish","type":"page","link":"https:\/\/www.sources-hotels.com\/bordeaux\/de\/restaurants\/","title":{"rendered":"Restaurants"},"content":{"rendered":"\n<section class=\"custom-block block--header h-[206rem] text-center text-white overflow-hidden pt-[100rem] relative tablet:h-[700rem] tablet:pt-[420rem]\">\n\n    <h1>\n                    <span>\n                UNSERE            <\/span>\n                            RESTAURANTS &amp; BAR            <\/h1>\n\n    \n    <span class=\"scroll-down hidden text-[12rem] tracking-[2rem] uppercase font-title cursor-pointer opacity-[64%] pb-[66rem] absolute left-2\/4 bottom-0 translate-x-[-50%] after:w-[1px] after:h-[50rem] after:bg-white after:opacity-[40%] after:absolute after:bottom-0 after:left-[50%] tablet:block\">\n        Mehr entdecken    <\/span>\n\n    <figure class=\"min-w-full min-h-full aspect-video overflow-hidden absolute top-2\/4 left-2\/4 translate-x-[-50%] translate-y-[-50%] z-[-1] before:bg-black before:opacity-[35%] before:mix-blend-multiply before:absolute before:top-0 before:left-0 before:right-0 before:bottom-0 before:z-[2]\">\n                    <img loading=\"lazy\" decoding=\"async\" width=\"2880\" height=\"1800\" src=\"https:\/\/www.sources-hotels.com\/bordeaux\/wp-content\/uploads\/sites\/3\/2025\/01\/GV-int-\u00a9Nathalie-Jolie-2-2880x1800.jpg\" class=\"h-full w-full object-cover object-center\" alt=\"\" \/>            <\/figure>\n    \n<\/section>\n\n    \n\n\n<section class=\"custom-block block--title-introduction text-center tablet:!pb-[60rem]\">\n\n    \n    <div class=\"tablet:w-[970rem] tablet:inline-block\">\n        <p>&nbsp;<\/p>\n<p>Unsere Restaurants sind bis zum 4. Februar vor\u00fcbergehend geschlossen. Wir freuen uns, Sie ab dem 5. Februar wieder begr\u00fc\u00dfen zu d\u00fcrfen.<\/p>\n    <\/div>\n\n<\/section>\n\n\n\n<section class=\"custom-block block--title-introduction text-center tablet:!pb-[60rem]\">\n\n            <h2 class=\"block-title\">Restaurants &amp; bar <\/h2>\n    \n    <div class=\"tablet:w-[970rem] tablet:inline-block\">\n        <p>Gastronomie mit Wurzeln im Terroir.<\/p>\n<p>&nbsp;<\/p>\n<p>Erleben Sie eine einzigartige kulinarische und \u00f6nologische Reise an vier besonderen Orten, an denen Authentizit\u00e4t und Kreativit\u00e4t im Einklang stehen. Unser Gourmetrestaurant l\u00e4dt Sie ein, feine Gerichte zu geniessen, inspiriert von der Vielfalt unseres Terroirs. In unseren weiteren H\u00e4usern erwartet Sie eine genussvolle und gesellige K\u00fcche. Umgeben von der Ruhe der Natur wird jeder Moment zu einem besonderen Erlebnis voller Emotion und Entdeckung.<\/p>\n    <\/div>\n\n<\/section>\n\n\n\n<section class=\"custom-block block--room container mx-auto\">\n\n  <div class=\"content gallery-left\">\n\n    <div class=\"text\">\n\n              <h2 class=\"title\">La Grand\u2019Vigne<\/h2>\n      \n              <h3 class=\"subtitle\">Gourmetrestaurant \u2013 2 Michelin-Sterne<\/h3>\n      \n      <div class=\"description rte\">\n        <p>Das mit zwei Michelin-Sternen ausgezeichnete Restaurant La Grand\u2019Vigne empf\u00e4ngt Sie im Herzen der Weinberge der Graves \u2013 in der Welt von K\u00fcchenchef Nicolas Masse.<\/p>\n<p>Der Chefkoch stellt herausragende Produkte in den Mittelpunkt, die aus unseren biologischen G\u00e4rten und von den besten regionalen Erzeugern stammen. So entfaltet sich der ganze Reichtum unseres Terroirs auf dem Teller.<\/p>\n<p>Mit einer pr\u00e4zisen, puristischen K\u00fcche l\u00e4dt er Sie zu einer besonderen Auszeit ein \u2013 einem einfachen, authentischen und wohltuenden Erlebnis zwischen Natur und Lebenskunst im Weinbaugebiet von Bordeaux.<\/p>\n      <\/div>\n\n              <div class=\"ctas\">\n                        <a href=\"https:\/\/www.sources-hotels.com\/bordeaux\/de\/restaurants\/la-grand-vigne-restaurant\/\"  class=\"button cta1\" >\n        Entdecken  <\/a>\n                            <\/div>\n      \n    <\/div>\n\n    <div class=\"slider\">\n              <div class=\"image\">\n          <figure>\n            <img loading=\"lazy\" decoding=\"async\" width=\"1260\" height=\"1600\" src=\"https:\/\/www.sources-hotels.com\/bordeaux\/wp-content\/uploads\/sites\/3\/2025\/01\/LesSourcesDeCaudalie_GrandVigne_\u00a9itshenriette_-Mai2023-2-1260x1600.jpg\" class=\"w-full object-cover object-center\" alt=\"\" \/>          <\/figure>\n        <\/div>\n              <div class=\"image\">\n          <figure>\n            <img loading=\"lazy\" decoding=\"async\" width=\"1260\" height=\"1600\" src=\"https:\/\/www.sources-hotels.com\/bordeaux\/wp-content\/uploads\/sites\/3\/2025\/01\/LesSourcesDeCaudalie_AspergesGV_\u00a9QuentinTourbez_052023-1260x1600.jpg\" class=\"w-full object-cover object-center\" alt=\"\" \/>          <\/figure>\n        <\/div>\n              <div class=\"image\">\n          <figure>\n            <img loading=\"lazy\" decoding=\"async\" width=\"1260\" height=\"1600\" src=\"https:\/\/www.sources-hotels.com\/bordeaux\/wp-content\/uploads\/sites\/3\/2025\/01\/LesSourcesDeCaudalie_PlatsGV_@LucasGurdjian2024-5-1260x1600.jpg\" class=\"w-full object-cover object-center\" alt=\"\" \/>          <\/figure>\n        <\/div>\n              <div class=\"image\">\n          <figure>\n            <img loading=\"lazy\" decoding=\"async\" width=\"1260\" height=\"1600\" src=\"https:\/\/www.sources-hotels.com\/bordeaux\/wp-content\/uploads\/sites\/3\/2025\/01\/LesSourcesDeCaudalie_PlatsGV_@LucasGurdjian2024-29-1-1260x1600.jpg\" class=\"w-full object-cover object-center\" alt=\"\" \/>          <\/figure>\n        <\/div>\n          <\/div>\n  <\/div>\n<\/section>\n\n\n\n\n<section class=\"custom-block block--room container mx-auto\">\n\n  <div class=\"content gallery-right\">\n\n    <div class=\"text\">\n\n              <h2 class=\"title\">La Table du Lavoir<\/h2>\n      \n              <h3 class=\"subtitle\">L\u00e4ndliche Auberge<\/h3>\n      \n      <div class=\"description rte\">\n        <p>Willkommen an diesem geselligen und lebendigen Ort, der von Anfang an die warme Atmosph\u00e4re traditioneller Landgasth\u00e4user verspr\u00fcht \u2013 so, wie wir sie lieben.<\/p>\n<p>Auf dem Teller erwarten Sie k\u00f6stliche, herzhafte Gerichte, saisonale Produkte und alte Gem\u00fcsesorten, die unsere K\u00fcchenchefs mit Freude zubereiten.<\/p>\n<p>Entdecken Sie neu die Lieblingsrezepte unserer Grossm\u00fctter \u2013 im Sommer auf der Terrasse mit Blick auf das Ch\u00e2teau Smith Haut Lafitte, im Winter am prasselnden Feuer des historischen Kamins.<\/p>\n      <\/div>\n\n              <div class=\"ctas\">\n                        <a href=\"https:\/\/www.sources-hotels.com\/bordeaux\/de\/restaurants\/la-table-du-lavoir-restaurant\/\"  class=\"button cta1\" >\n        Entdecken  <\/a>\n                            <\/div>\n      \n    <\/div>\n\n    <div class=\"slider\">\n              <div class=\"image\">\n          <figure>\n            <img loading=\"lazy\" decoding=\"async\" width=\"1260\" height=\"1600\" src=\"https:\/\/www.sources-hotels.com\/bordeaux\/wp-content\/uploads\/sites\/3\/2025\/01\/TL-ext-\u00a9Nathalie-Jolie-3-1260x1600.jpg\" class=\"w-full object-cover object-center\" alt=\"\" \/>          <\/figure>\n        <\/div>\n              <div class=\"image\">\n          <figure>\n            <img loading=\"lazy\" decoding=\"async\" width=\"1260\" height=\"1600\" src=\"https:\/\/www.sources-hotels.com\/bordeaux\/wp-content\/uploads\/sites\/3\/2025\/01\/LaTableDuLavoirInterieur05_2016_TucaReines\u00a9_1-1260x1600.jpg\" class=\"w-full object-cover object-center\" alt=\"\" \/>          <\/figure>\n        <\/div>\n              <div class=\"image\">\n          <figure>\n            <img loading=\"lazy\" decoding=\"async\" width=\"1260\" height=\"1600\" src=\"https:\/\/www.sources-hotels.com\/bordeaux\/wp-content\/uploads\/sites\/3\/2025\/01\/LesSourcesDeCaudalie_Plats_TL@LucasGurdjian2024-4-1260x1600.jpg\" class=\"w-full object-cover object-center\" alt=\"\" \/>          <\/figure>\n        <\/div>\n              <div class=\"image\">\n          <figure>\n            <img loading=\"lazy\" decoding=\"async\" width=\"1260\" height=\"1600\" src=\"https:\/\/www.sources-hotels.com\/bordeaux\/wp-content\/uploads\/sites\/3\/2025\/01\/LesSourcesDeCaudalie_Plats_TL@LucasGurdjian2024-15-1260x1600.jpg\" class=\"w-full object-cover object-center\" alt=\"\" \/>          <\/figure>\n        <\/div>\n              <div class=\"image\">\n          <figure>\n            <img loading=\"lazy\" decoding=\"async\" width=\"1260\" height=\"1600\" src=\"https:\/\/www.sources-hotels.com\/bordeaux\/wp-content\/uploads\/sites\/3\/2025\/01\/LesSourcesDeCaudalie_Plats_TL@LucasGurdjian2024-20-1260x1600.jpg\" class=\"w-full object-cover object-center\" alt=\"\" \/>          <\/figure>\n        <\/div>\n          <\/div>\n  <\/div>\n<\/section>\n\n\n\n\n<section class=\"custom-block block--room container mx-auto\">\n\n  <div class=\"content gallery-left\">\n\n    <div class=\"text\">\n\n              <h2 class=\"title\">ROUGE<\/h2>\n      \n              <h3 class=\"subtitle\">Feinkostladen &amp; Weinbar<\/h3>\n      \n      <div class=\"description rte\">\n        <p>ROUGE \u2013 unsere genussvolle Kombination aus Feinkostladen und Weinbar \u2013 ist ein Ort des Lebens und des Teilens, an dem man trinkt, geniesst und sch\u00f6ne Momente mit Familie oder Freunden verbringt.<\/p>\n<p>Ob am Tresen oder in gem\u00fctlichen Sesseln \u2013 entdecken Sie das Beste aus dem S\u00fcdwesten Frankreichs und edle Bordeaux-Weine, ganz entspannt und unkompliziert.<\/p>\n<p>Im Sommer l\u00e4dt die sch\u00f6ne Terrasse ein, begleitet vom sanften Pl\u00e4tschern des Brunnens auf dem Gut.<\/p>\n      <\/div>\n\n              <div class=\"ctas\">\n                        <a href=\"https:\/\/www.sources-hotels.com\/bordeaux\/de\/restaurants\/rouge-restaurant\/\"  class=\"button cta1\" >\n        Entdecken  <\/a>\n                            <\/div>\n      \n    <\/div>\n\n    <div class=\"slider\">\n              <div class=\"image\">\n          <figure>\n            <img loading=\"lazy\" decoding=\"async\" width=\"1260\" height=\"1600\" src=\"https:\/\/www.sources-hotels.com\/bordeaux\/wp-content\/uploads\/sites\/3\/2025\/01\/LesSourcesDeCaudalie_ROUGE_\u00a9QuentinTourbez_112023-11-1260x1600.jpg\" class=\"w-full object-cover object-center\" alt=\"\" \/>          <\/figure>\n        <\/div>\n              <div class=\"image\">\n          <figure>\n            <img loading=\"lazy\" decoding=\"async\" width=\"1260\" height=\"1600\" src=\"https:\/\/www.sources-hotels.com\/bordeaux\/wp-content\/uploads\/sites\/3\/2025\/01\/SourcesDeCaudalie_ShootingRH_\u00a9itshenriette_2022-50-1260x1600.jpg\" class=\"w-full object-cover object-center\" alt=\"\" \/>          <\/figure>\n        <\/div>\n              <div class=\"image\">\n          <figure>\n            <img loading=\"lazy\" decoding=\"async\" width=\"1260\" height=\"1600\" src=\"https:\/\/www.sources-hotels.com\/bordeaux\/wp-content\/uploads\/sites\/3\/2025\/01\/LesSourcesDeCaudalie_ROUGE_\u00a9QuentinTourbez_112023-9-1260x1600.jpg\" class=\"w-full object-cover object-center\" alt=\"\" \/>          <\/figure>\n        <\/div>\n              <div class=\"image\">\n          <figure>\n            <img loading=\"lazy\" decoding=\"async\" width=\"1260\" height=\"1600\" src=\"https:\/\/www.sources-hotels.com\/bordeaux\/wp-content\/uploads\/sites\/3\/2025\/01\/LesSourcesDeCaudalie_ROUGE\u00a9@itshenriette_Noel2023-18-1260x1600.jpg\" class=\"w-full object-cover object-center\" alt=\"\" \/>          <\/figure>\n        <\/div>\n              <div class=\"image\">\n          <figure>\n            <img loading=\"lazy\" decoding=\"async\" width=\"1260\" height=\"1600\" src=\"https:\/\/www.sources-hotels.com\/bordeaux\/wp-content\/uploads\/sites\/3\/2025\/01\/LesSourcesDeCaudalie_ROUGE_\u00a9QuentinTourbez_112023-16-1260x1600.jpg\" class=\"w-full object-cover object-center\" alt=\"\" \/>          <\/figure>\n        <\/div>\n          <\/div>\n  <\/div>\n<\/section>\n\n\n\n\n<section class=\"custom-block block--room container mx-auto\">\n\n  <div class=\"content gallery-right\">\n\n    <div class=\"text\">\n\n              <h2 class=\"title\">French Paradox<\/h2>\n      \n              <h3 class=\"subtitle\">Bar <\/h3>\n      \n      <div class=\"description rte\">\n        <p>Tauchen Sie ein in die sanfte, ged\u00e4mpfte Atmosph\u00e4re des French Paradox und geniessen Sie einen Moment der Entspannung.<\/p>\n<p>Lassen Sie sich von den kreativen Cocktails unserer Mixologie-Experten \u00fcberraschen oder kosten Sie einen edlen Digestif aus unserer Sammlung seltener Armagnacs, Cognacs, Whiskys und weiterer Spirituosen.<\/p>\n<p>Das ganze Jahr \u00fcber bieten unsere Barkeeper Mixologie-Workshops an \u2013 ein geselliges Erlebnis zum Lernen und Geniessen.<\/p>\n      <\/div>\n\n              <div class=\"ctas\">\n                        <a href=\"https:\/\/www.sources-hotels.com\/bordeaux\/de\/restaurants\/bar-french-paradox\/\"  class=\"button cta1\" >\n        Entdecken  <\/a>\n                            <\/div>\n      \n    <\/div>\n\n    <div class=\"slider\">\n              <div class=\"image\">\n          <figure>\n            <img loading=\"lazy\" decoding=\"async\" width=\"1260\" height=\"1600\" src=\"https:\/\/www.sources-hotels.com\/bordeaux\/wp-content\/uploads\/sites\/3\/2025\/01\/LesSourcesDeCaudalie_BarFrenchParadox_\u00a9Itshenriette_Mai2023-2-1260x1600.jpg\" class=\"w-full object-cover object-center\" alt=\"\" \/>          <\/figure>\n        <\/div>\n              <div class=\"image\">\n          <figure>\n            <img loading=\"lazy\" decoding=\"async\" width=\"503\" height=\"760\" src=\"https:\/\/www.sources-hotels.com\/bordeaux\/wp-content\/uploads\/sites\/3\/2025\/01\/30-cocktail@NathalieCollard.png\" class=\"w-full object-cover object-center\" alt=\"\" srcset=\"https:\/\/www.sources-hotels.com\/bordeaux\/wp-content\/uploads\/sites\/3\/2025\/01\/30-cocktail@NathalieCollard.png 503w, https:\/\/www.sources-hotels.com\/bordeaux\/wp-content\/uploads\/sites\/3\/2025\/01\/30-cocktail@NathalieCollard-199x300.png 199w\" sizes=\"auto, (max-width: 503px) 100vw, 503px\" \/>          <\/figure>\n        <\/div>\n              <div class=\"image\">\n          <figure>\n            <img loading=\"lazy\" decoding=\"async\" width=\"1260\" height=\"1600\" src=\"https:\/\/www.sources-hotels.com\/bordeaux\/wp-content\/uploads\/sites\/3\/2025\/01\/LesSourcesDeCaudalie_NegroniDesVignes_\u00a9Itshenriette_Mai2023-2-1260x1600.jpg\" class=\"w-full object-cover object-center\" alt=\"\" \/>          <\/figure>\n        <\/div>\n              <div class=\"image\">\n          <figure>\n            <img loading=\"lazy\" decoding=\"async\" width=\"1260\" height=\"1600\" src=\"https:\/\/www.sources-hotels.com\/bordeaux\/wp-content\/uploads\/sites\/3\/2025\/01\/LesSourcesDeCaudalie_BarFrenchParadox_\u00a9Itshenriette_Mai2023-1-1260x1600.jpg\" class=\"w-full object-cover object-center\" alt=\"\" \/>          <\/figure>\n        <\/div>\n              <div class=\"image\">\n          <figure>\n            <img loading=\"lazy\" decoding=\"async\" width=\"1260\" height=\"1600\" src=\"https:\/\/www.sources-hotels.com\/bordeaux\/wp-content\/uploads\/sites\/3\/2025\/01\/cocktail-french-paradox-\u00a9Nathalie-Jolie-2-1260x1600.jpg\" class=\"w-full object-cover object-center\" alt=\"\" \/>          <\/figure>\n        <\/div>\n          <\/div>\n  <\/div>\n<\/section>\n\n","protected":false},"excerpt":{"rendered":"","protected":false},"author":1,"featured_media":0,"parent":0,"menu_order":0,"comment_status":"closed","ping_status":"closed","template":"","meta":{"_acf_changed":false,"footnotes":""},"hotels":[],"doc_cat":[],"class_list":["post-3789","page","type-page","status-publish","hentry"],"acf":[],"yoast_head":"<!-- This site is optimized with the Yoast SEO plugin v25.6 - https:\/\/yoast.com\/wordpress\/plugins\/seo\/ -->\n<title>Unsere Restaurants in Bordeaux | Les Sources de Caudalie<\/title>\n<meta name=\"description\" content=\"Erleben Sie die feinen Aromen und edlen Weine der Restaurants der Sources de Caudalie in Bordeaux \u2013 ein Spiegel des Terroirs der Region, in einer einzigartigen und eleganten Atmosph\u00e4re.\" \/>\n<meta name=\"robots\" content=\"index, follow, max-snippet:-1, max-image-preview:large, max-video-preview:-1\" \/>\n<link rel=\"canonical\" href=\"https:\/\/www.sources-hotels.com\/bordeaux\/de\/restaurants\/\" \/>\n<meta property=\"og:locale\" content=\"de_DE\" \/>\n<meta property=\"og:type\" content=\"article\" \/>\n<meta property=\"og:title\" content=\"Unsere Restaurants in Bordeaux | Les Sources de Caudalie\" \/>\n<meta property=\"og:description\" content=\"Erleben Sie die feinen Aromen und edlen Weine der Restaurants der Sources de Caudalie in Bordeaux \u2013 ein Spiegel des Terroirs der Region, in einer einzigartigen und eleganten Atmosph\u00e4re.\" \/>\n<meta property=\"og:url\" content=\"https:\/\/www.sources-hotels.com\/bordeaux\/de\/restaurants\/\" \/>\n<meta property=\"og:site_name\" content=\"Les Sources de Caudalie\" \/>\n<meta property=\"article:modified_time\" content=\"2026-01-05T17:29:05+00:00\" \/>\n<meta name=\"twitter:card\" content=\"summary_large_image\" \/>\n<script type=\"application\/ld+json\" class=\"yoast-schema-graph\">{\"@context\":\"https:\/\/schema.org\",\"@graph\":[{\"@type\":\"WebPage\",\"@id\":\"https:\/\/www.sources-hotels.com\/bordeaux\/de\/restaurants\/\",\"url\":\"https:\/\/www.sources-hotels.com\/bordeaux\/de\/restaurants\/\",\"name\":\"Unsere Restaurants in Bordeaux | Les Sources de Caudalie\",\"isPartOf\":{\"@id\":\"https:\/\/www.sources-hotels.com\/bordeaux\/de\/#website\"},\"datePublished\":\"2024-12-30T13:17:22+00:00\",\"dateModified\":\"2026-01-05T17:29:05+00:00\",\"description\":\"Erleben Sie die feinen Aromen und edlen Weine der Restaurants der Sources de Caudalie in Bordeaux \u2013 ein Spiegel des Terroirs der Region, in einer einzigartigen und eleganten Atmosph\u00e4re.\",\"breadcrumb\":{\"@id\":\"https:\/\/www.sources-hotels.com\/bordeaux\/de\/restaurants\/#breadcrumb\"},\"inLanguage\":\"de-DE\",\"potentialAction\":[{\"@type\":\"ReadAction\",\"target\":[\"https:\/\/www.sources-hotels.com\/bordeaux\/de\/restaurants\/\"]}]},{\"@type\":\"BreadcrumbList\",\"@id\":\"https:\/\/www.sources-hotels.com\/bordeaux\/de\/restaurants\/#breadcrumb\",\"itemListElement\":[{\"@type\":\"ListItem\",\"position\":1,\"name\":\"Accueil\",\"item\":\"https:\/\/www.sources-hotels.com\/bordeaux\/de\/\"},{\"@type\":\"ListItem\",\"position\":2,\"name\":\"Restaurants\"}]},{\"@type\":\"WebSite\",\"@id\":\"https:\/\/www.sources-hotels.com\/bordeaux\/de\/#website\",\"url\":\"https:\/\/www.sources-hotels.com\/bordeaux\/de\/\",\"name\":\"Les Sources de Caudalie\",\"description\":\"\",\"publisher\":{\"@id\":\"https:\/\/www.sources-hotels.com\/bordeaux\/de\/#organization\"},\"potentialAction\":[{\"@type\":\"SearchAction\",\"target\":{\"@type\":\"EntryPoint\",\"urlTemplate\":\"https:\/\/www.sources-hotels.com\/bordeaux\/de\/?s={search_term_string}\"},\"query-input\":{\"@type\":\"PropertyValueSpecification\",\"valueRequired\":true,\"valueName\":\"search_term_string\"}}],\"inLanguage\":\"de-DE\"},{\"@type\":\"Organization\",\"@id\":\"https:\/\/www.sources-hotels.com\/bordeaux\/de\/#organization\",\"name\":\"Les Sources de Caudalie\",\"url\":\"https:\/\/www.sources-hotels.com\/bordeaux\/de\/\",\"logo\":{\"@type\":\"ImageObject\",\"inLanguage\":\"de-DE\",\"@id\":\"https:\/\/www.sources-hotels.com\/bordeaux\/de\/#\/schema\/logo\/image\/\",\"url\":\"https:\/\/www.sources-hotels.com\/bordeaux\/wp-content\/uploads\/sites\/3\/2025\/03\/logo-caudalie.png\",\"contentUrl\":\"https:\/\/www.sources-hotels.com\/bordeaux\/wp-content\/uploads\/sites\/3\/2025\/03\/logo-caudalie.png\",\"width\":696,\"height\":308,\"caption\":\"Les Sources de Caudalie\"},\"image\":{\"@id\":\"https:\/\/www.sources-hotels.com\/bordeaux\/de\/#\/schema\/logo\/image\/\"}}]}<\/script>\n<!-- \/ Yoast SEO plugin. -->","yoast_head_json":{"title":"Unsere Restaurants in Bordeaux | Les Sources de Caudalie","description":"Erleben Sie die feinen Aromen und edlen Weine der Restaurants der Sources de Caudalie in Bordeaux \u2013 ein Spiegel des Terroirs der Region, in einer einzigartigen und eleganten Atmosph\u00e4re.","robots":{"index":"index","follow":"follow","max-snippet":"max-snippet:-1","max-image-preview":"max-image-preview:large","max-video-preview":"max-video-preview:-1"},"canonical":"https:\/\/www.sources-hotels.com\/bordeaux\/de\/restaurants\/","og_locale":"de_DE","og_type":"article","og_title":"Unsere Restaurants in Bordeaux | Les Sources de Caudalie","og_description":"Erleben Sie die feinen Aromen und edlen Weine der Restaurants der Sources de Caudalie in Bordeaux \u2013 ein Spiegel des Terroirs der Region, in einer einzigartigen und eleganten Atmosph\u00e4re.","og_url":"https:\/\/www.sources-hotels.com\/bordeaux\/de\/restaurants\/","og_site_name":"Les Sources de Caudalie","article_modified_time":"2026-01-05T17:29:05+00:00","twitter_card":"summary_large_image","schema":{"@context":"https:\/\/schema.org","@graph":[{"@type":"WebPage","@id":"https:\/\/www.sources-hotels.com\/bordeaux\/de\/restaurants\/","url":"https:\/\/www.sources-hotels.com\/bordeaux\/de\/restaurants\/","name":"Unsere Restaurants in Bordeaux | Les Sources de Caudalie","isPartOf":{"@id":"https:\/\/www.sources-hotels.com\/bordeaux\/de\/#website"},"datePublished":"2024-12-30T13:17:22+00:00","dateModified":"2026-01-05T17:29:05+00:00","description":"Erleben Sie die feinen Aromen und edlen Weine der Restaurants der Sources de Caudalie in Bordeaux \u2013 ein Spiegel des Terroirs der Region, in einer einzigartigen und eleganten Atmosph\u00e4re.","breadcrumb":{"@id":"https:\/\/www.sources-hotels.com\/bordeaux\/de\/restaurants\/#breadcrumb"},"inLanguage":"de-DE","potentialAction":[{"@type":"ReadAction","target":["https:\/\/www.sources-hotels.com\/bordeaux\/de\/restaurants\/"]}]},{"@type":"BreadcrumbList","@id":"https:\/\/www.sources-hotels.com\/bordeaux\/de\/restaurants\/#breadcrumb","itemListElement":[{"@type":"ListItem","position":1,"name":"Accueil","item":"https:\/\/www.sources-hotels.com\/bordeaux\/de\/"},{"@type":"ListItem","position":2,"name":"Restaurants"}]},{"@type":"WebSite","@id":"https:\/\/www.sources-hotels.com\/bordeaux\/de\/#website","url":"https:\/\/www.sources-hotels.com\/bordeaux\/de\/","name":"Les Sources de Caudalie","description":"","publisher":{"@id":"https:\/\/www.sources-hotels.com\/bordeaux\/de\/#organization"},"potentialAction":[{"@type":"SearchAction","target":{"@type":"EntryPoint","urlTemplate":"https:\/\/www.sources-hotels.com\/bordeaux\/de\/?s={search_term_string}"},"query-input":{"@type":"PropertyValueSpecification","valueRequired":true,"valueName":"search_term_string"}}],"inLanguage":"de-DE"},{"@type":"Organization","@id":"https:\/\/www.sources-hotels.com\/bordeaux\/de\/#organization","name":"Les Sources de Caudalie","url":"https:\/\/www.sources-hotels.com\/bordeaux\/de\/","logo":{"@type":"ImageObject","inLanguage":"de-DE","@id":"https:\/\/www.sources-hotels.com\/bordeaux\/de\/#\/schema\/logo\/image\/","url":"https:\/\/www.sources-hotels.com\/bordeaux\/wp-content\/uploads\/sites\/3\/2025\/03\/logo-caudalie.png","contentUrl":"https:\/\/www.sources-hotels.com\/bordeaux\/wp-content\/uploads\/sites\/3\/2025\/03\/logo-caudalie.png","width":696,"height":308,"caption":"Les Sources de Caudalie"},"image":{"@id":"https:\/\/www.sources-hotels.com\/bordeaux\/de\/#\/schema\/logo\/image\/"}}]}},"_links":{"self":[{"href":"https:\/\/www.sources-hotels.com\/bordeaux\/de\/wp-json\/wp\/v2\/pages\/3789","targetHints":{"allow":["GET"]}}],"collection":[{"href":"https:\/\/www.sources-hotels.com\/bordeaux\/de\/wp-json\/wp\/v2\/pages"}],"about":[{"href":"https:\/\/www.sources-hotels.com\/bordeaux\/de\/wp-json\/wp\/v2\/types\/page"}],"author":[{"embeddable":true,"href":"https:\/\/www.sources-hotels.com\/bordeaux\/de\/wp-json\/wp\/v2\/users\/1"}],"replies":[{"embeddable":true,"href":"https:\/\/www.sources-hotels.com\/bordeaux\/de\/wp-json\/wp\/v2\/comments?post=3789"}],"version-history":[{"count":6,"href":"https:\/\/www.sources-hotels.com\/bordeaux\/de\/wp-json\/wp\/v2\/pages\/3789\/revisions"}],"predecessor-version":[{"id":6028,"href":"https:\/\/www.sources-hotels.com\/bordeaux\/de\/wp-json\/wp\/v2\/pages\/3789\/revisions\/6028"}],"wp:attachment":[{"href":"https:\/\/www.sources-hotels.com\/bordeaux\/de\/wp-json\/wp\/v2\/media?parent=3789"}],"wp:term":[{"taxonomy":"hotels","embeddable":true,"href":"https:\/\/www.sources-hotels.com\/bordeaux\/de\/wp-json\/wp\/v2\/hotels?post=3789"},{"taxonomy":"doc_cat","embeddable":true,"href":"https:\/\/www.sources-hotels.com\/bordeaux\/de\/wp-json\/wp\/v2\/doc_cat?post=3789"}],"curies":[{"name":"wp","href":"https:\/\/api.w.org\/{rel}","templated":true}]}}