{"id":3790,"date":"2024-12-30T17:26:41","date_gmt":"2024-12-30T16:26:41","guid":{"rendered":"https:\/\/www.sources-hotels.com\/bordeaux\/?page_id=3790"},"modified":"2026-04-24T12:28:50","modified_gmt":"2026-04-24T10:28:50","slug":"wellness","status":"publish","type":"page","link":"https:\/\/www.sources-hotels.com\/bordeaux\/de\/wellness\/","title":{"rendered":"Wellness"},"content":{"rendered":"\n<section class=\"custom-block block--header h-[206rem] text-center text-white overflow-hidden pt-[100rem] relative tablet:h-[700rem] tablet:pt-[420rem]\">\n\n    <h1>\n                    <span>\n                Unser            <\/span>\n                            Spa Vinoth\u00e9rapie            <\/h1>\n\n    \n    <span class=\"scroll-down hidden text-[12rem] tracking-[2rem] uppercase font-title cursor-pointer opacity-[64%] pb-[66rem] absolute left-2\/4 bottom-0 translate-x-[-50%] after:w-[1px] after:h-[50rem] after:bg-white after:opacity-[40%] after:absolute after:bottom-0 after:left-[50%] tablet:block\">\n        Mehr entdecken    <\/span>\n\n    <figure class=\"min-w-full min-h-full aspect-video overflow-hidden absolute top-2\/4 left-2\/4 translate-x-[-50%] translate-y-[-50%] z-[-1] before:bg-black before:opacity-[35%] before:mix-blend-multiply before:absolute before:top-0 before:left-0 before:right-0 before:bottom-0 before:z-[2]\">\n                    <img loading=\"lazy\" decoding=\"async\" width=\"2880\" height=\"1800\" src=\"https:\/\/www.sources-hotels.com\/bordeaux\/wp-content\/uploads\/sites\/3\/2025\/09\/SPA_Model_Add_On_Express_Facial-1-2880x1800.jpg\" class=\"h-full w-full object-cover object-center\" alt=\"spa vinotherapie Caudalie\" \/>            <\/figure>\n    \n<\/section>\n\n    \n\n\n<section class=\"custom-block block--restaurant-details\">\n  <div class=\"row-details row-1\">\n          <div class=\"hour icon-text\">\n        <svg width=\"20\" height=\"20\" viewBox=\"0 0 20 20\" fill=\"none\"><use xlink:href=\"#clock\"\/><\/svg><p>Zugang zu reservierten Behandlungen<\/p>\n      <\/div>\n              <div class=\"mail icon-text\">Informations : <a href=\"mailto:vino@caudalie.com\">vino@caudalie.com<\/a><\/div>\n    \n          <div class=\"phone icon-text\">T\u00e9l : <a href=\"tel:+33 (0)5 57 83 82 82\">+33 (0)5 57 83 82 82<\/a><\/div>\n      <\/div>\n      <div class=\"row-details row-2\">\n              <div class=\"link-details\">\n            <a href=\"https:\/\/www.sources-hotels.com\/bordeaux\/wp-content\/uploads\/sites\/3\/2025\/06\/Brochure-Spa-Les-Sources-de-Caudalie-EN.pdf\"  target=\"_blank\" class=\"cta-resto-details\" >\n          <span class=\"picto\"><svg width=\"14\" height=\"13\" viewBox=\"0 0 14 13\" fill=\"none\"><use xlink:href=\"#download\"\/><\/svg><\/span>\n        Behandlungskarte (auf Englisch)  <\/a>\n        <\/div>\n          <\/div>\n  <\/section>\n\n\n<section class=\"custom-block block--title-introduction text-center tablet:!pb-[60rem]\">\n\n            <h2 class=\"block-title\">Spa Vinoth\u00e9rapie<\/h2>\n    \n    <div class=\"tablet:w-[970rem] tablet:inline-block\">\n        <p style=\"text-align: left\">Willkommen im weltweit ersten Spa Vinoth\u00e9rapie \u2013 ein wahrhaft traumhafter Ort, fernab von L\u00e4rm und Alltag, mit Blick auf endlose Weinberge. Das au\u00dfergew\u00f6hnliche Spa befindet sich im Palace Les Sources de Caudalie, eingebettet in die Weinberge des ber\u00fchmten Ch\u00e2teau Smith Haut Lafitte im Bordeaux.<\/p>\n<p>&nbsp;<\/p>\n<p style=\"text-align: left\">In dieser Oase der Natur und Gelassenheit werden die Sinne verw\u00f6hnt, der K\u00f6rper entspannt und die Seele neu belebt.<br \/>\nJede Behandlung \u2013 exklusiv von Caudalie \u2013 nutzt die Kraft der Rebe und schenkt ein tiefes Gef\u00fchl der Erneuerung.<\/p>\n    <\/div>\n\n<\/section>\n\n\n\n<section class=\"custom-block block--cooking-classes bg-white\">\n\n    \n    <div class=\"content-wrapper picture-left\">\n\n        <div class=\"text\">\n\n                            <h4 class=\"subtitle\">Ein Ort der Entspannung und des Wohlbefindens<\/h4>\n            \n                            <div class=\"content rte\">\n                    <p><span style=\"font-weight: 400\">W\u00e4hrend Ihres Pflegeaufenthalts \u2013 ob f\u00fcr einen halben oder ganzen Tag \u2013 haben Sie Zugang zu unserem Hammam, dem Innen-Whirlpool, den Ruher\u00e4umen sowie zu unserem Thermalbad. <\/span><\/p>\n<p>Dort genie\u00dfen Sie ein Bad in Wasser, das direkt aus einer 540\u202fMeter tiefen hei\u00dfen Quelle stammt und mit Weinreben- und Traubenextrakten angereichert ist. Tauchen Sie ein in einen lichtdurchfluteten Ort, der vollst\u00e4ndig aus rotem Zedernholz, Douglasienholz und Burgunderstein erbaut wurde. Inspiriert von den alten Tabaktrocknern im S\u00fcdwesten Frankreichs, f\u00fcgt sich dieser Raum auf zauberhafte Weise in die umgebende Natur ein.<\/p>\n                <\/div>\n            \n            \n                            <div class=\"legend\">\n                    <p style=\"text-align: left\"><em>Um h\u00f6chsten Komfort zu garantieren, sind unsere Spa-Einrichtungen ausschlie\u00dflich mit einer gebuchten Behandlung zug\u00e4nglich. Die Behandlungen sind G\u00e4sten ab 16 Jahren vorbehalten. <\/em><\/p>\n<p style=\"text-align: left\"><em>Zum Schutz der Ruhe und Gelassenheit des Ortes sind Tiere im Spa nicht erlaubt. <\/em><\/p>\n                <\/div>\n            \n            \n            \n        <\/div>\n        <div class=\"relative\">\n            <figure class=\"image\">\n                <img loading=\"lazy\" decoding=\"async\" width=\"1260\" height=\"1000\" src=\"https:\/\/www.sources-hotels.com\/bordeaux\/wp-content\/uploads\/sites\/3\/2025\/09\/SPA_Model_Add_On_Caudalift-1260x1000.jpg\" class=\"h-full w-full object-cover object-center\" alt=\"soins Spa Caudalie\" \/>            <\/figure>\n                    <\/div>\n    <\/div>\n\n<\/section>\n\n\n<section class=\"custom-block block--cooking-classes bg-primary\">\n\n            <h2 class=\"block-title\">Die Vinoth\u00e9rapie<\/h2>\n    \n    <div class=\"content-wrapper picture-right\">\n\n        <div class=\"text\">\n\n                            <h4 class=\"subtitle\">Die Kraft der Traube im Mittelpunkt der Pfleg<\/h4>\n            \n                            <div class=\"content rte\">\n                    <p>Die Vinoth\u00e9rapie vereint die Sch\u00e4tze der Weinrebe mit der Expertise unserer Vinotherapeuten, um weltweit einzigartige Gesichts- und K\u00f6rperbehandlungen zu bieten.<\/p>\n<p>Dank der Caudalie-Formulierungen, reich an antioxidativen und anti-age Wirkstoffen, wird jedes Ritual zu einem Moment vollkommener Sch\u00f6nheit \u2013 die Haut gewinnt an Ausstrahlung, Festigkeit und Vitalit\u00e4t.<\/p>\n<p>Unsere Behandlungen und Rituale verbinden patentierte Innovationen aus der Weinrebe mit modernsten Techniken \u2013 f\u00fcr eine sichtbar sch\u00f6nere, ges\u00fcndere und nachhaltig verwandelte Haut.<\/p>\n                <\/div>\n            \n            \n            \n            \n                            <div class=\"cta-wrapper\">\n                      <a href=\"https:\/\/www.sources-hotels.com\/bordeaux\/wp-content\/uploads\/sites\/3\/2025\/06\/Brochure-Spa-Les-Sources-de-Caudalie-EN.pdf\"  target=\"_blank\" class=\"button\" >\n        Behandlungskarte (auf Englisch)  <\/a>\n                <\/div>\n            \n        <\/div>\n        <div class=\"relative\">\n            <figure class=\"image\">\n                <img loading=\"lazy\" decoding=\"async\" width=\"1260\" height=\"1000\" src=\"https:\/\/www.sources-hotels.com\/bordeaux\/wp-content\/uploads\/sites\/3\/2025\/01\/5403-BARREL-BATH_3-e1736519038854-1260x1000.jpg\" class=\"h-full w-full object-cover object-center\" alt=\"\" \/>            <\/figure>\n                    <\/div>\n    <\/div>\n\n<\/section>","protected":false},"excerpt":{"rendered":"","protected":false},"author":1,"featured_media":0,"parent":0,"menu_order":0,"comment_status":"closed","ping_status":"closed","template":"","meta":{"_acf_changed":false,"footnotes":""},"hotels":[],"doc_cat":[],"class_list":["post-3790","page","type-page","status-publish","hentry"],"acf":[],"yoast_head":"<!-- This site is optimized with the Yoast SEO plugin v25.6 - https:\/\/yoast.com\/wordpress\/plugins\/seo\/ -->\n<title>Vinotherapie-Spa | Spa in Bordeaux | Les Sources de Caudalie<\/title>\n<meta name=\"description\" content=\"Entdecken Sie das Vinotherapie-Spa und genie\u00dfen Sie exklusive Behandlungen mit Caudalie-Produkten \u2013 bekannt f\u00fcr ihre antioxidativen und Anti-Aging-Eigenschaften \u2013 in einem luxuri\u00f6sen und ruhigen Ambiente.\" \/>\n<meta name=\"robots\" content=\"index, follow, max-snippet:-1, max-image-preview:large, max-video-preview:-1\" \/>\n<link rel=\"canonical\" href=\"https:\/\/www.sources-hotels.com\/bordeaux\/de\/wellness\/\" \/>\n<meta property=\"og:locale\" content=\"de_DE\" \/>\n<meta property=\"og:type\" content=\"article\" \/>\n<meta property=\"og:title\" content=\"Vinotherapie-Spa | Spa in Bordeaux | Les Sources de Caudalie\" \/>\n<meta property=\"og:description\" content=\"Entdecken Sie das Vinotherapie-Spa und genie\u00dfen Sie exklusive Behandlungen mit Caudalie-Produkten \u2013 bekannt f\u00fcr ihre antioxidativen und Anti-Aging-Eigenschaften \u2013 in einem luxuri\u00f6sen und ruhigen Ambiente.\" \/>\n<meta property=\"og:url\" content=\"https:\/\/www.sources-hotels.com\/bordeaux\/de\/wellness\/\" \/>\n<meta property=\"og:site_name\" content=\"Les Sources de Caudalie\" \/>\n<meta property=\"article:modified_time\" content=\"2026-04-24T10:28:50+00:00\" \/>\n<meta name=\"twitter:card\" content=\"summary_large_image\" \/>\n<script type=\"application\/ld+json\" class=\"yoast-schema-graph\">{\"@context\":\"https:\/\/schema.org\",\"@graph\":[{\"@type\":\"WebPage\",\"@id\":\"https:\/\/www.sources-hotels.com\/bordeaux\/de\/wellness\/\",\"url\":\"https:\/\/www.sources-hotels.com\/bordeaux\/de\/wellness\/\",\"name\":\"Vinotherapie-Spa | Spa in Bordeaux | Les Sources de Caudalie\",\"isPartOf\":{\"@id\":\"https:\/\/www.sources-hotels.com\/bordeaux\/de\/#website\"},\"datePublished\":\"2024-12-30T16:26:41+00:00\",\"dateModified\":\"2026-04-24T10:28:50+00:00\",\"description\":\"Entdecken Sie das Vinotherapie-Spa und genie\u00dfen Sie exklusive Behandlungen mit Caudalie-Produkten \u2013 bekannt f\u00fcr ihre antioxidativen und Anti-Aging-Eigenschaften \u2013 in einem luxuri\u00f6sen und ruhigen Ambiente.\",\"breadcrumb\":{\"@id\":\"https:\/\/www.sources-hotels.com\/bordeaux\/de\/wellness\/#breadcrumb\"},\"inLanguage\":\"de-DE\",\"potentialAction\":[{\"@type\":\"ReadAction\",\"target\":[\"https:\/\/www.sources-hotels.com\/bordeaux\/de\/wellness\/\"]}]},{\"@type\":\"BreadcrumbList\",\"@id\":\"https:\/\/www.sources-hotels.com\/bordeaux\/de\/wellness\/#breadcrumb\",\"itemListElement\":[{\"@type\":\"ListItem\",\"position\":1,\"name\":\"Accueil\",\"item\":\"https:\/\/www.sources-hotels.com\/bordeaux\/de\/\"},{\"@type\":\"ListItem\",\"position\":2,\"name\":\"Wellness\"}]},{\"@type\":\"WebSite\",\"@id\":\"https:\/\/www.sources-hotels.com\/bordeaux\/de\/#website\",\"url\":\"https:\/\/www.sources-hotels.com\/bordeaux\/de\/\",\"name\":\"Les Sources de Caudalie\",\"description\":\"\",\"publisher\":{\"@id\":\"https:\/\/www.sources-hotels.com\/bordeaux\/de\/#organization\"},\"potentialAction\":[{\"@type\":\"SearchAction\",\"target\":{\"@type\":\"EntryPoint\",\"urlTemplate\":\"https:\/\/www.sources-hotels.com\/bordeaux\/de\/?s={search_term_string}\"},\"query-input\":{\"@type\":\"PropertyValueSpecification\",\"valueRequired\":true,\"valueName\":\"search_term_string\"}}],\"inLanguage\":\"de-DE\"},{\"@type\":\"Organization\",\"@id\":\"https:\/\/www.sources-hotels.com\/bordeaux\/de\/#organization\",\"name\":\"Les Sources de Caudalie\",\"url\":\"https:\/\/www.sources-hotels.com\/bordeaux\/de\/\",\"logo\":{\"@type\":\"ImageObject\",\"inLanguage\":\"de-DE\",\"@id\":\"https:\/\/www.sources-hotels.com\/bordeaux\/de\/#\/schema\/logo\/image\/\",\"url\":\"https:\/\/www.sources-hotels.com\/bordeaux\/wp-content\/uploads\/sites\/3\/2025\/03\/logo-caudalie.png\",\"contentUrl\":\"https:\/\/www.sources-hotels.com\/bordeaux\/wp-content\/uploads\/sites\/3\/2025\/03\/logo-caudalie.png\",\"width\":696,\"height\":308,\"caption\":\"Les Sources de Caudalie\"},\"image\":{\"@id\":\"https:\/\/www.sources-hotels.com\/bordeaux\/de\/#\/schema\/logo\/image\/\"}}]}<\/script>\n<!-- \/ Yoast SEO plugin. -->","yoast_head_json":{"title":"Vinotherapie-Spa | Spa in Bordeaux | Les Sources de Caudalie","description":"Entdecken Sie das Vinotherapie-Spa und genie\u00dfen Sie exklusive Behandlungen mit Caudalie-Produkten \u2013 bekannt f\u00fcr ihre antioxidativen und Anti-Aging-Eigenschaften \u2013 in einem luxuri\u00f6sen und ruhigen Ambiente.","robots":{"index":"index","follow":"follow","max-snippet":"max-snippet:-1","max-image-preview":"max-image-preview:large","max-video-preview":"max-video-preview:-1"},"canonical":"https:\/\/www.sources-hotels.com\/bordeaux\/de\/wellness\/","og_locale":"de_DE","og_type":"article","og_title":"Vinotherapie-Spa | Spa in Bordeaux | Les Sources de Caudalie","og_description":"Entdecken Sie das Vinotherapie-Spa und genie\u00dfen Sie exklusive Behandlungen mit Caudalie-Produkten \u2013 bekannt f\u00fcr ihre antioxidativen und Anti-Aging-Eigenschaften \u2013 in einem luxuri\u00f6sen und ruhigen Ambiente.","og_url":"https:\/\/www.sources-hotels.com\/bordeaux\/de\/wellness\/","og_site_name":"Les Sources de Caudalie","article_modified_time":"2026-04-24T10:28:50+00:00","twitter_card":"summary_large_image","schema":{"@context":"https:\/\/schema.org","@graph":[{"@type":"WebPage","@id":"https:\/\/www.sources-hotels.com\/bordeaux\/de\/wellness\/","url":"https:\/\/www.sources-hotels.com\/bordeaux\/de\/wellness\/","name":"Vinotherapie-Spa | Spa in Bordeaux | Les Sources de Caudalie","isPartOf":{"@id":"https:\/\/www.sources-hotels.com\/bordeaux\/de\/#website"},"datePublished":"2024-12-30T16:26:41+00:00","dateModified":"2026-04-24T10:28:50+00:00","description":"Entdecken Sie das Vinotherapie-Spa und genie\u00dfen Sie exklusive Behandlungen mit Caudalie-Produkten \u2013 bekannt f\u00fcr ihre antioxidativen und Anti-Aging-Eigenschaften \u2013 in einem luxuri\u00f6sen und ruhigen Ambiente.","breadcrumb":{"@id":"https:\/\/www.sources-hotels.com\/bordeaux\/de\/wellness\/#breadcrumb"},"inLanguage":"de-DE","potentialAction":[{"@type":"ReadAction","target":["https:\/\/www.sources-hotels.com\/bordeaux\/de\/wellness\/"]}]},{"@type":"BreadcrumbList","@id":"https:\/\/www.sources-hotels.com\/bordeaux\/de\/wellness\/#breadcrumb","itemListElement":[{"@type":"ListItem","position":1,"name":"Accueil","item":"https:\/\/www.sources-hotels.com\/bordeaux\/de\/"},{"@type":"ListItem","position":2,"name":"Wellness"}]},{"@type":"WebSite","@id":"https:\/\/www.sources-hotels.com\/bordeaux\/de\/#website","url":"https:\/\/www.sources-hotels.com\/bordeaux\/de\/","name":"Les Sources de Caudalie","description":"","publisher":{"@id":"https:\/\/www.sources-hotels.com\/bordeaux\/de\/#organization"},"potentialAction":[{"@type":"SearchAction","target":{"@type":"EntryPoint","urlTemplate":"https:\/\/www.sources-hotels.com\/bordeaux\/de\/?s={search_term_string}"},"query-input":{"@type":"PropertyValueSpecification","valueRequired":true,"valueName":"search_term_string"}}],"inLanguage":"de-DE"},{"@type":"Organization","@id":"https:\/\/www.sources-hotels.com\/bordeaux\/de\/#organization","name":"Les Sources de Caudalie","url":"https:\/\/www.sources-hotels.com\/bordeaux\/de\/","logo":{"@type":"ImageObject","inLanguage":"de-DE","@id":"https:\/\/www.sources-hotels.com\/bordeaux\/de\/#\/schema\/logo\/image\/","url":"https:\/\/www.sources-hotels.com\/bordeaux\/wp-content\/uploads\/sites\/3\/2025\/03\/logo-caudalie.png","contentUrl":"https:\/\/www.sources-hotels.com\/bordeaux\/wp-content\/uploads\/sites\/3\/2025\/03\/logo-caudalie.png","width":696,"height":308,"caption":"Les Sources de Caudalie"},"image":{"@id":"https:\/\/www.sources-hotels.com\/bordeaux\/de\/#\/schema\/logo\/image\/"}}]}},"_links":{"self":[{"href":"https:\/\/www.sources-hotels.com\/bordeaux\/de\/wp-json\/wp\/v2\/pages\/3790","targetHints":{"allow":["GET"]}}],"collection":[{"href":"https:\/\/www.sources-hotels.com\/bordeaux\/de\/wp-json\/wp\/v2\/pages"}],"about":[{"href":"https:\/\/www.sources-hotels.com\/bordeaux\/de\/wp-json\/wp\/v2\/types\/page"}],"author":[{"embeddable":true,"href":"https:\/\/www.sources-hotels.com\/bordeaux\/de\/wp-json\/wp\/v2\/users\/1"}],"replies":[{"embeddable":true,"href":"https:\/\/www.sources-hotels.com\/bordeaux\/de\/wp-json\/wp\/v2\/comments?post=3790"}],"version-history":[{"count":10,"href":"https:\/\/www.sources-hotels.com\/bordeaux\/de\/wp-json\/wp\/v2\/pages\/3790\/revisions"}],"predecessor-version":[{"id":6483,"href":"https:\/\/www.sources-hotels.com\/bordeaux\/de\/wp-json\/wp\/v2\/pages\/3790\/revisions\/6483"}],"wp:attachment":[{"href":"https:\/\/www.sources-hotels.com\/bordeaux\/de\/wp-json\/wp\/v2\/media?parent=3790"}],"wp:term":[{"taxonomy":"hotels","embeddable":true,"href":"https:\/\/www.sources-hotels.com\/bordeaux\/de\/wp-json\/wp\/v2\/hotels?post=3790"},{"taxonomy":"doc_cat","embeddable":true,"href":"https:\/\/www.sources-hotels.com\/bordeaux\/de\/wp-json\/wp\/v2\/doc_cat?post=3790"}],"curies":[{"name":"wp","href":"https:\/\/api.w.org\/{rel}","templated":true}]}}