{"id":3946,"date":"2024-12-30T09:32:14","date_gmt":"2024-12-30T08:32:14","guid":{"rendered":"https:\/\/www.sources-hotels.com\/bordeaux\/?page_id=3946"},"modified":"2025-05-21T10:25:29","modified_gmt":"2025-05-21T08:25:29","slug":"zimmer-suiten","status":"publish","type":"page","link":"https:\/\/www.sources-hotels.com\/bordeaux\/de\/zimmer-suiten\/","title":{"rendered":"Zimmer &amp; Suiten"},"content":{"rendered":"\n<section class=\"custom-block block--header aspect-[375\/700] text-center text-white overflow-hidden pt-[100rem] relative tablet:aspect-auto tablet:h-[700rem] tablet:pt-[420rem]\">\n\n    <h1>\n                    <span>\n                Unsere            <\/span>\n                            ZIMMER &amp; SUITES            <\/h1>\n\n    \n    <span class=\"scroll-down hidden text-[12rem] tracking-[2rem] uppercase font-title cursor-pointer opacity-[64%] pb-[66rem] absolute left-2\/4 bottom-0 translate-x-[-50%] after:w-[1px] after:h-[50rem] after:bg-white after:opacity-[40%] after:absolute after:bottom-0 after:left-[50%] tablet:block\">\n        Mehr entdecken    <\/span>\n\n    <figure class=\"min-w-full min-h-full aspect-video overflow-hidden absolute top-2\/4 left-2\/4 translate-x-[-50%] translate-y-[-50%] z-[-1] before:bg-black before:opacity-[35%] before:mix-blend-multiply before:absolute before:top-0 before:left-0 before:right-0 before:bottom-0 before:z-[2]\">\n                    <img loading=\"lazy\" decoding=\"async\" width=\"2880\" height=\"1800\" src=\"https:\/\/www.sources-hotels.com\/bordeaux\/wp-content\/uploads\/sites\/3\/2025\/02\/Suite-Signature-59-c-Its-Henriette-6_11zon-e1744722214815-2880x1800.jpg\" class=\"h-full w-full object-cover object-center\" alt=\"\" \/>            <\/figure>\n\n        \n<\/section>\n\n    \n\n\n<section class=\"custom-block block--title-introduction text-center tablet:!pb-[60rem]\">\n\n            <h2 class=\"block-title\">Im Herzen der Weinberge des Bordelais \u00fcbernachten<\/h2>\n    \n    <div class=\"tablet:w-[970rem] tablet:inline-block\">\n        <p>Les Sources de Caudalie bietet 62 Zimmer und Suiten, die zu einer Reise durch die Region Aquitanien einladen \u2013 verteilt auf sechs H\u00e4user, die von der regionalen Architektur inspiriert sind. <\/p>\n<p>Eine gute Reise durch die Weinreben\u2026 <\/p>\n    <\/div>\n\n<\/section>\n\n\n\n<section class=\"custom-block block--room container mx-auto\">\n\n  <div class=\"content gallery-left\">\n\n    <div class=\"text\">\n\n              <h2 class=\"title\">Zimmer &amp; Junior Suites<\/h2>\n      \n      \n      <div class=\"description rte\">\n        <p><span style=\"font-weight: 400\">Unsere Confort-Zimmer, Prestige-Zimmer und Junior Suiten zeichnen sich jeweils durch eine individuelle und einzigartige Einrichtung aus \u2013 ein Versprechen f\u00fcr eine Reise in eine Region mit starkem Charakter. <\/span><\/p>\n<p>Sorgf\u00e4ltig ausgew\u00e4hlte Vintage-M\u00f6bel, eine zeitlose Gestaltung mit hochwertigen Materialien sowie stimmungsvolle Leuchten pr\u00e4gen das Interieur.<\/p>\n<p>Jeder Winkel wurde mit Bedacht gestaltet, um die Vorstellung einer neuen Reise zu wecken.<\/p>\n      <\/div>\n\n              <div class=\"ctas\">\n                        <a href=\"https:\/\/www.sources-hotels.com\/bordeaux\/de\/zimmer-suiten\/zimmer-junior-suiten\/\"  class=\"button cta1\" >\n        Weitere Details  <\/a>\n                                <button class=\"button cta2 dedge-open\" >Buchen<\/button>\n                  <\/div>\n      \n    <\/div>\n\n    <div class=\"slider\">\n              <div class=\"image\">\n          <figure>\n            <img loading=\"lazy\" decoding=\"async\" width=\"1260\" height=\"1600\" src=\"https:\/\/www.sources-hotels.com\/bordeaux\/wp-content\/uploads\/sites\/3\/2024\/12\/LE4DDC_1-1260x1600.jpg\" class=\"w-full object-cover object-center\" alt=\"\" \/>          <\/figure>\n        <\/div>\n              <div class=\"image\">\n          <figure>\n            <img loading=\"lazy\" decoding=\"async\" width=\"1260\" height=\"1600\" src=\"https:\/\/www.sources-hotels.com\/bordeaux\/wp-content\/uploads\/sites\/3\/2024\/12\/LE23D3_1-1-1260x1600.jpg\" class=\"w-full object-cover object-center\" alt=\"\" \/>          <\/figure>\n        <\/div>\n              <div class=\"image\">\n          <figure>\n            <img loading=\"lazy\" decoding=\"async\" width=\"1260\" height=\"1600\" src=\"https:\/\/www.sources-hotels.com\/bordeaux\/wp-content\/uploads\/sites\/3\/2024\/12\/LEF684_1-2-1260x1600.jpg\" class=\"w-full object-cover object-center\" alt=\"\" \/>          <\/figure>\n        <\/div>\n              <div class=\"image\">\n          <figure>\n            <img loading=\"lazy\" decoding=\"async\" width=\"1260\" height=\"1600\" src=\"https:\/\/www.sources-hotels.com\/bordeaux\/wp-content\/uploads\/sites\/3\/2024\/12\/SOURCE_4-4-1260x1600.jpg\" class=\"w-full object-cover object-center\" alt=\"\" \/>          <\/figure>\n        <\/div>\n              <div class=\"image\">\n          <figure>\n            <img loading=\"lazy\" decoding=\"async\" width=\"1170\" height=\"1600\" src=\"https:\/\/www.sources-hotels.com\/bordeaux\/wp-content\/uploads\/sites\/3\/2025\/04\/21-@aydahadi_1-1170x1600.jpeg\" class=\"w-full object-cover object-center\" alt=\"\" \/>          <\/figure>\n        <\/div>\n              <div class=\"image\">\n          <figure>\n            <img loading=\"lazy\" decoding=\"async\" width=\"689\" height=\"1034\" src=\"https:\/\/www.sources-hotels.com\/bordeaux\/wp-content\/uploads\/sites\/3\/2025\/04\/SourcesDeCaudalie_Ch17_LesEpices_\u00a9MPMorel_2022-6.jpg\" class=\"w-full object-cover object-center\" alt=\"\" srcset=\"https:\/\/www.sources-hotels.com\/bordeaux\/wp-content\/uploads\/sites\/3\/2025\/04\/SourcesDeCaudalie_Ch17_LesEpices_\u00a9MPMorel_2022-6.jpg 689w, https:\/\/www.sources-hotels.com\/bordeaux\/wp-content\/uploads\/sites\/3\/2025\/04\/SourcesDeCaudalie_Ch17_LesEpices_\u00a9MPMorel_2022-6-200x300.jpg 200w, https:\/\/www.sources-hotels.com\/bordeaux\/wp-content\/uploads\/sites\/3\/2025\/04\/SourcesDeCaudalie_Ch17_LesEpices_\u00a9MPMorel_2022-6-682x1024.jpg 682w\" sizes=\"auto, (max-width: 689px) 100vw, 689px\" \/>          <\/figure>\n        <\/div>\n              <div class=\"image\">\n          <figure>\n            <img loading=\"lazy\" decoding=\"async\" width=\"689\" height=\"1034\" src=\"https:\/\/www.sources-hotels.com\/bordeaux\/wp-content\/uploads\/sites\/3\/2025\/04\/SourcesDeCaudalie_Ch7_LesVignerons_\u00a9MPMorel_2022-9.jpg\" class=\"w-full object-cover object-center\" alt=\"\" srcset=\"https:\/\/www.sources-hotels.com\/bordeaux\/wp-content\/uploads\/sites\/3\/2025\/04\/SourcesDeCaudalie_Ch7_LesVignerons_\u00a9MPMorel_2022-9.jpg 689w, https:\/\/www.sources-hotels.com\/bordeaux\/wp-content\/uploads\/sites\/3\/2025\/04\/SourcesDeCaudalie_Ch7_LesVignerons_\u00a9MPMorel_2022-9-200x300.jpg 200w, https:\/\/www.sources-hotels.com\/bordeaux\/wp-content\/uploads\/sites\/3\/2025\/04\/SourcesDeCaudalie_Ch7_LesVignerons_\u00a9MPMorel_2022-9-682x1024.jpg 682w\" sizes=\"auto, (max-width: 689px) 100vw, 689px\" \/>          <\/figure>\n        <\/div>\n          <\/div>\n  <\/div>\n<\/section>\n\n\n\n\n<section class=\"custom-block block--room container mx-auto\">\n\n  <div class=\"content gallery-right\">\n\n    <div class=\"text\">\n\n              <h2 class=\"title\">Prestige- &amp; Signature-Suiten<\/h2>\n      \n      \n      <div class=\"description rte\">\n        <p><span style=\"font-weight: 400\">Unsere Prestige- und Signature-Suiten sind wahre Oasen der Ruhe und bieten gro\u00dfz\u00fcgigen Raum f\u00fcr 3 Erwachsene oder 2 Erwachsene mit 2 Kindern \u2013 jeweils mit Balkon oder Terrasse. <\/span><\/p>\n<p>K\u00fcrzlich renoviert, zeichnen sie sich durch ihren einzigartigen Charakter aus, in dem sich Holz, Ziegelstein und edle Materialien harmonisch verbinden. Jede Suite entfaltet eine eigene Welt und eine besondere Atmosph\u00e4re, die man bis ins kleinste Detail entdecken m\u00f6chte.<\/p>\n      <\/div>\n\n              <div class=\"ctas\">\n                        <a href=\"https:\/\/www.sources-hotels.com\/bordeaux\/de\/zimmer-suiten\/prestige-signature-suiten\/\"  class=\"button cta1\" >\n        Weitere Details  <\/a>\n                                <button class=\"button cta2 dedge-open\" >Buchen<\/button>\n                  <\/div>\n      \n    <\/div>\n\n    <div class=\"slider\">\n              <div class=\"image\">\n          <figure>\n            <img loading=\"lazy\" decoding=\"async\" width=\"1260\" height=\"1600\" src=\"https:\/\/www.sources-hotels.com\/bordeaux\/wp-content\/uploads\/sites\/3\/2025\/04\/SU07831-1260x1600.jpg\" class=\"w-full object-cover object-center\" alt=\"\" \/>          <\/figure>\n        <\/div>\n              <div class=\"image\">\n          <figure>\n            <img loading=\"lazy\" decoding=\"async\" width=\"1260\" height=\"1600\" src=\"https:\/\/www.sources-hotels.com\/bordeaux\/wp-content\/uploads\/sites\/3\/2025\/04\/LesSourcesDeCaudalie_042025_23_\u252c\u00aenarophoto_web-1260x1600.jpg\" class=\"w-full object-cover object-center\" alt=\"\" \/>          <\/figure>\n        <\/div>\n              <div class=\"image\">\n          <figure>\n            <img loading=\"lazy\" decoding=\"async\" width=\"1260\" height=\"1600\" src=\"https:\/\/www.sources-hotels.com\/bordeaux\/wp-content\/uploads\/sites\/3\/2025\/04\/SUITES2-1260x1600.jpg\" class=\"w-full object-cover object-center\" alt=\"\" \/>          <\/figure>\n        <\/div>\n              <div class=\"image\">\n          <figure>\n            <img loading=\"lazy\" decoding=\"async\" width=\"1260\" height=\"1600\" src=\"https:\/\/www.sources-hotels.com\/bordeaux\/wp-content\/uploads\/sites\/3\/2025\/04\/LesSourcesDeCaudalie_042025_03_\u252c\u00aenarophoto_web-e1744733201685-1260x1600.jpg\" class=\"w-full object-cover object-center\" alt=\"\" \/>          <\/figure>\n        <\/div>\n              <div class=\"image\">\n          <figure>\n            <img loading=\"lazy\" decoding=\"async\" width=\"1260\" height=\"1600\" src=\"https:\/\/www.sources-hotels.com\/bordeaux\/wp-content\/uploads\/sites\/3\/2025\/04\/IAO-matin-brume_GdeLaubier_2014-3-1965-x-2953-1260x1600.jpg\" class=\"w-full object-cover object-center\" alt=\"\" \/>          <\/figure>\n        <\/div>\n          <\/div>\n  <\/div>\n<\/section>\n\n\n\n\n<section class=\"custom-block block--room container mx-auto\">\n\n  <div class=\"content gallery-left\">\n\n    <div class=\"text\">\n\n              <h2 class=\"title\">Die Wohnung &#8220;Au C\u0153ur des Sources&#8221;<\/h2>\n      \n      \n      <div class=\"description rte\">\n        <p>Mit Blick auf den See und die Weinberge verspricht diese Wohnung ein einzigartiges Eintauchen in die Welt der Sources de Caudalie.<\/p>\n<p>Die Einrichtung, ganz im klassischen, eleganten Stil des Hauses, l\u00e4dt zu einem Aufenthalt in heller Atmosph\u00e4re und unvergleichlichem Komfort ein.<\/p>\n<p>Mit einem privaten Zugang \u00fcber die Hotelg\u00e4rten wird die Wohnung als Ganzes vermietet \u2013 ideal f\u00fcr Familien mit bis zu 6 Personen.<\/p>\n      <\/div>\n\n              <div class=\"ctas\">\n                        <a href=\"https:\/\/www.sources-hotels.com\/bordeaux\/de\/zimmer-suiten\/apartment\/\"  class=\"button cta1\" >\n        Weitere Details  <\/a>\n                                <button class=\"button cta2 dedge-open\" >Buchen<\/button>\n                  <\/div>\n      \n    <\/div>\n\n    <div class=\"slider\">\n              <div class=\"image\">\n          <figure>\n            <img loading=\"lazy\" decoding=\"async\" width=\"1260\" height=\"1558\" src=\"https:\/\/www.sources-hotels.com\/bordeaux\/wp-content\/uploads\/sites\/3\/2025\/04\/LesSourcesDeCaudalie_042025_29_\u252c\u00aenarophoto_web-e1744623954171-1260x1558.jpg\" class=\"w-full object-cover object-center\" alt=\"\" \/>          <\/figure>\n        <\/div>\n              <div class=\"image\">\n          <figure>\n            <img loading=\"lazy\" decoding=\"async\" width=\"1260\" height=\"1565\" src=\"https:\/\/www.sources-hotels.com\/bordeaux\/wp-content\/uploads\/sites\/3\/2025\/04\/LesSourcesDeCaudalie_042025_33_\u252c\u00aenarophoto_web-e1744624345769-1260x1565.jpg\" class=\"w-full object-cover object-center\" alt=\"\" \/>          <\/figure>\n        <\/div>\n              <div class=\"image\">\n          <figure>\n            <img loading=\"lazy\" decoding=\"async\" width=\"1260\" height=\"1600\" src=\"https:\/\/www.sources-hotels.com\/bordeaux\/wp-content\/uploads\/sites\/3\/2025\/04\/LesSourcesDeCaudalie_042025_38_\u252c\u00aenarophoto_web-1260x1600.jpg\" class=\"w-full object-cover object-center\" alt=\"\" \/>          <\/figure>\n        <\/div>\n              <div class=\"image\">\n          <figure>\n            <img loading=\"lazy\" decoding=\"async\" width=\"1260\" height=\"1600\" src=\"https:\/\/www.sources-hotels.com\/bordeaux\/wp-content\/uploads\/sites\/3\/2025\/04\/LesSourcesDeCaudalie_042025_25_\u252c\u00aenarophoto_web-1260x1600.jpg\" class=\"w-full object-cover object-center\" alt=\"\" \/>          <\/figure>\n        <\/div>\n              <div class=\"image\">\n          <figure>\n            <img loading=\"lazy\" decoding=\"async\" width=\"1260\" height=\"1490\" src=\"https:\/\/www.sources-hotels.com\/bordeaux\/wp-content\/uploads\/sites\/3\/2025\/04\/LesSourcesDeCaudalie_042025_27_\u252c\u00aenarophoto_web-e1744623771585-1260x1490.jpg\" class=\"w-full object-cover object-center\" alt=\"\" \/>          <\/figure>\n        <\/div>\n              <div class=\"image\">\n          <figure>\n            <img loading=\"lazy\" decoding=\"async\" width=\"1260\" height=\"1600\" src=\"https:\/\/www.sources-hotels.com\/bordeaux\/wp-content\/uploads\/sites\/3\/2025\/04\/LesSourcesDeCaudalie_042025_44_\u252c\u00aenarophoto_web-e1744623852565-1260x1600.jpg\" class=\"w-full object-cover object-center\" alt=\"\" \/>          <\/figure>\n        <\/div>\n          <\/div>\n  <\/div>\n<\/section>\n\n\n\n\n<section class=\"custom-block block--room container mx-auto\">\n\n  <div class=\"content gallery-right\">\n\n    <div class=\"text\">\n\n              <h2 class=\"title\">Die Chartreuse des Ch\u00e2teau Le Thil<\/h2>\n      \n      \n      <div class=\"description rte\">\n        <p>Nur 1,5 km von Les Sources de Caudalie entfernt, l\u00e4dt Sie dieser au\u00dfergew\u00f6hnliche Ort mit seiner besonderen Atmosph\u00e4re ein \u2013 mit neun Zimmern, zwei Suiten und eleganten Empfangsr\u00e4umen. <\/p>\n<p>Ein Aufenthalt inmitten der Natur, im Herzen eines jahrhundertealten Parks. <\/p>\n<p>W\u00e4hrend Ihres Aufenthalts genie\u00dfen Sie alle Annehmlichkeiten und Einrichtungen des Hotels \u2013 und zugleich die Ruhe des Waldes. <\/p>\n      <\/div>\n\n              <div class=\"ctas\">\n                        <a href=\"https:\/\/www.sources-hotels.com\/bordeaux\/de\/zimmer-suiten\/chartreuse-du-thil\/\"  class=\"button cta1\" >\n        Weitere Details  <\/a>\n                                <button class=\"button cta2 dedge-open\" >Buchen<\/button>\n                  <\/div>\n      \n    <\/div>\n\n    <div class=\"slider\">\n              <div class=\"image\">\n          <figure>\n            <img loading=\"lazy\" decoding=\"async\" width=\"1024\" height=\"683\" src=\"https:\/\/www.sources-hotels.com\/bordeaux\/wp-content\/uploads\/sites\/3\/2025\/01\/Thil10_BD_PhilippeCastex_2014.jpg\" class=\"w-full object-cover object-center\" alt=\"\" srcset=\"https:\/\/www.sources-hotels.com\/bordeaux\/wp-content\/uploads\/sites\/3\/2025\/01\/Thil10_BD_PhilippeCastex_2014.jpg 1024w, https:\/\/www.sources-hotels.com\/bordeaux\/wp-content\/uploads\/sites\/3\/2025\/01\/Thil10_BD_PhilippeCastex_2014-300x200.jpg 300w, https:\/\/www.sources-hotels.com\/bordeaux\/wp-content\/uploads\/sites\/3\/2025\/01\/Thil10_BD_PhilippeCastex_2014-768x512.jpg 768w\" sizes=\"auto, (max-width: 1024px) 100vw, 1024px\" \/>          <\/figure>\n        <\/div>\n              <div class=\"image\">\n          <figure>\n            <img loading=\"lazy\" decoding=\"async\" width=\"683\" height=\"1024\" src=\"https:\/\/www.sources-hotels.com\/bordeaux\/wp-content\/uploads\/sites\/3\/2025\/01\/Thil01_BD_PhilippeCastex_2014.jpg\" class=\"w-full object-cover object-center\" alt=\"\" srcset=\"https:\/\/www.sources-hotels.com\/bordeaux\/wp-content\/uploads\/sites\/3\/2025\/01\/Thil01_BD_PhilippeCastex_2014.jpg 683w, https:\/\/www.sources-hotels.com\/bordeaux\/wp-content\/uploads\/sites\/3\/2025\/01\/Thil01_BD_PhilippeCastex_2014-200x300.jpg 200w\" sizes=\"auto, (max-width: 683px) 100vw, 683px\" \/>          <\/figure>\n        <\/div>\n              <div class=\"image\">\n          <figure>\n            <img loading=\"lazy\" decoding=\"async\" width=\"1260\" height=\"1600\" src=\"https:\/\/www.sources-hotels.com\/bordeaux\/wp-content\/uploads\/sites\/3\/2024\/12\/Rotonde-1260x1600.jpg\" class=\"w-full object-cover object-center\" alt=\"\" \/>          <\/figure>\n        <\/div>\n              <div class=\"image\">\n          <figure>\n            <img loading=\"lazy\" decoding=\"async\" width=\"1260\" height=\"1600\" src=\"https:\/\/www.sources-hotels.com\/bordeaux\/wp-content\/uploads\/sites\/3\/2024\/12\/Papillon-vole-3-1260x1600.jpg\" class=\"w-full object-cover object-center\" alt=\"\" \/>          <\/figure>\n        <\/div>\n          <\/div>\n  <\/div>\n<\/section>\n\n","protected":false},"excerpt":{"rendered":"","protected":false},"author":1,"featured_media":0,"parent":0,"menu_order":0,"comment_status":"closed","ping_status":"closed","template":"","meta":{"_acf_changed":false,"footnotes":""},"hotels":[],"doc_cat":[],"class_list":["post-3946","page","type-page","status-publish","hentry"],"acf":[],"yoast_head":"<!-- This site is optimized with the Yoast SEO plugin v27.4 - https:\/\/yoast.com\/product\/yoast-seo-wordpress\/ -->\n<title>Luxuri\u00f6se Zimmer und Suiten Bordeaux | Les Sources de Caudalie<\/title>\n<meta name=\"description\" content=\"Genie\u00dfen Sie den eleganten Aufenthalt in unseren luxuri\u00f6sen Zimmern und Suiten in Bordeaux \u2013 eine Einladung zur Entspannung in ruhiger Umgebung. Buchen Sie jetzt!\" \/>\n<meta name=\"robots\" content=\"index, follow, max-snippet:-1, max-image-preview:large, max-video-preview:-1\" \/>\n<link rel=\"canonical\" href=\"https:\/\/www.sources-hotels.com\/bordeaux\/de\/zimmer-suiten\/\" \/>\n<meta property=\"og:locale\" content=\"de_DE\" \/>\n<meta property=\"og:type\" content=\"article\" \/>\n<meta property=\"og:title\" content=\"Luxuri\u00f6se Zimmer und Suiten Bordeaux | Les Sources de Caudalie\" \/>\n<meta property=\"og:description\" content=\"Genie\u00dfen Sie den eleganten Aufenthalt in unseren luxuri\u00f6sen Zimmern und Suiten in Bordeaux \u2013 eine Einladung zur Entspannung in ruhiger Umgebung. Buchen Sie jetzt!\" \/>\n<meta property=\"og:url\" content=\"https:\/\/www.sources-hotels.com\/bordeaux\/de\/zimmer-suiten\/\" \/>\n<meta property=\"og:site_name\" content=\"Les Sources de Caudalie\" \/>\n<meta property=\"article:modified_time\" content=\"2025-05-21T08:25:29+00:00\" \/>\n<meta name=\"twitter:card\" content=\"summary_large_image\" \/>\n<script type=\"application\/ld+json\" class=\"yoast-schema-graph\">{\"@context\":\"https:\\\/\\\/schema.org\",\"@graph\":[{\"@type\":\"WebPage\",\"@id\":\"https:\\\/\\\/www.sources-hotels.com\\\/bordeaux\\\/de\\\/zimmer-suiten\\\/\",\"url\":\"https:\\\/\\\/www.sources-hotels.com\\\/bordeaux\\\/de\\\/zimmer-suiten\\\/\",\"name\":\"Luxuri\u00f6se Zimmer und Suiten Bordeaux | Les Sources de Caudalie\",\"isPartOf\":{\"@id\":\"https:\\\/\\\/www.sources-hotels.com\\\/bordeaux\\\/de\\\/#website\"},\"datePublished\":\"2024-12-30T08:32:14+00:00\",\"dateModified\":\"2025-05-21T08:25:29+00:00\",\"description\":\"Genie\u00dfen Sie den eleganten Aufenthalt in unseren luxuri\u00f6sen Zimmern und Suiten in Bordeaux \u2013 eine Einladung zur Entspannung in ruhiger Umgebung. Buchen Sie jetzt!\",\"breadcrumb\":{\"@id\":\"https:\\\/\\\/www.sources-hotels.com\\\/bordeaux\\\/de\\\/zimmer-suiten\\\/#breadcrumb\"},\"inLanguage\":\"de-DE\",\"potentialAction\":[{\"@type\":\"ReadAction\",\"target\":[\"https:\\\/\\\/www.sources-hotels.com\\\/bordeaux\\\/de\\\/zimmer-suiten\\\/\"]}]},{\"@type\":\"BreadcrumbList\",\"@id\":\"https:\\\/\\\/www.sources-hotels.com\\\/bordeaux\\\/de\\\/zimmer-suiten\\\/#breadcrumb\",\"itemListElement\":[{\"@type\":\"ListItem\",\"position\":1,\"name\":\"Accueil\",\"item\":\"https:\\\/\\\/www.sources-hotels.com\\\/bordeaux\\\/de\\\/\"},{\"@type\":\"ListItem\",\"position\":2,\"name\":\"Zimmer &amp; Suiten\"}]},{\"@type\":\"WebSite\",\"@id\":\"https:\\\/\\\/www.sources-hotels.com\\\/bordeaux\\\/de\\\/#website\",\"url\":\"https:\\\/\\\/www.sources-hotels.com\\\/bordeaux\\\/de\\\/\",\"name\":\"Les Sources de Caudalie\",\"description\":\"\",\"publisher\":{\"@id\":\"https:\\\/\\\/www.sources-hotels.com\\\/bordeaux\\\/de\\\/#organization\"},\"potentialAction\":[{\"@type\":\"SearchAction\",\"target\":{\"@type\":\"EntryPoint\",\"urlTemplate\":\"https:\\\/\\\/www.sources-hotels.com\\\/bordeaux\\\/de\\\/?s={search_term_string}\"},\"query-input\":{\"@type\":\"PropertyValueSpecification\",\"valueRequired\":true,\"valueName\":\"search_term_string\"}}],\"inLanguage\":\"de-DE\"},{\"@type\":\"Organization\",\"@id\":\"https:\\\/\\\/www.sources-hotels.com\\\/bordeaux\\\/de\\\/#organization\",\"name\":\"Les Sources de Caudalie\",\"url\":\"https:\\\/\\\/www.sources-hotels.com\\\/bordeaux\\\/de\\\/\",\"logo\":{\"@type\":\"ImageObject\",\"inLanguage\":\"de-DE\",\"@id\":\"https:\\\/\\\/www.sources-hotels.com\\\/bordeaux\\\/de\\\/#\\\/schema\\\/logo\\\/image\\\/\",\"url\":\"https:\\\/\\\/www.sources-hotels.com\\\/bordeaux\\\/wp-content\\\/uploads\\\/sites\\\/3\\\/2025\\\/03\\\/logo-caudalie.png\",\"contentUrl\":\"https:\\\/\\\/www.sources-hotels.com\\\/bordeaux\\\/wp-content\\\/uploads\\\/sites\\\/3\\\/2025\\\/03\\\/logo-caudalie.png\",\"width\":696,\"height\":308,\"caption\":\"Les Sources de Caudalie\"},\"image\":{\"@id\":\"https:\\\/\\\/www.sources-hotels.com\\\/bordeaux\\\/de\\\/#\\\/schema\\\/logo\\\/image\\\/\"}}]}<\/script>\n<!-- \/ Yoast SEO plugin. -->","yoast_head_json":{"title":"Luxuri\u00f6se Zimmer und Suiten Bordeaux | Les Sources de Caudalie","description":"Genie\u00dfen Sie den eleganten Aufenthalt in unseren luxuri\u00f6sen Zimmern und Suiten in Bordeaux \u2013 eine Einladung zur Entspannung in ruhiger Umgebung. Buchen Sie jetzt!","robots":{"index":"index","follow":"follow","max-snippet":"max-snippet:-1","max-image-preview":"max-image-preview:large","max-video-preview":"max-video-preview:-1"},"canonical":"https:\/\/www.sources-hotels.com\/bordeaux\/de\/zimmer-suiten\/","og_locale":"de_DE","og_type":"article","og_title":"Luxuri\u00f6se Zimmer und Suiten Bordeaux | Les Sources de Caudalie","og_description":"Genie\u00dfen Sie den eleganten Aufenthalt in unseren luxuri\u00f6sen Zimmern und Suiten in Bordeaux \u2013 eine Einladung zur Entspannung in ruhiger Umgebung. Buchen Sie jetzt!","og_url":"https:\/\/www.sources-hotels.com\/bordeaux\/de\/zimmer-suiten\/","og_site_name":"Les Sources de Caudalie","article_modified_time":"2025-05-21T08:25:29+00:00","twitter_card":"summary_large_image","schema":{"@context":"https:\/\/schema.org","@graph":[{"@type":"WebPage","@id":"https:\/\/www.sources-hotels.com\/bordeaux\/de\/zimmer-suiten\/","url":"https:\/\/www.sources-hotels.com\/bordeaux\/de\/zimmer-suiten\/","name":"Luxuri\u00f6se Zimmer und Suiten Bordeaux | Les Sources de Caudalie","isPartOf":{"@id":"https:\/\/www.sources-hotels.com\/bordeaux\/de\/#website"},"datePublished":"2024-12-30T08:32:14+00:00","dateModified":"2025-05-21T08:25:29+00:00","description":"Genie\u00dfen Sie den eleganten Aufenthalt in unseren luxuri\u00f6sen Zimmern und Suiten in Bordeaux \u2013 eine Einladung zur Entspannung in ruhiger Umgebung. Buchen Sie jetzt!","breadcrumb":{"@id":"https:\/\/www.sources-hotels.com\/bordeaux\/de\/zimmer-suiten\/#breadcrumb"},"inLanguage":"de-DE","potentialAction":[{"@type":"ReadAction","target":["https:\/\/www.sources-hotels.com\/bordeaux\/de\/zimmer-suiten\/"]}]},{"@type":"BreadcrumbList","@id":"https:\/\/www.sources-hotels.com\/bordeaux\/de\/zimmer-suiten\/#breadcrumb","itemListElement":[{"@type":"ListItem","position":1,"name":"Accueil","item":"https:\/\/www.sources-hotels.com\/bordeaux\/de\/"},{"@type":"ListItem","position":2,"name":"Zimmer &amp; Suiten"}]},{"@type":"WebSite","@id":"https:\/\/www.sources-hotels.com\/bordeaux\/de\/#website","url":"https:\/\/www.sources-hotels.com\/bordeaux\/de\/","name":"Les Sources de Caudalie","description":"","publisher":{"@id":"https:\/\/www.sources-hotels.com\/bordeaux\/de\/#organization"},"potentialAction":[{"@type":"SearchAction","target":{"@type":"EntryPoint","urlTemplate":"https:\/\/www.sources-hotels.com\/bordeaux\/de\/?s={search_term_string}"},"query-input":{"@type":"PropertyValueSpecification","valueRequired":true,"valueName":"search_term_string"}}],"inLanguage":"de-DE"},{"@type":"Organization","@id":"https:\/\/www.sources-hotels.com\/bordeaux\/de\/#organization","name":"Les Sources de Caudalie","url":"https:\/\/www.sources-hotels.com\/bordeaux\/de\/","logo":{"@type":"ImageObject","inLanguage":"de-DE","@id":"https:\/\/www.sources-hotels.com\/bordeaux\/de\/#\/schema\/logo\/image\/","url":"https:\/\/www.sources-hotels.com\/bordeaux\/wp-content\/uploads\/sites\/3\/2025\/03\/logo-caudalie.png","contentUrl":"https:\/\/www.sources-hotels.com\/bordeaux\/wp-content\/uploads\/sites\/3\/2025\/03\/logo-caudalie.png","width":696,"height":308,"caption":"Les Sources de Caudalie"},"image":{"@id":"https:\/\/www.sources-hotels.com\/bordeaux\/de\/#\/schema\/logo\/image\/"}}]}},"_links":{"self":[{"href":"https:\/\/www.sources-hotels.com\/bordeaux\/de\/wp-json\/wp\/v2\/pages\/3946","targetHints":{"allow":["GET"]}}],"collection":[{"href":"https:\/\/www.sources-hotels.com\/bordeaux\/de\/wp-json\/wp\/v2\/pages"}],"about":[{"href":"https:\/\/www.sources-hotels.com\/bordeaux\/de\/wp-json\/wp\/v2\/types\/page"}],"author":[{"embeddable":true,"href":"https:\/\/www.sources-hotels.com\/bordeaux\/de\/wp-json\/wp\/v2\/users\/1"}],"replies":[{"embeddable":true,"href":"https:\/\/www.sources-hotels.com\/bordeaux\/de\/wp-json\/wp\/v2\/comments?post=3946"}],"version-history":[{"count":4,"href":"https:\/\/www.sources-hotels.com\/bordeaux\/de\/wp-json\/wp\/v2\/pages\/3946\/revisions"}],"predecessor-version":[{"id":4462,"href":"https:\/\/www.sources-hotels.com\/bordeaux\/de\/wp-json\/wp\/v2\/pages\/3946\/revisions\/4462"}],"wp:attachment":[{"href":"https:\/\/www.sources-hotels.com\/bordeaux\/de\/wp-json\/wp\/v2\/media?parent=3946"}],"wp:term":[{"taxonomy":"hotels","embeddable":true,"href":"https:\/\/www.sources-hotels.com\/bordeaux\/de\/wp-json\/wp\/v2\/hotels?post=3946"},{"taxonomy":"doc_cat","embeddable":true,"href":"https:\/\/www.sources-hotels.com\/bordeaux\/de\/wp-json\/wp\/v2\/doc_cat?post=3946"}],"curies":[{"name":"wp","href":"https:\/\/api.w.org\/{rel}","templated":true}]}}