{"id":3953,"date":"2024-12-30T17:54:20","date_gmt":"2024-12-30T16:54:20","guid":{"rendered":"https:\/\/www.sources-hotels.com\/bordeaux\/?page_id=3953"},"modified":"2025-07-15T17:11:40","modified_gmt":"2025-07-15T15:11:40","slug":"aktivitaeten","status":"publish","type":"page","link":"https:\/\/www.sources-hotels.com\/bordeaux\/de\/aktivitaeten\/","title":{"rendered":"Aktivit\u00e4ten"},"content":{"rendered":"\n<section class=\"custom-block block--header h-[206rem] text-center text-white overflow-hidden pt-[100rem] relative tablet:h-[700rem] tablet:pt-[420rem]\">\n\n    <h1>\n                    <span>\n                Unsere            <\/span>\n                             Aktivit\u00e4ten            <\/h1>\n\n    \n    <span class=\"scroll-down hidden text-[12rem] tracking-[2rem] uppercase font-title cursor-pointer opacity-[64%] pb-[66rem] absolute left-2\/4 bottom-0 translate-x-[-50%] after:w-[1px] after:h-[50rem] after:bg-white after:opacity-[40%] after:absolute after:bottom-0 after:left-[50%] tablet:block\">\n        Mehr entdecken    <\/span>\n\n    <figure class=\"min-w-full min-h-full aspect-video overflow-hidden absolute top-2\/4 left-2\/4 translate-x-[-50%] translate-y-[-50%] z-[-1] before:bg-black before:opacity-[35%] before:mix-blend-multiply before:absolute before:top-0 before:left-0 before:right-0 before:bottom-0 before:z-[2]\">\n                    <img loading=\"lazy\" decoding=\"async\" width=\"2880\" height=\"1800\" src=\"https:\/\/www.sources-hotels.com\/bordeaux\/wp-content\/uploads\/sites\/3\/2024\/12\/Vignes-vue-terrasses_GdeLaubier_2014-3-2880x1800.jpg\" class=\"h-full w-full object-cover object-center\" alt=\"\" \/>            <\/figure>\n    \n<\/section>\n\n    \n\n\n<section class=\"custom-block block--restaurant-details\">\n  <div class=\"row-details row-1\">\n              <div class=\"mail icon-text\">Informations : <a href=\"mailto:experience@sources-caudalie.com\">experience@sources-caudalie.com<\/a><\/div>\n    \n          <div class=\"phone icon-text\">T\u00e9l : <a href=\"tel:+33 (0)5 57 83 83 83\">+33 (0)5 57 83 83 83<\/a><\/div>\n      <\/div>\n      <div class=\"row-details row-2\">\n              <div class=\"link-details\">\n                  <\/div>\n          <\/div>\n  <\/section>\n\n\n<section class=\"custom-block block--text-small-visual-watermark style-image-right background-white\">\n\n            <h2 class=\"block-title\">Erleben Sie ma\u00dfgeschneiderte Momente<\/h2>\n    \n    <div class=\"block-content w-[255rem] flex flex-col gap-[20rem] mx-auto tablet:w-auto tablet:flex-row tablet:px-0 tablet:gap-[105rem] tablet:mx-0\">\n\n        <figure class=\"w-full h-[200rem] flex-initial relative z-[1] tablet:w-[630rem] tablet:h-[500rem]\">\n\n            <img loading=\"lazy\" decoding=\"async\" width=\"1260\" height=\"1000\" src=\"https:\/\/www.sources-hotels.com\/bordeaux\/wp-content\/uploads\/sites\/3\/2024\/12\/Velo04_2017_RValerio\u00a9-1260x1000.jpg\" class=\"w-full h-full object-cover object-center relative z-[2]\" alt=\"\" \/>\n            \n        <\/figure>\n\n        <div class=\"w-full flex flex-col flex-initial z-[2] tablet:w-[500rem]\">\n\n            \n            <div class=\"rte\"><p>Entdecken Sie das Beste, was unser Hotel und die Region Bordeaux zu bieten haben.<\/p>\n<p>Gestalten Sie Ihren Aufenthalt ganz nach Ihren W\u00fcnschen \u2013 ob Sie sich f\u00fcr Kultur, Wellness, Sport oder kulinarische Erlebnisse begeistern.<\/p>\n<p>Genie\u00dfen Sie exklusive Erlebnisse f\u00fcr unvergessliche Augenblicke. W\u00e4hrend Ihres Aufenthalts im Hotel stehen Ihnen zahlreiche Einrichtungen zur Verf\u00fcgung:<\/p>\n<p><span style=\"font-weight: 400\">Vivez des exp\u00e9riences exclusives pour des instants m\u00e9morables. <\/span><span style=\"font-weight: 400\">Lors de votre s\u00e9jour \u00e0 l\u2019h\u00f4tel, vous pourrez profiter de diverses installations :<\/span><\/p>\n<ul>\n<li><span style=\"font-weight: 400\">Innenpool, Au\u00dfenpool (saisonal), Whirlpool, Sauna <\/span><\/li>\n<li><span style=\"font-weight: 400\">Sportangebote: Fitnessraum, Tennisplatz, kostenlose Fahrr\u00e4der, Joggingstrecke <\/span><span style=\"font-weight: 500\"><br \/>\n<\/span><\/li>\n<\/ul>\n<\/div>\n\n                                            <a href=\"https:\/\/www.sources-hotels.com\/bordeaux\/wp-content\/uploads\/sites\/3\/2025\/04\/Brochure-Activites-Les-Sources-de-Caudalie-EN.pdf\" target=\"_blank\"\n                    class=\"link mt-[35rem] self-center tablet:self-start\" >\n                    Unsere Aktivit\u00e4ten-Brosch\u00fcre (auf Englisch)                <\/a>\n            \n        <\/div>\n\n    <\/div>\n\n<\/section>\n\n\n<section class=\"custom-block block--info-vignettes !px-0\">\n\n            <h2 class=\"block-title\">Alle unsere Aktivit\u00e4ten bei Les Sources de Caudalie <\/h2>\n    \n    <div class=\"text-white grid gap-[14rem] tablet:grid-cols-2 tablet:gap-[20rem]\">\n        \n            \n            <div class=\"h-[240rem] flex flex-col text-center relative tablet:h-[460rem]\">\n\n                                    <h2 class=\"block-title w-full !text-white !pt-[30rem] !mb-0 relative z-[2] before:!hidden tablet:!pt-[60rem]\">\n                        Gastronomie &amp; Wein                     <\/h2>\n                \n                \n                                    <div class=\"flex grow flex-col justify-center gap-[30rem] relative z-[2] tablet:gap-[55rem]\">\n\n                                                    <div class=\"rte\">\n                                <p>Entdecken Sie die K\u00fcche von Bordeaux bei exklusiven Kochkursen mit unserem Sternekoch.<br \/>\nNehmen Sie an P\u00e2tisseriekursen und Weinverkostungen teil. <\/p>\n                            <\/div>\n                        \n                                                    <ul class=\"flex flex-wrap gap-y-[25rem] px-[10rem] tablet:gap-y-[40rem]\">\n                                                                    <li class=\"basis-1\/2 grow\">\n                                                                                  <a href=\"https:\/\/www.sources-hotels.com\/bordeaux\/de\/aktivitaeten\/gastronomie-wein\/\"  class=\"link link-white\" >\n        Entdecken  <\/a>\n                                    <\/li>\n                                                            <\/ul>\n                        \n                    <\/div>\n                \n                <figure\n                    class=\"w-full h-full overflow-hidden absolute top-0 left-0 z-[1] before:bg-black before:opacity-[35%] before:mix-blend-multiply before:absolute before:top-0 before:left-0 before:right-0 before:bottom-0 before:z-[2]\">\n                    <img loading=\"lazy\" decoding=\"async\" width=\"1420\" height=\"920\" src=\"https:\/\/www.sources-hotels.com\/bordeaux\/wp-content\/uploads\/sites\/3\/2025\/01\/LesSourcesDeCaudalie_PlatsGV_@LucasGurdjian2024-6-1-1420x920.jpg\" class=\"h-full w-full object-cover object-center\" alt=\"Plat Nicolas Masse Bordeaux\" \/>                <\/figure>\n\n            <\/div>\n\n        \n            \n            <div class=\"h-[240rem] flex flex-col text-center relative tablet:h-[460rem]\">\n\n                                    <h2 class=\"block-title w-full !text-white !pt-[30rem] !mb-0 relative z-[2] before:!hidden tablet:!pt-[60rem]\">\n                        Weinberg-Besichtigungen                     <\/h2>\n                \n                \n                                    <div class=\"flex grow flex-col justify-center gap-[30rem] relative z-[2] tablet:gap-[55rem]\">\n\n                                                    <div class=\"rte\">\n                                <p>Erkunden Sie die Weinberge von Bordeaux \u2013 unter anderem bei einem Besuch des Ch\u00e2teau Smith Haut Lafitte \u2013 und entdecken Sie die Geheimnisse au\u00dfergew\u00f6hnlicher Weine. <\/p>\n                            <\/div>\n                        \n                                                    <ul class=\"flex flex-wrap gap-y-[25rem] px-[10rem] tablet:gap-y-[40rem]\">\n                                                                    <li class=\"basis-1\/2 grow\">\n                                                                                  <a href=\"https:\/\/www.sources-hotels.com\/bordeaux\/de\/aktivitaeten\/weinberg-besichtigungen\/\"  class=\"link link-white\" >\n        Entdecken  <\/a>\n                                    <\/li>\n                                                            <\/ul>\n                        \n                    <\/div>\n                \n                <figure\n                    class=\"w-full h-full overflow-hidden absolute top-0 left-0 z-[1] before:bg-black before:opacity-[35%] before:mix-blend-multiply before:absolute before:top-0 before:left-0 before:right-0 before:bottom-0 before:z-[2]\">\n                    <img loading=\"lazy\" decoding=\"async\" width=\"1420\" height=\"920\" src=\"https:\/\/www.sources-hotels.com\/bordeaux\/wp-content\/uploads\/sites\/3\/2024\/12\/Vignes-chemin-vue-terrasses_GdeLaubier_2\u00b014-1420x920.jpg\" class=\"h-full w-full object-cover object-center\" alt=\"\" \/>                <\/figure>\n\n            <\/div>\n\n        \n            \n            <div class=\"h-[240rem] flex flex-col text-center relative tablet:h-[460rem]\">\n\n                                    <h2 class=\"block-title w-full !text-white !pt-[30rem] !mb-0 relative z-[2] before:!hidden tablet:!pt-[60rem]\">\n                        Sport &amp; Wohlbefinden                     <\/h2>\n                \n                \n                                    <div class=\"flex grow flex-col justify-center gap-[30rem] relative z-[2] tablet:gap-[55rem]\">\n\n                                                    <div class=\"rte\">\n                                <p>Tanken Sie neue Energie mit unseren Sport-, Yoga- und Wellnessangeboten, begleitet von unseren Coaches \u2013 f\u00fcr einen erholsamen Aufenthalt inmitten der Natur. <\/p>\n                            <\/div>\n                        \n                                                    <ul class=\"flex flex-wrap gap-y-[25rem] px-[10rem] tablet:gap-y-[40rem]\">\n                                                                    <li class=\"basis-1\/2 grow\">\n                                                                                  <a href=\"https:\/\/www.sources-hotels.com\/bordeaux\/de\/aktivitaeten\/sport-wellness\/\"  class=\"link link-white\" >\n        Entdecken  <\/a>\n                                    <\/li>\n                                                            <\/ul>\n                        \n                    <\/div>\n                \n                <figure\n                    class=\"w-full h-full overflow-hidden absolute top-0 left-0 z-[1] before:bg-black before:opacity-[35%] before:mix-blend-multiply before:absolute before:top-0 before:left-0 before:right-0 before:bottom-0 before:z-[2]\">\n                    <img loading=\"lazy\" decoding=\"async\" width=\"1420\" height=\"920\" src=\"https:\/\/www.sources-hotels.com\/bordeaux\/wp-content\/uploads\/sites\/3\/2025\/03\/LesSourcesDeCaudalie_PiscineExt_\u00a9Itshenriette_Mai2023-4-e1736440678697-2880x1800-1-1420x920.jpg\" class=\"h-full w-full object-cover object-center\" alt=\"\" \/>                <\/figure>\n\n            <\/div>\n\n        \n            \n            <div class=\"h-[240rem] flex flex-col text-center relative tablet:h-[460rem]\">\n\n                                    <h2 class=\"block-title w-full !text-white !pt-[30rem] !mb-0 relative z-[2] before:!hidden tablet:!pt-[60rem]\">\n                        Die Region entdecken                     <\/h2>\n                \n                \n                                    <div class=\"flex grow flex-col justify-center gap-[30rem] relative z-[2] tablet:gap-[55rem]\">\n\n                                                    <div class=\"rte\">\n                                <p>Unternehmen Sie Ausfl\u00fcge vom Bassin d\u2019Arcachon \u00fcber Saint-\u00c9milion bis nach Bordeaux.<br \/>\nUnsere Region bietet zahlreiche M\u00f6glichkeiten f\u00fcr Entdeckungen und Freizeit. <\/p>\n                            <\/div>\n                        \n                                                    <ul class=\"flex flex-wrap gap-y-[25rem] px-[10rem] tablet:gap-y-[40rem]\">\n                                                                    <li class=\"basis-1\/2 grow\">\n                                                                                  <a href=\"https:\/\/www.sources-hotels.com\/bordeaux\/de\/aktivitaeten\/region-entdecken\/\"  class=\"link link-white\" >\n        Entdecken  <\/a>\n                                    <\/li>\n                                                            <\/ul>\n                        \n                    <\/div>\n                \n                <figure\n                    class=\"w-full h-full overflow-hidden absolute top-0 left-0 z-[1] before:bg-black before:opacity-[35%] before:mix-blend-multiply before:absolute before:top-0 before:left-0 before:right-0 before:bottom-0 before:z-[2]\">\n                    <img loading=\"lazy\" decoding=\"async\" width=\"1420\" height=\"920\" src=\"https:\/\/www.sources-hotels.com\/bordeaux\/wp-content\/uploads\/sites\/3\/2024\/12\/Excursion_Arcachon_CabaneTchanquees_2008_PhotoInternet-1-1420x920.jpg\" class=\"h-full w-full object-cover object-center\" alt=\"\" \/>                <\/figure>\n\n            <\/div>\n\n        \n            \n            <div class=\"h-[240rem] flex flex-col text-center relative tablet:h-[460rem]\">\n\n                                    <h2 class=\"block-title w-full !text-white !pt-[30rem] !mb-0 relative z-[2] before:!hidden tablet:!pt-[60rem]\">\n                        Kunst &amp; Natur                    <\/h2>\n                \n                \n                                    <div class=\"flex grow flex-col justify-center gap-[30rem] relative z-[2] tablet:gap-[55rem]\">\n\n                                                    <div class=\"rte\">\n                                <p>Entdecken Sie den Kunstparcours zum Thema der f\u00fcnf Sinne<br data-start=\"56\" data-end=\"59\" \/>und geniessen Sie ein Waldbad im Herzen des Waldes<br data-start=\"109\" data-end=\"112\" \/>des Ch\u00e2teau Smith Haut Lafitte.<\/p>\n                            <\/div>\n                        \n                                                    <ul class=\"flex flex-wrap gap-y-[25rem] px-[10rem] tablet:gap-y-[40rem]\">\n                                                                    <li class=\"basis-1\/2 grow\">\n                                                                                  <a href=\"https:\/\/www.sources-hotels.com\/bordeaux\/de\/aktivitaeten\/kunst-natur\/\"  class=\"link link-white\" >\n        Entdecken  <\/a>\n                                    <\/li>\n                                                            <\/ul>\n                        \n                    <\/div>\n                \n                <figure\n                    class=\"w-full h-full overflow-hidden absolute top-0 left-0 z-[1] before:bg-black before:opacity-[35%] before:mix-blend-multiply before:absolute before:top-0 before:left-0 before:right-0 before:bottom-0 before:z-[2]\">\n                    <img loading=\"lazy\" decoding=\"async\" width=\"1420\" height=\"920\" src=\"https:\/\/www.sources-hotels.com\/bordeaux\/wp-content\/uploads\/sites\/3\/2025\/07\/art_nature_sourcesdecaudalie_foret-1420x920.jpg\" class=\"h-full w-full object-cover object-center\" alt=\"La foret des 5 sens Les Sources de Caudlaie\" \/>                <\/figure>\n\n            <\/div>\n\n        \n            \n            <div class=\"h-[240rem] flex flex-col text-center relative tablet:h-[460rem]\">\n\n                                    <h2 class=\"block-title w-full !text-white !pt-[30rem] !mb-0 relative z-[2] before:!hidden tablet:!pt-[60rem]\">\n                        Bordeaux Entdecken                    <\/h2>\n                \n                \n                                    <div class=\"flex grow flex-col justify-center gap-[30rem] relative z-[2] tablet:gap-[55rem]\">\n\n                                                    <div class=\"rte\">\n                                <p>Bordeaux \u00f6ffnet Ihnen die T\u00fcren f\u00fcr eine Auszeit voller Geschichte,<br data-start=\"215\" data-end=\"218\" \/>Kultur und Gastronomie.<\/p>\n                            <\/div>\n                        \n                                                    <ul class=\"flex flex-wrap gap-y-[25rem] px-[10rem] tablet:gap-y-[40rem]\">\n                                                                    <li class=\"basis-1\/2 grow\">\n                                                                                  <a href=\"https:\/\/www.sources-hotels.com\/bordeaux\/de\/aktivitaeten\/bordeaux-entdecken\/\"  class=\"link link-white\" >\n        Entdecken  <\/a>\n                                    <\/li>\n                                                            <\/ul>\n                        \n                    <\/div>\n                \n                <figure\n                    class=\"w-full h-full overflow-hidden absolute top-0 left-0 z-[1] before:bg-black before:opacity-[35%] before:mix-blend-multiply before:absolute before:top-0 before:left-0 before:right-0 before:bottom-0 before:z-[2]\">\n                    <img loading=\"lazy\" decoding=\"async\" width=\"1420\" height=\"920\" src=\"https:\/\/www.sources-hotels.com\/bordeaux\/wp-content\/uploads\/sites\/3\/2025\/01\/Excursion_BordeauxPlaceDeLaBourse_2013_PhotoInternet-1420x920.jpg\" class=\"h-full w-full object-cover object-center\" alt=\"Bordeaux place de la Bourse\" \/>                <\/figure>\n\n            <\/div>\n\n            <\/div>\n\n<\/section>\n","protected":false},"excerpt":{"rendered":"","protected":false},"author":1,"featured_media":0,"parent":0,"menu_order":0,"comment_status":"closed","ping_status":"closed","template":"","meta":{"_acf_changed":false,"footnotes":""},"hotels":[],"doc_cat":[],"class_list":["post-3953","page","type-page","status-publish","hentry"],"acf":[],"yoast_head":"<!-- This site is optimized with the Yoast SEO plugin v25.6 - https:\/\/yoast.com\/wordpress\/plugins\/seo\/ -->\n<title>Aktivit\u00e4ten &amp; Erlebnisse in Bordeaux | Les Sources de Caudalie<\/title>\n<meta name=\"description\" content=\"Entdecken Sie die einzigartigen Angebote und den Service des Hotels Les Sources de Caudalie, die Ihren Aufenthalt in einem luxuri\u00f6sen und ruhigen Rahmen bereichern.\" \/>\n<meta name=\"robots\" content=\"index, follow, max-snippet:-1, max-image-preview:large, max-video-preview:-1\" \/>\n<link rel=\"canonical\" href=\"https:\/\/www.sources-hotels.com\/bordeaux\/de\/aktivitaeten\/\" \/>\n<meta property=\"og:locale\" content=\"de_DE\" \/>\n<meta property=\"og:type\" content=\"article\" \/>\n<meta property=\"og:title\" content=\"Aktivit\u00e4ten &amp; Erlebnisse in Bordeaux | Les Sources de Caudalie\" \/>\n<meta property=\"og:description\" content=\"Entdecken Sie die einzigartigen Angebote und den Service des Hotels Les Sources de Caudalie, die Ihren Aufenthalt in einem luxuri\u00f6sen und ruhigen Rahmen bereichern.\" \/>\n<meta property=\"og:url\" content=\"https:\/\/www.sources-hotels.com\/bordeaux\/de\/aktivitaeten\/\" \/>\n<meta property=\"og:site_name\" content=\"Les Sources de Caudalie\" \/>\n<meta property=\"article:modified_time\" content=\"2025-07-15T15:11:40+00:00\" \/>\n<meta name=\"twitter:card\" content=\"summary_large_image\" \/>\n<script type=\"application\/ld+json\" class=\"yoast-schema-graph\">{\"@context\":\"https:\/\/schema.org\",\"@graph\":[{\"@type\":\"WebPage\",\"@id\":\"https:\/\/www.sources-hotels.com\/bordeaux\/de\/aktivitaeten\/\",\"url\":\"https:\/\/www.sources-hotels.com\/bordeaux\/de\/aktivitaeten\/\",\"name\":\"Aktivit\u00e4ten & Erlebnisse in Bordeaux | Les Sources de Caudalie\",\"isPartOf\":{\"@id\":\"https:\/\/www.sources-hotels.com\/bordeaux\/de\/#website\"},\"datePublished\":\"2024-12-30T16:54:20+00:00\",\"dateModified\":\"2025-07-15T15:11:40+00:00\",\"description\":\"Entdecken Sie die einzigartigen Angebote und den Service des Hotels Les Sources de Caudalie, die Ihren Aufenthalt in einem luxuri\u00f6sen und ruhigen Rahmen bereichern.\",\"breadcrumb\":{\"@id\":\"https:\/\/www.sources-hotels.com\/bordeaux\/de\/aktivitaeten\/#breadcrumb\"},\"inLanguage\":\"de-DE\",\"potentialAction\":[{\"@type\":\"ReadAction\",\"target\":[\"https:\/\/www.sources-hotels.com\/bordeaux\/de\/aktivitaeten\/\"]}]},{\"@type\":\"BreadcrumbList\",\"@id\":\"https:\/\/www.sources-hotels.com\/bordeaux\/de\/aktivitaeten\/#breadcrumb\",\"itemListElement\":[{\"@type\":\"ListItem\",\"position\":1,\"name\":\"Accueil\",\"item\":\"https:\/\/www.sources-hotels.com\/bordeaux\/de\/\"},{\"@type\":\"ListItem\",\"position\":2,\"name\":\"Aktivit\u00e4ten\"}]},{\"@type\":\"WebSite\",\"@id\":\"https:\/\/www.sources-hotels.com\/bordeaux\/de\/#website\",\"url\":\"https:\/\/www.sources-hotels.com\/bordeaux\/de\/\",\"name\":\"Les Sources de Caudalie\",\"description\":\"\",\"publisher\":{\"@id\":\"https:\/\/www.sources-hotels.com\/bordeaux\/de\/#organization\"},\"potentialAction\":[{\"@type\":\"SearchAction\",\"target\":{\"@type\":\"EntryPoint\",\"urlTemplate\":\"https:\/\/www.sources-hotels.com\/bordeaux\/de\/?s={search_term_string}\"},\"query-input\":{\"@type\":\"PropertyValueSpecification\",\"valueRequired\":true,\"valueName\":\"search_term_string\"}}],\"inLanguage\":\"de-DE\"},{\"@type\":\"Organization\",\"@id\":\"https:\/\/www.sources-hotels.com\/bordeaux\/de\/#organization\",\"name\":\"Les Sources de Caudalie\",\"url\":\"https:\/\/www.sources-hotels.com\/bordeaux\/de\/\",\"logo\":{\"@type\":\"ImageObject\",\"inLanguage\":\"de-DE\",\"@id\":\"https:\/\/www.sources-hotels.com\/bordeaux\/de\/#\/schema\/logo\/image\/\",\"url\":\"https:\/\/www.sources-hotels.com\/bordeaux\/wp-content\/uploads\/sites\/3\/2025\/03\/logo-caudalie.png\",\"contentUrl\":\"https:\/\/www.sources-hotels.com\/bordeaux\/wp-content\/uploads\/sites\/3\/2025\/03\/logo-caudalie.png\",\"width\":696,\"height\":308,\"caption\":\"Les Sources de Caudalie\"},\"image\":{\"@id\":\"https:\/\/www.sources-hotels.com\/bordeaux\/de\/#\/schema\/logo\/image\/\"}}]}<\/script>\n<!-- \/ Yoast SEO plugin. -->","yoast_head_json":{"title":"Aktivit\u00e4ten & Erlebnisse in Bordeaux | Les Sources de Caudalie","description":"Entdecken Sie die einzigartigen Angebote und den Service des Hotels Les Sources de Caudalie, die Ihren Aufenthalt in einem luxuri\u00f6sen und ruhigen Rahmen bereichern.","robots":{"index":"index","follow":"follow","max-snippet":"max-snippet:-1","max-image-preview":"max-image-preview:large","max-video-preview":"max-video-preview:-1"},"canonical":"https:\/\/www.sources-hotels.com\/bordeaux\/de\/aktivitaeten\/","og_locale":"de_DE","og_type":"article","og_title":"Aktivit\u00e4ten & Erlebnisse in Bordeaux | Les Sources de Caudalie","og_description":"Entdecken Sie die einzigartigen Angebote und den Service des Hotels Les Sources de Caudalie, die Ihren Aufenthalt in einem luxuri\u00f6sen und ruhigen Rahmen bereichern.","og_url":"https:\/\/www.sources-hotels.com\/bordeaux\/de\/aktivitaeten\/","og_site_name":"Les Sources de Caudalie","article_modified_time":"2025-07-15T15:11:40+00:00","twitter_card":"summary_large_image","schema":{"@context":"https:\/\/schema.org","@graph":[{"@type":"WebPage","@id":"https:\/\/www.sources-hotels.com\/bordeaux\/de\/aktivitaeten\/","url":"https:\/\/www.sources-hotels.com\/bordeaux\/de\/aktivitaeten\/","name":"Aktivit\u00e4ten & Erlebnisse in Bordeaux | Les Sources de Caudalie","isPartOf":{"@id":"https:\/\/www.sources-hotels.com\/bordeaux\/de\/#website"},"datePublished":"2024-12-30T16:54:20+00:00","dateModified":"2025-07-15T15:11:40+00:00","description":"Entdecken Sie die einzigartigen Angebote und den Service des Hotels Les Sources de Caudalie, die Ihren Aufenthalt in einem luxuri\u00f6sen und ruhigen Rahmen bereichern.","breadcrumb":{"@id":"https:\/\/www.sources-hotels.com\/bordeaux\/de\/aktivitaeten\/#breadcrumb"},"inLanguage":"de-DE","potentialAction":[{"@type":"ReadAction","target":["https:\/\/www.sources-hotels.com\/bordeaux\/de\/aktivitaeten\/"]}]},{"@type":"BreadcrumbList","@id":"https:\/\/www.sources-hotels.com\/bordeaux\/de\/aktivitaeten\/#breadcrumb","itemListElement":[{"@type":"ListItem","position":1,"name":"Accueil","item":"https:\/\/www.sources-hotels.com\/bordeaux\/de\/"},{"@type":"ListItem","position":2,"name":"Aktivit\u00e4ten"}]},{"@type":"WebSite","@id":"https:\/\/www.sources-hotels.com\/bordeaux\/de\/#website","url":"https:\/\/www.sources-hotels.com\/bordeaux\/de\/","name":"Les Sources de Caudalie","description":"","publisher":{"@id":"https:\/\/www.sources-hotels.com\/bordeaux\/de\/#organization"},"potentialAction":[{"@type":"SearchAction","target":{"@type":"EntryPoint","urlTemplate":"https:\/\/www.sources-hotels.com\/bordeaux\/de\/?s={search_term_string}"},"query-input":{"@type":"PropertyValueSpecification","valueRequired":true,"valueName":"search_term_string"}}],"inLanguage":"de-DE"},{"@type":"Organization","@id":"https:\/\/www.sources-hotels.com\/bordeaux\/de\/#organization","name":"Les Sources de Caudalie","url":"https:\/\/www.sources-hotels.com\/bordeaux\/de\/","logo":{"@type":"ImageObject","inLanguage":"de-DE","@id":"https:\/\/www.sources-hotels.com\/bordeaux\/de\/#\/schema\/logo\/image\/","url":"https:\/\/www.sources-hotels.com\/bordeaux\/wp-content\/uploads\/sites\/3\/2025\/03\/logo-caudalie.png","contentUrl":"https:\/\/www.sources-hotels.com\/bordeaux\/wp-content\/uploads\/sites\/3\/2025\/03\/logo-caudalie.png","width":696,"height":308,"caption":"Les Sources de Caudalie"},"image":{"@id":"https:\/\/www.sources-hotels.com\/bordeaux\/de\/#\/schema\/logo\/image\/"}}]}},"_links":{"self":[{"href":"https:\/\/www.sources-hotels.com\/bordeaux\/de\/wp-json\/wp\/v2\/pages\/3953","targetHints":{"allow":["GET"]}}],"collection":[{"href":"https:\/\/www.sources-hotels.com\/bordeaux\/de\/wp-json\/wp\/v2\/pages"}],"about":[{"href":"https:\/\/www.sources-hotels.com\/bordeaux\/de\/wp-json\/wp\/v2\/types\/page"}],"author":[{"embeddable":true,"href":"https:\/\/www.sources-hotels.com\/bordeaux\/de\/wp-json\/wp\/v2\/users\/1"}],"replies":[{"embeddable":true,"href":"https:\/\/www.sources-hotels.com\/bordeaux\/de\/wp-json\/wp\/v2\/comments?post=3953"}],"version-history":[{"count":9,"href":"https:\/\/www.sources-hotels.com\/bordeaux\/de\/wp-json\/wp\/v2\/pages\/3953\/revisions"}],"predecessor-version":[{"id":5277,"href":"https:\/\/www.sources-hotels.com\/bordeaux\/de\/wp-json\/wp\/v2\/pages\/3953\/revisions\/5277"}],"wp:attachment":[{"href":"https:\/\/www.sources-hotels.com\/bordeaux\/de\/wp-json\/wp\/v2\/media?parent=3953"}],"wp:term":[{"taxonomy":"hotels","embeddable":true,"href":"https:\/\/www.sources-hotels.com\/bordeaux\/de\/wp-json\/wp\/v2\/hotels?post=3953"},{"taxonomy":"doc_cat","embeddable":true,"href":"https:\/\/www.sources-hotels.com\/bordeaux\/de\/wp-json\/wp\/v2\/doc_cat?post=3953"}],"curies":[{"name":"wp","href":"https:\/\/api.w.org\/{rel}","templated":true}]}}