{"id":3954,"date":"2024-12-31T13:42:18","date_gmt":"2024-12-31T12:42:18","guid":{"rendered":"https:\/\/www.sources-hotels.com\/bordeaux\/?page_id=3954"},"modified":"2026-02-27T13:55:58","modified_gmt":"2026-02-27T12:55:58","slug":"angebote","status":"publish","type":"page","link":"https:\/\/www.sources-hotels.com\/bordeaux\/de\/angebote\/","title":{"rendered":"Angebote"},"content":{"rendered":"\n<section class=\"custom-block block--header h-[206rem] text-center text-white overflow-hidden pt-[100rem] relative tablet:h-[700rem] tablet:pt-[420rem]\">\n\n    <h1>\n                    <span>\n                Unsere            <\/span>\n                            ANGEBOTE            <\/h1>\n\n    \n    <span class=\"scroll-down hidden text-[12rem] tracking-[2rem] uppercase font-title cursor-pointer opacity-[64%] pb-[66rem] absolute left-2\/4 bottom-0 translate-x-[-50%] after:w-[1px] after:h-[50rem] after:bg-white after:opacity-[40%] after:absolute after:bottom-0 after:left-[50%] tablet:block\">\n        Mehr entdecken    <\/span>\n\n    <figure class=\"min-w-full min-h-full aspect-video overflow-hidden absolute top-2\/4 left-2\/4 translate-x-[-50%] translate-y-[-50%] z-[-1] before:bg-black before:opacity-[35%] before:mix-blend-multiply before:absolute before:top-0 before:left-0 before:right-0 before:bottom-0 before:z-[2]\">\n                    <img loading=\"lazy\" decoding=\"async\" width=\"2880\" height=\"1800\" src=\"https:\/\/www.sources-hotels.com\/bordeaux\/wp-content\/uploads\/sites\/3\/2025\/01\/Porteurs-et-maison-du-lievre_GdeLaubier_2014-3-2880x1800.jpg\" class=\"h-full w-full object-cover object-center\" alt=\"\" \/>            <\/figure>\n    \n<\/section>\n\n    \n\n\n<section class=\"custom-block block--title-introduction text-center tablet:!pb-[60rem]\">\n\n            <h2 class=\"block-title\">Tauchen Sie ein in die authentische Lebenskunst der Sources de Caudalie<\/h2>\n    \n    <div class=\"tablet:w-[970rem] tablet:inline-block\">\n        <p>Jeder Aufenthalt ist ein Versprechen f\u00fcr eine Auszeit voller kostbarer gemeinsamer Momente. Ob Sie von einem romantischen Wochenende in Bordeaux tr\u00e4umen, einem Familienausflug, einer Wohlf\u00fchlpause im Vinotherapie\u00ae-Spa oder einem mit Sternen gekr\u00f6nten Gourmet-Erlebnis \u2013 unsere Aufenthaltsempfehlungen sind darauf ausgelegt, jeden Moment in eine unvergessliche Erinnerung zu verwandeln. Lassen Sie sich vom zeitlosen Charme unseres Hauses verf\u00fchren und erleben Sie ein einzigartiges Erlebnis mitten in den Weinbergen.<\/p>\n    <\/div>\n\n<\/section>\n\n\n\n<section class=\"custom-block block--room container mx-auto\">\n\n  <div class=\"content gallery-left\">\n\n    <div class=\"text\">\n\n              <h2 class=\"title\">Gourmet Auszeit<\/h2>\n      \n              <h3 class=\"subtitle\">Ein Moment des Teilens, des Genusses und der Emotionen.<\/h3>\n      \n      <div class=\"description rte\">\n        <p data-start=\"120\" data-end=\"295\">Ein unvergessliches Gourmet-Erlebnis im 2-Sterne-Michelin-Restaurant <em data-start=\"276\" data-end=\"292\">La Grand\u2019Vigne<\/em>.<\/p>\n<p data-start=\"297\" data-end=\"656\">Aus der feinen und raffinierten K\u00fcche von Chefkoch Nicolas Masse entstehen harmonische Kompositionen, die die Geschichte einer Reise durch die Weinberge erz\u00e4hlen. F\u00fcr die Dauer einer Auszeit lassen Sie sich von einem 7-G\u00e4nge-Men\u00fc verzaubern, das Natur und Saisonalit\u00e4t in den Mittelpunkt stellt. Entdecken Sie dabei die ganze Vielfalt der Region Aquitanien.<\/p>\n<p><strong>Pauschale verf\u00fcgbar ab dem 1. Mai<\/strong><\/p>\n<p><strong>Der Aufenthalt beinhaltet:<\/strong><\/p>\n<ul>\n<li>Eine \u00dcbernachtung im Doppelzimmer<\/li>\n<li>K\u00f6stliches Fr\u00fchst\u00fcck, serviert im Zimmer oder als Buffet im Restaurant <em data-start=\"935\" data-end=\"951\">La Grand\u2019Vigne<\/em><\/li>\n<li>Ein 7-G\u00e4nge-Gourmetmen\u00fc in unserem mit 2 Michelin-Sternen ausgezeichneten Restaurant <em data-start=\"1041\" data-end=\"1057\">La Grand\u2019Vigne<\/em> (ohne Getr\u00e4nke)<\/li>\n<\/ul>\n      <\/div>\n\n              <div class=\"ctas\">\n                                <button class=\"button cta2 dedge-open\" >Buchen<\/button>\n                  <\/div>\n      \n    <\/div>\n\n    <div class=\"slider\">\n              <div class=\"image\">\n          <figure>\n            <img loading=\"lazy\" decoding=\"async\" width=\"984\" height=\"1378\" src=\"https:\/\/www.sources-hotels.com\/bordeaux\/wp-content\/uploads\/sites\/3\/2025\/04\/LesSourcesDeCaudalie_AspergesGV_\u00a9QuentinTourbez_052023.jpg\" class=\"w-full object-cover object-center\" alt=\"\" srcset=\"https:\/\/www.sources-hotels.com\/bordeaux\/wp-content\/uploads\/sites\/3\/2025\/04\/LesSourcesDeCaudalie_AspergesGV_\u00a9QuentinTourbez_052023.jpg 984w, https:\/\/www.sources-hotels.com\/bordeaux\/wp-content\/uploads\/sites\/3\/2025\/04\/LesSourcesDeCaudalie_AspergesGV_\u00a9QuentinTourbez_052023-214x300.jpg 214w, https:\/\/www.sources-hotels.com\/bordeaux\/wp-content\/uploads\/sites\/3\/2025\/04\/LesSourcesDeCaudalie_AspergesGV_\u00a9QuentinTourbez_052023-731x1024.jpg 731w, https:\/\/www.sources-hotels.com\/bordeaux\/wp-content\/uploads\/sites\/3\/2025\/04\/LesSourcesDeCaudalie_AspergesGV_\u00a9QuentinTourbez_052023-768x1076.jpg 768w, https:\/\/www.sources-hotels.com\/bordeaux\/wp-content\/uploads\/sites\/3\/2025\/04\/LesSourcesDeCaudalie_AspergesGV_\u00a9QuentinTourbez_052023-821x1150.jpg 821w\" sizes=\"auto, (max-width: 984px) 100vw, 984px\" \/>          <\/figure>\n        <\/div>\n              <div class=\"image\">\n          <figure>\n            <img loading=\"lazy\" decoding=\"async\" width=\"1260\" height=\"1600\" src=\"https:\/\/www.sources-hotels.com\/bordeaux\/wp-content\/uploads\/sites\/3\/2025\/01\/Vignes-vue-terrasses_GdeLaubier_2014-2-1260x1600.jpg\" class=\"w-full object-cover object-center\" alt=\"\" \/>          <\/figure>\n        <\/div>\n              <div class=\"image\">\n          <figure>\n            <img loading=\"lazy\" decoding=\"async\" width=\"1260\" height=\"1600\" src=\"https:\/\/www.sources-hotels.com\/bordeaux\/wp-content\/uploads\/sites\/3\/2025\/04\/IAO-matin-brume_GdeLaubier_2014-3-1965-x-2953-1260x1600.jpg\" class=\"w-full object-cover object-center\" alt=\"\" \/>          <\/figure>\n        <\/div>\n          <\/div>\n  <\/div>\n<\/section>\n\n\n\n\n<section class=\"custom-block block--room container mx-auto\">\n\n  <div class=\"content gallery-right\">\n\n    <div class=\"text\">\n\n              <h2 class=\"title\">Leben wie im Schloss<\/h2>\n      \n              <h3 class=\"subtitle\">Romantische Auszeit<\/h3>\n      \n      <div class=\"description rte\">\n        <p>Dieses 2-N\u00e4chte-Angebot erm\u00f6glicht es Ihnen, die ganze Erfahrung von Les Sources de Caudalie zu genie\u00dfen: die Entdeckung unserer besten gastronomischen Kreationen, eine Besichtigung des Ch\u00e2teau Smith Haut Lafitte, entspannende Behandlungen im Vinoth\u00e9rapie-Spa und vieles mehr\u2026<\/p>\n<p><strong>Der Aufenthalt beinhaltet:<\/strong><\/p>\n<ul>\n<li>Zwei \u00dcbernachtungen im Zimmer mit einer Flasche Champagner auf dem Zimmer<\/li>\n<li>Fr\u00fchst\u00fcck als Buffet in La Grand\u2019Vigne oder auf dem Zimmer serviert<\/li>\n<li>Ein Sterne-Men\u00fc in La Grand\u2019Vigne (je nach Verf\u00fcgbarkeit, ohne Getr\u00e4nke)<\/li>\n<li>Ein Abendessen im Landhausstil in La Table du Lavoir (je nach Verf\u00fcgbarkeit, Tagesmen\u00fc ohne Getr\u00e4nke)<\/li>\n<li>Ein Essen bei ROUGE \u2013 der Feinkostadresse (inklusive Wasser und Kaffee)<\/li>\n<li>Die private F\u00fchrung \u201eVers le Paradis\u201c im Ch\u00e2teau Smith Haut Lafitte mit anschlie\u00dfender Weinverkostung der hauseigenen Weine<\/li>\n<li>Ein halber Tag im Vinoth\u00e9rapie-Spa mit dem \u201eRituel des Vignes\u201c (je nach Verf\u00fcgbarkeit): ein Bad oder eine Packung, ein Crushed-Cabernet-Peeling, eine wohltuende K\u00f6rperpflege sowie eine umfassende Gesichtsbehandlung<\/li>\n<\/ul>\n      <\/div>\n\n              <div class=\"ctas\">\n                                <button class=\"button cta2 dedge-open\" >Buchen<\/button>\n                  <\/div>\n      \n    <\/div>\n\n    <div class=\"slider\">\n              <div class=\"image\">\n          <figure>\n            <img loading=\"lazy\" decoding=\"async\" width=\"1260\" height=\"1600\" src=\"https:\/\/www.sources-hotels.com\/bordeaux\/wp-content\/uploads\/sites\/3\/2025\/01\/Boutique-levee-du-jour-\u00a9Jean-Barge-1260x1600.jpg\" class=\"w-full object-cover object-center\" alt=\"\" \/>          <\/figure>\n        <\/div>\n              <div class=\"image\">\n          <figure>\n            <img loading=\"lazy\" decoding=\"async\" width=\"1260\" height=\"1600\" src=\"https:\/\/www.sources-hotels.com\/bordeaux\/wp-content\/uploads\/sites\/3\/2025\/02\/Suite-Signature-60-c-Its-Henriette-5_11zon-1260x1600.jpg\" class=\"w-full object-cover object-center\" alt=\"\" \/>          <\/figure>\n        <\/div>\n              <div class=\"image\">\n          <figure>\n            <img loading=\"lazy\" decoding=\"async\" width=\"1080\" height=\"604\" src=\"https:\/\/www.sources-hotels.com\/bordeaux\/wp-content\/uploads\/sites\/3\/2024\/12\/Design-sans-titre-5-1.png\" class=\"w-full object-cover object-center\" alt=\"\" srcset=\"https:\/\/www.sources-hotels.com\/bordeaux\/wp-content\/uploads\/sites\/3\/2024\/12\/Design-sans-titre-5-1.png 1080w, https:\/\/www.sources-hotels.com\/bordeaux\/wp-content\/uploads\/sites\/3\/2024\/12\/Design-sans-titre-5-1-300x168.png 300w, https:\/\/www.sources-hotels.com\/bordeaux\/wp-content\/uploads\/sites\/3\/2024\/12\/Design-sans-titre-5-1-768x430.png 768w, https:\/\/www.sources-hotels.com\/bordeaux\/wp-content\/uploads\/sites\/3\/2024\/12\/Design-sans-titre-5-1-1024x573.png 1024w\" sizes=\"auto, (max-width: 1080px) 100vw, 1080px\" \/>          <\/figure>\n        <\/div>\n          <\/div>\n  <\/div>\n<\/section>\n\n\n\n\n<section class=\"custom-block block--room container mx-auto\">\n\n  <div class=\"content gallery-left\">\n\n    <div class=\"text\">\n\n              <h2 class=\"title\">Early Bird<\/h2>\n      \n              <h3 class=\"subtitle\">Unser exklusives Fr\u00fchbucherangebot<\/h3>\n      \n      <div class=\"description rte\">\n        <p>Profitieren Sie von einem exklusiven Tarif bei fr\u00fchzeitiger Buchung.<br \/>\nF\u00fcr Aufenthalte von November bis April (je nach Verf\u00fcgbarkeit).<\/p>\n<p>Mit dem Einzug der Herbst- und Wintersaison h\u00fcllt sich Les Sources de Caudalie in warme, behagliche Farben. Die Weinreben gleiten sanft in ihren goldenen Winterschlaf, die Kamine knistern, und die frische Luft erf\u00fcllt das Anwesen mit einem beruhigenden, holzigen Duft. Es ist die Zeit f\u00fcr gem\u00fctliche R\u00fcckzugsorte, genussvolle Verkostungen im Schutz vor der K\u00e4lte und entspannende Momente im Vinoth\u00e9rapie-Spa. Eine ideale Jahreszeit, um zur Ruhe zu kommen, sich wiederzubegegnen und die franz\u00f6sische Lebenskunst in vollen Z\u00fcgen zu genie\u00dfen<\/p>\n<p><strong>Der Aufenthalt beinhaltet:<\/strong><\/p>\n<ul>\n<li style=\"list-style-type: none\">\n<ul>\n<li>\u201315\u202f% auf unsere Prestige-Zimmer, Junior Suiten und Suiten (ausschlie\u00dflich)<\/li>\n<li>Buchbar bis sp\u00e4testens 30 Tage vor Anreise<\/li>\n<li>Kostenfreie Stornierung bis 7 Tage vor Aufenthaltsbeginn<\/li>\n<li>Vorauszahlung der Buchung 7 Tage vor Anreise<\/li>\n<\/ul>\n<\/li>\n<\/ul>\n      <\/div>\n\n              <div class=\"ctas\">\n                                <button class=\"button cta2 dedge-open\" >Buchen<\/button>\n                  <\/div>\n      \n    <\/div>\n\n    <div class=\"slider\">\n              <div class=\"image\">\n          <figure>\n            <img loading=\"lazy\" decoding=\"async\" width=\"935\" height=\"1403\" src=\"https:\/\/www.sources-hotels.com\/bordeaux\/wp-content\/uploads\/sites\/3\/2025\/01\/LesSourcesDeCaudalie_Orangerie_\u00a9Itshenriette_Mai2023-2.jpg\" class=\"w-full object-cover object-center\" alt=\"\" srcset=\"https:\/\/www.sources-hotels.com\/bordeaux\/wp-content\/uploads\/sites\/3\/2025\/01\/LesSourcesDeCaudalie_Orangerie_\u00a9Itshenriette_Mai2023-2.jpg 935w, https:\/\/www.sources-hotels.com\/bordeaux\/wp-content\/uploads\/sites\/3\/2025\/01\/LesSourcesDeCaudalie_Orangerie_\u00a9Itshenriette_Mai2023-2-200x300.jpg 200w, https:\/\/www.sources-hotels.com\/bordeaux\/wp-content\/uploads\/sites\/3\/2025\/01\/LesSourcesDeCaudalie_Orangerie_\u00a9Itshenriette_Mai2023-2-682x1024.jpg 682w, https:\/\/www.sources-hotels.com\/bordeaux\/wp-content\/uploads\/sites\/3\/2025\/01\/LesSourcesDeCaudalie_Orangerie_\u00a9Itshenriette_Mai2023-2-768x1152.jpg 768w, https:\/\/www.sources-hotels.com\/bordeaux\/wp-content\/uploads\/sites\/3\/2025\/01\/LesSourcesDeCaudalie_Orangerie_\u00a9Itshenriette_Mai2023-2-766x1150.jpg 766w\" sizes=\"auto, (max-width: 935px) 100vw, 935px\" \/>          <\/figure>\n        <\/div>\n              <div class=\"image\">\n          <figure>\n            <img loading=\"lazy\" decoding=\"async\" width=\"1260\" height=\"1600\" src=\"https:\/\/www.sources-hotels.com\/bordeaux\/wp-content\/uploads\/sites\/3\/2025\/01\/Aperitif-terrasse-57-vue-pigeonnier_GdeLaubier_2014-1-1260x1600.jpg\" class=\"w-full object-cover object-center\" alt=\"\" \/>          <\/figure>\n        <\/div>\n              <div class=\"image\">\n          <figure>\n            <img loading=\"lazy\" decoding=\"async\" width=\"689\" height=\"1034\" src=\"https:\/\/www.sources-hotels.com\/bordeaux\/wp-content\/uploads\/sites\/3\/2025\/04\/SourcesDeCaudalie_Ch7_LesVignerons_\u00a9MPMorel_2022-9.jpg\" class=\"w-full object-cover object-center\" alt=\"\" srcset=\"https:\/\/www.sources-hotels.com\/bordeaux\/wp-content\/uploads\/sites\/3\/2025\/04\/SourcesDeCaudalie_Ch7_LesVignerons_\u00a9MPMorel_2022-9.jpg 689w, https:\/\/www.sources-hotels.com\/bordeaux\/wp-content\/uploads\/sites\/3\/2025\/04\/SourcesDeCaudalie_Ch7_LesVignerons_\u00a9MPMorel_2022-9-200x300.jpg 200w, https:\/\/www.sources-hotels.com\/bordeaux\/wp-content\/uploads\/sites\/3\/2025\/04\/SourcesDeCaudalie_Ch7_LesVignerons_\u00a9MPMorel_2022-9-682x1024.jpg 682w\" sizes=\"auto, (max-width: 689px) 100vw, 689px\" \/>          <\/figure>\n        <\/div>\n          <\/div>\n  <\/div>\n<\/section>\n\n\n\n\n<section class=\"custom-block block--room container mx-auto\">\n\n  <div class=\"content gallery-right\">\n\n    <div class=\"text\">\n\n              <h2 class=\"title\">Last Minute<\/h2>\n      \n              <h3 class=\"subtitle\">Angebot f\u00fcr Kurzentschlossene<\/h3>\n      \n      <div class=\"description rte\">\n        <p class=\"\" data-start=\"0\" data-end=\"107\">Exklusiver Tarif und kostenloses Fr\u00fchst\u00fcck<br data-start=\"42\" data-end=\"45\" \/>F\u00fcr Aufenthalte von November bis April (je nach Verf\u00fcgbarkeit).<\/p>\n<p class=\"\" data-start=\"109\" data-end=\"282\">10\u202f% Rabatt auf den flexiblen Tarif \u2013 und das Fr\u00fchst\u00fcck ist inklusive<br data-start=\"178\" data-end=\"181\" \/>G\u00fcltig nur f\u00fcr Buchungen unserer Prestige-Zimmer, Junior Suiten, Prestige Suiten und Signature Suiten.<\/p>\n<p><strong>Bedingungen des Angebots:<\/strong><\/p>\n<ul>\n<li>Buchbar bis sp\u00e4testens 29 Tage vor Anreise<\/li>\n<li>Kostenfreie Stornierung bis 7 Tage vor Aufenthaltsbeginn<\/li>\n<li>Vorauszahlung der Buchung 7 Tage vor Anreise<\/li>\n<\/ul>\n      <\/div>\n\n              <div class=\"ctas\">\n                                <button class=\"button cta2 dedge-open\" >Buchen<\/button>\n                  <\/div>\n      \n    <\/div>\n\n    <div class=\"slider\">\n              <div class=\"image\">\n          <figure>\n            <img loading=\"lazy\" decoding=\"async\" width=\"935\" height=\"1403\" src=\"https:\/\/www.sources-hotels.com\/bordeaux\/wp-content\/uploads\/sites\/3\/2025\/01\/LesSourcesDeCaudalie_GrangeAuBateau_34_\u00a9Itshenriette_Mai2023-2.jpg\" class=\"w-full object-cover object-center\" alt=\"\" srcset=\"https:\/\/www.sources-hotels.com\/bordeaux\/wp-content\/uploads\/sites\/3\/2025\/01\/LesSourcesDeCaudalie_GrangeAuBateau_34_\u00a9Itshenriette_Mai2023-2.jpg 935w, https:\/\/www.sources-hotels.com\/bordeaux\/wp-content\/uploads\/sites\/3\/2025\/01\/LesSourcesDeCaudalie_GrangeAuBateau_34_\u00a9Itshenriette_Mai2023-2-766x1150.jpg 766w, https:\/\/www.sources-hotels.com\/bordeaux\/wp-content\/uploads\/sites\/3\/2025\/01\/LesSourcesDeCaudalie_GrangeAuBateau_34_\u00a9Itshenriette_Mai2023-2-200x300.jpg 200w, https:\/\/www.sources-hotels.com\/bordeaux\/wp-content\/uploads\/sites\/3\/2025\/01\/LesSourcesDeCaudalie_GrangeAuBateau_34_\u00a9Itshenriette_Mai2023-2-768x1152.jpg 768w, https:\/\/www.sources-hotels.com\/bordeaux\/wp-content\/uploads\/sites\/3\/2025\/01\/LesSourcesDeCaudalie_GrangeAuBateau_34_\u00a9Itshenriette_Mai2023-2-682x1024.jpg 682w\" sizes=\"auto, (max-width: 935px) 100vw, 935px\" \/>          <\/figure>\n        <\/div>\n              <div class=\"image\">\n          <figure>\n            <img loading=\"lazy\" decoding=\"async\" width=\"1260\" height=\"1600\" src=\"https:\/\/www.sources-hotels.com\/bordeaux\/wp-content\/uploads\/sites\/3\/2025\/01\/Maison-du-lievre-jardin_GdeLaubier_2014-2-1260x1600.jpg\" class=\"w-full object-cover object-center\" alt=\"\" \/>          <\/figure>\n        <\/div>\n              <div class=\"image\">\n          <figure>\n            <img loading=\"lazy\" decoding=\"async\" width=\"1260\" height=\"1600\" src=\"https:\/\/www.sources-hotels.com\/bordeaux\/wp-content\/uploads\/sites\/3\/2025\/01\/Chevaux-dans-les-vignes-Eragon-et.-\u00a9Jean-Barge-1260x1600.jpg\" class=\"w-full object-cover object-center\" alt=\"\" \/>          <\/figure>\n        <\/div>\n          <\/div>\n  <\/div>\n<\/section>\n\n","protected":false},"excerpt":{"rendered":"","protected":false},"author":1,"featured_media":0,"parent":0,"menu_order":0,"comment_status":"closed","ping_status":"closed","template":"","meta":{"_acf_changed":false,"footnotes":""},"hotels":[],"doc_cat":[],"class_list":["post-3954","page","type-page","status-publish","hentry"],"acf":[],"yoast_head":"<!-- This site is optimized with the Yoast SEO plugin v25.6 - https:\/\/yoast.com\/wordpress\/plugins\/seo\/ -->\n<title>Angebote Bordeaux - Hotel Les Sources de Caudalie<\/title>\n<meta name=\"description\" content=\"Entdecken Sie unsere Pauschalen und Sonderangebote f\u00fcr einen Aufenthalt in Bordeaux im Hotel Les Sources de Caudalie.\" \/>\n<meta name=\"robots\" content=\"index, follow, max-snippet:-1, max-image-preview:large, max-video-preview:-1\" \/>\n<link rel=\"canonical\" href=\"https:\/\/www.sources-hotels.com\/bordeaux\/de\/angebote\/\" \/>\n<meta property=\"og:locale\" content=\"de_DE\" \/>\n<meta property=\"og:type\" content=\"article\" \/>\n<meta property=\"og:title\" content=\"Angebote Bordeaux - Hotel Les Sources de Caudalie\" \/>\n<meta property=\"og:description\" content=\"Entdecken Sie unsere Pauschalen und Sonderangebote f\u00fcr einen Aufenthalt in Bordeaux im Hotel Les Sources de Caudalie.\" \/>\n<meta property=\"og:url\" content=\"https:\/\/www.sources-hotels.com\/bordeaux\/de\/angebote\/\" \/>\n<meta property=\"og:site_name\" content=\"Les Sources de Caudalie\" \/>\n<meta property=\"article:modified_time\" content=\"2026-02-27T12:55:58+00:00\" \/>\n<meta name=\"twitter:card\" content=\"summary_large_image\" \/>\n<script type=\"application\/ld+json\" class=\"yoast-schema-graph\">{\"@context\":\"https:\/\/schema.org\",\"@graph\":[{\"@type\":\"WebPage\",\"@id\":\"https:\/\/www.sources-hotels.com\/bordeaux\/de\/angebote\/\",\"url\":\"https:\/\/www.sources-hotels.com\/bordeaux\/de\/angebote\/\",\"name\":\"Angebote Bordeaux - Hotel Les Sources de Caudalie\",\"isPartOf\":{\"@id\":\"https:\/\/www.sources-hotels.com\/bordeaux\/de\/#website\"},\"datePublished\":\"2024-12-31T12:42:18+00:00\",\"dateModified\":\"2026-02-27T12:55:58+00:00\",\"description\":\"Entdecken Sie unsere Pauschalen und Sonderangebote f\u00fcr einen Aufenthalt in Bordeaux im Hotel Les Sources de Caudalie.\",\"breadcrumb\":{\"@id\":\"https:\/\/www.sources-hotels.com\/bordeaux\/de\/angebote\/#breadcrumb\"},\"inLanguage\":\"de-DE\",\"potentialAction\":[{\"@type\":\"ReadAction\",\"target\":[\"https:\/\/www.sources-hotels.com\/bordeaux\/de\/angebote\/\"]}]},{\"@type\":\"BreadcrumbList\",\"@id\":\"https:\/\/www.sources-hotels.com\/bordeaux\/de\/angebote\/#breadcrumb\",\"itemListElement\":[{\"@type\":\"ListItem\",\"position\":1,\"name\":\"Accueil\",\"item\":\"https:\/\/www.sources-hotels.com\/bordeaux\/de\/\"},{\"@type\":\"ListItem\",\"position\":2,\"name\":\"Angebote\"}]},{\"@type\":\"WebSite\",\"@id\":\"https:\/\/www.sources-hotels.com\/bordeaux\/de\/#website\",\"url\":\"https:\/\/www.sources-hotels.com\/bordeaux\/de\/\",\"name\":\"Les Sources de Caudalie\",\"description\":\"\",\"publisher\":{\"@id\":\"https:\/\/www.sources-hotels.com\/bordeaux\/de\/#organization\"},\"potentialAction\":[{\"@type\":\"SearchAction\",\"target\":{\"@type\":\"EntryPoint\",\"urlTemplate\":\"https:\/\/www.sources-hotels.com\/bordeaux\/de\/?s={search_term_string}\"},\"query-input\":{\"@type\":\"PropertyValueSpecification\",\"valueRequired\":true,\"valueName\":\"search_term_string\"}}],\"inLanguage\":\"de-DE\"},{\"@type\":\"Organization\",\"@id\":\"https:\/\/www.sources-hotels.com\/bordeaux\/de\/#organization\",\"name\":\"Les Sources de Caudalie\",\"url\":\"https:\/\/www.sources-hotels.com\/bordeaux\/de\/\",\"logo\":{\"@type\":\"ImageObject\",\"inLanguage\":\"de-DE\",\"@id\":\"https:\/\/www.sources-hotels.com\/bordeaux\/de\/#\/schema\/logo\/image\/\",\"url\":\"https:\/\/www.sources-hotels.com\/bordeaux\/wp-content\/uploads\/sites\/3\/2025\/03\/logo-caudalie.png\",\"contentUrl\":\"https:\/\/www.sources-hotels.com\/bordeaux\/wp-content\/uploads\/sites\/3\/2025\/03\/logo-caudalie.png\",\"width\":696,\"height\":308,\"caption\":\"Les Sources de Caudalie\"},\"image\":{\"@id\":\"https:\/\/www.sources-hotels.com\/bordeaux\/de\/#\/schema\/logo\/image\/\"}}]}<\/script>\n<!-- \/ Yoast SEO plugin. -->","yoast_head_json":{"title":"Angebote Bordeaux - Hotel Les Sources de Caudalie","description":"Entdecken Sie unsere Pauschalen und Sonderangebote f\u00fcr einen Aufenthalt in Bordeaux im Hotel Les Sources de Caudalie.","robots":{"index":"index","follow":"follow","max-snippet":"max-snippet:-1","max-image-preview":"max-image-preview:large","max-video-preview":"max-video-preview:-1"},"canonical":"https:\/\/www.sources-hotels.com\/bordeaux\/de\/angebote\/","og_locale":"de_DE","og_type":"article","og_title":"Angebote Bordeaux - Hotel Les Sources de Caudalie","og_description":"Entdecken Sie unsere Pauschalen und Sonderangebote f\u00fcr einen Aufenthalt in Bordeaux im Hotel Les Sources de Caudalie.","og_url":"https:\/\/www.sources-hotels.com\/bordeaux\/de\/angebote\/","og_site_name":"Les Sources de Caudalie","article_modified_time":"2026-02-27T12:55:58+00:00","twitter_card":"summary_large_image","schema":{"@context":"https:\/\/schema.org","@graph":[{"@type":"WebPage","@id":"https:\/\/www.sources-hotels.com\/bordeaux\/de\/angebote\/","url":"https:\/\/www.sources-hotels.com\/bordeaux\/de\/angebote\/","name":"Angebote Bordeaux - Hotel Les Sources de Caudalie","isPartOf":{"@id":"https:\/\/www.sources-hotels.com\/bordeaux\/de\/#website"},"datePublished":"2024-12-31T12:42:18+00:00","dateModified":"2026-02-27T12:55:58+00:00","description":"Entdecken Sie unsere Pauschalen und Sonderangebote f\u00fcr einen Aufenthalt in Bordeaux im Hotel Les Sources de Caudalie.","breadcrumb":{"@id":"https:\/\/www.sources-hotels.com\/bordeaux\/de\/angebote\/#breadcrumb"},"inLanguage":"de-DE","potentialAction":[{"@type":"ReadAction","target":["https:\/\/www.sources-hotels.com\/bordeaux\/de\/angebote\/"]}]},{"@type":"BreadcrumbList","@id":"https:\/\/www.sources-hotels.com\/bordeaux\/de\/angebote\/#breadcrumb","itemListElement":[{"@type":"ListItem","position":1,"name":"Accueil","item":"https:\/\/www.sources-hotels.com\/bordeaux\/de\/"},{"@type":"ListItem","position":2,"name":"Angebote"}]},{"@type":"WebSite","@id":"https:\/\/www.sources-hotels.com\/bordeaux\/de\/#website","url":"https:\/\/www.sources-hotels.com\/bordeaux\/de\/","name":"Les Sources de Caudalie","description":"","publisher":{"@id":"https:\/\/www.sources-hotels.com\/bordeaux\/de\/#organization"},"potentialAction":[{"@type":"SearchAction","target":{"@type":"EntryPoint","urlTemplate":"https:\/\/www.sources-hotels.com\/bordeaux\/de\/?s={search_term_string}"},"query-input":{"@type":"PropertyValueSpecification","valueRequired":true,"valueName":"search_term_string"}}],"inLanguage":"de-DE"},{"@type":"Organization","@id":"https:\/\/www.sources-hotels.com\/bordeaux\/de\/#organization","name":"Les Sources de Caudalie","url":"https:\/\/www.sources-hotels.com\/bordeaux\/de\/","logo":{"@type":"ImageObject","inLanguage":"de-DE","@id":"https:\/\/www.sources-hotels.com\/bordeaux\/de\/#\/schema\/logo\/image\/","url":"https:\/\/www.sources-hotels.com\/bordeaux\/wp-content\/uploads\/sites\/3\/2025\/03\/logo-caudalie.png","contentUrl":"https:\/\/www.sources-hotels.com\/bordeaux\/wp-content\/uploads\/sites\/3\/2025\/03\/logo-caudalie.png","width":696,"height":308,"caption":"Les Sources de Caudalie"},"image":{"@id":"https:\/\/www.sources-hotels.com\/bordeaux\/de\/#\/schema\/logo\/image\/"}}]}},"_links":{"self":[{"href":"https:\/\/www.sources-hotels.com\/bordeaux\/de\/wp-json\/wp\/v2\/pages\/3954","targetHints":{"allow":["GET"]}}],"collection":[{"href":"https:\/\/www.sources-hotels.com\/bordeaux\/de\/wp-json\/wp\/v2\/pages"}],"about":[{"href":"https:\/\/www.sources-hotels.com\/bordeaux\/de\/wp-json\/wp\/v2\/types\/page"}],"author":[{"embeddable":true,"href":"https:\/\/www.sources-hotels.com\/bordeaux\/de\/wp-json\/wp\/v2\/users\/1"}],"replies":[{"embeddable":true,"href":"https:\/\/www.sources-hotels.com\/bordeaux\/de\/wp-json\/wp\/v2\/comments?post=3954"}],"version-history":[{"count":23,"href":"https:\/\/www.sources-hotels.com\/bordeaux\/de\/wp-json\/wp\/v2\/pages\/3954\/revisions"}],"predecessor-version":[{"id":6273,"href":"https:\/\/www.sources-hotels.com\/bordeaux\/de\/wp-json\/wp\/v2\/pages\/3954\/revisions\/6273"}],"wp:attachment":[{"href":"https:\/\/www.sources-hotels.com\/bordeaux\/de\/wp-json\/wp\/v2\/media?parent=3954"}],"wp:term":[{"taxonomy":"hotels","embeddable":true,"href":"https:\/\/www.sources-hotels.com\/bordeaux\/de\/wp-json\/wp\/v2\/hotels?post=3954"},{"taxonomy":"doc_cat","embeddable":true,"href":"https:\/\/www.sources-hotels.com\/bordeaux\/de\/wp-json\/wp\/v2\/doc_cat?post=3954"}],"curies":[{"name":"wp","href":"https:\/\/api.w.org\/{rel}","templated":true}]}}