{"id":3958,"date":"2024-12-31T15:01:02","date_gmt":"2024-12-31T14:01:02","guid":{"rendered":"https:\/\/www.sources-hotels.com\/bordeaux\/?page_id=3958"},"modified":"2025-06-02T14:33:38","modified_gmt":"2025-06-02T12:33:38","slug":"hochzeit","status":"publish","type":"page","link":"https:\/\/www.sources-hotels.com\/bordeaux\/de\/tagen-feiern\/hochzeit\/","title":{"rendered":"Hochzeit"},"content":{"rendered":"\n<section class=\"custom-block block--header aspect-[375\/700] text-center text-white overflow-hidden pt-[100rem] relative tablet:aspect-auto tablet:h-[700rem] tablet:pt-[420rem]\">\n\n    <h1>\n                    <span>\n                Unsere            <\/span>\n                            Hochzeiten            <\/h1>\n\n    \n    <span class=\"scroll-down hidden text-[12rem] tracking-[2rem] uppercase font-title cursor-pointer opacity-[64%] pb-[66rem] absolute left-2\/4 bottom-0 translate-x-[-50%] after:w-[1px] after:h-[50rem] after:bg-white after:opacity-[40%] after:absolute after:bottom-0 after:left-[50%] tablet:block\">\n        Mehr entdecken    <\/span>\n\n    <figure class=\"min-w-full min-h-full aspect-video overflow-hidden absolute top-2\/4 left-2\/4 translate-x-[-50%] translate-y-[-50%] z-[-1] before:bg-black before:opacity-[35%] before:mix-blend-multiply before:absolute before:top-0 before:left-0 before:right-0 before:bottom-0 before:z-[2]\">\n                    <img loading=\"lazy\" decoding=\"async\" width=\"2000\" height=\"1125\" src=\"https:\/\/www.sources-hotels.com\/bordeaux\/wp-content\/uploads\/sites\/3\/2025\/01\/DJI_0045-2000-x-1125.jpg\" class=\"h-full w-full object-cover object-center\" alt=\"\" srcset=\"https:\/\/www.sources-hotels.com\/bordeaux\/wp-content\/uploads\/sites\/3\/2025\/01\/DJI_0045-2000-x-1125.jpg 2000w, https:\/\/www.sources-hotels.com\/bordeaux\/wp-content\/uploads\/sites\/3\/2025\/01\/DJI_0045-2000-x-1125-300x169.jpg 300w, https:\/\/www.sources-hotels.com\/bordeaux\/wp-content\/uploads\/sites\/3\/2025\/01\/DJI_0045-2000-x-1125-1024x576.jpg 1024w, https:\/\/www.sources-hotels.com\/bordeaux\/wp-content\/uploads\/sites\/3\/2025\/01\/DJI_0045-2000-x-1125-768x432.jpg 768w, https:\/\/www.sources-hotels.com\/bordeaux\/wp-content\/uploads\/sites\/3\/2025\/01\/DJI_0045-2000-x-1125-1536x864.jpg 1536w\" sizes=\"auto, (max-width: 2000px) 100vw, 2000px\" \/>            <\/figure>\n\n        \n<\/section>\n\n    \n\n<section class=\"custom-block block--text-1-large-visual-watermark-writing overflow-visible z-[0]\">\n\n      <h2 class=\"block-title\">Hochzeiten &amp; Familienfeiern<\/h2>\n  \n  <div class=\"block-content picture-left\">\n\n    <div class=\"content\">\n\n      \n      <div class=\"text rte\">\n\n                  <h3 class=\"subtitle text-black\">Die Chartreuse du Thil \u2013 ein Ort voller Charme<\/h3>\n        \n        <div class=\"rte\">\n          <p><span style=\"font-weight: 400\">A seulement 1,5km de l\u2019h\u00f4tel, laissez-vous ainsi surprendre par le charme et l\u2019authenticit\u00e9 de la Chartreuse du Thil, une maison chaleureuse, habill\u00e9e de tissus chatoyants, de lustres et de meubles antiques.<\/span><\/p>\n<p><span style=\"font-weight: 400\">Les 9 chambres et les 2 suites disposent toutes d\u2019une magnifique vue sur le parc s\u00e9culaire, et leur d\u00e9coration, dans un esprit brocante chic, met en valeur les superbes volumes de la maison<\/span><span style=\"font-weight: 400\"><br \/>\n<\/span><\/p>\n<p><span style=\"font-weight: 400\">Nur 1,5 km vom Hotel entfernt erwartet Sie der authentische Charme der Chartreuse du Thil \u2013 ein warmherziges Haus, geschm\u00fcckt mit schimmernden Stoffen, Kronleuchtern und antiken M\u00f6beln. <\/p>\n<p>Die 9 Zimmer und 2 Suiten bieten einen herrlichen Blick auf den jahrhundertealten Park. Ihre stilvolle Einrichtung im \u201eBrocante-Chic\u201c unterstreicht die grossz\u00fcgigen Proportionen des Hauses. <\/p>\n<p>Entdecken Sie die Salons mit ihrem originalen Holzwerk, den historischen Wandteppichen und dem beeindruckenden Blick in den Park. Sie bilden den idealen Rahmen f\u00fcr erholsame oder gesellige Momente mit Familie und Freunden. <\/p>\n<p>Machen Sie das Ch\u00e2teau Le Thil zu Ihrem Zuhause f\u00fcr ein ganzes Wochenende. Verl\u00e4ngern Sie Ihre Feier mit einer Degustation grosser Weine, einem Galadinner oder einer Nacht vollkommener Ruhe. <\/p>\n<p>Unser Verkaufsteam steht Ihnen gerne zur Verf\u00fcgung, um Ihr Projekt f\u00fcr eine famili\u00e4re Feier oder eine intime Hochzeit zu besprechen. <\/p>\n<p>F\u00fcr gr\u00f6ssere Hochzeitsfeiern k\u00f6nnen Ihnen die Teams des Ch\u00e2teau Smith Haut Lafitte passende R\u00e4umlichkeiten anbieten. <\/span><\/p>\n        <\/div>\n\n        <div class=\"cta\">\n            <a href=\"https:\/\/sources-hotels.backyou.app\/de\/c\/request\/les-sources-de-caudalie#__step_request_0\"  target=\"_blank\" class=\"button\" >\n        Kontaktieren Sie unser Team   <\/a>\n        <\/div>\n\n      <\/div>\n\n    <\/div>\n\n    <div class=\"image\">\n      <figure>\n        <img loading=\"lazy\" decoding=\"async\" width=\"1260\" height=\"1600\" src=\"https:\/\/www.sources-hotels.com\/bordeaux\/wp-content\/uploads\/sites\/3\/2025\/01\/Terrasse-1-1-1260x1600.jpg\" class=\"h-full w-full object-cover object-center\" alt=\"\" \/>      <\/figure>\n    <\/div>\n\n  <\/div>\n\n  \n<\/section>\n\n<section class=\"custom-block block--three-visuals-cta mx-auto text-center\">\n\n                    <div class=\"images\">\n                            <div class=\"relative\">\n                    <figure>\n                        <img loading=\"lazy\" decoding=\"async\" width=\"840\" height=\"600\" src=\"https:\/\/www.sources-hotels.com\/bordeaux\/wp-content\/uploads\/sites\/3\/2025\/01\/Chambre-Retour-des-Indes-840x600.jpg\" class=\"w-full h-full object-cover object-center\" alt=\"\" \/>                    <\/figure>\n                                    <\/div>\n                            <div class=\"relative\">\n                    <figure>\n                        <img loading=\"lazy\" decoding=\"async\" width=\"840\" height=\"600\" src=\"https:\/\/www.sources-hotels.com\/bordeaux\/wp-content\/uploads\/sites\/3\/2025\/01\/SAM-Petit-dej_GdeLaubier-840x600.jpg\" class=\"w-full h-full object-cover object-center\" alt=\"\" \/>                    <\/figure>\n                                    <\/div>\n                            <div class=\"relative\">\n                    <figure>\n                        <img loading=\"lazy\" decoding=\"async\" width=\"840\" height=\"600\" src=\"https:\/\/www.sources-hotels.com\/bordeaux\/wp-content\/uploads\/sites\/3\/2025\/01\/Salon-Rotonde2_GdeLaubier-840x600.jpg\" class=\"w-full h-full object-cover object-center\" alt=\"\" \/>                    <\/figure>\n                                    <\/div>\n                    <\/div>\n    \n\n    \n\n\n\n<\/section>","protected":false},"excerpt":{"rendered":"","protected":false},"author":1,"featured_media":0,"parent":3956,"menu_order":0,"comment_status":"closed","ping_status":"closed","template":"","meta":{"_acf_changed":false,"footnotes":""},"hotels":[],"doc_cat":[],"class_list":["post-3958","page","type-page","status-publish","hentry"],"acf":[],"yoast_head":"<!-- This site is optimized with the Yoast SEO plugin v27.4 - https:\/\/yoast.com\/product\/yoast-seo-wordpress\/ -->\n<title>Buchen Sie eine Hochzeitslocation in Bordeaux | Les Sources de Caudalie<\/title>\n<meta name=\"description\" content=\"Reservieren Sie die luxuri\u00f6seste Hochzeitslocation in Aquitanien und feiern Sie Ihre Hochzeit auf einem au\u00dfergew\u00f6hnlichen Anwesen! Buchen Sie noch heute.\" \/>\n<meta name=\"robots\" content=\"index, follow, max-snippet:-1, max-image-preview:large, max-video-preview:-1\" \/>\n<link rel=\"canonical\" href=\"https:\/\/www.sources-hotels.com\/bordeaux\/de\/tagen-feiern\/hochzeit\/\" \/>\n<meta property=\"og:locale\" content=\"de_DE\" \/>\n<meta property=\"og:type\" content=\"article\" \/>\n<meta property=\"og:title\" content=\"Buchen Sie eine Hochzeitslocation in Bordeaux | Les Sources de Caudalie\" \/>\n<meta property=\"og:description\" content=\"Reservieren Sie die luxuri\u00f6seste Hochzeitslocation in Aquitanien und feiern Sie Ihre Hochzeit auf einem au\u00dfergew\u00f6hnlichen Anwesen! Buchen Sie noch heute.\" \/>\n<meta property=\"og:url\" content=\"https:\/\/www.sources-hotels.com\/bordeaux\/de\/tagen-feiern\/hochzeit\/\" \/>\n<meta property=\"og:site_name\" content=\"Les Sources de Caudalie\" \/>\n<meta property=\"article:modified_time\" content=\"2025-06-02T12:33:38+00:00\" \/>\n<meta name=\"twitter:card\" content=\"summary_large_image\" \/>\n<script type=\"application\/ld+json\" class=\"yoast-schema-graph\">{\"@context\":\"https:\\\/\\\/schema.org\",\"@graph\":[{\"@type\":\"WebPage\",\"@id\":\"https:\\\/\\\/www.sources-hotels.com\\\/bordeaux\\\/de\\\/tagen-feiern\\\/hochzeit\\\/\",\"url\":\"https:\\\/\\\/www.sources-hotels.com\\\/bordeaux\\\/de\\\/tagen-feiern\\\/hochzeit\\\/\",\"name\":\"Buchen Sie eine Hochzeitslocation in Bordeaux | Les Sources de Caudalie\",\"isPartOf\":{\"@id\":\"https:\\\/\\\/www.sources-hotels.com\\\/bordeaux\\\/de\\\/#website\"},\"datePublished\":\"2024-12-31T14:01:02+00:00\",\"dateModified\":\"2025-06-02T12:33:38+00:00\",\"description\":\"Reservieren Sie die luxuri\u00f6seste Hochzeitslocation in Aquitanien und feiern Sie Ihre Hochzeit auf einem au\u00dfergew\u00f6hnlichen Anwesen! Buchen Sie noch heute.\",\"breadcrumb\":{\"@id\":\"https:\\\/\\\/www.sources-hotels.com\\\/bordeaux\\\/de\\\/tagen-feiern\\\/hochzeit\\\/#breadcrumb\"},\"inLanguage\":\"de-DE\",\"potentialAction\":[{\"@type\":\"ReadAction\",\"target\":[\"https:\\\/\\\/www.sources-hotels.com\\\/bordeaux\\\/de\\\/tagen-feiern\\\/hochzeit\\\/\"]}]},{\"@type\":\"BreadcrumbList\",\"@id\":\"https:\\\/\\\/www.sources-hotels.com\\\/bordeaux\\\/de\\\/tagen-feiern\\\/hochzeit\\\/#breadcrumb\",\"itemListElement\":[{\"@type\":\"ListItem\",\"position\":1,\"name\":\"Accueil\",\"item\":\"https:\\\/\\\/www.sources-hotels.com\\\/bordeaux\\\/de\\\/\"},{\"@type\":\"ListItem\",\"position\":2,\"name\":\"Tagen &amp; Feiern\",\"item\":\"https:\\\/\\\/www.sources-hotels.com\\\/bordeaux\\\/de\\\/tagen-feiern\\\/\"},{\"@type\":\"ListItem\",\"position\":3,\"name\":\"Hochzeit\"}]},{\"@type\":\"WebSite\",\"@id\":\"https:\\\/\\\/www.sources-hotels.com\\\/bordeaux\\\/de\\\/#website\",\"url\":\"https:\\\/\\\/www.sources-hotels.com\\\/bordeaux\\\/de\\\/\",\"name\":\"Les Sources de Caudalie\",\"description\":\"\",\"publisher\":{\"@id\":\"https:\\\/\\\/www.sources-hotels.com\\\/bordeaux\\\/de\\\/#organization\"},\"potentialAction\":[{\"@type\":\"SearchAction\",\"target\":{\"@type\":\"EntryPoint\",\"urlTemplate\":\"https:\\\/\\\/www.sources-hotels.com\\\/bordeaux\\\/de\\\/?s={search_term_string}\"},\"query-input\":{\"@type\":\"PropertyValueSpecification\",\"valueRequired\":true,\"valueName\":\"search_term_string\"}}],\"inLanguage\":\"de-DE\"},{\"@type\":\"Organization\",\"@id\":\"https:\\\/\\\/www.sources-hotels.com\\\/bordeaux\\\/de\\\/#organization\",\"name\":\"Les Sources de Caudalie\",\"url\":\"https:\\\/\\\/www.sources-hotels.com\\\/bordeaux\\\/de\\\/\",\"logo\":{\"@type\":\"ImageObject\",\"inLanguage\":\"de-DE\",\"@id\":\"https:\\\/\\\/www.sources-hotels.com\\\/bordeaux\\\/de\\\/#\\\/schema\\\/logo\\\/image\\\/\",\"url\":\"https:\\\/\\\/www.sources-hotels.com\\\/bordeaux\\\/wp-content\\\/uploads\\\/sites\\\/3\\\/2025\\\/03\\\/logo-caudalie.png\",\"contentUrl\":\"https:\\\/\\\/www.sources-hotels.com\\\/bordeaux\\\/wp-content\\\/uploads\\\/sites\\\/3\\\/2025\\\/03\\\/logo-caudalie.png\",\"width\":696,\"height\":308,\"caption\":\"Les Sources de Caudalie\"},\"image\":{\"@id\":\"https:\\\/\\\/www.sources-hotels.com\\\/bordeaux\\\/de\\\/#\\\/schema\\\/logo\\\/image\\\/\"}}]}<\/script>\n<!-- \/ Yoast SEO plugin. -->","yoast_head_json":{"title":"Buchen Sie eine Hochzeitslocation in Bordeaux | Les Sources de Caudalie","description":"Reservieren Sie die luxuri\u00f6seste Hochzeitslocation in Aquitanien und feiern Sie Ihre Hochzeit auf einem au\u00dfergew\u00f6hnlichen Anwesen! Buchen Sie noch heute.","robots":{"index":"index","follow":"follow","max-snippet":"max-snippet:-1","max-image-preview":"max-image-preview:large","max-video-preview":"max-video-preview:-1"},"canonical":"https:\/\/www.sources-hotels.com\/bordeaux\/de\/tagen-feiern\/hochzeit\/","og_locale":"de_DE","og_type":"article","og_title":"Buchen Sie eine Hochzeitslocation in Bordeaux | Les Sources de Caudalie","og_description":"Reservieren Sie die luxuri\u00f6seste Hochzeitslocation in Aquitanien und feiern Sie Ihre Hochzeit auf einem au\u00dfergew\u00f6hnlichen Anwesen! Buchen Sie noch heute.","og_url":"https:\/\/www.sources-hotels.com\/bordeaux\/de\/tagen-feiern\/hochzeit\/","og_site_name":"Les Sources de Caudalie","article_modified_time":"2025-06-02T12:33:38+00:00","twitter_card":"summary_large_image","schema":{"@context":"https:\/\/schema.org","@graph":[{"@type":"WebPage","@id":"https:\/\/www.sources-hotels.com\/bordeaux\/de\/tagen-feiern\/hochzeit\/","url":"https:\/\/www.sources-hotels.com\/bordeaux\/de\/tagen-feiern\/hochzeit\/","name":"Buchen Sie eine Hochzeitslocation in Bordeaux | Les Sources de Caudalie","isPartOf":{"@id":"https:\/\/www.sources-hotels.com\/bordeaux\/de\/#website"},"datePublished":"2024-12-31T14:01:02+00:00","dateModified":"2025-06-02T12:33:38+00:00","description":"Reservieren Sie die luxuri\u00f6seste Hochzeitslocation in Aquitanien und feiern Sie Ihre Hochzeit auf einem au\u00dfergew\u00f6hnlichen Anwesen! Buchen Sie noch heute.","breadcrumb":{"@id":"https:\/\/www.sources-hotels.com\/bordeaux\/de\/tagen-feiern\/hochzeit\/#breadcrumb"},"inLanguage":"de-DE","potentialAction":[{"@type":"ReadAction","target":["https:\/\/www.sources-hotels.com\/bordeaux\/de\/tagen-feiern\/hochzeit\/"]}]},{"@type":"BreadcrumbList","@id":"https:\/\/www.sources-hotels.com\/bordeaux\/de\/tagen-feiern\/hochzeit\/#breadcrumb","itemListElement":[{"@type":"ListItem","position":1,"name":"Accueil","item":"https:\/\/www.sources-hotels.com\/bordeaux\/de\/"},{"@type":"ListItem","position":2,"name":"Tagen &amp; Feiern","item":"https:\/\/www.sources-hotels.com\/bordeaux\/de\/tagen-feiern\/"},{"@type":"ListItem","position":3,"name":"Hochzeit"}]},{"@type":"WebSite","@id":"https:\/\/www.sources-hotels.com\/bordeaux\/de\/#website","url":"https:\/\/www.sources-hotels.com\/bordeaux\/de\/","name":"Les Sources de Caudalie","description":"","publisher":{"@id":"https:\/\/www.sources-hotels.com\/bordeaux\/de\/#organization"},"potentialAction":[{"@type":"SearchAction","target":{"@type":"EntryPoint","urlTemplate":"https:\/\/www.sources-hotels.com\/bordeaux\/de\/?s={search_term_string}"},"query-input":{"@type":"PropertyValueSpecification","valueRequired":true,"valueName":"search_term_string"}}],"inLanguage":"de-DE"},{"@type":"Organization","@id":"https:\/\/www.sources-hotels.com\/bordeaux\/de\/#organization","name":"Les Sources de Caudalie","url":"https:\/\/www.sources-hotels.com\/bordeaux\/de\/","logo":{"@type":"ImageObject","inLanguage":"de-DE","@id":"https:\/\/www.sources-hotels.com\/bordeaux\/de\/#\/schema\/logo\/image\/","url":"https:\/\/www.sources-hotels.com\/bordeaux\/wp-content\/uploads\/sites\/3\/2025\/03\/logo-caudalie.png","contentUrl":"https:\/\/www.sources-hotels.com\/bordeaux\/wp-content\/uploads\/sites\/3\/2025\/03\/logo-caudalie.png","width":696,"height":308,"caption":"Les Sources de Caudalie"},"image":{"@id":"https:\/\/www.sources-hotels.com\/bordeaux\/de\/#\/schema\/logo\/image\/"}}]}},"_links":{"self":[{"href":"https:\/\/www.sources-hotels.com\/bordeaux\/de\/wp-json\/wp\/v2\/pages\/3958","targetHints":{"allow":["GET"]}}],"collection":[{"href":"https:\/\/www.sources-hotels.com\/bordeaux\/de\/wp-json\/wp\/v2\/pages"}],"about":[{"href":"https:\/\/www.sources-hotels.com\/bordeaux\/de\/wp-json\/wp\/v2\/types\/page"}],"author":[{"embeddable":true,"href":"https:\/\/www.sources-hotels.com\/bordeaux\/de\/wp-json\/wp\/v2\/users\/1"}],"replies":[{"embeddable":true,"href":"https:\/\/www.sources-hotels.com\/bordeaux\/de\/wp-json\/wp\/v2\/comments?post=3958"}],"version-history":[{"count":4,"href":"https:\/\/www.sources-hotels.com\/bordeaux\/de\/wp-json\/wp\/v2\/pages\/3958\/revisions"}],"predecessor-version":[{"id":4991,"href":"https:\/\/www.sources-hotels.com\/bordeaux\/de\/wp-json\/wp\/v2\/pages\/3958\/revisions\/4991"}],"up":[{"embeddable":true,"href":"https:\/\/www.sources-hotels.com\/bordeaux\/de\/wp-json\/wp\/v2\/pages\/3956"}],"wp:attachment":[{"href":"https:\/\/www.sources-hotels.com\/bordeaux\/de\/wp-json\/wp\/v2\/media?parent=3958"}],"wp:term":[{"taxonomy":"hotels","embeddable":true,"href":"https:\/\/www.sources-hotels.com\/bordeaux\/de\/wp-json\/wp\/v2\/hotels?post=3958"},{"taxonomy":"doc_cat","embeddable":true,"href":"https:\/\/www.sources-hotels.com\/bordeaux\/de\/wp-json\/wp\/v2\/doc_cat?post=3958"}],"curies":[{"name":"wp","href":"https:\/\/api.w.org\/{rel}","templated":true}]}}