{"id":3960,"date":"2024-12-31T15:08:16","date_gmt":"2024-12-31T14:08:16","guid":{"rendered":"https:\/\/www.sources-hotels.com\/bordeaux\/?page_id=3960"},"modified":"2025-08-25T11:56:37","modified_gmt":"2025-08-25T09:56:37","slug":"anzeigne-kontakt","status":"publish","type":"page","link":"https:\/\/www.sources-hotels.com\/bordeaux\/de\/anzeigne-kontakt\/","title":{"rendered":"Anzeigne und Kontakt"},"content":{"rendered":"\n<section class=\"custom-block block--header h-[206rem] text-center text-white overflow-hidden pt-[100rem] relative tablet:h-[700rem] tablet:pt-[420rem]\">\n\n    <h1>\n                            Anfahrt und Kontakt            <\/h1>\n\n    \n    <span class=\"scroll-down hidden text-[12rem] tracking-[2rem] uppercase font-title cursor-pointer opacity-[64%] pb-[66rem] absolute left-2\/4 bottom-0 translate-x-[-50%] after:w-[1px] after:h-[50rem] after:bg-white after:opacity-[40%] after:absolute after:bottom-0 after:left-[50%] tablet:block\">\n        Mehr entdecken    <\/span>\n\n    <figure class=\"min-w-full min-h-full aspect-video overflow-hidden absolute top-2\/4 left-2\/4 translate-x-[-50%] translate-y-[-50%] z-[-1] before:bg-black before:opacity-[35%] before:mix-blend-multiply before:absolute before:top-0 before:left-0 before:right-0 before:bottom-0 before:z-[2]\">\n                    <img loading=\"lazy\" decoding=\"async\" width=\"2880\" height=\"1800\" src=\"https:\/\/www.sources-hotels.com\/bordeaux\/wp-content\/uploads\/sites\/3\/2024\/12\/Vignes-chemin-vue-terrasses_GdeLaubier_2\u00b014-1-2880x1800.jpg\" class=\"h-full w-full object-cover object-center\" alt=\"\" \/>            <\/figure>\n    \n<\/section>\n\n    \n\n<section class=\"custom-block block--text-1-large-visual-watermark-writing overflow-visible z-[0]\">\n\n      <h2 class=\"block-title\">ANREISE<\/h2>\n  \n  <div class=\"block-content picture-left\">\n\n    <div class=\"content\">\n\n      \n      <div class=\"text rte\">\n\n        \n        <div class=\"rte\">\n          <p><em><strong>So finden Sie uns: <\/strong><\/em><br \/>\n<em><strong>Chemin de Smith Haut Lafitte <\/strong><\/em><br \/>\n<em><strong>33650 Bordeaux-Martillac<\/strong><\/em><br \/>\n<strong><em>Frankreich<\/em><\/strong><\/p>\n<p><strong>GPS-Koordinaten:<br \/>\n<\/strong>Breitengrad: 44.731193<br \/>\nL\u00e4ngengrad:-0.557102<\/p>\n<p><span style=\"font-weight: 400;\"><strong>Anreise mit dem Flugzeug:<\/strong> Internationaler Flughafen Bordeaux-M\u00e9rignac, anschlie\u00dfend ca. 20 Minuten mit dem Auto.<\/span><\/p>\n<p><span style=\"font-weight: 400;\"><strong>Anreise mit dem Zug:<\/strong>Der TGV-Bahnhof Bordeaux Saint-Jean liegt etwa 20 Autominuten entfernt, der TER-Bahnhof Cadaujac weniger als 10 Minuten.<\/span><\/p>\n<p>Gerne organisieren wir f\u00fcr Sie einen Transfer vom oder zum Bahnhof bzw. Flughafen Ihrer Wahl. F\u00fcr weitere Informationen und Preise kontaktieren Sie uns bitte.<\/p>\n<p><span style=\"font-weight: 400;\"><strong>Anreise mit dem Auto:<\/strong> Ca. 2 Std. 20 Min. ab Toulouse, ca. 2 Std. 40 Min. ab Poitiers.<\/span><\/p>\n<p>Wir verf\u00fcgen \u00fcber kostenlose Parkpl\u00e4tze direkt am Hotel mit vier Ladestationen f\u00fcr Elektrofahrzeuge (ohne Reservierung). Um Ihre Anreise zu erleichtern, steht Ihnen unser kostenloser Parkservice rund um die Uhr zur Verf\u00fcgung. Der sichere Privatparkplatz oder der Fahrradparkplatz sind f\u00fcr 40 \u20ac pro Tag verf\u00fcgbar.<\/p>\n<p><span style=\"font-weight: 400;\"><strong>Anreise mit der Stra\u00dfenbahn ab Bordeaux:<\/strong> sLinie C, Haltestelle Villenave d\u2019Ornon Pyr\u00e9n\u00e9es, dann ca. 25 Minuten mit dem Fahrrad oder 10 Minuten mit dem Auto.<\/span><\/p>\n<p>Anreise per Hubschrauber m\u00f6glich, Landeplatz vorhanden.<\/p>\n<p><span style=\"font-weight: 400;\">W\u00e4hrend Ihres Aufenthalts k\u00f6nnen Sie bei uns ein Elektrofahrzeug mieten.<br \/>\nWenn Sie mit dem Zug anreisen (ein CO\u2082-armer Verkehrstr\u00e4ger), leisten Sie einen Beitrag zum Umweltschutz.<\/span><\/p>\n        <\/div>\n\n        <div class=\"cta\">\n                  <\/div>\n\n      <\/div>\n\n    <\/div>\n\n    <div class=\"image\">\n      <figure>\n        <img loading=\"lazy\" decoding=\"async\" width=\"1260\" height=\"1600\" src=\"https:\/\/www.sources-hotels.com\/bordeaux\/wp-content\/uploads\/sites\/3\/2025\/01\/LesSourcesDeCaudalie_GrangeAuBateau_38_\u00a9Itshenriette_Mai2023-13-1260x1600.jpg\" class=\"h-full w-full object-cover object-center\" alt=\"\" \/>      <\/figure>\n    <\/div>\n\n  <\/div>\n\n  \n<\/section>\n\n\n<section class=\"custom-block block--title-introduction text-center tablet:!pb-[60rem]\">\n\n            <h2 class=\"block-title\">Kontaktieren Sie uns<\/h2>\n    \n    <div class=\"tablet:w-[970rem] tablet:inline-block\">\n        <p>Per Telefon: +33(0)5 57 83 83 83<br \/>\nPer E-Mail: reservations@sources-caudalie.com<\/p>\n<p>Oder kontaktieren Sie uns \u00fcber das untenstehende Kontaktformular.<br \/>\nUnser Team wird sich so bald wie m\u00f6glich bei Ihnen melden.<\/p>\n<p>&nbsp;<\/p>\n    <\/div>\n\n<\/section>\n\n\n\n<section class=\"custom-block block--contact-form-maps mx-auto\">\n\n  <div class=\"columns with-maps\">\n    <div class=\"column form\">\n<div class=\"wpcf7 no-js\" id=\"wpcf7-f4783-o1\" lang=\"fr-FR\" dir=\"ltr\" data-wpcf7-id=\"4783\">\n<div class=\"screen-reader-response\"><p role=\"status\" aria-live=\"polite\" aria-atomic=\"true\"><\/p> <ul><\/ul><\/div>\n<form action=\"\/bordeaux\/de\/wp-json\/wp\/v2\/pages\/3960#wpcf7-f4783-o1\" method=\"post\" class=\"wpcf7-form init\" aria-label=\"Contact form\" enctype=\"multipart\/form-data\" novalidate=\"novalidate\" data-status=\"init\">\n<div style=\"display: none;\">\n<input type=\"hidden\" name=\"_wpcf7\" value=\"4783\" \/>\n<input type=\"hidden\" name=\"_wpcf7_version\" value=\"6.0.6\" \/>\n<input type=\"hidden\" name=\"_wpcf7_locale\" value=\"fr_FR\" \/>\n<input type=\"hidden\" name=\"_wpcf7_unit_tag\" value=\"wpcf7-f4783-o1\" \/>\n<input type=\"hidden\" name=\"_wpcf7_container_post\" value=\"0\" \/>\n<input type=\"hidden\" name=\"_wpcf7_posted_data_hash\" value=\"\" \/>\n<input type=\"hidden\" name=\"_wpcf7_recaptcha_response\" value=\"\" \/>\n<\/div>\n<p><label> Nachname*<br \/>\n<span class=\"wpcf7-form-control-wrap\" data-name=\"lastname\"><input size=\"40\" maxlength=\"400\" class=\"wpcf7-form-control wpcf7-text wpcf7-validates-as-required\" autocomplete=\"lastname\" aria-required=\"true\" aria-invalid=\"false\" value=\"\" type=\"text\" name=\"lastname\" \/><\/span> <\/label>\n<\/p>\n<p><label> Vorname*<br \/>\n<span class=\"wpcf7-form-control-wrap\" data-name=\"firstname\"><input size=\"40\" maxlength=\"400\" class=\"wpcf7-form-control wpcf7-text wpcf7-validates-as-required\" autocomplete=\"firstname\" aria-required=\"true\" aria-invalid=\"false\" value=\"\" type=\"text\" name=\"firstname\" \/><\/span> <\/label>\n<\/p>\n<p><label> Land<br \/>\n<span class=\"wpcf7-form-control-wrap\" data-name=\"country\"><input size=\"40\" class=\"wpcf7-form-control wpcf7-countrytext wpcf7-text wpcf7-validates-as-countrytext\" aria-invalid=\"false\" value=\"\" type=\"text\" name=\"country\" \/><\/span> <\/label>\n<\/p>\n<p><label> Sprache*<br \/>\n<span class=\"wpcf7-form-control-wrap\" data-name=\"Sprache\"><select class=\"wpcf7-form-control wpcf7-select wpcf7-validates-as-required\" aria-required=\"true\" aria-invalid=\"false\" name=\"Sprache\"><option value=\"Deutsch\">Deutsch<\/option><option value=\"Franz\u00f6sisch\">Franz\u00f6sisch<\/option><option value=\"Englisch\">Englisch<\/option><\/select><\/span> <\/label>\n<\/p>\n<p><label> Telefonnummer*<br \/>\n<span class=\"wpcf7-form-control-wrap\" data-name=\"phone\"><input size=\"40\" class=\"wpcf7-form-control wpcf7-phonetext wpcf7-validates-as-required wpcf7-text wpcf7-validates-as-phonetext\" autocomplete=\"phone\" data-numberonly=\"true\" aria-required=\"true\" aria-invalid=\"false\" value=\"\" type=\"text\" name=\"phone\" \/><input type=\"hidden\" name=\"phone-country-code\" class=\"wpcf7-phonetext-country-code\" \/><\/span> <\/label>\n<\/p>\n<p><label> Email*<br \/>\n<span class=\"wpcf7-form-control-wrap\" data-name=\"email\"><input size=\"40\" maxlength=\"400\" class=\"wpcf7-form-control wpcf7-email wpcf7-validates-as-required wpcf7-text wpcf7-validates-as-email\" autocomplete=\"email\" aria-required=\"true\" aria-invalid=\"false\" value=\"\" type=\"email\" name=\"email\" \/><\/span> <\/label>\n<\/p>\n<p><label> Ihre Nachricht*<br \/>\n<span class=\"wpcf7-form-control-wrap\" data-name=\"message\"><textarea cols=\"40\" rows=\"10\" maxlength=\"2000\" class=\"wpcf7-form-control wpcf7-textarea wpcf7-validates-as-required\" aria-required=\"true\" aria-invalid=\"false\" name=\"message\"><\/textarea><\/span> <\/label>\n<\/p>\n<p><label> Eine Datei hochladen<br \/>\n<span class=\"wpcf7-form-control-wrap\" data-name=\"file\"><input size=\"40\" class=\"wpcf7-form-control wpcf7-file\" accept=\".pdf,.txt\" aria-invalid=\"false\" type=\"file\" name=\"file\" \/><\/span> <\/label>\n<\/p>\n<p><span class=\"wpcf7-form-control-wrap\" data-name=\"optin\"><span class=\"wpcf7-form-control wpcf7-checkbox\"><span class=\"wpcf7-list-item first last\"><input type=\"checkbox\" name=\"optin[]\" value=\"Ich m\u00f6chte die neuesten Nachrichten der Gruppe erhalten\" \/><span class=\"wpcf7-list-item-label\">Ich m\u00f6chte die neuesten Nachrichten der Gruppe erhalten<\/span><\/span><\/span><\/span><br \/>\n<span class=\"wpcf7-form-control-wrap\" data-name=\"accept\"><span class=\"wpcf7-form-control wpcf7-checkbox wpcf7-validates-as-required\"><span class=\"wpcf7-list-item first last\"><input type=\"checkbox\" name=\"accept[]\" value=\"Ich erteile meine Zustimmung*\" \/><span class=\"wpcf7-list-item-label\">Ich erteile meine Zustimmung*<\/span><\/span><\/span><\/span>\n<\/p>\n<p><input class=\"wpcf7-form-control wpcf7-submit has-spinner button\" type=\"submit\" value=\"Senden\" \/>\n<\/p><div class=\"wpcf7-response-output\" aria-hidden=\"true\"><\/div>\n<\/form>\n<\/div>\n<\/div>\n    <div class=\"column map\"><style type=\"text\/css\" id=\"umsMapStyles_1_58613\">\n    #ultimate_maps_1_58613 {\n        width: 100%;\n        height: 700px;\n                border: 0px solid ;\n        margin: 0px;\n    }\n    #mapsControlsNum_1_58613 {\n        width:100%    }\n    .umsMapDetailsContainer#umsMapDetailsContainer_1_58613 {\n        height:700px;\n    }\n    .ums_MapPreview#ultimate_maps_1_58613 {\n        \/*position:absolute;*\/\n        width:100%;\n    }\n    #mapConElem_1_58613{\n        width:100%    }\n    <\/style><div class=\"ums_map_opts\" id=\"mapConElem_1_58613\" data-id=\"1\" data-view-id=\"1_58613\" > <div class=\"umsMapDetailsContainer\" id=\"umsMapDetailsContainer_1_58613\"> <i class=\"umsKMLLayersPreloader fa fa-spinner fa-spin\" aria-hidden=\"true\" style=\"display: none;\"><\/i> <div class=\"ums_MapPreview \" id=\"ultimate_maps_1_58613\"><\/div> <\/div> <div class=\"umsMapMarkerFilters\" id=\"umsMapMarkerFilters_1_58613\"> <\/div> <div class=\"umsMapProControlsCon\" id=\"umsMapProControlsCon_1_58613\"> <a title=\"Google Map Plugin\" style=\"display:none;\" href=\"https:\/\/supsystic.com\/plugins\/google-maps-plugin\/?utm_medium=love_link_hide\" target=\"_blank\">Google Map Plugin<\/a><div style=\"clear: both;\"><\/div> <\/div> <div class=\"umsMapProDirectionsCon\" id=\"umsMapProDirectionsCon_1_58613\" > <\/div> <div class=\"umsMapProKmlFilterCon\" id=\"umsMapProKmlFilterCon_1_58613\" > <\/div> <div class=\"umsSocialSharingShell umsSocialSharingShell_1_58613\"> <\/div> <div style=\"clear: both;\"><\/div> <\/div><\/div>  <\/div>\n\n      <div class=\"legend\"><p>Diese Website ist durch reCAPTCHA gesch\u00fctzt und es gelten die Datenschutzbestimmungen sowie die Nutzungsbedingungen von Google.<\/p>\n<p>* Pflichtfelder. Diese Angaben bleiben vertraulich und werden niemals an Dritte weitergegeben.<br \/>\n** Mit dem Absenden dieses Formulars erkl\u00e4re ich mich damit einverstanden, dass die eingegebenen Informationen verwendet und verarbeitet werden, um im Rahmen meiner Anfrage per E-Mail oder Telefon kontaktiert zu werden.<br \/>\nUm mehr \u00fcber Ihre Rechte zu erfahren, insbesondere \u00fcber den Widerruf Ihrer Einwilligung zur Nutzung der \u00fcber dieses Formular erhobenen Daten, lesen Sie bitte unsere Datenschutzrichtlinie.<\/p>\n<\/div>\n  \n<\/section>\n","protected":false},"excerpt":{"rendered":"","protected":false},"author":1,"featured_media":0,"parent":0,"menu_order":0,"comment_status":"closed","ping_status":"closed","template":"","meta":{"_acf_changed":false,"footnotes":""},"hotels":[],"doc_cat":[],"class_list":["post-3960","page","type-page","status-publish","hentry"],"acf":[],"yoast_head":"<!-- This site is optimized with the Yoast SEO plugin v25.6 - https:\/\/yoast.com\/wordpress\/plugins\/seo\/ -->\n<title>Anfahrt &amp; Kontakt | Les Sources de Caudalie bei Bordeaux<\/title>\n<meta name=\"description\" content=\"Alle Informationen zur Anreise zu Les Sources de Caudalie in Bordeaux: Adresse, GPS-Koordinaten, Anfahrt mit Auto, Zug, Flugzeug oder Hubschrauber.\" \/>\n<meta name=\"robots\" content=\"index, follow, max-snippet:-1, max-image-preview:large, max-video-preview:-1\" \/>\n<link rel=\"canonical\" href=\"https:\/\/www.sources-hotels.com\/bordeaux\/de\/anzeigne-kontakt\/\" \/>\n<meta property=\"og:locale\" content=\"de_DE\" \/>\n<meta property=\"og:type\" content=\"article\" \/>\n<meta property=\"og:title\" content=\"Anfahrt &amp; Kontakt | Les Sources de Caudalie bei Bordeaux\" \/>\n<meta property=\"og:description\" content=\"Alle Informationen zur Anreise zu Les Sources de Caudalie in Bordeaux: Adresse, GPS-Koordinaten, Anfahrt mit Auto, Zug, Flugzeug oder Hubschrauber.\" \/>\n<meta property=\"og:url\" content=\"https:\/\/www.sources-hotels.com\/bordeaux\/de\/anzeigne-kontakt\/\" \/>\n<meta property=\"og:site_name\" content=\"Les Sources de Caudalie\" \/>\n<meta property=\"article:modified_time\" content=\"2025-08-25T09:56:37+00:00\" \/>\n<meta name=\"twitter:card\" content=\"summary_large_image\" \/>\n<script type=\"application\/ld+json\" class=\"yoast-schema-graph\">{\"@context\":\"https:\/\/schema.org\",\"@graph\":[{\"@type\":\"WebPage\",\"@id\":\"https:\/\/www.sources-hotels.com\/bordeaux\/de\/anzeigne-kontakt\/\",\"url\":\"https:\/\/www.sources-hotels.com\/bordeaux\/de\/anzeigne-kontakt\/\",\"name\":\"Anfahrt & Kontakt | Les Sources de Caudalie bei Bordeaux\",\"isPartOf\":{\"@id\":\"https:\/\/www.sources-hotels.com\/bordeaux\/de\/#website\"},\"datePublished\":\"2024-12-31T14:08:16+00:00\",\"dateModified\":\"2025-08-25T09:56:37+00:00\",\"description\":\"Alle Informationen zur Anreise zu Les Sources de Caudalie in Bordeaux: Adresse, GPS-Koordinaten, Anfahrt mit Auto, Zug, Flugzeug oder Hubschrauber.\",\"breadcrumb\":{\"@id\":\"https:\/\/www.sources-hotels.com\/bordeaux\/de\/anzeigne-kontakt\/#breadcrumb\"},\"inLanguage\":\"de-DE\",\"potentialAction\":[{\"@type\":\"ReadAction\",\"target\":[\"https:\/\/www.sources-hotels.com\/bordeaux\/de\/anzeigne-kontakt\/\"]}]},{\"@type\":\"BreadcrumbList\",\"@id\":\"https:\/\/www.sources-hotels.com\/bordeaux\/de\/anzeigne-kontakt\/#breadcrumb\",\"itemListElement\":[{\"@type\":\"ListItem\",\"position\":1,\"name\":\"Accueil\",\"item\":\"https:\/\/www.sources-hotels.com\/bordeaux\/de\/\"},{\"@type\":\"ListItem\",\"position\":2,\"name\":\"Anzeigne und Kontakt\"}]},{\"@type\":\"WebSite\",\"@id\":\"https:\/\/www.sources-hotels.com\/bordeaux\/de\/#website\",\"url\":\"https:\/\/www.sources-hotels.com\/bordeaux\/de\/\",\"name\":\"Les Sources de Caudalie\",\"description\":\"\",\"publisher\":{\"@id\":\"https:\/\/www.sources-hotels.com\/bordeaux\/de\/#organization\"},\"potentialAction\":[{\"@type\":\"SearchAction\",\"target\":{\"@type\":\"EntryPoint\",\"urlTemplate\":\"https:\/\/www.sources-hotels.com\/bordeaux\/de\/?s={search_term_string}\"},\"query-input\":{\"@type\":\"PropertyValueSpecification\",\"valueRequired\":true,\"valueName\":\"search_term_string\"}}],\"inLanguage\":\"de-DE\"},{\"@type\":\"Organization\",\"@id\":\"https:\/\/www.sources-hotels.com\/bordeaux\/de\/#organization\",\"name\":\"Les Sources de Caudalie\",\"url\":\"https:\/\/www.sources-hotels.com\/bordeaux\/de\/\",\"logo\":{\"@type\":\"ImageObject\",\"inLanguage\":\"de-DE\",\"@id\":\"https:\/\/www.sources-hotels.com\/bordeaux\/de\/#\/schema\/logo\/image\/\",\"url\":\"https:\/\/www.sources-hotels.com\/bordeaux\/wp-content\/uploads\/sites\/3\/2025\/03\/logo-caudalie.png\",\"contentUrl\":\"https:\/\/www.sources-hotels.com\/bordeaux\/wp-content\/uploads\/sites\/3\/2025\/03\/logo-caudalie.png\",\"width\":696,\"height\":308,\"caption\":\"Les Sources de Caudalie\"},\"image\":{\"@id\":\"https:\/\/www.sources-hotels.com\/bordeaux\/de\/#\/schema\/logo\/image\/\"}}]}<\/script>\n<!-- \/ Yoast SEO plugin. -->","yoast_head_json":{"title":"Anfahrt & Kontakt | Les Sources de Caudalie bei Bordeaux","description":"Alle Informationen zur Anreise zu Les Sources de Caudalie in Bordeaux: Adresse, GPS-Koordinaten, Anfahrt mit Auto, Zug, Flugzeug oder Hubschrauber.","robots":{"index":"index","follow":"follow","max-snippet":"max-snippet:-1","max-image-preview":"max-image-preview:large","max-video-preview":"max-video-preview:-1"},"canonical":"https:\/\/www.sources-hotels.com\/bordeaux\/de\/anzeigne-kontakt\/","og_locale":"de_DE","og_type":"article","og_title":"Anfahrt & Kontakt | Les Sources de Caudalie bei Bordeaux","og_description":"Alle Informationen zur Anreise zu Les Sources de Caudalie in Bordeaux: Adresse, GPS-Koordinaten, Anfahrt mit Auto, Zug, Flugzeug oder Hubschrauber.","og_url":"https:\/\/www.sources-hotels.com\/bordeaux\/de\/anzeigne-kontakt\/","og_site_name":"Les Sources de Caudalie","article_modified_time":"2025-08-25T09:56:37+00:00","twitter_card":"summary_large_image","schema":{"@context":"https:\/\/schema.org","@graph":[{"@type":"WebPage","@id":"https:\/\/www.sources-hotels.com\/bordeaux\/de\/anzeigne-kontakt\/","url":"https:\/\/www.sources-hotels.com\/bordeaux\/de\/anzeigne-kontakt\/","name":"Anfahrt & Kontakt | Les Sources de Caudalie bei Bordeaux","isPartOf":{"@id":"https:\/\/www.sources-hotels.com\/bordeaux\/de\/#website"},"datePublished":"2024-12-31T14:08:16+00:00","dateModified":"2025-08-25T09:56:37+00:00","description":"Alle Informationen zur Anreise zu Les Sources de Caudalie in Bordeaux: Adresse, GPS-Koordinaten, Anfahrt mit Auto, Zug, Flugzeug oder Hubschrauber.","breadcrumb":{"@id":"https:\/\/www.sources-hotels.com\/bordeaux\/de\/anzeigne-kontakt\/#breadcrumb"},"inLanguage":"de-DE","potentialAction":[{"@type":"ReadAction","target":["https:\/\/www.sources-hotels.com\/bordeaux\/de\/anzeigne-kontakt\/"]}]},{"@type":"BreadcrumbList","@id":"https:\/\/www.sources-hotels.com\/bordeaux\/de\/anzeigne-kontakt\/#breadcrumb","itemListElement":[{"@type":"ListItem","position":1,"name":"Accueil","item":"https:\/\/www.sources-hotels.com\/bordeaux\/de\/"},{"@type":"ListItem","position":2,"name":"Anzeigne und Kontakt"}]},{"@type":"WebSite","@id":"https:\/\/www.sources-hotels.com\/bordeaux\/de\/#website","url":"https:\/\/www.sources-hotels.com\/bordeaux\/de\/","name":"Les Sources de Caudalie","description":"","publisher":{"@id":"https:\/\/www.sources-hotels.com\/bordeaux\/de\/#organization"},"potentialAction":[{"@type":"SearchAction","target":{"@type":"EntryPoint","urlTemplate":"https:\/\/www.sources-hotels.com\/bordeaux\/de\/?s={search_term_string}"},"query-input":{"@type":"PropertyValueSpecification","valueRequired":true,"valueName":"search_term_string"}}],"inLanguage":"de-DE"},{"@type":"Organization","@id":"https:\/\/www.sources-hotels.com\/bordeaux\/de\/#organization","name":"Les Sources de Caudalie","url":"https:\/\/www.sources-hotels.com\/bordeaux\/de\/","logo":{"@type":"ImageObject","inLanguage":"de-DE","@id":"https:\/\/www.sources-hotels.com\/bordeaux\/de\/#\/schema\/logo\/image\/","url":"https:\/\/www.sources-hotels.com\/bordeaux\/wp-content\/uploads\/sites\/3\/2025\/03\/logo-caudalie.png","contentUrl":"https:\/\/www.sources-hotels.com\/bordeaux\/wp-content\/uploads\/sites\/3\/2025\/03\/logo-caudalie.png","width":696,"height":308,"caption":"Les Sources de Caudalie"},"image":{"@id":"https:\/\/www.sources-hotels.com\/bordeaux\/de\/#\/schema\/logo\/image\/"}}]}},"_links":{"self":[{"href":"https:\/\/www.sources-hotels.com\/bordeaux\/de\/wp-json\/wp\/v2\/pages\/3960","targetHints":{"allow":["GET"]}}],"collection":[{"href":"https:\/\/www.sources-hotels.com\/bordeaux\/de\/wp-json\/wp\/v2\/pages"}],"about":[{"href":"https:\/\/www.sources-hotels.com\/bordeaux\/de\/wp-json\/wp\/v2\/types\/page"}],"author":[{"embeddable":true,"href":"https:\/\/www.sources-hotels.com\/bordeaux\/de\/wp-json\/wp\/v2\/users\/1"}],"replies":[{"embeddable":true,"href":"https:\/\/www.sources-hotels.com\/bordeaux\/de\/wp-json\/wp\/v2\/comments?post=3960"}],"version-history":[{"count":7,"href":"https:\/\/www.sources-hotels.com\/bordeaux\/de\/wp-json\/wp\/v2\/pages\/3960\/revisions"}],"predecessor-version":[{"id":5356,"href":"https:\/\/www.sources-hotels.com\/bordeaux\/de\/wp-json\/wp\/v2\/pages\/3960\/revisions\/5356"}],"wp:attachment":[{"href":"https:\/\/www.sources-hotels.com\/bordeaux\/de\/wp-json\/wp\/v2\/media?parent=3960"}],"wp:term":[{"taxonomy":"hotels","embeddable":true,"href":"https:\/\/www.sources-hotels.com\/bordeaux\/de\/wp-json\/wp\/v2\/hotels?post=3960"},{"taxonomy":"doc_cat","embeddable":true,"href":"https:\/\/www.sources-hotels.com\/bordeaux\/de\/wp-json\/wp\/v2\/doc_cat?post=3960"}],"curies":[{"name":"wp","href":"https:\/\/api.w.org\/{rel}","templated":true}]}}