{"id":3961,"date":"2024-12-31T15:14:47","date_gmt":"2024-12-31T14:14:47","guid":{"rendered":"https:\/\/www.sources-hotels.com\/bordeaux\/?page_id=3961"},"modified":"2026-03-18T15:41:37","modified_gmt":"2026-03-18T14:41:37","slug":"faq","status":"publish","type":"page","link":"https:\/\/www.sources-hotels.com\/bordeaux\/de\/faq\/","title":{"rendered":"FAQ"},"content":{"rendered":"\n<section class=\"custom-block block--header aspect-[375\/700] text-center text-white overflow-hidden pt-[100rem] relative tablet:aspect-auto tablet:h-[700rem] tablet:pt-[420rem]\">\n\n    <h1>\n                            H\u00e4ufig gestellte Fragen (FAQ)             <\/h1>\n\n    \n    <span class=\"scroll-down hidden text-[12rem] tracking-[2rem] uppercase font-title cursor-pointer opacity-[64%] pb-[66rem] absolute left-2\/4 bottom-0 translate-x-[-50%] after:w-[1px] after:h-[50rem] after:bg-white after:opacity-[40%] after:absolute after:bottom-0 after:left-[50%] tablet:block\">\n        Mehr entdecken    <\/span>\n\n    <figure class=\"min-w-full min-h-full aspect-video overflow-hidden absolute top-2\/4 left-2\/4 translate-x-[-50%] translate-y-[-50%] z-[-1] before:bg-black before:opacity-[35%] before:mix-blend-multiply before:absolute before:top-0 before:left-0 before:right-0 before:bottom-0 before:z-[2]\">\n                    <img loading=\"lazy\" decoding=\"async\" width=\"2880\" height=\"1800\" src=\"https:\/\/www.sources-hotels.com\/bordeaux\/wp-content\/uploads\/sites\/3\/2024\/12\/Vignes-chemin-vue-terrasses_GdeLaubier_2\u00b014-2-2880x1800.jpg\" class=\"h-full w-full object-cover object-center\" alt=\"\" \/>            <\/figure>\n\n        \n<\/section>\n\n    \n\n<section class=\"custom-block block--faq container\">\n\n    <div class=\"accordions\">\n\n                                    <div class=\"accordion\">\n                    <div class=\"title\">\n                        <div class=\"caret\"><\/div>Gibt es ein Spa bei Les Sources de Caudalie?                     <\/div>\n                    <div class=\"content rte\">\n                        <p><span style=\"font-weight: 400\">Das Vinoth\u00e9rapie\u00ae Spa Caudalie ist ge\u00f6ffnet: <\/span><\/p>\n<p>Montag: 10:00\u201319:00 Uhr<\/p>\n<p>Dienstag bis Samstag: 9:00\u201319:00 Uhr<\/p>\n<p>Sonntag: 9:00\u201313:00 Uhr\u200b<\/p>\n<p>Unsere Spa-Einrichtungen umfassen einen beheizten Au\u00dfenpool, ein Hammam, ein Thermalbad und einen Whirlpool. Der Zugang zum Spa ist ausschlie\u00dflich mit vorheriger Buchung von Behandlungen m\u00f6glich und G\u00e4sten ab 16 Jahren vorbehalten. Auch externe G\u00e4ste sind willkommen.\u200b<\/p>\n<p>Der beheizte Au\u00dfenpool ist von April bis Oktober t\u00e4glich von 8:00 bis 20:00 Uhr ge\u00f6ffnet. Der Au\u00dfenwhirlpool steht das ganze Jahr \u00fcber von 8:00 bis 20:00 Uhr zur Verf\u00fcgung.\u200b<\/p>\n                    <\/div>\n                <\/div>\n                            <div class=\"accordion\">\n                    <div class=\"title\">\n                        <div class=\"caret\"><\/div>Gibt es ein Restaurant?                     <\/div>\n                    <div class=\"content rte\">\n                        <p><span style=\"font-weight: 400\">Wir verf\u00fcgen \u00fcber drei Restaurants:\u200b <\/span><\/p>\n<ul>\n<li><a href=\"https:\/\/www.sources-hotels.com\/bordeaux\/de\/restaurants\/la-grand-vigne-restaurant\/\"><span style=\"font-weight: 400\">La Grand\u2019Vigne<\/span><\/a>: Unser mit zwei Michelin-Sternen ausgezeichnetes Gourmetrestaurant unter der Leitung von Chefkoch Nicolas Masse ist ge\u00f6ffnet:Mittwoch bis Freitag: 19:30\u201321:15 UhrSamstag und Sonntag: 12:15\u201313:30 Uhr und 19:30\u201321:15 Uhr\u200b<\/li>\n<\/ul>\n<p>&nbsp;<\/p>\n<ul>\n<li><a href=\"https:\/\/www.sources-hotels.com\/bordeaux\/de\/restaurants\/la-table-du-lavoir-restaurant\/\"><span style=\"font-weight: 400\">\u00a0La Table du Lavoir<\/span><\/a><span style=\"font-weight: 400\"><span style=\"font-weight: 400\"> Ein rustikales Bistro mit klassischer und saisonaler K\u00fcche, serviert unter den Holzbalken der ehemaligen Weinkeller oder auf der Terrasse mit Blick auf die Weinberge (im Sommer). \u00d6ffnungszeiten:<\/span><\/span>Sonntag bis Donnerstag: 12:00\u201314:00 Uhr und 19:00\u201321:30 UhrFreitag und Samstag: 12:00\u201314:00 Uhr und 19:00\u201322:15 Uhr\u200b<\/li>\n<\/ul>\n<p>&nbsp;<\/p>\n<ul>\n<li><a href=\"https:\/\/www.sources-hotels.com\/bordeaux\/de\/restaurants\/rouge-restaurant\/\"><span style=\"font-weight: 400\">ROUGE: <\/span><\/a><span style=\"font-weight: 400\"><span style=\"font-weight: 400\">Unser Feinkostladen und Weinbar ist ge\u00f6ffnet:<\/span><\/span>Sonntag bis Donnerstag: 11:00\u201318:00 Uhr (K\u00fcche: 12:00\u201317:15 Uhr)Freitag und Samstag: 11:00\u201322:00 Uhr (K\u00fcche: 12:00\u201321:15 Uhr)\u200b<\/li>\n<\/ul>\n<p><span style=\"font-weight: 400\">Bitte beachten Sie, dass f\u00fcr ROUGE keine Reservierungen angenommen werden <\/span><\/p>\n                    <\/div>\n                <\/div>\n                            <div class=\"accordion\">\n                    <div class=\"title\">\n                        <div class=\"caret\"><\/div>Gibt es einen Pool bei Les Sources de Caudalie?                     <\/div>\n                    <div class=\"content rte\">\n                        <p>Unsere Einrichtungen umfassen:\u200b<\/p>\n<p><strong>Beheizter Au\u00dfenpool:<br \/>\n<\/strong>Ge\u00f6ffnet von Mai bis Oktober<br \/>\nZugang ausschlie\u00dflich f\u00fcr Hotelg\u00e4ste<br \/>\nKinder sind erlaubt\u200b<\/p>\n<p><strong>Beheizter Innenpool:<br \/>\n<\/strong>Ganzj\u00e4hrig ge\u00f6ffnet von 8:00 bis 20:00 Uhr<br \/>\nZugang ausschlie\u00dflich f\u00fcr Hotelg\u00e4ste<br \/>\nKinder sind erlaubt\u200b<\/p>\n<p><strong>Au\u00dfenwhirlpool und Sauna:<br \/>\n<\/strong>Ganzj\u00e4hrig ge\u00f6ffnet<br \/>\nZugang ausschlie\u00dflich f\u00fcr Hotelg\u00e4ste ab 16 Jahren\u200b<\/p>\n                    <\/div>\n                <\/div>\n                            <div class=\"accordion\">\n                    <div class=\"title\">\n                        <div class=\"caret\"><\/div>Sind Haustiere erlaubt?                     <\/div>\n                    <div class=\"content rte\">\n                        <p><span style=\"font-weight: 400\">Haustiere (Hunde oder Katzen) sind in Les Sources de Caudalie und in der Chartreuse du Thil willkommen, mit einem Aufpreis von 30\u202f\u20ac pro Tag und Tier. Bitte informieren Sie unser Team bei der Buchung. Haustiere m\u00fcssen an der Leine gef\u00fchrt werden und sind in den Poolbereichen, im Vinoth\u00e9rapie\u00ae Spa und im Gourmetrestaurant La Grand\u2019Vigne nicht gestattet <\/span><\/p>\n                    <\/div>\n                <\/div>\n                            <div class=\"accordion\">\n                    <div class=\"title\">\n                        <div class=\"caret\"><\/div>Welche Aktivit\u00e4ten werden angeboten?                     <\/div>\n                    <div class=\"content rte\">\n                        <p><span style=\"font-weight: 400\">Es gibt zahlreiche Aktivit\u00e4ten bei Les Sources de Caudalie. Ob kulturelle Erlebnisse, Naturausfl\u00fcge, sportliche Bet\u00e4tigung oder kulinarische Gen\u00fcsse \u2013 unser Concierge-Team hilft Ihnen gerne dabei, Ihren Aufenthalt individuell zu gestalten.\u200b <\/span><\/p>\n<p>Informationen und Reservierungen:<br \/>\nTelefon: +33 (0)5 57 83 83 83<br \/>\nE-Mail: experience@sources-caudalie.com\u200b<\/p>\n                    <\/div>\n                <\/div>\n                            <div class=\"accordion\">\n                    <div class=\"title\">\n                        <div class=\"caret\"><\/div>Was kostet das Fr\u00fchst\u00fcck?                     <\/div>\n                    <div class=\"content rte\">\n                        <p><span style=\"font-weight: 400\">Wenn das Fr\u00fchst\u00fcck nicht in Ihrer Buchung enthalten ist, betr\u00e4gt der Preis 35\u202f\u20ac pro Person und Tag. <\/span><\/p>\n<p>Unsere Fr\u00fchst\u00fccksoptionen:\u200b<\/p>\n<p><strong>Fr\u00fchst\u00fccksbuffet:<\/strong> T\u00e4glich von 7:30 bis 10:30 Uhr im Restaurant La Grand\u2019Vigne mit sorgf\u00e4ltig ausgew\u00e4hlten Produkten unseres K\u00fcchenchefs.\u200b<\/p>\n<p><strong>Winzerfr\u00fchst\u00fcck im Zimmer<\/strong>: F\u00fcr alle, die gerne im Bett fr\u00fchst\u00fccken, bieten wir von 7:00 bis 10:30 Uhr einen Gourmetkorb mit frischen und schmackhaften Produkten, zusammengestellt von unserem K\u00fcchenchef.\u200b<\/p>\n                    <\/div>\n                <\/div>\n                            <div class=\"accordion\">\n                    <div class=\"title\">\n                        <div class=\"caret\"><\/div>Wie viel kostet ein Zusatzbett oder ein Babybett?                    <\/div>\n                    <div class=\"content rte\">\n                        <p class=\"\" data-start=\"0\" data-end=\"237\">Ab 3 Erwachsenen wird ein Zusatzbett berechnet: 50\u202f\u20ac\/Person\/Nacht in den Prestige-Zimmern, Junior Suiten, Prestige-Suiten, Signature-Suiten sowie im Apartment <em data-start=\"215\" data-end=\"236\">Au C\u0153ur des Sources<\/em>.<\/p>\n<p class=\"\" data-start=\"239\" data-end=\"464\">Ein Babybett kann f\u00fcr 20\u202f\u20ac\/Nacht (f\u00fcr Babys von 0 bis einschlie\u00dflich 2 Jahren) bereitgestellt werden. Ein zus\u00e4tzliches Bett f\u00fcr Kinder von 2 bis einschlie\u00dflich 12 Jahren kostet 50\u202f\u20ac\/Kind\/Nacht in Prestige-Zimmern oder Suiten.<\/p>\n                    <\/div>\n                <\/div>\n                            <div class=\"accordion\">\n                    <div class=\"title\">\n                        <div class=\"caret\"><\/div>Wann sind Check-in und Check-out?                    <\/div>\n                    <div class=\"content rte\">\n                        <p class=\"\" data-start=\"0\" data-end=\"155\">Der Check-in ist ab 15:30 Uhr m\u00f6glich, und die Zimmer m\u00fcssen am Abreisetag bis sp\u00e4testens 12:00 Uhr ger\u00e4umt werden.<\/p>\n<p class=\"\" data-start=\"157\" data-end=\"221\">Ein Early Check-in oder Late Check-out ist leider nicht m\u00f6glich.<\/p>\n                    <\/div>\n                <\/div>\n                            <div class=\"accordion\">\n                    <div class=\"title\">\n                        <div class=\"caret\"><\/div>Gibt es einen Parkplatz bei Les Sources de Caudalie?                    <\/div>\n                    <div class=\"content rte\">\n                        <p class=\"\" data-start=\"0\" data-end=\"252\">Ja, wir verf\u00fcgen \u00fcber einen kostenlosen Hotelparkplatz mit vier Ladestationen f\u00fcr Elektrofahrzeuge. F\u00fcr Ihre Anreise steht Ihnen au\u00dferdem ein kostenloser 24-Stunden-Valet-Service zur Verf\u00fcgung.<\/p>\n<p class=\"\" data-start=\"254\" data-end=\"341\">Ein sicherer Privatparkplatz oder ein Fahrradstellplatz ist f\u00fcr 40\u202f\u20ac pro Tag verf\u00fcgbar.<\/p>\n                    <\/div>\n                <\/div>\n                            <div class=\"accordion\">\n                    <div class=\"title\">\n                        <div class=\"caret\"><\/div>Welche Zahlungsmittel werden akzeptiert?                    <\/div>\n                    <div class=\"content rte\">\n                        <p class=\"\" data-start=\"0\" data-end=\"325\">Je nach gew\u00e4hltem Tarif erfolgt die Zahlung entweder bei der Buchung oder beim Check-out.<br data-start=\"136\" data-end=\"139\" \/>Beim Check-in ben\u00f6tigen Sie eine g\u00fcltige Kreditkarte sowie einen Ausweis. Wenn Sie Schwierigkeiten bei der Buchung haben, kontaktieren Sie uns gerne \u2013 wir helfen Ihnen mit Freude weiter.<\/p>\n<p class=\"\" data-start=\"327\" data-end=\"367\">Wir akzeptieren folgende Zahlungsmittel:<\/p>\n<p class=\"\" data-start=\"369\" data-end=\"413\">\u2022 MasterCard<br data-start=\"381\" data-end=\"384\" \/>\u2022 American Express<br data-start=\"402\" data-end=\"405\" \/>\u2022 Visa<\/p>\n<p class=\"\" data-start=\"415\" data-end=\"637\">Bargeld wird f\u00fcr Zahlungen an der Rezeption akzeptiert.<br data-start=\"470\" data-end=\"473\" \/>Eine g\u00fcltige Kreditkarte ist erforderlich, um Ihre Reservierung zu garantieren. Sollten Sie keine Kreditkarte besitzen, setzen Sie sich bitte mit uns in Verbindung.<\/p>\n                    <\/div>\n                <\/div>\n                    \n    <\/div>\n\n<\/section>","protected":false},"excerpt":{"rendered":"","protected":false},"author":1,"featured_media":0,"parent":0,"menu_order":0,"comment_status":"closed","ping_status":"closed","template":"","meta":{"_acf_changed":false,"footnotes":""},"hotels":[],"doc_cat":[],"class_list":["post-3961","page","type-page","status-publish","hentry"],"acf":[],"yoast_head":"<!-- This site is optimized with the Yoast SEO plugin v27.4 - https:\/\/yoast.com\/product\/yoast-seo-wordpress\/ -->\n<title>FAQ - Les Sources de Caudalie<\/title>\n<meta name=\"description\" content=\"Sie haben Fragen? Wir haben die Antworten! Entdecken Sie unsere FAQ!\" \/>\n<meta name=\"robots\" content=\"index, follow, max-snippet:-1, max-image-preview:large, max-video-preview:-1\" \/>\n<link rel=\"canonical\" href=\"https:\/\/www.sources-hotels.com\/bordeaux\/de\/faq\/\" \/>\n<meta property=\"og:locale\" content=\"de_DE\" \/>\n<meta property=\"og:type\" content=\"article\" \/>\n<meta property=\"og:title\" content=\"FAQ - Les Sources de Caudalie\" \/>\n<meta property=\"og:description\" content=\"Sie haben Fragen? Wir haben die Antworten! Entdecken Sie unsere FAQ!\" \/>\n<meta property=\"og:url\" content=\"https:\/\/www.sources-hotels.com\/bordeaux\/de\/faq\/\" \/>\n<meta property=\"og:site_name\" content=\"Les Sources de Caudalie\" \/>\n<meta property=\"article:modified_time\" content=\"2026-03-18T14:41:37+00:00\" \/>\n<meta name=\"twitter:card\" content=\"summary_large_image\" \/>\n<script type=\"application\/ld+json\" class=\"yoast-schema-graph\">{\"@context\":\"https:\\\/\\\/schema.org\",\"@graph\":[{\"@type\":\"WebPage\",\"@id\":\"https:\\\/\\\/www.sources-hotels.com\\\/bordeaux\\\/de\\\/faq\\\/\",\"url\":\"https:\\\/\\\/www.sources-hotels.com\\\/bordeaux\\\/de\\\/faq\\\/\",\"name\":\"FAQ - Les Sources de Caudalie\",\"isPartOf\":{\"@id\":\"https:\\\/\\\/www.sources-hotels.com\\\/bordeaux\\\/de\\\/#website\"},\"datePublished\":\"2024-12-31T14:14:47+00:00\",\"dateModified\":\"2026-03-18T14:41:37+00:00\",\"description\":\"Sie haben Fragen? Wir haben die Antworten! Entdecken Sie unsere FAQ!\",\"breadcrumb\":{\"@id\":\"https:\\\/\\\/www.sources-hotels.com\\\/bordeaux\\\/de\\\/faq\\\/#breadcrumb\"},\"inLanguage\":\"de-DE\",\"potentialAction\":[{\"@type\":\"ReadAction\",\"target\":[\"https:\\\/\\\/www.sources-hotels.com\\\/bordeaux\\\/de\\\/faq\\\/\"]}]},{\"@type\":\"BreadcrumbList\",\"@id\":\"https:\\\/\\\/www.sources-hotels.com\\\/bordeaux\\\/de\\\/faq\\\/#breadcrumb\",\"itemListElement\":[{\"@type\":\"ListItem\",\"position\":1,\"name\":\"Accueil\",\"item\":\"https:\\\/\\\/www.sources-hotels.com\\\/bordeaux\\\/de\\\/\"},{\"@type\":\"ListItem\",\"position\":2,\"name\":\"FAQ\"}]},{\"@type\":\"WebSite\",\"@id\":\"https:\\\/\\\/www.sources-hotels.com\\\/bordeaux\\\/de\\\/#website\",\"url\":\"https:\\\/\\\/www.sources-hotels.com\\\/bordeaux\\\/de\\\/\",\"name\":\"Les Sources de Caudalie\",\"description\":\"\",\"publisher\":{\"@id\":\"https:\\\/\\\/www.sources-hotels.com\\\/bordeaux\\\/de\\\/#organization\"},\"potentialAction\":[{\"@type\":\"SearchAction\",\"target\":{\"@type\":\"EntryPoint\",\"urlTemplate\":\"https:\\\/\\\/www.sources-hotels.com\\\/bordeaux\\\/de\\\/?s={search_term_string}\"},\"query-input\":{\"@type\":\"PropertyValueSpecification\",\"valueRequired\":true,\"valueName\":\"search_term_string\"}}],\"inLanguage\":\"de-DE\"},{\"@type\":\"Organization\",\"@id\":\"https:\\\/\\\/www.sources-hotels.com\\\/bordeaux\\\/de\\\/#organization\",\"name\":\"Les Sources de Caudalie\",\"url\":\"https:\\\/\\\/www.sources-hotels.com\\\/bordeaux\\\/de\\\/\",\"logo\":{\"@type\":\"ImageObject\",\"inLanguage\":\"de-DE\",\"@id\":\"https:\\\/\\\/www.sources-hotels.com\\\/bordeaux\\\/de\\\/#\\\/schema\\\/logo\\\/image\\\/\",\"url\":\"https:\\\/\\\/www.sources-hotels.com\\\/bordeaux\\\/wp-content\\\/uploads\\\/sites\\\/3\\\/2025\\\/03\\\/logo-caudalie.png\",\"contentUrl\":\"https:\\\/\\\/www.sources-hotels.com\\\/bordeaux\\\/wp-content\\\/uploads\\\/sites\\\/3\\\/2025\\\/03\\\/logo-caudalie.png\",\"width\":696,\"height\":308,\"caption\":\"Les Sources de Caudalie\"},\"image\":{\"@id\":\"https:\\\/\\\/www.sources-hotels.com\\\/bordeaux\\\/de\\\/#\\\/schema\\\/logo\\\/image\\\/\"}}]}<\/script>\n<!-- \/ Yoast SEO plugin. -->","yoast_head_json":{"title":"FAQ - Les Sources de Caudalie","description":"Sie haben Fragen? Wir haben die Antworten! Entdecken Sie unsere FAQ!","robots":{"index":"index","follow":"follow","max-snippet":"max-snippet:-1","max-image-preview":"max-image-preview:large","max-video-preview":"max-video-preview:-1"},"canonical":"https:\/\/www.sources-hotels.com\/bordeaux\/de\/faq\/","og_locale":"de_DE","og_type":"article","og_title":"FAQ - Les Sources de Caudalie","og_description":"Sie haben Fragen? Wir haben die Antworten! Entdecken Sie unsere FAQ!","og_url":"https:\/\/www.sources-hotels.com\/bordeaux\/de\/faq\/","og_site_name":"Les Sources de Caudalie","article_modified_time":"2026-03-18T14:41:37+00:00","twitter_card":"summary_large_image","schema":{"@context":"https:\/\/schema.org","@graph":[{"@type":"WebPage","@id":"https:\/\/www.sources-hotels.com\/bordeaux\/de\/faq\/","url":"https:\/\/www.sources-hotels.com\/bordeaux\/de\/faq\/","name":"FAQ - Les Sources de Caudalie","isPartOf":{"@id":"https:\/\/www.sources-hotels.com\/bordeaux\/de\/#website"},"datePublished":"2024-12-31T14:14:47+00:00","dateModified":"2026-03-18T14:41:37+00:00","description":"Sie haben Fragen? Wir haben die Antworten! Entdecken Sie unsere FAQ!","breadcrumb":{"@id":"https:\/\/www.sources-hotels.com\/bordeaux\/de\/faq\/#breadcrumb"},"inLanguage":"de-DE","potentialAction":[{"@type":"ReadAction","target":["https:\/\/www.sources-hotels.com\/bordeaux\/de\/faq\/"]}]},{"@type":"BreadcrumbList","@id":"https:\/\/www.sources-hotels.com\/bordeaux\/de\/faq\/#breadcrumb","itemListElement":[{"@type":"ListItem","position":1,"name":"Accueil","item":"https:\/\/www.sources-hotels.com\/bordeaux\/de\/"},{"@type":"ListItem","position":2,"name":"FAQ"}]},{"@type":"WebSite","@id":"https:\/\/www.sources-hotels.com\/bordeaux\/de\/#website","url":"https:\/\/www.sources-hotels.com\/bordeaux\/de\/","name":"Les Sources de Caudalie","description":"","publisher":{"@id":"https:\/\/www.sources-hotels.com\/bordeaux\/de\/#organization"},"potentialAction":[{"@type":"SearchAction","target":{"@type":"EntryPoint","urlTemplate":"https:\/\/www.sources-hotels.com\/bordeaux\/de\/?s={search_term_string}"},"query-input":{"@type":"PropertyValueSpecification","valueRequired":true,"valueName":"search_term_string"}}],"inLanguage":"de-DE"},{"@type":"Organization","@id":"https:\/\/www.sources-hotels.com\/bordeaux\/de\/#organization","name":"Les Sources de Caudalie","url":"https:\/\/www.sources-hotels.com\/bordeaux\/de\/","logo":{"@type":"ImageObject","inLanguage":"de-DE","@id":"https:\/\/www.sources-hotels.com\/bordeaux\/de\/#\/schema\/logo\/image\/","url":"https:\/\/www.sources-hotels.com\/bordeaux\/wp-content\/uploads\/sites\/3\/2025\/03\/logo-caudalie.png","contentUrl":"https:\/\/www.sources-hotels.com\/bordeaux\/wp-content\/uploads\/sites\/3\/2025\/03\/logo-caudalie.png","width":696,"height":308,"caption":"Les Sources de Caudalie"},"image":{"@id":"https:\/\/www.sources-hotels.com\/bordeaux\/de\/#\/schema\/logo\/image\/"}}]}},"_links":{"self":[{"href":"https:\/\/www.sources-hotels.com\/bordeaux\/de\/wp-json\/wp\/v2\/pages\/3961","targetHints":{"allow":["GET"]}}],"collection":[{"href":"https:\/\/www.sources-hotels.com\/bordeaux\/de\/wp-json\/wp\/v2\/pages"}],"about":[{"href":"https:\/\/www.sources-hotels.com\/bordeaux\/de\/wp-json\/wp\/v2\/types\/page"}],"author":[{"embeddable":true,"href":"https:\/\/www.sources-hotels.com\/bordeaux\/de\/wp-json\/wp\/v2\/users\/1"}],"replies":[{"embeddable":true,"href":"https:\/\/www.sources-hotels.com\/bordeaux\/de\/wp-json\/wp\/v2\/comments?post=3961"}],"version-history":[{"count":6,"href":"https:\/\/www.sources-hotels.com\/bordeaux\/de\/wp-json\/wp\/v2\/pages\/3961\/revisions"}],"predecessor-version":[{"id":6370,"href":"https:\/\/www.sources-hotels.com\/bordeaux\/de\/wp-json\/wp\/v2\/pages\/3961\/revisions\/6370"}],"wp:attachment":[{"href":"https:\/\/www.sources-hotels.com\/bordeaux\/de\/wp-json\/wp\/v2\/media?parent=3961"}],"wp:term":[{"taxonomy":"hotels","embeddable":true,"href":"https:\/\/www.sources-hotels.com\/bordeaux\/de\/wp-json\/wp\/v2\/hotels?post=3961"},{"taxonomy":"doc_cat","embeddable":true,"href":"https:\/\/www.sources-hotels.com\/bordeaux\/de\/wp-json\/wp\/v2\/doc_cat?post=3961"}],"curies":[{"name":"wp","href":"https:\/\/api.w.org\/{rel}","templated":true}]}}