{"id":3962,"date":"2024-12-31T15:27:54","date_gmt":"2024-12-31T14:27:54","guid":{"rendered":"https:\/\/www.sources-hotels.com\/bordeaux\/?page_id=3962"},"modified":"2026-03-18T16:41:44","modified_gmt":"2026-03-18T15:41:44","slug":"agb","status":"publish","type":"page","link":"https:\/\/www.sources-hotels.com\/bordeaux\/de\/agb\/","title":{"rendered":"AGB"},"content":{"rendered":"\n<section class=\"custom-block block--header h-[206rem] text-center text-white overflow-hidden pt-[100rem] relative tablet:h-[700rem] tablet:pt-[420rem]\">\n\n    <h1>\n                    <span>\n                Unsere            <\/span>\n                            Allgemeine Gesch\u00e4ftsbedingungen            <\/h1>\n\n    \n    <span class=\"scroll-down hidden text-[12rem] tracking-[2rem] uppercase font-title cursor-pointer opacity-[64%] pb-[66rem] absolute left-2\/4 bottom-0 translate-x-[-50%] after:w-[1px] after:h-[50rem] after:bg-white after:opacity-[40%] after:absolute after:bottom-0 after:left-[50%] tablet:block\">\n        Mehr entdecken    <\/span>\n\n    <figure class=\"min-w-full min-h-full aspect-video overflow-hidden absolute top-2\/4 left-2\/4 translate-x-[-50%] translate-y-[-50%] z-[-1] before:bg-black before:opacity-[35%] before:mix-blend-multiply before:absolute before:top-0 before:left-0 before:right-0 before:bottom-0 before:z-[2]\">\n                    <img loading=\"lazy\" decoding=\"async\" width=\"2880\" height=\"1800\" src=\"https:\/\/www.sources-hotels.com\/bordeaux\/wp-content\/uploads\/sites\/3\/2024\/12\/Vignes-chemin-vue-terrasses_GdeLaubier_2\u00b014-4-1-2880x1800.jpg\" class=\"h-full w-full object-cover object-center\" alt=\"\" \/>            <\/figure>\n    \n<\/section>\n\n    \n\n<section class=\"custom-block block--title-text\">\n\n            <h2 class=\"title\">PREISE<\/h2>\n    \n            <div class=\"text rte\"><ul>\n<li><span style=\"font-weight: 400\">Die Preise verstehen sich inklusive Steuern, zuz\u00fcglich der Kurtaxe von 5,24\u202f\u20ac pro Nacht und Person (3,67\u202f\u20ac in der Chartreuse du Thil).<\/span><\/li>\n<li><span style=\"font-weight: 400\">Der Aufpreis f\u00fcr die Halbpension beinhaltet das Fr\u00fchst\u00fcck und ein Abendessen in der Table du Lavoir (ohne Getr\u00e4nke).<\/span><\/li>\n<li><span style=\"font-weight: 400\">Akzeptierte Kreditkarten: Visa, Eurocard, Mastercard und American Express.<\/span><\/li>\n<li><span style=\"font-weight: 400\">Schecks werden nicht akzeptiert.<\/span><\/li>\n<\/ul>\n<\/div>\n    \n<\/section>\n\n\n<section class=\"custom-block block--title-text\">\n\n            <h2 class=\"title\">H\u00d4TEL<\/h2>\n    \n            <div class=\"text rte\"><ul>\n<li><span style=\"font-weight: 400\">Am Anreisetag sind die Zimmer ab 15:30 Uhr verf\u00fcgbar. Am Abreisetag m\u00fcssen sie bis sp\u00e4testens 12:00 Uhr ger\u00e4umt werden.<\/span><\/li>\n<li><span style=\"font-weight: 400\">Jede \u00dcberschreitung der Abreisezeit wird als zus\u00e4tzliche Nacht berechnet.<\/span><\/li>\n<li><span style=\"font-weight: 400\">Wenn Sie Ihr Zimmer am Anreisetag vor 15:30 Uhr beziehen m\u00f6chten, empfehlen wir Ihnen, die vorherige Nacht zu reservieren (zu einem Vorzugspreis, sofern unsere Belegung es erlaubt).<\/span><\/li>\n<li><span style=\"font-weight: 400\">Ebenso gilt: F\u00fcr sp\u00e4te Abreisen erm\u00f6glicht Ihnen die Buchung der darauffolgenden Nacht, das Zimmer nach 12:00 Uhr zu behalten.<\/span><\/li>\n<li><span style=\"font-weight: 400\">Wenn Sie keine zus\u00e4tzliche Nacht buchen m\u00f6chten, bewahren wir Ihr Gep\u00e4ck gerne f\u00fcr Sie auf.<\/span><\/li>\n<li><span style=\"font-weight: 400\">Bei einem l\u00e4ngeren Aufenthalt (mehr als eine Woche) wird w\u00f6chentlich abgerechnet.<\/span><\/li>\n<li><span style=\"font-weight: 400\">Alle unsere Zimmer sind Nichtraucherzimmer.<\/span><\/li>\n<li><span style=\"font-weight: 400\">F\u00fcr Buchungen von mehr als 7 Zimmern oder mehr als 7 N\u00e4chten k\u00f6nnen besondere Stornobedingungen gelten. Es wird eine Anzahlung von 30\u202f% bei Best\u00e4tigung sowie eine vollst\u00e4ndige Vorauszahlung vor Anreise verlangt.<\/span><\/li>\n<\/ul>\n<\/div>\n    \n<\/section>\n\n\n<section class=\"custom-block block--title-text\">\n\n            <h2 class=\"title\">BUCHUNG \/ ZAHLUNG<\/h2>\n    \n            <div class=\"text rte\"><ul>\n<li><span style=\"font-weight: 400\">Alle Reservierungen m\u00fcssen mit einer g\u00fcltigen Kreditkarte garantiert werden. An Wochenenden betr\u00e4gt die Mindestaufenthaltsdauer zwei N\u00e4chte.<\/span><\/li>\n<li><span style=\"font-weight: 400\">72 Stunden vor Ihrer Anreise wird eine Vorautorisierung des Gesamtbetrags Ihres Aufenthalts auf Ihrer Kreditkarte vorgenommen.<\/span><\/li>\n<li>Bei flexiblen Tarifen erfolgt die Bezahlung beim Check-out.<\/li>\n<li>F\u00fcr Sonderangebote sowie f\u00fcr Aufenthalte mit Restaurant- und\/oder Spa-Reservierung, ebenso wie f\u00fcr flexible Tarife in der Hochsaison (von Mai bis September), wird die Zahlung 7 Tage vor der Ankunft von der bei der Buchung angegebenen Kreditkarte abgebucht.<\/li>\n<li>F\u00fcr das Langzeitangebot in der Hochsaison (von Mai bis September) wird die Zahlung 14 Tage vor der Ankunft von der bei der Buchung angegebenen Kreditkarte abgebucht.<\/li>\n<li>Bei Vorauszahlungsangeboten erfolgt die vollst\u00e4ndige Bezahlung des Aufenthalts zum Zeitpunkt der Buchung.<\/li>\n<\/ul>\n<\/div>\n    \n<\/section>\n\n\n<section class=\"custom-block block--title-text\">\n\n            <h2 class=\"title\">Stornierung<\/h2>\n    \n            <div class=\"text rte\"><p><span style=\"font-weight: 400\">Die Stornierung eines Aufenthalts muss schriftlich erfolgen. <\/span><\/p>\n<ul>\n<li><span style=\"font-weight: 400\">F\u00fcr flexible Tarife ist eine kostenfreie Stornierung bis 15:00 Uhr (Ortszeit), 2 Tage vor dem Anreisedatum m\u00f6glich, sofern nicht anders angegeben.<\/span><\/li>\n<li><span style=\"font-weight: 400\">F\u00fcr Sonderangebote sowie f\u00fcr Aufenthalte mit einer Reservierung im Restaurant und\/oder Spa \u2013 ebenso wie f\u00fcr flexible Tarife in der Hochsaison (von Mai bis September) \u2013 ist eine kostenfreie Stornierung bis 7 Tage vor der Anreise m\u00f6glich.<\/span><\/li>\n<li><span style=\"font-weight: 400\">F\u00fcr das Angebot \u201eL\u00e4ngerer Aufenthalt\u201c in der Hochsaison (von Mai bis September) ist eine kostenfreie Stornierung bis 14 Tage vor der Anreise m\u00f6glich.<\/span><\/li>\n<li><span style=\"font-weight: 400\">Vorausbezahlte Angebote sind nicht erstattungsf\u00e4hig und k\u00f6nnen nicht ge\u00e4ndert werden.<\/span><\/li>\n<li><span style=\"font-weight: 400\">Jede versp\u00e4tete Stornierung oder vorzeitige Abreise wird mit dem Gesamtbetrag des urspr\u00fcnglich gebuchten Aufenthalts berechnet.<br \/>\nJede Anfrage zur \u00c4nderung des Aufenthaltsdatums, die nach Ablauf der Stornierungsfrist erfolgt, gilt als Stornierung und wird entsprechend berechnet.<\/span><\/li>\n<li><span style=\"font-weight: 400\">Bei Aufenthaltsabbruch oder Nichterscheinen (No-Show) wird der gesamte verbleibende Aufenthalt in Rechnung gestellt.<\/span><\/li>\n<li><span style=\"font-weight: 400\">Bei nicht wahrgenommenen und nicht mindestens 48 Stunden im Voraus stornierten Behandlungen wird der volle Betrag der gebuchten Leistung berechnet.<\/span><\/li>\n<li><span style=\"font-weight: 400\">Kostenfreie Stornierungen sind bis zu 12 Stunden vor dem Servicetermin m\u00f6glich, mit Ausnahme des Restaurants La Grand&#8217;Vigne, f\u00fcr das eine Frist von 24 Stunden erforderlich ist.<\/span><\/li>\n<li>F\u00fcr Reservierungen mit weniger als 7 Personen im Restaurant La Table du Lavoir ist keine Bankgarantie erforderlich. Ab 7 Personen wird eine Garantie in H\u00f6he von 50 \u20ac pro Person verlangt. Im Restaurant La Grand\u2019Vigne wird eine Garantie von 100 \u20ac pro Person verlangt. In Zeiten hoher Auslastung kann unabh\u00e4ngig von der Personenzahl eine Bankgarantie verlangt werden.<\/li>\n<li>Widerrufsrecht nach dem Kauf eines Geschenkgutscheins:<br \/>\nGem\u00e4\u00df den geltenden Vorschriften kann der Kunde sein Widerrufsrecht innerhalb von 14 Kalendertagen ab dem Erhalt der Best\u00e4tigung des Kaufs des Geschenkgutscheins aus\u00fcben.<\/li>\n<li>Reservierungen, die mit einem Geschenkgutschein vorgenommen werden, sind nicht \u00e4nderbar, nicht stornierbar und nicht erstattungsf\u00e4hig.<\/li>\n<\/ul>\n<\/div>\n    \n<\/section>\n\n\n<section class=\"custom-block block--title-text\">\n\n            <h2 class=\"title\">\u00d6ffnungszeiten<\/h2>\n    \n            <div class=\"text rte\"><ul>\n<li><span style=\"font-weight: 400\">Das Restaurant La Grand\u2019Vigne ist zum Abendessen von Mittwoch bis Sonntag ge\u00f6ffnet sowie zum Mittagessen am Samstag und Sonntag.<\/span><\/li>\n<li><span style=\"font-weight: 400\">Das Spa ist t\u00e4glich von 9:00 bis 19:00 Uhr ge\u00f6ffnet, au\u00dfer montags (\u00d6ffnung um 10:00 Uhr) und sonntags (Schlie\u00dfung um 13:00 Uhr).<\/span><\/li>\n<\/ul>\n<\/div>\n    \n<\/section>\n\n\n<section class=\"custom-block block--title-text\">\n\n            <h2 class=\"title\">AUFENTHALTE, ARRANGEMENTS, KUREN UND RITUALE<\/h2>\n    \n            <div class=\"text rte\"><ul>\n<li><span style=\"font-weight: 400\">Alle Ausgaben, die nicht Teil eines Arrangements sind, werden zus\u00e4tzlich berechnet.<\/span><\/li>\n<li><span style=\"font-weight: 400\">Nicht in Anspruch genommene Leistungen berechtigen weder zu einer Erm\u00e4\u00dfigung, noch zu einem Abzug oder einer R\u00fcckerstattung.<\/span><\/li>\n<\/ul>\n<\/div>\n    \n<\/section>\n\n\n<section class=\"custom-block block--title-text\">\n\n            <h2 class=\"title\">Zustellbetten<\/h2>\n    \n            <div class=\"text rte\"><ul>\n<li><span style=\"font-weight: 400\">F\u00fcr Reservierungen mit 3 oder mehr Erwachsenen wird ein Zustellbett berechnet: 50\u202f\u20ac\/Person\/Nacht in den Prestige-Zimmern, Junior Suiten, Prestige-Suiten, Signature-Suiten sowie im Apartment Au C\u0153ur des Sources.<\/span><\/li>\n<\/ul>\n<\/div>\n    \n<\/section>\n\n\n<section class=\"custom-block block--title-text\">\n\n            <h2 class=\"title\">KINDER<\/h2>\n    \n            <div class=\"text rte\"><ul>\n<li><span style=\"font-weight: 400\">Ein Babybett kann f\u00fcr 20\u202f\u20ac pro Nacht bereitgestellt werden (f\u00fcr Babys von 0 bis einschlie\u00dflich 2 Jahren), ein Zustellbett f\u00fcr 50\u202f\u20ac pro Nacht (f\u00fcr Kinder von 2 bis einschlie\u00dflich 12 Jahren) in einem Prestige-Zimmer oder einer Suite.<\/span><\/li>\n<li><span style=\"font-weight: 400\">Kindermen\u00fcs zu erm\u00e4\u00dfigten Preisen bis zum Alter von 12 Jahren.<\/span><\/li>\n<\/ul>\n<\/div>\n    \n<\/section>\n\n\n<section class=\"custom-block block--title-text\">\n\n            <h2 class=\"title\">Parkplatz, Garage<\/h2>\n    \n            <div class=\"text rte\"><ul>\n<li><span style=\"font-weight: 400\">Kostenloser Au\u00dfenparkplatz; abgeschlossene Garage: 40\u202f\u20ac pro Tag.<\/span><\/li>\n<\/ul>\n<\/div>\n    \n<\/section>\n\n\n<section class=\"custom-block block--title-text\">\n\n            <h2 class=\"title\">HAUSTIERE<\/h2>\n    \n            <div class=\"text rte\"><ul>\n<li><span style=\"font-weight: 400\">Haustiere sind in Les Sources de Caudalie und in der Chartreuse du Thil willkommen. Bitte informieren Sie unser Team bei der Buchung \u00fcber die Anwesenheit Ihres Tieres.<\/span><\/li>\n<li>Bitte beachten Sie, dass Haustiere an der Leine gef\u00fchrt werden m\u00fcssen und nicht im Bereich der Pools, im Vinotherapie-Spa oder im Gourmetrestaurant La Grand\u2019Vigne erlaubt sind.<\/li>\n<li><span style=\"font-weight: 400\">Pauschale f\u00fcr die Unterbringung: Einheitspreis von 30\u202f\u20ac pro Tag und Tier.<\/span><\/li>\n<\/ul>\n<\/div>\n    \n<\/section>\n\n\n<section class=\"custom-block block--title-text\">\n\n            <h2 class=\"title\">VERBRAUCHERSCHLICHTUNGSSTELLE<\/h2>\n    \n            <div class=\"text rte\"><p data-start=\"690\" data-end=\"1041\">Gem\u00e4\u00df Artikel L. 616-1 und R. 111-1 6\u00b0 des franz\u00f6sischen Verbraucherschutzgesetzes haben Sie im Falle einer Streitigkeit das Recht, sich an den Mediator f\u00fcr Tourismus und Reisen zu wenden. Die aktuellen Kontaktdaten lauten wie folgt:<br data-start=\"923\" data-end=\"926\" \/>Mediator f\u00fcr Tourismus und Reisen<br data-start=\"959\" data-end=\"962\" \/>MTV M\u00e9diation Tourisme Voyage<br data-start=\"991\" data-end=\"994\" \/>BP 80 303<br data-start=\"1003\" data-end=\"1006\" \/>75823 Paris Cedex 17 \u2013 Frankreich<\/p>\n<\/div>\n    \n<\/section>\n","protected":false},"excerpt":{"rendered":"","protected":false},"author":1,"featured_media":0,"parent":0,"menu_order":0,"comment_status":"closed","ping_status":"closed","template":"","meta":{"_acf_changed":false,"footnotes":""},"hotels":[],"doc_cat":[],"class_list":["post-3962","page","type-page","status-publish","hentry"],"acf":[],"yoast_head":"<!-- This site is optimized with the Yoast SEO plugin v25.6 - https:\/\/yoast.com\/wordpress\/plugins\/seo\/ -->\n<title>AGB - Les Sources de Caudalie<\/title>\n<meta name=\"robots\" content=\"index, follow, max-snippet:-1, max-image-preview:large, max-video-preview:-1\" \/>\n<link rel=\"canonical\" href=\"https:\/\/www.sources-hotels.com\/bordeaux\/de\/agb\/\" \/>\n<meta property=\"og:locale\" content=\"de_DE\" \/>\n<meta property=\"og:type\" content=\"article\" \/>\n<meta property=\"og:title\" content=\"AGB - Les Sources de Caudalie\" \/>\n<meta property=\"og:url\" content=\"https:\/\/www.sources-hotels.com\/bordeaux\/de\/agb\/\" \/>\n<meta property=\"og:site_name\" content=\"Les Sources de Caudalie\" \/>\n<meta property=\"article:modified_time\" content=\"2026-03-18T15:41:44+00:00\" \/>\n<meta name=\"twitter:card\" content=\"summary_large_image\" \/>\n<script type=\"application\/ld+json\" class=\"yoast-schema-graph\">{\"@context\":\"https:\/\/schema.org\",\"@graph\":[{\"@type\":\"WebPage\",\"@id\":\"https:\/\/www.sources-hotels.com\/bordeaux\/de\/agb\/\",\"url\":\"https:\/\/www.sources-hotels.com\/bordeaux\/de\/agb\/\",\"name\":\"AGB - Les Sources de Caudalie\",\"isPartOf\":{\"@id\":\"https:\/\/www.sources-hotels.com\/bordeaux\/de\/#website\"},\"datePublished\":\"2024-12-31T14:27:54+00:00\",\"dateModified\":\"2026-03-18T15:41:44+00:00\",\"breadcrumb\":{\"@id\":\"https:\/\/www.sources-hotels.com\/bordeaux\/de\/agb\/#breadcrumb\"},\"inLanguage\":\"de-DE\",\"potentialAction\":[{\"@type\":\"ReadAction\",\"target\":[\"https:\/\/www.sources-hotels.com\/bordeaux\/de\/agb\/\"]}]},{\"@type\":\"BreadcrumbList\",\"@id\":\"https:\/\/www.sources-hotels.com\/bordeaux\/de\/agb\/#breadcrumb\",\"itemListElement\":[{\"@type\":\"ListItem\",\"position\":1,\"name\":\"Accueil\",\"item\":\"https:\/\/www.sources-hotels.com\/bordeaux\/de\/\"},{\"@type\":\"ListItem\",\"position\":2,\"name\":\"AGB\"}]},{\"@type\":\"WebSite\",\"@id\":\"https:\/\/www.sources-hotels.com\/bordeaux\/de\/#website\",\"url\":\"https:\/\/www.sources-hotels.com\/bordeaux\/de\/\",\"name\":\"Les Sources de Caudalie\",\"description\":\"\",\"publisher\":{\"@id\":\"https:\/\/www.sources-hotels.com\/bordeaux\/de\/#organization\"},\"potentialAction\":[{\"@type\":\"SearchAction\",\"target\":{\"@type\":\"EntryPoint\",\"urlTemplate\":\"https:\/\/www.sources-hotels.com\/bordeaux\/de\/?s={search_term_string}\"},\"query-input\":{\"@type\":\"PropertyValueSpecification\",\"valueRequired\":true,\"valueName\":\"search_term_string\"}}],\"inLanguage\":\"de-DE\"},{\"@type\":\"Organization\",\"@id\":\"https:\/\/www.sources-hotels.com\/bordeaux\/de\/#organization\",\"name\":\"Les Sources de Caudalie\",\"url\":\"https:\/\/www.sources-hotels.com\/bordeaux\/de\/\",\"logo\":{\"@type\":\"ImageObject\",\"inLanguage\":\"de-DE\",\"@id\":\"https:\/\/www.sources-hotels.com\/bordeaux\/de\/#\/schema\/logo\/image\/\",\"url\":\"https:\/\/www.sources-hotels.com\/bordeaux\/wp-content\/uploads\/sites\/3\/2025\/03\/logo-caudalie.png\",\"contentUrl\":\"https:\/\/www.sources-hotels.com\/bordeaux\/wp-content\/uploads\/sites\/3\/2025\/03\/logo-caudalie.png\",\"width\":696,\"height\":308,\"caption\":\"Les Sources de Caudalie\"},\"image\":{\"@id\":\"https:\/\/www.sources-hotels.com\/bordeaux\/de\/#\/schema\/logo\/image\/\"}}]}<\/script>\n<!-- \/ Yoast SEO plugin. -->","yoast_head_json":{"title":"AGB - Les Sources de Caudalie","robots":{"index":"index","follow":"follow","max-snippet":"max-snippet:-1","max-image-preview":"max-image-preview:large","max-video-preview":"max-video-preview:-1"},"canonical":"https:\/\/www.sources-hotels.com\/bordeaux\/de\/agb\/","og_locale":"de_DE","og_type":"article","og_title":"AGB - Les Sources de Caudalie","og_url":"https:\/\/www.sources-hotels.com\/bordeaux\/de\/agb\/","og_site_name":"Les Sources de Caudalie","article_modified_time":"2026-03-18T15:41:44+00:00","twitter_card":"summary_large_image","schema":{"@context":"https:\/\/schema.org","@graph":[{"@type":"WebPage","@id":"https:\/\/www.sources-hotels.com\/bordeaux\/de\/agb\/","url":"https:\/\/www.sources-hotels.com\/bordeaux\/de\/agb\/","name":"AGB - Les Sources de Caudalie","isPartOf":{"@id":"https:\/\/www.sources-hotels.com\/bordeaux\/de\/#website"},"datePublished":"2024-12-31T14:27:54+00:00","dateModified":"2026-03-18T15:41:44+00:00","breadcrumb":{"@id":"https:\/\/www.sources-hotels.com\/bordeaux\/de\/agb\/#breadcrumb"},"inLanguage":"de-DE","potentialAction":[{"@type":"ReadAction","target":["https:\/\/www.sources-hotels.com\/bordeaux\/de\/agb\/"]}]},{"@type":"BreadcrumbList","@id":"https:\/\/www.sources-hotels.com\/bordeaux\/de\/agb\/#breadcrumb","itemListElement":[{"@type":"ListItem","position":1,"name":"Accueil","item":"https:\/\/www.sources-hotels.com\/bordeaux\/de\/"},{"@type":"ListItem","position":2,"name":"AGB"}]},{"@type":"WebSite","@id":"https:\/\/www.sources-hotels.com\/bordeaux\/de\/#website","url":"https:\/\/www.sources-hotels.com\/bordeaux\/de\/","name":"Les Sources de Caudalie","description":"","publisher":{"@id":"https:\/\/www.sources-hotels.com\/bordeaux\/de\/#organization"},"potentialAction":[{"@type":"SearchAction","target":{"@type":"EntryPoint","urlTemplate":"https:\/\/www.sources-hotels.com\/bordeaux\/de\/?s={search_term_string}"},"query-input":{"@type":"PropertyValueSpecification","valueRequired":true,"valueName":"search_term_string"}}],"inLanguage":"de-DE"},{"@type":"Organization","@id":"https:\/\/www.sources-hotels.com\/bordeaux\/de\/#organization","name":"Les Sources de Caudalie","url":"https:\/\/www.sources-hotels.com\/bordeaux\/de\/","logo":{"@type":"ImageObject","inLanguage":"de-DE","@id":"https:\/\/www.sources-hotels.com\/bordeaux\/de\/#\/schema\/logo\/image\/","url":"https:\/\/www.sources-hotels.com\/bordeaux\/wp-content\/uploads\/sites\/3\/2025\/03\/logo-caudalie.png","contentUrl":"https:\/\/www.sources-hotels.com\/bordeaux\/wp-content\/uploads\/sites\/3\/2025\/03\/logo-caudalie.png","width":696,"height":308,"caption":"Les Sources de Caudalie"},"image":{"@id":"https:\/\/www.sources-hotels.com\/bordeaux\/de\/#\/schema\/logo\/image\/"}}]}},"_links":{"self":[{"href":"https:\/\/www.sources-hotels.com\/bordeaux\/de\/wp-json\/wp\/v2\/pages\/3962","targetHints":{"allow":["GET"]}}],"collection":[{"href":"https:\/\/www.sources-hotels.com\/bordeaux\/de\/wp-json\/wp\/v2\/pages"}],"about":[{"href":"https:\/\/www.sources-hotels.com\/bordeaux\/de\/wp-json\/wp\/v2\/types\/page"}],"author":[{"embeddable":true,"href":"https:\/\/www.sources-hotels.com\/bordeaux\/de\/wp-json\/wp\/v2\/users\/1"}],"replies":[{"embeddable":true,"href":"https:\/\/www.sources-hotels.com\/bordeaux\/de\/wp-json\/wp\/v2\/comments?post=3962"}],"version-history":[{"count":13,"href":"https:\/\/www.sources-hotels.com\/bordeaux\/de\/wp-json\/wp\/v2\/pages\/3962\/revisions"}],"predecessor-version":[{"id":6375,"href":"https:\/\/www.sources-hotels.com\/bordeaux\/de\/wp-json\/wp\/v2\/pages\/3962\/revisions\/6375"}],"wp:attachment":[{"href":"https:\/\/www.sources-hotels.com\/bordeaux\/de\/wp-json\/wp\/v2\/media?parent=3962"}],"wp:term":[{"taxonomy":"hotels","embeddable":true,"href":"https:\/\/www.sources-hotels.com\/bordeaux\/de\/wp-json\/wp\/v2\/hotels?post=3962"},{"taxonomy":"doc_cat","embeddable":true,"href":"https:\/\/www.sources-hotels.com\/bordeaux\/de\/wp-json\/wp\/v2\/doc_cat?post=3962"}],"curies":[{"name":"wp","href":"https:\/\/api.w.org\/{rel}","templated":true}]}}