{"id":4091,"date":"2024-12-27T14:49:14","date_gmt":"2024-12-27T13:49:14","guid":{"rendered":"https:\/\/www.sources-hotels.com\/bordeaux\/?page_id=4091"},"modified":"2025-05-21T10:25:30","modified_gmt":"2025-05-21T08:25:30","slug":"zimmer-junior-suiten","status":"publish","type":"page","link":"https:\/\/www.sources-hotels.com\/bordeaux\/de\/zimmer-suiten\/zimmer-junior-suiten\/","title":{"rendered":"Zimmer &amp; Junior Suiten"},"content":{"rendered":"\n<section class=\"custom-block block--header h-[206rem] text-center text-white overflow-hidden pt-[100rem] relative tablet:h-[700rem] tablet:pt-[420rem]\">\n\n    <h1>\n                    <span>\n                Unsere            <\/span>\n                            ZIMMER &amp; JUNIOR SUITEN            <\/h1>\n\n    \n    <span class=\"scroll-down hidden text-[12rem] tracking-[2rem] uppercase font-title cursor-pointer opacity-[64%] pb-[66rem] absolute left-2\/4 bottom-0 translate-x-[-50%] after:w-[1px] after:h-[50rem] after:bg-white after:opacity-[40%] after:absolute after:bottom-0 after:left-[50%] tablet:block\">\n        Mehr entdecken    <\/span>\n\n    <figure class=\"min-w-full min-h-full aspect-video overflow-hidden absolute top-2\/4 left-2\/4 translate-x-[-50%] translate-y-[-50%] z-[-1] before:bg-black before:opacity-[35%] before:mix-blend-multiply before:absolute before:top-0 before:left-0 before:right-0 before:bottom-0 before:z-[2]\">\n                    <img loading=\"lazy\" decoding=\"async\" width=\"2880\" height=\"1800\" src=\"https:\/\/www.sources-hotels.com\/bordeaux\/wp-content\/uploads\/sites\/3\/2024\/12\/SOURCE_4-1-2880x1800.jpg\" class=\"h-full w-full object-cover object-center\" alt=\"\" \/>            <\/figure>\n    \n<\/section>\n\n    \n\n\n<section class=\"custom-block block--title-introduction text-center tablet:!pb-[60rem]\">\n\n            <h2 class=\"block-title\">Unsere Zimmer und Junior Suiten entdecken und geniessen<\/h2>\n    \n    <div class=\"tablet:w-[970rem] tablet:inline-block\">\n        <p>Entdecken Sie die Eleganz und Raffinesse unserer Confort-, Prestige- und Junior Suiten \u2013 wahre Luxuszimmer. Jeder Raum ist individuell gestaltet, inspiriert von der authentischen Seele der Region Bordeaux, und l\u00e4dt zu einem Aufenthalt voller Charme und Gelassenheit ein.<br \/>\nSorgf\u00e4ltig ausgew\u00e4hlte M\u00f6bel, edle Materialien und Leuchten mit zeitlosem Design schaffen eine Atmosph\u00e4re, die sowohl warm als auch elegant ist. Diese luxuri\u00f6sen Zimmer in Bordeaux sind ein Ort der Entspannung und versprechen eine unvergessliche Reise ins Herz der Weinberge von Bordeaux. <\/p>\n    <\/div>\n\n<\/section>\n\n\n\n<section\n    class=\"custom-block block--large-visual-centered-text-white-background has-visual\">\n\n            <div class=\"large-visual-container\">\n\n            <div class=\"large-visual\">\n                <figure>\n                    <img loading=\"lazy\" decoding=\"async\" width=\"2600\" height=\"1200\" src=\"https:\/\/www.sources-hotels.com\/bordeaux\/wp-content\/uploads\/sites\/3\/2024\/12\/LESSOU_1-5-2600x1200.jpg\" class=\"h-full w-full object-cover object-center\" alt=\"\" \/>                <\/figure>\n            <\/div>\n\n            \n                            <h2 class=\"title-single\">Confort-Zimmer<\/h2>\n                        \n        <\/div>\n    \n    <div class=\"bloc-content\">\n                <div class=\"content rte\">\n            <p>Gem\u00fctliche und komfortable Zimmer mit Buco\u2019Chic-Dekor und separatem Badezimmer. <\/p>\n<h4>Service und Ausstattung<\/h4>\n<ul>\n<li><span style=\"font-weight: 400\">2 Personen<\/span><\/li>\n<li><span style=\"font-weight: 400\">27m2<\/span><\/li>\n<li><span style=\"font-weight: 400\">Blick auf den Wald oder die G\u00e4rten<\/span><\/li>\n<li><span style=\"font-weight: 400\">Separates Badezimmer mit Doppelwaschbecken, Badewanne und Dusche. Umweltfreundliche Pflegeprodukte<\/span><\/li>\n<li><span style=\"font-weight: 400\">Twin- oder Doppelbett. Unsere Betten stammen aus franz\u00f6sischer Herstellung<\/span><\/li>\n<li><span style=\"font-weight: 400\">Flachbildfernseher mit Chromecast<\/span><\/li>\n<li><span style=\"font-weight: 400\">Klimaanlage<\/span><\/li>\n<li><span style=\"font-weight: 400\">Kostenfreies WLAN<\/span><\/li>\n<li><span style=\"font-weight: 400\">Safe<\/span><\/li>\n<li><span style=\"font-weight: 400\">Minibar<\/span><\/li>\n<li><span style=\"font-weight: 400\">Room service disponible<\/span><\/li>\n<\/ul>\n<p>&nbsp;<\/p>\n<p><em>Unser Fr\u00fchst\u00fcck wird als Buffet im Restaurant La Grand\u2019Vigne serviert oder auf Wunsch auf Ihr Zimmer gebracht.<\/em><\/p>\n        <\/div>\n\n            <\/div>\n\n    \n            <svg width=\"475\" height=\"889\" viewBox=\"0 0 475 889\" fill=\"none\"><use xlink:href=\"#leaf-side\"\/><\/svg>    \n<\/section>\n\n<section class=\"custom-block block--three-visuals-cta mx-auto text-center\">\n\n                    <div class=\"images\">\n                            <div class=\"relative\">\n                    <figure>\n                        <img loading=\"lazy\" decoding=\"async\" width=\"840\" height=\"600\" src=\"https:\/\/www.sources-hotels.com\/bordeaux\/wp-content\/uploads\/sites\/3\/2025\/01\/LesSourcesDeCaudalie_GrangeAuBateau_48_\u00a9Itshenriette_Mai2023-5-840x600.jpg\" class=\"w-full h-full object-cover object-center\" alt=\"\" \/>                    <\/figure>\n                                    <\/div>\n                            <div class=\"relative\">\n                    <figure>\n                        <img loading=\"lazy\" decoding=\"async\" width=\"840\" height=\"600\" src=\"https:\/\/www.sources-hotels.com\/bordeaux\/wp-content\/uploads\/sites\/3\/2025\/01\/LE4947_1-840x600.jpg\" class=\"w-full h-full object-cover object-center\" alt=\"\" \/>                    <\/figure>\n                                    <\/div>\n                            <div class=\"relative\">\n                    <figure>\n                        <img loading=\"lazy\" decoding=\"async\" width=\"840\" height=\"600\" src=\"https:\/\/www.sources-hotels.com\/bordeaux\/wp-content\/uploads\/sites\/3\/2025\/01\/LESSOU_4-2-840x600.jpg\" class=\"w-full h-full object-cover object-center\" alt=\"\" \/>                    <\/figure>\n                                    <\/div>\n                    <\/div>\n    \n\n            <div class=\"ctas mt-[23rem] tablet:mt-[40rem] flex gap-[42rem] justify-center\">\n            \n                            <button class=\"button cta-booking dedge-open\">Buchen<\/button>\n                    <\/div>\n    \n\n\n\n<\/section>\n\n\n<section\n    class=\"custom-block block--large-visual-centered-text-white-background has-visual\">\n\n            <div class=\"large-visual-container\">\n\n            <div class=\"large-visual\">\n                <figure>\n                    <img loading=\"lazy\" decoding=\"async\" width=\"2600\" height=\"1200\" src=\"https:\/\/www.sources-hotels.com\/bordeaux\/wp-content\/uploads\/sites\/3\/2024\/12\/LEE7D3_1-1-2600x1200.jpg\" class=\"h-full w-full object-cover object-center\" alt=\"\" \/>                <\/figure>\n            <\/div>\n\n            \n                            <h2 class=\"title-single\">Prestige &#8211; Zimmer<\/h2>\n                        \n        <\/div>\n    \n    <div class=\"bloc-content\">\n                <div class=\"content rte\">\n            <p><span style=\"font-weight: 400\">Frisch neu gestaltet in einem klaren und zeitlosen Stil \u2013 unsere Prestige-Zimmer begeistern mit mineralischen oder erdigen Farbt\u00f6nen, edlen H\u00f6lzern, hochwertigen Stoffen und kunstvollen Objekten.<\/span><\/p>\n<h4>Service und Ausstattung<\/h4>\n<ul>\n<li><span style=\"font-weight: 400\">2 Erwachsene und 1 Kind<\/span><\/li>\n<li><span style=\"font-weight: 400\">32m2<\/span><\/li>\n<li><span style=\"font-weight: 400\">Blick auf den Wald oder die G\u00e4rten<\/span><\/li>\n<li><span style=\"font-weight: 400\">Separates Badezimmer mit Doppelwaschbecken, Badewanne und Dusche. Umweltfreundliche Pflegeprodukte<\/span><\/li>\n<li><span style=\"font-weight: 400\">Twin- oder Doppelbett. Unsere Betten stammen aus franz\u00f6sischer Herstellung.<\/span><\/li>\n<li><span style=\"font-weight: 400\">Flachbildfernseher mit Chromecast<\/span><\/li>\n<li><span style=\"font-weight: 400\">Klimaanlage<\/span><\/li>\n<li><span style=\"font-weight: 400\">Kostenfreies WLAN<\/span><\/li>\n<li><span style=\"font-weight: 400\">SAfe<\/span><\/li>\n<li><span style=\"font-weight: 400\">Minibar<\/span><\/li>\n<li><span style=\"font-weight: 400\">Room service disponible<\/span><\/li>\n<p>&gt;\n<\/ul>\n<p>&nbsp;<\/p>\n<p><em>Unser Fr\u00fchst\u00fcck wird als Buffet im Restaurant La Grand\u2019Vigne serviert oder auf Wunsch auf Ihr Zimmer gebracht.<\/em><\/p>\n        <\/div>\n\n            <\/div>\n\n    \n            <svg width=\"475\" height=\"889\" viewBox=\"0 0 475 889\" fill=\"none\"><use xlink:href=\"#leaf-side\"\/><\/svg>    \n<\/section>\n\n<section class=\"custom-block block--three-visuals-cta mx-auto text-center\">\n\n                    <div class=\"images\">\n                            <div class=\"relative\">\n                    <figure>\n                        <img loading=\"lazy\" decoding=\"async\" width=\"840\" height=\"600\" src=\"https:\/\/www.sources-hotels.com\/bordeaux\/wp-content\/uploads\/sites\/3\/2025\/01\/LEA5A5_1-1-840x600.jpg\" class=\"w-full h-full object-cover object-center\" alt=\"\" \/>                    <\/figure>\n                                    <\/div>\n                            <div class=\"relative\">\n                    <figure>\n                        <img loading=\"lazy\" decoding=\"async\" width=\"840\" height=\"600\" src=\"https:\/\/www.sources-hotels.com\/bordeaux\/wp-content\/uploads\/sites\/3\/2025\/01\/LESSOU_3-2-840x600.jpg\" class=\"w-full h-full object-cover object-center\" alt=\"\" \/>                    <\/figure>\n                                    <\/div>\n                            <div class=\"relative\">\n                    <figure>\n                        <img loading=\"lazy\" decoding=\"async\" width=\"840\" height=\"600\" src=\"https:\/\/www.sources-hotels.com\/bordeaux\/wp-content\/uploads\/sites\/3\/2025\/01\/LESSOU_2-3-840x600.jpg\" class=\"w-full h-full object-cover object-center\" alt=\"\" \/>                    <\/figure>\n                                    <\/div>\n                    <\/div>\n    \n\n            <div class=\"ctas mt-[23rem] tablet:mt-[40rem] flex gap-[42rem] justify-center\">\n            \n                            <button class=\"button cta-booking dedge-open\">Buchen<\/button>\n                    <\/div>\n    \n\n\n\n<\/section>\n\n\n<section\n    class=\"custom-block block--large-visual-centered-text-white-background has-visual\">\n\n            <div class=\"large-visual-container\">\n\n            <div class=\"large-visual\">\n                <figure>\n                    <img loading=\"lazy\" decoding=\"async\" width=\"2600\" height=\"1200\" src=\"https:\/\/www.sources-hotels.com\/bordeaux\/wp-content\/uploads\/sites\/3\/2024\/12\/LESSOU_1-6-2600x1200.jpg\" class=\"h-full w-full object-cover object-center\" alt=\"\" \/>                <\/figure>\n            <\/div>\n\n            \n                            <h2 class=\"title-single\">Junior Suiten<\/h2>\n                        \n        <\/div>\n    \n    <div class=\"bloc-content\">\n                <div class=\"content rte\">\n            <p>Die Junior Suiten bieten Gro\u00dfz\u00fcgigkeit, Komfort und Eleganz. Jede ist einzigartig gestaltet und l\u00e4dt zu einer Reise ein \u2013 sei es in das Herz des Baskenlands mit Espelette oder in eine poetische Welt mit Lys dans la Vall\u00e9e. Alle verf\u00fcgen \u00fcber einen gem\u00fctlichen, lichtdurchfluteten Wohnbereich.<span style=\"font-weight: 400\"><br \/>\n<\/span><\/p>\n<h4>Service und Ausstattung<\/h4>\n<ul>\n<li><span style=\"font-weight: 400\">3 Personen<\/span><\/li>\n<li><span style=\"font-weight: 400\">45m2<\/span><\/li>\n<li><span style=\"font-weight: 400\">Blick auf den Wald oder die G\u00e4rten<\/span><\/li>\n<li><span style=\"font-weight: 400\">Separates Badezimmer mit Doppelwaschbecken, Badewanne und Dusche. Umweltfreundliche Pflegeprodukte<\/span><\/li>\n<li><span style=\"font-weight: 400\">Twin- oder Doppelbett. Unsere Betten stammen aus franz\u00f6sischer Herstellung.<\/span><\/li>\n<li><span style=\"font-weight: 400\">Flachbildfernseher mit Chromecast<\/span><\/li>\n<li><span style=\"font-weight: 400\">Klimaanlage<\/span><\/li>\n<li><span style=\"font-weight: 400\">Kostenfreies WLAN<\/span><\/li>\n<li><span style=\"font-weight: 400\">SAfe<\/span><\/li>\n<li><span style=\"font-weight: 400\">Minibar<\/span><\/li>\n<li><span style=\"font-weight: 400\">Room service disponible<\/span><\/li>\n<p>&gt;\n<\/ul>\n<p>&nbsp;<\/p>\n<p><em>Unser Fr\u00fchst\u00fcck wird als Buffet im Restaurant La Grand\u2019Vigne serviert oder auf Wunsch auf Ihr Zimmer gebracht.<\/em><\/p>\n        <\/div>\n\n            <\/div>\n\n    \n            <svg width=\"475\" height=\"889\" viewBox=\"0 0 475 889\" fill=\"none\"><use xlink:href=\"#leaf-side\"\/><\/svg>    \n<\/section>\n\n<section class=\"custom-block block--three-visuals-cta mx-auto text-center\">\n\n                    <div class=\"images\">\n                            <div class=\"relative\">\n                    <figure>\n                        <img loading=\"lazy\" decoding=\"async\" width=\"840\" height=\"600\" src=\"https:\/\/www.sources-hotels.com\/bordeaux\/wp-content\/uploads\/sites\/3\/2025\/01\/SOURCE_2-5-840x600.jpg\" class=\"w-full h-full object-cover object-center\" alt=\"\" \/>                    <\/figure>\n                                    <\/div>\n                            <div class=\"relative\">\n                    <figure>\n                        <img loading=\"lazy\" decoding=\"async\" width=\"840\" height=\"600\" src=\"https:\/\/www.sources-hotels.com\/bordeaux\/wp-content\/uploads\/sites\/3\/2025\/01\/SO7952_1-840x600.jpg\" class=\"w-full h-full object-cover object-center\" alt=\"\" \/>                    <\/figure>\n                                    <\/div>\n                            <div class=\"relative\">\n                    <figure>\n                        <img loading=\"lazy\" decoding=\"async\" width=\"840\" height=\"600\" src=\"https:\/\/www.sources-hotels.com\/bordeaux\/wp-content\/uploads\/sites\/3\/2025\/01\/LESSOU_3-3-840x600.jpg\" class=\"w-full h-full object-cover object-center\" alt=\"\" \/>                    <\/figure>\n                                    <\/div>\n                    <\/div>\n    \n\n            <div class=\"ctas mt-[23rem] tablet:mt-[40rem] flex gap-[42rem] justify-center\">\n            \n                            <button class=\"button cta-booking dedge-open\">Buchen<\/button>\n                    <\/div>\n    \n\n\n\n<\/section>","protected":false},"excerpt":{"rendered":"","protected":false},"author":1,"featured_media":0,"parent":3946,"menu_order":0,"comment_status":"closed","ping_status":"closed","template":"","meta":{"_acf_changed":false,"footnotes":""},"hotels":[],"doc_cat":[],"class_list":["post-4091","page","type-page","status-publish","hentry"],"acf":[],"yoast_head":"<!-- This site is optimized with the Yoast SEO plugin v25.6 - https:\/\/yoast.com\/wordpress\/plugins\/seo\/ -->\n<title>Luxuri\u00f6se Junior Suiten in Bordeaux | Les Sources de Caudalie<\/title>\n<meta name=\"description\" content=\"Verbringen Sie Ihren Aufenthalt in unseren Zimmern und Suiten in Bordeaux \u2013 eine Oase voller Luxus und Entspannung. Buchen Sie jetzt!\" \/>\n<meta name=\"robots\" content=\"index, follow, max-snippet:-1, max-image-preview:large, max-video-preview:-1\" \/>\n<link rel=\"canonical\" href=\"https:\/\/www.sources-hotels.com\/bordeaux\/de\/zimmer-suiten\/zimmer-junior-suiten\/\" \/>\n<meta property=\"og:locale\" content=\"de_DE\" \/>\n<meta property=\"og:type\" content=\"article\" \/>\n<meta property=\"og:title\" content=\"Luxuri\u00f6se Junior Suiten in Bordeaux | Les Sources de Caudalie\" \/>\n<meta property=\"og:description\" content=\"Verbringen Sie Ihren Aufenthalt in unseren Zimmern und Suiten in Bordeaux \u2013 eine Oase voller Luxus und Entspannung. Buchen Sie jetzt!\" \/>\n<meta property=\"og:url\" content=\"https:\/\/www.sources-hotels.com\/bordeaux\/de\/zimmer-suiten\/zimmer-junior-suiten\/\" \/>\n<meta property=\"og:site_name\" content=\"Les Sources de Caudalie\" \/>\n<meta property=\"article:modified_time\" content=\"2025-05-21T08:25:30+00:00\" \/>\n<meta name=\"twitter:card\" content=\"summary_large_image\" \/>\n<script type=\"application\/ld+json\" class=\"yoast-schema-graph\">{\"@context\":\"https:\/\/schema.org\",\"@graph\":[{\"@type\":\"WebPage\",\"@id\":\"https:\/\/www.sources-hotels.com\/bordeaux\/de\/zimmer-suiten\/zimmer-junior-suiten\/\",\"url\":\"https:\/\/www.sources-hotels.com\/bordeaux\/de\/zimmer-suiten\/zimmer-junior-suiten\/\",\"name\":\"Luxuri\u00f6se Junior Suiten in Bordeaux | Les Sources de Caudalie\",\"isPartOf\":{\"@id\":\"https:\/\/www.sources-hotels.com\/bordeaux\/de\/#website\"},\"datePublished\":\"2024-12-27T13:49:14+00:00\",\"dateModified\":\"2025-05-21T08:25:30+00:00\",\"description\":\"Verbringen Sie Ihren Aufenthalt in unseren Zimmern und Suiten in Bordeaux \u2013 eine Oase voller Luxus und Entspannung. Buchen Sie jetzt!\",\"breadcrumb\":{\"@id\":\"https:\/\/www.sources-hotels.com\/bordeaux\/de\/zimmer-suiten\/zimmer-junior-suiten\/#breadcrumb\"},\"inLanguage\":\"de-DE\",\"potentialAction\":[{\"@type\":\"ReadAction\",\"target\":[\"https:\/\/www.sources-hotels.com\/bordeaux\/de\/zimmer-suiten\/zimmer-junior-suiten\/\"]}]},{\"@type\":\"BreadcrumbList\",\"@id\":\"https:\/\/www.sources-hotels.com\/bordeaux\/de\/zimmer-suiten\/zimmer-junior-suiten\/#breadcrumb\",\"itemListElement\":[{\"@type\":\"ListItem\",\"position\":1,\"name\":\"Accueil\",\"item\":\"https:\/\/www.sources-hotels.com\/bordeaux\/de\/\"},{\"@type\":\"ListItem\",\"position\":2,\"name\":\"Zimmer &amp; Suiten\",\"item\":\"https:\/\/www.sources-hotels.com\/bordeaux\/de\/zimmer-suiten\/\"},{\"@type\":\"ListItem\",\"position\":3,\"name\":\"Zimmer &amp; Junior Suiten\"}]},{\"@type\":\"WebSite\",\"@id\":\"https:\/\/www.sources-hotels.com\/bordeaux\/de\/#website\",\"url\":\"https:\/\/www.sources-hotels.com\/bordeaux\/de\/\",\"name\":\"Les Sources de Caudalie\",\"description\":\"\",\"publisher\":{\"@id\":\"https:\/\/www.sources-hotels.com\/bordeaux\/de\/#organization\"},\"potentialAction\":[{\"@type\":\"SearchAction\",\"target\":{\"@type\":\"EntryPoint\",\"urlTemplate\":\"https:\/\/www.sources-hotels.com\/bordeaux\/de\/?s={search_term_string}\"},\"query-input\":{\"@type\":\"PropertyValueSpecification\",\"valueRequired\":true,\"valueName\":\"search_term_string\"}}],\"inLanguage\":\"de-DE\"},{\"@type\":\"Organization\",\"@id\":\"https:\/\/www.sources-hotels.com\/bordeaux\/de\/#organization\",\"name\":\"Les Sources de Caudalie\",\"url\":\"https:\/\/www.sources-hotels.com\/bordeaux\/de\/\",\"logo\":{\"@type\":\"ImageObject\",\"inLanguage\":\"de-DE\",\"@id\":\"https:\/\/www.sources-hotels.com\/bordeaux\/de\/#\/schema\/logo\/image\/\",\"url\":\"https:\/\/www.sources-hotels.com\/bordeaux\/wp-content\/uploads\/sites\/3\/2025\/03\/logo-caudalie.png\",\"contentUrl\":\"https:\/\/www.sources-hotels.com\/bordeaux\/wp-content\/uploads\/sites\/3\/2025\/03\/logo-caudalie.png\",\"width\":696,\"height\":308,\"caption\":\"Les Sources de Caudalie\"},\"image\":{\"@id\":\"https:\/\/www.sources-hotels.com\/bordeaux\/de\/#\/schema\/logo\/image\/\"}}]}<\/script>\n<!-- \/ Yoast SEO plugin. -->","yoast_head_json":{"title":"Luxuri\u00f6se Junior Suiten in Bordeaux | Les Sources de Caudalie","description":"Verbringen Sie Ihren Aufenthalt in unseren Zimmern und Suiten in Bordeaux \u2013 eine Oase voller Luxus und Entspannung. Buchen Sie jetzt!","robots":{"index":"index","follow":"follow","max-snippet":"max-snippet:-1","max-image-preview":"max-image-preview:large","max-video-preview":"max-video-preview:-1"},"canonical":"https:\/\/www.sources-hotels.com\/bordeaux\/de\/zimmer-suiten\/zimmer-junior-suiten\/","og_locale":"de_DE","og_type":"article","og_title":"Luxuri\u00f6se Junior Suiten in Bordeaux | Les Sources de Caudalie","og_description":"Verbringen Sie Ihren Aufenthalt in unseren Zimmern und Suiten in Bordeaux \u2013 eine Oase voller Luxus und Entspannung. Buchen Sie jetzt!","og_url":"https:\/\/www.sources-hotels.com\/bordeaux\/de\/zimmer-suiten\/zimmer-junior-suiten\/","og_site_name":"Les Sources de Caudalie","article_modified_time":"2025-05-21T08:25:30+00:00","twitter_card":"summary_large_image","schema":{"@context":"https:\/\/schema.org","@graph":[{"@type":"WebPage","@id":"https:\/\/www.sources-hotels.com\/bordeaux\/de\/zimmer-suiten\/zimmer-junior-suiten\/","url":"https:\/\/www.sources-hotels.com\/bordeaux\/de\/zimmer-suiten\/zimmer-junior-suiten\/","name":"Luxuri\u00f6se Junior Suiten in Bordeaux | Les Sources de Caudalie","isPartOf":{"@id":"https:\/\/www.sources-hotels.com\/bordeaux\/de\/#website"},"datePublished":"2024-12-27T13:49:14+00:00","dateModified":"2025-05-21T08:25:30+00:00","description":"Verbringen Sie Ihren Aufenthalt in unseren Zimmern und Suiten in Bordeaux \u2013 eine Oase voller Luxus und Entspannung. Buchen Sie jetzt!","breadcrumb":{"@id":"https:\/\/www.sources-hotels.com\/bordeaux\/de\/zimmer-suiten\/zimmer-junior-suiten\/#breadcrumb"},"inLanguage":"de-DE","potentialAction":[{"@type":"ReadAction","target":["https:\/\/www.sources-hotels.com\/bordeaux\/de\/zimmer-suiten\/zimmer-junior-suiten\/"]}]},{"@type":"BreadcrumbList","@id":"https:\/\/www.sources-hotels.com\/bordeaux\/de\/zimmer-suiten\/zimmer-junior-suiten\/#breadcrumb","itemListElement":[{"@type":"ListItem","position":1,"name":"Accueil","item":"https:\/\/www.sources-hotels.com\/bordeaux\/de\/"},{"@type":"ListItem","position":2,"name":"Zimmer &amp; Suiten","item":"https:\/\/www.sources-hotels.com\/bordeaux\/de\/zimmer-suiten\/"},{"@type":"ListItem","position":3,"name":"Zimmer &amp; Junior Suiten"}]},{"@type":"WebSite","@id":"https:\/\/www.sources-hotels.com\/bordeaux\/de\/#website","url":"https:\/\/www.sources-hotels.com\/bordeaux\/de\/","name":"Les Sources de Caudalie","description":"","publisher":{"@id":"https:\/\/www.sources-hotels.com\/bordeaux\/de\/#organization"},"potentialAction":[{"@type":"SearchAction","target":{"@type":"EntryPoint","urlTemplate":"https:\/\/www.sources-hotels.com\/bordeaux\/de\/?s={search_term_string}"},"query-input":{"@type":"PropertyValueSpecification","valueRequired":true,"valueName":"search_term_string"}}],"inLanguage":"de-DE"},{"@type":"Organization","@id":"https:\/\/www.sources-hotels.com\/bordeaux\/de\/#organization","name":"Les Sources de Caudalie","url":"https:\/\/www.sources-hotels.com\/bordeaux\/de\/","logo":{"@type":"ImageObject","inLanguage":"de-DE","@id":"https:\/\/www.sources-hotels.com\/bordeaux\/de\/#\/schema\/logo\/image\/","url":"https:\/\/www.sources-hotels.com\/bordeaux\/wp-content\/uploads\/sites\/3\/2025\/03\/logo-caudalie.png","contentUrl":"https:\/\/www.sources-hotels.com\/bordeaux\/wp-content\/uploads\/sites\/3\/2025\/03\/logo-caudalie.png","width":696,"height":308,"caption":"Les Sources de Caudalie"},"image":{"@id":"https:\/\/www.sources-hotels.com\/bordeaux\/de\/#\/schema\/logo\/image\/"}}]}},"_links":{"self":[{"href":"https:\/\/www.sources-hotels.com\/bordeaux\/de\/wp-json\/wp\/v2\/pages\/4091","targetHints":{"allow":["GET"]}}],"collection":[{"href":"https:\/\/www.sources-hotels.com\/bordeaux\/de\/wp-json\/wp\/v2\/pages"}],"about":[{"href":"https:\/\/www.sources-hotels.com\/bordeaux\/de\/wp-json\/wp\/v2\/types\/page"}],"author":[{"embeddable":true,"href":"https:\/\/www.sources-hotels.com\/bordeaux\/de\/wp-json\/wp\/v2\/users\/1"}],"replies":[{"embeddable":true,"href":"https:\/\/www.sources-hotels.com\/bordeaux\/de\/wp-json\/wp\/v2\/comments?post=4091"}],"version-history":[{"count":7,"href":"https:\/\/www.sources-hotels.com\/bordeaux\/de\/wp-json\/wp\/v2\/pages\/4091\/revisions"}],"predecessor-version":[{"id":4662,"href":"https:\/\/www.sources-hotels.com\/bordeaux\/de\/wp-json\/wp\/v2\/pages\/4091\/revisions\/4662"}],"up":[{"embeddable":true,"href":"https:\/\/www.sources-hotels.com\/bordeaux\/de\/wp-json\/wp\/v2\/pages\/3946"}],"wp:attachment":[{"href":"https:\/\/www.sources-hotels.com\/bordeaux\/de\/wp-json\/wp\/v2\/media?parent=4091"}],"wp:term":[{"taxonomy":"hotels","embeddable":true,"href":"https:\/\/www.sources-hotels.com\/bordeaux\/de\/wp-json\/wp\/v2\/hotels?post=4091"},{"taxonomy":"doc_cat","embeddable":true,"href":"https:\/\/www.sources-hotels.com\/bordeaux\/de\/wp-json\/wp\/v2\/doc_cat?post=4091"}],"curies":[{"name":"wp","href":"https:\/\/api.w.org\/{rel}","templated":true}]}}