{"id":4092,"date":"2024-12-30T11:37:58","date_gmt":"2024-12-30T10:37:58","guid":{"rendered":"https:\/\/www.sources-hotels.com\/bordeaux\/?page_id=4092"},"modified":"2025-05-22T14:13:31","modified_gmt":"2025-05-22T12:13:31","slug":"chartreuse-du-thil","status":"publish","type":"page","link":"https:\/\/www.sources-hotels.com\/bordeaux\/de\/zimmer-suiten\/chartreuse-du-thil\/","title":{"rendered":"Chartreuse du Thil"},"content":{"rendered":"\n<section class=\"custom-block block--header h-[206rem] text-center text-white overflow-hidden pt-[100rem] relative tablet:h-[700rem] tablet:pt-[420rem]\">\n\n    <h1>\n                            Chartreuse du Ch\u00e2teau Le Thil            <\/h1>\n\n    \n    <span class=\"scroll-down hidden text-[12rem] tracking-[2rem] uppercase font-title cursor-pointer opacity-[64%] pb-[66rem] absolute left-2\/4 bottom-0 translate-x-[-50%] after:w-[1px] after:h-[50rem] after:bg-white after:opacity-[40%] after:absolute after:bottom-0 after:left-[50%] tablet:block\">\n        Mehr entdecken    <\/span>\n\n    <figure class=\"min-w-full min-h-full aspect-video overflow-hidden absolute top-2\/4 left-2\/4 translate-x-[-50%] translate-y-[-50%] z-[-1] before:bg-black before:opacity-[35%] before:mix-blend-multiply before:absolute before:top-0 before:left-0 before:right-0 before:bottom-0 before:z-[2]\">\n                    <img loading=\"lazy\" decoding=\"async\" width=\"1024\" height=\"681\" src=\"https:\/\/www.sources-hotels.com\/bordeaux\/wp-content\/uploads\/sites\/3\/2025\/01\/Facade-Chartreuse-et-parc-GdeLaubier.jpg\" class=\"h-full w-full object-cover object-center\" alt=\"\" srcset=\"https:\/\/www.sources-hotels.com\/bordeaux\/wp-content\/uploads\/sites\/3\/2025\/01\/Facade-Chartreuse-et-parc-GdeLaubier.jpg 1024w, https:\/\/www.sources-hotels.com\/bordeaux\/wp-content\/uploads\/sites\/3\/2025\/01\/Facade-Chartreuse-et-parc-GdeLaubier-300x200.jpg 300w, https:\/\/www.sources-hotels.com\/bordeaux\/wp-content\/uploads\/sites\/3\/2025\/01\/Facade-Chartreuse-et-parc-GdeLaubier-768x511.jpg 768w\" sizes=\"auto, (max-width: 1024px) 100vw, 1024px\" \/>            <\/figure>\n    \n<\/section>\n\n    \n\n\n<section class=\"custom-block block--title-introduction text-center tablet:!pb-[60rem]\">\n\n            <h2 class=\"block-title\">Nur 1,5\u202fkm vom Hotel Les Sources de Caudalie entfernt<\/h2>\n    \n    <div class=\"tablet:w-[970rem] tablet:inline-block\">\n        <p>Lassen Sie sich von der Magie dieses au\u00dfergew\u00f6hnlichen Ortes verzaubern \u2013 der ideale Rahmen f\u00fcr erholsame Momente oder geselliges Beisammensein mit Familie oder Freunden.<br \/>\nDer jahrhundertealte Park und das atemberaubende Interieur begeistern Liebhaber von Raffinesse und Authentizit\u00e4t gleicherma\u00dfen.<br \/>\n9 Zimmer, 2 Suiten und stilvolle Salons stehen zur Verf\u00fcgung.<br \/>\nDie Zimmer k\u00f6nnen einzeln pro Nacht gebucht werden, aber auch eine exklusive Anmietung der gesamten Chartreuse ist m\u00f6glich.<br \/>\nSo wird das Haus f\u00fcr ein Familienwochenende oder ein gesch\u00e4ftliches Seminar zu Ihrem ganz pers\u00f6nlichen Refugium.<\/p>\n    <\/div>\n\n<\/section>\n\n\n\n<section\n    class=\"custom-block block--large-visual-centered-text-white-background has-visual\">\n\n            <div class=\"large-visual-container\">\n\n            <div class=\"large-visual\">\n                <figure>\n                    <img loading=\"lazy\" decoding=\"async\" width=\"2600\" height=\"1200\" src=\"https:\/\/www.sources-hotels.com\/bordeaux\/wp-content\/uploads\/sites\/3\/2025\/01\/Accueil-2600x1200.jpg\" class=\"h-full w-full object-cover object-center\" alt=\"\" \/>                <\/figure>\n            <\/div>\n\n            \n                            <h2 class=\"title-single\">Eine au\u00dfergew\u00f6hnliche Umgebung<\/h2>\n                        \n        <\/div>\n    \n    <div class=\"bloc-content\">\n                    <h3 class=\"title\">Im Herzen des Waldes<\/h3>\n                <div class=\"content rte\">\n            <p><span style=\"font-weight: 400\">Nur 1,5\u202fKilometer von Les Sources de Caudalie entfernt liegt das prachtvolle Anwesen aus dem 18.\u202fJahrhundert, das einst als Sommerresidenz der Familie von Herrn Duffour Dubergier \u2013 B\u00fcrgermeister von Bordeaux im Jahr 1855 \u2013 diente. Die Chartreuse befindet sich inmitten eines herrlichen, jahrhundertealten Parks, direkt neben den W\u00e4ldern des Ch\u00e2teau Smith Haut Lafitte \u2013 ein Ort, der zum Tr\u00e4umen einl\u00e4dt.<\/span><\/p>\n<p>Durch das gew\u00f6lbte Eingangsportal, flankiert von zwei eleganten Kupferlaternen, betreten die G\u00e4ste eine Welt der Ruhe und zeitlosen Raffinesse.<\/p>\n<p>Die stilvoll aneinandergereihten Salons, wahre Hommagen an die Kunst der Mu\u00dfe, laden zum Verweilen ein: ob beim Fr\u00fchst\u00fcck an der langen Gastgebertafel, bei einer privaten Yogastunde oder einfach mit einem guten Buch in der Hand.<br \/>\nEin weiteres Highlight ist ein \u00fcber 100\u202fm\u00b2 gro\u00dfer Raum, in dem der Sternekoch von Les Sources de Caudalie, Nicolas Masse, k\u00f6stliche Mittag- oder Abendessen inszenieren kann.<\/p>\n<p><strong>Das gewisse Extra, das den Unterschied macht<\/strong><br \/>\nEin Aufenthalt in diesem Refugium der Ruhe bietet zudem Zugang zum beheizten Innenpool der Sources de Caudalie, zum Tennisplatz sowie zu Fahrr\u00e4dern, mit denen sich wunderbare Ausfl\u00fcge durch die Weinberge unternehmen lassen.<\/p>\n<h4>Ausstattung und Service in den Zimmern<\/h4>\n<ul>\n<li><span style=\"font-weight: 400\">F\u00fcr 2 Erwachsene in den Zimmern<\/span><\/li>\n<li>F\u00fcr 2 Erwachsene und 2 Kinder oder 3 Erwachsene in den Suiten<\/li>\n<li><span style=\"font-weight: 400\">Separates Badezimmer mit zwei Waschbecken, Badewanne und Dusche. Umweltfreundliche Pflegeprodukte<\/span><\/li>\n<li><span style=\"font-weight: 400\">Twin- oder Doppelbett mit franz\u00f6sischer Premium-Bettw\u00e4sche<\/span><\/li>\n<li><span style=\"font-weight: 400\">Flachbildfernseher mit Chromecast<\/span><\/li>\n<li><span style=\"font-weight: 400\">Klimaanlage<\/span><\/li>\n<li><span style=\"font-weight: 400\">Kostenloses WLAN<\/span><\/li>\n<li><span style=\"font-weight: 400\">Safe<\/span><\/li>\n<li><span style=\"font-weight: 400\">Minibar<\/span><span style=\"font-weight: 400\"><br \/>\n<\/span><\/li>\n<\/ul>\n        <\/div>\n\n            <\/div>\n\n    \n            <svg width=\"475\" height=\"889\" viewBox=\"0 0 475 889\" fill=\"none\"><use xlink:href=\"#leaf-side\"\/><\/svg>    \n<\/section>\n\n<section class=\"custom-block block--three-visuals-cta mx-auto text-center\">\n\n                    <div class=\"images\">\n                            <div class=\"relative\">\n                    <figure>\n                        <img loading=\"lazy\" decoding=\"async\" width=\"840\" height=\"600\" src=\"https:\/\/www.sources-hotels.com\/bordeaux\/wp-content\/uploads\/sites\/3\/2025\/01\/GdeLaubier38-840x600.jpg\" class=\"w-full h-full object-cover object-center\" alt=\"\" \/>                    <\/figure>\n                                    <\/div>\n                            <div class=\"relative\">\n                    <figure>\n                        <img loading=\"lazy\" decoding=\"async\" width=\"840\" height=\"600\" src=\"https:\/\/www.sources-hotels.com\/bordeaux\/wp-content\/uploads\/sites\/3\/2025\/01\/Rotonde-2-1-840x600.jpg\" class=\"w-full h-full object-cover object-center\" alt=\"\" \/>                    <\/figure>\n                                    <\/div>\n                            <div class=\"relative\">\n                    <figure>\n                        <img loading=\"lazy\" decoding=\"async\" width=\"840\" height=\"600\" src=\"https:\/\/www.sources-hotels.com\/bordeaux\/wp-content\/uploads\/sites\/3\/2025\/01\/Chambre-Retour-des-Indes-840x600.jpg\" class=\"w-full h-full object-cover object-center\" alt=\"\" \/>                    <\/figure>\n                                    <\/div>\n                    <\/div>\n    \n\n            <div class=\"ctas mt-[23rem] tablet:mt-[40rem] flex gap-[42rem] justify-center\">\n            \n                            <button class=\"button cta-booking dedge-open\">Buchen<\/button>\n                    <\/div>\n    \n\n\n\n<\/section>","protected":false},"excerpt":{"rendered":"","protected":false},"author":1,"featured_media":0,"parent":3946,"menu_order":0,"comment_status":"closed","ping_status":"closed","template":"","meta":{"_acf_changed":false,"footnotes":""},"hotels":[],"doc_cat":[],"class_list":["post-4092","page","type-page","status-publish","hentry"],"acf":[],"yoast_head":"<!-- This site is optimized with the Yoast SEO plugin v25.6 - https:\/\/yoast.com\/wordpress\/plugins\/seo\/ -->\n<title>La Chartreuse du Ch\u00e2teau Le Thil | Les Sources de Caudalie<\/title>\n<meta name=\"description\" content=\"Erleben Sie die zeitlose Eleganz der Chartreuse des Ch\u00e2teau Le Thil \u2013 ein au\u00dfergew\u00f6hnlicher Ort, der Luxus und Ruhe vereint, unweit der Sources de Caudalie in Bordeaux.\" \/>\n<meta name=\"robots\" content=\"index, follow, max-snippet:-1, max-image-preview:large, max-video-preview:-1\" \/>\n<link rel=\"canonical\" href=\"https:\/\/www.sources-hotels.com\/bordeaux\/de\/zimmer-suiten\/chartreuse-du-thil\/\" \/>\n<meta property=\"og:locale\" content=\"de_DE\" \/>\n<meta property=\"og:type\" content=\"article\" \/>\n<meta property=\"og:title\" content=\"La Chartreuse du Ch\u00e2teau Le Thil | Les Sources de Caudalie\" \/>\n<meta property=\"og:description\" content=\"Erleben Sie die zeitlose Eleganz der Chartreuse des Ch\u00e2teau Le Thil \u2013 ein au\u00dfergew\u00f6hnlicher Ort, der Luxus und Ruhe vereint, unweit der Sources de Caudalie in Bordeaux.\" \/>\n<meta property=\"og:url\" content=\"https:\/\/www.sources-hotels.com\/bordeaux\/de\/zimmer-suiten\/chartreuse-du-thil\/\" \/>\n<meta property=\"og:site_name\" content=\"Les Sources de Caudalie\" \/>\n<meta property=\"article:modified_time\" content=\"2025-05-22T12:13:31+00:00\" \/>\n<meta name=\"twitter:card\" content=\"summary_large_image\" \/>\n<script type=\"application\/ld+json\" class=\"yoast-schema-graph\">{\"@context\":\"https:\/\/schema.org\",\"@graph\":[{\"@type\":\"WebPage\",\"@id\":\"https:\/\/www.sources-hotels.com\/bordeaux\/de\/zimmer-suiten\/chartreuse-du-thil\/\",\"url\":\"https:\/\/www.sources-hotels.com\/bordeaux\/de\/zimmer-suiten\/chartreuse-du-thil\/\",\"name\":\"La Chartreuse du Ch\u00e2teau Le Thil | Les Sources de Caudalie\",\"isPartOf\":{\"@id\":\"https:\/\/www.sources-hotels.com\/bordeaux\/de\/#website\"},\"datePublished\":\"2024-12-30T10:37:58+00:00\",\"dateModified\":\"2025-05-22T12:13:31+00:00\",\"description\":\"Erleben Sie die zeitlose Eleganz der Chartreuse des Ch\u00e2teau Le Thil \u2013 ein au\u00dfergew\u00f6hnlicher Ort, der Luxus und Ruhe vereint, unweit der Sources de Caudalie in Bordeaux.\",\"breadcrumb\":{\"@id\":\"https:\/\/www.sources-hotels.com\/bordeaux\/de\/zimmer-suiten\/chartreuse-du-thil\/#breadcrumb\"},\"inLanguage\":\"de-DE\",\"potentialAction\":[{\"@type\":\"ReadAction\",\"target\":[\"https:\/\/www.sources-hotels.com\/bordeaux\/de\/zimmer-suiten\/chartreuse-du-thil\/\"]}]},{\"@type\":\"BreadcrumbList\",\"@id\":\"https:\/\/www.sources-hotels.com\/bordeaux\/de\/zimmer-suiten\/chartreuse-du-thil\/#breadcrumb\",\"itemListElement\":[{\"@type\":\"ListItem\",\"position\":1,\"name\":\"Accueil\",\"item\":\"https:\/\/www.sources-hotels.com\/bordeaux\/de\/\"},{\"@type\":\"ListItem\",\"position\":2,\"name\":\"Zimmer &amp; Suiten\",\"item\":\"https:\/\/www.sources-hotels.com\/bordeaux\/de\/zimmer-suiten\/\"},{\"@type\":\"ListItem\",\"position\":3,\"name\":\"Chartreuse du Thil\"}]},{\"@type\":\"WebSite\",\"@id\":\"https:\/\/www.sources-hotels.com\/bordeaux\/de\/#website\",\"url\":\"https:\/\/www.sources-hotels.com\/bordeaux\/de\/\",\"name\":\"Les Sources de Caudalie\",\"description\":\"\",\"publisher\":{\"@id\":\"https:\/\/www.sources-hotels.com\/bordeaux\/de\/#organization\"},\"potentialAction\":[{\"@type\":\"SearchAction\",\"target\":{\"@type\":\"EntryPoint\",\"urlTemplate\":\"https:\/\/www.sources-hotels.com\/bordeaux\/de\/?s={search_term_string}\"},\"query-input\":{\"@type\":\"PropertyValueSpecification\",\"valueRequired\":true,\"valueName\":\"search_term_string\"}}],\"inLanguage\":\"de-DE\"},{\"@type\":\"Organization\",\"@id\":\"https:\/\/www.sources-hotels.com\/bordeaux\/de\/#organization\",\"name\":\"Les Sources de Caudalie\",\"url\":\"https:\/\/www.sources-hotels.com\/bordeaux\/de\/\",\"logo\":{\"@type\":\"ImageObject\",\"inLanguage\":\"de-DE\",\"@id\":\"https:\/\/www.sources-hotels.com\/bordeaux\/de\/#\/schema\/logo\/image\/\",\"url\":\"https:\/\/www.sources-hotels.com\/bordeaux\/wp-content\/uploads\/sites\/3\/2025\/03\/logo-caudalie.png\",\"contentUrl\":\"https:\/\/www.sources-hotels.com\/bordeaux\/wp-content\/uploads\/sites\/3\/2025\/03\/logo-caudalie.png\",\"width\":696,\"height\":308,\"caption\":\"Les Sources de Caudalie\"},\"image\":{\"@id\":\"https:\/\/www.sources-hotels.com\/bordeaux\/de\/#\/schema\/logo\/image\/\"}}]}<\/script>\n<!-- \/ Yoast SEO plugin. -->","yoast_head_json":{"title":"La Chartreuse du Ch\u00e2teau Le Thil | Les Sources de Caudalie","description":"Erleben Sie die zeitlose Eleganz der Chartreuse des Ch\u00e2teau Le Thil \u2013 ein au\u00dfergew\u00f6hnlicher Ort, der Luxus und Ruhe vereint, unweit der Sources de Caudalie in Bordeaux.","robots":{"index":"index","follow":"follow","max-snippet":"max-snippet:-1","max-image-preview":"max-image-preview:large","max-video-preview":"max-video-preview:-1"},"canonical":"https:\/\/www.sources-hotels.com\/bordeaux\/de\/zimmer-suiten\/chartreuse-du-thil\/","og_locale":"de_DE","og_type":"article","og_title":"La Chartreuse du Ch\u00e2teau Le Thil | Les Sources de Caudalie","og_description":"Erleben Sie die zeitlose Eleganz der Chartreuse des Ch\u00e2teau Le Thil \u2013 ein au\u00dfergew\u00f6hnlicher Ort, der Luxus und Ruhe vereint, unweit der Sources de Caudalie in Bordeaux.","og_url":"https:\/\/www.sources-hotels.com\/bordeaux\/de\/zimmer-suiten\/chartreuse-du-thil\/","og_site_name":"Les Sources de Caudalie","article_modified_time":"2025-05-22T12:13:31+00:00","twitter_card":"summary_large_image","schema":{"@context":"https:\/\/schema.org","@graph":[{"@type":"WebPage","@id":"https:\/\/www.sources-hotels.com\/bordeaux\/de\/zimmer-suiten\/chartreuse-du-thil\/","url":"https:\/\/www.sources-hotels.com\/bordeaux\/de\/zimmer-suiten\/chartreuse-du-thil\/","name":"La Chartreuse du Ch\u00e2teau Le Thil | Les Sources de Caudalie","isPartOf":{"@id":"https:\/\/www.sources-hotels.com\/bordeaux\/de\/#website"},"datePublished":"2024-12-30T10:37:58+00:00","dateModified":"2025-05-22T12:13:31+00:00","description":"Erleben Sie die zeitlose Eleganz der Chartreuse des Ch\u00e2teau Le Thil \u2013 ein au\u00dfergew\u00f6hnlicher Ort, der Luxus und Ruhe vereint, unweit der Sources de Caudalie in Bordeaux.","breadcrumb":{"@id":"https:\/\/www.sources-hotels.com\/bordeaux\/de\/zimmer-suiten\/chartreuse-du-thil\/#breadcrumb"},"inLanguage":"de-DE","potentialAction":[{"@type":"ReadAction","target":["https:\/\/www.sources-hotels.com\/bordeaux\/de\/zimmer-suiten\/chartreuse-du-thil\/"]}]},{"@type":"BreadcrumbList","@id":"https:\/\/www.sources-hotels.com\/bordeaux\/de\/zimmer-suiten\/chartreuse-du-thil\/#breadcrumb","itemListElement":[{"@type":"ListItem","position":1,"name":"Accueil","item":"https:\/\/www.sources-hotels.com\/bordeaux\/de\/"},{"@type":"ListItem","position":2,"name":"Zimmer &amp; Suiten","item":"https:\/\/www.sources-hotels.com\/bordeaux\/de\/zimmer-suiten\/"},{"@type":"ListItem","position":3,"name":"Chartreuse du Thil"}]},{"@type":"WebSite","@id":"https:\/\/www.sources-hotels.com\/bordeaux\/de\/#website","url":"https:\/\/www.sources-hotels.com\/bordeaux\/de\/","name":"Les Sources de Caudalie","description":"","publisher":{"@id":"https:\/\/www.sources-hotels.com\/bordeaux\/de\/#organization"},"potentialAction":[{"@type":"SearchAction","target":{"@type":"EntryPoint","urlTemplate":"https:\/\/www.sources-hotels.com\/bordeaux\/de\/?s={search_term_string}"},"query-input":{"@type":"PropertyValueSpecification","valueRequired":true,"valueName":"search_term_string"}}],"inLanguage":"de-DE"},{"@type":"Organization","@id":"https:\/\/www.sources-hotels.com\/bordeaux\/de\/#organization","name":"Les Sources de Caudalie","url":"https:\/\/www.sources-hotels.com\/bordeaux\/de\/","logo":{"@type":"ImageObject","inLanguage":"de-DE","@id":"https:\/\/www.sources-hotels.com\/bordeaux\/de\/#\/schema\/logo\/image\/","url":"https:\/\/www.sources-hotels.com\/bordeaux\/wp-content\/uploads\/sites\/3\/2025\/03\/logo-caudalie.png","contentUrl":"https:\/\/www.sources-hotels.com\/bordeaux\/wp-content\/uploads\/sites\/3\/2025\/03\/logo-caudalie.png","width":696,"height":308,"caption":"Les Sources de Caudalie"},"image":{"@id":"https:\/\/www.sources-hotels.com\/bordeaux\/de\/#\/schema\/logo\/image\/"}}]}},"_links":{"self":[{"href":"https:\/\/www.sources-hotels.com\/bordeaux\/de\/wp-json\/wp\/v2\/pages\/4092","targetHints":{"allow":["GET"]}}],"collection":[{"href":"https:\/\/www.sources-hotels.com\/bordeaux\/de\/wp-json\/wp\/v2\/pages"}],"about":[{"href":"https:\/\/www.sources-hotels.com\/bordeaux\/de\/wp-json\/wp\/v2\/types\/page"}],"author":[{"embeddable":true,"href":"https:\/\/www.sources-hotels.com\/bordeaux\/de\/wp-json\/wp\/v2\/users\/1"}],"replies":[{"embeddable":true,"href":"https:\/\/www.sources-hotels.com\/bordeaux\/de\/wp-json\/wp\/v2\/comments?post=4092"}],"version-history":[{"count":5,"href":"https:\/\/www.sources-hotels.com\/bordeaux\/de\/wp-json\/wp\/v2\/pages\/4092\/revisions"}],"predecessor-version":[{"id":4914,"href":"https:\/\/www.sources-hotels.com\/bordeaux\/de\/wp-json\/wp\/v2\/pages\/4092\/revisions\/4914"}],"up":[{"embeddable":true,"href":"https:\/\/www.sources-hotels.com\/bordeaux\/de\/wp-json\/wp\/v2\/pages\/3946"}],"wp:attachment":[{"href":"https:\/\/www.sources-hotels.com\/bordeaux\/de\/wp-json\/wp\/v2\/media?parent=4092"}],"wp:term":[{"taxonomy":"hotels","embeddable":true,"href":"https:\/\/www.sources-hotels.com\/bordeaux\/de\/wp-json\/wp\/v2\/hotels?post=4092"},{"taxonomy":"doc_cat","embeddable":true,"href":"https:\/\/www.sources-hotels.com\/bordeaux\/de\/wp-json\/wp\/v2\/doc_cat?post=4092"}],"curies":[{"name":"wp","href":"https:\/\/api.w.org\/{rel}","templated":true}]}}