{"id":4093,"date":"2024-12-30T11:27:55","date_gmt":"2024-12-30T10:27:55","guid":{"rendered":"https:\/\/www.sources-hotels.com\/bordeaux\/?page_id=4093"},"modified":"2025-08-27T10:04:13","modified_gmt":"2025-08-27T08:04:13","slug":"apartment","status":"publish","type":"page","link":"https:\/\/www.sources-hotels.com\/bordeaux\/de\/zimmer-suiten\/apartment\/","title":{"rendered":"Apartment"},"content":{"rendered":"\n<section class=\"custom-block block--header aspect-[375\/700] text-center text-white overflow-hidden pt-[100rem] relative tablet:aspect-auto tablet:h-[700rem] tablet:pt-[420rem]\">\n\n    <h1>\n                    <span>\n                Unser            <\/span>\n                            Apartment            <\/h1>\n\n    \n    <span class=\"scroll-down hidden text-[12rem] tracking-[2rem] uppercase font-title cursor-pointer opacity-[64%] pb-[66rem] absolute left-2\/4 bottom-0 translate-x-[-50%] after:w-[1px] after:h-[50rem] after:bg-white after:opacity-[40%] after:absolute after:bottom-0 after:left-[50%] tablet:block\">\n        Mehr entdecken    <\/span>\n\n    <figure class=\"min-w-full min-h-full aspect-video overflow-hidden absolute top-2\/4 left-2\/4 translate-x-[-50%] translate-y-[-50%] z-[-1] before:bg-black before:opacity-[35%] before:mix-blend-multiply before:absolute before:top-0 before:left-0 before:right-0 before:bottom-0 before:z-[2]\">\n                    <img loading=\"lazy\" decoding=\"async\" width=\"2441\" height=\"1628\" src=\"https:\/\/www.sources-hotels.com\/bordeaux\/wp-content\/uploads\/sites\/3\/2025\/04\/LesSourcesDeCaudalie_042025_38_\u252c\u00aenarophoto_web.jpg\" class=\"h-full w-full object-cover object-center\" alt=\"\" srcset=\"https:\/\/www.sources-hotels.com\/bordeaux\/wp-content\/uploads\/sites\/3\/2025\/04\/LesSourcesDeCaudalie_042025_38_\u252c\u00aenarophoto_web.jpg 2441w, https:\/\/www.sources-hotels.com\/bordeaux\/wp-content\/uploads\/sites\/3\/2025\/04\/LesSourcesDeCaudalie_042025_38_\u252c\u00aenarophoto_web-300x200.jpg 300w, https:\/\/www.sources-hotels.com\/bordeaux\/wp-content\/uploads\/sites\/3\/2025\/04\/LesSourcesDeCaudalie_042025_38_\u252c\u00aenarophoto_web-1024x683.jpg 1024w, https:\/\/www.sources-hotels.com\/bordeaux\/wp-content\/uploads\/sites\/3\/2025\/04\/LesSourcesDeCaudalie_042025_38_\u252c\u00aenarophoto_web-768x512.jpg 768w, https:\/\/www.sources-hotels.com\/bordeaux\/wp-content\/uploads\/sites\/3\/2025\/04\/LesSourcesDeCaudalie_042025_38_\u252c\u00aenarophoto_web-1536x1024.jpg 1536w, https:\/\/www.sources-hotels.com\/bordeaux\/wp-content\/uploads\/sites\/3\/2025\/04\/LesSourcesDeCaudalie_042025_38_\u252c\u00aenarophoto_web-2048x1366.jpg 2048w, https:\/\/www.sources-hotels.com\/bordeaux\/wp-content\/uploads\/sites\/3\/2025\/04\/LesSourcesDeCaudalie_042025_38_\u252c\u00aenarophoto_web-1724x1150.jpg 1724w\" sizes=\"auto, (max-width: 2441px) 100vw, 2441px\" \/>            <\/figure>\n\n        \n<\/section>\n\n    \n\n\n<section\n    class=\"custom-block block--large-visual-centered-text-white-background has-visual\">\n\n            <div class=\"large-visual-container\">\n\n            <div class=\"large-visual\">\n                <figure>\n                    <img loading=\"lazy\" decoding=\"async\" width=\"2460\" height=\"1200\" src=\"https:\/\/www.sources-hotels.com\/bordeaux\/wp-content\/uploads\/sites\/3\/2025\/04\/LesSourcesDeCaudalie_042025_33_\u252c\u00aenarophoto_web-1-2460x1200.jpg\" class=\"h-full w-full object-cover object-center\" alt=\"\" \/>                <\/figure>\n            <\/div>\n\n            \n                            <h2 class=\"title-single\">Das Appartement \u201eAu C\u0153ur des Sources\u201c <\/h2>\n                        \n        <\/div>\n    \n    <div class=\"bloc-content\">\n                <div class=\"content rte\">\n            <p><span style=\"font-weight: 400;\"><span data-olk-copy-source=\"MessageBody\">Das Appartement \u201eAu C\u0153ur des Sources\u201c \u2013 f\u00fcr einen Aufenthalt in absoluter Privatsph\u00e4re<br \/>\nMit seiner doppelten Ausrichtung und dem herrlichen Blick auf die Weinberge und den See bietet dieses Appartement ideale Bedingungen f\u00fcr einen ungest\u00f6rten Urlaub.<br \/>\nEs umfasst zwei ger\u00e4umige Schlafzimmer mit angrenzenden Badezimmern, ein Boudoir und ein Vestib\u00fcl, das als zus\u00e4tzliche Schlafm\u00f6glichkeit genutzt werden kann, sowie ein grossz\u00fcgiges Wohnzimmer mit Essbereich und Teek\u00fcche. Ein aussergew\u00f6hnlicher Rahmen f\u00fcr einen unvergesslichen Aufenthalt. <\/span><\/span><\/p>\n<h4>Service &amp; Ausstattung<\/h4>\n<ul>\n<li><span style=\"font-weight: 400;\">6 Personen (4 Erwachsene und 2 Kinder)<\/span><\/li>\n<li><span style=\"font-weight: 400;\">100m2<\/span><\/li>\n<li><span style=\"font-weight: 400;\">Wohnzimmer, Essbereich<\/span><\/li>\n<li><span style=\"font-weight: 400;\">Teek\u00fcche mit Mikrowelle und Minibar<\/span><\/li>\n<li><span style=\"font-weight: 400;\">2 Doppelzimmer: eines mit Doppelbett (180\u00d7200), eines mit zwei Einzelbetten (90\u00d7200). Unsere Bettw\u00e4sche stammt aus franz\u00f6sischer Herstellung.ne avec lit double (180 x200) une avec 2 lits (90&#215;200). Notre literie est de fabrication fran\u00e7aise.<\/span><\/li>\n<li><span style=\"font-weight: 400;\">Bettw\u00e4sche stammt aus franz\u00f6sischer Herstellung.<br \/>\n2 zus\u00e4tzliche Schlafzimmer mit Einzelbett<\/span><\/li>\n<li><span data-olk-copy-source=\"MessageBody\">2 separate Badezimmer mit Doppelwaschbecken: eines mit Badewanne und Dusche, das andere mit Dusche. Umweltfreundliche Pflegeprodukte<br \/>\n<\/span><\/li>\n<li><span data-olk-copy-source=\"MessageBody\">G\u00e4stetoilette<\/span><\/li>\n<li><span style=\"font-weight: 400;\">Flachbildfernseher mit Chromecast<br \/>\n<\/span><\/li>\n<li><span style=\"font-weight: 400;\">Klimaanlage<br \/>\n<\/span><\/li>\n<li>Waschmaschine<\/li>\n<li><span style=\"font-weight: 400;\">Kostenfreies WLAN<\/span><\/li>\n<li><span style=\"font-weight: 400;\">Safe<\/span><\/li>\n<li><span style=\"font-weight: 400;\">Room service<\/span><\/li>\n<\/ul>\n<p>&nbsp;<\/p>\n<p><em>Unser Fr\u00fchst\u00fcck wird als Buffet im Restaurant La Grand\u2019Vigne serviert oder auf Wunsch auf Ihr Zimmer gebracht.<\/em><\/p>\n        <\/div>\n\n            <\/div>\n\n    \n            <svg width=\"475\" height=\"889\" viewBox=\"0 0 475 889\" fill=\"none\"><use xlink:href=\"#leaf-side\"\/><\/svg>    \n<\/section>\n\n<section class=\"custom-block block--three-visuals-cta mx-auto text-center\">\n\n                    <div class=\"images\">\n                            <div class=\"relative\">\n                    <figure>\n                        <img loading=\"lazy\" decoding=\"async\" width=\"840\" height=\"600\" src=\"https:\/\/www.sources-hotels.com\/bordeaux\/wp-content\/uploads\/sites\/3\/2025\/04\/LesSourcesDeCaudalie_042025_25_\u252c\u00aenarophoto_web-1-e1744625677446-840x600.jpg\" class=\"w-full h-full object-cover object-center\" alt=\"\" \/>                    <\/figure>\n                                    <\/div>\n                            <div class=\"relative\">\n                    <figure>\n                        <img loading=\"lazy\" decoding=\"async\" width=\"840\" height=\"600\" src=\"https:\/\/www.sources-hotels.com\/bordeaux\/wp-content\/uploads\/sites\/3\/2025\/04\/LesSourcesDeCaudalie_042025_27_\u252c\u00aenarophoto_web-1-840x600.jpg\" class=\"w-full h-full object-cover object-center\" alt=\"\" \/>                    <\/figure>\n                                    <\/div>\n                            <div class=\"relative\">\n                    <figure>\n                        <img loading=\"lazy\" decoding=\"async\" width=\"840\" height=\"600\" src=\"https:\/\/www.sources-hotels.com\/bordeaux\/wp-content\/uploads\/sites\/3\/2025\/04\/LesSourcesDeCaudalie_042025_41_\u252c\u00aenarophoto_web-840x600.jpg\" class=\"w-full h-full object-cover object-center\" alt=\"\" \/>                    <\/figure>\n                                    <\/div>\n                    <\/div>\n    \n\n            <div class=\"ctas mt-[23rem] tablet:mt-[40rem] flex gap-[42rem] justify-center\">\n            \n                            <button class=\"button cta-booking dedge-open\">Buchen<\/button>\n                    <\/div>\n    \n\n\n\n<\/section>","protected":false},"excerpt":{"rendered":"","protected":false},"author":1,"featured_media":0,"parent":3946,"menu_order":0,"comment_status":"closed","ping_status":"closed","template":"","meta":{"_acf_changed":false,"footnotes":""},"hotels":[],"doc_cat":[],"class_list":["post-4093","page","type-page","status-publish","hentry"],"acf":[],"yoast_head":"<!-- This site is optimized with the Yoast SEO plugin v27.4 - https:\/\/yoast.com\/product\/yoast-seo-wordpress\/ -->\n<title>Luxus-Apartment in Bordeaux | Les Sources de Caudalie<\/title>\n<meta name=\"description\" content=\"Buchen Sie einen luxuri\u00f6sen und erholsamen Aufenthalt in unseren Apartments in Bordeaux \u2013 im Herzen der Weinberge. Reservieren Sie jetzt!\" \/>\n<meta name=\"robots\" content=\"index, follow, max-snippet:-1, max-image-preview:large, max-video-preview:-1\" \/>\n<link rel=\"canonical\" href=\"https:\/\/www.sources-hotels.com\/bordeaux\/de\/zimmer-suiten\/apartment\/\" \/>\n<meta property=\"og:locale\" content=\"de_DE\" \/>\n<meta property=\"og:type\" content=\"article\" \/>\n<meta property=\"og:title\" content=\"Luxus-Apartment in Bordeaux | Les Sources de Caudalie\" \/>\n<meta property=\"og:description\" content=\"Buchen Sie einen luxuri\u00f6sen und erholsamen Aufenthalt in unseren Apartments in Bordeaux \u2013 im Herzen der Weinberge. Reservieren Sie jetzt!\" \/>\n<meta property=\"og:url\" content=\"https:\/\/www.sources-hotels.com\/bordeaux\/de\/zimmer-suiten\/apartment\/\" \/>\n<meta property=\"og:site_name\" content=\"Les Sources de Caudalie\" \/>\n<meta property=\"article:modified_time\" content=\"2025-08-27T08:04:13+00:00\" \/>\n<meta name=\"twitter:card\" content=\"summary_large_image\" \/>\n<script type=\"application\/ld+json\" class=\"yoast-schema-graph\">{\"@context\":\"https:\\\/\\\/schema.org\",\"@graph\":[{\"@type\":\"WebPage\",\"@id\":\"https:\\\/\\\/www.sources-hotels.com\\\/bordeaux\\\/de\\\/zimmer-suiten\\\/apartment\\\/\",\"url\":\"https:\\\/\\\/www.sources-hotels.com\\\/bordeaux\\\/de\\\/zimmer-suiten\\\/apartment\\\/\",\"name\":\"Luxus-Apartment in Bordeaux | Les Sources de Caudalie\",\"isPartOf\":{\"@id\":\"https:\\\/\\\/www.sources-hotels.com\\\/bordeaux\\\/de\\\/#website\"},\"datePublished\":\"2024-12-30T10:27:55+00:00\",\"dateModified\":\"2025-08-27T08:04:13+00:00\",\"description\":\"Buchen Sie einen luxuri\u00f6sen und erholsamen Aufenthalt in unseren Apartments in Bordeaux \u2013 im Herzen der Weinberge. Reservieren Sie jetzt!\",\"breadcrumb\":{\"@id\":\"https:\\\/\\\/www.sources-hotels.com\\\/bordeaux\\\/de\\\/zimmer-suiten\\\/apartment\\\/#breadcrumb\"},\"inLanguage\":\"de-DE\",\"potentialAction\":[{\"@type\":\"ReadAction\",\"target\":[\"https:\\\/\\\/www.sources-hotels.com\\\/bordeaux\\\/de\\\/zimmer-suiten\\\/apartment\\\/\"]}]},{\"@type\":\"BreadcrumbList\",\"@id\":\"https:\\\/\\\/www.sources-hotels.com\\\/bordeaux\\\/de\\\/zimmer-suiten\\\/apartment\\\/#breadcrumb\",\"itemListElement\":[{\"@type\":\"ListItem\",\"position\":1,\"name\":\"Accueil\",\"item\":\"https:\\\/\\\/www.sources-hotels.com\\\/bordeaux\\\/de\\\/\"},{\"@type\":\"ListItem\",\"position\":2,\"name\":\"Zimmer &amp; Suiten\",\"item\":\"https:\\\/\\\/www.sources-hotels.com\\\/bordeaux\\\/de\\\/zimmer-suiten\\\/\"},{\"@type\":\"ListItem\",\"position\":3,\"name\":\"Apartment\"}]},{\"@type\":\"WebSite\",\"@id\":\"https:\\\/\\\/www.sources-hotels.com\\\/bordeaux\\\/de\\\/#website\",\"url\":\"https:\\\/\\\/www.sources-hotels.com\\\/bordeaux\\\/de\\\/\",\"name\":\"Les Sources de Caudalie\",\"description\":\"\",\"publisher\":{\"@id\":\"https:\\\/\\\/www.sources-hotels.com\\\/bordeaux\\\/de\\\/#organization\"},\"potentialAction\":[{\"@type\":\"SearchAction\",\"target\":{\"@type\":\"EntryPoint\",\"urlTemplate\":\"https:\\\/\\\/www.sources-hotels.com\\\/bordeaux\\\/de\\\/?s={search_term_string}\"},\"query-input\":{\"@type\":\"PropertyValueSpecification\",\"valueRequired\":true,\"valueName\":\"search_term_string\"}}],\"inLanguage\":\"de-DE\"},{\"@type\":\"Organization\",\"@id\":\"https:\\\/\\\/www.sources-hotels.com\\\/bordeaux\\\/de\\\/#organization\",\"name\":\"Les Sources de Caudalie\",\"url\":\"https:\\\/\\\/www.sources-hotels.com\\\/bordeaux\\\/de\\\/\",\"logo\":{\"@type\":\"ImageObject\",\"inLanguage\":\"de-DE\",\"@id\":\"https:\\\/\\\/www.sources-hotels.com\\\/bordeaux\\\/de\\\/#\\\/schema\\\/logo\\\/image\\\/\",\"url\":\"https:\\\/\\\/www.sources-hotels.com\\\/bordeaux\\\/wp-content\\\/uploads\\\/sites\\\/3\\\/2025\\\/03\\\/logo-caudalie.png\",\"contentUrl\":\"https:\\\/\\\/www.sources-hotels.com\\\/bordeaux\\\/wp-content\\\/uploads\\\/sites\\\/3\\\/2025\\\/03\\\/logo-caudalie.png\",\"width\":696,\"height\":308,\"caption\":\"Les Sources de Caudalie\"},\"image\":{\"@id\":\"https:\\\/\\\/www.sources-hotels.com\\\/bordeaux\\\/de\\\/#\\\/schema\\\/logo\\\/image\\\/\"}}]}<\/script>\n<!-- \/ Yoast SEO plugin. -->","yoast_head_json":{"title":"Luxus-Apartment in Bordeaux | Les Sources de Caudalie","description":"Buchen Sie einen luxuri\u00f6sen und erholsamen Aufenthalt in unseren Apartments in Bordeaux \u2013 im Herzen der Weinberge. Reservieren Sie jetzt!","robots":{"index":"index","follow":"follow","max-snippet":"max-snippet:-1","max-image-preview":"max-image-preview:large","max-video-preview":"max-video-preview:-1"},"canonical":"https:\/\/www.sources-hotels.com\/bordeaux\/de\/zimmer-suiten\/apartment\/","og_locale":"de_DE","og_type":"article","og_title":"Luxus-Apartment in Bordeaux | Les Sources de Caudalie","og_description":"Buchen Sie einen luxuri\u00f6sen und erholsamen Aufenthalt in unseren Apartments in Bordeaux \u2013 im Herzen der Weinberge. Reservieren Sie jetzt!","og_url":"https:\/\/www.sources-hotels.com\/bordeaux\/de\/zimmer-suiten\/apartment\/","og_site_name":"Les Sources de Caudalie","article_modified_time":"2025-08-27T08:04:13+00:00","twitter_card":"summary_large_image","schema":{"@context":"https:\/\/schema.org","@graph":[{"@type":"WebPage","@id":"https:\/\/www.sources-hotels.com\/bordeaux\/de\/zimmer-suiten\/apartment\/","url":"https:\/\/www.sources-hotels.com\/bordeaux\/de\/zimmer-suiten\/apartment\/","name":"Luxus-Apartment in Bordeaux | Les Sources de Caudalie","isPartOf":{"@id":"https:\/\/www.sources-hotels.com\/bordeaux\/de\/#website"},"datePublished":"2024-12-30T10:27:55+00:00","dateModified":"2025-08-27T08:04:13+00:00","description":"Buchen Sie einen luxuri\u00f6sen und erholsamen Aufenthalt in unseren Apartments in Bordeaux \u2013 im Herzen der Weinberge. Reservieren Sie jetzt!","breadcrumb":{"@id":"https:\/\/www.sources-hotels.com\/bordeaux\/de\/zimmer-suiten\/apartment\/#breadcrumb"},"inLanguage":"de-DE","potentialAction":[{"@type":"ReadAction","target":["https:\/\/www.sources-hotels.com\/bordeaux\/de\/zimmer-suiten\/apartment\/"]}]},{"@type":"BreadcrumbList","@id":"https:\/\/www.sources-hotels.com\/bordeaux\/de\/zimmer-suiten\/apartment\/#breadcrumb","itemListElement":[{"@type":"ListItem","position":1,"name":"Accueil","item":"https:\/\/www.sources-hotels.com\/bordeaux\/de\/"},{"@type":"ListItem","position":2,"name":"Zimmer &amp; Suiten","item":"https:\/\/www.sources-hotels.com\/bordeaux\/de\/zimmer-suiten\/"},{"@type":"ListItem","position":3,"name":"Apartment"}]},{"@type":"WebSite","@id":"https:\/\/www.sources-hotels.com\/bordeaux\/de\/#website","url":"https:\/\/www.sources-hotels.com\/bordeaux\/de\/","name":"Les Sources de Caudalie","description":"","publisher":{"@id":"https:\/\/www.sources-hotels.com\/bordeaux\/de\/#organization"},"potentialAction":[{"@type":"SearchAction","target":{"@type":"EntryPoint","urlTemplate":"https:\/\/www.sources-hotels.com\/bordeaux\/de\/?s={search_term_string}"},"query-input":{"@type":"PropertyValueSpecification","valueRequired":true,"valueName":"search_term_string"}}],"inLanguage":"de-DE"},{"@type":"Organization","@id":"https:\/\/www.sources-hotels.com\/bordeaux\/de\/#organization","name":"Les Sources de Caudalie","url":"https:\/\/www.sources-hotels.com\/bordeaux\/de\/","logo":{"@type":"ImageObject","inLanguage":"de-DE","@id":"https:\/\/www.sources-hotels.com\/bordeaux\/de\/#\/schema\/logo\/image\/","url":"https:\/\/www.sources-hotels.com\/bordeaux\/wp-content\/uploads\/sites\/3\/2025\/03\/logo-caudalie.png","contentUrl":"https:\/\/www.sources-hotels.com\/bordeaux\/wp-content\/uploads\/sites\/3\/2025\/03\/logo-caudalie.png","width":696,"height":308,"caption":"Les Sources de Caudalie"},"image":{"@id":"https:\/\/www.sources-hotels.com\/bordeaux\/de\/#\/schema\/logo\/image\/"}}]}},"_links":{"self":[{"href":"https:\/\/www.sources-hotels.com\/bordeaux\/de\/wp-json\/wp\/v2\/pages\/4093","targetHints":{"allow":["GET"]}}],"collection":[{"href":"https:\/\/www.sources-hotels.com\/bordeaux\/de\/wp-json\/wp\/v2\/pages"}],"about":[{"href":"https:\/\/www.sources-hotels.com\/bordeaux\/de\/wp-json\/wp\/v2\/types\/page"}],"author":[{"embeddable":true,"href":"https:\/\/www.sources-hotels.com\/bordeaux\/de\/wp-json\/wp\/v2\/users\/1"}],"replies":[{"embeddable":true,"href":"https:\/\/www.sources-hotels.com\/bordeaux\/de\/wp-json\/wp\/v2\/comments?post=4093"}],"version-history":[{"count":5,"href":"https:\/\/www.sources-hotels.com\/bordeaux\/de\/wp-json\/wp\/v2\/pages\/4093\/revisions"}],"predecessor-version":[{"id":5383,"href":"https:\/\/www.sources-hotels.com\/bordeaux\/de\/wp-json\/wp\/v2\/pages\/4093\/revisions\/5383"}],"up":[{"embeddable":true,"href":"https:\/\/www.sources-hotels.com\/bordeaux\/de\/wp-json\/wp\/v2\/pages\/3946"}],"wp:attachment":[{"href":"https:\/\/www.sources-hotels.com\/bordeaux\/de\/wp-json\/wp\/v2\/media?parent=4093"}],"wp:term":[{"taxonomy":"hotels","embeddable":true,"href":"https:\/\/www.sources-hotels.com\/bordeaux\/de\/wp-json\/wp\/v2\/hotels?post=4093"},{"taxonomy":"doc_cat","embeddable":true,"href":"https:\/\/www.sources-hotels.com\/bordeaux\/de\/wp-json\/wp\/v2\/doc_cat?post=4093"}],"curies":[{"name":"wp","href":"https:\/\/api.w.org\/{rel}","templated":true}]}}