{"id":4094,"date":"2024-12-30T09:33:58","date_gmt":"2024-12-30T08:33:58","guid":{"rendered":"https:\/\/www.sources-hotels.com\/bordeaux\/?page_id=4094"},"modified":"2025-07-02T12:31:49","modified_gmt":"2025-07-02T10:31:49","slug":"prestige-signature-suiten","status":"publish","type":"page","link":"https:\/\/www.sources-hotels.com\/bordeaux\/de\/zimmer-suiten\/prestige-signature-suiten\/","title":{"rendered":"Prestige &amp; Signature Suiten"},"content":{"rendered":"\n<section class=\"custom-block block--header aspect-[375\/700] text-center text-white overflow-hidden pt-[100rem] relative tablet:aspect-auto tablet:h-[700rem] tablet:pt-[420rem]\">\n\n    <h1>\n                    <span>\n                Unsere            <\/span>\n                            Prestige &amp; Signature Suiten            <\/h1>\n\n    \n    <span class=\"scroll-down hidden text-[12rem] tracking-[2rem] uppercase font-title cursor-pointer opacity-[64%] pb-[66rem] absolute left-2\/4 bottom-0 translate-x-[-50%] after:w-[1px] after:h-[50rem] after:bg-white after:opacity-[40%] after:absolute after:bottom-0 after:left-[50%] tablet:block\">\n        Mehr entdecken    <\/span>\n\n    <figure class=\"min-w-full min-h-full aspect-video overflow-hidden absolute top-2\/4 left-2\/4 translate-x-[-50%] translate-y-[-50%] z-[-1] before:bg-black before:opacity-[35%] before:mix-blend-multiply before:absolute before:top-0 before:left-0 before:right-0 before:bottom-0 before:z-[2]\">\n                    <img loading=\"lazy\" decoding=\"async\" width=\"2880\" height=\"1800\" src=\"https:\/\/www.sources-hotels.com\/bordeaux\/wp-content\/uploads\/sites\/3\/2024\/12\/SOURCE_2-3-2880x1800.jpg\" class=\"h-full w-full object-cover object-center\" alt=\"\" \/>            <\/figure>\n\n        \n<\/section>\n\n    \n\n\n<section class=\"custom-block block--title-introduction text-center tablet:!pb-[60rem]\">\n\n            <h2 class=\"block-title\">Luxus und Eleganz unserer Suiten Prestige &amp; Signature<\/h2>\n    \n    <div class=\"tablet:w-[970rem] tablet:inline-block\">\n        <p>Entdecken Sie unsere exklusiven Suiten, in denen Luxus und die Lebensart von Bordeaux in drei einzigartigen Atmosph\u00e4ren zum Ausdruck kommen. Von den Suiten Prestige, inspiriert vom maritimen Charme des Cap-Ferret, \u00fcber die Suiten Signature, die Privatsph\u00e4re und einen atemberaubenden Blick auf die Weinberge bieten, bis hin zur \u201e\u00cele aux Oiseaux\u201c, einem romantischen R\u00fcckzugsort \u2013 jeder Raum l\u00e4dt zu einem unvergesslichen Aufenthalt ein.<br \/>\n. . .<br \/>\nIm August: Langzeitaufenthalt-Angebot in Suiten \u2013 10 % Rabatt f\u00fcr Aufenthalte ab 3 N\u00e4chten.<\/p>\n    <\/div>\n\n<\/section>\n\n\n\n<section\n    class=\"custom-block block--large-visual-centered-text-white-background has-visual\">\n\n            <div class=\"large-visual-container\">\n\n            <div class=\"large-visual\">\n                <figure>\n                    <img loading=\"lazy\" decoding=\"async\" width=\"2458\" height=\"1200\" src=\"https:\/\/www.sources-hotels.com\/bordeaux\/wp-content\/uploads\/sites\/3\/2025\/04\/LesSourcesDeCaudalie_042025_17_\u252c\u00aenarophoto_web-1-2458x1200.jpg\" class=\"h-full w-full object-cover object-center\" alt=\"\" \/>                <\/figure>\n            <\/div>\n\n            \n                            <h2 class=\"title-single\">Prestige-Suiten<\/h2>\n                        \n        <\/div>\n    \n    <div class=\"bloc-content\">\n                <div class=\"content rte\">\n            <p><span style=\"font-weight: 400\"><span data-olk-copy-source=\"MessageBody\">Im Inneren empfangen weiss lasierte Holzvert\u00e4felungen eine Einrichtung, in der sich Rattan und Geflecht zu einer luxuri\u00f6sen Atlantik-H\u00fcttenatmosph\u00e4re verbinden. Die M\u00f6bel setzen auf ausgew\u00e4hlte Sammlerst\u00fccke und verleihen jeder Suite Prestige das Flair eines stilvollen Ferienhauses am Bassin d\u2019Arcachon.<\/span><\/span><\/p>\n<h4>Service &amp; Ausstattung<\/h4>\n<ul>\n<li>2 adultes et 2 enfants2 Erwachsene und 2 Kinder<\/li>\n<li>50m2<\/li>\n<li>Balkon<\/li>\n<li>Separates Badezimmer mit Doppelwaschbecken, Badewanne und Dusche. Umweltfreundliche Pflegeprodukte<\/li>\n<li>Twin- oder Doppelbett. Unsere Bettw\u00e4sche stammt aus franz\u00f6sischer Herstellung.<\/li>\n<li>2 Flachbildfernseher mit Chromecast<\/li>\n<li>Klimaanlage<\/li>\n<li>Kostenfreies WLAN <\/li>\n<li>Safe<\/li>\n<li>Minibar<\/li>\n<li>Room service<\/li>\n<\/ul>\n<p>&nbsp;<\/p>\n<p><em>Unser Fr\u00fchst\u00fcck wird als Buffet im Restaurant La Grand\u2019Vigne serviert oder auf Wunsch auf Ihr Zimmer gebracht.<\/em><\/p>\n        <\/div>\n\n            <\/div>\n\n    \n            <svg width=\"475\" height=\"889\" viewBox=\"0 0 475 889\" fill=\"none\"><use xlink:href=\"#leaf-side\"\/><\/svg>    \n<\/section>\n\n<section class=\"custom-block block--three-visuals-cta mx-auto text-center\">\n\n                    <div class=\"images\">\n                            <div class=\"relative\">\n                    <figure>\n                        <img loading=\"lazy\" decoding=\"async\" width=\"840\" height=\"600\" src=\"https:\/\/www.sources-hotels.com\/bordeaux\/wp-content\/uploads\/sites\/3\/2025\/04\/LesSourcesDeCaudalie_042025_13_\u252c\u00aenarophoto_web-840x600.jpg\" class=\"w-full h-full object-cover object-center\" alt=\"\" \/>                    <\/figure>\n                                    <\/div>\n                            <div class=\"relative\">\n                    <figure>\n                        <img loading=\"lazy\" decoding=\"async\" width=\"840\" height=\"600\" src=\"https:\/\/www.sources-hotels.com\/bordeaux\/wp-content\/uploads\/sites\/3\/2025\/04\/LesSourcesDeCaudalie_042025_10_\u252c\u00aenarophoto_web-840x600.jpg\" class=\"w-full h-full object-cover object-center\" alt=\"\" \/>                    <\/figure>\n                                    <\/div>\n                            <div class=\"relative\">\n                    <figure>\n                        <img loading=\"lazy\" decoding=\"async\" width=\"840\" height=\"600\" src=\"https:\/\/www.sources-hotels.com\/bordeaux\/wp-content\/uploads\/sites\/3\/2025\/04\/LesSourcesDeCaudalie_042025_23_\u252c\u00aenarophoto_web-1-840x600.jpg\" class=\"w-full h-full object-cover object-center\" alt=\"\" \/>                    <\/figure>\n                                    <\/div>\n                    <\/div>\n    \n\n            <div class=\"ctas mt-[23rem] tablet:mt-[40rem] flex gap-[42rem] justify-center\">\n            \n                            <button class=\"button cta-booking dedge-open\">Buchen<\/button>\n                    <\/div>\n    \n\n\n\n<\/section>\n\n\n<section\n    class=\"custom-block block--large-visual-centered-text-white-background has-visual\">\n\n            <div class=\"large-visual-container\">\n\n            <div class=\"large-visual\">\n                <figure>\n                    <img loading=\"lazy\" decoding=\"async\" width=\"2600\" height=\"1200\" src=\"https:\/\/www.sources-hotels.com\/bordeaux\/wp-content\/uploads\/sites\/3\/2025\/02\/Suite-Signature-59-c-Its-Henriette-6_11zon-e1744722214815-2600x1200.jpg\" class=\"h-full w-full object-cover object-center\" alt=\"\" \/>                <\/figure>\n            <\/div>\n\n            \n                            <h2 class=\"title-single\">Signature &#8211; Suiten<\/h2>\n                        \n        <\/div>\n    \n    <div class=\"bloc-content\">\n                <div class=\"content rte\">\n            <p><span style=\"font-weight: 400\"><br \/>\nUnsere Signature Suiten durch ihre exklusive Lage abseits der anderen Zimmer aus \u2013 f\u00fcr maximale Privatsph\u00e4re, Ruhe und Gelassenheit. Sie bieten ein einzigartiges Ambiente mit atemberaubendem Blick auf die prachtvolle Weinlandschaft des Ch\u00e2teau Smith Haut Lafitte.<br \/>\n<\/span><\/p>\n<h4>Service &amp; Ausstattung<\/h4>\n<ul>\n<li><span style=\"font-weight: 400\">2 Erwachsene und 2 Kinder<\/span><\/li>\n<li><span style=\"font-weight: 400\">50m2<\/span><\/li>\n<li><span style=\"font-weight: 400\">Private Terrasse<\/span><\/li>\n<li><span style=\"font-weight: 400\">Separates Badezimmer mit Doppelwaschbecken, Badewanne und Dusche. Umweltfreundliche Pflegeprodukte<\/span><\/li>\n<li><span style=\"font-weight: 400\">Twin- oder Doppelbett. Unsere Bettw\u00e4sche stammt aus franz\u00f6sischer Herstellung.<br \/>\n<\/span><\/li>\n<li><span style=\"font-weight: 400\">Flachbildfernseher mit Chromecast<\/span><\/li>\n<li><span data-olk-copy-source=\"MessageBody\">Marshall-Lautsprecher<\/span><\/li>\n<li>Klimaanlage<\/li>\n<li>Kostenfreies WLAN <\/li>\n<li>Safe<\/li>\n<li>Minibar<\/li>\n<li>Room service<\/li>\n<\/ul>\n<p>&nbsp;<\/p>\n<p><em>Unser Fr\u00fchst\u00fcck wird als Buffet im Restaurant La Grand\u2019Vigne serviert oder auf Wunsch auf Ihr Zimmer gebracht.<\/em><\/p>\n        <\/div>\n\n            <\/div>\n\n    \n            <svg width=\"475\" height=\"889\" viewBox=\"0 0 475 889\" fill=\"none\"><use xlink:href=\"#leaf-side\"\/><\/svg>    \n<\/section>\n\n<section class=\"custom-block block--three-visuals-cta mx-auto text-center\">\n\n                    <div class=\"images\">\n                            <div class=\"relative\">\n                    <figure>\n                        <img loading=\"lazy\" decoding=\"async\" width=\"840\" height=\"600\" src=\"https:\/\/www.sources-hotels.com\/bordeaux\/wp-content\/uploads\/sites\/3\/2025\/04\/SU64501-840x600.jpg\" class=\"w-full h-full object-cover object-center\" alt=\"\" \/>                    <\/figure>\n                                    <\/div>\n                            <div class=\"relative\">\n                    <figure>\n                        <img loading=\"lazy\" decoding=\"async\" width=\"840\" height=\"600\" src=\"https:\/\/www.sources-hotels.com\/bordeaux\/wp-content\/uploads\/sites\/3\/2025\/02\/Suite-Signature-60-c-Its-Henriette-12_11zon-840x600.jpg\" class=\"w-full h-full object-cover object-center\" alt=\"\" \/>                    <\/figure>\n                                    <\/div>\n                            <div class=\"relative\">\n                    <figure>\n                        <img loading=\"lazy\" decoding=\"async\" width=\"840\" height=\"600\" src=\"https:\/\/www.sources-hotels.com\/bordeaux\/wp-content\/uploads\/sites\/3\/2025\/02\/Suite-Signature-59-c-Its-Henriette-2_11zon-840x600.jpg\" class=\"w-full h-full object-cover object-center\" alt=\"\" \/>                    <\/figure>\n                                    <\/div>\n                    <\/div>\n    \n\n            <div class=\"ctas mt-[23rem] tablet:mt-[40rem] flex gap-[42rem] justify-center\">\n            \n                            <button class=\"button cta-booking dedge-open\">Buchen<\/button>\n                    <\/div>\n    \n\n\n\n<\/section>\n\n\n<section\n    class=\"custom-block block--large-visual-centered-text-white-background has-visual\">\n\n            <div class=\"large-visual-container\">\n\n            <div class=\"large-visual\">\n                <figure>\n                    <img loading=\"lazy\" decoding=\"async\" width=\"2600\" height=\"1200\" src=\"https:\/\/www.sources-hotels.com\/bordeaux\/wp-content\/uploads\/sites\/3\/2025\/04\/IAO_04_2019_RValerio\u00a9-2600x1200.jpg\" class=\"h-full w-full object-cover object-center\" alt=\"\" \/>                <\/figure>\n            <\/div>\n\n            \n                            <h2 class=\"title-single\">L\u2019\u00cele aux Oiseaux<\/h2>\n                        \n        <\/div>\n    \n    <div class=\"bloc-content\">\n                <div class=\"content rte\">\n            <p><span style=\"font-weight: 400\">Die legend\u00e4rste unserer Signature Suiten erinnert an die \u201ecabanes tchanqu\u00e9es\u201c des Bassin d\u2019Arcachon. <\/span><\/p>\n<p><span style=\"font-weight: 400\">Ebenso elegant wie romantisch, hat diese Suite einen besonderen Platz im Herzen unserer G\u00e4ste. Das Zimmer, das \u00fcber das nat\u00fcrliche Wasserbecken des Anwesens blickt, ist ein wahrer R\u00fcckzugsort \u2013 draussen mit seiner charmanten Terrasse auf Stelzen, drinnen mit einem unendlich sanften Interieur.<br \/>\nNach drei Kooperationen mit sehr zeitgen\u00f6ssischen Designern hat der Couturier Rabih Kayrouz \u201eL\u2019\u00cele aux Oiseaux\u201c als einen einzigen, lichtdurchfluteten und einladenden Lebensraum entworfen, in dem die Reinheit des Weiss die sorgf\u00e4ltig ausgew\u00e4hlten Objekte libanesischer Handwerkskunst zur Geltung bringt.<br \/>\nEin Kokon, in dem die Zeit stillzustehen scheint \u2013 ein Refugium f\u00fcr Verliebte. <\/span><\/p>\n<h4>Service &amp; Ausstattung<\/h4>\n<ul>\n<li><span style=\"font-weight: 400\">2 Personen<\/span><\/li>\n<li><span style=\"font-weight: 400\">61m2<\/span><\/li>\n<li><span style=\"font-weight: 400\">Terrasse auf Stelzen<\/span><\/li>\n<li><span style=\"font-weight: 400\">Separates Badezimmer mit Doppelwaschbecken, Badewanne und Dusche. Umweltfreundliche Pflegeprodukte<\/span><\/li>\n<li><span style=\"font-weight: 400\">Twin- oder Doppelbett. Unsere Bettw\u00e4sche stammt aus franz\u00f6sischer Herstellung.<\/span><\/li>\n<li><span style=\"font-weight: 400\">Flachbildfernseher mit Chromecast<\/span><\/li>\n<li>Klimaanlage<\/li>\n<li>Kostenfreies WLAN <\/li>\n<li>Safe<\/li>\n<li>Minibar<\/li>\n<li>Room service<\/li>\n<\/ul>\n<p>&nbsp;<\/p>\n<p><em>Unser Fr\u00fchst\u00fcck wird als Buffet im Restaurant La Grand\u2019Vigne serviert oder auf Wunsch auf Ihr Zimmer gebracht.<\/em><\/p>\n        <\/div>\n\n            <\/div>\n\n    \n            <svg width=\"475\" height=\"889\" viewBox=\"0 0 475 889\" fill=\"none\"><use xlink:href=\"#leaf-side\"\/><\/svg>    \n<\/section>\n\n<section class=\"custom-block block--three-visuals-cta mx-auto text-center\">\n\n                    <div class=\"images\">\n                            <div class=\"relative\">\n                    <figure>\n                        <img loading=\"lazy\" decoding=\"async\" width=\"840\" height=\"600\" src=\"https:\/\/www.sources-hotels.com\/bordeaux\/wp-content\/uploads\/sites\/3\/2025\/04\/Barque-brume-IAO_GdeLaubier_2014-840x600.jpg\" class=\"w-full h-full object-cover object-center\" alt=\"\" \/>                    <\/figure>\n                                    <\/div>\n                            <div class=\"relative\">\n                    <figure>\n                        <img loading=\"lazy\" decoding=\"async\" width=\"553\" height=\"600\" src=\"https:\/\/www.sources-hotels.com\/bordeaux\/wp-content\/uploads\/sites\/3\/2025\/04\/IAO_17_2019_RValerio\u00a9-553x600.jpg\" class=\"w-full h-full object-cover object-center\" alt=\"\" \/>                    <\/figure>\n                                    <\/div>\n                            <div class=\"relative\">\n                    <figure>\n                        <img loading=\"lazy\" decoding=\"async\" width=\"840\" height=\"600\" src=\"https:\/\/www.sources-hotels.com\/bordeaux\/wp-content\/uploads\/sites\/3\/2025\/01\/IAO_28_2019_RValerio\u00a9-840x600.jpg\" class=\"w-full h-full object-cover object-center\" alt=\"\" \/>                    <\/figure>\n                                    <\/div>\n                    <\/div>\n    \n\n            <div class=\"ctas mt-[23rem] tablet:mt-[40rem] flex gap-[42rem] justify-center\">\n            \n                            <button class=\"button cta-booking dedge-open\">Buchen<\/button>\n                    <\/div>\n    \n\n\n\n<\/section>","protected":false},"excerpt":{"rendered":"","protected":false},"author":1,"featured_media":0,"parent":3946,"menu_order":0,"comment_status":"closed","ping_status":"closed","template":"","meta":{"_acf_changed":false,"footnotes":""},"hotels":[],"doc_cat":[],"class_list":["post-4094","page","type-page","status-publish","hentry"],"acf":[],"yoast_head":"<!-- This site is optimized with the Yoast SEO plugin v27.4 - https:\/\/yoast.com\/product\/yoast-seo-wordpress\/ -->\n<title>Prestige &amp; Signature Suiten in Bordeaux | Les Sources de Caudalie<\/title>\n<meta name=\"description\" content=\"Genie\u00dfen Sie Ihren Aufenthalt in unseren Prestige- und Signature-Suiten in Bordeaux \u2013 eine Einladung zur Entspannung in luxuri\u00f6sem und ruhigem Ambiente. Buchen Sie jetzt!\" \/>\n<meta name=\"robots\" content=\"index, follow, max-snippet:-1, max-image-preview:large, max-video-preview:-1\" \/>\n<link rel=\"canonical\" href=\"https:\/\/www.sources-hotels.com\/bordeaux\/de\/zimmer-suiten\/prestige-signature-suiten\/\" \/>\n<meta property=\"og:locale\" content=\"de_DE\" \/>\n<meta property=\"og:type\" content=\"article\" \/>\n<meta property=\"og:title\" content=\"Prestige &amp; Signature Suiten in Bordeaux | Les Sources de Caudalie\" \/>\n<meta property=\"og:description\" content=\"Genie\u00dfen Sie Ihren Aufenthalt in unseren Prestige- und Signature-Suiten in Bordeaux \u2013 eine Einladung zur Entspannung in luxuri\u00f6sem und ruhigem Ambiente. Buchen Sie jetzt!\" \/>\n<meta property=\"og:url\" content=\"https:\/\/www.sources-hotels.com\/bordeaux\/de\/zimmer-suiten\/prestige-signature-suiten\/\" \/>\n<meta property=\"og:site_name\" content=\"Les Sources de Caudalie\" \/>\n<meta property=\"article:modified_time\" content=\"2025-07-02T10:31:49+00:00\" \/>\n<meta name=\"twitter:card\" content=\"summary_large_image\" \/>\n<script type=\"application\/ld+json\" class=\"yoast-schema-graph\">{\"@context\":\"https:\\\/\\\/schema.org\",\"@graph\":[{\"@type\":\"WebPage\",\"@id\":\"https:\\\/\\\/www.sources-hotels.com\\\/bordeaux\\\/de\\\/zimmer-suiten\\\/prestige-signature-suiten\\\/\",\"url\":\"https:\\\/\\\/www.sources-hotels.com\\\/bordeaux\\\/de\\\/zimmer-suiten\\\/prestige-signature-suiten\\\/\",\"name\":\"Prestige & Signature Suiten in Bordeaux | Les Sources de Caudalie\",\"isPartOf\":{\"@id\":\"https:\\\/\\\/www.sources-hotels.com\\\/bordeaux\\\/de\\\/#website\"},\"datePublished\":\"2024-12-30T08:33:58+00:00\",\"dateModified\":\"2025-07-02T10:31:49+00:00\",\"description\":\"Genie\u00dfen Sie Ihren Aufenthalt in unseren Prestige- und Signature-Suiten in Bordeaux \u2013 eine Einladung zur Entspannung in luxuri\u00f6sem und ruhigem Ambiente. Buchen Sie jetzt!\",\"breadcrumb\":{\"@id\":\"https:\\\/\\\/www.sources-hotels.com\\\/bordeaux\\\/de\\\/zimmer-suiten\\\/prestige-signature-suiten\\\/#breadcrumb\"},\"inLanguage\":\"de-DE\",\"potentialAction\":[{\"@type\":\"ReadAction\",\"target\":[\"https:\\\/\\\/www.sources-hotels.com\\\/bordeaux\\\/de\\\/zimmer-suiten\\\/prestige-signature-suiten\\\/\"]}]},{\"@type\":\"BreadcrumbList\",\"@id\":\"https:\\\/\\\/www.sources-hotels.com\\\/bordeaux\\\/de\\\/zimmer-suiten\\\/prestige-signature-suiten\\\/#breadcrumb\",\"itemListElement\":[{\"@type\":\"ListItem\",\"position\":1,\"name\":\"Accueil\",\"item\":\"https:\\\/\\\/www.sources-hotels.com\\\/bordeaux\\\/de\\\/\"},{\"@type\":\"ListItem\",\"position\":2,\"name\":\"Zimmer &amp; Suiten\",\"item\":\"https:\\\/\\\/www.sources-hotels.com\\\/bordeaux\\\/de\\\/zimmer-suiten\\\/\"},{\"@type\":\"ListItem\",\"position\":3,\"name\":\"Prestige &amp; Signature Suiten\"}]},{\"@type\":\"WebSite\",\"@id\":\"https:\\\/\\\/www.sources-hotels.com\\\/bordeaux\\\/de\\\/#website\",\"url\":\"https:\\\/\\\/www.sources-hotels.com\\\/bordeaux\\\/de\\\/\",\"name\":\"Les Sources de Caudalie\",\"description\":\"\",\"publisher\":{\"@id\":\"https:\\\/\\\/www.sources-hotels.com\\\/bordeaux\\\/de\\\/#organization\"},\"potentialAction\":[{\"@type\":\"SearchAction\",\"target\":{\"@type\":\"EntryPoint\",\"urlTemplate\":\"https:\\\/\\\/www.sources-hotels.com\\\/bordeaux\\\/de\\\/?s={search_term_string}\"},\"query-input\":{\"@type\":\"PropertyValueSpecification\",\"valueRequired\":true,\"valueName\":\"search_term_string\"}}],\"inLanguage\":\"de-DE\"},{\"@type\":\"Organization\",\"@id\":\"https:\\\/\\\/www.sources-hotels.com\\\/bordeaux\\\/de\\\/#organization\",\"name\":\"Les Sources de Caudalie\",\"url\":\"https:\\\/\\\/www.sources-hotels.com\\\/bordeaux\\\/de\\\/\",\"logo\":{\"@type\":\"ImageObject\",\"inLanguage\":\"de-DE\",\"@id\":\"https:\\\/\\\/www.sources-hotels.com\\\/bordeaux\\\/de\\\/#\\\/schema\\\/logo\\\/image\\\/\",\"url\":\"https:\\\/\\\/www.sources-hotels.com\\\/bordeaux\\\/wp-content\\\/uploads\\\/sites\\\/3\\\/2025\\\/03\\\/logo-caudalie.png\",\"contentUrl\":\"https:\\\/\\\/www.sources-hotels.com\\\/bordeaux\\\/wp-content\\\/uploads\\\/sites\\\/3\\\/2025\\\/03\\\/logo-caudalie.png\",\"width\":696,\"height\":308,\"caption\":\"Les Sources de Caudalie\"},\"image\":{\"@id\":\"https:\\\/\\\/www.sources-hotels.com\\\/bordeaux\\\/de\\\/#\\\/schema\\\/logo\\\/image\\\/\"}}]}<\/script>\n<!-- \/ Yoast SEO plugin. -->","yoast_head_json":{"title":"Prestige & Signature Suiten in Bordeaux | Les Sources de Caudalie","description":"Genie\u00dfen Sie Ihren Aufenthalt in unseren Prestige- und Signature-Suiten in Bordeaux \u2013 eine Einladung zur Entspannung in luxuri\u00f6sem und ruhigem Ambiente. Buchen Sie jetzt!","robots":{"index":"index","follow":"follow","max-snippet":"max-snippet:-1","max-image-preview":"max-image-preview:large","max-video-preview":"max-video-preview:-1"},"canonical":"https:\/\/www.sources-hotels.com\/bordeaux\/de\/zimmer-suiten\/prestige-signature-suiten\/","og_locale":"de_DE","og_type":"article","og_title":"Prestige & Signature Suiten in Bordeaux | Les Sources de Caudalie","og_description":"Genie\u00dfen Sie Ihren Aufenthalt in unseren Prestige- und Signature-Suiten in Bordeaux \u2013 eine Einladung zur Entspannung in luxuri\u00f6sem und ruhigem Ambiente. Buchen Sie jetzt!","og_url":"https:\/\/www.sources-hotels.com\/bordeaux\/de\/zimmer-suiten\/prestige-signature-suiten\/","og_site_name":"Les Sources de Caudalie","article_modified_time":"2025-07-02T10:31:49+00:00","twitter_card":"summary_large_image","schema":{"@context":"https:\/\/schema.org","@graph":[{"@type":"WebPage","@id":"https:\/\/www.sources-hotels.com\/bordeaux\/de\/zimmer-suiten\/prestige-signature-suiten\/","url":"https:\/\/www.sources-hotels.com\/bordeaux\/de\/zimmer-suiten\/prestige-signature-suiten\/","name":"Prestige & Signature Suiten in Bordeaux | Les Sources de Caudalie","isPartOf":{"@id":"https:\/\/www.sources-hotels.com\/bordeaux\/de\/#website"},"datePublished":"2024-12-30T08:33:58+00:00","dateModified":"2025-07-02T10:31:49+00:00","description":"Genie\u00dfen Sie Ihren Aufenthalt in unseren Prestige- und Signature-Suiten in Bordeaux \u2013 eine Einladung zur Entspannung in luxuri\u00f6sem und ruhigem Ambiente. Buchen Sie jetzt!","breadcrumb":{"@id":"https:\/\/www.sources-hotels.com\/bordeaux\/de\/zimmer-suiten\/prestige-signature-suiten\/#breadcrumb"},"inLanguage":"de-DE","potentialAction":[{"@type":"ReadAction","target":["https:\/\/www.sources-hotels.com\/bordeaux\/de\/zimmer-suiten\/prestige-signature-suiten\/"]}]},{"@type":"BreadcrumbList","@id":"https:\/\/www.sources-hotels.com\/bordeaux\/de\/zimmer-suiten\/prestige-signature-suiten\/#breadcrumb","itemListElement":[{"@type":"ListItem","position":1,"name":"Accueil","item":"https:\/\/www.sources-hotels.com\/bordeaux\/de\/"},{"@type":"ListItem","position":2,"name":"Zimmer &amp; Suiten","item":"https:\/\/www.sources-hotels.com\/bordeaux\/de\/zimmer-suiten\/"},{"@type":"ListItem","position":3,"name":"Prestige &amp; Signature Suiten"}]},{"@type":"WebSite","@id":"https:\/\/www.sources-hotels.com\/bordeaux\/de\/#website","url":"https:\/\/www.sources-hotels.com\/bordeaux\/de\/","name":"Les Sources de Caudalie","description":"","publisher":{"@id":"https:\/\/www.sources-hotels.com\/bordeaux\/de\/#organization"},"potentialAction":[{"@type":"SearchAction","target":{"@type":"EntryPoint","urlTemplate":"https:\/\/www.sources-hotels.com\/bordeaux\/de\/?s={search_term_string}"},"query-input":{"@type":"PropertyValueSpecification","valueRequired":true,"valueName":"search_term_string"}}],"inLanguage":"de-DE"},{"@type":"Organization","@id":"https:\/\/www.sources-hotels.com\/bordeaux\/de\/#organization","name":"Les Sources de Caudalie","url":"https:\/\/www.sources-hotels.com\/bordeaux\/de\/","logo":{"@type":"ImageObject","inLanguage":"de-DE","@id":"https:\/\/www.sources-hotels.com\/bordeaux\/de\/#\/schema\/logo\/image\/","url":"https:\/\/www.sources-hotels.com\/bordeaux\/wp-content\/uploads\/sites\/3\/2025\/03\/logo-caudalie.png","contentUrl":"https:\/\/www.sources-hotels.com\/bordeaux\/wp-content\/uploads\/sites\/3\/2025\/03\/logo-caudalie.png","width":696,"height":308,"caption":"Les Sources de Caudalie"},"image":{"@id":"https:\/\/www.sources-hotels.com\/bordeaux\/de\/#\/schema\/logo\/image\/"}}]}},"_links":{"self":[{"href":"https:\/\/www.sources-hotels.com\/bordeaux\/de\/wp-json\/wp\/v2\/pages\/4094","targetHints":{"allow":["GET"]}}],"collection":[{"href":"https:\/\/www.sources-hotels.com\/bordeaux\/de\/wp-json\/wp\/v2\/pages"}],"about":[{"href":"https:\/\/www.sources-hotels.com\/bordeaux\/de\/wp-json\/wp\/v2\/types\/page"}],"author":[{"embeddable":true,"href":"https:\/\/www.sources-hotels.com\/bordeaux\/de\/wp-json\/wp\/v2\/users\/1"}],"replies":[{"embeddable":true,"href":"https:\/\/www.sources-hotels.com\/bordeaux\/de\/wp-json\/wp\/v2\/comments?post=4094"}],"version-history":[{"count":6,"href":"https:\/\/www.sources-hotels.com\/bordeaux\/de\/wp-json\/wp\/v2\/pages\/4094\/revisions"}],"predecessor-version":[{"id":5083,"href":"https:\/\/www.sources-hotels.com\/bordeaux\/de\/wp-json\/wp\/v2\/pages\/4094\/revisions\/5083"}],"up":[{"embeddable":true,"href":"https:\/\/www.sources-hotels.com\/bordeaux\/de\/wp-json\/wp\/v2\/pages\/3946"}],"wp:attachment":[{"href":"https:\/\/www.sources-hotels.com\/bordeaux\/de\/wp-json\/wp\/v2\/media?parent=4094"}],"wp:term":[{"taxonomy":"hotels","embeddable":true,"href":"https:\/\/www.sources-hotels.com\/bordeaux\/de\/wp-json\/wp\/v2\/hotels?post=4094"},{"taxonomy":"doc_cat","embeddable":true,"href":"https:\/\/www.sources-hotels.com\/bordeaux\/de\/wp-json\/wp\/v2\/doc_cat?post=4094"}],"curies":[{"name":"wp","href":"https:\/\/api.w.org\/{rel}","templated":true}]}}