{"id":4099,"date":"2025-01-02T12:34:09","date_gmt":"2025-01-02T11:34:09","guid":{"rendered":"https:\/\/www.sources-hotels.com\/bordeaux\/?page_id=4099"},"modified":"2025-08-25T16:09:21","modified_gmt":"2025-08-25T14:09:21","slug":"region-entdecken","status":"publish","type":"page","link":"https:\/\/www.sources-hotels.com\/bordeaux\/de\/aktivitaeten\/region-entdecken\/","title":{"rendered":"Die Region entdecken"},"content":{"rendered":"\n<section class=\"custom-block block--header aspect-[375\/700] text-center text-white overflow-hidden pt-[100rem] relative tablet:aspect-auto tablet:h-[700rem] tablet:pt-[420rem]\">\n\n    <h1>\n                            Die Region entdecken            <\/h1>\n\n    \n    <span class=\"scroll-down hidden text-[12rem] tracking-[2rem] uppercase font-title cursor-pointer opacity-[64%] pb-[66rem] absolute left-2\/4 bottom-0 translate-x-[-50%] after:w-[1px] after:h-[50rem] after:bg-white after:opacity-[40%] after:absolute after:bottom-0 after:left-[50%] tablet:block\">\n        Mehr entdecken    <\/span>\n\n    <figure class=\"min-w-full min-h-full aspect-video overflow-hidden absolute top-2\/4 left-2\/4 translate-x-[-50%] translate-y-[-50%] z-[-1] before:bg-black before:opacity-[35%] before:mix-blend-multiply before:absolute before:top-0 before:left-0 before:right-0 before:bottom-0 before:z-[2]\">\n                    <img loading=\"lazy\" decoding=\"async\" width=\"2880\" height=\"1800\" src=\"https:\/\/www.sources-hotels.com\/bordeaux\/wp-content\/uploads\/sites\/3\/2024\/12\/Excursion_Arcachon_CabaneTchanquees_2008_PhotoInternet-1-2880x1800.jpg\" class=\"h-full w-full object-cover object-center\" alt=\"\" \/>            <\/figure>\n\n        \n<\/section>\n\n    \n\n\n<section class=\"custom-block block--cooking-classes bg-white\">\n\n            <h2 class=\"block-title\">Bordeaux entdecken  <\/h2>\n    \n    <div class=\"content-wrapper picture-right\">\n\n        <div class=\"text\">\n\n                            <h4 class=\"subtitle\">Eine kulturelle Reise <\/h4>\n            \n                            <div class=\"content rte\">\n                    <p><span style=\"font-weight: 400\">Nur 20 Kilometer von Les Sources de Caudalie entfernt empf\u00e4ngt Sie Bordeaux zu einem Ausflug voller Geschichte, Kultur und Gastronomie.<br \/>\nEntdecken Sie diese UNESCO-Weltkulturerbestadt, die f\u00fcr ihre elegante Architektur und ihre lebendige Atmosph\u00e4re bekannt ist.<br \/>\nF\u00fcr einen vielseitigen und umweltfreundlichen Ausflug k\u00f6nnen Sie unseren Mini Aceman mieten \u2013 200\u202f\u20ac pro Tag. <\/span><\/p>\n<p>Sehensw\u00fcrdigkeiten in Bordeaux:<\/p>\n<ul>\n<li><b>La Cit\u00e9 du Vin:<\/b><span style=\"font-weight: 400\"> Tauchen Sie ein in die Welt des Weins mit interaktiven Ausstellungen und genie\u00dfen Sie den Panoramablick \u00fcber die Stadt vom Belv\u00e9d\u00e8re aus. <\/span><\/li>\n<li><b>Der Wasserspiegel &amp; Place de la Bourse:<\/b> Spazieren Sie \u00fcber diesen symboltr\u00e4chtigen Platz aus dem 18. Jahrhundert und bewundern Sie die Spiegelung auf der gr\u00f6\u00dften Wasserfl\u00e4che der Welt.<\/li>\n<li><b>Kathedrale Saint-Andr\u00e9:<\/b> Besichtigen Sie diese majest\u00e4tische gotische Kathedrale, in der Eleonore von Aquitanien Ludwig VII. heiratete.<\/li>\n<li><b>Rue Sainte-Catherine: <\/b> Shoppingfreude pur in einer der l\u00e4ngsten Fu\u00dfg\u00e4ngerzonen Europas, ges\u00e4umt von Boutiquen und Caf\u00e9s.<\/li>\n<\/ul>\n                <\/div>\n            \n            \n            \n            \n            \n        <\/div>\n        <div class=\"relative\">\n            <figure class=\"image\">\n                <img loading=\"lazy\" decoding=\"async\" width=\"1056\" height=\"1000\" src=\"https:\/\/www.sources-hotels.com\/bordeaux\/wp-content\/uploads\/sites\/3\/2025\/01\/bordeaux-3876988_1280-e1736443588199-1056x1000.jpg\" class=\"h-full w-full object-cover object-center\" alt=\"\" \/>            <\/figure>\n                    <\/div>\n    <\/div>\n\n<\/section>\n\n\n<section class=\"custom-block block--cooking-classes bg-primary\">\n\n            <h2 class=\"block-title\">Saint-Emilion<\/h2>\n    \n    <div class=\"content-wrapper picture-left\">\n\n        <div class=\"text\">\n\n                            <h4 class=\"subtitle\">Mittelalterliches Dorf und Weinberge<\/h4>\n            \n                            <div class=\"content rte\">\n                    <p><span style=\"font-weight: 400\">Etwa 45 Kilometer von Les Sources de Caudalie entfernt liegt Saint-\u00c9milion \u2013 ein mittelalterliches Juwel im Herzen renommierter Weinberge.<br \/>\nDieses malerische Dorf begeistert mit seinen gepflasterten Gassen, historischen Bauwerken und seinem au\u00dfergew\u00f6hnlichen Weinbauerbe.<br \/>\n<\/span><span style=\"font-weight: 400\"><br \/>\n<\/span>Unvergessliche Erlebnisse in Saint-\u00c9milion: <\/p>\n<ul>\n<li><b>Die Monolithkirche:<\/b><span style=\"font-weight: 400\"> Entdecken Sie die gr\u00f6\u00dfte unterirdische Kirche Europas, vollst\u00e4ndig in den Kalkstein gehauen. <\/span><\/li>\n<li><b>Schlossbesichtigungen und Weinverkostungen<\/b><span style=\"font-weight: 400\"> : Erkunden Sie die Weinberge und probieren Sie Spitzenweine in renommierten Weing\u00fctern. <\/span><\/li>\n<li><b>Der Kreuzgang der Cordeliers:<\/b><span style=\"font-weight: 400\"> Besuchen Sie die Ruinen eines Klosters aus dem 14. Jahrhundert und kosten Sie die vor Ort hergestellten Schaumweine. <\/span><\/li>\n<li><b>Der Turm des K\u00f6nigs (Tour du Roy):<\/b><span style=\"font-weight: 400\"> : Steigen Sie auf den Turm aus dem 13. Jahrhundert und genie\u00dfen Sie einen Panoramablick \u00fcber das Dorf und die umliegenden Weinberge.<\/span><\/li>\n<\/ul>\n                <\/div>\n            \n            \n            \n            \n            \n        <\/div>\n        <div class=\"relative\">\n            <figure class=\"image\">\n                <img loading=\"lazy\" decoding=\"async\" width=\"1097\" height=\"853\" src=\"https:\/\/www.sources-hotels.com\/bordeaux\/wp-content\/uploads\/sites\/3\/2025\/01\/saint-emilion-1704580_1280-e1736441567327.jpg\" class=\"h-full w-full object-cover object-center\" alt=\"\" srcset=\"https:\/\/www.sources-hotels.com\/bordeaux\/wp-content\/uploads\/sites\/3\/2025\/01\/saint-emilion-1704580_1280-e1736441567327.jpg 1097w, https:\/\/www.sources-hotels.com\/bordeaux\/wp-content\/uploads\/sites\/3\/2025\/01\/saint-emilion-1704580_1280-e1736441567327-300x233.jpg 300w, https:\/\/www.sources-hotels.com\/bordeaux\/wp-content\/uploads\/sites\/3\/2025\/01\/saint-emilion-1704580_1280-e1736441567327-768x597.jpg 768w, https:\/\/www.sources-hotels.com\/bordeaux\/wp-content\/uploads\/sites\/3\/2025\/01\/saint-emilion-1704580_1280-e1736441567327-1024x796.jpg 1024w\" sizes=\"auto, (max-width: 1097px) 100vw, 1097px\" \/>            <\/figure>\n                    <\/div>\n    <\/div>\n\n<\/section>\n\n\n<section class=\"custom-block block--cooking-classes bg-white\">\n\n            <h2 class=\"block-title\">Le Bassin d\u2019Arcachon<\/h2>\n    \n    <div class=\"content-wrapper picture-right\">\n\n        <div class=\"text\">\n\n                            <h4 class=\"subtitle\">Natur pur erleben<\/h4>\n            \n                            <div class=\"content rte\">\n                    <p><span style=\"font-weight: 400;\">Das Bassin d\u2019Arcachon ist ein ideales Reiseziel f\u00fcr Naturliebhaber. Dieses friedliche Naturparadies ist bekannt f\u00fcr seine Austernparks, feinen Sandstr\u00e4nde und die majest\u00e4tische Dune du Pilat, die h\u00f6chste Wanderd\u00fcne Europas. <\/span><\/p>\n<p>Highlights im Bassin d\u2019Arcachon:<\/p>\n<ul>\n<li><b>Die Dune du Pilat:<\/b> Erklimmen Sie die Spitze der D\u00fcne und genie\u00dfen Sie einen atemberaubenden Blick auf den Atlantik und den Pinienwald der Landes.<\/li>\n<li><b>Austernverkostung in Gujan-Mestras:<\/b><span style=\"font-weight: 400;\"> Besuchen Sie traditionelle Austernh\u00fctten und probieren Sie frische Austern direkt vom Erzeuger. <\/span><\/li>\n<li><b>Die Halbinsel Cap Ferret:<\/b><span style=\"font-weight: 400;\"> Entspannen Sie in einer lockeren Atmosph\u00e4re, umgeben von Pinienw\u00e4ldern und traumhaften Ausblicken auf das Bassin. <\/span><\/li>\n<li><b>Die \u00cele aux Oiseaux:<\/b><span style=\"font-weight: 400;\"><span style=\"font-weight: 400;\"> : Unternehmen Sie einen Ausflug mit der traditionellen Pinasse der Sources de Caudalie \u2013 f\u00fcr einen unvergesslichen Tag der Erholung auf dem Wasser<br \/>\n<\/span><\/span><em>Vermietung der Pinasse (inkl. Skipper &amp; Treibstoff) \u2013 1680 \u20ac f\u00fcr einen halben Tag und 2268 \u20ac f\u00fcr einen ganzen Tag, nur von April bis Oktober verf\u00fcgbar.<\/em><\/li>\n<\/ul>\n                <\/div>\n            \n            \n            \n            \n            \n        <\/div>\n        <div class=\"relative\">\n            <figure class=\"image\">\n                <img loading=\"lazy\" decoding=\"async\" width=\"1260\" height=\"1000\" src=\"https:\/\/www.sources-hotels.com\/bordeaux\/wp-content\/uploads\/sites\/3\/2024\/12\/Excursion_Arcachon_CabaneTchanquees_2008_PhotoInternet-1260x1000.jpg\" class=\"h-full w-full object-cover object-center\" alt=\"\" \/>            <\/figure>\n                    <\/div>\n    <\/div>\n\n<\/section>","protected":false},"excerpt":{"rendered":"","protected":false},"author":1,"featured_media":0,"parent":3953,"menu_order":0,"comment_status":"closed","ping_status":"closed","template":"","meta":{"_acf_changed":false,"footnotes":""},"hotels":[],"doc_cat":[],"class_list":["post-4099","page","type-page","status-publish","hentry"],"acf":[],"yoast_head":"<!-- This site is optimized with the Yoast SEO plugin v27.4 - https:\/\/yoast.com\/product\/yoast-seo-wordpress\/ -->\n<title>Aktivit\u00e4ten &amp; Erlebnisse in Bordeaux | Les Sources de Caudalie<\/title>\n<meta name=\"description\" content=\"Entdecken Sie die einzigartigen Angebote und den Service des Hotels Les Sources de Caudalie, die Ihren Aufenthalt in einem luxuri\u00f6sen und ruhigen Rahmen bereichern.\" \/>\n<meta name=\"robots\" content=\"index, follow, max-snippet:-1, max-image-preview:large, max-video-preview:-1\" \/>\n<link rel=\"canonical\" href=\"https:\/\/www.sources-hotels.com\/bordeaux\/de\/aktivitaeten\/region-entdecken\/\" \/>\n<meta property=\"og:locale\" content=\"de_DE\" \/>\n<meta property=\"og:type\" content=\"article\" \/>\n<meta property=\"og:title\" content=\"Aktivit\u00e4ten &amp; Erlebnisse in Bordeaux | Les Sources de Caudalie\" \/>\n<meta property=\"og:description\" content=\"Entdecken Sie die einzigartigen Angebote und den Service des Hotels Les Sources de Caudalie, die Ihren Aufenthalt in einem luxuri\u00f6sen und ruhigen Rahmen bereichern.\" \/>\n<meta property=\"og:url\" content=\"https:\/\/www.sources-hotels.com\/bordeaux\/de\/aktivitaeten\/region-entdecken\/\" \/>\n<meta property=\"og:site_name\" content=\"Les Sources de Caudalie\" \/>\n<meta property=\"article:modified_time\" content=\"2025-08-25T14:09:21+00:00\" \/>\n<meta name=\"twitter:card\" content=\"summary_large_image\" \/>\n<script type=\"application\/ld+json\" class=\"yoast-schema-graph\">{\"@context\":\"https:\\\/\\\/schema.org\",\"@graph\":[{\"@type\":\"WebPage\",\"@id\":\"https:\\\/\\\/www.sources-hotels.com\\\/bordeaux\\\/de\\\/aktivitaeten\\\/region-entdecken\\\/\",\"url\":\"https:\\\/\\\/www.sources-hotels.com\\\/bordeaux\\\/de\\\/aktivitaeten\\\/region-entdecken\\\/\",\"name\":\"Aktivit\u00e4ten & Erlebnisse in Bordeaux | Les Sources de Caudalie\",\"isPartOf\":{\"@id\":\"https:\\\/\\\/www.sources-hotels.com\\\/bordeaux\\\/de\\\/#website\"},\"datePublished\":\"2025-01-02T11:34:09+00:00\",\"dateModified\":\"2025-08-25T14:09:21+00:00\",\"description\":\"Entdecken Sie die einzigartigen Angebote und den Service des Hotels Les Sources de Caudalie, die Ihren Aufenthalt in einem luxuri\u00f6sen und ruhigen Rahmen bereichern.\",\"breadcrumb\":{\"@id\":\"https:\\\/\\\/www.sources-hotels.com\\\/bordeaux\\\/de\\\/aktivitaeten\\\/region-entdecken\\\/#breadcrumb\"},\"inLanguage\":\"de-DE\",\"potentialAction\":[{\"@type\":\"ReadAction\",\"target\":[\"https:\\\/\\\/www.sources-hotels.com\\\/bordeaux\\\/de\\\/aktivitaeten\\\/region-entdecken\\\/\"]}]},{\"@type\":\"BreadcrumbList\",\"@id\":\"https:\\\/\\\/www.sources-hotels.com\\\/bordeaux\\\/de\\\/aktivitaeten\\\/region-entdecken\\\/#breadcrumb\",\"itemListElement\":[{\"@type\":\"ListItem\",\"position\":1,\"name\":\"Accueil\",\"item\":\"https:\\\/\\\/www.sources-hotels.com\\\/bordeaux\\\/de\\\/\"},{\"@type\":\"ListItem\",\"position\":2,\"name\":\"Aktivit\u00e4ten\",\"item\":\"https:\\\/\\\/www.sources-hotels.com\\\/bordeaux\\\/de\\\/aktivitaeten\\\/\"},{\"@type\":\"ListItem\",\"position\":3,\"name\":\"Die Region entdecken\"}]},{\"@type\":\"WebSite\",\"@id\":\"https:\\\/\\\/www.sources-hotels.com\\\/bordeaux\\\/de\\\/#website\",\"url\":\"https:\\\/\\\/www.sources-hotels.com\\\/bordeaux\\\/de\\\/\",\"name\":\"Les Sources de Caudalie\",\"description\":\"\",\"publisher\":{\"@id\":\"https:\\\/\\\/www.sources-hotels.com\\\/bordeaux\\\/de\\\/#organization\"},\"potentialAction\":[{\"@type\":\"SearchAction\",\"target\":{\"@type\":\"EntryPoint\",\"urlTemplate\":\"https:\\\/\\\/www.sources-hotels.com\\\/bordeaux\\\/de\\\/?s={search_term_string}\"},\"query-input\":{\"@type\":\"PropertyValueSpecification\",\"valueRequired\":true,\"valueName\":\"search_term_string\"}}],\"inLanguage\":\"de-DE\"},{\"@type\":\"Organization\",\"@id\":\"https:\\\/\\\/www.sources-hotels.com\\\/bordeaux\\\/de\\\/#organization\",\"name\":\"Les Sources de Caudalie\",\"url\":\"https:\\\/\\\/www.sources-hotels.com\\\/bordeaux\\\/de\\\/\",\"logo\":{\"@type\":\"ImageObject\",\"inLanguage\":\"de-DE\",\"@id\":\"https:\\\/\\\/www.sources-hotels.com\\\/bordeaux\\\/de\\\/#\\\/schema\\\/logo\\\/image\\\/\",\"url\":\"https:\\\/\\\/www.sources-hotels.com\\\/bordeaux\\\/wp-content\\\/uploads\\\/sites\\\/3\\\/2025\\\/03\\\/logo-caudalie.png\",\"contentUrl\":\"https:\\\/\\\/www.sources-hotels.com\\\/bordeaux\\\/wp-content\\\/uploads\\\/sites\\\/3\\\/2025\\\/03\\\/logo-caudalie.png\",\"width\":696,\"height\":308,\"caption\":\"Les Sources de Caudalie\"},\"image\":{\"@id\":\"https:\\\/\\\/www.sources-hotels.com\\\/bordeaux\\\/de\\\/#\\\/schema\\\/logo\\\/image\\\/\"}}]}<\/script>\n<!-- \/ Yoast SEO plugin. -->","yoast_head_json":{"title":"Aktivit\u00e4ten & Erlebnisse in Bordeaux | Les Sources de Caudalie","description":"Entdecken Sie die einzigartigen Angebote und den Service des Hotels Les Sources de Caudalie, die Ihren Aufenthalt in einem luxuri\u00f6sen und ruhigen Rahmen bereichern.","robots":{"index":"index","follow":"follow","max-snippet":"max-snippet:-1","max-image-preview":"max-image-preview:large","max-video-preview":"max-video-preview:-1"},"canonical":"https:\/\/www.sources-hotels.com\/bordeaux\/de\/aktivitaeten\/region-entdecken\/","og_locale":"de_DE","og_type":"article","og_title":"Aktivit\u00e4ten & Erlebnisse in Bordeaux | Les Sources de Caudalie","og_description":"Entdecken Sie die einzigartigen Angebote und den Service des Hotels Les Sources de Caudalie, die Ihren Aufenthalt in einem luxuri\u00f6sen und ruhigen Rahmen bereichern.","og_url":"https:\/\/www.sources-hotels.com\/bordeaux\/de\/aktivitaeten\/region-entdecken\/","og_site_name":"Les Sources de Caudalie","article_modified_time":"2025-08-25T14:09:21+00:00","twitter_card":"summary_large_image","schema":{"@context":"https:\/\/schema.org","@graph":[{"@type":"WebPage","@id":"https:\/\/www.sources-hotels.com\/bordeaux\/de\/aktivitaeten\/region-entdecken\/","url":"https:\/\/www.sources-hotels.com\/bordeaux\/de\/aktivitaeten\/region-entdecken\/","name":"Aktivit\u00e4ten & Erlebnisse in Bordeaux | Les Sources de Caudalie","isPartOf":{"@id":"https:\/\/www.sources-hotels.com\/bordeaux\/de\/#website"},"datePublished":"2025-01-02T11:34:09+00:00","dateModified":"2025-08-25T14:09:21+00:00","description":"Entdecken Sie die einzigartigen Angebote und den Service des Hotels Les Sources de Caudalie, die Ihren Aufenthalt in einem luxuri\u00f6sen und ruhigen Rahmen bereichern.","breadcrumb":{"@id":"https:\/\/www.sources-hotels.com\/bordeaux\/de\/aktivitaeten\/region-entdecken\/#breadcrumb"},"inLanguage":"de-DE","potentialAction":[{"@type":"ReadAction","target":["https:\/\/www.sources-hotels.com\/bordeaux\/de\/aktivitaeten\/region-entdecken\/"]}]},{"@type":"BreadcrumbList","@id":"https:\/\/www.sources-hotels.com\/bordeaux\/de\/aktivitaeten\/region-entdecken\/#breadcrumb","itemListElement":[{"@type":"ListItem","position":1,"name":"Accueil","item":"https:\/\/www.sources-hotels.com\/bordeaux\/de\/"},{"@type":"ListItem","position":2,"name":"Aktivit\u00e4ten","item":"https:\/\/www.sources-hotels.com\/bordeaux\/de\/aktivitaeten\/"},{"@type":"ListItem","position":3,"name":"Die Region entdecken"}]},{"@type":"WebSite","@id":"https:\/\/www.sources-hotels.com\/bordeaux\/de\/#website","url":"https:\/\/www.sources-hotels.com\/bordeaux\/de\/","name":"Les Sources de Caudalie","description":"","publisher":{"@id":"https:\/\/www.sources-hotels.com\/bordeaux\/de\/#organization"},"potentialAction":[{"@type":"SearchAction","target":{"@type":"EntryPoint","urlTemplate":"https:\/\/www.sources-hotels.com\/bordeaux\/de\/?s={search_term_string}"},"query-input":{"@type":"PropertyValueSpecification","valueRequired":true,"valueName":"search_term_string"}}],"inLanguage":"de-DE"},{"@type":"Organization","@id":"https:\/\/www.sources-hotels.com\/bordeaux\/de\/#organization","name":"Les Sources de Caudalie","url":"https:\/\/www.sources-hotels.com\/bordeaux\/de\/","logo":{"@type":"ImageObject","inLanguage":"de-DE","@id":"https:\/\/www.sources-hotels.com\/bordeaux\/de\/#\/schema\/logo\/image\/","url":"https:\/\/www.sources-hotels.com\/bordeaux\/wp-content\/uploads\/sites\/3\/2025\/03\/logo-caudalie.png","contentUrl":"https:\/\/www.sources-hotels.com\/bordeaux\/wp-content\/uploads\/sites\/3\/2025\/03\/logo-caudalie.png","width":696,"height":308,"caption":"Les Sources de Caudalie"},"image":{"@id":"https:\/\/www.sources-hotels.com\/bordeaux\/de\/#\/schema\/logo\/image\/"}}]}},"_links":{"self":[{"href":"https:\/\/www.sources-hotels.com\/bordeaux\/de\/wp-json\/wp\/v2\/pages\/4099","targetHints":{"allow":["GET"]}}],"collection":[{"href":"https:\/\/www.sources-hotels.com\/bordeaux\/de\/wp-json\/wp\/v2\/pages"}],"about":[{"href":"https:\/\/www.sources-hotels.com\/bordeaux\/de\/wp-json\/wp\/v2\/types\/page"}],"author":[{"embeddable":true,"href":"https:\/\/www.sources-hotels.com\/bordeaux\/de\/wp-json\/wp\/v2\/users\/1"}],"replies":[{"embeddable":true,"href":"https:\/\/www.sources-hotels.com\/bordeaux\/de\/wp-json\/wp\/v2\/comments?post=4099"}],"version-history":[{"count":8,"href":"https:\/\/www.sources-hotels.com\/bordeaux\/de\/wp-json\/wp\/v2\/pages\/4099\/revisions"}],"predecessor-version":[{"id":5362,"href":"https:\/\/www.sources-hotels.com\/bordeaux\/de\/wp-json\/wp\/v2\/pages\/4099\/revisions\/5362"}],"up":[{"embeddable":true,"href":"https:\/\/www.sources-hotels.com\/bordeaux\/de\/wp-json\/wp\/v2\/pages\/3953"}],"wp:attachment":[{"href":"https:\/\/www.sources-hotels.com\/bordeaux\/de\/wp-json\/wp\/v2\/media?parent=4099"}],"wp:term":[{"taxonomy":"hotels","embeddable":true,"href":"https:\/\/www.sources-hotels.com\/bordeaux\/de\/wp-json\/wp\/v2\/hotels?post=4099"},{"taxonomy":"doc_cat","embeddable":true,"href":"https:\/\/www.sources-hotels.com\/bordeaux\/de\/wp-json\/wp\/v2\/doc_cat?post=4099"}],"curies":[{"name":"wp","href":"https:\/\/api.w.org\/{rel}","templated":true}]}}