{"id":5109,"date":"2025-07-09T14:18:50","date_gmt":"2025-07-09T12:18:50","guid":{"rendered":"https:\/\/www.sources-hotels.com\/bordeaux\/?page_id=5109"},"modified":"2025-07-09T16:16:50","modified_gmt":"2025-07-09T14:16:50","slug":"bordeaux-entdecken","status":"publish","type":"page","link":"https:\/\/www.sources-hotels.com\/bordeaux\/de\/aktivitaeten\/bordeaux-entdecken\/","title":{"rendered":"Besuch in Bordeaux"},"content":{"rendered":"\n<section class=\"custom-block block--header h-[206rem] text-center text-white overflow-hidden pt-[100rem] relative tablet:h-[700rem] tablet:pt-[420rem]\">\n\n    <h1>\n                            Bordeaux entdecken            <\/h1>\n\n    \n    <span class=\"scroll-down hidden text-[12rem] tracking-[2rem] uppercase font-title cursor-pointer opacity-[64%] pb-[66rem] absolute left-2\/4 bottom-0 translate-x-[-50%] after:w-[1px] after:h-[50rem] after:bg-white after:opacity-[40%] after:absolute after:bottom-0 after:left-[50%] tablet:block\">\n        Mehr entdecken    <\/span>\n\n    <figure class=\"min-w-full min-h-full aspect-video overflow-hidden absolute top-2\/4 left-2\/4 translate-x-[-50%] translate-y-[-50%] z-[-1] before:bg-black before:opacity-[35%] before:mix-blend-multiply before:absolute before:top-0 before:left-0 before:right-0 before:bottom-0 before:z-[2]\">\n                    <img loading=\"lazy\" decoding=\"async\" width=\"2880\" height=\"1800\" src=\"https:\/\/www.sources-hotels.com\/bordeaux\/wp-content\/uploads\/sites\/3\/2025\/01\/Excursion_BordeauxPlaceDeLaBourse_2013_PhotoInternet-2880x1800.jpg\" class=\"h-full w-full object-cover object-center\" alt=\"Bordeaux place de la Bourse\" \/>            <\/figure>\n    \n<\/section>\n\n    \n\n\n<section class=\"custom-block block--cooking-classes bg-white\">\n\n            <h2 class=\"block-title\">Bordeaux entdecken  <\/h2>\n    \n    <div class=\"content-wrapper picture-right\">\n\n        <div class=\"text\">\n\n                            <h4 class=\"subtitle\">Eine kulturelle Reise <\/h4>\n            \n                            <div class=\"content rte\">\n                    <p><span style=\"font-weight: 400\">Nur 20 Kilometer von Les Sources de Caudalie entfernt empf\u00e4ngt Sie Bordeaux zu einem Ausflug voller Geschichte, Kultur und Gastronomie.<br \/>\nEntdecken Sie diese UNESCO-Weltkulturerbestadt, die f\u00fcr ihre elegante Architektur und ihre lebendige Atmosph\u00e4re bekannt ist.<br \/>\nF\u00fcr einen vielseitigen und umweltfreundlichen Ausflug k\u00f6nnen Sie unseren Mini Aceman mieten \u2013 200\u202f\u20ac pro Tag. <\/span><\/p>\n<p>Sehensw\u00fcrdigkeiten in Bordeaux:<\/p>\n<ul>\n<li><b>La Cit\u00e9 du Vin:<\/b><span style=\"font-weight: 400\"> Tauchen Sie ein in die Welt des Weins mit interaktiven Ausstellungen und genie\u00dfen Sie den Panoramablick \u00fcber die Stadt vom Belv\u00e9d\u00e8re aus. <\/span><\/li>\n<li><b>Der Wasserspiegel &amp; Place de la Bourse:<\/b> Spazieren Sie \u00fcber diesen symboltr\u00e4chtigen Platz aus dem 18. Jahrhundert und bewundern Sie die Spiegelung auf der gr\u00f6\u00dften Wasserfl\u00e4che der Welt.<\/li>\n<li><b>Kathedrale Saint-Andr\u00e9:<\/b> Besichtigen Sie diese majest\u00e4tische gotische Kathedrale, in der Eleonore von Aquitanien Ludwig VII. heiratete.<\/li>\n<li><b>Rue Sainte-Catherine: <\/b> Shoppingfreude pur in einer der l\u00e4ngsten Fu\u00dfg\u00e4ngerzonen Europas, ges\u00e4umt von Boutiquen und Caf\u00e9s.<\/li>\n<\/ul>\n                <\/div>\n            \n            \n            \n            \n            \n        <\/div>\n        <div class=\"relative\">\n            <figure class=\"image\">\n                <img loading=\"lazy\" decoding=\"async\" width=\"1056\" height=\"1000\" src=\"https:\/\/www.sources-hotels.com\/bordeaux\/wp-content\/uploads\/sites\/3\/2025\/01\/bordeaux-3876988_1280-e1736443588199-1056x1000.jpg\" class=\"h-full w-full object-cover object-center\" alt=\"\" \/>            <\/figure>\n                    <\/div>\n    <\/div>\n\n<\/section>\n\n\n<section class=\"custom-block block--cooking-classes bg-primary\">\n\n            <h2 class=\"block-title\">Kunst und Kulturerbe<\/h2>\n    \n    <div class=\"content-wrapper picture-left\">\n\n        <div class=\"text\">\n\n                            <h4 class=\"subtitle\">Kulturelles Eintauchen in die Museen der Stadt<\/h4>\n            \n                            <div class=\"content rte\">\n                    <p data-start=\"73\" data-end=\"149\">F\u00fcr Kulturbegeisterte bietet Bordeaux eine beeindruckende Auswahl an Museen.<\/p>\n<p data-start=\"151\" data-end=\"282\"><strong>Das Mus\u00e9e d\u2019Aquitaine<\/strong> l\u00e4dt zu einer Zeitreise ein und erz\u00e4hlt die Geschichte der Region von der Vorgeschichte bis in die Gegenwart.<\/p>\n<p data-start=\"284\" data-end=\"450\"><strong>Das CAPC<\/strong>, Museum f\u00fcr zeitgen\u00f6ssische Kunst in einem ehemaligen Lagerhaus, \u00fcberzeugt mit einem k\u00fchnen Ausstellungsprogramm in einem einzigartigen industriellen Rahmen.<\/p>\n<p data-start=\"452\" data-end=\"726\">Liebhaber von dekorativer Kunst kommen im <strong>Mus\u00e9e des Arts D\u00e9coratifs<\/strong> in dem eleganten H\u00f4tel de Lalande auf ihre Kosten, w\u00e4hrend Neugierige im digitalen Kunstzentrum<strong> Les Bassins des Lumi\u00e8res,<\/strong> untergebracht in einem ehemaligen U-Boot-Bunker, ein immersives Erlebnis erwartet.<\/p>\n                <\/div>\n            \n            \n            \n            \n            \n        <\/div>\n        <div class=\"relative\">\n            <figure class=\"image\">\n                <img loading=\"lazy\" decoding=\"async\" width=\"1260\" height=\"1000\" src=\"https:\/\/www.sources-hotels.com\/bordeaux\/wp-content\/uploads\/sites\/3\/2025\/07\/visite_bordeaux_rues-1260x1000.jpg\" class=\"h-full w-full object-cover object-center\" alt=\"balade rues Bordeaux\" \/>            <\/figure>\n                    <\/div>\n    <\/div>\n\n<\/section>\n\n\n<section class=\"custom-block block--cooking-classes bg-white\">\n\n            <h2 class=\"block-title\">Stadtrundgang<\/h2>\n    \n    <div class=\"content-wrapper picture-right\">\n\n        <div class=\"text\">\n\n                            <h4 class=\"subtitle\">Die charakteristischen Viertel<\/h4>\n            \n                            <div class=\"content rte\">\n                    <p data-start=\"780\" data-end=\"1014\">Wer die Stadt auf eigene Faust entdecken m\u00f6chte, kann sie zu Fu\u00df oder mit dem Fahrrad durch ihre charakteristischen Viertel erkunden. Die Altstadt mit ihren gepflasterten Gassen und den hellen Sandsteinfassaden l\u00e4dt zum Flanieren ein.<\/p>\n<p data-start=\"1016\" data-end=\"1189\">Vom Viertel Saint-Pierre \u00fcber das Viertel Chartrons bis zu den lebhaften Uferpromenaden der Garonne offenbart jeder Abschnitt einen Teil des besonderen Charmes von Bordeaux.<\/p>\n<p data-start=\"1191\" data-end=\"1391\" data-is-last-node=\"\" data-is-only-node=\"\">Wer die Stadt von oben sehen m\u00f6chte, erklimmt die 229 Stufen des Tour Pey-Berland und \u00fcberquert anschlie\u00dfend die Garonne, um das rechte Ufer und seinen beeindruckenden Blick auf Bordeaux zu entdecken.<\/p>\n                <\/div>\n            \n            \n            \n            \n            \n        <\/div>\n        <div class=\"relative\">\n            <figure class=\"image\">\n                <img loading=\"lazy\" decoding=\"async\" width=\"1260\" height=\"1000\" src=\"https:\/\/www.sources-hotels.com\/bordeaux\/wp-content\/uploads\/sites\/3\/2025\/07\/bordeaux_vue_aerienne-1260x1000.jpg\" class=\"h-full w-full object-cover object-center\" alt=\"Bordeaux vue aerienne\" \/>            <\/figure>\n                    <\/div>\n    <\/div>\n\n<\/section>","protected":false},"excerpt":{"rendered":"","protected":false},"author":4,"featured_media":0,"parent":3953,"menu_order":0,"comment_status":"closed","ping_status":"closed","template":"","meta":{"_acf_changed":false,"footnotes":""},"hotels":[],"doc_cat":[],"class_list":["post-5109","page","type-page","status-publish","hentry"],"acf":[],"yoast_head":"<!-- This site is optimized with the Yoast SEO plugin v25.6 - https:\/\/yoast.com\/wordpress\/plugins\/seo\/ -->\n<title>Entdecken Bordeaux | Hotel Les Sources de Caudalie<\/title>\n<meta name=\"description\" content=\"Nur 20 Kilometer von Les Sources de Caudalie entfernt empf\u00e4ngt Sie Bordeaux zu einem Ausflug voller Geschichte, Kultur und Gastronomie.\" \/>\n<meta name=\"robots\" content=\"index, follow, max-snippet:-1, max-image-preview:large, max-video-preview:-1\" \/>\n<link rel=\"canonical\" href=\"https:\/\/www.sources-hotels.com\/bordeaux\/de\/aktivitaeten\/bordeaux-entdecken\/\" \/>\n<meta property=\"og:locale\" content=\"de_DE\" \/>\n<meta property=\"og:type\" content=\"article\" \/>\n<meta property=\"og:title\" content=\"Entdecken Bordeaux | Hotel Les Sources de Caudalie\" \/>\n<meta property=\"og:description\" content=\"Nur 20 Kilometer von Les Sources de Caudalie entfernt empf\u00e4ngt Sie Bordeaux zu einem Ausflug voller Geschichte, Kultur und Gastronomie.\" \/>\n<meta property=\"og:url\" content=\"https:\/\/www.sources-hotels.com\/bordeaux\/de\/aktivitaeten\/bordeaux-entdecken\/\" \/>\n<meta property=\"og:site_name\" content=\"Les Sources de Caudalie\" \/>\n<meta property=\"article:modified_time\" content=\"2025-07-09T14:16:50+00:00\" \/>\n<meta name=\"twitter:card\" content=\"summary_large_image\" \/>\n<script type=\"application\/ld+json\" class=\"yoast-schema-graph\">{\"@context\":\"https:\/\/schema.org\",\"@graph\":[{\"@type\":\"WebPage\",\"@id\":\"https:\/\/www.sources-hotels.com\/bordeaux\/de\/aktivitaeten\/bordeaux-entdecken\/\",\"url\":\"https:\/\/www.sources-hotels.com\/bordeaux\/de\/aktivitaeten\/bordeaux-entdecken\/\",\"name\":\"Entdecken Bordeaux | Hotel Les Sources de Caudalie\",\"isPartOf\":{\"@id\":\"https:\/\/www.sources-hotels.com\/bordeaux\/de\/#website\"},\"datePublished\":\"2025-07-09T12:18:50+00:00\",\"dateModified\":\"2025-07-09T14:16:50+00:00\",\"description\":\"Nur 20 Kilometer von Les Sources de Caudalie entfernt empf\u00e4ngt Sie Bordeaux zu einem Ausflug voller Geschichte, Kultur und Gastronomie.\",\"breadcrumb\":{\"@id\":\"https:\/\/www.sources-hotels.com\/bordeaux\/de\/aktivitaeten\/bordeaux-entdecken\/#breadcrumb\"},\"inLanguage\":\"de-DE\",\"potentialAction\":[{\"@type\":\"ReadAction\",\"target\":[\"https:\/\/www.sources-hotels.com\/bordeaux\/de\/aktivitaeten\/bordeaux-entdecken\/\"]}]},{\"@type\":\"BreadcrumbList\",\"@id\":\"https:\/\/www.sources-hotels.com\/bordeaux\/de\/aktivitaeten\/bordeaux-entdecken\/#breadcrumb\",\"itemListElement\":[{\"@type\":\"ListItem\",\"position\":1,\"name\":\"Accueil\",\"item\":\"https:\/\/www.sources-hotels.com\/bordeaux\/de\/\"},{\"@type\":\"ListItem\",\"position\":2,\"name\":\"Aktivit\u00e4ten\",\"item\":\"https:\/\/www.sources-hotels.com\/bordeaux\/de\/aktivitaeten\/\"},{\"@type\":\"ListItem\",\"position\":3,\"name\":\"Besuch in Bordeaux\"}]},{\"@type\":\"WebSite\",\"@id\":\"https:\/\/www.sources-hotels.com\/bordeaux\/de\/#website\",\"url\":\"https:\/\/www.sources-hotels.com\/bordeaux\/de\/\",\"name\":\"Les Sources de Caudalie\",\"description\":\"\",\"publisher\":{\"@id\":\"https:\/\/www.sources-hotels.com\/bordeaux\/de\/#organization\"},\"potentialAction\":[{\"@type\":\"SearchAction\",\"target\":{\"@type\":\"EntryPoint\",\"urlTemplate\":\"https:\/\/www.sources-hotels.com\/bordeaux\/de\/?s={search_term_string}\"},\"query-input\":{\"@type\":\"PropertyValueSpecification\",\"valueRequired\":true,\"valueName\":\"search_term_string\"}}],\"inLanguage\":\"de-DE\"},{\"@type\":\"Organization\",\"@id\":\"https:\/\/www.sources-hotels.com\/bordeaux\/de\/#organization\",\"name\":\"Les Sources de Caudalie\",\"url\":\"https:\/\/www.sources-hotels.com\/bordeaux\/de\/\",\"logo\":{\"@type\":\"ImageObject\",\"inLanguage\":\"de-DE\",\"@id\":\"https:\/\/www.sources-hotels.com\/bordeaux\/de\/#\/schema\/logo\/image\/\",\"url\":\"https:\/\/www.sources-hotels.com\/bordeaux\/wp-content\/uploads\/sites\/3\/2025\/03\/logo-caudalie.png\",\"contentUrl\":\"https:\/\/www.sources-hotels.com\/bordeaux\/wp-content\/uploads\/sites\/3\/2025\/03\/logo-caudalie.png\",\"width\":696,\"height\":308,\"caption\":\"Les Sources de Caudalie\"},\"image\":{\"@id\":\"https:\/\/www.sources-hotels.com\/bordeaux\/de\/#\/schema\/logo\/image\/\"}}]}<\/script>\n<!-- \/ Yoast SEO plugin. -->","yoast_head_json":{"title":"Entdecken Bordeaux | Hotel Les Sources de Caudalie","description":"Nur 20 Kilometer von Les Sources de Caudalie entfernt empf\u00e4ngt Sie Bordeaux zu einem Ausflug voller Geschichte, Kultur und Gastronomie.","robots":{"index":"index","follow":"follow","max-snippet":"max-snippet:-1","max-image-preview":"max-image-preview:large","max-video-preview":"max-video-preview:-1"},"canonical":"https:\/\/www.sources-hotels.com\/bordeaux\/de\/aktivitaeten\/bordeaux-entdecken\/","og_locale":"de_DE","og_type":"article","og_title":"Entdecken Bordeaux | Hotel Les Sources de Caudalie","og_description":"Nur 20 Kilometer von Les Sources de Caudalie entfernt empf\u00e4ngt Sie Bordeaux zu einem Ausflug voller Geschichte, Kultur und Gastronomie.","og_url":"https:\/\/www.sources-hotels.com\/bordeaux\/de\/aktivitaeten\/bordeaux-entdecken\/","og_site_name":"Les Sources de Caudalie","article_modified_time":"2025-07-09T14:16:50+00:00","twitter_card":"summary_large_image","schema":{"@context":"https:\/\/schema.org","@graph":[{"@type":"WebPage","@id":"https:\/\/www.sources-hotels.com\/bordeaux\/de\/aktivitaeten\/bordeaux-entdecken\/","url":"https:\/\/www.sources-hotels.com\/bordeaux\/de\/aktivitaeten\/bordeaux-entdecken\/","name":"Entdecken Bordeaux | Hotel Les Sources de Caudalie","isPartOf":{"@id":"https:\/\/www.sources-hotels.com\/bordeaux\/de\/#website"},"datePublished":"2025-07-09T12:18:50+00:00","dateModified":"2025-07-09T14:16:50+00:00","description":"Nur 20 Kilometer von Les Sources de Caudalie entfernt empf\u00e4ngt Sie Bordeaux zu einem Ausflug voller Geschichte, Kultur und Gastronomie.","breadcrumb":{"@id":"https:\/\/www.sources-hotels.com\/bordeaux\/de\/aktivitaeten\/bordeaux-entdecken\/#breadcrumb"},"inLanguage":"de-DE","potentialAction":[{"@type":"ReadAction","target":["https:\/\/www.sources-hotels.com\/bordeaux\/de\/aktivitaeten\/bordeaux-entdecken\/"]}]},{"@type":"BreadcrumbList","@id":"https:\/\/www.sources-hotels.com\/bordeaux\/de\/aktivitaeten\/bordeaux-entdecken\/#breadcrumb","itemListElement":[{"@type":"ListItem","position":1,"name":"Accueil","item":"https:\/\/www.sources-hotels.com\/bordeaux\/de\/"},{"@type":"ListItem","position":2,"name":"Aktivit\u00e4ten","item":"https:\/\/www.sources-hotels.com\/bordeaux\/de\/aktivitaeten\/"},{"@type":"ListItem","position":3,"name":"Besuch in Bordeaux"}]},{"@type":"WebSite","@id":"https:\/\/www.sources-hotels.com\/bordeaux\/de\/#website","url":"https:\/\/www.sources-hotels.com\/bordeaux\/de\/","name":"Les Sources de Caudalie","description":"","publisher":{"@id":"https:\/\/www.sources-hotels.com\/bordeaux\/de\/#organization"},"potentialAction":[{"@type":"SearchAction","target":{"@type":"EntryPoint","urlTemplate":"https:\/\/www.sources-hotels.com\/bordeaux\/de\/?s={search_term_string}"},"query-input":{"@type":"PropertyValueSpecification","valueRequired":true,"valueName":"search_term_string"}}],"inLanguage":"de-DE"},{"@type":"Organization","@id":"https:\/\/www.sources-hotels.com\/bordeaux\/de\/#organization","name":"Les Sources de Caudalie","url":"https:\/\/www.sources-hotels.com\/bordeaux\/de\/","logo":{"@type":"ImageObject","inLanguage":"de-DE","@id":"https:\/\/www.sources-hotels.com\/bordeaux\/de\/#\/schema\/logo\/image\/","url":"https:\/\/www.sources-hotels.com\/bordeaux\/wp-content\/uploads\/sites\/3\/2025\/03\/logo-caudalie.png","contentUrl":"https:\/\/www.sources-hotels.com\/bordeaux\/wp-content\/uploads\/sites\/3\/2025\/03\/logo-caudalie.png","width":696,"height":308,"caption":"Les Sources de Caudalie"},"image":{"@id":"https:\/\/www.sources-hotels.com\/bordeaux\/de\/#\/schema\/logo\/image\/"}}]}},"_links":{"self":[{"href":"https:\/\/www.sources-hotels.com\/bordeaux\/de\/wp-json\/wp\/v2\/pages\/5109","targetHints":{"allow":["GET"]}}],"collection":[{"href":"https:\/\/www.sources-hotels.com\/bordeaux\/de\/wp-json\/wp\/v2\/pages"}],"about":[{"href":"https:\/\/www.sources-hotels.com\/bordeaux\/de\/wp-json\/wp\/v2\/types\/page"}],"author":[{"embeddable":true,"href":"https:\/\/www.sources-hotels.com\/bordeaux\/de\/wp-json\/wp\/v2\/users\/4"}],"replies":[{"embeddable":true,"href":"https:\/\/www.sources-hotels.com\/bordeaux\/de\/wp-json\/wp\/v2\/comments?post=5109"}],"version-history":[{"count":3,"href":"https:\/\/www.sources-hotels.com\/bordeaux\/de\/wp-json\/wp\/v2\/pages\/5109\/revisions"}],"predecessor-version":[{"id":5175,"href":"https:\/\/www.sources-hotels.com\/bordeaux\/de\/wp-json\/wp\/v2\/pages\/5109\/revisions\/5175"}],"up":[{"embeddable":true,"href":"https:\/\/www.sources-hotels.com\/bordeaux\/de\/wp-json\/wp\/v2\/pages\/3953"}],"wp:attachment":[{"href":"https:\/\/www.sources-hotels.com\/bordeaux\/de\/wp-json\/wp\/v2\/media?parent=5109"}],"wp:term":[{"taxonomy":"hotels","embeddable":true,"href":"https:\/\/www.sources-hotels.com\/bordeaux\/de\/wp-json\/wp\/v2\/hotels?post=5109"},{"taxonomy":"doc_cat","embeddable":true,"href":"https:\/\/www.sources-hotels.com\/bordeaux\/de\/wp-json\/wp\/v2\/doc_cat?post=5109"}],"curies":[{"name":"wp","href":"https:\/\/api.w.org\/{rel}","templated":true}]}}