{"id":5113,"date":"2025-07-09T11:34:21","date_gmt":"2025-07-09T09:34:21","guid":{"rendered":"https:\/\/www.sources-hotels.com\/bordeaux\/?page_id=5113"},"modified":"2025-07-09T16:58:16","modified_gmt":"2025-07-09T14:58:16","slug":"kunst-natur","status":"publish","type":"page","link":"https:\/\/www.sources-hotels.com\/bordeaux\/de\/aktivitaeten\/kunst-natur\/","title":{"rendered":"Kunst &amp; Natur"},"content":{"rendered":"\n<section class=\"custom-block block--header h-[206rem] text-center text-white overflow-hidden pt-[100rem] relative tablet:h-[700rem] tablet:pt-[420rem]\">\n\n    <h1>\n                            Kunst &amp; Natur            <\/h1>\n\n    \n    <span class=\"scroll-down hidden text-[12rem] tracking-[2rem] uppercase font-title cursor-pointer opacity-[64%] pb-[66rem] absolute left-2\/4 bottom-0 translate-x-[-50%] after:w-[1px] after:h-[50rem] after:bg-white after:opacity-[40%] after:absolute after:bottom-0 after:left-[50%] tablet:block\">\n        Mehr entdecken    <\/span>\n\n    <figure class=\"min-w-full min-h-full aspect-video overflow-hidden absolute top-2\/4 left-2\/4 translate-x-[-50%] translate-y-[-50%] z-[-1] before:bg-black before:opacity-[35%] before:mix-blend-multiply before:absolute before:top-0 before:left-0 before:right-0 before:bottom-0 before:z-[2]\">\n                    <img loading=\"lazy\" decoding=\"async\" width=\"2880\" height=\"1800\" src=\"https:\/\/www.sources-hotels.com\/bordeaux\/wp-content\/uploads\/sites\/3\/2025\/07\/art_nature_sourcesdecaudalie_foret-2880x1800.jpg\" class=\"h-full w-full object-cover object-center\" alt=\"La foret des 5 sens Les Sources de Caudlaie\" \/>            <\/figure>\n    \n<\/section>\n\n    \n\n\n<section class=\"custom-block block--cooking-classes bg-white\">\n\n            <h2 class=\"block-title\">Im Herzen der Natur<\/h2>\n    \n    <div class=\"content-wrapper picture-left\">\n\n        <div class=\"text\">\n\n                            <h4 class=\"subtitle\">Der \u201eFor\u00eat des Sens\u201c<\/h4>\n            \n                            <div class=\"content rte\">\n                    <p><span style=\"font-weight: 400\">Begeben Sie sich auf einen Spaziergang durch die Natur und entdecken Sie den For\u00eat des Sens \u2013 einen 8 Hektar gro\u00dfen Wald mit zeitgen\u00f6ssischen Kunstwerken zum Thema der f\u00fcnf Sinne. <\/span><\/p>\n<p><span style=\"font-weight: 400\">Zwischen B\u00e4umen, Blumen, B\u00e4chen und Reben d\u00fcrfen Ihre Sinne sich entfalten: sehen, h\u00f6ren, f\u00fchlen, riechen und schmecken Sie die Natur in ihrer ganzen Vielfalt. Manche Werke verschmelzen harmonisch mit ihrer Umgebung, andere treten in einen kreativen Gegensatz \u2013 immer im Dialog mit der Natur. <\/span><\/p>\n<p><em><span style=\"font-weight: 400\">Ge\u00f6ffnet von Montag bis Samstag von 10:00 bis 19:00 Uhr, sonntags und an Feiertagen von 10:00 bis 18:00 Uhr.<br \/>\nF\u00fcr Hotelg\u00e4ste ist der Eintritt kostenlos. <\/span><\/em><\/p>\n                <\/div>\n            \n            \n            \n            \n            \n        <\/div>\n        <div class=\"relative\">\n            <figure class=\"image\">\n                <img loading=\"lazy\" decoding=\"async\" width=\"1260\" height=\"1000\" src=\"https:\/\/www.sources-hotels.com\/bordeaux\/wp-content\/uploads\/sites\/3\/2025\/01\/Landart02_2017_RValerio\u00a9-e1736440332110-1260x1000.jpg\" class=\"h-full w-full object-cover object-center\" alt=\"for\u00eat des sens - parcours Art\" \/>            <\/figure>\n                    <\/div>\n    <\/div>\n\n<\/section>\n\n\n<section class=\"custom-block block--cooking-classes bg-primary\">\n\n            <h2 class=\"block-title\">Waldbaden<\/h2>\n    \n    <div class=\"content-wrapper picture-right\">\n\n        <div class=\"text\">\n\n                            <h4 class=\"subtitle\">Neue Kraft sch\u00f6pfen<\/h4>\n            \n                            <div class=\"content rte\">\n                    <p><span style=\"font-weight: 400\">Tanken Sie neue Energie in den W\u00e4ldern rund um das Ch\u00e2teau Smith Haut Lafitte bei einer zauberhaften Auszeit mit dem Baumspezialisten Jos\u00e9 le Piez und der K\u00fcnstlerin und Musikerin Patricia Chatelain. <\/span><\/p>\n<p>Das Waldbaden ist ein achtsamer Spaziergang zur R\u00fcckverbindung mit der Natur. Durch gef\u00fchrte Meditationen und Sinnes\u00fcbungen entdecken Sie den Wald wie nie zuvor \u2013 und erleben dabei bewusste Momente der Ruhe, der Konzentration und des Wohlbefindens.<\/p>\n<p>Diese Erfahrung reduziert Stress, st\u00e4rkt das Immunsystem, belebt den Geist und f\u00f6rdert Intuition, Kreativit\u00e4t und innere Balance.<\/p>\n<p>Optional kann der Ausflug mit einem pflanzenbasierten Mittagessen in ROUGE, unserem Feinkostrestaurant, abgerundet werden.<\/p>\n<p>Termine 2025 : 7. Juni, 12. Juli, 23. August, 27. September, 11. Oktober<\/p>\n<p><em><span style=\"font-weight: 400\">Mit vegetarischem Mittagessen: 95\u202f\u20ac pro Person<br \/>\n<\/span><span style=\"font-weight: 400\">Nur Aktivit\u00e4t: 35\u202f\u20ac pro Person <\/span><\/em><\/p>\n                <\/div>\n            \n            \n            \n            \n            \n        <\/div>\n        <div class=\"relative\">\n            <figure class=\"image\">\n                <img loading=\"lazy\" decoding=\"async\" width=\"1260\" height=\"1000\" src=\"https:\/\/www.sources-hotels.com\/bordeaux\/wp-content\/uploads\/sites\/3\/2025\/01\/Landart06_2017_RValerio\u00a9-e1736440391785-1260x1000.jpg\" class=\"h-full w-full object-cover object-center\" alt=\"Bain de for\u00eat\" \/>            <\/figure>\n                    <\/div>\n    <\/div>\n\n<\/section>\n\n\n<section class=\"custom-block block--slider-classic-pictures flex flex-col items-center background-white\">\n\n            <h2 class=\"block-title\">Unsere weiteren Aktivit\u00e4ten<\/h2>\n    \n    <div class=\"slides w-[209rem] !overflow-visible self-start tablet:w-[990rem] tablet:relative tablet:left-[60rem]\">\n\n        \n            <div class=\"slide w-[200rem] tablet:w-[450rem] teaser teaser--article-type-1\">\n\n                \n                <figure class=\"w-full h-[240rem] mb-[5rem] tablet:h-[575rem] tablet:mb-[30rem]\">\n                    <img loading=\"lazy\" decoding=\"async\" width=\"1544\" height=\"1150\" src=\"https:\/\/www.sources-hotels.com\/bordeaux\/wp-content\/uploads\/sites\/3\/2025\/01\/LesSourcesDeCaudalie_PlatsGV_@LucasGurdjian2024-6-1-1544x1150.jpg\" class=\"h-full w-full object-cover object-center\" alt=\"Plat Nicolas Masse Bordeaux\" srcset=\"https:\/\/www.sources-hotels.com\/bordeaux\/wp-content\/uploads\/sites\/3\/2025\/01\/LesSourcesDeCaudalie_PlatsGV_@LucasGurdjian2024-6-1-1544x1150.jpg 1544w, https:\/\/www.sources-hotels.com\/bordeaux\/wp-content\/uploads\/sites\/3\/2025\/01\/LesSourcesDeCaudalie_PlatsGV_@LucasGurdjian2024-6-1-300x223.jpg 300w, https:\/\/www.sources-hotels.com\/bordeaux\/wp-content\/uploads\/sites\/3\/2025\/01\/LesSourcesDeCaudalie_PlatsGV_@LucasGurdjian2024-6-1-768x572.jpg 768w, https:\/\/www.sources-hotels.com\/bordeaux\/wp-content\/uploads\/sites\/3\/2025\/01\/LesSourcesDeCaudalie_PlatsGV_@LucasGurdjian2024-6-1-1024x763.jpg 1024w, https:\/\/www.sources-hotels.com\/bordeaux\/wp-content\/uploads\/sites\/3\/2025\/01\/LesSourcesDeCaudalie_PlatsGV_@LucasGurdjian2024-6-1-1536x1144.jpg 1536w, https:\/\/www.sources-hotels.com\/bordeaux\/wp-content\/uploads\/sites\/3\/2025\/01\/LesSourcesDeCaudalie_PlatsGV_@LucasGurdjian2024-6-1-2048x1525.jpg 2048w\" sizes=\"auto, (max-width: 1544px) 100vw, 1544px\" \/>                <\/figure>\n\n                <h3 class=\"font-serif\">\n                    Gastronomie &amp; Wein                <\/h3>\n\n                                    <div class=\"mt-[13rem]\">\n                        <p>Entdecken Sie die Gastronomie von Bordeaux bei exklusiven Kochkursen mit unserem Sternekoch.<br \/>\nNehmen Sie an P\u00e2tisseriekursen und Weinverkostungen teil.<\/p>\n                    <\/div>\n                \n                                    <a href=\"https:\/\/www.sources-hotels.com\/bordeaux\/de\/aktivitaeten\/gastronomie-wein\/\" class=\"link mt-[10rem] tablet:mt-[20rem]\" target=\"\">\n                        Entdecken                    <\/a>\n                \n            <\/div>\n\n        \n            <div class=\"slide w-[200rem] tablet:w-[450rem] teaser teaser--article-type-1\">\n\n                \n                <figure class=\"w-full h-[240rem] mb-[5rem] tablet:h-[575rem] tablet:mb-[30rem]\">\n                    <img loading=\"lazy\" decoding=\"async\" width=\"1725\" height=\"1150\" src=\"https:\/\/www.sources-hotels.com\/bordeaux\/wp-content\/uploads\/sites\/3\/2024\/12\/Vignes-chemin-vue-terrasses_GdeLaubier_2\u00b014-1725x1150.jpg\" class=\"h-full w-full object-cover object-center\" alt=\"\" srcset=\"https:\/\/www.sources-hotels.com\/bordeaux\/wp-content\/uploads\/sites\/3\/2024\/12\/Vignes-chemin-vue-terrasses_GdeLaubier_2\u00b014-1725x1150.jpg 1725w, https:\/\/www.sources-hotels.com\/bordeaux\/wp-content\/uploads\/sites\/3\/2024\/12\/Vignes-chemin-vue-terrasses_GdeLaubier_2\u00b014-300x200.jpg 300w, https:\/\/www.sources-hotels.com\/bordeaux\/wp-content\/uploads\/sites\/3\/2024\/12\/Vignes-chemin-vue-terrasses_GdeLaubier_2\u00b014-768x512.jpg 768w, https:\/\/www.sources-hotels.com\/bordeaux\/wp-content\/uploads\/sites\/3\/2024\/12\/Vignes-chemin-vue-terrasses_GdeLaubier_2\u00b014-1024x683.jpg 1024w, https:\/\/www.sources-hotels.com\/bordeaux\/wp-content\/uploads\/sites\/3\/2024\/12\/Vignes-chemin-vue-terrasses_GdeLaubier_2\u00b014-1536x1024.jpg 1536w, https:\/\/www.sources-hotels.com\/bordeaux\/wp-content\/uploads\/sites\/3\/2024\/12\/Vignes-chemin-vue-terrasses_GdeLaubier_2\u00b014-2048x1365.jpg 2048w\" sizes=\"auto, (max-width: 1725px) 100vw, 1725px\" \/>                <\/figure>\n\n                <h3 class=\"font-serif\">\n                    Weinberg-Besichtigung                <\/h3>\n\n                                    <div class=\"mt-[13rem]\">\n                        <p>Entdecken Sie die Weinregion Bordeaux bei einem Besuch des Ch\u00e2teau Smith Haut Lafitte und l\u00fcften Sie die Geheimnisse au\u00dfergew\u00f6hnlicher Weine.<\/p>\n                    <\/div>\n                \n                                    <a href=\"https:\/\/www.sources-hotels.com\/bordeaux\/de\/aktivitaeten\/weinberg-besichtigungen\/\" class=\"link mt-[10rem] tablet:mt-[20rem]\" target=\"\">\n                        Entdecken                    <\/a>\n                \n            <\/div>\n\n        \n            <div class=\"slide w-[200rem] tablet:w-[450rem] teaser teaser--article-type-1\">\n\n                \n                <figure class=\"w-full h-[240rem] mb-[5rem] tablet:h-[575rem] tablet:mb-[30rem]\">\n                    <img loading=\"lazy\" decoding=\"async\" width=\"1005\" height=\"1150\" src=\"https:\/\/www.sources-hotels.com\/bordeaux\/wp-content\/uploads\/sites\/3\/2025\/01\/Excursion_Arcachon_CabaneTchanquees_2008_PhotoInternet-1-e1742224533233-1005x1150.jpg\" class=\"h-full w-full object-cover object-center\" alt=\"\" srcset=\"https:\/\/www.sources-hotels.com\/bordeaux\/wp-content\/uploads\/sites\/3\/2025\/01\/Excursion_Arcachon_CabaneTchanquees_2008_PhotoInternet-1-e1742224533233-1005x1150.jpg 1005w, https:\/\/www.sources-hotels.com\/bordeaux\/wp-content\/uploads\/sites\/3\/2025\/01\/Excursion_Arcachon_CabaneTchanquees_2008_PhotoInternet-1-e1742224533233-262x300.jpg 262w, https:\/\/www.sources-hotels.com\/bordeaux\/wp-content\/uploads\/sites\/3\/2025\/01\/Excursion_Arcachon_CabaneTchanquees_2008_PhotoInternet-1-e1742224533233-768x879.jpg 768w, https:\/\/www.sources-hotels.com\/bordeaux\/wp-content\/uploads\/sites\/3\/2025\/01\/Excursion_Arcachon_CabaneTchanquees_2008_PhotoInternet-1-e1742224533233-895x1024.jpg 895w, https:\/\/www.sources-hotels.com\/bordeaux\/wp-content\/uploads\/sites\/3\/2025\/01\/Excursion_Arcachon_CabaneTchanquees_2008_PhotoInternet-1-e1742224533233-1342x1536.jpg 1342w, https:\/\/www.sources-hotels.com\/bordeaux\/wp-content\/uploads\/sites\/3\/2025\/01\/Excursion_Arcachon_CabaneTchanquees_2008_PhotoInternet-1-e1742224533233.jpg 1680w\" sizes=\"auto, (max-width: 1005px) 100vw, 1005px\" \/>                <\/figure>\n\n                <h3 class=\"font-serif\">\n                    Die Region entdecken                <\/h3>\n\n                                    <div class=\"mt-[13rem]\">\n                        <p>Machen Sie einen Ausflug \u2013 vom Becken von Arcachon \u00fcber Bordeaux bis nach Saint-\u00c9milion. Unsere Region ist reich an Entdeckungen und Freizeitm\u00f6glichkeiten.<\/p>\n                    <\/div>\n                \n                                    <a href=\"https:\/\/www.sources-hotels.com\/bordeaux\/de\/aktivitaeten\/region-entdecken\/\" class=\"link mt-[10rem] tablet:mt-[20rem]\" target=\"\">\n                        Entdecken                    <\/a>\n                \n            <\/div>\n\n        \n    <\/div>\n\n    \n<\/section>\n","protected":false},"excerpt":{"rendered":"","protected":false},"author":4,"featured_media":0,"parent":3953,"menu_order":0,"comment_status":"closed","ping_status":"closed","template":"","meta":{"_acf_changed":false,"footnotes":""},"hotels":[],"doc_cat":[],"class_list":["post-5113","page","type-page","status-publish","hentry"],"acf":[],"yoast_head":"<!-- This site is optimized with the Yoast SEO plugin v25.6 - https:\/\/yoast.com\/wordpress\/plugins\/seo\/ -->\n<title>Kunst &amp; Natur - Les Sources de Caudalie<\/title>\n<meta name=\"description\" content=\"Begeben Sie sich auf einen Spaziergang durch die Natur und entdecken Sie den For\u00eat des Sens. Bordeaux Weinberg.\" \/>\n<meta name=\"robots\" content=\"index, follow, max-snippet:-1, max-image-preview:large, max-video-preview:-1\" \/>\n<link rel=\"canonical\" href=\"https:\/\/www.sources-hotels.com\/bordeaux\/de\/aktivitaeten\/kunst-natur\/\" \/>\n<meta property=\"og:locale\" content=\"de_DE\" \/>\n<meta property=\"og:type\" content=\"article\" \/>\n<meta property=\"og:title\" content=\"Kunst &amp; Natur - Les Sources de Caudalie\" \/>\n<meta property=\"og:description\" content=\"Begeben Sie sich auf einen Spaziergang durch die Natur und entdecken Sie den For\u00eat des Sens. Bordeaux Weinberg.\" \/>\n<meta property=\"og:url\" content=\"https:\/\/www.sources-hotels.com\/bordeaux\/de\/aktivitaeten\/kunst-natur\/\" \/>\n<meta property=\"og:site_name\" content=\"Les Sources de Caudalie\" \/>\n<meta property=\"article:modified_time\" content=\"2025-07-09T14:58:16+00:00\" \/>\n<meta name=\"twitter:card\" content=\"summary_large_image\" \/>\n<script type=\"application\/ld+json\" class=\"yoast-schema-graph\">{\"@context\":\"https:\/\/schema.org\",\"@graph\":[{\"@type\":\"WebPage\",\"@id\":\"https:\/\/www.sources-hotels.com\/bordeaux\/de\/aktivitaeten\/kunst-natur\/\",\"url\":\"https:\/\/www.sources-hotels.com\/bordeaux\/de\/aktivitaeten\/kunst-natur\/\",\"name\":\"Kunst &amp; Natur - Les Sources de Caudalie\",\"isPartOf\":{\"@id\":\"https:\/\/www.sources-hotels.com\/bordeaux\/de\/#website\"},\"datePublished\":\"2025-07-09T09:34:21+00:00\",\"dateModified\":\"2025-07-09T14:58:16+00:00\",\"description\":\"Begeben Sie sich auf einen Spaziergang durch die Natur und entdecken Sie den For\u00eat des Sens. Bordeaux Weinberg.\",\"breadcrumb\":{\"@id\":\"https:\/\/www.sources-hotels.com\/bordeaux\/de\/aktivitaeten\/kunst-natur\/#breadcrumb\"},\"inLanguage\":\"de-DE\",\"potentialAction\":[{\"@type\":\"ReadAction\",\"target\":[\"https:\/\/www.sources-hotels.com\/bordeaux\/de\/aktivitaeten\/kunst-natur\/\"]}]},{\"@type\":\"BreadcrumbList\",\"@id\":\"https:\/\/www.sources-hotels.com\/bordeaux\/de\/aktivitaeten\/kunst-natur\/#breadcrumb\",\"itemListElement\":[{\"@type\":\"ListItem\",\"position\":1,\"name\":\"Accueil\",\"item\":\"https:\/\/www.sources-hotels.com\/bordeaux\/de\/\"},{\"@type\":\"ListItem\",\"position\":2,\"name\":\"Aktivit\u00e4ten\",\"item\":\"https:\/\/www.sources-hotels.com\/bordeaux\/de\/aktivitaeten\/\"},{\"@type\":\"ListItem\",\"position\":3,\"name\":\"Kunst &amp; Natur\"}]},{\"@type\":\"WebSite\",\"@id\":\"https:\/\/www.sources-hotels.com\/bordeaux\/de\/#website\",\"url\":\"https:\/\/www.sources-hotels.com\/bordeaux\/de\/\",\"name\":\"Les Sources de Caudalie\",\"description\":\"\",\"publisher\":{\"@id\":\"https:\/\/www.sources-hotels.com\/bordeaux\/de\/#organization\"},\"potentialAction\":[{\"@type\":\"SearchAction\",\"target\":{\"@type\":\"EntryPoint\",\"urlTemplate\":\"https:\/\/www.sources-hotels.com\/bordeaux\/de\/?s={search_term_string}\"},\"query-input\":{\"@type\":\"PropertyValueSpecification\",\"valueRequired\":true,\"valueName\":\"search_term_string\"}}],\"inLanguage\":\"de-DE\"},{\"@type\":\"Organization\",\"@id\":\"https:\/\/www.sources-hotels.com\/bordeaux\/de\/#organization\",\"name\":\"Les Sources de Caudalie\",\"url\":\"https:\/\/www.sources-hotels.com\/bordeaux\/de\/\",\"logo\":{\"@type\":\"ImageObject\",\"inLanguage\":\"de-DE\",\"@id\":\"https:\/\/www.sources-hotels.com\/bordeaux\/de\/#\/schema\/logo\/image\/\",\"url\":\"https:\/\/www.sources-hotels.com\/bordeaux\/wp-content\/uploads\/sites\/3\/2025\/03\/logo-caudalie.png\",\"contentUrl\":\"https:\/\/www.sources-hotels.com\/bordeaux\/wp-content\/uploads\/sites\/3\/2025\/03\/logo-caudalie.png\",\"width\":696,\"height\":308,\"caption\":\"Les Sources de Caudalie\"},\"image\":{\"@id\":\"https:\/\/www.sources-hotels.com\/bordeaux\/de\/#\/schema\/logo\/image\/\"}}]}<\/script>\n<!-- \/ Yoast SEO plugin. -->","yoast_head_json":{"title":"Kunst &amp; Natur - Les Sources de Caudalie","description":"Begeben Sie sich auf einen Spaziergang durch die Natur und entdecken Sie den For\u00eat des Sens. Bordeaux Weinberg.","robots":{"index":"index","follow":"follow","max-snippet":"max-snippet:-1","max-image-preview":"max-image-preview:large","max-video-preview":"max-video-preview:-1"},"canonical":"https:\/\/www.sources-hotels.com\/bordeaux\/de\/aktivitaeten\/kunst-natur\/","og_locale":"de_DE","og_type":"article","og_title":"Kunst &amp; Natur - Les Sources de Caudalie","og_description":"Begeben Sie sich auf einen Spaziergang durch die Natur und entdecken Sie den For\u00eat des Sens. Bordeaux Weinberg.","og_url":"https:\/\/www.sources-hotels.com\/bordeaux\/de\/aktivitaeten\/kunst-natur\/","og_site_name":"Les Sources de Caudalie","article_modified_time":"2025-07-09T14:58:16+00:00","twitter_card":"summary_large_image","schema":{"@context":"https:\/\/schema.org","@graph":[{"@type":"WebPage","@id":"https:\/\/www.sources-hotels.com\/bordeaux\/de\/aktivitaeten\/kunst-natur\/","url":"https:\/\/www.sources-hotels.com\/bordeaux\/de\/aktivitaeten\/kunst-natur\/","name":"Kunst &amp; Natur - Les Sources de Caudalie","isPartOf":{"@id":"https:\/\/www.sources-hotels.com\/bordeaux\/de\/#website"},"datePublished":"2025-07-09T09:34:21+00:00","dateModified":"2025-07-09T14:58:16+00:00","description":"Begeben Sie sich auf einen Spaziergang durch die Natur und entdecken Sie den For\u00eat des Sens. Bordeaux Weinberg.","breadcrumb":{"@id":"https:\/\/www.sources-hotels.com\/bordeaux\/de\/aktivitaeten\/kunst-natur\/#breadcrumb"},"inLanguage":"de-DE","potentialAction":[{"@type":"ReadAction","target":["https:\/\/www.sources-hotels.com\/bordeaux\/de\/aktivitaeten\/kunst-natur\/"]}]},{"@type":"BreadcrumbList","@id":"https:\/\/www.sources-hotels.com\/bordeaux\/de\/aktivitaeten\/kunst-natur\/#breadcrumb","itemListElement":[{"@type":"ListItem","position":1,"name":"Accueil","item":"https:\/\/www.sources-hotels.com\/bordeaux\/de\/"},{"@type":"ListItem","position":2,"name":"Aktivit\u00e4ten","item":"https:\/\/www.sources-hotels.com\/bordeaux\/de\/aktivitaeten\/"},{"@type":"ListItem","position":3,"name":"Kunst &amp; Natur"}]},{"@type":"WebSite","@id":"https:\/\/www.sources-hotels.com\/bordeaux\/de\/#website","url":"https:\/\/www.sources-hotels.com\/bordeaux\/de\/","name":"Les Sources de Caudalie","description":"","publisher":{"@id":"https:\/\/www.sources-hotels.com\/bordeaux\/de\/#organization"},"potentialAction":[{"@type":"SearchAction","target":{"@type":"EntryPoint","urlTemplate":"https:\/\/www.sources-hotels.com\/bordeaux\/de\/?s={search_term_string}"},"query-input":{"@type":"PropertyValueSpecification","valueRequired":true,"valueName":"search_term_string"}}],"inLanguage":"de-DE"},{"@type":"Organization","@id":"https:\/\/www.sources-hotels.com\/bordeaux\/de\/#organization","name":"Les Sources de Caudalie","url":"https:\/\/www.sources-hotels.com\/bordeaux\/de\/","logo":{"@type":"ImageObject","inLanguage":"de-DE","@id":"https:\/\/www.sources-hotels.com\/bordeaux\/de\/#\/schema\/logo\/image\/","url":"https:\/\/www.sources-hotels.com\/bordeaux\/wp-content\/uploads\/sites\/3\/2025\/03\/logo-caudalie.png","contentUrl":"https:\/\/www.sources-hotels.com\/bordeaux\/wp-content\/uploads\/sites\/3\/2025\/03\/logo-caudalie.png","width":696,"height":308,"caption":"Les Sources de Caudalie"},"image":{"@id":"https:\/\/www.sources-hotels.com\/bordeaux\/de\/#\/schema\/logo\/image\/"}}]}},"_links":{"self":[{"href":"https:\/\/www.sources-hotels.com\/bordeaux\/de\/wp-json\/wp\/v2\/pages\/5113","targetHints":{"allow":["GET"]}}],"collection":[{"href":"https:\/\/www.sources-hotels.com\/bordeaux\/de\/wp-json\/wp\/v2\/pages"}],"about":[{"href":"https:\/\/www.sources-hotels.com\/bordeaux\/de\/wp-json\/wp\/v2\/types\/page"}],"author":[{"embeddable":true,"href":"https:\/\/www.sources-hotels.com\/bordeaux\/de\/wp-json\/wp\/v2\/users\/4"}],"replies":[{"embeddable":true,"href":"https:\/\/www.sources-hotels.com\/bordeaux\/de\/wp-json\/wp\/v2\/comments?post=5113"}],"version-history":[{"count":3,"href":"https:\/\/www.sources-hotels.com\/bordeaux\/de\/wp-json\/wp\/v2\/pages\/5113\/revisions"}],"predecessor-version":[{"id":5181,"href":"https:\/\/www.sources-hotels.com\/bordeaux\/de\/wp-json\/wp\/v2\/pages\/5113\/revisions\/5181"}],"up":[{"embeddable":true,"href":"https:\/\/www.sources-hotels.com\/bordeaux\/de\/wp-json\/wp\/v2\/pages\/3953"}],"wp:attachment":[{"href":"https:\/\/www.sources-hotels.com\/bordeaux\/de\/wp-json\/wp\/v2\/media?parent=5113"}],"wp:term":[{"taxonomy":"hotels","embeddable":true,"href":"https:\/\/www.sources-hotels.com\/bordeaux\/de\/wp-json\/wp\/v2\/hotels?post=5113"},{"taxonomy":"doc_cat","embeddable":true,"href":"https:\/\/www.sources-hotels.com\/bordeaux\/de\/wp-json\/wp\/v2\/doc_cat?post=5113"}],"curies":[{"name":"wp","href":"https:\/\/api.w.org\/{rel}","templated":true}]}}