{"id":161,"date":"2024-12-30T11:37:58","date_gmt":"2024-12-30T10:37:58","guid":{"rendered":"https:\/\/www.sources-hotels.com\/bordeaux\/?page_id=161"},"modified":"2026-03-10T14:47:17","modified_gmt":"2026-03-10T13:47:17","slug":"chartreuse-du-chateau-le-thil","status":"publish","type":"page","link":"https:\/\/www.sources-hotels.com\/bordeaux\/chambres-suites\/chartreuse-du-chateau-le-thil\/","title":{"rendered":"Chartreuse du Ch\u00e2teau le Thil"},"content":{"rendered":"\n<section class=\"custom-block block--header h-[206rem] text-center text-white overflow-hidden pt-[100rem] relative tablet:h-[700rem] tablet:pt-[420rem]\">\n\n    <h1>\n                            Chartreuse du Ch\u00e2teau Le Thil            <\/h1>\n\n    \n    <span class=\"scroll-down hidden text-[12rem] tracking-[2rem] uppercase font-title cursor-pointer opacity-[64%] pb-[66rem] absolute left-2\/4 bottom-0 translate-x-[-50%] after:w-[1px] after:h-[50rem] after:bg-white after:opacity-[40%] after:absolute after:bottom-0 after:left-[50%] tablet:block\">\n        Voir la suite    <\/span>\n\n    <figure class=\"min-w-full min-h-full aspect-video overflow-hidden absolute top-2\/4 left-2\/4 translate-x-[-50%] translate-y-[-50%] z-[-1] before:bg-black before:opacity-[35%] before:mix-blend-multiply before:absolute before:top-0 before:left-0 before:right-0 before:bottom-0 before:z-[2]\">\n                    <img loading=\"lazy\" decoding=\"async\" width=\"1024\" height=\"681\" src=\"https:\/\/www.sources-hotels.com\/bordeaux\/wp-content\/uploads\/sites\/3\/2025\/01\/Facade-Chartreuse-et-parc-GdeLaubier.jpg\" class=\"h-full w-full object-cover object-center\" alt=\"\" srcset=\"https:\/\/www.sources-hotels.com\/bordeaux\/wp-content\/uploads\/sites\/3\/2025\/01\/Facade-Chartreuse-et-parc-GdeLaubier.jpg 1024w, https:\/\/www.sources-hotels.com\/bordeaux\/wp-content\/uploads\/sites\/3\/2025\/01\/Facade-Chartreuse-et-parc-GdeLaubier-300x200.jpg 300w, https:\/\/www.sources-hotels.com\/bordeaux\/wp-content\/uploads\/sites\/3\/2025\/01\/Facade-Chartreuse-et-parc-GdeLaubier-768x511.jpg 768w\" sizes=\"auto, (max-width: 1024px) 100vw, 1024px\" \/>            <\/figure>\n    \n<\/section>\n\n    \n\n\n<section class=\"custom-block block--title-introduction text-center tablet:!pb-[60rem]\">\n\n            <h2 class=\"block-title\">Un \u00e9crin de charme \u00e0 1,5km de l\u2019h\u00f4tel Les Sources de Caudalie<\/h2>\n    \n    <div class=\"tablet:w-[970rem] tablet:inline-block\">\n        <p>Laissez-vous surprendre par la magie de ce lieu d\u2019exception qui sera le cadre id\u00e9al pour vos moments de repos ou d\u2019\u00e9changes, en famille ou entre amis.\u00a0Le parc s\u00e9culaire qui l\u2019entoure et son d\u00e9cor \u00e0 couper le souffle sauront ravir les amateurs de raffinement et d\u2019authenticit\u00e9. 9 chambres, 2 suites et des salons de r\u00e9ception. Les chambres sont r\u00e9servables \u00e0 la nuit, individuellement, mais La Chartreuse est \u00e9galement privatisable.<br \/>\nLa demeure se fait alors maison particuli\u00e8re le temps d\u2019un week-end en famille ou d\u2019un s\u00e9minaire professionnel.<\/p>\n    <\/div>\n\n<\/section>\n\n\n\n<section\n    class=\"custom-block block--large-visual-centered-text-white-background has-visual\">\n\n            <div class=\"large-visual-container\">\n\n            <div class=\"large-visual\">\n                <figure>\n                    <img loading=\"lazy\" decoding=\"async\" width=\"2600\" height=\"1200\" src=\"https:\/\/www.sources-hotels.com\/bordeaux\/wp-content\/uploads\/sites\/3\/2025\/01\/Accueil-2600x1200.jpg\" class=\"h-full w-full object-cover object-center\" alt=\"\" \/>                <\/figure>\n            <\/div>\n\n            \n                            <h2 class=\"title-single\">Un cadre d\u2019exception<\/h2>\n                        \n        <\/div>\n    \n    <div class=\"bloc-content\">\n                    <h3 class=\"title\">Au coeur de la for\u00eat<\/h3>\n                <div class=\"content rte\">\n            <p><span style=\"font-weight: 400\">\u00c0 1,5 kilom\u00e8tre des Sources de Caudalie, l<\/span><span style=\"font-weight: 400\">a belle demeure du XVIII\u00e8me si\u00e8cle, a \u00e9t\u00e9 autrefois la r\u00e9sidence estivale de la famille de M. Duffour Dubergier , maire de Bordeaux en 1855, et sied au sein d\u2019un superbe parc <\/span><span style=\"font-weight: 400\">s\u00e9culaire, voisin des bois du Ch\u00e2teau Smith Haut Lafitte, propice \u00e0 la r\u00eaverie.<\/span><\/p>\n<p><span style=\"font-weight: 400\">Une fois franchie la porte vo\u00fbt\u00e9e entour\u00e9e de deux belles lanternes de cuivre, ses h\u00f4tes y d\u00e9couvrent un univers de calme et de raffinement hors du temps.<\/span><\/p>\n<p><span style=\"font-weight: 400\">V\u00e9ritables \u00e9loges de la paresse, les salons de r\u00e9ception en enfilade sont autant de lieux cosy pour prendre le petit-d\u00e9jeuner servi sous forme de table d\u2019h\u00f4tes, profitez d&rsquo;un cours de yoga priv\u00e9 ou tout simplement prendre le temps, un livre \u00e0 la main. S\u2019ouvre \u00e9galement une magnifique pi\u00e8ce de plus de 100 m\u00b2, o\u00f9 le chef \u00e9toil\u00e9 des Sources de Caudalie, Nicolas Masse, pourra orchestrer de d\u00e9licieux d\u00e9jeuners et d\u00eeners.<\/span><\/p>\n<h4>Les petits plus qui font la diff\u00e9rence<\/h4>\n<p><span style=\"font-weight: 400\">S\u00e9journer dans ce havre de paix, c\u2019est \u00e9galement pouvoir profiter pleinement de la piscine int\u00e9rieure des Sources de Caudalie, du cours de tennis mais aussi de la mise \u00e0 disposition de v\u00e9los pour de jolies balades \u00e0 travers les vignes.<\/span><\/p>\n<h4>Services et \u00e9quipements des chambres<\/h4>\n<ul>\n<li><span style=\"font-weight: 400\">2 adultes pour les Chambres<\/span><\/li>\n<li>2 adultes et 2 enfants pour les Suites, ou 3 adultes<\/li>\n<li><span style=\"font-weight: 400\">\u00a0Salle de bain s\u00e9par\u00e9e, 2 vasques, baignoire et douche. Produits et soins \u00e9co-responsables<\/span><\/li>\n<li><span style=\"font-weight: 400\">Twin ou double lit. Notre literie est de fabrication fran\u00e7aise.<\/span><\/li>\n<li><span style=\"font-weight: 400\">TV \u00e9cran plat Chromecast<\/span><\/li>\n<li><span style=\"font-weight: 400\">Climatisation<\/span><\/li>\n<li><span style=\"font-weight: 400\">Wifi gratuit<\/span><\/li>\n<li><span style=\"font-weight: 400\">Coffre-fort<\/span><\/li>\n<li><span style=\"font-weight: 400\">Mini-bar<\/span><span style=\"font-weight: 400\"><br \/>\n<\/span><\/li>\n<\/ul>\n        <\/div>\n\n            <\/div>\n\n    \n            <svg width=\"475\" height=\"889\" viewBox=\"0 0 475 889\" fill=\"none\"><use xlink:href=\"#leaf-side\"\/><\/svg>    \n<\/section>\n\n<section class=\"custom-block block--three-visuals-cta mx-auto text-center\">\n\n                    <div class=\"images\">\n                            <div class=\"relative\">\n                    <figure>\n                        <img loading=\"lazy\" decoding=\"async\" width=\"840\" height=\"600\" src=\"https:\/\/www.sources-hotels.com\/bordeaux\/wp-content\/uploads\/sites\/3\/2025\/01\/GdeLaubier38-840x600.jpg\" class=\"w-full h-full object-cover object-center\" alt=\"\" \/>                    <\/figure>\n                                    <\/div>\n                            <div class=\"relative\">\n                    <figure>\n                        <img loading=\"lazy\" decoding=\"async\" width=\"840\" height=\"600\" src=\"https:\/\/www.sources-hotels.com\/bordeaux\/wp-content\/uploads\/sites\/3\/2025\/01\/Rotonde-2-1-840x600.jpg\" class=\"w-full h-full object-cover object-center\" alt=\"\" \/>                    <\/figure>\n                                    <\/div>\n                            <div class=\"relative\">\n                    <figure>\n                        <img loading=\"lazy\" decoding=\"async\" width=\"840\" height=\"600\" src=\"https:\/\/www.sources-hotels.com\/bordeaux\/wp-content\/uploads\/sites\/3\/2025\/01\/Chambre-Retour-des-Indes-840x600.jpg\" class=\"w-full h-full object-cover object-center\" alt=\"\" \/>                    <\/figure>\n                                    <\/div>\n                    <\/div>\n    \n\n            <div class=\"ctas mt-[23rem] tablet:mt-[40rem] flex gap-[42rem] justify-center\">\n            \n                            <button class=\"button cta-booking dedge-open\">R\u00e9server<\/button>\n                    <\/div>\n    \n\n\n\n<\/section>\n\n\n<section class=\"custom-block block--slider-classic-pictures flex flex-col items-center background-theme-light\">\n\n            <h2 class=\"block-title\">D\u00e9couvrez tous nos h\u00e9bergements<\/h2>\n    \n    <div class=\"slides w-[209rem] !overflow-visible self-start tablet:w-[990rem] tablet:relative tablet:left-[60rem]\">\n\n        \n            <div class=\"slide w-[200rem] tablet:w-[450rem] teaser teaser--article-type-1\">\n\n                \n                <figure class=\"w-full h-[240rem] mb-[5rem] tablet:h-[575rem] tablet:mb-[30rem]\">\n                    <img loading=\"lazy\" decoding=\"async\" width=\"767\" height=\"1150\" src=\"https:\/\/www.sources-hotels.com\/bordeaux\/wp-content\/uploads\/sites\/3\/2025\/04\/LesSourcesDeCaudalie_GrangeAuBateau_41_\u00a9Itshenriette_Mai2023-2-767x1150.jpg\" class=\"h-full w-full object-cover object-center\" alt=\"\" srcset=\"https:\/\/www.sources-hotels.com\/bordeaux\/wp-content\/uploads\/sites\/3\/2025\/04\/LesSourcesDeCaudalie_GrangeAuBateau_41_\u00a9Itshenriette_Mai2023-2-767x1150.jpg 767w, https:\/\/www.sources-hotels.com\/bordeaux\/wp-content\/uploads\/sites\/3\/2025\/04\/LesSourcesDeCaudalie_GrangeAuBateau_41_\u00a9Itshenriette_Mai2023-2-200x300.jpg 200w, https:\/\/www.sources-hotels.com\/bordeaux\/wp-content\/uploads\/sites\/3\/2025\/04\/LesSourcesDeCaudalie_GrangeAuBateau_41_\u00a9Itshenriette_Mai2023-2-683x1024.jpg 683w, https:\/\/www.sources-hotels.com\/bordeaux\/wp-content\/uploads\/sites\/3\/2025\/04\/LesSourcesDeCaudalie_GrangeAuBateau_41_\u00a9Itshenriette_Mai2023-2-768x1152.jpg 768w, https:\/\/www.sources-hotels.com\/bordeaux\/wp-content\/uploads\/sites\/3\/2025\/04\/LesSourcesDeCaudalie_GrangeAuBateau_41_\u00a9Itshenriette_Mai2023-2-1024x1536.jpg 1024w, https:\/\/www.sources-hotels.com\/bordeaux\/wp-content\/uploads\/sites\/3\/2025\/04\/LesSourcesDeCaudalie_GrangeAuBateau_41_\u00a9Itshenriette_Mai2023-2-1365x2048.jpg 1365w\" sizes=\"auto, (max-width: 767px) 100vw, 767px\" \/>                <\/figure>\n\n                <h3 class=\"font-serif\">\n                    Chambres et Junior Suites                <\/h3>\n\n                                    <div class=\"mt-[13rem]\">\n                        <p>Nos chambres Confort, Prestige et Junior Suites t\u00e9moignent chacune d\u2019une d\u00e9coration singuli\u00e8re et unique, promesses d\u2019un voyage au c\u0153ur d\u2019une r\u00e9gion \u00e0 forte personnalit\u00e9.<\/p>\n                    <\/div>\n                \n                                    <a href=\"https:\/\/www.sources-hotels.com\/bordeaux\/chambres-suites\/chambres-junior-suites\/\" class=\"link mt-[10rem] tablet:mt-[20rem]\" target=\"\">\n                        En savoir plus                    <\/a>\n                \n            <\/div>\n\n        \n            <div class=\"slide w-[200rem] tablet:w-[450rem] teaser teaser--article-type-1\">\n\n                \n                <figure class=\"w-full h-[240rem] mb-[5rem] tablet:h-[575rem] tablet:mb-[30rem]\">\n                    <img loading=\"lazy\" decoding=\"async\" width=\"767\" height=\"1150\" src=\"https:\/\/www.sources-hotels.com\/bordeaux\/wp-content\/uploads\/sites\/3\/2025\/04\/SU07831-767x1150.jpg\" class=\"h-full w-full object-cover object-center\" alt=\"\" srcset=\"https:\/\/www.sources-hotels.com\/bordeaux\/wp-content\/uploads\/sites\/3\/2025\/04\/SU07831-767x1150.jpg 767w, https:\/\/www.sources-hotels.com\/bordeaux\/wp-content\/uploads\/sites\/3\/2025\/04\/SU07831-200x300.jpg 200w, https:\/\/www.sources-hotels.com\/bordeaux\/wp-content\/uploads\/sites\/3\/2025\/04\/SU07831-683x1024.jpg 683w, https:\/\/www.sources-hotels.com\/bordeaux\/wp-content\/uploads\/sites\/3\/2025\/04\/SU07831-768x1152.jpg 768w, https:\/\/www.sources-hotels.com\/bordeaux\/wp-content\/uploads\/sites\/3\/2025\/04\/SU07831-1024x1536.jpg 1024w, https:\/\/www.sources-hotels.com\/bordeaux\/wp-content\/uploads\/sites\/3\/2025\/04\/SU07831-1365x2048.jpg 1365w\" sizes=\"auto, (max-width: 767px) 100vw, 767px\" \/>                <\/figure>\n\n                <h3 class=\"font-serif\">\n                    Suites &amp; Suites Signature                <\/h3>\n\n                                    <div class=\"mt-[13rem]\">\n                        <p>Pens\u00e9es comme de v\u00e9ritables cocons, nos Suites vous offrent un environnement des plus spacieux pouvant accueillir 3 adultes ou 2 adultes et 2 enfants.<\/p>\n                    <\/div>\n                \n                                    <a href=\"https:\/\/www.sources-hotels.com\/bordeaux\/chambres-suites\/suites-et-suites-signature\/\" class=\"link mt-[10rem] tablet:mt-[20rem]\" target=\"\">\n                        En savoir plus                    <\/a>\n                \n            <\/div>\n\n        \n            <div class=\"slide w-[200rem] tablet:w-[450rem] teaser teaser--article-type-1\">\n\n                \n                <figure class=\"w-full h-[240rem] mb-[5rem] tablet:h-[575rem] tablet:mb-[30rem]\">\n                    <img loading=\"lazy\" decoding=\"async\" width=\"767\" height=\"1150\" src=\"https:\/\/www.sources-hotels.com\/bordeaux\/wp-content\/uploads\/sites\/3\/2025\/04\/LesSourcesDeCaudalie_042025_47_\u252c\u00aenarophoto_web-767x1150.jpg\" class=\"h-full w-full object-cover object-center\" alt=\"\" srcset=\"https:\/\/www.sources-hotels.com\/bordeaux\/wp-content\/uploads\/sites\/3\/2025\/04\/LesSourcesDeCaudalie_042025_47_\u252c\u00aenarophoto_web-767x1150.jpg 767w, https:\/\/www.sources-hotels.com\/bordeaux\/wp-content\/uploads\/sites\/3\/2025\/04\/LesSourcesDeCaudalie_042025_47_\u252c\u00aenarophoto_web-200x300.jpg 200w, https:\/\/www.sources-hotels.com\/bordeaux\/wp-content\/uploads\/sites\/3\/2025\/04\/LesSourcesDeCaudalie_042025_47_\u252c\u00aenarophoto_web-683x1024.jpg 683w, https:\/\/www.sources-hotels.com\/bordeaux\/wp-content\/uploads\/sites\/3\/2025\/04\/LesSourcesDeCaudalie_042025_47_\u252c\u00aenarophoto_web-768x1152.jpg 768w, https:\/\/www.sources-hotels.com\/bordeaux\/wp-content\/uploads\/sites\/3\/2025\/04\/LesSourcesDeCaudalie_042025_47_\u252c\u00aenarophoto_web-1024x1536.jpg 1024w, https:\/\/www.sources-hotels.com\/bordeaux\/wp-content\/uploads\/sites\/3\/2025\/04\/LesSourcesDeCaudalie_042025_47_\u252c\u00aenarophoto_web-1366x2048.jpg 1366w, https:\/\/www.sources-hotels.com\/bordeaux\/wp-content\/uploads\/sites\/3\/2025\/04\/LesSourcesDeCaudalie_042025_47_\u252c\u00aenarophoto_web.jpg 1639w\" sizes=\"auto, (max-width: 767px) 100vw, 767px\" \/>                <\/figure>\n\n                <h3 class=\"font-serif\">\n                    Au C\u0153ur des Sources                 <\/h3>\n\n                                    <div class=\"mt-[13rem]\">\n                        <p>Parfait pour les voyageurs en qu\u00eate de libert\u00e9, l\u2019appartement Au C\u0153ur des Sources vous permet de passer des vacances en toute intimit\u00e9.<\/p>\n                    <\/div>\n                \n                \n            <\/div>\n\n        \n    <\/div>\n\n    \n<\/section>\n","protected":false},"excerpt":{"rendered":"","protected":false},"author":1,"featured_media":0,"parent":114,"menu_order":0,"comment_status":"closed","ping_status":"closed","template":"","meta":{"_acf_changed":false,"footnotes":""},"hotels":[],"doc_cat":[],"class_list":["post-161","page","type-page","status-publish","hentry"],"acf":[],"yoast_head":"<!-- This site is optimized with the Yoast SEO plugin v25.6 - https:\/\/yoast.com\/wordpress\/plugins\/seo\/ -->\n<title>La Chartreuse du Ch\u00e2teau Le Thil | Les Sources de Caudalie<\/title>\n<meta name=\"description\" content=\"D\u00e9couvrez l&#039;\u00e9l\u00e9gance intemporelle de la Chartreuse du Ch\u00e2teau Le Thil, un lieu d&#039;exception alliant luxe et s\u00e9r\u00e9nit\u00e9 aux Sources de Caudalie \u00e0 Bordeaux.\" \/>\n<meta name=\"robots\" content=\"index, follow, max-snippet:-1, max-image-preview:large, max-video-preview:-1\" \/>\n<link rel=\"canonical\" href=\"https:\/\/www.sources-hotels.com\/bordeaux\/chambres-suites\/chartreuse-du-chateau-le-thil\/\" \/>\n<meta property=\"og:locale\" content=\"fr_FR\" \/>\n<meta property=\"og:type\" content=\"article\" \/>\n<meta property=\"og:title\" content=\"La Chartreuse du Ch\u00e2teau Le Thil | Les Sources de Caudalie\" \/>\n<meta property=\"og:description\" content=\"D\u00e9couvrez l&#039;\u00e9l\u00e9gance intemporelle de la Chartreuse du Ch\u00e2teau Le Thil, un lieu d&#039;exception alliant luxe et s\u00e9r\u00e9nit\u00e9 aux Sources de Caudalie \u00e0 Bordeaux.\" \/>\n<meta property=\"og:url\" content=\"https:\/\/www.sources-hotels.com\/bordeaux\/chambres-suites\/chartreuse-du-chateau-le-thil\/\" \/>\n<meta property=\"og:site_name\" content=\"Les Sources de Caudalie\" \/>\n<meta property=\"article:modified_time\" content=\"2026-03-10T13:47:17+00:00\" \/>\n<meta name=\"twitter:card\" content=\"summary_large_image\" \/>\n<script type=\"application\/ld+json\" class=\"yoast-schema-graph\">{\"@context\":\"https:\/\/schema.org\",\"@graph\":[{\"@type\":\"WebPage\",\"@id\":\"https:\/\/www.sources-hotels.com\/bordeaux\/chambres-suites\/chartreuse-du-chateau-le-thil\/\",\"url\":\"https:\/\/www.sources-hotels.com\/bordeaux\/chambres-suites\/chartreuse-du-chateau-le-thil\/\",\"name\":\"La Chartreuse du Ch\u00e2teau Le Thil | Les Sources de Caudalie\",\"isPartOf\":{\"@id\":\"https:\/\/www.sources-hotels.com\/bordeaux\/#website\"},\"datePublished\":\"2024-12-30T10:37:58+00:00\",\"dateModified\":\"2026-03-10T13:47:17+00:00\",\"description\":\"D\u00e9couvrez l'\u00e9l\u00e9gance intemporelle de la Chartreuse du Ch\u00e2teau Le Thil, un lieu d'exception alliant luxe et s\u00e9r\u00e9nit\u00e9 aux Sources de Caudalie \u00e0 Bordeaux.\",\"breadcrumb\":{\"@id\":\"https:\/\/www.sources-hotels.com\/bordeaux\/chambres-suites\/chartreuse-du-chateau-le-thil\/#breadcrumb\"},\"inLanguage\":\"fr-FR\",\"potentialAction\":[{\"@type\":\"ReadAction\",\"target\":[\"https:\/\/www.sources-hotels.com\/bordeaux\/chambres-suites\/chartreuse-du-chateau-le-thil\/\"]}]},{\"@type\":\"BreadcrumbList\",\"@id\":\"https:\/\/www.sources-hotels.com\/bordeaux\/chambres-suites\/chartreuse-du-chateau-le-thil\/#breadcrumb\",\"itemListElement\":[{\"@type\":\"ListItem\",\"position\":1,\"name\":\"Accueil\",\"item\":\"https:\/\/www.sources-hotels.com\/bordeaux\/\"},{\"@type\":\"ListItem\",\"position\":2,\"name\":\"Chambres &amp; suites\",\"item\":\"https:\/\/www.sources-hotels.com\/bordeaux\/chambres-suites\/\"},{\"@type\":\"ListItem\",\"position\":3,\"name\":\"Chartreuse du Ch\u00e2teau le Thil\"}]},{\"@type\":\"WebSite\",\"@id\":\"https:\/\/www.sources-hotels.com\/bordeaux\/#website\",\"url\":\"https:\/\/www.sources-hotels.com\/bordeaux\/\",\"name\":\"Les Sources de Caudalie\",\"description\":\"\",\"publisher\":{\"@id\":\"https:\/\/www.sources-hotels.com\/bordeaux\/#organization\"},\"potentialAction\":[{\"@type\":\"SearchAction\",\"target\":{\"@type\":\"EntryPoint\",\"urlTemplate\":\"https:\/\/www.sources-hotels.com\/bordeaux\/?s={search_term_string}\"},\"query-input\":{\"@type\":\"PropertyValueSpecification\",\"valueRequired\":true,\"valueName\":\"search_term_string\"}}],\"inLanguage\":\"fr-FR\"},{\"@type\":\"Organization\",\"@id\":\"https:\/\/www.sources-hotels.com\/bordeaux\/#organization\",\"name\":\"Les Sources de Caudalie\",\"url\":\"https:\/\/www.sources-hotels.com\/bordeaux\/\",\"logo\":{\"@type\":\"ImageObject\",\"inLanguage\":\"fr-FR\",\"@id\":\"https:\/\/www.sources-hotels.com\/bordeaux\/#\/schema\/logo\/image\/\",\"url\":\"https:\/\/www.sources-hotels.com\/bordeaux\/wp-content\/uploads\/sites\/3\/2025\/03\/logo-caudalie.png\",\"contentUrl\":\"https:\/\/www.sources-hotels.com\/bordeaux\/wp-content\/uploads\/sites\/3\/2025\/03\/logo-caudalie.png\",\"width\":696,\"height\":308,\"caption\":\"Les Sources de Caudalie\"},\"image\":{\"@id\":\"https:\/\/www.sources-hotels.com\/bordeaux\/#\/schema\/logo\/image\/\"}}]}<\/script>\n<!-- \/ Yoast SEO plugin. -->","yoast_head_json":{"title":"La Chartreuse du Ch\u00e2teau Le Thil | Les Sources de Caudalie","description":"D\u00e9couvrez l'\u00e9l\u00e9gance intemporelle de la Chartreuse du Ch\u00e2teau Le Thil, un lieu d'exception alliant luxe et s\u00e9r\u00e9nit\u00e9 aux Sources de Caudalie \u00e0 Bordeaux.","robots":{"index":"index","follow":"follow","max-snippet":"max-snippet:-1","max-image-preview":"max-image-preview:large","max-video-preview":"max-video-preview:-1"},"canonical":"https:\/\/www.sources-hotels.com\/bordeaux\/chambres-suites\/chartreuse-du-chateau-le-thil\/","og_locale":"fr_FR","og_type":"article","og_title":"La Chartreuse du Ch\u00e2teau Le Thil | Les Sources de Caudalie","og_description":"D\u00e9couvrez l'\u00e9l\u00e9gance intemporelle de la Chartreuse du Ch\u00e2teau Le Thil, un lieu d'exception alliant luxe et s\u00e9r\u00e9nit\u00e9 aux Sources de Caudalie \u00e0 Bordeaux.","og_url":"https:\/\/www.sources-hotels.com\/bordeaux\/chambres-suites\/chartreuse-du-chateau-le-thil\/","og_site_name":"Les Sources de Caudalie","article_modified_time":"2026-03-10T13:47:17+00:00","twitter_card":"summary_large_image","schema":{"@context":"https:\/\/schema.org","@graph":[{"@type":"WebPage","@id":"https:\/\/www.sources-hotels.com\/bordeaux\/chambres-suites\/chartreuse-du-chateau-le-thil\/","url":"https:\/\/www.sources-hotels.com\/bordeaux\/chambres-suites\/chartreuse-du-chateau-le-thil\/","name":"La Chartreuse du Ch\u00e2teau Le Thil | Les Sources de Caudalie","isPartOf":{"@id":"https:\/\/www.sources-hotels.com\/bordeaux\/#website"},"datePublished":"2024-12-30T10:37:58+00:00","dateModified":"2026-03-10T13:47:17+00:00","description":"D\u00e9couvrez l'\u00e9l\u00e9gance intemporelle de la Chartreuse du Ch\u00e2teau Le Thil, un lieu d'exception alliant luxe et s\u00e9r\u00e9nit\u00e9 aux Sources de Caudalie \u00e0 Bordeaux.","breadcrumb":{"@id":"https:\/\/www.sources-hotels.com\/bordeaux\/chambres-suites\/chartreuse-du-chateau-le-thil\/#breadcrumb"},"inLanguage":"fr-FR","potentialAction":[{"@type":"ReadAction","target":["https:\/\/www.sources-hotels.com\/bordeaux\/chambres-suites\/chartreuse-du-chateau-le-thil\/"]}]},{"@type":"BreadcrumbList","@id":"https:\/\/www.sources-hotels.com\/bordeaux\/chambres-suites\/chartreuse-du-chateau-le-thil\/#breadcrumb","itemListElement":[{"@type":"ListItem","position":1,"name":"Accueil","item":"https:\/\/www.sources-hotels.com\/bordeaux\/"},{"@type":"ListItem","position":2,"name":"Chambres &amp; suites","item":"https:\/\/www.sources-hotels.com\/bordeaux\/chambres-suites\/"},{"@type":"ListItem","position":3,"name":"Chartreuse du Ch\u00e2teau le Thil"}]},{"@type":"WebSite","@id":"https:\/\/www.sources-hotels.com\/bordeaux\/#website","url":"https:\/\/www.sources-hotels.com\/bordeaux\/","name":"Les Sources de Caudalie","description":"","publisher":{"@id":"https:\/\/www.sources-hotels.com\/bordeaux\/#organization"},"potentialAction":[{"@type":"SearchAction","target":{"@type":"EntryPoint","urlTemplate":"https:\/\/www.sources-hotels.com\/bordeaux\/?s={search_term_string}"},"query-input":{"@type":"PropertyValueSpecification","valueRequired":true,"valueName":"search_term_string"}}],"inLanguage":"fr-FR"},{"@type":"Organization","@id":"https:\/\/www.sources-hotels.com\/bordeaux\/#organization","name":"Les Sources de Caudalie","url":"https:\/\/www.sources-hotels.com\/bordeaux\/","logo":{"@type":"ImageObject","inLanguage":"fr-FR","@id":"https:\/\/www.sources-hotels.com\/bordeaux\/#\/schema\/logo\/image\/","url":"https:\/\/www.sources-hotels.com\/bordeaux\/wp-content\/uploads\/sites\/3\/2025\/03\/logo-caudalie.png","contentUrl":"https:\/\/www.sources-hotels.com\/bordeaux\/wp-content\/uploads\/sites\/3\/2025\/03\/logo-caudalie.png","width":696,"height":308,"caption":"Les Sources de Caudalie"},"image":{"@id":"https:\/\/www.sources-hotels.com\/bordeaux\/#\/schema\/logo\/image\/"}}]}},"_links":{"self":[{"href":"https:\/\/www.sources-hotels.com\/bordeaux\/wp-json\/wp\/v2\/pages\/161","targetHints":{"allow":["GET"]}}],"collection":[{"href":"https:\/\/www.sources-hotels.com\/bordeaux\/wp-json\/wp\/v2\/pages"}],"about":[{"href":"https:\/\/www.sources-hotels.com\/bordeaux\/wp-json\/wp\/v2\/types\/page"}],"author":[{"embeddable":true,"href":"https:\/\/www.sources-hotels.com\/bordeaux\/wp-json\/wp\/v2\/users\/1"}],"replies":[{"embeddable":true,"href":"https:\/\/www.sources-hotels.com\/bordeaux\/wp-json\/wp\/v2\/comments?post=161"}],"version-history":[{"count":24,"href":"https:\/\/www.sources-hotels.com\/bordeaux\/wp-json\/wp\/v2\/pages\/161\/revisions"}],"predecessor-version":[{"id":6321,"href":"https:\/\/www.sources-hotels.com\/bordeaux\/wp-json\/wp\/v2\/pages\/161\/revisions\/6321"}],"up":[{"embeddable":true,"href":"https:\/\/www.sources-hotels.com\/bordeaux\/wp-json\/wp\/v2\/pages\/114"}],"wp:attachment":[{"href":"https:\/\/www.sources-hotels.com\/bordeaux\/wp-json\/wp\/v2\/media?parent=161"}],"wp:term":[{"taxonomy":"hotels","embeddable":true,"href":"https:\/\/www.sources-hotels.com\/bordeaux\/wp-json\/wp\/v2\/hotels?post=161"},{"taxonomy":"doc_cat","embeddable":true,"href":"https:\/\/www.sources-hotels.com\/bordeaux\/wp-json\/wp\/v2\/doc_cat?post=161"}],"curies":[{"name":"wp","href":"https:\/\/api.w.org\/{rel}","templated":true}]}}