{"id":311,"date":"2024-12-30T17:54:20","date_gmt":"2024-12-30T16:54:20","guid":{"rendered":"https:\/\/www.sources-hotels.com\/bordeaux\/?page_id=311"},"modified":"2026-03-24T17:44:08","modified_gmt":"2026-03-24T16:44:08","slug":"activites","status":"publish","type":"page","link":"https:\/\/www.sources-hotels.com\/bordeaux\/activites\/","title":{"rendered":"Activit\u00e9s"},"content":{"rendered":"\n<section class=\"custom-block block--header aspect-[375\/700] text-center text-white overflow-hidden pt-[100rem] relative tablet:aspect-auto tablet:h-[700rem] tablet:pt-[420rem]\">\n\n    <h1>\n                            ACTIVIT\u00c9S            <\/h1>\n\n    \n    <span class=\"scroll-down hidden text-[12rem] tracking-[2rem] uppercase font-title cursor-pointer opacity-[64%] pb-[66rem] absolute left-2\/4 bottom-0 translate-x-[-50%] after:w-[1px] after:h-[50rem] after:bg-white after:opacity-[40%] after:absolute after:bottom-0 after:left-[50%] tablet:block\">\n        Voir la suite    <\/span>\n\n    <figure class=\"min-w-full min-h-full aspect-video overflow-hidden absolute top-2\/4 left-2\/4 translate-x-[-50%] translate-y-[-50%] z-[-1] before:bg-black before:opacity-[35%] before:mix-blend-multiply before:absolute before:top-0 before:left-0 before:right-0 before:bottom-0 before:z-[2]\">\n                    <img loading=\"lazy\" decoding=\"async\" width=\"2880\" height=\"1800\" src=\"https:\/\/www.sources-hotels.com\/bordeaux\/wp-content\/uploads\/sites\/3\/2024\/12\/Vignes-vue-terrasses_GdeLaubier_2014-3-2880x1800.jpg\" class=\"h-full w-full object-cover object-center\" alt=\"D\u00e9couverte du vignoble Bordeaux\" \/>            <\/figure>\n\n        \n<\/section>\n\n    \n\n\n<section class=\"custom-block block--restaurant-details\">\n  <div class=\"row-details row-1\">\n              <div class=\"mail icon-text\">Informations : <a href=\"mailto:experience@sources-caudalie.com\">experience@sources-caudalie.com<\/a><\/div>\n    \n          <div class=\"phone icon-text\">T\u00e9l : <a href=\"tel:+33 (0)5 57 83 83 83\">+33 (0)5 57 83 83 83<\/a><\/div>\n      <\/div>\n      <div class=\"row-details row-2\">\n              <div class=\"link-details\">\n            <a href=\"https:\/\/www.sources-hotels.com\/bordeaux\/wp-content\/uploads\/sites\/3\/2025\/04\/Brochure-Activites-Les-Sources-de-Caudalie.pdf\"  target=\"_blank\" class=\"cta-resto-details\" >\n          <span class=\"picto\"><svg width=\"14\" height=\"13\" viewBox=\"0 0 14 13\" fill=\"none\"><use xlink:href=\"#download\"\/><\/svg><\/span>\n        Brochure activit\u00e9s  <\/a>\n        <\/div>\n          <\/div>\n  <\/section>\n\n\n<section class=\"custom-block block--text-small-visual-watermark style-image-right background-white\">\n\n            <h2 class=\"block-title\">Vivez des exp\u00e9riences sur-mesure<\/h2>\n    \n    <div class=\"block-content w-[255rem] flex flex-col gap-[20rem] mx-auto tablet:w-auto tablet:flex-row tablet:px-0 tablet:gap-[105rem] tablet:mx-0\">\n\n        <figure class=\"w-full h-[200rem] flex-initial relative z-[1] tablet:w-[630rem] tablet:h-[500rem]\">\n\n            <img loading=\"lazy\" decoding=\"async\" width=\"1260\" height=\"1000\" src=\"https:\/\/www.sources-hotels.com\/bordeaux\/wp-content\/uploads\/sites\/3\/2024\/12\/Velo04_2017_RValerio\u00a9-1260x1000.jpg\" class=\"w-full h-full object-cover object-center relative z-[2]\" alt=\"V\u00e9lo vignoble Bordeaux\" \/>\n            \n        <\/figure>\n\n        <div class=\"w-full flex flex-col flex-initial z-[2] tablet:w-[500rem]\">\n\n            \n            <div class=\"rte\"><p><span style=\"font-weight: 400\">D\u00e9couvrez tout ce que notre h\u00f4tel et la <\/span><span style=\"font-weight: 400\">r\u00e9gion de Bordeaux <\/span><span style=\"font-weight: 400\">ont de meilleur \u00e0 offrir.<\/span><\/p>\n<p><span style=\"font-weight: 400\">Nous vous proposons de composer votre s\u00e9jour id\u00e9al sur mesure : que vous soyez avide d\u2019activit\u00e9s culturelles, de bien-\u00eatre, de sport, ou encore de souvenirs gastronomiques.<\/span><\/p>\n<p><span style=\"font-weight: 400\">Vivez des exp\u00e9riences exclusives pour des instants m\u00e9morables. <\/span><span style=\"font-weight: 400\">Lors de votre s\u00e9jour \u00e0 l\u2019h\u00f4tel, vous pourrez profiter de diverses installations :<\/span><\/p>\n<ul>\n<li><span style=\"font-weight: 400\">Piscine int\u00e9rieure, piscine ext\u00e9rieure (en saison), bain \u00e0 remous, sauna<\/span><\/li>\n<li><span style=\"font-weight: 400\">Des \u00e9quipements sportifs : salle de sport, terrain de tennis, pr\u00eat de v\u00e9los, parcours de jogging<\/span><span style=\"font-weight: 500\"><br \/>\n<\/span><\/li>\n<\/ul>\n<\/div>\n\n            \n        <\/div>\n\n    <\/div>\n\n<\/section>\n\n\n<section class=\"custom-block block--info-vignettes !px-0\">\n\n            <h2 class=\"block-title\">Toutes nos activit\u00e9s aux Sources de Caudalie<\/h2>\n    \n    <div class=\"text-white grid gap-[14rem] tablet:grid-cols-2 tablet:gap-[20rem]\">\n        \n            \n            <div class=\"h-[240rem] flex flex-col text-center relative tablet:h-[460rem]\">\n\n                                    <h2 class=\"block-title w-full !text-white !pt-[30rem] !mb-0 relative z-[2] before:!hidden tablet:!pt-[60rem]\">\n                        Gastronomie &amp; vins                    <\/h2>\n                \n                \n                                    <div class=\"flex grow flex-col justify-center gap-[30rem] relative z-[2] tablet:gap-[55rem]\">\n\n                                                    <div class=\"rte\">\n                                <p><span style=\"font-weight: 400\">D\u00e9couvrez la gastronomie de Bordeaux <\/span><br \/>\n<span style=\"font-weight: 400\">avec notre chef \u00e9toil\u00e9 <\/span><span style=\"font-weight: 400\">lors de cours de cuisine exclusifs. <\/span><br \/>\nParticipez \u00e0 des cours de p\u00e2tisserie et d\u00e9gustation de vins.<\/p>\n                            <\/div>\n                        \n                                                    <ul class=\"flex flex-wrap gap-y-[25rem] px-[10rem] tablet:gap-y-[40rem]\">\n                                                                    <li class=\"basis-1\/2 grow\">\n                                                                                  <a href=\"https:\/\/www.sources-hotels.com\/bordeaux\/activites\/activites-gastronomie-vins\/\"  class=\"link link-white\" >\n        D\u00e9couvrir  <\/a>\n                                    <\/li>\n                                                            <\/ul>\n                        \n                    <\/div>\n                \n                <figure\n                    class=\"w-full h-full overflow-hidden absolute top-0 left-0 z-[1] before:bg-black before:opacity-[35%] before:mix-blend-multiply before:absolute before:top-0 before:left-0 before:right-0 before:bottom-0 before:z-[2]\">\n                    <img loading=\"lazy\" decoding=\"async\" width=\"1420\" height=\"920\" src=\"https:\/\/www.sources-hotels.com\/bordeaux\/wp-content\/uploads\/sites\/3\/2025\/01\/LesSourcesDeCaudalie_PlatsGV_@LucasGurdjian2024-6-1-1420x920.jpg\" class=\"h-full w-full object-cover object-center\" alt=\"Plat Nicolas Masse Bordeaux\" \/>                <\/figure>\n\n            <\/div>\n\n        \n            \n            <div class=\"h-[240rem] flex flex-col text-center relative tablet:h-[460rem]\">\n\n                                    <h2 class=\"block-title w-full !text-white !pt-[30rem] !mb-0 relative z-[2] before:!hidden tablet:!pt-[60rem]\">\n                        Oenotourisme                    <\/h2>\n                \n                \n                                    <div class=\"flex grow flex-col justify-center gap-[30rem] relative z-[2] tablet:gap-[55rem]\">\n\n                                                    <div class=\"rte\">\n                                <p><span style=\"font-weight: 400\">Explorez le vignoble de Bordeaux avec notamment une visite <\/span><br \/>\n<span style=\"font-weight: 400\">du Ch\u00e2teau Smith Haut Lafitte et d\u00e9couvrez les secrets <\/span><br \/>\n<span style=\"font-weight: 400\">des vins d&rsquo;exception.<\/span><\/p>\n                            <\/div>\n                        \n                                                    <ul class=\"flex flex-wrap gap-y-[25rem] px-[10rem] tablet:gap-y-[40rem]\">\n                                                                    <li class=\"basis-1\/2 grow\">\n                                                                                  <a href=\"https:\/\/www.sources-hotels.com\/bordeaux\/activites\/activites-visite-des-vignobles\/\"  class=\"link link-white\" >\n        D\u00e9couvrir  <\/a>\n                                    <\/li>\n                                                            <\/ul>\n                        \n                    <\/div>\n                \n                <figure\n                    class=\"w-full h-full overflow-hidden absolute top-0 left-0 z-[1] before:bg-black before:opacity-[35%] before:mix-blend-multiply before:absolute before:top-0 before:left-0 before:right-0 before:bottom-0 before:z-[2]\">\n                    <img loading=\"lazy\" decoding=\"async\" width=\"1420\" height=\"920\" src=\"https:\/\/www.sources-hotels.com\/bordeaux\/wp-content\/uploads\/sites\/3\/2024\/12\/Vignes-chemin-vue-terrasses_GdeLaubier_2\u00b014-1420x920.jpg\" class=\"h-full w-full object-cover object-center\" alt=\"\" \/>                <\/figure>\n\n            <\/div>\n\n        \n            \n            <div class=\"h-[240rem] flex flex-col text-center relative tablet:h-[460rem]\">\n\n                                    <h2 class=\"block-title w-full !text-white !pt-[30rem] !mb-0 relative z-[2] before:!hidden tablet:!pt-[60rem]\">\n                        Sport &amp; Bien-\u00eatre                     <\/h2>\n                \n                \n                                    <div class=\"flex grow flex-col justify-center gap-[30rem] relative z-[2] tablet:gap-[55rem]\">\n\n                                                    <div class=\"rte\">\n                                <p><span style=\"font-weight: 400\">Ressourcez-vous avec nos activit\u00e9s sportives, <\/span><br \/>\n<span style=\"font-weight: 400\">de yoga et <\/span><span style=\"font-weight: 400\">bien-\u00eatre <\/span><span style=\"font-weight: 400\">propos\u00e9es <\/span><span style=\"font-weight: 400\">par nos coachs, <\/span><br \/>\n<span style=\"font-weight: 400\">pour un s\u00e9jour revitalisant <\/span><span style=\"font-weight: 400\">au c\u0153ur de la nature.<\/span><\/p>\n                            <\/div>\n                        \n                                                    <ul class=\"flex flex-wrap gap-y-[25rem] px-[10rem] tablet:gap-y-[40rem]\">\n                                                                    <li class=\"basis-1\/2 grow\">\n                                                                                  <a href=\"https:\/\/www.sources-hotels.com\/bordeaux\/activites\/activites-sport-et-bien-etre\/\"  class=\"link link-white\" >\n        D\u00e9couvrir  <\/a>\n                                    <\/li>\n                                                            <\/ul>\n                        \n                    <\/div>\n                \n                <figure\n                    class=\"w-full h-full overflow-hidden absolute top-0 left-0 z-[1] before:bg-black before:opacity-[35%] before:mix-blend-multiply before:absolute before:top-0 before:left-0 before:right-0 before:bottom-0 before:z-[2]\">\n                    <img loading=\"lazy\" decoding=\"async\" width=\"1420\" height=\"920\" src=\"https:\/\/www.sources-hotels.com\/bordeaux\/wp-content\/uploads\/sites\/3\/2025\/03\/LesSourcesDeCaudalie_PiscineExt_\u00a9Itshenriette_Mai2023-4-e1736440678697-2880x1800-1-1420x920.jpg\" class=\"h-full w-full object-cover object-center\" alt=\"\" \/>                <\/figure>\n\n            <\/div>\n\n        \n            \n            <div class=\"h-[240rem] flex flex-col text-center relative tablet:h-[460rem]\">\n\n                                    <h2 class=\"block-title w-full !text-white !pt-[30rem] !mb-0 relative z-[2] before:!hidden tablet:!pt-[60rem]\">\n                        D\u00e9couverte de la r\u00e9gion                    <\/h2>\n                \n                \n                                    <div class=\"flex grow flex-col justify-center gap-[30rem] relative z-[2] tablet:gap-[55rem]\">\n\n                                                    <div class=\"rte\">\n                                <p><span style=\"font-weight: 400\">Partez en excursion du Bassin d\u2019Arcachon \u00e0 Saint-Emilion.<br \/>\n<\/span> <span style=\"font-weight: 400\">Notre r\u00e9gion est riche en d\u00e9couvertes et en loisirs.<\/span><\/p>\n                            <\/div>\n                        \n                                                    <ul class=\"flex flex-wrap gap-y-[25rem] px-[10rem] tablet:gap-y-[40rem]\">\n                                                                    <li class=\"basis-1\/2 grow\">\n                                                                                  <a href=\"https:\/\/www.sources-hotels.com\/bordeaux\/activites\/activites-decouvrir-la-region\/\"  class=\"link link-white\" >\n        D\u00e9couvrir  <\/a>\n                                    <\/li>\n                                                            <\/ul>\n                        \n                    <\/div>\n                \n                <figure\n                    class=\"w-full h-full overflow-hidden absolute top-0 left-0 z-[1] before:bg-black before:opacity-[35%] before:mix-blend-multiply before:absolute before:top-0 before:left-0 before:right-0 before:bottom-0 before:z-[2]\">\n                    <img loading=\"lazy\" decoding=\"async\" width=\"1420\" height=\"920\" src=\"https:\/\/www.sources-hotels.com\/bordeaux\/wp-content\/uploads\/sites\/3\/2024\/12\/Excursion_Arcachon_CabaneTchanquees_2008_PhotoInternet-1-1420x920.jpg\" class=\"h-full w-full object-cover object-center\" alt=\"\" \/>                <\/figure>\n\n            <\/div>\n\n        \n            \n            <div class=\"h-[240rem] flex flex-col text-center relative tablet:h-[460rem]\">\n\n                                    <h2 class=\"block-title w-full !text-white !pt-[30rem] !mb-0 relative z-[2] before:!hidden tablet:!pt-[60rem]\">\n                        Art &amp; Nature                    <\/h2>\n                \n                \n                                    <div class=\"flex grow flex-col justify-center gap-[30rem] relative z-[2] tablet:gap-[55rem]\">\n\n                                                    <div class=\"rte\">\n                                <p>D\u00e9couvrez le parcours\u00a0d\u2019art contemporain sur le th\u00e8me des 5 sens<br \/>\net profitez d&rsquo;un bain de for\u00eat au c\u0153ur des bois<br \/>\ndu Ch\u00e2teau Smith Haut Lafitte.<\/p>\n                            <\/div>\n                        \n                                                    <ul class=\"flex flex-wrap gap-y-[25rem] px-[10rem] tablet:gap-y-[40rem]\">\n                                                                    <li class=\"basis-1\/2 grow\">\n                                                                                  <a href=\"https:\/\/www.sources-hotels.com\/bordeaux\/activites\/activites-art-et-nature\/\"  class=\"link link-white\" >\n        D\u00e9couvrir  <\/a>\n                                    <\/li>\n                                                            <\/ul>\n                        \n                    <\/div>\n                \n                <figure\n                    class=\"w-full h-full overflow-hidden absolute top-0 left-0 z-[1] before:bg-black before:opacity-[35%] before:mix-blend-multiply before:absolute before:top-0 before:left-0 before:right-0 before:bottom-0 before:z-[2]\">\n                    <img loading=\"lazy\" decoding=\"async\" width=\"1420\" height=\"920\" src=\"https:\/\/www.sources-hotels.com\/bordeaux\/wp-content\/uploads\/sites\/3\/2025\/07\/art_nature_sourcesdecaudalie_foret-1420x920.jpg\" class=\"h-full w-full object-cover object-center\" alt=\"La foret des 5 sens Les Sources de Caudlaie\" \/>                <\/figure>\n\n            <\/div>\n\n        \n            \n            <div class=\"h-[240rem] flex flex-col text-center relative tablet:h-[460rem]\">\n\n                                    <h2 class=\"block-title w-full !text-white !pt-[30rem] !mb-0 relative z-[2] before:!hidden tablet:!pt-[60rem]\">\n                        Visite de Bordeaux                    <\/h2>\n                \n                \n                                    <div class=\"flex grow flex-col justify-center gap-[30rem] relative z-[2] tablet:gap-[55rem]\">\n\n                                                    <div class=\"rte\">\n                                <p>Bordeaux vous ouvre ses portes pour une escapade riche en histoire,<br \/>\nen culture et en gastronomie.<\/p>\n                            <\/div>\n                        \n                                                    <ul class=\"flex flex-wrap gap-y-[25rem] px-[10rem] tablet:gap-y-[40rem]\">\n                                                                    <li class=\"basis-1\/2 grow\">\n                                                                                  <a href=\"https:\/\/www.sources-hotels.com\/bordeaux\/activites\/activites-visite-de-bordeaux\/\"  class=\"link link-white\" >\n        D\u00e9couvrir  <\/a>\n                                    <\/li>\n                                                            <\/ul>\n                        \n                    <\/div>\n                \n                <figure\n                    class=\"w-full h-full overflow-hidden absolute top-0 left-0 z-[1] before:bg-black before:opacity-[35%] before:mix-blend-multiply before:absolute before:top-0 before:left-0 before:right-0 before:bottom-0 before:z-[2]\">\n                    <img loading=\"lazy\" decoding=\"async\" width=\"1420\" height=\"920\" src=\"https:\/\/www.sources-hotels.com\/bordeaux\/wp-content\/uploads\/sites\/3\/2025\/01\/Excursion_BordeauxPlaceDeLaBourse_2013_PhotoInternet-1420x920.jpg\" class=\"h-full w-full object-cover object-center\" alt=\"Bordeaux place de la Bourse\" \/>                <\/figure>\n\n            <\/div>\n\n            <\/div>\n\n<\/section>\n","protected":false},"excerpt":{"rendered":"","protected":false},"author":1,"featured_media":0,"parent":0,"menu_order":0,"comment_status":"closed","ping_status":"closed","template":"","meta":{"_acf_changed":false,"footnotes":""},"hotels":[],"doc_cat":[],"class_list":["post-311","page","type-page","status-publish","hentry"],"acf":[],"yoast_head":"<!-- This site is optimized with the Yoast SEO plugin v27.4 - https:\/\/yoast.com\/product\/yoast-seo-wordpress\/ -->\n<title>Activit\u00e9s &amp; Exp\u00e9riences \u00e0 Bordeaux | Les Sources de Caudalie<\/title>\n<meta name=\"description\" content=\"D\u00e9couvrez les prestations uniques et services de l&#039;h\u00f4tel Les Sources de Caudalie, pour agr\u00e9menter votre s\u00e9jour dans un cadre luxueux et paisible.\" \/>\n<meta name=\"robots\" content=\"index, follow, max-snippet:-1, max-image-preview:large, max-video-preview:-1\" \/>\n<link rel=\"canonical\" href=\"https:\/\/www.sources-hotels.com\/bordeaux\/activites\/\" \/>\n<meta property=\"og:locale\" content=\"fr_FR\" \/>\n<meta property=\"og:type\" content=\"article\" \/>\n<meta property=\"og:title\" content=\"Activit\u00e9s &amp; Exp\u00e9riences \u00e0 Bordeaux | Les Sources de Caudalie\" \/>\n<meta property=\"og:description\" content=\"D\u00e9couvrez les prestations uniques et services de l&#039;h\u00f4tel Les Sources de Caudalie, pour agr\u00e9menter votre s\u00e9jour dans un cadre luxueux et paisible.\" \/>\n<meta property=\"og:url\" content=\"https:\/\/www.sources-hotels.com\/bordeaux\/activites\/\" \/>\n<meta property=\"og:site_name\" content=\"Les Sources de Caudalie\" \/>\n<meta property=\"article:modified_time\" content=\"2026-03-24T16:44:08+00:00\" \/>\n<meta name=\"twitter:card\" content=\"summary_large_image\" \/>\n<script type=\"application\/ld+json\" class=\"yoast-schema-graph\">{\"@context\":\"https:\\\/\\\/schema.org\",\"@graph\":[{\"@type\":\"WebPage\",\"@id\":\"https:\\\/\\\/www.sources-hotels.com\\\/bordeaux\\\/activites\\\/\",\"url\":\"https:\\\/\\\/www.sources-hotels.com\\\/bordeaux\\\/activites\\\/\",\"name\":\"Activit\u00e9s & Exp\u00e9riences \u00e0 Bordeaux | Les Sources de Caudalie\",\"isPartOf\":{\"@id\":\"https:\\\/\\\/www.sources-hotels.com\\\/bordeaux\\\/#website\"},\"datePublished\":\"2024-12-30T16:54:20+00:00\",\"dateModified\":\"2026-03-24T16:44:08+00:00\",\"description\":\"D\u00e9couvrez les prestations uniques et services de l'h\u00f4tel Les Sources de Caudalie, pour agr\u00e9menter votre s\u00e9jour dans un cadre luxueux et paisible.\",\"breadcrumb\":{\"@id\":\"https:\\\/\\\/www.sources-hotels.com\\\/bordeaux\\\/activites\\\/#breadcrumb\"},\"inLanguage\":\"fr-FR\",\"potentialAction\":[{\"@type\":\"ReadAction\",\"target\":[\"https:\\\/\\\/www.sources-hotels.com\\\/bordeaux\\\/activites\\\/\"]}]},{\"@type\":\"BreadcrumbList\",\"@id\":\"https:\\\/\\\/www.sources-hotels.com\\\/bordeaux\\\/activites\\\/#breadcrumb\",\"itemListElement\":[{\"@type\":\"ListItem\",\"position\":1,\"name\":\"Accueil\",\"item\":\"https:\\\/\\\/www.sources-hotels.com\\\/bordeaux\\\/\"},{\"@type\":\"ListItem\",\"position\":2,\"name\":\"Activit\u00e9s\"}]},{\"@type\":\"WebSite\",\"@id\":\"https:\\\/\\\/www.sources-hotels.com\\\/bordeaux\\\/#website\",\"url\":\"https:\\\/\\\/www.sources-hotels.com\\\/bordeaux\\\/\",\"name\":\"Les Sources de Caudalie\",\"description\":\"\",\"publisher\":{\"@id\":\"https:\\\/\\\/www.sources-hotels.com\\\/bordeaux\\\/#organization\"},\"potentialAction\":[{\"@type\":\"SearchAction\",\"target\":{\"@type\":\"EntryPoint\",\"urlTemplate\":\"https:\\\/\\\/www.sources-hotels.com\\\/bordeaux\\\/?s={search_term_string}\"},\"query-input\":{\"@type\":\"PropertyValueSpecification\",\"valueRequired\":true,\"valueName\":\"search_term_string\"}}],\"inLanguage\":\"fr-FR\"},{\"@type\":\"Organization\",\"@id\":\"https:\\\/\\\/www.sources-hotels.com\\\/bordeaux\\\/#organization\",\"name\":\"Les Sources de Caudalie\",\"url\":\"https:\\\/\\\/www.sources-hotels.com\\\/bordeaux\\\/\",\"logo\":{\"@type\":\"ImageObject\",\"inLanguage\":\"fr-FR\",\"@id\":\"https:\\\/\\\/www.sources-hotels.com\\\/bordeaux\\\/#\\\/schema\\\/logo\\\/image\\\/\",\"url\":\"https:\\\/\\\/www.sources-hotels.com\\\/bordeaux\\\/wp-content\\\/uploads\\\/sites\\\/3\\\/2025\\\/03\\\/logo-caudalie.png\",\"contentUrl\":\"https:\\\/\\\/www.sources-hotels.com\\\/bordeaux\\\/wp-content\\\/uploads\\\/sites\\\/3\\\/2025\\\/03\\\/logo-caudalie.png\",\"width\":696,\"height\":308,\"caption\":\"Les Sources de Caudalie\"},\"image\":{\"@id\":\"https:\\\/\\\/www.sources-hotels.com\\\/bordeaux\\\/#\\\/schema\\\/logo\\\/image\\\/\"}}]}<\/script>\n<!-- \/ Yoast SEO plugin. -->","yoast_head_json":{"title":"Activit\u00e9s & Exp\u00e9riences \u00e0 Bordeaux | Les Sources de Caudalie","description":"D\u00e9couvrez les prestations uniques et services de l'h\u00f4tel Les Sources de Caudalie, pour agr\u00e9menter votre s\u00e9jour dans un cadre luxueux et paisible.","robots":{"index":"index","follow":"follow","max-snippet":"max-snippet:-1","max-image-preview":"max-image-preview:large","max-video-preview":"max-video-preview:-1"},"canonical":"https:\/\/www.sources-hotels.com\/bordeaux\/activites\/","og_locale":"fr_FR","og_type":"article","og_title":"Activit\u00e9s & Exp\u00e9riences \u00e0 Bordeaux | Les Sources de Caudalie","og_description":"D\u00e9couvrez les prestations uniques et services de l'h\u00f4tel Les Sources de Caudalie, pour agr\u00e9menter votre s\u00e9jour dans un cadre luxueux et paisible.","og_url":"https:\/\/www.sources-hotels.com\/bordeaux\/activites\/","og_site_name":"Les Sources de Caudalie","article_modified_time":"2026-03-24T16:44:08+00:00","twitter_card":"summary_large_image","schema":{"@context":"https:\/\/schema.org","@graph":[{"@type":"WebPage","@id":"https:\/\/www.sources-hotels.com\/bordeaux\/activites\/","url":"https:\/\/www.sources-hotels.com\/bordeaux\/activites\/","name":"Activit\u00e9s & Exp\u00e9riences \u00e0 Bordeaux | Les Sources de Caudalie","isPartOf":{"@id":"https:\/\/www.sources-hotels.com\/bordeaux\/#website"},"datePublished":"2024-12-30T16:54:20+00:00","dateModified":"2026-03-24T16:44:08+00:00","description":"D\u00e9couvrez les prestations uniques et services de l'h\u00f4tel Les Sources de Caudalie, pour agr\u00e9menter votre s\u00e9jour dans un cadre luxueux et paisible.","breadcrumb":{"@id":"https:\/\/www.sources-hotels.com\/bordeaux\/activites\/#breadcrumb"},"inLanguage":"fr-FR","potentialAction":[{"@type":"ReadAction","target":["https:\/\/www.sources-hotels.com\/bordeaux\/activites\/"]}]},{"@type":"BreadcrumbList","@id":"https:\/\/www.sources-hotels.com\/bordeaux\/activites\/#breadcrumb","itemListElement":[{"@type":"ListItem","position":1,"name":"Accueil","item":"https:\/\/www.sources-hotels.com\/bordeaux\/"},{"@type":"ListItem","position":2,"name":"Activit\u00e9s"}]},{"@type":"WebSite","@id":"https:\/\/www.sources-hotels.com\/bordeaux\/#website","url":"https:\/\/www.sources-hotels.com\/bordeaux\/","name":"Les Sources de Caudalie","description":"","publisher":{"@id":"https:\/\/www.sources-hotels.com\/bordeaux\/#organization"},"potentialAction":[{"@type":"SearchAction","target":{"@type":"EntryPoint","urlTemplate":"https:\/\/www.sources-hotels.com\/bordeaux\/?s={search_term_string}"},"query-input":{"@type":"PropertyValueSpecification","valueRequired":true,"valueName":"search_term_string"}}],"inLanguage":"fr-FR"},{"@type":"Organization","@id":"https:\/\/www.sources-hotels.com\/bordeaux\/#organization","name":"Les Sources de Caudalie","url":"https:\/\/www.sources-hotels.com\/bordeaux\/","logo":{"@type":"ImageObject","inLanguage":"fr-FR","@id":"https:\/\/www.sources-hotels.com\/bordeaux\/#\/schema\/logo\/image\/","url":"https:\/\/www.sources-hotels.com\/bordeaux\/wp-content\/uploads\/sites\/3\/2025\/03\/logo-caudalie.png","contentUrl":"https:\/\/www.sources-hotels.com\/bordeaux\/wp-content\/uploads\/sites\/3\/2025\/03\/logo-caudalie.png","width":696,"height":308,"caption":"Les Sources de Caudalie"},"image":{"@id":"https:\/\/www.sources-hotels.com\/bordeaux\/#\/schema\/logo\/image\/"}}]}},"_links":{"self":[{"href":"https:\/\/www.sources-hotels.com\/bordeaux\/wp-json\/wp\/v2\/pages\/311","targetHints":{"allow":["GET"]}}],"collection":[{"href":"https:\/\/www.sources-hotels.com\/bordeaux\/wp-json\/wp\/v2\/pages"}],"about":[{"href":"https:\/\/www.sources-hotels.com\/bordeaux\/wp-json\/wp\/v2\/types\/page"}],"author":[{"embeddable":true,"href":"https:\/\/www.sources-hotels.com\/bordeaux\/wp-json\/wp\/v2\/users\/1"}],"replies":[{"embeddable":true,"href":"https:\/\/www.sources-hotels.com\/bordeaux\/wp-json\/wp\/v2\/comments?post=311"}],"version-history":[{"count":42,"href":"https:\/\/www.sources-hotels.com\/bordeaux\/wp-json\/wp\/v2\/pages\/311\/revisions"}],"predecessor-version":[{"id":6425,"href":"https:\/\/www.sources-hotels.com\/bordeaux\/wp-json\/wp\/v2\/pages\/311\/revisions\/6425"}],"wp:attachment":[{"href":"https:\/\/www.sources-hotels.com\/bordeaux\/wp-json\/wp\/v2\/media?parent=311"}],"wp:term":[{"taxonomy":"hotels","embeddable":true,"href":"https:\/\/www.sources-hotels.com\/bordeaux\/wp-json\/wp\/v2\/hotels?post=311"},{"taxonomy":"doc_cat","embeddable":true,"href":"https:\/\/www.sources-hotels.com\/bordeaux\/wp-json\/wp\/v2\/doc_cat?post=311"}],"curies":[{"name":"wp","href":"https:\/\/api.w.org\/{rel}","templated":true}]}}