{"id":343,"date":"2024-12-31T13:42:18","date_gmt":"2024-12-31T12:42:18","guid":{"rendered":"https:\/\/www.sources-hotels.com\/bordeaux\/?page_id=343"},"modified":"2026-03-10T14:52:11","modified_gmt":"2026-03-10T13:52:11","slug":"idees-sejours","status":"publish","type":"page","link":"https:\/\/www.sources-hotels.com\/bordeaux\/idees-sejours\/","title":{"rendered":"Id\u00e9es s\u00e9jours"},"content":{"rendered":"\n<section class=\"custom-block block--header h-[206rem] text-center text-white overflow-hidden pt-[100rem] relative tablet:h-[700rem] tablet:pt-[420rem]\">\n\n    <h1>\n                            id\u00e9es-s\u00e9jours            <\/h1>\n\n    \n    <span class=\"scroll-down hidden text-[12rem] tracking-[2rem] uppercase font-title cursor-pointer opacity-[64%] pb-[66rem] absolute left-2\/4 bottom-0 translate-x-[-50%] after:w-[1px] after:h-[50rem] after:bg-white after:opacity-[40%] after:absolute after:bottom-0 after:left-[50%] tablet:block\">\n        Voir la suite    <\/span>\n\n    <figure class=\"min-w-full min-h-full aspect-video overflow-hidden absolute top-2\/4 left-2\/4 translate-x-[-50%] translate-y-[-50%] z-[-1] before:bg-black before:opacity-[35%] before:mix-blend-multiply before:absolute before:top-0 before:left-0 before:right-0 before:bottom-0 before:z-[2]\">\n                    <img loading=\"lazy\" decoding=\"async\" width=\"2880\" height=\"1800\" src=\"https:\/\/www.sources-hotels.com\/bordeaux\/wp-content\/uploads\/sites\/3\/2025\/01\/Porteurs-et-maison-du-lievre_GdeLaubier_2014-3-2880x1800.jpg\" class=\"h-full w-full object-cover object-center\" alt=\"\" \/>            <\/figure>\n    \n<\/section>\n\n    \n\n<section class=\"custom-block block--stay-idea-list\" data-blog-id=\"3\">\n\n    <h2 class=\"block-title\">\n        Plongez dans l\u2019art de vivre authentique des Sources de Caudalie    <\/h2>\n\n    <div class=\"text-intro\">\n        <p>Chaque s\u00e9jour y est une promesse d\u2019\u00e9vasion et de moments pr\u00e9cieux \u00e0 partager. Que vous r\u00eaviez d\u2019un week-end amoureux \u00e0 Bordeaux, d\u2019une escapade en famille, d\u2019une parenth\u00e8se bien-\u00eatre au Spa Vinoth\u00e9rapie\u00ae ou d\u2019une exp\u00e9rience gastronomique \u00e9toil\u00e9e, nos id\u00e9es s\u00e9jours sont con\u00e7ues pour transformer chaque instant en un souvenir inoubliable. Laissez-vous s\u00e9duire par le charme intemporel de notre maison et<br \/>\nvivez une exp\u00e9rience unique au milieu des vignes.<\/p>\n<p>Quelle exp\u00e9rience vous ressemble ?<\/p>\n    <\/div>\n\n    \n    <div class=\"header-list\">\n\n        <div class=\"filters-wrapper\">\n            <ul class=\"filter-row stay-idea-cat custom-select\" data-breakpoint=\"<769\">\n\n  <li class=\"filter active\" data-slug=\"\"><span class=\"hidden tablet:inline\">Toutes nos <\/span><span>exp\u00e9riences<\/span><\/li>\n\n  \n    <li class=\"filter\" data-slug=\"bons-plans\"><a href=\"?cat_stay_idea=bons-plans\">Bons plans<\/a><\/li>\n\n  \n    <li class=\"filter\" data-slug=\"en-couple\"><a href=\"?cat_stay_idea=en-couple\">En couple<\/a><\/li>\n\n  \n    <li class=\"filter\" data-slug=\"en-famille\"><a href=\"?cat_stay_idea=en-famille\">En famille<\/a><\/li>\n\n  \n    <li class=\"filter\" data-slug=\"gastronomie-vin\"><a href=\"?cat_stay_idea=gastronomie-vin\">Gastronomie &amp; Vin<\/a><\/li>\n\n  \n    <li class=\"filter\" data-slug=\"spa\"><a href=\"?cat_stay_idea=spa\">Spa<\/a><\/li>\n\n  \n<\/ul>\n        <\/div>\n\n        \n\n\n    <\/div>\n\n    <div class=\"stay-ideas-list\">\n\n        \n            <article class=\"teaser teaser--article-type-1\" itemscope itemtype=\"https:\/\/schema.org\/Offer\">\n  <a href=\"https:\/\/www.sources-hotels.com\/bordeaux\/idees-sejour\/douceur-printaniere\/\" class=\"teaser__link\" itemprop=\"url\">\n    <div class=\"teaser__image\">\n      <img decoding=\"async\" src=\"https:\/\/www.sources-hotels.com\/bordeaux\/wp-content\/uploads\/sites\/3\/2026\/03\/exterieur24-2019@latelierdestyle-1024x660.jpg\" alt=\"Douceur Printani\u00e8re\" itemprop=\"image\">\n      <div class=\"teaser__category\"><\/div>\n    <\/div>\n    <div class=\"teaser__content\">\n      <div class=\"content_top\">\n                  <div class=\"teaser__hotel\" itemprop=\"provider\" itemscope itemtype=\"https:\/\/schema.org\/Hotel\"><span itemprop=\"name\">Bordeaux &#8211; Les Sources de Caudalie<\/span><\/div>\n                <h3 class=\"teaser__title\" itemprop=\"name\">Douceur Printani\u00e8re<\/h3>\n        <div class=\"teaser__excerpt\" itemprop=\"description\">Savourez \u00ab l\u2019art de vigne \u00bb : un surclassement en Junior Suite ainsi qu\u2019un petit-d\u00e9jeuner pour sublimer vos matin\u00e9es. <\/div>\n      <\/div>\n      <div class=\"content_bottom\">\n        <div class=\"link\"><span>En savoir plus<\/span><\/div>\n      <\/div>\n    <\/div>\n  <\/a>\n<\/article>\n        \n            <article class=\"teaser teaser--article-type-1\" itemscope itemtype=\"https:\/\/schema.org\/Offer\">\n  <a href=\"https:\/\/www.sources-hotels.com\/bordeaux\/idees-sejour\/early-bird\/\" class=\"teaser__link\" itemprop=\"url\">\n    <div class=\"teaser__image\">\n      <img decoding=\"async\" src=\"https:\/\/www.sources-hotels.com\/bordeaux\/wp-content\/uploads\/sites\/3\/2024\/12\/IAO-matin-brume_GdeLaubier_2014_1-1024x681.jpg\" alt=\"Early bird\" itemprop=\"image\">\n      <div class=\"teaser__category\"><\/div>\n    <\/div>\n    <div class=\"teaser__content\">\n      <div class=\"content_top\">\n                  <div class=\"teaser__hotel\" itemprop=\"provider\" itemscope itemtype=\"https:\/\/schema.org\/Hotel\"><span itemprop=\"name\">Bordeaux &#8211; Les Sources de Caudalie<\/span><\/div>\n                <h3 class=\"teaser__title\" itemprop=\"name\">Early bird<\/h3>\n        <div class=\"teaser__excerpt\" itemprop=\"description\">R\u00e9servez au moins 30 jours \u00e0 l\u2019avance et b\u00e9n\u00e9ficiez d\u2019une offre sp\u00e9ciale<\/div>\n      <\/div>\n      <div class=\"content_bottom\">\n        <div class=\"link\"><span>En savoir plus<\/span><\/div>\n      <\/div>\n    <\/div>\n  <\/a>\n<\/article>\n        \n            <article class=\"teaser teaser--article-type-1\" itemscope itemtype=\"https:\/\/schema.org\/Offer\">\n  <a href=\"https:\/\/www.sources-hotels.com\/bordeaux\/idees-sejour\/retour-aux-sources\/\" class=\"teaser__link\" itemprop=\"url\">\n    <div class=\"teaser__image\">\n      <img decoding=\"async\" src=\"https:\/\/www.sources-hotels.com\/bordeaux\/wp-content\/uploads\/sites\/3\/2025\/01\/2-819x1024.jpg\" alt=\"Retour aux Sources\" itemprop=\"image\">\n      <div class=\"teaser__category\"><\/div>\n    <\/div>\n    <div class=\"teaser__content\">\n      <div class=\"content_top\">\n                <h3 class=\"teaser__title\" itemprop=\"name\">Retour aux Sources<\/h3>\n        <div class=\"teaser__excerpt\" itemprop=\"description\">De Cheverny \u00e0 Bordeaux, partez \u00e0 la d\u00e9couverte de nos maisons de famille. S\u00e9jour de 4 nuits<\/div>\n      <\/div>\n      <div class=\"content_bottom\">\n        <div class=\"link\"><span>En savoir plus<\/span><\/div>\n      <\/div>\n    <\/div>\n  <\/a>\n<\/article>\n        \n            <article class=\"teaser teaser--article-type-1\" itemscope itemtype=\"https:\/\/schema.org\/Offer\">\n  <a href=\"https:\/\/www.sources-hotels.com\/bordeaux\/idees-sejour\/escapade-vivifiante\/\" class=\"teaser__link\" itemprop=\"url\">\n    <div class=\"teaser__image\">\n      <img decoding=\"async\" src=\"https:\/\/www.sources-hotels.com\/bordeaux\/wp-content\/uploads\/sites\/3\/2025\/01\/SpaExtensionPiscineAvecModele02_2016_TucaReines\u00a9-1024x683.jpg\" alt=\"Escapade vivifiante\" itemprop=\"image\">\n      <div class=\"teaser__category\"><\/div>\n    <\/div>\n    <div class=\"teaser__content\">\n      <div class=\"content_top\">\n                  <div class=\"teaser__hotel\" itemprop=\"provider\" itemscope itemtype=\"https:\/\/schema.org\/Hotel\"><span itemprop=\"name\">Bordeaux &#8211; Les Sources de Caudalie<\/span><\/div>\n                <h3 class=\"teaser__title\" itemprop=\"name\">Escapade vivifiante<\/h3>\n        <div class=\"teaser__excerpt\" itemprop=\"description\">Programme de remise en forme de 3 nuits. Cure au Spa, coach sportif<\/div>\n      <\/div>\n      <div class=\"content_bottom\">\n        <div class=\"link\"><span>En savoir plus<\/span><\/div>\n      <\/div>\n    <\/div>\n  <\/a>\n<\/article>\n        \n            <article class=\"teaser teaser--article-type-1\" itemscope itemtype=\"https:\/\/schema.org\/Offer\">\n  <a href=\"https:\/\/www.sources-hotels.com\/bordeaux\/idees-sejour\/experience-grand-cru\/\" class=\"teaser__link\" itemprop=\"url\">\n    <div class=\"teaser__image\">\n      <img decoding=\"async\" src=\"https:\/\/www.sources-hotels.com\/bordeaux\/wp-content\/uploads\/sites\/3\/2025\/01\/1-819x1024.jpg\" alt=\"Exp\u00e9rience Grand Cru\" itemprop=\"image\">\n      <div class=\"teaser__category\"><\/div>\n    <\/div>\n    <div class=\"teaser__content\">\n      <div class=\"content_top\">\n                  <div class=\"teaser__hotel\" itemprop=\"provider\" itemscope itemtype=\"https:\/\/schema.org\/Hotel\"><span itemprop=\"name\">Bordeaux &#8211; Les Sources de Caudalie<\/span><\/div>\n                <h3 class=\"teaser__title\" itemprop=\"name\">Exp\u00e9rience Grand Cru<\/h3>\n        <div class=\"teaser__excerpt\" itemprop=\"description\">3 jours et 3 nuits hors du temps, \u00e0 la d\u00e9couverte de ce pr\u00e9cieux nectar bordelais.<\/div>\n      <\/div>\n      <div class=\"content_bottom\">\n        <div class=\"link\"><span>En savoir plus<\/span><\/div>\n      <\/div>\n    <\/div>\n  <\/a>\n<\/article>\n        \n            <article class=\"teaser teaser--article-type-1\" itemscope itemtype=\"https:\/\/schema.org\/Offer\">\n  <a href=\"https:\/\/www.sources-hotels.com\/bordeaux\/idees-sejour\/echappee-gastronomique\/\" class=\"teaser__link\" itemprop=\"url\">\n    <div class=\"teaser__image\">\n      <img decoding=\"async\" src=\"https:\/\/www.sources-hotels.com\/bordeaux\/wp-content\/uploads\/sites\/3\/2025\/01\/LesSourcesDeCaudalie_PlatsGV_@LucasGurdjian2024-6-1024x763.jpg\" alt=\"\u00c9chapp\u00e9e gastronomique\" itemprop=\"image\">\n      <div class=\"teaser__category\"><\/div>\n    <\/div>\n    <div class=\"teaser__content\">\n      <div class=\"content_top\">\n                  <div class=\"teaser__hotel\" itemprop=\"provider\" itemscope itemtype=\"https:\/\/schema.org\/Hotel\"><span itemprop=\"name\">Bordeaux &#8211; Les Sources de Caudalie<\/span><\/div>\n                <h3 class=\"teaser__title\" itemprop=\"name\">\u00c9chapp\u00e9e gastronomique<\/h3>\n        <div class=\"teaser__excerpt\" itemprop=\"description\">Une exp\u00e9rience gastronomique au sein du restaurant 2 \u00e9toiles Michelin La Grand\u2019Vigne.<\/div>\n      <\/div>\n      <div class=\"content_bottom\">\n        <div class=\"link\"><span>En savoir plus<\/span><\/div>\n      <\/div>\n    <\/div>\n  <\/a>\n<\/article>\n        \n            <article class=\"teaser teaser--article-type-1\" itemscope itemtype=\"https:\/\/schema.org\/Offer\">\n  <a href=\"https:\/\/www.sources-hotels.com\/bordeaux\/idees-sejour\/last-minute-petit-dejeuner-offert\/\" class=\"teaser__link\" itemprop=\"url\">\n    <div class=\"teaser__image\">\n      <img decoding=\"async\" src=\"https:\/\/www.sources-hotels.com\/bordeaux\/wp-content\/uploads\/sites\/3\/2026\/03\/Potager-et-maison-et-lievre_GdeLaubier_2014-2-1024x686.jpg\" alt=\"Last minute \u2013 petit d\u00e9jeuner offert\" itemprop=\"image\">\n      <div class=\"teaser__category\"><\/div>\n    <\/div>\n    <div class=\"teaser__content\">\n      <div class=\"content_top\">\n                  <div class=\"teaser__hotel\" itemprop=\"provider\" itemscope itemtype=\"https:\/\/schema.org\/Hotel\"><span itemprop=\"name\">Bordeaux &#8211; Les Sources de Caudalie<\/span><\/div>\n                <h3 class=\"teaser__title\" itemprop=\"name\">Last minute \u2013 petit d\u00e9jeuner offert<\/h3>\n        <div class=\"teaser__excerpt\" itemprop=\"description\">Last minute : -10 % sur le tarif flexible et petit d\u00e9jeuner offert<\/div>\n      <\/div>\n      <div class=\"content_bottom\">\n        <div class=\"link\"><span>En savoir plus<\/span><\/div>\n      <\/div>\n    <\/div>\n  <\/a>\n<\/article>\n        \n            <article class=\"teaser teaser--article-type-1\" itemscope itemtype=\"https:\/\/schema.org\/Offer\">\n  <a href=\"https:\/\/www.sources-hotels.com\/bordeaux\/idees-sejour\/nuit-champetre\/\" class=\"teaser__link\" itemprop=\"url\">\n    <div class=\"teaser__image\">\n      <img decoding=\"async\" src=\"https:\/\/www.sources-hotels.com\/bordeaux\/wp-content\/uploads\/sites\/3\/2025\/01\/LaBastideDesGrandsCrus07_2016_TucaReines\u00a9-1024x682.jpg\" alt=\"Nuit Champ\u00eatre\" itemprop=\"image\">\n      <div class=\"teaser__category\"><\/div>\n    <\/div>\n    <div class=\"teaser__content\">\n      <div class=\"content_top\">\n                  <div class=\"teaser__hotel\" itemprop=\"provider\" itemscope itemtype=\"https:\/\/schema.org\/Hotel\"><span itemprop=\"name\">Bordeaux &#8211; Les Sources de Caudalie<\/span><\/div>\n                <h3 class=\"teaser__title\" itemprop=\"name\">Nuit Champ\u00eatre<\/h3>\n        <div class=\"teaser__excerpt\" itemprop=\"description\">Court s\u00e9jour \u00e0 tarif pr\u00e9f\u00e9rentiel. Nuit et d\u00eener dans notre auberge<\/div>\n      <\/div>\n      <div class=\"content_bottom\">\n        <div class=\"link\"><span>En savoir plus<\/span><\/div>\n      <\/div>\n    <\/div>\n  <\/a>\n<\/article>\n        \n            <article class=\"teaser teaser--article-type-1\" itemscope itemtype=\"https:\/\/schema.org\/Offer\">\n  <a href=\"https:\/\/www.sources-hotels.com\/bordeaux\/idees-sejour\/echappee-bucochic\/\" class=\"teaser__link\" itemprop=\"url\">\n    <div class=\"teaser__image\">\n      <img decoding=\"async\" src=\"https:\/\/www.sources-hotels.com\/bordeaux\/wp-content\/uploads\/sites\/3\/2024\/12\/Vignes-vue-terrasses_GdeLaubier_2014-2-2-1024x683.jpg\" alt=\"Echapp\u00e9e Buco&rsquo;Chic\" itemprop=\"image\">\n      <div class=\"teaser__category\"><\/div>\n    <\/div>\n    <div class=\"teaser__content\">\n      <div class=\"content_top\">\n                  <div class=\"teaser__hotel\" itemprop=\"provider\" itemscope itemtype=\"https:\/\/schema.org\/Hotel\"><span itemprop=\"name\">Bordeaux &#8211; Les Sources de Caudalie<\/span><\/div>\n                <h3 class=\"teaser__title\" itemprop=\"name\">Echapp\u00e9e Buco&rsquo;Chic<\/h3>\n        <div class=\"teaser__excerpt\" itemprop=\"description\">Gastronomie et bien-\u00eatre vous attendent pendant ce s\u00e9jour de 2 nuits au c\u0153ur des vignes..<\/div>\n      <\/div>\n      <div class=\"content_bottom\">\n        <div class=\"link\"><span>En savoir plus<\/span><\/div>\n      <\/div>\n    <\/div>\n  <\/a>\n<\/article>\n        \n            <article class=\"teaser teaser--article-type-1\" itemscope itemtype=\"https:\/\/schema.org\/Offer\">\n  <a href=\"https:\/\/www.sources-hotels.com\/bordeaux\/idees-sejour\/vie-de-chateau-en-amoureux\/\" class=\"teaser__link\" itemprop=\"url\">\n    <div class=\"teaser__image\">\n      <img decoding=\"async\" src=\"https:\/\/www.sources-hotels.com\/bordeaux\/wp-content\/uploads\/sites\/3\/2024\/12\/Boutique-levee-du-jour-\u00a9Jean-Barge-e1736441209564-1024x734.jpg\" alt=\"Vie de Ch\u00e2teau en amoureux\" itemprop=\"image\">\n      <div class=\"teaser__category\"><\/div>\n    <\/div>\n    <div class=\"teaser__content\">\n      <div class=\"content_top\">\n                  <div class=\"teaser__hotel\" itemprop=\"provider\" itemscope itemtype=\"https:\/\/schema.org\/Hotel\"><span itemprop=\"name\">Bordeaux &#8211; Les Sources de Caudalie<\/span><\/div>\n                <h3 class=\"teaser__title\" itemprop=\"name\">Vie de Ch\u00e2teau en amoureux<\/h3>\n        <div class=\"teaser__excerpt\" itemprop=\"description\">Vivez l\u2019exp\u00e9rience des Sources de Caudalie lors de ce s\u00e9jour en amoureux<\/div>\n      <\/div>\n      <div class=\"content_bottom\">\n        <div class=\"link\"><span>En savoir plus<\/span><\/div>\n      <\/div>\n    <\/div>\n  <\/a>\n<\/article>\n        \n            <article class=\"teaser teaser--article-type-1\" itemscope itemtype=\"https:\/\/schema.org\/Offer\">\n  <a href=\"https:\/\/www.sources-hotels.com\/bordeaux\/idees-sejour\/vie-de-chateau-en-famille\/\" class=\"teaser__link\" itemprop=\"url\">\n    <div class=\"teaser__image\">\n      <img decoding=\"async\" src=\"https:\/\/www.sources-hotels.com\/bordeaux\/wp-content\/uploads\/sites\/3\/2025\/01\/Vue-densemble-du-Chateau-Smith-Haut-Lafitte-original-1024x682.jpg\" alt=\"Vie de Ch\u00e2teau en famille\" itemprop=\"image\">\n      <div class=\"teaser__category\"><\/div>\n    <\/div>\n    <div class=\"teaser__content\">\n      <div class=\"content_top\">\n                  <div class=\"teaser__hotel\" itemprop=\"provider\" itemscope itemtype=\"https:\/\/schema.org\/Hotel\"><span itemprop=\"name\">Bordeaux &#8211; Les Sources de Caudalie<\/span><\/div>\n                <h3 class=\"teaser__title\" itemprop=\"name\">Vie de Ch\u00e2teau en famille<\/h3>\n        <div class=\"teaser__excerpt\" itemprop=\"description\">Partager des moments uniques et vivre des exp\u00e9riences in\u00e9dites en famille. <\/div>\n      <\/div>\n      <div class=\"content_bottom\">\n        <div class=\"link\"><span>En savoir plus<\/span><\/div>\n      <\/div>\n    <\/div>\n  <\/a>\n<\/article>\n        \n    <\/div>\n\n    <div class=\"stay-ideas-add-btn-wrapper\">\n\n        <a class=\"stay-ideas-add-btn\"  href=\"\" style=\"display: none;\" data-nb-pages=\"1\" data-page=\"2\">EN D\u00e9couvrir plus<\/a>\n\n    <\/div>\n\n<\/section>\n","protected":false},"excerpt":{"rendered":"","protected":false},"author":1,"featured_media":0,"parent":0,"menu_order":0,"comment_status":"closed","ping_status":"closed","template":"","meta":{"_acf_changed":false,"footnotes":""},"hotels":[],"doc_cat":[],"class_list":["post-343","page","type-page","status-publish","hentry"],"acf":[],"yoast_head":"<!-- This site is optimized with the Yoast SEO plugin v25.6 - https:\/\/yoast.com\/wordpress\/plugins\/seo\/ -->\n<title>Id\u00e9es s\u00e9jours \u00e0 Bordeaux | Les Sources de Caudalie<\/title>\n<meta name=\"description\" content=\"D\u00e9couvrez des s\u00e9jours uniques pr\u00e8s de Bordeaux : vie de ch\u00e2teau, nuit champ\u00eatre, escapades bucoliques ou offres Early Bird et Last Minute. R\u00e9servez maintenant !\" \/>\n<meta name=\"robots\" content=\"index, follow, max-snippet:-1, max-image-preview:large, max-video-preview:-1\" \/>\n<link rel=\"canonical\" href=\"https:\/\/www.sources-hotels.com\/bordeaux\/idees-sejours\/\" \/>\n<meta property=\"og:locale\" content=\"fr_FR\" \/>\n<meta property=\"og:type\" content=\"article\" \/>\n<meta property=\"og:title\" content=\"Id\u00e9es s\u00e9jours \u00e0 Bordeaux | Les Sources de Caudalie\" \/>\n<meta property=\"og:description\" content=\"D\u00e9couvrez des s\u00e9jours uniques pr\u00e8s de Bordeaux : vie de ch\u00e2teau, nuit champ\u00eatre, escapades bucoliques ou offres Early Bird et Last Minute. R\u00e9servez maintenant !\" \/>\n<meta property=\"og:url\" content=\"https:\/\/www.sources-hotels.com\/bordeaux\/idees-sejours\/\" \/>\n<meta property=\"og:site_name\" content=\"Les Sources de Caudalie\" \/>\n<meta property=\"article:modified_time\" content=\"2026-03-10T13:52:11+00:00\" \/>\n<meta name=\"twitter:card\" content=\"summary_large_image\" \/>\n<script type=\"application\/ld+json\" class=\"yoast-schema-graph\">{\"@context\":\"https:\/\/schema.org\",\"@graph\":[{\"@type\":\"WebPage\",\"@id\":\"https:\/\/www.sources-hotels.com\/bordeaux\/idees-sejours\/\",\"url\":\"https:\/\/www.sources-hotels.com\/bordeaux\/idees-sejours\/\",\"name\":\"Id\u00e9es s\u00e9jours \u00e0 Bordeaux | Les Sources de Caudalie\",\"isPartOf\":{\"@id\":\"https:\/\/www.sources-hotels.com\/bordeaux\/#website\"},\"datePublished\":\"2024-12-31T12:42:18+00:00\",\"dateModified\":\"2026-03-10T13:52:11+00:00\",\"description\":\"D\u00e9couvrez des s\u00e9jours uniques pr\u00e8s de Bordeaux : vie de ch\u00e2teau, nuit champ\u00eatre, escapades bucoliques ou offres Early Bird et Last Minute. R\u00e9servez maintenant !\",\"breadcrumb\":{\"@id\":\"https:\/\/www.sources-hotels.com\/bordeaux\/idees-sejours\/#breadcrumb\"},\"inLanguage\":\"fr-FR\",\"potentialAction\":[{\"@type\":\"ReadAction\",\"target\":[\"https:\/\/www.sources-hotels.com\/bordeaux\/idees-sejours\/\"]}]},{\"@type\":\"BreadcrumbList\",\"@id\":\"https:\/\/www.sources-hotels.com\/bordeaux\/idees-sejours\/#breadcrumb\",\"itemListElement\":[{\"@type\":\"ListItem\",\"position\":1,\"name\":\"Accueil\",\"item\":\"https:\/\/www.sources-hotels.com\/bordeaux\/\"},{\"@type\":\"ListItem\",\"position\":2,\"name\":\"Id\u00e9es s\u00e9jours\"}]},{\"@type\":\"WebSite\",\"@id\":\"https:\/\/www.sources-hotels.com\/bordeaux\/#website\",\"url\":\"https:\/\/www.sources-hotels.com\/bordeaux\/\",\"name\":\"Les Sources de Caudalie\",\"description\":\"\",\"publisher\":{\"@id\":\"https:\/\/www.sources-hotels.com\/bordeaux\/#organization\"},\"potentialAction\":[{\"@type\":\"SearchAction\",\"target\":{\"@type\":\"EntryPoint\",\"urlTemplate\":\"https:\/\/www.sources-hotels.com\/bordeaux\/?s={search_term_string}\"},\"query-input\":{\"@type\":\"PropertyValueSpecification\",\"valueRequired\":true,\"valueName\":\"search_term_string\"}}],\"inLanguage\":\"fr-FR\"},{\"@type\":\"Organization\",\"@id\":\"https:\/\/www.sources-hotels.com\/bordeaux\/#organization\",\"name\":\"Les Sources de Caudalie\",\"url\":\"https:\/\/www.sources-hotels.com\/bordeaux\/\",\"logo\":{\"@type\":\"ImageObject\",\"inLanguage\":\"fr-FR\",\"@id\":\"https:\/\/www.sources-hotels.com\/bordeaux\/#\/schema\/logo\/image\/\",\"url\":\"https:\/\/www.sources-hotels.com\/bordeaux\/wp-content\/uploads\/sites\/3\/2025\/03\/logo-caudalie.png\",\"contentUrl\":\"https:\/\/www.sources-hotels.com\/bordeaux\/wp-content\/uploads\/sites\/3\/2025\/03\/logo-caudalie.png\",\"width\":696,\"height\":308,\"caption\":\"Les Sources de Caudalie\"},\"image\":{\"@id\":\"https:\/\/www.sources-hotels.com\/bordeaux\/#\/schema\/logo\/image\/\"}}]}<\/script>\n<!-- \/ Yoast SEO plugin. -->","yoast_head_json":{"title":"Id\u00e9es s\u00e9jours \u00e0 Bordeaux | Les Sources de Caudalie","description":"D\u00e9couvrez des s\u00e9jours uniques pr\u00e8s de Bordeaux : vie de ch\u00e2teau, nuit champ\u00eatre, escapades bucoliques ou offres Early Bird et Last Minute. R\u00e9servez maintenant !","robots":{"index":"index","follow":"follow","max-snippet":"max-snippet:-1","max-image-preview":"max-image-preview:large","max-video-preview":"max-video-preview:-1"},"canonical":"https:\/\/www.sources-hotels.com\/bordeaux\/idees-sejours\/","og_locale":"fr_FR","og_type":"article","og_title":"Id\u00e9es s\u00e9jours \u00e0 Bordeaux | Les Sources de Caudalie","og_description":"D\u00e9couvrez des s\u00e9jours uniques pr\u00e8s de Bordeaux : vie de ch\u00e2teau, nuit champ\u00eatre, escapades bucoliques ou offres Early Bird et Last Minute. R\u00e9servez maintenant !","og_url":"https:\/\/www.sources-hotels.com\/bordeaux\/idees-sejours\/","og_site_name":"Les Sources de Caudalie","article_modified_time":"2026-03-10T13:52:11+00:00","twitter_card":"summary_large_image","schema":{"@context":"https:\/\/schema.org","@graph":[{"@type":"WebPage","@id":"https:\/\/www.sources-hotels.com\/bordeaux\/idees-sejours\/","url":"https:\/\/www.sources-hotels.com\/bordeaux\/idees-sejours\/","name":"Id\u00e9es s\u00e9jours \u00e0 Bordeaux | Les Sources de Caudalie","isPartOf":{"@id":"https:\/\/www.sources-hotels.com\/bordeaux\/#website"},"datePublished":"2024-12-31T12:42:18+00:00","dateModified":"2026-03-10T13:52:11+00:00","description":"D\u00e9couvrez des s\u00e9jours uniques pr\u00e8s de Bordeaux : vie de ch\u00e2teau, nuit champ\u00eatre, escapades bucoliques ou offres Early Bird et Last Minute. R\u00e9servez maintenant !","breadcrumb":{"@id":"https:\/\/www.sources-hotels.com\/bordeaux\/idees-sejours\/#breadcrumb"},"inLanguage":"fr-FR","potentialAction":[{"@type":"ReadAction","target":["https:\/\/www.sources-hotels.com\/bordeaux\/idees-sejours\/"]}]},{"@type":"BreadcrumbList","@id":"https:\/\/www.sources-hotels.com\/bordeaux\/idees-sejours\/#breadcrumb","itemListElement":[{"@type":"ListItem","position":1,"name":"Accueil","item":"https:\/\/www.sources-hotels.com\/bordeaux\/"},{"@type":"ListItem","position":2,"name":"Id\u00e9es s\u00e9jours"}]},{"@type":"WebSite","@id":"https:\/\/www.sources-hotels.com\/bordeaux\/#website","url":"https:\/\/www.sources-hotels.com\/bordeaux\/","name":"Les Sources de Caudalie","description":"","publisher":{"@id":"https:\/\/www.sources-hotels.com\/bordeaux\/#organization"},"potentialAction":[{"@type":"SearchAction","target":{"@type":"EntryPoint","urlTemplate":"https:\/\/www.sources-hotels.com\/bordeaux\/?s={search_term_string}"},"query-input":{"@type":"PropertyValueSpecification","valueRequired":true,"valueName":"search_term_string"}}],"inLanguage":"fr-FR"},{"@type":"Organization","@id":"https:\/\/www.sources-hotels.com\/bordeaux\/#organization","name":"Les Sources de Caudalie","url":"https:\/\/www.sources-hotels.com\/bordeaux\/","logo":{"@type":"ImageObject","inLanguage":"fr-FR","@id":"https:\/\/www.sources-hotels.com\/bordeaux\/#\/schema\/logo\/image\/","url":"https:\/\/www.sources-hotels.com\/bordeaux\/wp-content\/uploads\/sites\/3\/2025\/03\/logo-caudalie.png","contentUrl":"https:\/\/www.sources-hotels.com\/bordeaux\/wp-content\/uploads\/sites\/3\/2025\/03\/logo-caudalie.png","width":696,"height":308,"caption":"Les Sources de Caudalie"},"image":{"@id":"https:\/\/www.sources-hotels.com\/bordeaux\/#\/schema\/logo\/image\/"}}]}},"_links":{"self":[{"href":"https:\/\/www.sources-hotels.com\/bordeaux\/wp-json\/wp\/v2\/pages\/343","targetHints":{"allow":["GET"]}}],"collection":[{"href":"https:\/\/www.sources-hotels.com\/bordeaux\/wp-json\/wp\/v2\/pages"}],"about":[{"href":"https:\/\/www.sources-hotels.com\/bordeaux\/wp-json\/wp\/v2\/types\/page"}],"author":[{"embeddable":true,"href":"https:\/\/www.sources-hotels.com\/bordeaux\/wp-json\/wp\/v2\/users\/1"}],"replies":[{"embeddable":true,"href":"https:\/\/www.sources-hotels.com\/bordeaux\/wp-json\/wp\/v2\/comments?post=343"}],"version-history":[{"count":6,"href":"https:\/\/www.sources-hotels.com\/bordeaux\/wp-json\/wp\/v2\/pages\/343\/revisions"}],"predecessor-version":[{"id":6326,"href":"https:\/\/www.sources-hotels.com\/bordeaux\/wp-json\/wp\/v2\/pages\/343\/revisions\/6326"}],"wp:attachment":[{"href":"https:\/\/www.sources-hotels.com\/bordeaux\/wp-json\/wp\/v2\/media?parent=343"}],"wp:term":[{"taxonomy":"hotels","embeddable":true,"href":"https:\/\/www.sources-hotels.com\/bordeaux\/wp-json\/wp\/v2\/hotels?post=343"},{"taxonomy":"doc_cat","embeddable":true,"href":"https:\/\/www.sources-hotels.com\/bordeaux\/wp-json\/wp\/v2\/doc_cat?post=343"}],"curies":[{"name":"wp","href":"https:\/\/api.w.org\/{rel}","templated":true}]}}