{"id":351,"date":"2024-12-31T14:39:35","date_gmt":"2024-12-31T13:39:35","guid":{"rendered":"https:\/\/www.sources-hotels.com\/bordeaux\/?page_id=351"},"modified":"2026-03-10T14:53:31","modified_gmt":"2026-03-10T13:53:31","slug":"evenements","status":"publish","type":"page","link":"https:\/\/www.sources-hotels.com\/bordeaux\/evenements\/","title":{"rendered":"\u00c9V\u00c9NEMENTS"},"content":{"rendered":"\n<section class=\"custom-block block--header aspect-[375\/700] text-center text-white overflow-hidden pt-[100rem] relative tablet:aspect-auto tablet:h-[700rem] tablet:pt-[420rem]\">\n\n    <h1>\n                            \u00c9V\u00c9NEMENTS            <\/h1>\n\n    \n    <span class=\"scroll-down hidden text-[12rem] tracking-[2rem] uppercase font-title cursor-pointer opacity-[64%] pb-[66rem] absolute left-2\/4 bottom-0 translate-x-[-50%] after:w-[1px] after:h-[50rem] after:bg-white after:opacity-[40%] after:absolute after:bottom-0 after:left-[50%] tablet:block\">\n        Voir la suite    <\/span>\n\n    <figure class=\"min-w-full min-h-full aspect-video overflow-hidden absolute top-2\/4 left-2\/4 translate-x-[-50%] translate-y-[-50%] z-[-1] before:bg-black before:opacity-[35%] before:mix-blend-multiply before:absolute before:top-0 before:left-0 before:right-0 before:bottom-0 before:z-[2]\">\n                    <img loading=\"lazy\" decoding=\"async\" width=\"1083\" height=\"722\" src=\"https:\/\/www.sources-hotels.com\/bordeaux\/wp-content\/uploads\/sites\/3\/2025\/01\/SourcesDeCaudalie_LOrangerie_\u00a9MPMorel_2022-5.jpg\" class=\"h-full w-full object-cover object-center\" alt=\"salon s\u00e9minaire bordeaux\" srcset=\"https:\/\/www.sources-hotels.com\/bordeaux\/wp-content\/uploads\/sites\/3\/2025\/01\/SourcesDeCaudalie_LOrangerie_\u00a9MPMorel_2022-5.jpg 1083w, https:\/\/www.sources-hotels.com\/bordeaux\/wp-content\/uploads\/sites\/3\/2025\/01\/SourcesDeCaudalie_LOrangerie_\u00a9MPMorel_2022-5-300x200.jpg 300w, https:\/\/www.sources-hotels.com\/bordeaux\/wp-content\/uploads\/sites\/3\/2025\/01\/SourcesDeCaudalie_LOrangerie_\u00a9MPMorel_2022-5-1024x683.jpg 1024w, https:\/\/www.sources-hotels.com\/bordeaux\/wp-content\/uploads\/sites\/3\/2025\/01\/SourcesDeCaudalie_LOrangerie_\u00a9MPMorel_2022-5-768x512.jpg 768w\" sizes=\"auto, (max-width: 1083px) 100vw, 1083px\" \/>            <\/figure>\n\n        \n<\/section>\n\n    \n\n\n<section class=\"custom-block block--text-small-visual-watermark style-image-right background-theme-light\">\n\n            <h2 class=\"block-title\">S\u00e9minaires &amp; Incentives<\/h2>\n    \n    <div class=\"block-content w-[255rem] flex flex-col gap-[20rem] mx-auto tablet:w-auto tablet:flex-row tablet:px-0 tablet:gap-[105rem] tablet:mx-0\">\n\n        <figure class=\"w-full h-[200rem] flex-initial relative z-[1] tablet:w-[630rem] tablet:h-[500rem]\">\n\n            <img loading=\"lazy\" decoding=\"async\" width=\"1260\" height=\"903\" src=\"https:\/\/www.sources-hotels.com\/bordeaux\/wp-content\/uploads\/sites\/3\/2025\/01\/LesSourcesDeCaudalie_LesTonneliers_\u00a9Itshenriette2025-5-1260x903.jpg\" class=\"w-full h-full object-cover object-center relative z-[2]\" alt=\"\" \/>\n            \n        <\/figure>\n\n        <div class=\"w-full flex flex-col flex-initial z-[2] tablet:w-[500rem]\">\n\n                            <h3 class=\"text-[16rem] uppercase text-theme font-text mb-[25rem] tablet:text-[22rem]\">\n                    Proche de Bordeaux, au c\u0153ur du vignoble                <\/h3>\n            \n            <div class=\"rte\"><p><span style=\"font-weight: 400\">Les Sources de Caudalie \u00e0 20 minutes de Bordeaux, au c\u0153ur du vignoble des Crus Class\u00e9s de Graves, vous offrent un lieu privil\u00e9gi\u00e9 de travail et de d\u00e9tente.<\/span><\/p>\n<p><span style=\"font-weight: 400\">Les attentions d\u2019un Palace, la chaleur d\u2019une maison de famille.<\/span><\/p>\n<ul>\n<li><span style=\"font-weight: 400\">40 chambres et 22 suites.<\/span><\/li>\n<li><span style=\"font-weight: 400\">3 restaurants pour varier les plaisirs<\/span><\/li>\n<li><span style=\"font-weight: 400\">3 salles de r\u00e9unions.<\/span><\/li>\n<li><span style=\"font-weight: 400\">2 salons pour des moments de convivialit\u00e9.<\/span><\/li>\n<\/ul>\n<\/div>\n\n                                            <a href=\"https:\/\/www.sources-hotels.com\/bordeaux\/evenements\/seminaires\/\" target=\"\"\n                    class=\"button mt-[35rem] self-center tablet:self-start\" >\n                    D\u00e9couvrir                <\/a>\n            \n        <\/div>\n\n    <\/div>\n\n<\/section>\n\n\n<section class=\"custom-block block--text-small-visual-watermark style-image-left background-white\">\n\n            <h2 class=\"block-title\">Mariages<\/h2>\n    \n    <div class=\"block-content w-[255rem] flex flex-col gap-[20rem] mx-auto tablet:w-auto tablet:flex-row tablet:px-0 tablet:gap-[105rem] tablet:mx-0\">\n\n        <figure class=\"w-full h-[200rem] flex-initial relative z-[1] tablet:w-[630rem] tablet:h-[500rem]\">\n\n            <img loading=\"lazy\" decoding=\"async\" width=\"857\" height=\"635\" src=\"https:\/\/www.sources-hotels.com\/bordeaux\/wp-content\/uploads\/sites\/3\/2025\/01\/Vue-ext-reflet-moins-zoomee_GdeLaubier-e1737645323560.jpg\" class=\"w-full h-full object-cover object-center relative z-[2]\" alt=\"\" srcset=\"https:\/\/www.sources-hotels.com\/bordeaux\/wp-content\/uploads\/sites\/3\/2025\/01\/Vue-ext-reflet-moins-zoomee_GdeLaubier-e1737645323560.jpg 857w, https:\/\/www.sources-hotels.com\/bordeaux\/wp-content\/uploads\/sites\/3\/2025\/01\/Vue-ext-reflet-moins-zoomee_GdeLaubier-e1737645323560-300x222.jpg 300w, https:\/\/www.sources-hotels.com\/bordeaux\/wp-content\/uploads\/sites\/3\/2025\/01\/Vue-ext-reflet-moins-zoomee_GdeLaubier-e1737645323560-768x569.jpg 768w\" sizes=\"auto, (max-width: 857px) 100vw, 857px\" \/>\n            \n        <\/figure>\n\n        <div class=\"w-full flex flex-col flex-initial z-[2] tablet:w-[500rem]\">\n\n                            <h3 class=\"text-[16rem] uppercase text-theme font-text mb-[25rem] tablet:text-[22rem]\">\n                    Un cadre exceptionnel                <\/h3>\n            \n            <div class=\"rte\"><p><span style=\"font-weight: 400\">A 1,5 km des Sources de Caudalie, au coeur des bois et d\u2019un parc s\u00e9culaire, d\u00e9couvrez notre Chartreuse du Ch\u00e2teau Le Thil. Cette belle demeure typiquement bordelaise sera l\u2019endroit id\u00e9al pour organiser votre mariage.<\/span><\/p>\n<\/div>\n\n                                            <a href=\"https:\/\/www.sources-hotels.com\/bordeaux\/evenements\/mariages\/\" target=\"\"\n                    class=\"button mt-[35rem] self-center tablet:self-start\" >\n                    D\u00e9couvrir                <\/a>\n            \n        <\/div>\n\n    <\/div>\n\n<\/section>\n\n\n<section class=\"custom-block block--text-small-visual-watermark style-image-right background-theme-light\">\n\n            <h2 class=\"block-title\">Ev\u00e9nements priv\u00e9s et familiaux<\/h2>\n    \n    <div class=\"block-content w-[255rem] flex flex-col gap-[20rem] mx-auto tablet:w-auto tablet:flex-row tablet:px-0 tablet:gap-[105rem] tablet:mx-0\">\n\n        <figure class=\"w-full h-[200rem] flex-initial relative z-[1] tablet:w-[630rem] tablet:h-[500rem]\">\n\n            <img loading=\"lazy\" decoding=\"async\" width=\"1170\" height=\"1000\" src=\"https:\/\/www.sources-hotels.com\/bordeaux\/wp-content\/uploads\/sites\/3\/2025\/09\/@ugcbwines-1170x1000.jpeg\" class=\"w-full h-full object-cover object-center relative z-[2]\" alt=\"\" \/>\n            \n        <\/figure>\n\n        <div class=\"w-full flex flex-col flex-initial z-[2] tablet:w-[500rem]\">\n\n                            <h3 class=\"text-[16rem] uppercase text-theme font-text mb-[25rem] tablet:text-[22rem]\">\n                    Vos moments les plus pr\u00e9cieux dans un cadre d\u2019exception                <\/h3>\n            \n            <div class=\"rte\"><p>Aux Sources de Caudalie, les c\u00e9l\u00e9brations trouvent un nouvel \u00e9clat dans un environnement vibrant, intime et naturellement inspirant.<\/p>\n<p>Chaque banquet est imagin\u00e9 comme un instant sinc\u00e8re, soutenu par une organisation personnalis\u00e9e et un service attentionn\u00e9, guid\u00e9 par le souci du d\u00e9tail. Ici, les exp\u00e9riences se vivent ensemble, autrement, dans une atmosph\u00e8re conviviale, authentique, et d\u2019une \u00e9l\u00e9gance spontan\u00e9e.<\/p>\n<\/div>\n\n                                            <a href=\"https:\/\/sources-hotels.backyou.app\/fr\/c\/request\/les-sources-de-caudalie?1#__step_request_0\" target=\"\"\n                    class=\"button mt-[35rem] self-center tablet:self-start\" >\n                    Demander un devis                <\/a>\n            \n        <\/div>\n\n    <\/div>\n\n<\/section>","protected":false},"excerpt":{"rendered":"","protected":false},"author":1,"featured_media":0,"parent":0,"menu_order":0,"comment_status":"closed","ping_status":"closed","template":"","meta":{"_acf_changed":false,"footnotes":""},"hotels":[],"doc_cat":[],"class_list":["post-351","page","type-page","status-publish","hentry"],"acf":[],"yoast_head":"<!-- This site is optimized with the Yoast SEO plugin v27.4 - https:\/\/yoast.com\/product\/yoast-seo-wordpress\/ -->\n<title>Evenements &amp; s\u00e9minaires | Les Sources de Caudalie<\/title>\n<meta name=\"description\" content=\"Organisez vos \u00e9v\u00e9nements \u00e0 l&#039;h\u00f4tel des Sources de Caudalie pour cr\u00e9er un moment inoubliable ! Retrouvez nos offres pour s\u00e9minaire, mariage.\" \/>\n<meta name=\"robots\" content=\"index, follow, max-snippet:-1, max-image-preview:large, max-video-preview:-1\" \/>\n<link rel=\"canonical\" href=\"https:\/\/www.sources-hotels.com\/bordeaux\/evenements\/\" \/>\n<meta property=\"og:locale\" content=\"fr_FR\" \/>\n<meta property=\"og:type\" content=\"article\" \/>\n<meta property=\"og:title\" content=\"Evenements &amp; s\u00e9minaires | Les Sources de Caudalie\" \/>\n<meta property=\"og:description\" content=\"Organisez vos \u00e9v\u00e9nements \u00e0 l&#039;h\u00f4tel des Sources de Caudalie pour cr\u00e9er un moment inoubliable ! Retrouvez nos offres pour s\u00e9minaire, mariage.\" \/>\n<meta property=\"og:url\" content=\"https:\/\/www.sources-hotels.com\/bordeaux\/evenements\/\" \/>\n<meta property=\"og:site_name\" content=\"Les Sources de Caudalie\" \/>\n<meta property=\"article:modified_time\" content=\"2026-03-10T13:53:31+00:00\" \/>\n<meta name=\"twitter:card\" content=\"summary_large_image\" \/>\n<script type=\"application\/ld+json\" class=\"yoast-schema-graph\">{\"@context\":\"https:\\\/\\\/schema.org\",\"@graph\":[{\"@type\":\"WebPage\",\"@id\":\"https:\\\/\\\/www.sources-hotels.com\\\/bordeaux\\\/evenements\\\/\",\"url\":\"https:\\\/\\\/www.sources-hotels.com\\\/bordeaux\\\/evenements\\\/\",\"name\":\"Evenements & s\u00e9minaires | Les Sources de Caudalie\",\"isPartOf\":{\"@id\":\"https:\\\/\\\/www.sources-hotels.com\\\/bordeaux\\\/#website\"},\"datePublished\":\"2024-12-31T13:39:35+00:00\",\"dateModified\":\"2026-03-10T13:53:31+00:00\",\"description\":\"Organisez vos \u00e9v\u00e9nements \u00e0 l'h\u00f4tel des Sources de Caudalie pour cr\u00e9er un moment inoubliable ! Retrouvez nos offres pour s\u00e9minaire, mariage.\",\"breadcrumb\":{\"@id\":\"https:\\\/\\\/www.sources-hotels.com\\\/bordeaux\\\/evenements\\\/#breadcrumb\"},\"inLanguage\":\"fr-FR\",\"potentialAction\":[{\"@type\":\"ReadAction\",\"target\":[\"https:\\\/\\\/www.sources-hotels.com\\\/bordeaux\\\/evenements\\\/\"]}]},{\"@type\":\"BreadcrumbList\",\"@id\":\"https:\\\/\\\/www.sources-hotels.com\\\/bordeaux\\\/evenements\\\/#breadcrumb\",\"itemListElement\":[{\"@type\":\"ListItem\",\"position\":1,\"name\":\"Accueil\",\"item\":\"https:\\\/\\\/www.sources-hotels.com\\\/bordeaux\\\/\"},{\"@type\":\"ListItem\",\"position\":2,\"name\":\"\u00c9V\u00c9NEMENTS\"}]},{\"@type\":\"WebSite\",\"@id\":\"https:\\\/\\\/www.sources-hotels.com\\\/bordeaux\\\/#website\",\"url\":\"https:\\\/\\\/www.sources-hotels.com\\\/bordeaux\\\/\",\"name\":\"Les Sources de Caudalie\",\"description\":\"\",\"publisher\":{\"@id\":\"https:\\\/\\\/www.sources-hotels.com\\\/bordeaux\\\/#organization\"},\"potentialAction\":[{\"@type\":\"SearchAction\",\"target\":{\"@type\":\"EntryPoint\",\"urlTemplate\":\"https:\\\/\\\/www.sources-hotels.com\\\/bordeaux\\\/?s={search_term_string}\"},\"query-input\":{\"@type\":\"PropertyValueSpecification\",\"valueRequired\":true,\"valueName\":\"search_term_string\"}}],\"inLanguage\":\"fr-FR\"},{\"@type\":\"Organization\",\"@id\":\"https:\\\/\\\/www.sources-hotels.com\\\/bordeaux\\\/#organization\",\"name\":\"Les Sources de Caudalie\",\"url\":\"https:\\\/\\\/www.sources-hotels.com\\\/bordeaux\\\/\",\"logo\":{\"@type\":\"ImageObject\",\"inLanguage\":\"fr-FR\",\"@id\":\"https:\\\/\\\/www.sources-hotels.com\\\/bordeaux\\\/#\\\/schema\\\/logo\\\/image\\\/\",\"url\":\"https:\\\/\\\/www.sources-hotels.com\\\/bordeaux\\\/wp-content\\\/uploads\\\/sites\\\/3\\\/2025\\\/03\\\/logo-caudalie.png\",\"contentUrl\":\"https:\\\/\\\/www.sources-hotels.com\\\/bordeaux\\\/wp-content\\\/uploads\\\/sites\\\/3\\\/2025\\\/03\\\/logo-caudalie.png\",\"width\":696,\"height\":308,\"caption\":\"Les Sources de Caudalie\"},\"image\":{\"@id\":\"https:\\\/\\\/www.sources-hotels.com\\\/bordeaux\\\/#\\\/schema\\\/logo\\\/image\\\/\"}}]}<\/script>\n<!-- \/ Yoast SEO plugin. -->","yoast_head_json":{"title":"Evenements & s\u00e9minaires | Les Sources de Caudalie","description":"Organisez vos \u00e9v\u00e9nements \u00e0 l'h\u00f4tel des Sources de Caudalie pour cr\u00e9er un moment inoubliable ! Retrouvez nos offres pour s\u00e9minaire, mariage.","robots":{"index":"index","follow":"follow","max-snippet":"max-snippet:-1","max-image-preview":"max-image-preview:large","max-video-preview":"max-video-preview:-1"},"canonical":"https:\/\/www.sources-hotels.com\/bordeaux\/evenements\/","og_locale":"fr_FR","og_type":"article","og_title":"Evenements & s\u00e9minaires | Les Sources de Caudalie","og_description":"Organisez vos \u00e9v\u00e9nements \u00e0 l'h\u00f4tel des Sources de Caudalie pour cr\u00e9er un moment inoubliable ! Retrouvez nos offres pour s\u00e9minaire, mariage.","og_url":"https:\/\/www.sources-hotels.com\/bordeaux\/evenements\/","og_site_name":"Les Sources de Caudalie","article_modified_time":"2026-03-10T13:53:31+00:00","twitter_card":"summary_large_image","schema":{"@context":"https:\/\/schema.org","@graph":[{"@type":"WebPage","@id":"https:\/\/www.sources-hotels.com\/bordeaux\/evenements\/","url":"https:\/\/www.sources-hotels.com\/bordeaux\/evenements\/","name":"Evenements & s\u00e9minaires | Les Sources de Caudalie","isPartOf":{"@id":"https:\/\/www.sources-hotels.com\/bordeaux\/#website"},"datePublished":"2024-12-31T13:39:35+00:00","dateModified":"2026-03-10T13:53:31+00:00","description":"Organisez vos \u00e9v\u00e9nements \u00e0 l'h\u00f4tel des Sources de Caudalie pour cr\u00e9er un moment inoubliable ! Retrouvez nos offres pour s\u00e9minaire, mariage.","breadcrumb":{"@id":"https:\/\/www.sources-hotels.com\/bordeaux\/evenements\/#breadcrumb"},"inLanguage":"fr-FR","potentialAction":[{"@type":"ReadAction","target":["https:\/\/www.sources-hotels.com\/bordeaux\/evenements\/"]}]},{"@type":"BreadcrumbList","@id":"https:\/\/www.sources-hotels.com\/bordeaux\/evenements\/#breadcrumb","itemListElement":[{"@type":"ListItem","position":1,"name":"Accueil","item":"https:\/\/www.sources-hotels.com\/bordeaux\/"},{"@type":"ListItem","position":2,"name":"\u00c9V\u00c9NEMENTS"}]},{"@type":"WebSite","@id":"https:\/\/www.sources-hotels.com\/bordeaux\/#website","url":"https:\/\/www.sources-hotels.com\/bordeaux\/","name":"Les Sources de Caudalie","description":"","publisher":{"@id":"https:\/\/www.sources-hotels.com\/bordeaux\/#organization"},"potentialAction":[{"@type":"SearchAction","target":{"@type":"EntryPoint","urlTemplate":"https:\/\/www.sources-hotels.com\/bordeaux\/?s={search_term_string}"},"query-input":{"@type":"PropertyValueSpecification","valueRequired":true,"valueName":"search_term_string"}}],"inLanguage":"fr-FR"},{"@type":"Organization","@id":"https:\/\/www.sources-hotels.com\/bordeaux\/#organization","name":"Les Sources de Caudalie","url":"https:\/\/www.sources-hotels.com\/bordeaux\/","logo":{"@type":"ImageObject","inLanguage":"fr-FR","@id":"https:\/\/www.sources-hotels.com\/bordeaux\/#\/schema\/logo\/image\/","url":"https:\/\/www.sources-hotels.com\/bordeaux\/wp-content\/uploads\/sites\/3\/2025\/03\/logo-caudalie.png","contentUrl":"https:\/\/www.sources-hotels.com\/bordeaux\/wp-content\/uploads\/sites\/3\/2025\/03\/logo-caudalie.png","width":696,"height":308,"caption":"Les Sources de Caudalie"},"image":{"@id":"https:\/\/www.sources-hotels.com\/bordeaux\/#\/schema\/logo\/image\/"}}]}},"_links":{"self":[{"href":"https:\/\/www.sources-hotels.com\/bordeaux\/wp-json\/wp\/v2\/pages\/351","targetHints":{"allow":["GET"]}}],"collection":[{"href":"https:\/\/www.sources-hotels.com\/bordeaux\/wp-json\/wp\/v2\/pages"}],"about":[{"href":"https:\/\/www.sources-hotels.com\/bordeaux\/wp-json\/wp\/v2\/types\/page"}],"author":[{"embeddable":true,"href":"https:\/\/www.sources-hotels.com\/bordeaux\/wp-json\/wp\/v2\/users\/1"}],"replies":[{"embeddable":true,"href":"https:\/\/www.sources-hotels.com\/bordeaux\/wp-json\/wp\/v2\/comments?post=351"}],"version-history":[{"count":38,"href":"https:\/\/www.sources-hotels.com\/bordeaux\/wp-json\/wp\/v2\/pages\/351\/revisions"}],"predecessor-version":[{"id":6328,"href":"https:\/\/www.sources-hotels.com\/bordeaux\/wp-json\/wp\/v2\/pages\/351\/revisions\/6328"}],"wp:attachment":[{"href":"https:\/\/www.sources-hotels.com\/bordeaux\/wp-json\/wp\/v2\/media?parent=351"}],"wp:term":[{"taxonomy":"hotels","embeddable":true,"href":"https:\/\/www.sources-hotels.com\/bordeaux\/wp-json\/wp\/v2\/hotels?post=351"},{"taxonomy":"doc_cat","embeddable":true,"href":"https:\/\/www.sources-hotels.com\/bordeaux\/wp-json\/wp\/v2\/doc_cat?post=351"}],"curies":[{"name":"wp","href":"https:\/\/api.w.org\/{rel}","templated":true}]}}