{"id":381,"date":"2024-12-31T15:01:02","date_gmt":"2024-12-31T14:01:02","guid":{"rendered":"https:\/\/www.sources-hotels.com\/bordeaux\/?page_id=381"},"modified":"2025-03-17T14:50:50","modified_gmt":"2025-03-17T13:50:50","slug":"mariages","status":"publish","type":"page","link":"https:\/\/www.sources-hotels.com\/bordeaux\/evenements\/mariages\/","title":{"rendered":"mariages"},"content":{"rendered":"\n<section class=\"custom-block block--header aspect-[375\/700] text-center text-white overflow-hidden pt-[100rem] relative tablet:aspect-auto tablet:h-[700rem] tablet:pt-[420rem]\">\n\n    <h1>\n                    <span>\n                Nos             <\/span>\n                            MARIAGES            <\/h1>\n\n    \n    <span class=\"scroll-down hidden text-[12rem] tracking-[2rem] uppercase font-title cursor-pointer opacity-[64%] pb-[66rem] absolute left-2\/4 bottom-0 translate-x-[-50%] after:w-[1px] after:h-[50rem] after:bg-white after:opacity-[40%] after:absolute after:bottom-0 after:left-[50%] tablet:block\">\n        Voir la suite    <\/span>\n\n    <figure class=\"min-w-full min-h-full aspect-video overflow-hidden absolute top-2\/4 left-2\/4 translate-x-[-50%] translate-y-[-50%] z-[-1] before:bg-black before:opacity-[35%] before:mix-blend-multiply before:absolute before:top-0 before:left-0 before:right-0 before:bottom-0 before:z-[2]\">\n                    <img loading=\"lazy\" decoding=\"async\" width=\"2000\" height=\"1125\" src=\"https:\/\/www.sources-hotels.com\/bordeaux\/wp-content\/uploads\/sites\/3\/2025\/01\/DJI_0045-2000-x-1125.jpg\" class=\"h-full w-full object-cover object-center\" alt=\"\" srcset=\"https:\/\/www.sources-hotels.com\/bordeaux\/wp-content\/uploads\/sites\/3\/2025\/01\/DJI_0045-2000-x-1125.jpg 2000w, https:\/\/www.sources-hotels.com\/bordeaux\/wp-content\/uploads\/sites\/3\/2025\/01\/DJI_0045-2000-x-1125-300x169.jpg 300w, https:\/\/www.sources-hotels.com\/bordeaux\/wp-content\/uploads\/sites\/3\/2025\/01\/DJI_0045-2000-x-1125-1024x576.jpg 1024w, https:\/\/www.sources-hotels.com\/bordeaux\/wp-content\/uploads\/sites\/3\/2025\/01\/DJI_0045-2000-x-1125-768x432.jpg 768w, https:\/\/www.sources-hotels.com\/bordeaux\/wp-content\/uploads\/sites\/3\/2025\/01\/DJI_0045-2000-x-1125-1536x864.jpg 1536w\" sizes=\"auto, (max-width: 2000px) 100vw, 2000px\" \/>            <\/figure>\n\n        \n<\/section>\n\n    \n\n<section class=\"custom-block block--text-1-large-visual-watermark-writing overflow-visible z-[0]\">\n\n      <h2 class=\"block-title\">Mariages et F\u00eates de famille<\/h2>\n  \n  <div class=\"block-content picture-left\">\n\n    <div class=\"content\">\n\n      \n      <div class=\"text rte\">\n\n                  <h3 class=\"subtitle text-black\">La Chartreuse du Thil, un lieu d\u2019exception<\/h3>\n        \n        <div class=\"rte\">\n          <p><span style=\"font-weight: 400\">A seulement 1,5km de l\u2019h\u00f4tel, laissez-vous ainsi surprendre par le charme et l\u2019authenticit\u00e9 de la Chartreuse du Thil, une maison chaleureuse, habill\u00e9e de tissus chatoyants, de lustres et de meubles antiques.<\/span><\/p>\n<p><span style=\"font-weight: 400\">Les 9 chambres et les 2 suites disposent toutes d\u2019une magnifique vue sur le parc s\u00e9culaire, et leur d\u00e9coration, dans un esprit brocante chic, met en valeur les superbes volumes de la maison<\/span><span style=\"font-weight: 400\"><br \/>\n<\/span><\/p>\n<p><span style=\"font-weight: 400\">D\u00e9couvrez les salons, leurs boiseries, leurs tapisseries originales et leur perspective superbe sur le parc. Ils seront le cadre id\u00e9al pour vos moments de repos ou d\u2019\u00e9changes, en famille ou entre amis.<\/span><span style=\"font-weight: 400\"><br \/>\n<\/span><\/p>\n<p><span style=\"font-weight: 400\">Faites du Ch\u00e2teau Le Thil votre maison le temps d\u2019un weekend. Prolongez votre \u00e9v\u00e9nement par une d\u00e9gustation de Grands Crus, un repas de gala ou une nuit de repos absolu.<\/span><\/p>\n<p><span style=\"font-weight: 400\">Notre \u00e9quipe commerciale est \u00e0 votre disposition pour \u00e9tudier votre projet pour des r\u00e9unions familiales ou mariage intime.<\/span><span style=\"font-weight: 400\"><br \/>\n<\/span><\/p>\n<p><span style=\"font-weight: 400\">Pour des r\u00e9ceptions de mariage de taille importante, les \u00e9quipes du Ch\u00e2teau Smith Haut-Lafitte pourront vous proposer des salles adapt\u00e9es.<\/span><\/p>\n        <\/div>\n\n        <div class=\"cta\">\n            <a href=\"https:\/\/sources-hotels.backyou.app\/fr\/c\/request\/les-sources-de-caudalie\/?1\"  class=\"button\" >\n        Contacter notre \u00e9quipe   <\/a>\n        <\/div>\n\n      <\/div>\n\n    <\/div>\n\n    <div class=\"image\">\n      <figure>\n        <img loading=\"lazy\" decoding=\"async\" width=\"1260\" height=\"1600\" src=\"https:\/\/www.sources-hotels.com\/bordeaux\/wp-content\/uploads\/sites\/3\/2025\/01\/Terrasse-1-1-1260x1600.jpg\" class=\"h-full w-full object-cover object-center\" alt=\"\" \/>      <\/figure>\n    <\/div>\n\n  <\/div>\n\n  \n<\/section>\n\n<section class=\"custom-block block--three-visuals-cta mx-auto text-center\">\n\n                    <div class=\"images\">\n                            <div class=\"relative\">\n                    <figure>\n                        <img loading=\"lazy\" decoding=\"async\" width=\"840\" height=\"600\" src=\"https:\/\/www.sources-hotels.com\/bordeaux\/wp-content\/uploads\/sites\/3\/2025\/01\/Chambre-Retour-des-Indes-840x600.jpg\" class=\"w-full h-full object-cover object-center\" alt=\"\" \/>                    <\/figure>\n                                    <\/div>\n                            <div class=\"relative\">\n                    <figure>\n                        <img loading=\"lazy\" decoding=\"async\" width=\"840\" height=\"600\" src=\"https:\/\/www.sources-hotels.com\/bordeaux\/wp-content\/uploads\/sites\/3\/2025\/01\/SAM-Petit-dej_GdeLaubier-840x600.jpg\" class=\"w-full h-full object-cover object-center\" alt=\"\" \/>                    <\/figure>\n                                    <\/div>\n                            <div class=\"relative\">\n                    <figure>\n                        <img loading=\"lazy\" decoding=\"async\" width=\"840\" height=\"600\" src=\"https:\/\/www.sources-hotels.com\/bordeaux\/wp-content\/uploads\/sites\/3\/2025\/01\/Salon-Rotonde2_GdeLaubier-840x600.jpg\" class=\"w-full h-full object-cover object-center\" alt=\"\" \/>                    <\/figure>\n                                    <\/div>\n                    <\/div>\n    \n\n    \n\n\n\n<\/section>","protected":false},"excerpt":{"rendered":"","protected":false},"author":1,"featured_media":0,"parent":351,"menu_order":0,"comment_status":"closed","ping_status":"closed","template":"","meta":{"_acf_changed":false,"footnotes":""},"hotels":[],"doc_cat":[],"class_list":["post-381","page","type-page","status-publish","hentry"],"acf":[],"yoast_head":"<!-- This site is optimized with the Yoast SEO plugin v27.4 - https:\/\/yoast.com\/product\/yoast-seo-wordpress\/ -->\n<title>Lieu de Mariage magique \u00e0 Bordeaux | Les Sources de Caudalie<\/title>\n<meta name=\"description\" content=\"R\u00e9server le lieu de mariage le plus luxueux d&#039;Aquitaine et profitez de votre r\u00e9ception dans un domaine d&#039;exception ! R\u00e9servez d\u00e8s aujourd&#039;hui.\" \/>\n<meta name=\"robots\" content=\"index, follow, max-snippet:-1, max-image-preview:large, max-video-preview:-1\" \/>\n<link rel=\"canonical\" href=\"https:\/\/www.sources-hotels.com\/bordeaux\/evenements\/mariages\/\" \/>\n<meta property=\"og:locale\" content=\"fr_FR\" \/>\n<meta property=\"og:type\" content=\"article\" \/>\n<meta property=\"og:title\" content=\"Lieu de Mariage magique \u00e0 Bordeaux | Les Sources de Caudalie\" \/>\n<meta property=\"og:description\" content=\"R\u00e9server le lieu de mariage le plus luxueux d&#039;Aquitaine et profitez de votre r\u00e9ception dans un domaine d&#039;exception ! R\u00e9servez d\u00e8s aujourd&#039;hui.\" \/>\n<meta property=\"og:url\" content=\"https:\/\/www.sources-hotels.com\/bordeaux\/evenements\/mariages\/\" \/>\n<meta property=\"og:site_name\" content=\"Les Sources de Caudalie\" \/>\n<meta property=\"article:modified_time\" content=\"2025-03-17T13:50:50+00:00\" \/>\n<meta name=\"twitter:card\" content=\"summary_large_image\" \/>\n<script type=\"application\/ld+json\" class=\"yoast-schema-graph\">{\"@context\":\"https:\\\/\\\/schema.org\",\"@graph\":[{\"@type\":\"WebPage\",\"@id\":\"https:\\\/\\\/www.sources-hotels.com\\\/bordeaux\\\/evenements\\\/mariages\\\/\",\"url\":\"https:\\\/\\\/www.sources-hotels.com\\\/bordeaux\\\/evenements\\\/mariages\\\/\",\"name\":\"Lieu de Mariage magique \u00e0 Bordeaux | Les Sources de Caudalie\",\"isPartOf\":{\"@id\":\"https:\\\/\\\/www.sources-hotels.com\\\/bordeaux\\\/#website\"},\"datePublished\":\"2024-12-31T14:01:02+00:00\",\"dateModified\":\"2025-03-17T13:50:50+00:00\",\"description\":\"R\u00e9server le lieu de mariage le plus luxueux d'Aquitaine et profitez de votre r\u00e9ception dans un domaine d'exception ! R\u00e9servez d\u00e8s aujourd'hui.\",\"breadcrumb\":{\"@id\":\"https:\\\/\\\/www.sources-hotels.com\\\/bordeaux\\\/evenements\\\/mariages\\\/#breadcrumb\"},\"inLanguage\":\"fr-FR\",\"potentialAction\":[{\"@type\":\"ReadAction\",\"target\":[\"https:\\\/\\\/www.sources-hotels.com\\\/bordeaux\\\/evenements\\\/mariages\\\/\"]}]},{\"@type\":\"BreadcrumbList\",\"@id\":\"https:\\\/\\\/www.sources-hotels.com\\\/bordeaux\\\/evenements\\\/mariages\\\/#breadcrumb\",\"itemListElement\":[{\"@type\":\"ListItem\",\"position\":1,\"name\":\"Accueil\",\"item\":\"https:\\\/\\\/www.sources-hotels.com\\\/bordeaux\\\/\"},{\"@type\":\"ListItem\",\"position\":2,\"name\":\"\u00c9V\u00c9NEMENTS\",\"item\":\"https:\\\/\\\/www.sources-hotels.com\\\/bordeaux\\\/evenements\\\/\"},{\"@type\":\"ListItem\",\"position\":3,\"name\":\"mariages\"}]},{\"@type\":\"WebSite\",\"@id\":\"https:\\\/\\\/www.sources-hotels.com\\\/bordeaux\\\/#website\",\"url\":\"https:\\\/\\\/www.sources-hotels.com\\\/bordeaux\\\/\",\"name\":\"Les Sources de Caudalie\",\"description\":\"\",\"publisher\":{\"@id\":\"https:\\\/\\\/www.sources-hotels.com\\\/bordeaux\\\/#organization\"},\"potentialAction\":[{\"@type\":\"SearchAction\",\"target\":{\"@type\":\"EntryPoint\",\"urlTemplate\":\"https:\\\/\\\/www.sources-hotels.com\\\/bordeaux\\\/?s={search_term_string}\"},\"query-input\":{\"@type\":\"PropertyValueSpecification\",\"valueRequired\":true,\"valueName\":\"search_term_string\"}}],\"inLanguage\":\"fr-FR\"},{\"@type\":\"Organization\",\"@id\":\"https:\\\/\\\/www.sources-hotels.com\\\/bordeaux\\\/#organization\",\"name\":\"Les Sources de Caudalie\",\"url\":\"https:\\\/\\\/www.sources-hotels.com\\\/bordeaux\\\/\",\"logo\":{\"@type\":\"ImageObject\",\"inLanguage\":\"fr-FR\",\"@id\":\"https:\\\/\\\/www.sources-hotels.com\\\/bordeaux\\\/#\\\/schema\\\/logo\\\/image\\\/\",\"url\":\"https:\\\/\\\/www.sources-hotels.com\\\/bordeaux\\\/wp-content\\\/uploads\\\/sites\\\/3\\\/2025\\\/03\\\/logo-caudalie.png\",\"contentUrl\":\"https:\\\/\\\/www.sources-hotels.com\\\/bordeaux\\\/wp-content\\\/uploads\\\/sites\\\/3\\\/2025\\\/03\\\/logo-caudalie.png\",\"width\":696,\"height\":308,\"caption\":\"Les Sources de Caudalie\"},\"image\":{\"@id\":\"https:\\\/\\\/www.sources-hotels.com\\\/bordeaux\\\/#\\\/schema\\\/logo\\\/image\\\/\"}}]}<\/script>\n<!-- \/ Yoast SEO plugin. -->","yoast_head_json":{"title":"Lieu de Mariage magique \u00e0 Bordeaux | Les Sources de Caudalie","description":"R\u00e9server le lieu de mariage le plus luxueux d'Aquitaine et profitez de votre r\u00e9ception dans un domaine d'exception ! R\u00e9servez d\u00e8s aujourd'hui.","robots":{"index":"index","follow":"follow","max-snippet":"max-snippet:-1","max-image-preview":"max-image-preview:large","max-video-preview":"max-video-preview:-1"},"canonical":"https:\/\/www.sources-hotels.com\/bordeaux\/evenements\/mariages\/","og_locale":"fr_FR","og_type":"article","og_title":"Lieu de Mariage magique \u00e0 Bordeaux | Les Sources de Caudalie","og_description":"R\u00e9server le lieu de mariage le plus luxueux d'Aquitaine et profitez de votre r\u00e9ception dans un domaine d'exception ! R\u00e9servez d\u00e8s aujourd'hui.","og_url":"https:\/\/www.sources-hotels.com\/bordeaux\/evenements\/mariages\/","og_site_name":"Les Sources de Caudalie","article_modified_time":"2025-03-17T13:50:50+00:00","twitter_card":"summary_large_image","schema":{"@context":"https:\/\/schema.org","@graph":[{"@type":"WebPage","@id":"https:\/\/www.sources-hotels.com\/bordeaux\/evenements\/mariages\/","url":"https:\/\/www.sources-hotels.com\/bordeaux\/evenements\/mariages\/","name":"Lieu de Mariage magique \u00e0 Bordeaux | Les Sources de Caudalie","isPartOf":{"@id":"https:\/\/www.sources-hotels.com\/bordeaux\/#website"},"datePublished":"2024-12-31T14:01:02+00:00","dateModified":"2025-03-17T13:50:50+00:00","description":"R\u00e9server le lieu de mariage le plus luxueux d'Aquitaine et profitez de votre r\u00e9ception dans un domaine d'exception ! R\u00e9servez d\u00e8s aujourd'hui.","breadcrumb":{"@id":"https:\/\/www.sources-hotels.com\/bordeaux\/evenements\/mariages\/#breadcrumb"},"inLanguage":"fr-FR","potentialAction":[{"@type":"ReadAction","target":["https:\/\/www.sources-hotels.com\/bordeaux\/evenements\/mariages\/"]}]},{"@type":"BreadcrumbList","@id":"https:\/\/www.sources-hotels.com\/bordeaux\/evenements\/mariages\/#breadcrumb","itemListElement":[{"@type":"ListItem","position":1,"name":"Accueil","item":"https:\/\/www.sources-hotels.com\/bordeaux\/"},{"@type":"ListItem","position":2,"name":"\u00c9V\u00c9NEMENTS","item":"https:\/\/www.sources-hotels.com\/bordeaux\/evenements\/"},{"@type":"ListItem","position":3,"name":"mariages"}]},{"@type":"WebSite","@id":"https:\/\/www.sources-hotels.com\/bordeaux\/#website","url":"https:\/\/www.sources-hotels.com\/bordeaux\/","name":"Les Sources de Caudalie","description":"","publisher":{"@id":"https:\/\/www.sources-hotels.com\/bordeaux\/#organization"},"potentialAction":[{"@type":"SearchAction","target":{"@type":"EntryPoint","urlTemplate":"https:\/\/www.sources-hotels.com\/bordeaux\/?s={search_term_string}"},"query-input":{"@type":"PropertyValueSpecification","valueRequired":true,"valueName":"search_term_string"}}],"inLanguage":"fr-FR"},{"@type":"Organization","@id":"https:\/\/www.sources-hotels.com\/bordeaux\/#organization","name":"Les Sources de Caudalie","url":"https:\/\/www.sources-hotels.com\/bordeaux\/","logo":{"@type":"ImageObject","inLanguage":"fr-FR","@id":"https:\/\/www.sources-hotels.com\/bordeaux\/#\/schema\/logo\/image\/","url":"https:\/\/www.sources-hotels.com\/bordeaux\/wp-content\/uploads\/sites\/3\/2025\/03\/logo-caudalie.png","contentUrl":"https:\/\/www.sources-hotels.com\/bordeaux\/wp-content\/uploads\/sites\/3\/2025\/03\/logo-caudalie.png","width":696,"height":308,"caption":"Les Sources de Caudalie"},"image":{"@id":"https:\/\/www.sources-hotels.com\/bordeaux\/#\/schema\/logo\/image\/"}}]}},"_links":{"self":[{"href":"https:\/\/www.sources-hotels.com\/bordeaux\/wp-json\/wp\/v2\/pages\/381","targetHints":{"allow":["GET"]}}],"collection":[{"href":"https:\/\/www.sources-hotels.com\/bordeaux\/wp-json\/wp\/v2\/pages"}],"about":[{"href":"https:\/\/www.sources-hotels.com\/bordeaux\/wp-json\/wp\/v2\/types\/page"}],"author":[{"embeddable":true,"href":"https:\/\/www.sources-hotels.com\/bordeaux\/wp-json\/wp\/v2\/users\/1"}],"replies":[{"embeddable":true,"href":"https:\/\/www.sources-hotels.com\/bordeaux\/wp-json\/wp\/v2\/comments?post=381"}],"version-history":[{"count":17,"href":"https:\/\/www.sources-hotels.com\/bordeaux\/wp-json\/wp\/v2\/pages\/381\/revisions"}],"predecessor-version":[{"id":3103,"href":"https:\/\/www.sources-hotels.com\/bordeaux\/wp-json\/wp\/v2\/pages\/381\/revisions\/3103"}],"up":[{"embeddable":true,"href":"https:\/\/www.sources-hotels.com\/bordeaux\/wp-json\/wp\/v2\/pages\/351"}],"wp:attachment":[{"href":"https:\/\/www.sources-hotels.com\/bordeaux\/wp-json\/wp\/v2\/media?parent=381"}],"wp:term":[{"taxonomy":"hotels","embeddable":true,"href":"https:\/\/www.sources-hotels.com\/bordeaux\/wp-json\/wp\/v2\/hotels?post=381"},{"taxonomy":"doc_cat","embeddable":true,"href":"https:\/\/www.sources-hotels.com\/bordeaux\/wp-json\/wp\/v2\/doc_cat?post=381"}],"curies":[{"name":"wp","href":"https:\/\/api.w.org\/{rel}","templated":true}]}}