{"id":389,"date":"2024-12-31T15:08:16","date_gmt":"2024-12-31T14:08:16","guid":{"rendered":"https:\/\/www.sources-hotels.com\/bordeaux\/?page_id=389"},"modified":"2026-02-24T12:10:26","modified_gmt":"2026-02-24T11:10:26","slug":"acces-et-contact","status":"publish","type":"page","link":"https:\/\/www.sources-hotels.com\/bordeaux\/acces-et-contact\/","title":{"rendered":"Acc\u00e8s et contact"},"content":{"rendered":"\n<section class=\"custom-block block--header aspect-[375\/700] text-center text-white overflow-hidden pt-[100rem] relative tablet:aspect-auto tablet:h-[700rem] tablet:pt-[420rem]\">\n\n    <h1>\n                            ACC\u00c8S ET CONTACT            <\/h1>\n\n    \n    <span class=\"scroll-down hidden text-[12rem] tracking-[2rem] uppercase font-title cursor-pointer opacity-[64%] pb-[66rem] absolute left-2\/4 bottom-0 translate-x-[-50%] after:w-[1px] after:h-[50rem] after:bg-white after:opacity-[40%] after:absolute after:bottom-0 after:left-[50%] tablet:block\">\n        Voir la suite    <\/span>\n\n    <figure class=\"min-w-full min-h-full aspect-video overflow-hidden absolute top-2\/4 left-2\/4 translate-x-[-50%] translate-y-[-50%] z-[-1] before:bg-black before:opacity-[35%] before:mix-blend-multiply before:absolute before:top-0 before:left-0 before:right-0 before:bottom-0 before:z-[2]\">\n                    <img loading=\"lazy\" decoding=\"async\" width=\"2880\" height=\"1800\" src=\"https:\/\/www.sources-hotels.com\/bordeaux\/wp-content\/uploads\/sites\/3\/2024\/12\/Vignes-chemin-vue-terrasses_GdeLaubier_2\u00b014-1-2880x1800.jpg\" class=\"h-full w-full object-cover object-center\" alt=\"\" \/>            <\/figure>\n\n        \n<\/section>\n\n    \n\n\n<section class=\"custom-block block--title-introduction text-center tablet:!pb-[60rem]\">\n\n            <h2 class=\"block-title\">NOUS CONTACTER<\/h2>\n    \n    <div class=\"tablet:w-[970rem] tablet:inline-block\">\n        <p>Par t\u00e9l\u00e9phone : +33(0)5 57 83 83 83<\/p>\n<p>Par mail : reservations@sources-caudalie.com<\/p>\n<p>&nbsp;<\/p>\n<p>Ou contactez-nous en remplissant le formulaire de contact ci-dessous.<\/p>\n<p>Nos \u00e9quipes reviendront vers vous d\u00e8s que possible.<\/p>\n<p>&nbsp;<\/p>\n<p>Vous souhaitez rejoindre nos \u00e9quipes et vivre l\u2019aventure Les Sources de Caudalie ?<\/p>\n<p>Rendez-vous sur notre <a href=\"https:\/\/www.sources-hotels.com\/bordeaux\/recrutement\/\"><span style=\"text-decoration: underline\">page Carri\u00e8res<\/span><\/a> pour d\u00e9couvrir toutes nos opportunit\u00e9s.<\/p>\n    <\/div>\n\n<\/section>\n\n\n\n<section class=\"custom-block block--contact-form-maps mx-auto\">\n\n  <div class=\"columns with-maps\">\n    <div class=\"column form\">\n<div class=\"wpcf7 no-js\" id=\"wpcf7-f1824-o1\" lang=\"fr-FR\" dir=\"ltr\" data-wpcf7-id=\"1824\">\n<div class=\"screen-reader-response\"><p role=\"status\" aria-live=\"polite\" aria-atomic=\"true\"><\/p> <ul><\/ul><\/div>\n<form action=\"\/bordeaux\/wp-json\/wp\/v2\/pages\/389#wpcf7-f1824-o1\" method=\"post\" class=\"wpcf7-form init\" aria-label=\"Formulaire de contact\" enctype=\"multipart\/form-data\" novalidate=\"novalidate\" data-status=\"init\">\n<fieldset class=\"hidden-fields-container\"><input type=\"hidden\" name=\"_wpcf7\" value=\"1824\" \/><input type=\"hidden\" name=\"_wpcf7_version\" value=\"6.1.5\" \/><input type=\"hidden\" name=\"_wpcf7_locale\" value=\"fr_FR\" \/><input type=\"hidden\" name=\"_wpcf7_unit_tag\" value=\"wpcf7-f1824-o1\" \/><input type=\"hidden\" name=\"_wpcf7_container_post\" value=\"0\" \/><input type=\"hidden\" name=\"_wpcf7_posted_data_hash\" value=\"\" \/><input type=\"hidden\" name=\"_wpcf7_recaptcha_response\" value=\"\" \/>\n<\/fieldset>\n<p><label> Nom*<br \/>\n<span class=\"wpcf7-form-control-wrap\" data-name=\"lastname\"><input size=\"40\" maxlength=\"400\" class=\"wpcf7-form-control wpcf7-text wpcf7-validates-as-required\" autocomplete=\"lastname\" aria-required=\"true\" aria-invalid=\"false\" value=\"\" type=\"text\" name=\"lastname\" \/><\/span> <\/label>\n<\/p>\n<p><label> Pr\u00e9nom*<br \/>\n<span class=\"wpcf7-form-control-wrap\" data-name=\"firstname\"><input size=\"40\" maxlength=\"400\" class=\"wpcf7-form-control wpcf7-text wpcf7-validates-as-required\" autocomplete=\"firstname\" aria-required=\"true\" aria-invalid=\"false\" value=\"\" type=\"text\" name=\"firstname\" \/><\/span> <\/label>\n<\/p>\n<p><label> Pays<br \/>\n<span class=\"wpcf7-form-control-wrap\" data-name=\"country\"><input size=\"40\" class=\"wpcf7-form-control wpcf7-countrytext wpcf7-text wpcf7-validates-as-countrytext\" aria-invalid=\"false\" value=\"\" type=\"text\" name=\"country\" \/><\/span> <\/label>\n<\/p>\n<p><label> Langue*<br \/>\n<span class=\"wpcf7-form-control-wrap\" data-name=\"language\"><select class=\"wpcf7-form-control wpcf7-select wpcf7-validates-as-required\" aria-required=\"true\" aria-invalid=\"false\" name=\"language\"><option value=\"Fran\u00e7ais\">Fran\u00e7ais<\/option><option value=\"Allemand\">Allemand<\/option><option value=\"Anglais\">Anglais<\/option><\/select><\/span> <\/label>\n<\/p>\n<p><label> T\u00e9l\u00e9phone*<br \/>\n<span class=\"wpcf7-form-control-wrap\" data-name=\"phone\"><input size=\"40\" class=\"wpcf7-form-control wpcf7-phonetext wpcf7-validates-as-required wpcf7-text wpcf7-validates-as-phonetext\" autocomplete=\"phone\" data-numberonly=\"true\" aria-required=\"true\" aria-invalid=\"false\" value=\"\" type=\"text\" name=\"phone\" \/><input type=\"hidden\" name=\"phone-country-code\" class=\"wpcf7-phonetext-country-code\" \/><\/span> <\/label>\n<\/p>\n<p><label> Email*<br \/>\n<span class=\"wpcf7-form-control-wrap\" data-name=\"email\"><input size=\"40\" maxlength=\"400\" class=\"wpcf7-form-control wpcf7-email wpcf7-validates-as-required wpcf7-text wpcf7-validates-as-email\" autocomplete=\"email\" aria-required=\"true\" aria-invalid=\"false\" value=\"\" type=\"email\" name=\"email\" \/><\/span> <\/label>\n<\/p>\n<p><label> Votre message*<br \/>\n<span class=\"wpcf7-form-control-wrap\" data-name=\"message\"><textarea cols=\"40\" rows=\"10\" maxlength=\"2000\" class=\"wpcf7-form-control wpcf7-textarea wpcf7-validates-as-required\" aria-required=\"true\" aria-invalid=\"false\" name=\"message\"><\/textarea><\/span> <\/label>\n<\/p>\n<p><label> T\u00e9l\u00e9charger une pi\u00e8ce-jointe<br \/>\n<span class=\"wpcf7-form-control-wrap\" data-name=\"file\"><input size=\"40\" class=\"wpcf7-form-control wpcf7-file\" accept=\".pdf,.txt\" aria-invalid=\"false\" type=\"file\" name=\"file\" \/><\/span> <\/label>\n<\/p>\n<p><span class=\"wpcf7-form-control-wrap\" data-name=\"optin\"><span class=\"wpcf7-form-control wpcf7-checkbox\"><span class=\"wpcf7-list-item first last\"><input type=\"checkbox\" name=\"optin[]\" value=\"Je souhaite recevoir les derni\u00e8res actualit\u00e9s du groupe\" \/><span class=\"wpcf7-list-item-label\">Je souhaite recevoir les derni\u00e8res actualit\u00e9s du groupe<\/span><\/span><\/span><\/span><br \/>\n<span class=\"wpcf7-form-control-wrap\" data-name=\"accept\"><span class=\"wpcf7-form-control wpcf7-checkbox wpcf7-validates-as-required\"><span class=\"wpcf7-list-item first last\"><input type=\"checkbox\" name=\"accept[]\" value=\"Je donne mon consentement*\" \/><span class=\"wpcf7-list-item-label\">Je donne mon consentement*<\/span><\/span><\/span><\/span>\n<\/p>\n<p><input class=\"wpcf7-form-control wpcf7-submit has-spinner button\" type=\"submit\" value=\"Envoyer\" \/>\n<\/p><div class=\"wpcf7-response-output\" aria-hidden=\"true\"><\/div>\n<\/form>\n<\/div>\n<\/div>\n    <div class=\"column map\"><style type=\"text\/css\" id=\"umsMapStyles_1_5009\">\r\n    #ultimate_maps_1_5009 {\r\n        width: 100%;\r\n        height: 700px;\r\n                border: 0px solid ;\r\n        margin: 0px;\r\n    }\r\n    #mapsControlsNum_1_5009 {\r\n        width:100%    }\r\n    .umsMapDetailsContainer#umsMapDetailsContainer_1_5009 {\r\n        height:700px;\r\n    }\r\n    .ums_MapPreview#ultimate_maps_1_5009 {\r\n        \/*position:absolute;*\/\r\n        width:100%;\r\n    }\r\n    #mapConElem_1_5009{\r\n        width:100%    }\r\n    <\/style><div class=\"ums_map_opts\" id=\"mapConElem_1_5009\" data-id=\"1\" data-view-id=\"1_5009\" > <div class=\"umsMapDetailsContainer\" id=\"umsMapDetailsContainer_1_5009\"> <i class=\"umsKMLLayersPreloader fa fa-spinner fa-spin\" aria-hidden=\"true\" style=\"display: none;\"><\/i> <div class=\"ums_MapPreview \" id=\"ultimate_maps_1_5009\"><\/div> <\/div> <div class=\"umsMapMarkerFilters\" id=\"umsMapMarkerFilters_1_5009\"> <\/div> <div class=\"umsMapProControlsCon\" id=\"umsMapProControlsCon_1_5009\"> <a title=\"Google Map Plugin\" style=\"display:none;\" href=\"https:\/\/supsystic.com\/plugins\/google-maps-plugin\/?utm_medium=love_link_hide\" target=\"_blank\">Google Map Plugin<\/a><div style=\"clear: both;\"><\/div> <\/div> <div class=\"umsMapProDirectionsCon\" id=\"umsMapProDirectionsCon_1_5009\" > <\/div> <div class=\"umsMapProKmlFilterCon\" id=\"umsMapProKmlFilterCon_1_5009\" > <\/div> <div class=\"umsSocialSharingShell umsSocialSharingShell_1_5009\"> <\/div> <div style=\"clear: both;\"><\/div> <\/div><\/div>  <\/div>\n\n      <div class=\"legend\"><p>Ce site est prot\u00e9g\u00e9 par reCAPTCHA et la politique de confidentialit\u00e9 et les conditions de service de Google s&rsquo;appliquent.<br \/>\n* Champs obligatoires. Ces informations restent confidentielles et ne seront jamais diffus\u00e9es \u00e0 quelque organisme que ce soit.<br \/>\n** En soumettant ce formulaire, j\u2019accepte que les informations saisies dans ce formulaire soient utilis\u00e9es et trait\u00e9es pour permettre de me recontacter, dans le cadre de ma demande d\u2019informations, que ce soit par mail, ou t\u00e9l\u00e9phone. Pour conna\u00eetre et exercer vos droits, notamment de retrait de consentement \u00e0 l\u2019utilisation de donn\u00e9es collect\u00e9es par ce formulaire. Veuillez consulter notre politique de confidentialit\u00e9.<\/p>\n<\/div>\n  \n<\/section>\n\n\n<section class=\"custom-block block--text-1-large-visual-watermark-writing overflow-visible z-[0]\">\n\n      <h2 class=\"block-title\">COMMENT VENIR<\/h2>\n  \n  <div class=\"block-content picture-left\">\n\n    <div class=\"content\">\n\n      \n      <div class=\"text rte\">\n\n        \n        <div class=\"rte\">\n          <p><em><strong>Nous trouver : <\/strong><\/em><br \/>\n<em><strong>Chemin de Smith Haut Lafitte <\/strong><\/em><br \/>\n<em><strong>33650 Bordeaux-Martillac<\/strong><\/em><br \/>\n<strong><em>France<\/em><\/strong><\/p>\n<p><strong>GPS Latitude : <span data-olk-copy-source=\"MessageBody\">44.731193<\/span> Longitude : <span data-olk-copy-source=\"MessageBody\">-0.557102<\/span><\/strong><\/p>\n<p><span style=\"font-weight: 400\"><strong>Acc\u00e8s en avion :<\/strong> a\u00e9roport international de Bordeaux M\u00e9rignac, <\/span><span style=\"font-weight: 400\">puis 20 minutes en voiture.<\/span><\/p>\n<p><span style=\"font-weight: 400\"><strong>Acc\u00e8s en train\u00a0:<\/strong> la gare TGV de Bordeaux Saint-Jean se trouve \u00e0 une vingtaine de minutes en voiture, la gare TER de Cadaujac est \u00e0 moins de 10 minutes en voiture.<\/span><\/p>\n<p><span data-olk-copy-source=\"MessageBody\">Nous pouvons organiser pour vous un transfert depuis ou vers la gare ou a\u00e9roport de votre choix. Pour plus d\u2019informations et de d\u00e9tails sur les tarifs nous vous invitons \u00e0 nous contacter.<\/span><\/p>\n<p><span style=\"font-weight: 400\"><strong>Acc\u00e8s en voiture\u00a0:<\/strong> environ 2h20 depuis Toulouse, 2h40 depuis Poitiers.\u00a0<\/span><\/p>\n<p>Nous disposons d\u2019un parking gratuit, situ\u00e9 \u00e0 l\u2019h\u00f4tel et disposant de quatre bornes de recharge \u00e9lectriques (sans r\u00e9servation). Afin de faciliter votre venue, nous mettons \u00e0 votre disposition un service de voiturier gratuit disponible 24h\/24. Le parking priv\u00e9 s\u00e9curis\u00e9 ou le parking \u00e0 v\u00e9lo sont disponibles pour 40\u20ac par jour.<\/p>\n<p><span style=\"font-weight: 400\"><strong>Acc\u00e8s en tramway de Bordeaux :<\/strong> station ligne C Villenave d\u2019Ornon Pyr\u00e9n\u00e9es,\u00a0<\/span><span style=\"font-weight: 400\">puis 25 minutes \u00e0 v\u00e9lo ou 10 minutes en voiture.<\/span><\/p>\n<p><strong>Acc\u00e8s en h\u00e9licopt\u00e8re possible<\/strong>, h\u00e9lisurface disponible sur place.<\/p>\n        <\/div>\n\n        <div class=\"cta\">\n                  <\/div>\n\n      <\/div>\n\n    <\/div>\n\n    <div class=\"image\">\n      <figure>\n        <img loading=\"lazy\" decoding=\"async\" width=\"1260\" height=\"1600\" src=\"https:\/\/www.sources-hotels.com\/bordeaux\/wp-content\/uploads\/sites\/3\/2025\/01\/LesSourcesDeCaudalie_GrangeAuBateau_38_\u00a9Itshenriette_Mai2023-13-1260x1600.jpg\" class=\"h-full w-full object-cover object-center\" alt=\"\" \/>      <\/figure>\n    <\/div>\n\n  <\/div>\n\n  \n<\/section>","protected":false},"excerpt":{"rendered":"","protected":false},"author":1,"featured_media":0,"parent":0,"menu_order":0,"comment_status":"closed","ping_status":"closed","template":"","meta":{"_acf_changed":false,"footnotes":""},"hotels":[],"doc_cat":[],"class_list":["post-389","page","type-page","status-publish","hentry"],"acf":[],"yoast_head":"<!-- This site is optimized with the Yoast SEO plugin v27.4 - https:\/\/yoast.com\/product\/yoast-seo-wordpress\/ -->\n<title>Acces &amp; Contact | Les Sources<\/title>\n<meta name=\"description\" content=\"D\u00e9couvrez comment nous rejoindre ou nous contacter ! Plan d&#039;acc\u00e8s et contact. Hotel les Sources de Caudalie\" \/>\n<meta name=\"robots\" content=\"index, follow, max-snippet:-1, max-image-preview:large, max-video-preview:-1\" \/>\n<link rel=\"canonical\" href=\"https:\/\/www.sources-hotels.com\/bordeaux\/acces-et-contact\/\" \/>\n<meta property=\"og:locale\" content=\"fr_FR\" \/>\n<meta property=\"og:type\" content=\"article\" \/>\n<meta property=\"og:title\" content=\"Acces &amp; Contact | Les Sources\" \/>\n<meta property=\"og:description\" content=\"D\u00e9couvrez comment nous rejoindre ou nous contacter ! Plan d&#039;acc\u00e8s et contact. Hotel les Sources de Caudalie\" \/>\n<meta property=\"og:url\" content=\"https:\/\/www.sources-hotels.com\/bordeaux\/acces-et-contact\/\" \/>\n<meta property=\"og:site_name\" content=\"Les Sources de Caudalie\" \/>\n<meta property=\"article:modified_time\" content=\"2026-02-24T11:10:26+00:00\" \/>\n<meta name=\"twitter:card\" content=\"summary_large_image\" \/>\n<script type=\"application\/ld+json\" class=\"yoast-schema-graph\">{\"@context\":\"https:\\\/\\\/schema.org\",\"@graph\":[{\"@type\":\"WebPage\",\"@id\":\"https:\\\/\\\/www.sources-hotels.com\\\/bordeaux\\\/acces-et-contact\\\/\",\"url\":\"https:\\\/\\\/www.sources-hotels.com\\\/bordeaux\\\/acces-et-contact\\\/\",\"name\":\"Acces & Contact | Les Sources\",\"isPartOf\":{\"@id\":\"https:\\\/\\\/www.sources-hotels.com\\\/bordeaux\\\/#website\"},\"datePublished\":\"2024-12-31T14:08:16+00:00\",\"dateModified\":\"2026-02-24T11:10:26+00:00\",\"description\":\"D\u00e9couvrez comment nous rejoindre ou nous contacter ! Plan d'acc\u00e8s et contact. Hotel les Sources de Caudalie\",\"breadcrumb\":{\"@id\":\"https:\\\/\\\/www.sources-hotels.com\\\/bordeaux\\\/acces-et-contact\\\/#breadcrumb\"},\"inLanguage\":\"fr-FR\",\"potentialAction\":[{\"@type\":\"ReadAction\",\"target\":[\"https:\\\/\\\/www.sources-hotels.com\\\/bordeaux\\\/acces-et-contact\\\/\"]}]},{\"@type\":\"BreadcrumbList\",\"@id\":\"https:\\\/\\\/www.sources-hotels.com\\\/bordeaux\\\/acces-et-contact\\\/#breadcrumb\",\"itemListElement\":[{\"@type\":\"ListItem\",\"position\":1,\"name\":\"Accueil\",\"item\":\"https:\\\/\\\/www.sources-hotels.com\\\/bordeaux\\\/\"},{\"@type\":\"ListItem\",\"position\":2,\"name\":\"Acc\u00e8s et contact\"}]},{\"@type\":\"WebSite\",\"@id\":\"https:\\\/\\\/www.sources-hotels.com\\\/bordeaux\\\/#website\",\"url\":\"https:\\\/\\\/www.sources-hotels.com\\\/bordeaux\\\/\",\"name\":\"Les Sources de Caudalie\",\"description\":\"\",\"publisher\":{\"@id\":\"https:\\\/\\\/www.sources-hotels.com\\\/bordeaux\\\/#organization\"},\"potentialAction\":[{\"@type\":\"SearchAction\",\"target\":{\"@type\":\"EntryPoint\",\"urlTemplate\":\"https:\\\/\\\/www.sources-hotels.com\\\/bordeaux\\\/?s={search_term_string}\"},\"query-input\":{\"@type\":\"PropertyValueSpecification\",\"valueRequired\":true,\"valueName\":\"search_term_string\"}}],\"inLanguage\":\"fr-FR\"},{\"@type\":\"Organization\",\"@id\":\"https:\\\/\\\/www.sources-hotels.com\\\/bordeaux\\\/#organization\",\"name\":\"Les Sources de Caudalie\",\"url\":\"https:\\\/\\\/www.sources-hotels.com\\\/bordeaux\\\/\",\"logo\":{\"@type\":\"ImageObject\",\"inLanguage\":\"fr-FR\",\"@id\":\"https:\\\/\\\/www.sources-hotels.com\\\/bordeaux\\\/#\\\/schema\\\/logo\\\/image\\\/\",\"url\":\"https:\\\/\\\/www.sources-hotels.com\\\/bordeaux\\\/wp-content\\\/uploads\\\/sites\\\/3\\\/2025\\\/03\\\/logo-caudalie.png\",\"contentUrl\":\"https:\\\/\\\/www.sources-hotels.com\\\/bordeaux\\\/wp-content\\\/uploads\\\/sites\\\/3\\\/2025\\\/03\\\/logo-caudalie.png\",\"width\":696,\"height\":308,\"caption\":\"Les Sources de Caudalie\"},\"image\":{\"@id\":\"https:\\\/\\\/www.sources-hotels.com\\\/bordeaux\\\/#\\\/schema\\\/logo\\\/image\\\/\"}}]}<\/script>\n<!-- \/ Yoast SEO plugin. -->","yoast_head_json":{"title":"Acces & Contact | Les Sources","description":"D\u00e9couvrez comment nous rejoindre ou nous contacter ! Plan d'acc\u00e8s et contact. Hotel les Sources de Caudalie","robots":{"index":"index","follow":"follow","max-snippet":"max-snippet:-1","max-image-preview":"max-image-preview:large","max-video-preview":"max-video-preview:-1"},"canonical":"https:\/\/www.sources-hotels.com\/bordeaux\/acces-et-contact\/","og_locale":"fr_FR","og_type":"article","og_title":"Acces & Contact | Les Sources","og_description":"D\u00e9couvrez comment nous rejoindre ou nous contacter ! Plan d'acc\u00e8s et contact. Hotel les Sources de Caudalie","og_url":"https:\/\/www.sources-hotels.com\/bordeaux\/acces-et-contact\/","og_site_name":"Les Sources de Caudalie","article_modified_time":"2026-02-24T11:10:26+00:00","twitter_card":"summary_large_image","schema":{"@context":"https:\/\/schema.org","@graph":[{"@type":"WebPage","@id":"https:\/\/www.sources-hotels.com\/bordeaux\/acces-et-contact\/","url":"https:\/\/www.sources-hotels.com\/bordeaux\/acces-et-contact\/","name":"Acces & Contact | Les Sources","isPartOf":{"@id":"https:\/\/www.sources-hotels.com\/bordeaux\/#website"},"datePublished":"2024-12-31T14:08:16+00:00","dateModified":"2026-02-24T11:10:26+00:00","description":"D\u00e9couvrez comment nous rejoindre ou nous contacter ! Plan d'acc\u00e8s et contact. Hotel les Sources de Caudalie","breadcrumb":{"@id":"https:\/\/www.sources-hotels.com\/bordeaux\/acces-et-contact\/#breadcrumb"},"inLanguage":"fr-FR","potentialAction":[{"@type":"ReadAction","target":["https:\/\/www.sources-hotels.com\/bordeaux\/acces-et-contact\/"]}]},{"@type":"BreadcrumbList","@id":"https:\/\/www.sources-hotels.com\/bordeaux\/acces-et-contact\/#breadcrumb","itemListElement":[{"@type":"ListItem","position":1,"name":"Accueil","item":"https:\/\/www.sources-hotels.com\/bordeaux\/"},{"@type":"ListItem","position":2,"name":"Acc\u00e8s et contact"}]},{"@type":"WebSite","@id":"https:\/\/www.sources-hotels.com\/bordeaux\/#website","url":"https:\/\/www.sources-hotels.com\/bordeaux\/","name":"Les Sources de Caudalie","description":"","publisher":{"@id":"https:\/\/www.sources-hotels.com\/bordeaux\/#organization"},"potentialAction":[{"@type":"SearchAction","target":{"@type":"EntryPoint","urlTemplate":"https:\/\/www.sources-hotels.com\/bordeaux\/?s={search_term_string}"},"query-input":{"@type":"PropertyValueSpecification","valueRequired":true,"valueName":"search_term_string"}}],"inLanguage":"fr-FR"},{"@type":"Organization","@id":"https:\/\/www.sources-hotels.com\/bordeaux\/#organization","name":"Les Sources de Caudalie","url":"https:\/\/www.sources-hotels.com\/bordeaux\/","logo":{"@type":"ImageObject","inLanguage":"fr-FR","@id":"https:\/\/www.sources-hotels.com\/bordeaux\/#\/schema\/logo\/image\/","url":"https:\/\/www.sources-hotels.com\/bordeaux\/wp-content\/uploads\/sites\/3\/2025\/03\/logo-caudalie.png","contentUrl":"https:\/\/www.sources-hotels.com\/bordeaux\/wp-content\/uploads\/sites\/3\/2025\/03\/logo-caudalie.png","width":696,"height":308,"caption":"Les Sources de Caudalie"},"image":{"@id":"https:\/\/www.sources-hotels.com\/bordeaux\/#\/schema\/logo\/image\/"}}]}},"_links":{"self":[{"href":"https:\/\/www.sources-hotels.com\/bordeaux\/wp-json\/wp\/v2\/pages\/389","targetHints":{"allow":["GET"]}}],"collection":[{"href":"https:\/\/www.sources-hotels.com\/bordeaux\/wp-json\/wp\/v2\/pages"}],"about":[{"href":"https:\/\/www.sources-hotels.com\/bordeaux\/wp-json\/wp\/v2\/types\/page"}],"author":[{"embeddable":true,"href":"https:\/\/www.sources-hotels.com\/bordeaux\/wp-json\/wp\/v2\/users\/1"}],"replies":[{"embeddable":true,"href":"https:\/\/www.sources-hotels.com\/bordeaux\/wp-json\/wp\/v2\/comments?post=389"}],"version-history":[{"count":31,"href":"https:\/\/www.sources-hotels.com\/bordeaux\/wp-json\/wp\/v2\/pages\/389\/revisions"}],"predecessor-version":[{"id":6166,"href":"https:\/\/www.sources-hotels.com\/bordeaux\/wp-json\/wp\/v2\/pages\/389\/revisions\/6166"}],"wp:attachment":[{"href":"https:\/\/www.sources-hotels.com\/bordeaux\/wp-json\/wp\/v2\/media?parent=389"}],"wp:term":[{"taxonomy":"hotels","embeddable":true,"href":"https:\/\/www.sources-hotels.com\/bordeaux\/wp-json\/wp\/v2\/hotels?post=389"},{"taxonomy":"doc_cat","embeddable":true,"href":"https:\/\/www.sources-hotels.com\/bordeaux\/wp-json\/wp\/v2\/doc_cat?post=389"}],"curies":[{"name":"wp","href":"https:\/\/api.w.org\/{rel}","templated":true}]}}