{"id":6178,"date":"2026-02-25T09:30:03","date_gmt":"2026-02-25T08:30:03","guid":{"rendered":"https:\/\/www.sources-hotels.com\/bordeaux\/?page_id=6178"},"modified":"2026-02-25T16:43:03","modified_gmt":"2026-02-25T15:43:03","slug":"diner-4-mains","status":"publish","type":"page","link":"https:\/\/www.sources-hotels.com\/bordeaux\/diner-4-mains\/","title":{"rendered":"D\u00eener 4 mains"},"content":{"rendered":"\n<section class=\"custom-block block--header h-[206rem] text-center text-white overflow-hidden pt-[100rem] relative tablet:h-[700rem] tablet:pt-[420rem]\">\n\n    <h1>\n                            D\u00eener 4 mains             <\/h1>\n\n    \n    <span class=\"scroll-down hidden text-[12rem] tracking-[2rem] uppercase font-title cursor-pointer opacity-[64%] pb-[66rem] absolute left-2\/4 bottom-0 translate-x-[-50%] after:w-[1px] after:h-[50rem] after:bg-white after:opacity-[40%] after:absolute after:bottom-0 after:left-[50%] tablet:block\">\n        Voir la suite    <\/span>\n\n    <figure class=\"min-w-full min-h-full aspect-video overflow-hidden absolute top-2\/4 left-2\/4 translate-x-[-50%] translate-y-[-50%] z-[-1] before:bg-black before:opacity-[35%] before:mix-blend-multiply before:absolute before:top-0 before:left-0 before:right-0 before:bottom-0 before:z-[2]\">\n                    <img loading=\"lazy\" decoding=\"async\" width=\"2880\" height=\"1800\" src=\"https:\/\/www.sources-hotels.com\/bordeaux\/wp-content\/uploads\/sites\/3\/2026\/02\/\u00a9Maison-Mouton-Noir-\u00a9Ash-Design_6-2880x1800.jpg\" class=\"h-full w-full object-cover object-center\" alt=\"\" \/>            <\/figure>\n    \n<\/section>\n\n    \n\n\n<section class=\"custom-block block--title-introduction text-center tablet:!pb-[60rem]\">\n\n    \n    <div class=\"tablet:w-[970rem] tablet:inline-block\">\n        <p>&nbsp;<\/p>\n<p>\u00c0 l\u2019occasion de <em>Momentum<\/em>, initiative internationale imagin\u00e9e par Les Grandes Tables du Monde, La Grand&rsquo;Vigne aux Sources de Caudalie accueillera un d\u00eener d\u2019exception r\u00e9unissant deux grandes figures de la gastronomie europ\u00e9enne : le Chef allemand Jan Hartwig et le Chef Nicolas Masse.<\/p>\n    <\/div>\n\n<\/section>\n\n\n\n<section class=\"custom-block block--cooking-classes bg-white\">\n\n            <h2 class=\"block-title\">La rencontre de deux univers culinaires<\/h2>\n    \n    <div class=\"content-wrapper picture-left\">\n\n        <div class=\"text\">\n\n                            <h4 class=\"subtitle\">La Grand&rsquo;Vigne<\/h4>\n            \n                            <div class=\"content rte\">\n                    <p data-start=\"0\" data-end=\"195\">Le lundi 13 avril, <span class=\"hover:entity-accent entity-underline inline cursor-pointer align-baseline\"><span class=\"whitespace-normal\">Nicolas Masse<\/span><\/span> a l\u2019honneur de recevoir <span class=\"hover:entity-accent entity-underline inline cursor-pointer align-baseline\"><span class=\"whitespace-normal\">Jan Hartwig<\/span><\/span>, chef allemand triplement \u00e9toil\u00e9, pour un d\u00eener 4 mains d\u2019exception.<\/p>\n<p data-start=\"197\" data-end=\"412\">Pour cette soir\u00e9e unique, les deux chefs ont imagin\u00e9 un <strong data-start=\"253\" data-end=\"274\">menu en six temps<\/strong>, pens\u00e9 comme un dialogue parfaitement \u00e9quilibr\u00e9 :<br data-start=\"324\" data-end=\"327\" \/>trois cr\u00e9ations sign\u00e9es Jan Hartwig et trois cr\u00e9ations sign\u00e9es Nicolas Masse.<\/p>\n<p>Ce format permet \u00e0 chacun d\u2019exprimer pleinement son identit\u00e9 culinaire, dans une conversation subtile entre la sc\u00e8ne allemande contemporaine et le terroir de Pessac-L\u00e9ognan.<\/p>\n<p>Le Ch\u00e2teau Smith Haut Lafitte s\u2019associe au d\u00eener afin de cr\u00e9er un accord mets et vins sur mesure. Chaque cuv\u00e9e sera s\u00e9lectionn\u00e9e pour accompagner les six s\u00e9quences du menu et sublimer l\u2019exp\u00e9rience.<\/p>\n<p>&nbsp;<\/p>\n                <\/div>\n            \n            \n            \n                            <div class=\"infos\">\n\n                                            <div class=\"content-info location\">\n                            <svg xmlns=\"http:\/\/www.w3.org\/2000\/svg\" width=\"17\" height=\"25\" viewBox=\"0 0 17 25\" fill=\"none\">\n<g clip-path=\"url(#clip0_1056_7812)\">\n<path d=\"M17.0005 9.31736C16.9607 10.8293 16.2655 12.7097 15.4512 14.5466C13.9739 17.875 11.9901 20.8912 9.92188 23.8487C9.82505 23.9868 9.72326 24.1199 9.61898 24.2503C8.82447 25.2481 8.12679 25.2558 7.36953 24.2145C4.95372 20.881 2.7142 17.4324 1.14008 13.5795C0.44737 11.8782 -0.0814749 10.1181 0.0103901 8.21983C0.174258 4.85307 2.47337 1.73702 5.53967 0.552517C9.66863 -1.04132 14.2743 0.928592 16.1786 4.95285C16.6678 5.98641 17.0054 7.47792 17.0029 9.31736H17.0005ZM8.43963 23.9331C8.70529 23.6261 8.87413 23.4675 8.99827 23.2807C10.1255 21.5871 11.3048 19.9268 12.3476 18.182C13.7802 15.7823 15.0763 13.3058 15.7193 10.5223C16.5933 6.73088 14.6914 2.99828 11.1385 1.60399C6.25721 -0.312199 1.03332 3.41017 1.05567 8.80057C1.06311 10.4686 1.56713 12.0369 2.27226 13.4925C3.29767 15.6108 4.41991 17.6857 5.60423 19.7144C6.43598 21.1394 7.43904 22.4595 8.43715 23.9331H8.43963Z\" fill=\"black\"\/>\n<path d=\"M12.7934 8.44248C12.7834 10.8806 10.8741 12.8403 8.50799 12.8377C6.15177 12.8377 4.18536 10.8243 4.20523 8.44248C4.22757 6.01463 6.1766 4.01657 8.5055 4.03448C10.8766 4.05239 12.8008 6.02998 12.7909 8.44248H12.7934ZM8.5055 11.753C10.2758 11.7478 11.7382 10.2615 11.7431 8.46039C11.7481 6.65677 10.2907 5.13968 8.5353 5.12433C6.75759 5.10898 5.26043 6.63375 5.25547 8.46295C5.25299 10.2384 6.7551 11.7606 8.5055 11.7555V11.753Z\" fill=\"black\"\/>\n<\/g>\n<defs>\n<clipPath id=\"clip0_1056_7812\">\n<rect width=\"17\" height=\"25\" fill=\"white\"\/>\n<\/clipPath>\n<\/defs>\n<\/svg>\n                            <div>\n                                <p>La Grand&rsquo;Vigne**<\/p>\n                            <\/div>\n                        <\/div>\n                    \n                                            <div class=\"content-info hour\">\n                            <svg xmlns=\"http:\/\/www.w3.org\/2000\/svg\" width=\"20\" height=\"20\" viewBox=\"0 0 20 20\" fill=\"none\">\n  <g clip-path=\"url(#clip0_1056_7799)\">\n    <path d=\"M9.97845 19.9977C4.55946 20.1185 0.0182476 15.5219 5.5436e-05 10.1026C-0.0181367 4.53283 4.44349 0.0114085 9.98755 1.37737e-05C15.4816 -0.009102 20.0069 4.50776 20.0001 10.0228C19.9955 15.5492 15.4225 20.1208 9.97845 19.9955V19.9977ZM19.1132 10.0365C19.1109 5.01597 15.0086 0.866012 10.0421 0.861454C5.02109 0.856896 0.948321 4.9476 0.882375 9.94304C0.816428 14.8314 4.80278 19.1522 10.0057 19.1591C15.0109 19.1659 19.1177 15.0479 19.1132 10.0365Z\" fill=\"black\"\/>\n    <path d=\"M9.97988 9.35964C11.1419 8.20193 12.2334 7.11032 13.325 6.01871C13.4591 5.88425 13.5797 5.73612 13.7206 5.61533C13.948 5.42162 14.1891 5.15727 14.4915 5.48315C14.7599 5.7703 14.5484 6.00275 14.3483 6.21697C14.0617 6.51779 13.7729 6.81634 13.4819 7.1126C12.5427 8.06975 11.6081 9.02691 10.6644 9.97951C10.1004 10.5492 9.89574 10.5447 9.31132 9.97495C8.78602 9.46219 8.25617 8.95171 7.74452 8.42071C7.53985 8.20877 7.28289 7.94669 7.58079 7.64131C7.87868 7.33593 8.11746 7.57067 8.34486 7.79172C8.86788 8.30221 9.4 8.80813 9.97533 9.36192L9.97988 9.35964Z\" fill=\"black\"\/>\n    <path d=\"M3.885 9.88376C3.885 10.0957 3.68034 10.2712 3.43019 10.2712H2.05441C1.80427 10.2712 1.59961 10.098 1.59961 9.88376C1.59961 9.66954 1.80427 9.49634 2.05441 9.49634H3.43019C3.68034 9.49634 3.885 9.66954 3.885 9.88376Z\" fill=\"black\"\/>\n    <path d=\"M18.0315 9.88376C18.0315 10.0957 17.8268 10.2712 17.5767 10.2712H16.2009C15.9508 10.2712 15.7461 10.098 15.7461 9.88376C15.7461 9.66954 15.9508 9.49634 16.2009 9.49634H17.5767C17.8268 9.49634 18.0315 9.66954 18.0315 9.88376Z\" fill=\"black\"\/>\n    <path d=\"M9.98619 4.06561C9.77471 4.06561 9.59961 3.8605 9.59961 3.60982V2.23106C9.59961 1.98037 9.77244 1.77527 9.98619 1.77527C10.2 1.77527 10.3728 1.98037 10.3728 2.23106V3.60982C10.3728 3.8605 10.2 4.06561 9.98619 4.06561Z\" fill=\"black\"\/>\n    <path d=\"M9.98619 18.243C9.77471 18.243 9.59961 18.0379 9.59961 17.7872V16.4084C9.59961 16.1577 9.77244 15.9526 9.98619 15.9526C10.2 15.9526 10.3728 16.1577 10.3728 16.4084V17.7872C10.3728 18.0379 10.2 18.243 9.98619 18.243Z\" fill=\"black\"\/>\n  <\/g>\n  <defs>\n    <clipPath id=\"clip0_1056_7799\">\n      <rect width=\"20\" height=\"20\" fill=\"white\"\/>\n    <\/clipPath>\n  <\/defs>\n<\/svg>\n                            <div>\n                                <p>Lundi 13 avril \u00e0 19h30<\/p>\n                            <\/div>\n                        <\/div>\n                    \n                                            <div class=\"content-info price\">\n                            <svg xmlns=\"http:\/\/www.w3.org\/2000\/svg\" width=\"18\" height=\"20\" viewBox=\"0 0 18 20\" fill=\"none\">\n  <path d=\"M13.357 10.8037C13.2175 10.743 13.098 10.6679 12.9672 10.5898C12.9102 10.5551 12.8533 10.5204 12.7936 10.4857L12.4721 10.3007L12.731 10.0318C14.737 7.94453 15.5337 4.33655 13.0554 1.76645C11.9599 0.627388 10.5116 0.00292969 8.9779 0.00292969C7.68609 0.00292969 6.42273 0.468382 5.41831 1.31256C4.28299 2.26659 3.61148 3.50683 3.42653 5.00438C3.1932 6.86619 3.80212 8.51406 5.28173 10.0376L5.55489 10.3181L5.21059 10.4973C5.12239 10.5435 5.04271 10.584 4.96873 10.6245C4.79516 10.717 4.65859 10.7893 4.51916 10.8529C2.66396 11.6797 1.32378 13.0501 0.541292 14.9321C-0.00217972 16.2302 -0.0220975 17.6005 0.00920189 19.127C0.0234289 19.8555 0.162853 19.9943 0.885585 19.9971C2.08634 20 3.28426 20 4.48502 19.9971H9.42178C11.9826 19.9971 14.5378 19.9971 17.0958 19.9914C17.8356 19.9914 17.9864 19.8353 17.995 19.0662V18.8986C18.0007 18.5343 18.0064 18.1556 17.9921 17.7855C17.8669 14.4695 16.3077 12.1192 13.357 10.8008V10.8037ZM4.51916 5.68954C4.51347 3.15413 6.45972 1.14488 8.95229 1.11886C10.1531 1.1073 11.2741 1.56407 12.1278 2.41692C12.9928 3.27844 13.4736 4.43774 13.4822 5.67798C13.4992 8.19605 11.5217 10.2602 9.07465 10.2863H9.02912C7.81982 10.2863 6.69305 9.82369 5.85365 8.97951C4.99719 8.11799 4.52485 6.95002 4.52201 5.68954H4.51916ZM15.8439 18.887C14.2277 18.8783 12.6115 18.8783 10.9953 18.8783H8.9779C8.37468 18.8783 7.77145 18.8783 7.17107 18.8783H7.0601C5.48375 18.8725 3.85618 18.8697 2.25707 18.8928H2.21154C1.82457 18.8928 1.57133 18.8118 1.38922 18.6297C1.20142 18.4389 1.11606 18.1614 1.11891 17.7248C1.13883 14.4695 3.4749 11.7982 6.55647 11.512C8.25802 11.353 9.93965 11.3588 11.553 11.5265C14.6374 11.8474 16.9735 14.6632 16.8739 17.9359C16.8483 18.7685 16.3617 18.8841 15.8439 18.887Z\" fill=\"black\"\/>\n<\/svg>\n                            <div>\n                                <p>360\u20ac par personne incluant l&rsquo;accord mets et vins<\/p>\n                            <\/div>\n                        <\/div>\n                    \n                <\/div>\n            \n                            <div class=\"cta-wrapper\">\n                      <a href=\"https:\/\/ib.guestonline.fr\/instabook\/bookings\/duD4XZT\"  class=\"button\" >\n        R\u00e9server une table  <\/a>\n                <\/div>\n            \n        <\/div>\n        <div class=\"relative\">\n            <figure class=\"image\">\n                <img loading=\"lazy\" decoding=\"async\" width=\"1260\" height=\"1000\" src=\"https:\/\/www.sources-hotels.com\/bordeaux\/wp-content\/uploads\/sites\/3\/2026\/02\/Momentum-Duo-La-GrandVigne-paysage-1260x1000.png\" class=\"h-full w-full object-cover object-center\" alt=\"\" \/>            <\/figure>\n                    <\/div>\n    <\/div>\n\n<\/section>\n\n\n<section class=\"custom-block block--text-small-visual-watermark style-image-right background-white pt-[30rem] tablet:pt-[110rem] \">\n\n    \n    <div class=\"block-content w-[255rem] flex flex-col gap-[20rem] mx-auto tablet:w-auto tablet:flex-row tablet:px-0 tablet:gap-[105rem] tablet:mx-0\">\n\n        <figure class=\"w-full h-[200rem] flex-initial relative z-[1] tablet:w-[630rem] tablet:h-[500rem]\">\n\n            <img loading=\"lazy\" decoding=\"async\" width=\"1260\" height=\"1000\" src=\"https:\/\/www.sources-hotels.com\/bordeaux\/wp-content\/uploads\/sites\/3\/2026\/02\/Jan-Chef-paysage-1260x1000.png\" class=\"w-full h-full object-cover object-center relative z-[2]\" alt=\"\" \/>\n            \n        <\/figure>\n\n        <div class=\"w-full flex flex-col flex-initial z-[2] tablet:w-[500rem]\">\n\n                            <h3 class=\"text-[16rem] uppercase text-theme font-text mb-[25rem] tablet:text-[22rem]\">\n                    Le Chef Jan Hartwig***                <\/h3>\n            \n            <div class=\"rte\"><p>Jan Hartwig est l\u2019un des chefs les plus embl\u00e9matiques de la sc\u00e8ne gastronomique allemande. Fondateur du restaurant JAN \u00e0 Munich, il y d\u00e9veloppe une cuisine triplement \u00e9toil\u00e9e Michelin, reconnue pour sa pr\u00e9cision, son intensit\u00e9 aromatique et son exigence absolue dans la s\u00e9lection des produits.<\/p>\n<p>Form\u00e9 aupr\u00e8s de grandes maisons europ\u00e9ennes, il a construit une identit\u00e9 culinaire singuli\u00e8re, alliant ma\u00eetrise classique et cr\u00e9ativit\u00e9 contemporaine. Sa cuisine se distingue par la nettet\u00e9 des go\u00fbts, la profondeur des sauces et une esth\u00e9tique \u00e9pur\u00e9e, au service d\u2019une exp\u00e9rience m\u00e9morable.<\/p>\n<\/div>\n\n            \n        <\/div>\n\n    <\/div>\n\n<\/section>\n\n\n<section class=\"custom-block block--text-small-visual-watermark style-image-left background-white pt-[30rem] tablet:pt-[110rem] \">\n\n    \n    <div class=\"block-content w-[255rem] flex flex-col gap-[20rem] mx-auto tablet:w-auto tablet:flex-row tablet:px-0 tablet:gap-[105rem] tablet:mx-0\">\n\n        <figure class=\"w-full h-[200rem] flex-initial relative z-[1] tablet:w-[630rem] tablet:h-[500rem]\">\n\n            <img loading=\"lazy\" decoding=\"async\" width=\"1260\" height=\"1000\" src=\"https:\/\/www.sources-hotels.com\/bordeaux\/wp-content\/uploads\/sites\/3\/2026\/02\/LesSourcesDeCaudalie_NicolasMasse_\u00a9QuentinTourbez_052023-4-1260x1000.jpg\" class=\"w-full h-full object-cover object-center relative z-[2]\" alt=\"\" \/>\n            \n        <\/figure>\n\n        <div class=\"w-full flex flex-col flex-initial z-[2] tablet:w-[500rem]\">\n\n                            <h3 class=\"text-[16rem] uppercase text-theme font-text mb-[25rem] tablet:text-[22rem]\">\n                    Le Chef Nicolas Masse**                <\/h3>\n            \n            <div class=\"rte\"><p>Chef ex\u00e9cutif des Sources de Caudalie, Nicolas Masse dirige La Grand&rsquo;Vigne, restaurant doublement \u00e9toil\u00e9 Michelin depuis 2015. Sous son impulsion, l\u2019\u00e9tablissement a obtenu une premi\u00e8re \u00e9toile en 2010 puis une seconde en 2015, consacrant la constance et l\u2019excellence de son travail.<\/p>\n<p>Sa cuisine est profond\u00e9ment enracin\u00e9e dans le terroir viticole de Pessac-L\u00e9ognan. Inspir\u00e9 par la nature environnante et par la vigne, il compose ses menus comme un vigneron assemble un grand cru, cherchant \u00e0 capturer l\u2019essence du terroir dans chaque assiette. Son engagement \u00e9coresponsable, son attachement aux producteurs locaux et au potager maison nourrissent une gastronomie pr\u00e9cise, \u00e9l\u00e9gante et sinc\u00e8re.<\/p>\n<\/div>\n\n            \n        <\/div>\n\n    <\/div>\n\n<\/section>","protected":false},"excerpt":{"rendered":"","protected":false},"author":4,"featured_media":0,"parent":0,"menu_order":0,"comment_status":"closed","ping_status":"closed","template":"","meta":{"_acf_changed":false,"footnotes":""},"hotels":[],"doc_cat":[],"class_list":["post-6178","page","type-page","status-publish","hentry"],"acf":[],"yoast_head":"<!-- This site is optimized with the Yoast SEO plugin v25.6 - https:\/\/yoast.com\/wordpress\/plugins\/seo\/ -->\n<title>D\u00eener 4 mains \u00e0 La Grand\u2019Vigne | Les Sources de Caudalie<\/title>\n<meta name=\"description\" content=\"Le 13 avril, La Grand\u2019Vigne accueille un d\u00eener 4 mains d\u2019exception avec Nicolas Masse et le chef triplement \u00e9toil\u00e9 Jan Hartwig aux Sources de Caudalie.\" \/>\n<meta name=\"robots\" content=\"index, follow, max-snippet:-1, max-image-preview:large, max-video-preview:-1\" \/>\n<link rel=\"canonical\" href=\"https:\/\/www.sources-hotels.com\/bordeaux\/diner-4-mains\/\" \/>\n<meta property=\"og:locale\" content=\"fr_FR\" \/>\n<meta property=\"og:type\" content=\"article\" \/>\n<meta property=\"og:title\" content=\"D\u00eener 4 mains \u00e0 La Grand\u2019Vigne | Les Sources de Caudalie\" \/>\n<meta property=\"og:description\" content=\"Le 13 avril, La Grand\u2019Vigne accueille un d\u00eener 4 mains d\u2019exception avec Nicolas Masse et le chef triplement \u00e9toil\u00e9 Jan Hartwig aux Sources de Caudalie.\" \/>\n<meta property=\"og:url\" content=\"https:\/\/www.sources-hotels.com\/bordeaux\/diner-4-mains\/\" \/>\n<meta property=\"og:site_name\" content=\"Les Sources de Caudalie\" \/>\n<meta property=\"article:modified_time\" content=\"2026-02-25T15:43:03+00:00\" \/>\n<meta name=\"twitter:card\" content=\"summary_large_image\" \/>\n<script type=\"application\/ld+json\" class=\"yoast-schema-graph\">{\"@context\":\"https:\/\/schema.org\",\"@graph\":[{\"@type\":\"WebPage\",\"@id\":\"https:\/\/www.sources-hotels.com\/bordeaux\/diner-4-mains\/\",\"url\":\"https:\/\/www.sources-hotels.com\/bordeaux\/diner-4-mains\/\",\"name\":\"D\u00eener 4 mains \u00e0 La Grand\u2019Vigne | Les Sources de Caudalie\",\"isPartOf\":{\"@id\":\"https:\/\/www.sources-hotels.com\/bordeaux\/#website\"},\"datePublished\":\"2026-02-25T08:30:03+00:00\",\"dateModified\":\"2026-02-25T15:43:03+00:00\",\"description\":\"Le 13 avril, La Grand\u2019Vigne accueille un d\u00eener 4 mains d\u2019exception avec Nicolas Masse et le chef triplement \u00e9toil\u00e9 Jan Hartwig aux Sources de Caudalie.\",\"breadcrumb\":{\"@id\":\"https:\/\/www.sources-hotels.com\/bordeaux\/diner-4-mains\/#breadcrumb\"},\"inLanguage\":\"fr-FR\",\"potentialAction\":[{\"@type\":\"ReadAction\",\"target\":[\"https:\/\/www.sources-hotels.com\/bordeaux\/diner-4-mains\/\"]}]},{\"@type\":\"BreadcrumbList\",\"@id\":\"https:\/\/www.sources-hotels.com\/bordeaux\/diner-4-mains\/#breadcrumb\",\"itemListElement\":[{\"@type\":\"ListItem\",\"position\":1,\"name\":\"Accueil\",\"item\":\"https:\/\/www.sources-hotels.com\/bordeaux\/\"},{\"@type\":\"ListItem\",\"position\":2,\"name\":\"D\u00eener 4 mains\"}]},{\"@type\":\"WebSite\",\"@id\":\"https:\/\/www.sources-hotels.com\/bordeaux\/#website\",\"url\":\"https:\/\/www.sources-hotels.com\/bordeaux\/\",\"name\":\"Les Sources de Caudalie\",\"description\":\"\",\"publisher\":{\"@id\":\"https:\/\/www.sources-hotels.com\/bordeaux\/#organization\"},\"potentialAction\":[{\"@type\":\"SearchAction\",\"target\":{\"@type\":\"EntryPoint\",\"urlTemplate\":\"https:\/\/www.sources-hotels.com\/bordeaux\/?s={search_term_string}\"},\"query-input\":{\"@type\":\"PropertyValueSpecification\",\"valueRequired\":true,\"valueName\":\"search_term_string\"}}],\"inLanguage\":\"fr-FR\"},{\"@type\":\"Organization\",\"@id\":\"https:\/\/www.sources-hotels.com\/bordeaux\/#organization\",\"name\":\"Les Sources de Caudalie\",\"url\":\"https:\/\/www.sources-hotels.com\/bordeaux\/\",\"logo\":{\"@type\":\"ImageObject\",\"inLanguage\":\"fr-FR\",\"@id\":\"https:\/\/www.sources-hotels.com\/bordeaux\/#\/schema\/logo\/image\/\",\"url\":\"https:\/\/www.sources-hotels.com\/bordeaux\/wp-content\/uploads\/sites\/3\/2025\/03\/logo-caudalie.png\",\"contentUrl\":\"https:\/\/www.sources-hotels.com\/bordeaux\/wp-content\/uploads\/sites\/3\/2025\/03\/logo-caudalie.png\",\"width\":696,\"height\":308,\"caption\":\"Les Sources de Caudalie\"},\"image\":{\"@id\":\"https:\/\/www.sources-hotels.com\/bordeaux\/#\/schema\/logo\/image\/\"}}]}<\/script>\n<!-- \/ Yoast SEO plugin. -->","yoast_head_json":{"title":"D\u00eener 4 mains \u00e0 La Grand\u2019Vigne | Les Sources de Caudalie","description":"Le 13 avril, La Grand\u2019Vigne accueille un d\u00eener 4 mains d\u2019exception avec Nicolas Masse et le chef triplement \u00e9toil\u00e9 Jan Hartwig aux Sources de Caudalie.","robots":{"index":"index","follow":"follow","max-snippet":"max-snippet:-1","max-image-preview":"max-image-preview:large","max-video-preview":"max-video-preview:-1"},"canonical":"https:\/\/www.sources-hotels.com\/bordeaux\/diner-4-mains\/","og_locale":"fr_FR","og_type":"article","og_title":"D\u00eener 4 mains \u00e0 La Grand\u2019Vigne | Les Sources de Caudalie","og_description":"Le 13 avril, La Grand\u2019Vigne accueille un d\u00eener 4 mains d\u2019exception avec Nicolas Masse et le chef triplement \u00e9toil\u00e9 Jan Hartwig aux Sources de Caudalie.","og_url":"https:\/\/www.sources-hotels.com\/bordeaux\/diner-4-mains\/","og_site_name":"Les Sources de Caudalie","article_modified_time":"2026-02-25T15:43:03+00:00","twitter_card":"summary_large_image","schema":{"@context":"https:\/\/schema.org","@graph":[{"@type":"WebPage","@id":"https:\/\/www.sources-hotels.com\/bordeaux\/diner-4-mains\/","url":"https:\/\/www.sources-hotels.com\/bordeaux\/diner-4-mains\/","name":"D\u00eener 4 mains \u00e0 La Grand\u2019Vigne | Les Sources de Caudalie","isPartOf":{"@id":"https:\/\/www.sources-hotels.com\/bordeaux\/#website"},"datePublished":"2026-02-25T08:30:03+00:00","dateModified":"2026-02-25T15:43:03+00:00","description":"Le 13 avril, La Grand\u2019Vigne accueille un d\u00eener 4 mains d\u2019exception avec Nicolas Masse et le chef triplement \u00e9toil\u00e9 Jan Hartwig aux Sources de Caudalie.","breadcrumb":{"@id":"https:\/\/www.sources-hotels.com\/bordeaux\/diner-4-mains\/#breadcrumb"},"inLanguage":"fr-FR","potentialAction":[{"@type":"ReadAction","target":["https:\/\/www.sources-hotels.com\/bordeaux\/diner-4-mains\/"]}]},{"@type":"BreadcrumbList","@id":"https:\/\/www.sources-hotels.com\/bordeaux\/diner-4-mains\/#breadcrumb","itemListElement":[{"@type":"ListItem","position":1,"name":"Accueil","item":"https:\/\/www.sources-hotels.com\/bordeaux\/"},{"@type":"ListItem","position":2,"name":"D\u00eener 4 mains"}]},{"@type":"WebSite","@id":"https:\/\/www.sources-hotels.com\/bordeaux\/#website","url":"https:\/\/www.sources-hotels.com\/bordeaux\/","name":"Les Sources de Caudalie","description":"","publisher":{"@id":"https:\/\/www.sources-hotels.com\/bordeaux\/#organization"},"potentialAction":[{"@type":"SearchAction","target":{"@type":"EntryPoint","urlTemplate":"https:\/\/www.sources-hotels.com\/bordeaux\/?s={search_term_string}"},"query-input":{"@type":"PropertyValueSpecification","valueRequired":true,"valueName":"search_term_string"}}],"inLanguage":"fr-FR"},{"@type":"Organization","@id":"https:\/\/www.sources-hotels.com\/bordeaux\/#organization","name":"Les Sources de Caudalie","url":"https:\/\/www.sources-hotels.com\/bordeaux\/","logo":{"@type":"ImageObject","inLanguage":"fr-FR","@id":"https:\/\/www.sources-hotels.com\/bordeaux\/#\/schema\/logo\/image\/","url":"https:\/\/www.sources-hotels.com\/bordeaux\/wp-content\/uploads\/sites\/3\/2025\/03\/logo-caudalie.png","contentUrl":"https:\/\/www.sources-hotels.com\/bordeaux\/wp-content\/uploads\/sites\/3\/2025\/03\/logo-caudalie.png","width":696,"height":308,"caption":"Les Sources de Caudalie"},"image":{"@id":"https:\/\/www.sources-hotels.com\/bordeaux\/#\/schema\/logo\/image\/"}}]}},"_links":{"self":[{"href":"https:\/\/www.sources-hotels.com\/bordeaux\/wp-json\/wp\/v2\/pages\/6178","targetHints":{"allow":["GET"]}}],"collection":[{"href":"https:\/\/www.sources-hotels.com\/bordeaux\/wp-json\/wp\/v2\/pages"}],"about":[{"href":"https:\/\/www.sources-hotels.com\/bordeaux\/wp-json\/wp\/v2\/types\/page"}],"author":[{"embeddable":true,"href":"https:\/\/www.sources-hotels.com\/bordeaux\/wp-json\/wp\/v2\/users\/4"}],"replies":[{"embeddable":true,"href":"https:\/\/www.sources-hotels.com\/bordeaux\/wp-json\/wp\/v2\/comments?post=6178"}],"version-history":[{"count":43,"href":"https:\/\/www.sources-hotels.com\/bordeaux\/wp-json\/wp\/v2\/pages\/6178\/revisions"}],"predecessor-version":[{"id":6270,"href":"https:\/\/www.sources-hotels.com\/bordeaux\/wp-json\/wp\/v2\/pages\/6178\/revisions\/6270"}],"wp:attachment":[{"href":"https:\/\/www.sources-hotels.com\/bordeaux\/wp-json\/wp\/v2\/media?parent=6178"}],"wp:term":[{"taxonomy":"hotels","embeddable":true,"href":"https:\/\/www.sources-hotels.com\/bordeaux\/wp-json\/wp\/v2\/hotels?post=6178"},{"taxonomy":"doc_cat","embeddable":true,"href":"https:\/\/www.sources-hotels.com\/bordeaux\/wp-json\/wp\/v2\/doc_cat?post=6178"}],"curies":[{"name":"wp","href":"https:\/\/api.w.org\/{rel}","templated":true}]}}