{"id":3946,"date":"2026-01-30T09:32:00","date_gmt":"2026-01-30T08:32:00","guid":{"rendered":"https:\/\/www.sources-hotels.com\/bourgogne\/?page_id=3946"},"modified":"2026-04-27T10:55:38","modified_gmt":"2026-04-27T08:55:38","slug":"zimmer-suiten","status":"publish","type":"page","link":"https:\/\/www.sources-hotels.com\/bourgogne\/de\/zimmer-suiten\/","title":{"rendered":"Zimmer &amp; Suiten"},"content":{"rendered":"\n<section class=\"custom-block block--header h-[206rem] text-center text-white overflow-hidden pt-[100rem] relative tablet:h-[700rem] tablet:pt-[420rem]\">\n\n    <h1>\n                            Unsere Zimmer &amp; Suites            <\/h1>\n\n    \n    <span class=\"scroll-down hidden text-[12rem] tracking-[2rem] uppercase font-title cursor-pointer opacity-[64%] pb-[66rem] absolute left-2\/4 bottom-0 translate-x-[-50%] after:w-[1px] after:h-[50rem] after:bg-white after:opacity-[40%] after:absolute after:bottom-0 after:left-[50%] tablet:block\">\n        Siehe die Fortsetzung    <\/span>\n\n    <figure class=\"min-w-full min-h-full aspect-video overflow-hidden absolute top-2\/4 left-2\/4 translate-x-[-50%] translate-y-[-50%] z-[-1] before:bg-black before:opacity-[35%] before:mix-blend-multiply before:absolute before:top-0 before:left-0 before:right-0 before:bottom-0 before:z-[2]\">\n                    <img loading=\"lazy\" decoding=\"async\" width=\"2880\" height=\"1800\" src=\"https:\/\/www.sources-hotels.com\/bourgogne\/wp-content\/uploads\/sites\/5\/2026\/02\/Chambre-header-2880x1800.jpg\" class=\"h-full w-full object-cover object-center\" alt=\"Chambres Les Sources de Vougeot\" \/>            <\/figure>\n    \n<\/section>\n\n    \n\n\n<section class=\"custom-block block--title-introduction text-center tablet:!pb-[60rem]\">\n\n            <h2 class=\"block-title\">Im Herzen der Weinberge des Burgund \u00fcbernachten<\/h2>\n    \n    <div class=\"tablet:w-[970rem] tablet:inline-block\">\n        <p>Les Sources de Vougeot beherbergen 49 Zimmer und Suiten, die dazu einladen, Burgund in seiner ganzen Authentizit\u00e4t zu entdecken. Die Seele unseres Hauses offenbart sich im Ch\u00e2teau de Gilly, das im Laufe des Aufenthalts zum Leben erwacht und seine Geheimnisse preisgibt. Jeder Raum erz\u00e4hlt ein St\u00fcck Geschichte \u2013 Weinbauerbe, kl\u00f6sterliche Erinnerung und zeitgen\u00f6ssische Eleganz vereinen sich hier zu einer einzigartigen Atmosph\u00e4re.<\/p>\n<p>Nat\u00fcrliche Materialien und eine sorgf\u00e4ltig gestaltete Einrichtung schaffen eine harmonische Verbindung zwischen Vergangenheit und Gegenwart. Jeder Aufenthalt wird so zu einer zugleich pers\u00f6nlichen und gro\u00dfz\u00fcgigen Erfahrung, im Herzen einer Landschaft, die von Reben gepr\u00e4gt und von Tradition durchdrungen ist.<\/p>\n    <\/div>\n\n<\/section>\n\n\n\n<section class=\"custom-block block--room container mx-auto\">\n\n  <div class=\"content gallery-left\">\n\n    <div class=\"text\">\n\n              <h2 class=\"title\">Confort und Prestige Zimmer<\/h2>\n      \n      \n      <div class=\"description rte\">\n        <p>Die Zimmer spiegeln den Geist Burgunds wider \u2013 jedes mit einer eigenen Atmosph\u00e4re, in der Authentizit\u00e4t und moderne Eleganz miteinander verschmelzen. Die Auswahl der Materialien und die liebevollen Details betonen das historische Erbe und unterstreichen den besonderen Charme des Ortes.<\/p>\n<p>Die Kategorien Confort und Prestige bilden den Einstieg in unser Haus. Mit Blick auf die G\u00e4rten und die Wassergr\u00e4ben zeigen sie sich teils in eleganten, floralen Tapeten, teils in zarten Cremefarben \u2013 stets im Einklang mit dem architektonischen Erbe.<\/p>\n      <\/div>\n\n              <div class=\"ctas\">\n                        <a href=\"https:\/\/www.sources-hotels.com\/bourgogne\/de\/zimmer-suiten\/confort-prestige\/\"  class=\"button cta1\" >\n        Mehr erfahren  <\/a>\n                                <button class=\"button cta2 dedge-open\" >Reservieren <\/button>\n                  <\/div>\n      \n    <\/div>\n\n    <div class=\"slider\">\n              <div class=\"image\">\n          <figure>\n            <img loading=\"lazy\" decoding=\"async\" width=\"1260\" height=\"1600\" src=\"https:\/\/www.sources-hotels.com\/bourgogne\/wp-content\/uploads\/sites\/5\/2026\/02\/Chambre-confort-1260x1600.jpg\" class=\"w-full object-cover object-center\" alt=\"Chambre Les Sources de Vougeot\" \/>          <\/figure>\n        <\/div>\n              <div class=\"image\">\n          <figure>\n            <img loading=\"lazy\" decoding=\"async\" width=\"1260\" height=\"1600\" src=\"https:\/\/www.sources-hotels.com\/bourgogne\/wp-content\/uploads\/sites\/5\/2026\/02\/Chambre-prestige-1260x1600.jpg\" class=\"w-full object-cover object-center\" alt=\"Chambre Prestige Les Sources de Vougeot\" \/>          <\/figure>\n        <\/div>\n          <\/div>\n  <\/div>\n<\/section>\n\n\n\n\n<section class=\"custom-block block--room container mx-auto\">\n\n  <div class=\"content gallery-right\">\n\n    <div class=\"text\">\n\n              <h2 class=\"title\">Junior Suites &amp; Suites<\/h2>\n      \n      \n      <div class=\"description rte\">\n        <p>In Les Sources de Vougeot vereinen unsere Junior Suiten und Suiten Eleganz und Komfort im Herzen Burgunds. Ger\u00e4umig und einladend, verf\u00fcgen sie jeweils \u00fcber einen Wohnbereich, der als nat\u00fcrliche Verl\u00e4ngerung des Schlafzimmers gestaltet ist. Sie versprechen einen Aufenthalt voller Ruhe und Erholung \u2013 fernab des Alltags. Ideal f\u00fcr einen Aufenthalt zu zweit oder mit der Familie zeichnen sich die Junior Suiten und Suiten durch ihre gro\u00dfz\u00fcgigen R\u00e4ume und den gem\u00fctlichen Wohnbereich aus, der eine elegante und entspannende Atmosph\u00e4re bietet.<\/p>\n      <\/div>\n\n              <div class=\"ctas\">\n                        <a href=\"https:\/\/www.sources-hotels.com\/bourgogne\/de\/zimmer-suiten\/suiten\/\"  class=\"button cta1\" >\n        Mehr erfahren  <\/a>\n                                <button class=\"button cta2 dedge-open\" >Reservieren <\/button>\n                  <\/div>\n      \n    <\/div>\n\n    <div class=\"slider\">\n              <div class=\"image\">\n          <figure>\n            <img loading=\"lazy\" decoding=\"async\" width=\"1260\" height=\"1600\" src=\"https:\/\/www.sources-hotels.com\/bourgogne\/wp-content\/uploads\/sites\/5\/2026\/02\/Junior-Suite-1260x1600.jpg\" class=\"w-full object-cover object-center\" alt=\"Junior Suite hotel Bourgogne\" \/>          <\/figure>\n        <\/div>\n              <div class=\"image\">\n          <figure>\n            <img loading=\"lazy\" decoding=\"async\" width=\"1260\" height=\"1600\" src=\"https:\/\/www.sources-hotels.com\/bourgogne\/wp-content\/uploads\/sites\/5\/2026\/03\/SuiteSignature_salledebains-1260x1600.jpg\" class=\"w-full object-cover object-center\" alt=\"Suite Signature salle de bains\" \/>          <\/figure>\n        <\/div>\n              <div class=\"image\">\n          <figure>\n            <img loading=\"lazy\" decoding=\"async\" width=\"1260\" height=\"1600\" src=\"https:\/\/www.sources-hotels.com\/bourgogne\/wp-content\/uploads\/sites\/5\/2026\/03\/LesSourcesdeVougeot_juniorSuite_detail-1260x1600.jpg\" class=\"w-full object-cover object-center\" alt=\"Junior Suite Bourgogne\" \/>          <\/figure>\n        <\/div>\n          <\/div>\n  <\/div>\n<\/section>\n\n\n\n\n<section class=\"custom-block block--room container mx-auto\">\n\n  <div class=\"content gallery-left\">\n\n    <div class=\"text\">\n\n              <h2 class=\"title\">Exklusive Suite &#8211; La Vigne Rose<\/h2>\n      \n      \n      <div class=\"description rte\">\n        <p data-start=\"0\" data-end=\"366\">Lassen Sie sich von der Majest\u00e4t der Suite <em data-start=\"43\" data-end=\"58\">La Vigne Rose<\/em> und ihren 105 m\u00b2 verzaubern, die spektakul\u00e4re Raumvolumen offenbaren. Die G\u00e4ste k\u00f6nnen eine reich verzierte Kassettendecke bewundern, die als historisches Denkmal eingetragen ist, ebenso wie Gem\u00e4lde und Fresken aus vergangenen Zeiten \u2013 alles in harmonischem Dialog mit einem prachtvollen Fischgr\u00e4tparkett.<\/p>\n<p data-start=\"368\" data-end=\"718\">Ein wahrhaft exklusives Gef\u00fchl wird durch den privaten Barbereich verst\u00e4rkt, der Ihnen eine gro\u00dfe Auswahl an Cocktails zur Verf\u00fcgung stellt. Schlie\u00dflich wurde das Badezimmer als ein intimer, warmer Kokon gestaltet, in dem man wunderbar entspannen kann; es schlie\u00dft nahtlos an den Schlafbereich an und nutzt die Perspektiven in ihrer ganzen Weite aus.<\/p>\n      <\/div>\n\n              <div class=\"ctas\">\n                        <a href=\"https:\/\/www.sources-hotels.com\/bourgogne\/de\/zimmer-suiten\/exclusive-suite\/\"  class=\"button cta1\" >\n        Mehr erfahren  <\/a>\n                                <button class=\"button cta2 dedge-open\" >Reservieren <\/button>\n                  <\/div>\n      \n    <\/div>\n\n    <div class=\"slider\">\n              <div class=\"image\">\n          <figure>\n            <img loading=\"lazy\" decoding=\"async\" width=\"1260\" height=\"1363\" src=\"https:\/\/www.sources-hotels.com\/bourgogne\/wp-content\/uploads\/sites\/5\/2026\/04\/LesSourcesdeVougeot_LaVigneRose_\u00a9MaximilienForgetStudio-4-1260x1363.jpg\" class=\"w-full object-cover object-center\" alt=\"Chambre - La Suite Particuli\u00e8re\" \/>          <\/figure>\n        <\/div>\n              <div class=\"image\">\n          <figure>\n            <img loading=\"lazy\" decoding=\"async\" width=\"1260\" height=\"1364\" src=\"https:\/\/www.sources-hotels.com\/bourgogne\/wp-content\/uploads\/sites\/5\/2026\/04\/LesSourcesdeVougeot_LaVigneRose_\u00a9MaximilienForgetStudio-1260x1364.jpg\" class=\"w-full object-cover object-center\" alt=\"Salon - La Suite Particuli\u00e8re\" \/>          <\/figure>\n        <\/div>\n          <\/div>\n  <\/div>\n<\/section>\n\n\n\n\n<section class=\"custom-block block--room container mx-auto\">\n\n  <div class=\"content gallery-right\">\n\n    <div class=\"text\">\n\n              <h2 class=\"title\">Privates Haus &#8211; Le Moulin mit privatem nordischen Bad<\/h2>\n      \n      \n      <div class=\"description rte\">\n        <p>Mit Blick auf den bezaubernden Bach La Vouge ist Le Moulin ein wahrhaft privater Pavillon. Sein elegantes schmiedeeisernes Tor f\u00fchrt zu diesem reizvollen Haus mit typisch burgundischer Architektur. Es bietet Platz f\u00fcr bis zu f\u00fcnf G\u00e4ste und verf\u00fcgt \u00fcber einen gro\u00dfz\u00fcgigen Wohnbereich im Erdgeschoss, der sich ideal f\u00fcr gemeinsame Momente eignet, w\u00e4hrend ein ger\u00e4umiges Duplex-Schlafzimmer zu Ruhe und Entspannung einl\u00e4dt. Zudem steht den G\u00e4sten ein privates nordisches Bad zur exklusiven Nutzung zur Verf\u00fcgung. Die privilegierte Lage in erster Reihe zur Natur und in vollkommener Ruhe l\u00e4dt zu einem erholsamen Aufenthalt ein.<\/p>\n      <\/div>\n\n      \n    <\/div>\n\n    <div class=\"slider\">\n              <div class=\"image\">\n          <figure>\n            <img loading=\"lazy\" decoding=\"async\" width=\"1260\" height=\"1600\" src=\"https:\/\/www.sources-hotels.com\/bourgogne\/wp-content\/uploads\/sites\/5\/2026\/01\/180909-LC-0016-1260x1600.jpg\" class=\"w-full object-cover object-center\" alt=\"\" \/>          <\/figure>\n        <\/div>\n          <\/div>\n  <\/div>\n<\/section>\n\n","protected":false},"excerpt":{"rendered":"","protected":false},"author":1,"featured_media":0,"parent":0,"menu_order":0,"comment_status":"closed","ping_status":"closed","template":"","meta":{"_acf_changed":false,"footnotes":""},"hotels":[],"doc_cat":[],"class_list":["post-3946","page","type-page","status-publish","hentry"],"acf":[],"yoast_head":"<!-- This site is optimized with the Yoast SEO plugin v25.6 - https:\/\/yoast.com\/wordpress\/plugins\/seo\/ -->\n<title>Luxuri\u00f6se Zimmer und Suiten Burgund | Les Sources de Vougeot<\/title>\n<meta name=\"description\" content=\"Genie\u00dfen Sie den eleganten Aufenthalt in unseren luxuri\u00f6sen Zimmern und Suiten in Burgund \u2013 eine Einladung zur Entspannung in ruhiger Umgebung. Buchen Sie jetzt!\" \/>\n<meta name=\"robots\" content=\"index, follow, max-snippet:-1, max-image-preview:large, max-video-preview:-1\" \/>\n<link rel=\"canonical\" href=\"https:\/\/www.sources-hotels.com\/bourgogne\/de\/zimmer-suiten\/\" \/>\n<meta property=\"og:locale\" content=\"de_DE\" \/>\n<meta property=\"og:type\" content=\"article\" \/>\n<meta property=\"og:title\" content=\"Luxuri\u00f6se Zimmer und Suiten Burgund | Les Sources de Vougeot\" \/>\n<meta property=\"og:description\" content=\"Genie\u00dfen Sie den eleganten Aufenthalt in unseren luxuri\u00f6sen Zimmern und Suiten in Burgund \u2013 eine Einladung zur Entspannung in ruhiger Umgebung. Buchen Sie jetzt!\" \/>\n<meta property=\"og:url\" content=\"https:\/\/www.sources-hotels.com\/bourgogne\/de\/zimmer-suiten\/\" \/>\n<meta property=\"og:site_name\" content=\"Les Sources de Vougeot\" \/>\n<meta property=\"article:modified_time\" content=\"2026-04-27T08:55:38+00:00\" \/>\n<meta name=\"twitter:card\" content=\"summary_large_image\" \/>\n<script type=\"application\/ld+json\" class=\"yoast-schema-graph\">{\"@context\":\"https:\/\/schema.org\",\"@graph\":[{\"@type\":\"WebPage\",\"@id\":\"https:\/\/www.sources-hotels.com\/bourgogne\/de\/zimmer-suiten\/\",\"url\":\"https:\/\/www.sources-hotels.com\/bourgogne\/de\/zimmer-suiten\/\",\"name\":\"Luxuri\u00f6se Zimmer und Suiten Burgund | Les Sources de Vougeot\",\"isPartOf\":{\"@id\":\"https:\/\/www.sources-hotels.com\/bourgogne\/de\/#website\"},\"datePublished\":\"2026-01-30T08:32:00+00:00\",\"dateModified\":\"2026-04-27T08:55:38+00:00\",\"description\":\"Genie\u00dfen Sie den eleganten Aufenthalt in unseren luxuri\u00f6sen Zimmern und Suiten in Burgund \u2013 eine Einladung zur Entspannung in ruhiger Umgebung. Buchen Sie jetzt!\",\"breadcrumb\":{\"@id\":\"https:\/\/www.sources-hotels.com\/bourgogne\/de\/zimmer-suiten\/#breadcrumb\"},\"inLanguage\":\"de-DE\",\"potentialAction\":[{\"@type\":\"ReadAction\",\"target\":[\"https:\/\/www.sources-hotels.com\/bourgogne\/de\/zimmer-suiten\/\"]}]},{\"@type\":\"BreadcrumbList\",\"@id\":\"https:\/\/www.sources-hotels.com\/bourgogne\/de\/zimmer-suiten\/#breadcrumb\",\"itemListElement\":[{\"@type\":\"ListItem\",\"position\":1,\"name\":\"Startseite\",\"item\":\"https:\/\/www.sources-hotels.com\/bourgogne\/de\/\"},{\"@type\":\"ListItem\",\"position\":2,\"name\":\"Zimmer &amp; Suiten\"}]},{\"@type\":\"WebSite\",\"@id\":\"https:\/\/www.sources-hotels.com\/bourgogne\/de\/#website\",\"url\":\"https:\/\/www.sources-hotels.com\/bourgogne\/de\/\",\"name\":\"Les Sources de Vougeot\",\"description\":\"\",\"publisher\":{\"@id\":\"https:\/\/www.sources-hotels.com\/bourgogne\/de\/#organization\"},\"potentialAction\":[{\"@type\":\"SearchAction\",\"target\":{\"@type\":\"EntryPoint\",\"urlTemplate\":\"https:\/\/www.sources-hotels.com\/bourgogne\/de\/?s={search_term_string}\"},\"query-input\":{\"@type\":\"PropertyValueSpecification\",\"valueRequired\":true,\"valueName\":\"search_term_string\"}}],\"inLanguage\":\"de-DE\"},{\"@type\":\"Organization\",\"@id\":\"https:\/\/www.sources-hotels.com\/bourgogne\/de\/#organization\",\"name\":\"Les Sources de Caudalie\",\"url\":\"https:\/\/www.sources-hotels.com\/bourgogne\/de\/\",\"logo\":{\"@type\":\"ImageObject\",\"inLanguage\":\"de-DE\",\"@id\":\"https:\/\/www.sources-hotels.com\/bourgogne\/de\/#\/schema\/logo\/image\/\",\"url\":\"\",\"contentUrl\":\"\",\"caption\":\"Les Sources de Caudalie\"},\"image\":{\"@id\":\"https:\/\/www.sources-hotels.com\/bourgogne\/de\/#\/schema\/logo\/image\/\"}}]}<\/script>\n<!-- \/ Yoast SEO plugin. -->","yoast_head_json":{"title":"Luxuri\u00f6se Zimmer und Suiten Burgund | Les Sources de Vougeot","description":"Genie\u00dfen Sie den eleganten Aufenthalt in unseren luxuri\u00f6sen Zimmern und Suiten in Burgund \u2013 eine Einladung zur Entspannung in ruhiger Umgebung. Buchen Sie jetzt!","robots":{"index":"index","follow":"follow","max-snippet":"max-snippet:-1","max-image-preview":"max-image-preview:large","max-video-preview":"max-video-preview:-1"},"canonical":"https:\/\/www.sources-hotels.com\/bourgogne\/de\/zimmer-suiten\/","og_locale":"de_DE","og_type":"article","og_title":"Luxuri\u00f6se Zimmer und Suiten Burgund | Les Sources de Vougeot","og_description":"Genie\u00dfen Sie den eleganten Aufenthalt in unseren luxuri\u00f6sen Zimmern und Suiten in Burgund \u2013 eine Einladung zur Entspannung in ruhiger Umgebung. Buchen Sie jetzt!","og_url":"https:\/\/www.sources-hotels.com\/bourgogne\/de\/zimmer-suiten\/","og_site_name":"Les Sources de Vougeot","article_modified_time":"2026-04-27T08:55:38+00:00","twitter_card":"summary_large_image","schema":{"@context":"https:\/\/schema.org","@graph":[{"@type":"WebPage","@id":"https:\/\/www.sources-hotels.com\/bourgogne\/de\/zimmer-suiten\/","url":"https:\/\/www.sources-hotels.com\/bourgogne\/de\/zimmer-suiten\/","name":"Luxuri\u00f6se Zimmer und Suiten Burgund | Les Sources de Vougeot","isPartOf":{"@id":"https:\/\/www.sources-hotels.com\/bourgogne\/de\/#website"},"datePublished":"2026-01-30T08:32:00+00:00","dateModified":"2026-04-27T08:55:38+00:00","description":"Genie\u00dfen Sie den eleganten Aufenthalt in unseren luxuri\u00f6sen Zimmern und Suiten in Burgund \u2013 eine Einladung zur Entspannung in ruhiger Umgebung. Buchen Sie jetzt!","breadcrumb":{"@id":"https:\/\/www.sources-hotels.com\/bourgogne\/de\/zimmer-suiten\/#breadcrumb"},"inLanguage":"de-DE","potentialAction":[{"@type":"ReadAction","target":["https:\/\/www.sources-hotels.com\/bourgogne\/de\/zimmer-suiten\/"]}]},{"@type":"BreadcrumbList","@id":"https:\/\/www.sources-hotels.com\/bourgogne\/de\/zimmer-suiten\/#breadcrumb","itemListElement":[{"@type":"ListItem","position":1,"name":"Startseite","item":"https:\/\/www.sources-hotels.com\/bourgogne\/de\/"},{"@type":"ListItem","position":2,"name":"Zimmer &amp; Suiten"}]},{"@type":"WebSite","@id":"https:\/\/www.sources-hotels.com\/bourgogne\/de\/#website","url":"https:\/\/www.sources-hotels.com\/bourgogne\/de\/","name":"Les Sources de Vougeot","description":"","publisher":{"@id":"https:\/\/www.sources-hotels.com\/bourgogne\/de\/#organization"},"potentialAction":[{"@type":"SearchAction","target":{"@type":"EntryPoint","urlTemplate":"https:\/\/www.sources-hotels.com\/bourgogne\/de\/?s={search_term_string}"},"query-input":{"@type":"PropertyValueSpecification","valueRequired":true,"valueName":"search_term_string"}}],"inLanguage":"de-DE"},{"@type":"Organization","@id":"https:\/\/www.sources-hotels.com\/bourgogne\/de\/#organization","name":"Les Sources de Caudalie","url":"https:\/\/www.sources-hotels.com\/bourgogne\/de\/","logo":{"@type":"ImageObject","inLanguage":"de-DE","@id":"https:\/\/www.sources-hotels.com\/bourgogne\/de\/#\/schema\/logo\/image\/","url":"","contentUrl":"","caption":"Les Sources de Caudalie"},"image":{"@id":"https:\/\/www.sources-hotels.com\/bourgogne\/de\/#\/schema\/logo\/image\/"}}]}},"_links":{"self":[{"href":"https:\/\/www.sources-hotels.com\/bourgogne\/de\/wp-json\/wp\/v2\/pages\/3946","targetHints":{"allow":["GET"]}}],"collection":[{"href":"https:\/\/www.sources-hotels.com\/bourgogne\/de\/wp-json\/wp\/v2\/pages"}],"about":[{"href":"https:\/\/www.sources-hotels.com\/bourgogne\/de\/wp-json\/wp\/v2\/types\/page"}],"author":[{"embeddable":true,"href":"https:\/\/www.sources-hotels.com\/bourgogne\/de\/wp-json\/wp\/v2\/users\/1"}],"replies":[{"embeddable":true,"href":"https:\/\/www.sources-hotels.com\/bourgogne\/de\/wp-json\/wp\/v2\/comments?post=3946"}],"version-history":[{"count":19,"href":"https:\/\/www.sources-hotels.com\/bourgogne\/de\/wp-json\/wp\/v2\/pages\/3946\/revisions"}],"predecessor-version":[{"id":8396,"href":"https:\/\/www.sources-hotels.com\/bourgogne\/de\/wp-json\/wp\/v2\/pages\/3946\/revisions\/8396"}],"wp:attachment":[{"href":"https:\/\/www.sources-hotels.com\/bourgogne\/de\/wp-json\/wp\/v2\/media?parent=3946"}],"wp:term":[{"taxonomy":"hotels","embeddable":true,"href":"https:\/\/www.sources-hotels.com\/bourgogne\/de\/wp-json\/wp\/v2\/hotels?post=3946"},{"taxonomy":"doc_cat","embeddable":true,"href":"https:\/\/www.sources-hotels.com\/bourgogne\/de\/wp-json\/wp\/v2\/doc_cat?post=3946"}],"curies":[{"name":"wp","href":"https:\/\/api.w.org\/{rel}","templated":true}]}}