{"id":3953,"date":"2024-12-30T17:54:20","date_gmt":"2024-12-30T16:54:20","guid":{"rendered":"https:\/\/www.sources-hotels.com\/bourgogne\/?page_id=3953"},"modified":"2025-11-06T16:20:34","modified_gmt":"2025-11-06T15:20:34","slug":"aktivitaeten","status":"publish","type":"page","link":"https:\/\/www.sources-hotels.com\/bourgogne\/de\/aktivitaeten\/","title":{"rendered":"Aktivit\u00e4ten"},"content":{"rendered":"\n<section class=\"custom-block block--header h-[206rem] text-center text-white overflow-hidden pt-[100rem] relative tablet:h-[700rem] tablet:pt-[420rem]\">\n\n    <h1>\n                    <span>\n                Unsere            <\/span>\n                             Aktivit\u00e4ten            <\/h1>\n\n    \n    <span class=\"scroll-down hidden text-[12rem] tracking-[2rem] uppercase font-title cursor-pointer opacity-[64%] pb-[66rem] absolute left-2\/4 bottom-0 translate-x-[-50%] after:w-[1px] after:h-[50rem] after:bg-white after:opacity-[40%] after:absolute after:bottom-0 after:left-[50%] tablet:block\">\n        Siehe die Fortsetzung    <\/span>\n\n    <figure class=\"min-w-full min-h-full aspect-video overflow-hidden absolute top-2\/4 left-2\/4 translate-x-[-50%] translate-y-[-50%] z-[-1] before:bg-black before:opacity-[35%] before:mix-blend-multiply before:absolute before:top-0 before:left-0 before:right-0 before:bottom-0 before:z-[2]\">\n                    <img loading=\"lazy\" decoding=\"async\" width=\"2880\" height=\"1800\" src=\"https:\/\/www.sources-hotels.com\/bourgogne\/wp-content\/uploads\/sites\/5\/2025\/07\/Detail-feuille-de-vigne-et-lumiere_MCellard-2011-1-2880x1800.jpg\" class=\"h-full w-full object-cover object-center\" alt=\"\" \/>            <\/figure>\n    \n<\/section>\n\n    \n\n\n<section class=\"custom-block block--restaurant-details\">\n  <div class=\"row-details row-1\">\n              <div class=\"mail icon-text\">Informations : <a href=\"mailto:reservations@sources-vougeot.com\">reservations@sources-vougeot.com<\/a><\/div>\n    \n          <div class=\"phone icon-text\">T\u00e9l : <a href=\"tel:+ 33 (0)3 80 23 22 22\">+ 33 (0)3 80 23 22 22<\/a><\/div>\n      <\/div>\n      <div class=\"row-details row-2\">\n              <div class=\"link-details\">\n                  <\/div>\n          <\/div>\n  <\/section>\n\n\n<section class=\"custom-block block--text-small-visual-watermark style-image-right background-white\">\n\n            <h2 class=\"block-title\">Erleben Sie einzigartige Erlebnisse<\/h2>\n    \n    <div class=\"block-content w-[255rem] flex flex-col gap-[20rem] mx-auto tablet:w-auto tablet:flex-row tablet:px-0 tablet:gap-[105rem] tablet:mx-0\">\n\n        <figure class=\"w-full h-[200rem] flex-initial relative z-[1] tablet:w-[630rem] tablet:h-[500rem]\">\n\n            <img loading=\"lazy\" decoding=\"async\" width=\"961\" height=\"639\" src=\"https:\/\/www.sources-hotels.com\/bourgogne\/wp-content\/uploads\/sites\/5\/2025\/08\/soleilvignes.png\" class=\"w-full h-full object-cover object-center relative z-[2]\" alt=\"\" srcset=\"https:\/\/www.sources-hotels.com\/bourgogne\/wp-content\/uploads\/sites\/5\/2025\/08\/soleilvignes.png 961w, https:\/\/www.sources-hotels.com\/bourgogne\/wp-content\/uploads\/sites\/5\/2025\/08\/soleilvignes-300x199.png 300w, https:\/\/www.sources-hotels.com\/bourgogne\/wp-content\/uploads\/sites\/5\/2025\/08\/soleilvignes-768x511.png 768w\" sizes=\"auto, (max-width: 961px) 100vw, 961px\" \/>\n            \n        <\/figure>\n\n        <div class=\"w-full flex flex-col flex-initial z-[2] tablet:w-[500rem]\">\n\n            \n            <div class=\"rte\"><p>Zwischen Entspannung, Gastronomie, Kultur und Natur gestalten Sie einen Aufenthalt, der ganz zu Ihnen passt.<\/p>\n<p>Tauchen Sie ein in die einzigartige Atmosph\u00e4re Burgunds, wo jeder Moment eine Einladung zur Entdeckung ist. Lassen Sie sich von den Freuden der K\u00fcche, dem Charme der Weinlandschaften und dem Reichtum eines lebendigen Kulturerbes verf\u00fchren.<\/p>\n<p>In den <strong>Sources de Vougeot<\/strong> geniessen Sie exklusive Erlebnisse und profitieren Sie von unseren Einrichtungen:<\/p>\n<ul>\n<li>Aussenpool (saisonal ge\u00f6ffnet)<\/li>\n<li>Spa Caudalie<\/li>\n<li>Fitnessraum<\/li>\n<li>Bauernhof mit Tieren<\/li>\n<li>Tennisplatz<\/li>\n<li>Fahrradverleih<\/li>\n<li>Spaziergang entlang des Bachs \u201eLa Vouge\u201c<\/li>\n<\/ul>\n<\/div>\n\n            \n        <\/div>\n\n    <\/div>\n\n<\/section>\n\n\n<section class=\"custom-block block--info-vignettes !px-0\">\n\n            <h2 class=\"block-title\">Alle unsere Aktivit\u00e4ten bei Les Sources de Vougeot<\/h2>\n    \n    <div class=\"text-white grid gap-[14rem] tablet:grid-cols-2 tablet:gap-[20rem]\">\n        \n            \n            <div class=\"h-[240rem] flex flex-col text-center relative tablet:h-[460rem]\">\n\n                                    <h2 class=\"block-title w-full !text-white !pt-[30rem] !mb-0 relative z-[2] before:!hidden tablet:!pt-[60rem]\">\n                        Burgundische Gen\u00fcsse                    <\/h2>\n                \n                \n                                    <div class=\"flex grow flex-col justify-center gap-[30rem] relative z-[2] tablet:gap-[55rem]\">\n\n                                                    <div class=\"rte\">\n                                <p>Lassen Sie sich von Burgund inspirieren \u2013 der Heimat der franz\u00f6sischen Kochkunst. Geniessen Sie ein authentisches Erlebnis zwischen Sternek\u00fcche, regionalen Produkten und aussergew\u00f6hnlichen Wein- und Speisekombinationen.<\/p>\n                            <\/div>\n                        \n                                                    <ul class=\"flex flex-wrap gap-y-[25rem] px-[10rem] tablet:gap-y-[40rem]\">\n                                                                    <li class=\"basis-1\/2 grow\">\n                                                                                  <a href=\"https:\/\/www.sources-hotels.com\/bourgogne\/de\/aktivitaeten\/burgundische-genusse\/\"  class=\"link link-white\" >\n        Entdecken  <\/a>\n                                    <\/li>\n                                                            <\/ul>\n                        \n                    <\/div>\n                \n                <figure\n                    class=\"w-full h-full overflow-hidden absolute top-0 left-0 z-[1] before:bg-black before:opacity-[35%] before:mix-blend-multiply before:absolute before:top-0 before:left-0 before:right-0 before:bottom-0 before:z-[2]\">\n                    <img loading=\"lazy\" decoding=\"async\" width=\"1420\" height=\"920\" src=\"https:\/\/www.sources-hotels.com\/bourgogne\/wp-content\/uploads\/sites\/5\/2025\/10\/NON-RETOUCHEE-TL-Assortiment-plats-\u00a9Agence-Pancake-1420x920.jpg\" class=\"h-full w-full object-cover object-center\" alt=\"\" \/>                <\/figure>\n\n            <\/div>\n\n        \n            \n            <div class=\"h-[240rem] flex flex-col text-center relative tablet:h-[460rem]\">\n\n                                    <h2 class=\"block-title w-full !text-white !pt-[30rem] !mb-0 relative z-[2] before:!hidden tablet:!pt-[60rem]\">\n                        Weintourismus                    <\/h2>\n                \n                \n                                    <div class=\"flex grow flex-col justify-center gap-[30rem] relative z-[2] tablet:gap-[55rem]\">\n\n                                                    <div class=\"rte\">\n                                <p style=\"text-align: center\">Im Herzen der C\u00f4te-d\u2019Or offenbaren die legend\u00e4ren Weinberge den ganzen Reichtum des burgundischen Erbes. Private Verkostungen, pers\u00f6nliche Begegnungen und Spazierg\u00e4nge entlang der Route des Grands Crus laden zu einem aussergew\u00f6hnlichen Erlebnis ein.<\/p>\n                            <\/div>\n                        \n                                                    <ul class=\"flex flex-wrap gap-y-[25rem] px-[10rem] tablet:gap-y-[40rem]\">\n                                                                    <li class=\"basis-1\/2 grow\">\n                                                                                  <a href=\"https:\/\/www.sources-hotels.com\/bourgogne\/de\/aktivitaeten\/weintourismus\/\"  class=\"link link-white\" >\n        Entdecken  <\/a>\n                                    <\/li>\n                                                            <\/ul>\n                        \n                    <\/div>\n                \n                <figure\n                    class=\"w-full h-full overflow-hidden absolute top-0 left-0 z-[1] before:bg-black before:opacity-[35%] before:mix-blend-multiply before:absolute before:top-0 before:left-0 before:right-0 before:bottom-0 before:z-[2]\">\n                    <img loading=\"lazy\" decoding=\"async\" width=\"1080\" height=\"920\" src=\"https:\/\/www.sources-hotels.com\/bourgogne\/wp-content\/uploads\/sites\/5\/2025\/01\/1-1080x920.jpg\" class=\"h-full w-full object-cover object-center\" alt=\"vin Bourgogne\" \/>                <\/figure>\n\n            <\/div>\n\n        \n            \n            <div class=\"h-[240rem] flex flex-col text-center relative tablet:h-[460rem]\">\n\n                                    <h2 class=\"block-title w-full !text-white !pt-[30rem] !mb-0 relative z-[2] before:!hidden tablet:!pt-[60rem]\">\n                        Wellness und Entspannung                    <\/h2>\n                \n                \n                                    <div class=\"flex grow flex-col justify-center gap-[30rem] relative z-[2] tablet:gap-[55rem]\">\n\n                                                    <div class=\"rte\">\n                                <p style=\"text-align: center\">Eine Oase der Ruhe \u2013 das Spa entfaltet sich im ehemaligen Weinkeller der M\u00f6nche.<br \/>\nUnter den zisterziensischen Gew\u00f6lben verschmelzen die Becken mit dem Stein und laden zu einem zeitlosen Moment zwischen Geschichte und Wohlbefinden ein.<\/p>\n                            <\/div>\n                        \n                                                    <ul class=\"flex flex-wrap gap-y-[25rem] px-[10rem] tablet:gap-y-[40rem]\">\n                                                                    <li class=\"basis-1\/2 grow\">\n                                                                                  <a href=\"https:\/\/www.sources-hotels.com\/bourgogne\/de\/aktivitaeten\/wellness-entspannung\/\"  class=\"link link-white\" >\n        Entdecken  <\/a>\n                                    <\/li>\n                                                            <\/ul>\n                        \n                    <\/div>\n                \n                <figure\n                    class=\"w-full h-full overflow-hidden absolute top-0 left-0 z-[1] before:bg-black before:opacity-[35%] before:mix-blend-multiply before:absolute before:top-0 before:left-0 before:right-0 before:bottom-0 before:z-[2]\">\n                    <img loading=\"lazy\" decoding=\"async\" width=\"1420\" height=\"920\" src=\"https:\/\/www.sources-hotels.com\/bourgogne\/wp-content\/uploads\/sites\/5\/2025\/10\/SPA_Model_Add_On_Express_Facial-1420x920.jpg\" class=\"h-full w-full object-cover object-center\" alt=\"Spa Caudalie Bourgogne\" \/>                <\/figure>\n\n            <\/div>\n\n        \n            \n            <div class=\"h-[240rem] flex flex-col text-center relative tablet:h-[460rem]\">\n\n                                    <h2 class=\"block-title w-full !text-white !pt-[30rem] !mb-0 relative z-[2] before:!hidden tablet:!pt-[60rem]\">\n                        Sport und Adrenalin                    <\/h2>\n                \n                \n                                    <div class=\"flex grow flex-col justify-center gap-[30rem] relative z-[2] tablet:gap-[55rem]\">\n\n                                                    <div class=\"rte\">\n                                <p>Erleben Sie Burgund in Bewegung. Ob Golf, Heissluftballonfahrt oder der Rennkurs von Dijon-Prenois \u2013 lassen Sie sich von sportlichen Erlebnissen voller Adrenalin begeistern.<\/p>\n                            <\/div>\n                        \n                                                    <ul class=\"flex flex-wrap gap-y-[25rem] px-[10rem] tablet:gap-y-[40rem]\">\n                                                                    <li class=\"basis-1\/2 grow\">\n                                                                                  <a href=\"https:\/\/www.sources-hotels.com\/bourgogne\/de\/aktivitaeten\/sport-adrenalin\/\"  class=\"link link-white\" >\n        Entdecken  <\/a>\n                                    <\/li>\n                                                            <\/ul>\n                        \n                    <\/div>\n                \n                <figure\n                    class=\"w-full h-full overflow-hidden absolute top-0 left-0 z-[1] before:bg-black before:opacity-[35%] before:mix-blend-multiply before:absolute before:top-0 before:left-0 before:right-0 before:bottom-0 before:z-[2]\">\n                    <img loading=\"lazy\" decoding=\"async\" width=\"1280\" height=\"717\" src=\"https:\/\/www.sources-hotels.com\/bourgogne\/wp-content\/uploads\/sites\/5\/2025\/10\/montgolfiere_vignoble.jpg\" class=\"h-full w-full object-cover object-center\" alt=\"\" srcset=\"https:\/\/www.sources-hotels.com\/bourgogne\/wp-content\/uploads\/sites\/5\/2025\/10\/montgolfiere_vignoble.jpg 1280w, https:\/\/www.sources-hotels.com\/bourgogne\/wp-content\/uploads\/sites\/5\/2025\/10\/montgolfiere_vignoble-300x168.jpg 300w, https:\/\/www.sources-hotels.com\/bourgogne\/wp-content\/uploads\/sites\/5\/2025\/10\/montgolfiere_vignoble-1024x574.jpg 1024w, https:\/\/www.sources-hotels.com\/bourgogne\/wp-content\/uploads\/sites\/5\/2025\/10\/montgolfiere_vignoble-768x430.jpg 768w\" sizes=\"auto, (max-width: 1280px) 100vw, 1280px\" \/>                <\/figure>\n\n            <\/div>\n\n        \n            \n            <div class=\"h-[240rem] flex flex-col text-center relative tablet:h-[460rem]\">\n\n                                    <h2 class=\"block-title w-full !text-white !pt-[30rem] !mb-0 relative z-[2] before:!hidden tablet:!pt-[60rem]\">\n                        Kulturerbe und Geschichte                    <\/h2>\n                \n                \n                                    <div class=\"flex grow flex-col justify-center gap-[30rem] relative z-[2] tablet:gap-[55rem]\">\n\n                                                    <div class=\"rte\">\n                                <p>Feiern Sie den Reichtum und die zeitlose Sch\u00f6nheit Burgunds.<br \/>\nVon mittelalterlichen St\u00e4dten bis zu zisterziensischen Abteien \u2013 jeder Ort offenbart die Seele einer einzigartigen Region, gepr\u00e4gt von Geschichte und Emotion.<\/p>\n                            <\/div>\n                        \n                                                    <ul class=\"flex flex-wrap gap-y-[25rem] px-[10rem] tablet:gap-y-[40rem]\">\n                                                                    <li class=\"basis-1\/2 grow\">\n                                                                                  <a href=\"https:\/\/www.sources-hotels.com\/bourgogne\/de\/aktivitaeten\/kulturerbe-geschichte\/\"  class=\"link link-white\" >\n        Entdecken  <\/a>\n                                    <\/li>\n                                                            <\/ul>\n                        \n                    <\/div>\n                \n                <figure\n                    class=\"w-full h-full overflow-hidden absolute top-0 left-0 z-[1] before:bg-black before:opacity-[35%] before:mix-blend-multiply before:absolute before:top-0 before:left-0 before:right-0 before:bottom-0 before:z-[2]\">\n                    <img loading=\"lazy\" decoding=\"async\" width=\"1280\" height=\"854\" src=\"https:\/\/www.sources-hotels.com\/bourgogne\/wp-content\/uploads\/sites\/5\/2025\/10\/beaune-3725446_1280.jpg\" class=\"h-full w-full object-cover object-center\" alt=\"\" srcset=\"https:\/\/www.sources-hotels.com\/bourgogne\/wp-content\/uploads\/sites\/5\/2025\/10\/beaune-3725446_1280.jpg 1280w, https:\/\/www.sources-hotels.com\/bourgogne\/wp-content\/uploads\/sites\/5\/2025\/10\/beaune-3725446_1280-300x200.jpg 300w, https:\/\/www.sources-hotels.com\/bourgogne\/wp-content\/uploads\/sites\/5\/2025\/10\/beaune-3725446_1280-1024x683.jpg 1024w, https:\/\/www.sources-hotels.com\/bourgogne\/wp-content\/uploads\/sites\/5\/2025\/10\/beaune-3725446_1280-768x512.jpg 768w\" sizes=\"auto, (max-width: 1280px) 100vw, 1280px\" \/>                <\/figure>\n\n            <\/div>\n\n        \n            \n            <div class=\"h-[240rem] flex flex-col text-center relative tablet:h-[460rem]\">\n\n                                    <h2 class=\"block-title w-full !text-white !pt-[30rem] !mb-0 relative z-[2] before:!hidden tablet:!pt-[60rem]\">\n                        Spazierg\u00e4nge in Burgund                    <\/h2>\n                \n                \n                                    <div class=\"flex grow flex-col justify-center gap-[30rem] relative z-[2] tablet:gap-[55rem]\">\n\n                                                    <div class=\"rte\">\n                                <p style=\"text-align: center\">Folgen Sie den Pfaden, die durch Landschaften f\u00fchren, die von Jahrhunderten handwerklicher Kunst gepr\u00e4gt sind.<br \/>\nSchl\u00f6sser und Abteien s\u00e4umen ein von Weinreben geformtes Panorama und laden zu einem Spaziergang zwischen Natur und Erbe ein.<\/p>\n                            <\/div>\n                        \n                                                    <ul class=\"flex flex-wrap gap-y-[25rem] px-[10rem] tablet:gap-y-[40rem]\">\n                                                                    <li class=\"basis-1\/2 grow\">\n                                                                                  <a href=\"https:\/\/www.sources-hotels.com\/bourgogne\/de\/aktivitaeten\/spaziergange-burgund\/\"  class=\"link link-white\" >\n        Entdecken  <\/a>\n                                    <\/li>\n                                                            <\/ul>\n                        \n                    <\/div>\n                \n                <figure\n                    class=\"w-full h-full overflow-hidden absolute top-0 left-0 z-[1] before:bg-black before:opacity-[35%] before:mix-blend-multiply before:absolute before:top-0 before:left-0 before:right-0 before:bottom-0 before:z-[2]\">\n                    <img loading=\"lazy\" decoding=\"async\" width=\"1080\" height=\"920\" src=\"https:\/\/www.sources-hotels.com\/bourgogne\/wp-content\/uploads\/sites\/5\/2025\/01\/2-1080x920.jpg\" class=\"h-full w-full object-cover object-center\" alt=\"Vignes\" \/>                <\/figure>\n\n            <\/div>\n\n            <\/div>\n\n<\/section>\n","protected":false},"excerpt":{"rendered":"","protected":false},"author":1,"featured_media":0,"parent":0,"menu_order":0,"comment_status":"closed","ping_status":"closed","template":"","meta":{"_acf_changed":false,"footnotes":""},"hotels":[],"doc_cat":[],"class_list":["post-3953","page","type-page","status-publish","hentry"],"acf":[],"yoast_head":"<!-- This site is optimized with the Yoast SEO plugin v25.6 - https:\/\/yoast.com\/wordpress\/plugins\/seo\/ -->\n<title>Aktivit\u00e4ten &amp; Erlebnisse in Burgund | Les Sources de Vougeot<\/title>\n<meta name=\"description\" content=\"Zwischen Entspannung, Gastronomie, Kultur und Natur gestalten Sie einen Aufenthalt, der ganz zu Ihnen passt. Hotel Les Sources de Vougeot Burgund\" \/>\n<meta name=\"robots\" content=\"index, follow, max-snippet:-1, max-image-preview:large, max-video-preview:-1\" \/>\n<link rel=\"canonical\" href=\"https:\/\/www.sources-hotels.com\/bourgogne\/de\/aktivitaeten\/\" \/>\n<meta property=\"og:locale\" content=\"de_DE\" \/>\n<meta property=\"og:type\" content=\"article\" \/>\n<meta property=\"og:title\" content=\"Aktivit\u00e4ten &amp; Erlebnisse in Burgund | Les Sources de Vougeot\" \/>\n<meta property=\"og:description\" content=\"Zwischen Entspannung, Gastronomie, Kultur und Natur gestalten Sie einen Aufenthalt, der ganz zu Ihnen passt. Hotel Les Sources de Vougeot Burgund\" \/>\n<meta property=\"og:url\" content=\"https:\/\/www.sources-hotels.com\/bourgogne\/de\/aktivitaeten\/\" \/>\n<meta property=\"og:site_name\" content=\"Les Sources de Vougeot\" \/>\n<meta property=\"article:modified_time\" content=\"2025-11-06T15:20:34+00:00\" \/>\n<meta name=\"twitter:card\" content=\"summary_large_image\" \/>\n<script type=\"application\/ld+json\" class=\"yoast-schema-graph\">{\"@context\":\"https:\/\/schema.org\",\"@graph\":[{\"@type\":\"WebPage\",\"@id\":\"https:\/\/www.sources-hotels.com\/bourgogne\/de\/aktivitaeten\/\",\"url\":\"https:\/\/www.sources-hotels.com\/bourgogne\/de\/aktivitaeten\/\",\"name\":\"Aktivit\u00e4ten & Erlebnisse in Burgund | Les Sources de Vougeot\",\"isPartOf\":{\"@id\":\"https:\/\/www.sources-hotels.com\/bourgogne\/de\/#website\"},\"datePublished\":\"2024-12-30T16:54:20+00:00\",\"dateModified\":\"2025-11-06T15:20:34+00:00\",\"description\":\"Zwischen Entspannung, Gastronomie, Kultur und Natur gestalten Sie einen Aufenthalt, der ganz zu Ihnen passt. Hotel Les Sources de Vougeot Burgund\",\"breadcrumb\":{\"@id\":\"https:\/\/www.sources-hotels.com\/bourgogne\/de\/aktivitaeten\/#breadcrumb\"},\"inLanguage\":\"de-DE\",\"potentialAction\":[{\"@type\":\"ReadAction\",\"target\":[\"https:\/\/www.sources-hotels.com\/bourgogne\/de\/aktivitaeten\/\"]}]},{\"@type\":\"BreadcrumbList\",\"@id\":\"https:\/\/www.sources-hotels.com\/bourgogne\/de\/aktivitaeten\/#breadcrumb\",\"itemListElement\":[{\"@type\":\"ListItem\",\"position\":1,\"name\":\"Startseite\",\"item\":\"https:\/\/www.sources-hotels.com\/bourgogne\/de\/\"},{\"@type\":\"ListItem\",\"position\":2,\"name\":\"Aktivit\u00e4ten\"}]},{\"@type\":\"WebSite\",\"@id\":\"https:\/\/www.sources-hotels.com\/bourgogne\/de\/#website\",\"url\":\"https:\/\/www.sources-hotels.com\/bourgogne\/de\/\",\"name\":\"Les Sources de Vougeot\",\"description\":\"\",\"publisher\":{\"@id\":\"https:\/\/www.sources-hotels.com\/bourgogne\/de\/#organization\"},\"potentialAction\":[{\"@type\":\"SearchAction\",\"target\":{\"@type\":\"EntryPoint\",\"urlTemplate\":\"https:\/\/www.sources-hotels.com\/bourgogne\/de\/?s={search_term_string}\"},\"query-input\":{\"@type\":\"PropertyValueSpecification\",\"valueRequired\":true,\"valueName\":\"search_term_string\"}}],\"inLanguage\":\"de-DE\"},{\"@type\":\"Organization\",\"@id\":\"https:\/\/www.sources-hotels.com\/bourgogne\/de\/#organization\",\"name\":\"Les Sources de Caudalie\",\"url\":\"https:\/\/www.sources-hotels.com\/bourgogne\/de\/\",\"logo\":{\"@type\":\"ImageObject\",\"inLanguage\":\"de-DE\",\"@id\":\"https:\/\/www.sources-hotels.com\/bourgogne\/de\/#\/schema\/logo\/image\/\",\"url\":\"\",\"contentUrl\":\"\",\"caption\":\"Les Sources de Caudalie\"},\"image\":{\"@id\":\"https:\/\/www.sources-hotels.com\/bourgogne\/de\/#\/schema\/logo\/image\/\"}}]}<\/script>\n<!-- \/ Yoast SEO plugin. -->","yoast_head_json":{"title":"Aktivit\u00e4ten & Erlebnisse in Burgund | Les Sources de Vougeot","description":"Zwischen Entspannung, Gastronomie, Kultur und Natur gestalten Sie einen Aufenthalt, der ganz zu Ihnen passt. Hotel Les Sources de Vougeot Burgund","robots":{"index":"index","follow":"follow","max-snippet":"max-snippet:-1","max-image-preview":"max-image-preview:large","max-video-preview":"max-video-preview:-1"},"canonical":"https:\/\/www.sources-hotels.com\/bourgogne\/de\/aktivitaeten\/","og_locale":"de_DE","og_type":"article","og_title":"Aktivit\u00e4ten & Erlebnisse in Burgund | Les Sources de Vougeot","og_description":"Zwischen Entspannung, Gastronomie, Kultur und Natur gestalten Sie einen Aufenthalt, der ganz zu Ihnen passt. Hotel Les Sources de Vougeot Burgund","og_url":"https:\/\/www.sources-hotels.com\/bourgogne\/de\/aktivitaeten\/","og_site_name":"Les Sources de Vougeot","article_modified_time":"2025-11-06T15:20:34+00:00","twitter_card":"summary_large_image","schema":{"@context":"https:\/\/schema.org","@graph":[{"@type":"WebPage","@id":"https:\/\/www.sources-hotels.com\/bourgogne\/de\/aktivitaeten\/","url":"https:\/\/www.sources-hotels.com\/bourgogne\/de\/aktivitaeten\/","name":"Aktivit\u00e4ten & Erlebnisse in Burgund | Les Sources de Vougeot","isPartOf":{"@id":"https:\/\/www.sources-hotels.com\/bourgogne\/de\/#website"},"datePublished":"2024-12-30T16:54:20+00:00","dateModified":"2025-11-06T15:20:34+00:00","description":"Zwischen Entspannung, Gastronomie, Kultur und Natur gestalten Sie einen Aufenthalt, der ganz zu Ihnen passt. Hotel Les Sources de Vougeot Burgund","breadcrumb":{"@id":"https:\/\/www.sources-hotels.com\/bourgogne\/de\/aktivitaeten\/#breadcrumb"},"inLanguage":"de-DE","potentialAction":[{"@type":"ReadAction","target":["https:\/\/www.sources-hotels.com\/bourgogne\/de\/aktivitaeten\/"]}]},{"@type":"BreadcrumbList","@id":"https:\/\/www.sources-hotels.com\/bourgogne\/de\/aktivitaeten\/#breadcrumb","itemListElement":[{"@type":"ListItem","position":1,"name":"Startseite","item":"https:\/\/www.sources-hotels.com\/bourgogne\/de\/"},{"@type":"ListItem","position":2,"name":"Aktivit\u00e4ten"}]},{"@type":"WebSite","@id":"https:\/\/www.sources-hotels.com\/bourgogne\/de\/#website","url":"https:\/\/www.sources-hotels.com\/bourgogne\/de\/","name":"Les Sources de Vougeot","description":"","publisher":{"@id":"https:\/\/www.sources-hotels.com\/bourgogne\/de\/#organization"},"potentialAction":[{"@type":"SearchAction","target":{"@type":"EntryPoint","urlTemplate":"https:\/\/www.sources-hotels.com\/bourgogne\/de\/?s={search_term_string}"},"query-input":{"@type":"PropertyValueSpecification","valueRequired":true,"valueName":"search_term_string"}}],"inLanguage":"de-DE"},{"@type":"Organization","@id":"https:\/\/www.sources-hotels.com\/bourgogne\/de\/#organization","name":"Les Sources de Caudalie","url":"https:\/\/www.sources-hotels.com\/bourgogne\/de\/","logo":{"@type":"ImageObject","inLanguage":"de-DE","@id":"https:\/\/www.sources-hotels.com\/bourgogne\/de\/#\/schema\/logo\/image\/","url":"","contentUrl":"","caption":"Les Sources de Caudalie"},"image":{"@id":"https:\/\/www.sources-hotels.com\/bourgogne\/de\/#\/schema\/logo\/image\/"}}]}},"_links":{"self":[{"href":"https:\/\/www.sources-hotels.com\/bourgogne\/de\/wp-json\/wp\/v2\/pages\/3953","targetHints":{"allow":["GET"]}}],"collection":[{"href":"https:\/\/www.sources-hotels.com\/bourgogne\/de\/wp-json\/wp\/v2\/pages"}],"about":[{"href":"https:\/\/www.sources-hotels.com\/bourgogne\/de\/wp-json\/wp\/v2\/types\/page"}],"author":[{"embeddable":true,"href":"https:\/\/www.sources-hotels.com\/bourgogne\/de\/wp-json\/wp\/v2\/users\/1"}],"replies":[{"embeddable":true,"href":"https:\/\/www.sources-hotels.com\/bourgogne\/de\/wp-json\/wp\/v2\/comments?post=3953"}],"version-history":[{"count":13,"href":"https:\/\/www.sources-hotels.com\/bourgogne\/de\/wp-json\/wp\/v2\/pages\/3953\/revisions"}],"predecessor-version":[{"id":6059,"href":"https:\/\/www.sources-hotels.com\/bourgogne\/de\/wp-json\/wp\/v2\/pages\/3953\/revisions\/6059"}],"wp:attachment":[{"href":"https:\/\/www.sources-hotels.com\/bourgogne\/de\/wp-json\/wp\/v2\/media?parent=3953"}],"wp:term":[{"taxonomy":"hotels","embeddable":true,"href":"https:\/\/www.sources-hotels.com\/bourgogne\/de\/wp-json\/wp\/v2\/hotels?post=3953"},{"taxonomy":"doc_cat","embeddable":true,"href":"https:\/\/www.sources-hotels.com\/bourgogne\/de\/wp-json\/wp\/v2\/doc_cat?post=3953"}],"curies":[{"name":"wp","href":"https:\/\/api.w.org\/{rel}","templated":true}]}}