{"id":3956,"date":"2024-12-31T14:39:35","date_gmt":"2024-12-31T13:39:35","guid":{"rendered":"https:\/\/www.sources-hotels.com\/bourgogne\/?page_id=3956"},"modified":"2026-04-16T16:18:05","modified_gmt":"2026-04-16T14:18:05","slug":"tagen-feiern","status":"publish","type":"page","link":"https:\/\/www.sources-hotels.com\/bourgogne\/de\/tagen-feiern\/","title":{"rendered":"Tagen &amp; Feiern"},"content":{"rendered":"\n<section class=\"custom-block block--header h-[206rem] text-center text-white overflow-hidden pt-[100rem] relative tablet:h-[700rem] tablet:pt-[420rem]\">\n\n    <h1>\n                    <span>\n                Unsere            <\/span>\n                            Tagen &amp; Feiern            <\/h1>\n\n    \n    <span class=\"scroll-down hidden text-[12rem] tracking-[2rem] uppercase font-title cursor-pointer opacity-[64%] pb-[66rem] absolute left-2\/4 bottom-0 translate-x-[-50%] after:w-[1px] after:h-[50rem] after:bg-white after:opacity-[40%] after:absolute after:bottom-0 after:left-[50%] tablet:block\">\n        Siehe die Fortsetzung    <\/span>\n\n    <figure class=\"min-w-full min-h-full aspect-video overflow-hidden absolute top-2\/4 left-2\/4 translate-x-[-50%] translate-y-[-50%] z-[-1] before:bg-black before:opacity-[35%] before:mix-blend-multiply before:absolute before:top-0 before:left-0 before:right-0 before:bottom-0 before:z-[2]\">\n                    <img loading=\"lazy\" decoding=\"async\" width=\"2880\" height=\"1800\" src=\"https:\/\/www.sources-hotels.com\/bourgogne\/wp-content\/uploads\/sites\/5\/2025\/07\/LSV-07-01-2880x1800.jpg\" class=\"h-full w-full object-cover object-center\" alt=\"\" \/>            <\/figure>\n    \n<\/section>\n\n    \n\n\n<section class=\"custom-block block--restaurant-details\">\n  <div class=\"row-details row-1\">\n        \n      <\/div>\n      <div class=\"row-details row-2\">\n              <div class=\"link-details\">\n            <a href=\"https:\/\/www.sources-hotels.com\/bourgogne\/wp-content\/uploads\/sites\/5\/2026\/04\/Brochure-seminaire-EN-SDV.pdf\"  target=\"_blank\" class=\"cta-resto-details\" >\n          <span class=\"picto\"><svg width=\"14\" height=\"13\" viewBox=\"0 0 14 13\" fill=\"none\"><use xlink:href=\"#download\"\/><\/svg><\/span>\n        Seminarbrosch\u00fcre  <\/a>\n        <\/div>\n              <div class=\"link-details\">\n            <a href=\"https:\/\/sources-hotels.backyou.app\/de\/c\/request\/les-sources-de-vougeot#__step_request_0\"  target=\"_blank\" class=\"cta-resto-details\" >\n          <span class=\"picto\"><svg width=\"14\" height=\"13\" viewBox=\"0 0 14 13\" fill=\"none\"><use xlink:href=\"#download\"\/><\/svg><\/span>\n        Angebot Anfordern  <\/a>\n        <\/div>\n          <\/div>\n  <\/section>\n\n\n<section class=\"custom-block block--text-small-visual-watermark style-image-right background-white\">\n\n            <h2 class=\"block-title\">Seminare &amp; Incentives<\/h2>\n    \n    <div class=\"block-content w-[255rem] flex flex-col gap-[20rem] mx-auto tablet:w-auto tablet:flex-row tablet:px-0 tablet:gap-[105rem] tablet:mx-0\">\n\n        <figure class=\"w-full h-[200rem] flex-initial relative z-[1] tablet:w-[630rem] tablet:h-[500rem]\">\n\n            <img loading=\"lazy\" decoding=\"async\" width=\"1260\" height=\"1000\" src=\"https:\/\/www.sources-hotels.com\/bourgogne\/wp-content\/uploads\/sites\/5\/2026\/03\/SDV_Salle-SeminaireRacine_\u00a9AgencePancake-4-1260x1000.jpg\" class=\"w-full h-full object-cover object-center relative z-[2]\" alt=\"\" \/>\n            \n        <\/figure>\n\n        <div class=\"w-full flex flex-col flex-initial z-[2] tablet:w-[500rem]\">\n\n                            <h3 class=\"text-[16rem] uppercase text-theme font-text mb-[25rem] tablet:text-[22rem]\">\n                    In Burgund, im Herzen der C\u00f4te d\u2019Or                <\/h3>\n            \n            <div class=\"rte\"><p>Nur 30 Minuten von Dijon und 3 Stunden von Paris entfernt \u00f6ffnen Les Sources de Vougeot Ihnen die T\u00fcren zu einem lebendigen und zugleich vertraulichen Burgund f\u00fcr Ihre Firmenevents, Seminare und besonderen Anl\u00e4sse.<\/p>\n<p>Mitten in den Weinbergparzellen der ber\u00fchmten Climats werden Sie an einem einzigartigen Ort empfangen, gepr\u00e4gt vom monastischen Erbe des Zisterzienserordens sowie vom Zusammenspiel aus Kultur, Wein und Natur.<\/p>\n<p>Das Anwesen wurde daf\u00fcr geschaffen, Arbeit und Geselligkeit harmonisch zu verbinden. Es bietet einen Rahmen, in dem alles zusammen erlebt wird: der diskrete Charme eines F\u00fcnfsternehotels, ein Gourmetrestaurant, das die regionalen Produkte in Szene setzt, eine authentische K\u00fcche, die auf Gemeinsamkeit ausgerichtet ist, ein Caudalie Spa unter historischen Gew\u00f6lben sowie ein vielf\u00e4ltiges Aktivit\u00e4tsprogramm, das Teamgeist, Inspiration und Freude am gemeinsamen Erleben f\u00f6rdert.<\/p>\n<p>Bei uns ist eine Veranstaltung nicht nur ein Termin im Kalender, sondern ein Moment, der verbindet, inspiriert und nachhaltig in der Erinnerung Ihrer Teams verankert bleibt.<\/p>\n<\/div>\n\n                                            <a href=\"https:\/\/sources-hotels.backyou.app\/de\/c\/request\/les-sources-de-vougeot#__step_request_0\" target=\"_blank\"\n                    class=\"button mt-[35rem] self-center tablet:self-start\" >\n                    Angebot Anfordern                <\/a>\n            \n        <\/div>\n\n    <\/div>\n\n<\/section>\n\n\n<section class=\"custom-block block--text-small-visual-watermark style-image-right background-theme-light\">\n\n            <h2 class=\"block-title\">Tagungsr\u00e4ume<\/h2>\n    \n    <div class=\"block-content w-[255rem] flex flex-col gap-[20rem] mx-auto tablet:w-auto tablet:flex-row tablet:px-0 tablet:gap-[105rem] tablet:mx-0\">\n\n        <figure class=\"w-full h-[200rem] flex-initial relative z-[1] tablet:w-[630rem] tablet:h-[500rem]\">\n\n            <img loading=\"lazy\" decoding=\"async\" width=\"1260\" height=\"1000\" src=\"https:\/\/www.sources-hotels.com\/bourgogne\/wp-content\/uploads\/sites\/5\/2026\/03\/SDV_Salle-SeminaireRacine_\u00a9AgencePancake-1260x1000.jpg\" class=\"w-full h-full object-cover object-center relative z-[2]\" alt=\"\" \/>\n            \n        <\/figure>\n\n        <div class=\"w-full flex flex-col flex-initial z-[2] tablet:w-[500rem]\">\n\n                            <h3 class=\"text-[16rem] uppercase text-theme font-text mb-[25rem] tablet:text-[22rem]\">\n                    Ein einzigartiger Rahmen                <\/h3>\n            \n            <div class=\"rte\"><p>2 Tagungsr\u00e4ume:<\/p>\n<ul>\n<li>Raum Des Racines \u2013 90 m\u00b2<\/li>\n<\/ul>\n<p>U-Form: 30 Pl\u00e4tze<br \/>\nTheaterbestuhlung: 60 Pl\u00e4tze<\/p>\n<ul>\n<li>Raum Des Ailes \u2013 90 m\u00b2<\/li>\n<\/ul>\n<p>U-Form: 30 Pl\u00e4tze<br \/>\nTheaterbestuhlung: 60 Pl\u00e4tze<\/p>\n<\/div>\n\n                                            <a href=\"https:\/\/sources-hotels.backyou.app\/de\/c\/request\/les-sources-de-vougeot#__step_request_0\" target=\"_blank\"\n                    class=\"link mt-[35rem] self-center tablet:self-start\" >\n                    Angebot anfordern                <\/a>\n            \n        <\/div>\n\n    <\/div>\n\n<\/section>\n\n\n<section class=\"custom-block block--text-small-visual-watermark style-image-right background-white\">\n\n            <h2 class=\"block-title\">Private und famili\u00e4re Veranstaltungen<\/h2>\n    \n    <div class=\"block-content w-[255rem] flex flex-col gap-[20rem] mx-auto tablet:w-auto tablet:flex-row tablet:px-0 tablet:gap-[105rem] tablet:mx-0\">\n\n        <figure class=\"w-full h-[200rem] flex-initial relative z-[1] tablet:w-[630rem] tablet:h-[500rem]\">\n\n            <img loading=\"lazy\" decoding=\"async\" width=\"1260\" height=\"1000\" src=\"https:\/\/www.sources-hotels.com\/bourgogne\/wp-content\/uploads\/sites\/5\/2025\/07\/Detail-feuille-de-vigne-et-lumiere_MCellard-2011-1-1260x1000.jpg\" class=\"w-full h-full object-cover object-center relative z-[2]\" alt=\"\" \/>\n            \n        <\/figure>\n\n        <div class=\"w-full flex flex-col flex-initial z-[2] tablet:w-[500rem]\">\n\n                            <h3 class=\"text-[16rem] uppercase text-theme font-text mb-[25rem] tablet:text-[22rem]\">\n                    Ihre wertvollsten Momente in einem au\u00dfergew\u00f6hnlichen Rahmen                <\/h3>\n            \n            <div class=\"rte\"><p>Les Sources de Vougeot gestalten Ihre Familienfeiern in einem Ambiente, das zugleich lebendig und diskret ist.<\/p>\n<p>Ob Exklusivnutzung des Anwesens, Geburtstag, Taufe oder Wiedersehen \u2013 jedes Fest wird als besonderer Moment des Miteinanders konzipiert, getragen von einer ma\u00dfgeschneiderten Organisation und einem aufmerksamen Service. Hier erlebt man besondere Augenblicke gemeinsam und auf eine andere Art: in einer warmen, authentischen und nat\u00fcrlich eleganten Atmosph\u00e4re.<\/p>\n<\/div>\n\n                                            <a href=\"https:\/\/sources-hotels.backyou.app\/de\/c\/request\/les-sources-de-vougeot#__step_request_0\" target=\"_blank\"\n                    class=\"link mt-[35rem] self-center tablet:self-start\" >\n                    Angebot anfordern                <\/a>\n            \n        <\/div>\n\n    <\/div>\n\n<\/section>","protected":false},"excerpt":{"rendered":"","protected":false},"author":1,"featured_media":0,"parent":0,"menu_order":0,"comment_status":"closed","ping_status":"closed","template":"","meta":{"_acf_changed":false,"footnotes":""},"hotels":[],"doc_cat":[],"class_list":["post-3956","page","type-page","status-publish","hentry"],"acf":[],"yoast_head":"<!-- This site is optimized with the Yoast SEO plugin v25.6 - https:\/\/yoast.com\/wordpress\/plugins\/seo\/ -->\n<title>Veranstaltungen Hotel Les Sources de Vougeot | Burgund<\/title>\n<meta name=\"description\" content=\"Feiern Sie besondere Anl\u00e4sse im Hotel Les Sources de Vougeot im Burgund. \u2013 traumhafte Location f\u00fcr Seminare, Private und famili\u00e4re Veranstaltungen.\" \/>\n<meta name=\"robots\" content=\"index, follow, max-snippet:-1, max-image-preview:large, max-video-preview:-1\" \/>\n<link rel=\"canonical\" href=\"https:\/\/www.sources-hotels.com\/bourgogne\/de\/tagen-feiern\/\" \/>\n<meta property=\"og:locale\" content=\"de_DE\" \/>\n<meta property=\"og:type\" content=\"article\" \/>\n<meta property=\"og:title\" content=\"Veranstaltungen Hotel Les Sources de Vougeot | Burgund\" \/>\n<meta property=\"og:description\" content=\"Feiern Sie besondere Anl\u00e4sse im Hotel Les Sources de Vougeot im Burgund. \u2013 traumhafte Location f\u00fcr Seminare, Private und famili\u00e4re Veranstaltungen.\" \/>\n<meta property=\"og:url\" content=\"https:\/\/www.sources-hotels.com\/bourgogne\/de\/tagen-feiern\/\" \/>\n<meta property=\"og:site_name\" content=\"Les Sources de Vougeot\" \/>\n<meta property=\"article:modified_time\" content=\"2026-04-16T14:18:05+00:00\" \/>\n<meta name=\"twitter:card\" content=\"summary_large_image\" \/>\n<script type=\"application\/ld+json\" class=\"yoast-schema-graph\">{\"@context\":\"https:\/\/schema.org\",\"@graph\":[{\"@type\":\"WebPage\",\"@id\":\"https:\/\/www.sources-hotels.com\/bourgogne\/de\/tagen-feiern\/\",\"url\":\"https:\/\/www.sources-hotels.com\/bourgogne\/de\/tagen-feiern\/\",\"name\":\"Veranstaltungen Hotel Les Sources de Vougeot | Burgund\",\"isPartOf\":{\"@id\":\"https:\/\/www.sources-hotels.com\/bourgogne\/de\/#website\"},\"datePublished\":\"2024-12-31T13:39:35+00:00\",\"dateModified\":\"2026-04-16T14:18:05+00:00\",\"description\":\"Feiern Sie besondere Anl\u00e4sse im Hotel Les Sources de Vougeot im Burgund. \u2013 traumhafte Location f\u00fcr Seminare, Private und famili\u00e4re Veranstaltungen.\",\"breadcrumb\":{\"@id\":\"https:\/\/www.sources-hotels.com\/bourgogne\/de\/tagen-feiern\/#breadcrumb\"},\"inLanguage\":\"de-DE\",\"potentialAction\":[{\"@type\":\"ReadAction\",\"target\":[\"https:\/\/www.sources-hotels.com\/bourgogne\/de\/tagen-feiern\/\"]}]},{\"@type\":\"BreadcrumbList\",\"@id\":\"https:\/\/www.sources-hotels.com\/bourgogne\/de\/tagen-feiern\/#breadcrumb\",\"itemListElement\":[{\"@type\":\"ListItem\",\"position\":1,\"name\":\"Startseite\",\"item\":\"https:\/\/www.sources-hotels.com\/bourgogne\/de\/\"},{\"@type\":\"ListItem\",\"position\":2,\"name\":\"Tagen &amp; Feiern\"}]},{\"@type\":\"WebSite\",\"@id\":\"https:\/\/www.sources-hotels.com\/bourgogne\/de\/#website\",\"url\":\"https:\/\/www.sources-hotels.com\/bourgogne\/de\/\",\"name\":\"Les Sources de Vougeot\",\"description\":\"\",\"publisher\":{\"@id\":\"https:\/\/www.sources-hotels.com\/bourgogne\/de\/#organization\"},\"potentialAction\":[{\"@type\":\"SearchAction\",\"target\":{\"@type\":\"EntryPoint\",\"urlTemplate\":\"https:\/\/www.sources-hotels.com\/bourgogne\/de\/?s={search_term_string}\"},\"query-input\":{\"@type\":\"PropertyValueSpecification\",\"valueRequired\":true,\"valueName\":\"search_term_string\"}}],\"inLanguage\":\"de-DE\"},{\"@type\":\"Organization\",\"@id\":\"https:\/\/www.sources-hotels.com\/bourgogne\/de\/#organization\",\"name\":\"Les Sources de Caudalie\",\"url\":\"https:\/\/www.sources-hotels.com\/bourgogne\/de\/\",\"logo\":{\"@type\":\"ImageObject\",\"inLanguage\":\"de-DE\",\"@id\":\"https:\/\/www.sources-hotels.com\/bourgogne\/de\/#\/schema\/logo\/image\/\",\"url\":\"\",\"contentUrl\":\"\",\"caption\":\"Les Sources de Caudalie\"},\"image\":{\"@id\":\"https:\/\/www.sources-hotels.com\/bourgogne\/de\/#\/schema\/logo\/image\/\"}}]}<\/script>\n<!-- \/ Yoast SEO plugin. -->","yoast_head_json":{"title":"Veranstaltungen Hotel Les Sources de Vougeot | Burgund","description":"Feiern Sie besondere Anl\u00e4sse im Hotel Les Sources de Vougeot im Burgund. \u2013 traumhafte Location f\u00fcr Seminare, Private und famili\u00e4re Veranstaltungen.","robots":{"index":"index","follow":"follow","max-snippet":"max-snippet:-1","max-image-preview":"max-image-preview:large","max-video-preview":"max-video-preview:-1"},"canonical":"https:\/\/www.sources-hotels.com\/bourgogne\/de\/tagen-feiern\/","og_locale":"de_DE","og_type":"article","og_title":"Veranstaltungen Hotel Les Sources de Vougeot | Burgund","og_description":"Feiern Sie besondere Anl\u00e4sse im Hotel Les Sources de Vougeot im Burgund. \u2013 traumhafte Location f\u00fcr Seminare, Private und famili\u00e4re Veranstaltungen.","og_url":"https:\/\/www.sources-hotels.com\/bourgogne\/de\/tagen-feiern\/","og_site_name":"Les Sources de Vougeot","article_modified_time":"2026-04-16T14:18:05+00:00","twitter_card":"summary_large_image","schema":{"@context":"https:\/\/schema.org","@graph":[{"@type":"WebPage","@id":"https:\/\/www.sources-hotels.com\/bourgogne\/de\/tagen-feiern\/","url":"https:\/\/www.sources-hotels.com\/bourgogne\/de\/tagen-feiern\/","name":"Veranstaltungen Hotel Les Sources de Vougeot | Burgund","isPartOf":{"@id":"https:\/\/www.sources-hotels.com\/bourgogne\/de\/#website"},"datePublished":"2024-12-31T13:39:35+00:00","dateModified":"2026-04-16T14:18:05+00:00","description":"Feiern Sie besondere Anl\u00e4sse im Hotel Les Sources de Vougeot im Burgund. \u2013 traumhafte Location f\u00fcr Seminare, Private und famili\u00e4re Veranstaltungen.","breadcrumb":{"@id":"https:\/\/www.sources-hotels.com\/bourgogne\/de\/tagen-feiern\/#breadcrumb"},"inLanguage":"de-DE","potentialAction":[{"@type":"ReadAction","target":["https:\/\/www.sources-hotels.com\/bourgogne\/de\/tagen-feiern\/"]}]},{"@type":"BreadcrumbList","@id":"https:\/\/www.sources-hotels.com\/bourgogne\/de\/tagen-feiern\/#breadcrumb","itemListElement":[{"@type":"ListItem","position":1,"name":"Startseite","item":"https:\/\/www.sources-hotels.com\/bourgogne\/de\/"},{"@type":"ListItem","position":2,"name":"Tagen &amp; Feiern"}]},{"@type":"WebSite","@id":"https:\/\/www.sources-hotels.com\/bourgogne\/de\/#website","url":"https:\/\/www.sources-hotels.com\/bourgogne\/de\/","name":"Les Sources de Vougeot","description":"","publisher":{"@id":"https:\/\/www.sources-hotels.com\/bourgogne\/de\/#organization"},"potentialAction":[{"@type":"SearchAction","target":{"@type":"EntryPoint","urlTemplate":"https:\/\/www.sources-hotels.com\/bourgogne\/de\/?s={search_term_string}"},"query-input":{"@type":"PropertyValueSpecification","valueRequired":true,"valueName":"search_term_string"}}],"inLanguage":"de-DE"},{"@type":"Organization","@id":"https:\/\/www.sources-hotels.com\/bourgogne\/de\/#organization","name":"Les Sources de Caudalie","url":"https:\/\/www.sources-hotels.com\/bourgogne\/de\/","logo":{"@type":"ImageObject","inLanguage":"de-DE","@id":"https:\/\/www.sources-hotels.com\/bourgogne\/de\/#\/schema\/logo\/image\/","url":"","contentUrl":"","caption":"Les Sources de Caudalie"},"image":{"@id":"https:\/\/www.sources-hotels.com\/bourgogne\/de\/#\/schema\/logo\/image\/"}}]}},"_links":{"self":[{"href":"https:\/\/www.sources-hotels.com\/bourgogne\/de\/wp-json\/wp\/v2\/pages\/3956","targetHints":{"allow":["GET"]}}],"collection":[{"href":"https:\/\/www.sources-hotels.com\/bourgogne\/de\/wp-json\/wp\/v2\/pages"}],"about":[{"href":"https:\/\/www.sources-hotels.com\/bourgogne\/de\/wp-json\/wp\/v2\/types\/page"}],"author":[{"embeddable":true,"href":"https:\/\/www.sources-hotels.com\/bourgogne\/de\/wp-json\/wp\/v2\/users\/1"}],"replies":[{"embeddable":true,"href":"https:\/\/www.sources-hotels.com\/bourgogne\/de\/wp-json\/wp\/v2\/comments?post=3956"}],"version-history":[{"count":9,"href":"https:\/\/www.sources-hotels.com\/bourgogne\/de\/wp-json\/wp\/v2\/pages\/3956\/revisions"}],"predecessor-version":[{"id":8085,"href":"https:\/\/www.sources-hotels.com\/bourgogne\/de\/wp-json\/wp\/v2\/pages\/3956\/revisions\/8085"}],"wp:attachment":[{"href":"https:\/\/www.sources-hotels.com\/bourgogne\/de\/wp-json\/wp\/v2\/media?parent=3956"}],"wp:term":[{"taxonomy":"hotels","embeddable":true,"href":"https:\/\/www.sources-hotels.com\/bourgogne\/de\/wp-json\/wp\/v2\/hotels?post=3956"},{"taxonomy":"doc_cat","embeddable":true,"href":"https:\/\/www.sources-hotels.com\/bourgogne\/de\/wp-json\/wp\/v2\/doc_cat?post=3956"}],"curies":[{"name":"wp","href":"https:\/\/api.w.org\/{rel}","templated":true}]}}