{"id":3960,"date":"2024-12-31T15:08:16","date_gmt":"2024-12-31T14:08:16","guid":{"rendered":"https:\/\/www.sources-hotels.com\/bourgogne\/?page_id=3960"},"modified":"2025-12-01T14:49:32","modified_gmt":"2025-12-01T13:49:32","slug":"anzeigne-kontakt","status":"publish","type":"page","link":"https:\/\/www.sources-hotels.com\/bourgogne\/de\/anzeigne-kontakt\/","title":{"rendered":"Anzeigne und Kontakt"},"content":{"rendered":"\n<section class=\"custom-block block--header aspect-[375\/700] text-center text-white overflow-hidden pt-[100rem] relative tablet:aspect-auto tablet:h-[700rem] tablet:pt-[420rem]\">\n\n    <h1>\n                            Anfahrt und Kontakt            <\/h1>\n\n    \n    <span class=\"scroll-down hidden text-[12rem] tracking-[2rem] uppercase font-title cursor-pointer opacity-[64%] pb-[66rem] absolute left-2\/4 bottom-0 translate-x-[-50%] after:w-[1px] after:h-[50rem] after:bg-white after:opacity-[40%] after:absolute after:bottom-0 after:left-[50%] tablet:block\">\n        Siehe die Fortsetzung    <\/span>\n\n    <figure class=\"min-w-full min-h-full aspect-video overflow-hidden absolute top-2\/4 left-2\/4 translate-x-[-50%] translate-y-[-50%] z-[-1] before:bg-black before:opacity-[35%] before:mix-blend-multiply before:absolute before:top-0 before:left-0 before:right-0 before:bottom-0 before:z-[2]\">\n                    <img loading=\"lazy\" decoding=\"async\" width=\"2880\" height=\"1800\" src=\"https:\/\/www.sources-hotels.com\/bourgogne\/wp-content\/uploads\/sites\/5\/2025\/07\/Vue-Ext-Vignes_MCellard-2011-2880x1800.jpg\" class=\"h-full w-full object-cover object-center\" alt=\"vignoble vignes\" \/>            <\/figure>\n\n        \n<\/section>\n\n    \n\n<section class=\"custom-block block--text-1-large-visual-watermark-writing overflow-visible z-[0]\">\n\n      <h2 class=\"block-title\">ANREISE<\/h2>\n  \n  <div class=\"block-content picture-left\">\n\n    <div class=\"content\">\n\n      \n      <div class=\"text rte\">\n\n        \n        <div class=\"rte\">\n          <p><strong>2 Place du Ch\u00e2teau<\/strong><br data-start=\"32\" data-end=\"35\" \/><strong>21640 Gilly-l\u00e8s-C\u00eeteaux<\/strong><br data-start=\"58\" data-end=\"61\" \/><strong>Frankreich<\/strong><\/p>\n<p><strong>Anreise mit dem Auto:<\/strong><\/p>\n<ul>\n<li data-start=\"106\" data-end=\"276\"><strong data-start=\"106\" data-end=\"130\">Von Paris oder Lyon:<\/strong> Autobahn A6, dann A31, Ausfahrt Nuits-Saint-Georges, anschlie\u00dfend der Beschilderung nach Gilly-l\u00e8s-C\u00eeteaux folgen (ca. 6\u202fkm nach der Ausfahrt).<\/li>\n<li data-start=\"279\" data-end=\"456\"><strong data-start=\"279\" data-end=\"296\">Von Mulhouse:<\/strong> Autobahnen A36 und anschlie\u00dfend A39 Richtung Dijon, dann auf die A31 Richtung Beaune wechseln, Ausfahrt Nuits-Saint-Georges, dann Richtung Gilly-l\u00e8s-C\u00eeteaux.<\/li>\n<li data-start=\"459\" data-end=\"565\"><strong data-start=\"459\" data-end=\"473\">Von Nancy:<\/strong> Autobahn A31 Richtung Dijon, Ausfahrt Nuits-Saint-Georges, weiter nach Gilly-l\u00e8s-C\u00eeteaux.<\/li>\n<\/ul>\n<p data-start=\"567\" data-end=\"757\">\n<p data-start=\"567\" data-end=\"757\">Sobald Sie im Ort angekommen sind, befindet sich das Ch\u00e2teau an der Place du Ch\u00e2teau 2, in der N\u00e4he des Zentrums. Parkm\u00f6glichkeiten stehen vor Ort oder in unmittelbarer N\u00e4he zur Verf\u00fcgung.<\/p>\n<p data-start=\"759\" data-end=\"785\"><strong data-start=\"759\" data-end=\"783\">Anreise mit dem Zug:<\/strong><\/p>\n<p data-start=\"787\" data-end=\"983\">Der Bahnhof Vougeot \u2013 Gilly-l\u00e8s-C\u00eeteaux liegt an der Strecke Paris\u2013Lyon\u2013Marseille und wird von Regionalz\u00fcgen der TER Bourgogne-Franche-Comt\u00e9 bedient \u2014 nur etwa 50\u202fMeter vom Ortszentrum entfernt.<\/p>\n<p data-start=\"985\" data-end=\"1153\">Vom Bahnhof Dijon-Ville fahren regelm\u00e4\u00dfig TER-Z\u00fcge (oder TGV inOui mit Umstieg) zum TER-Bahnhof \u2014 etwa 25\u202fMinuten mit dem Auto oder 30\u201340\u202fMinuten mit TER und Umstieg.<\/p>\n<p data-start=\"1155\" data-end=\"1357\"><strong data-start=\"1155\" data-end=\"1207\">Beispiel f\u00fcr eine Anreise ab Paris Gare de Lyon:<\/strong><br data-start=\"1207\" data-end=\"1210\" \/>Paris \u2192 Dijon (ca. 1\u202fStd.\u202f36\u202fMin. mit dem TGV inOui) \u2192 TER bis Gilly (30\u202fMin.) \u2014 die Gesamtfahrzeit betr\u00e4gt je nach Verbindung ca. 2\u202fStd.\u202f50\u202fMin.<\/p>\n<p data-start=\"1359\" data-end=\"1390\"><strong data-start=\"1359\" data-end=\"1388\">Anreise mit dem Flugzeug:<\/strong><\/p>\n<ul>\n<li data-start=\"1394\" data-end=\"1455\">Flughafen Dijon-Bourgogne (ca. 25\u202fkm, 30\u202fMin. mit dem Auto)<\/li>\n<li data-start=\"1458\" data-end=\"1520\">Flughafen Dole\u2013Jura Tavaux (ca. 50\u202fkm, 45\u202fMin. mit dem Auto)<\/li>\n<li data-start=\"1523\" data-end=\"1632\">Flughafen Mulhouse\u2013Basel, etwas weiter entfernt (ca. 100\u202fkm \u00fcber A39\/A31), etwa 1\u202fStd.\u202f15\u202fMin. mit dem Auto<\/li>\n<\/ul>\n<p data-start=\"1634\" data-end=\"1817\" data-is-last-node=\"\" data-is-only-node=\"\">\n<p data-start=\"1634\" data-end=\"1817\" data-is-last-node=\"\" data-is-only-node=\"\">Vom Flughafen aus ist es am bequemsten, ein Auto zu mieten oder einen privaten Transfer nach Gilly-l\u00e8s-C\u00eeteaux zu organisieren (je nach Flughafen zwischen 25 und 60\u202fMinuten Fahrzeit).<\/p>\n        <\/div>\n\n        <div class=\"cta\">\n                  <\/div>\n\n      <\/div>\n\n    <\/div>\n\n    <div class=\"image\">\n      <figure>\n        <img loading=\"lazy\" decoding=\"async\" width=\"1260\" height=\"1600\" src=\"https:\/\/www.sources-hotels.com\/bourgogne\/wp-content\/uploads\/sites\/5\/2025\/08\/Detail-feuilles-de-vigne_MCellard-2011-1260x1600.jpg\" class=\"h-full w-full object-cover object-center\" alt=\"feuilles vigne\" \/>      <\/figure>\n    <\/div>\n\n  <\/div>\n\n  \n<\/section>\n\n\n<section class=\"custom-block block--title-introduction text-center tablet:!pb-[60rem]\">\n\n            <h2 class=\"block-title\">KONTAKTIEREN SIE UNS<\/h2>\n    \n    <div class=\"tablet:w-[970rem] tablet:inline-block\">\n        <p>F\u00fcr Buchungsanfragen f\u00fcr Ihre Gruppe oder Ihr Seminar kontaktieren Sie bitte die Verkaufsabteilung:\u00a0 E-Mail: <a class=\"cursor-pointer\" href=\"mailto:reservations@sources-vougeot.com\" rel=\"noopener\" data-start=\"12\" data-end=\"44\">reservations@sources-vougeot.com\u00a0 <\/a>Telefonisch unter +33 3 80 23 22 22<\/p>\n<p><strong>F\u00fcr andere Anfragen verwenden Sie bitte das untenstehende Formular.<\/strong><br \/>\nUnser Team wird Ihnen so schnell wie m\u00f6glich antworten.<\/p>\n    <\/div>\n\n<\/section>\n\n\n\n<section class=\"custom-block block--contact-form-maps mx-auto\">\n\n  <div class=\"columns with-maps\">\n    <div class=\"column form\">\n<div class=\"wpcf7 no-js\" id=\"wpcf7-f5446-o1\" lang=\"fr-FR\" dir=\"ltr\" data-wpcf7-id=\"5446\">\n<div class=\"screen-reader-response\"><p role=\"status\" aria-live=\"polite\" aria-atomic=\"true\"><\/p> <ul><\/ul><\/div>\n<form action=\"\/bourgogne\/de\/wp-json\/wp\/v2\/pages\/3960#wpcf7-f5446-o1\" method=\"post\" class=\"wpcf7-form init\" aria-label=\"Contact form\" enctype=\"multipart\/form-data\" novalidate=\"novalidate\" data-status=\"init\">\n<fieldset class=\"hidden-fields-container\"><input type=\"hidden\" name=\"_wpcf7\" value=\"5446\" \/><input type=\"hidden\" name=\"_wpcf7_version\" value=\"6.1.5\" \/><input type=\"hidden\" name=\"_wpcf7_locale\" value=\"fr_FR\" \/><input type=\"hidden\" name=\"_wpcf7_unit_tag\" value=\"wpcf7-f5446-o1\" \/><input type=\"hidden\" name=\"_wpcf7_container_post\" value=\"0\" \/><input type=\"hidden\" name=\"_wpcf7_posted_data_hash\" value=\"\" \/><input type=\"hidden\" name=\"_wpcf7_recaptcha_response\" value=\"\" \/>\n<\/fieldset>\n<p><label> Nachname*<br \/>\n<span class=\"wpcf7-form-control-wrap\" data-name=\"lastname\"><input size=\"40\" maxlength=\"400\" class=\"wpcf7-form-control wpcf7-text wpcf7-validates-as-required\" autocomplete=\"lastname\" aria-required=\"true\" aria-invalid=\"false\" value=\"\" type=\"text\" name=\"lastname\" \/><\/span> <\/label>\n<\/p>\n<p><label> Vorname*<br \/>\n<span class=\"wpcf7-form-control-wrap\" data-name=\"firstname\"><input size=\"40\" maxlength=\"400\" class=\"wpcf7-form-control wpcf7-text wpcf7-validates-as-required\" autocomplete=\"firstname\" aria-required=\"true\" aria-invalid=\"false\" value=\"\" type=\"text\" name=\"firstname\" \/><\/span> <\/label>\n<\/p>\n<p><label> Land<br \/>\n<span class=\"wpcf7-form-control-wrap\" data-name=\"country\"><input size=\"40\" class=\"wpcf7-form-control wpcf7-countrytext wpcf7-text wpcf7-validates-as-countrytext\" aria-invalid=\"false\" value=\"\" type=\"text\" name=\"country\" \/><\/span> <\/label>\n<\/p>\n<p><label> Sprache*<br \/>\n<span class=\"wpcf7-form-control-wrap\" data-name=\"Sprache\"><select class=\"wpcf7-form-control wpcf7-select wpcf7-validates-as-required\" aria-required=\"true\" aria-invalid=\"false\" name=\"Sprache\"><option value=\"Deutsch\">Deutsch<\/option><option value=\"Franz\u00f6sisch\">Franz\u00f6sisch<\/option><option value=\"Englisch\">Englisch<\/option><\/select><\/span> <\/label>\n<\/p>\n<p><label> Telefonnummer*<br \/>\n<span class=\"wpcf7-form-control-wrap\" data-name=\"phone\"><input size=\"40\" class=\"wpcf7-form-control wpcf7-phonetext wpcf7-validates-as-required wpcf7-text wpcf7-validates-as-phonetext\" autocomplete=\"phone\" data-numberonly=\"true\" aria-required=\"true\" aria-invalid=\"false\" value=\"\" type=\"text\" name=\"phone\" \/><input type=\"hidden\" name=\"phone-country-code\" class=\"wpcf7-phonetext-country-code\" \/><\/span> <\/label>\n<\/p>\n<p><label> Email*<br \/>\n<span class=\"wpcf7-form-control-wrap\" data-name=\"email\"><input size=\"40\" maxlength=\"400\" class=\"wpcf7-form-control wpcf7-email wpcf7-validates-as-required wpcf7-text wpcf7-validates-as-email\" autocomplete=\"email\" aria-required=\"true\" aria-invalid=\"false\" value=\"\" type=\"email\" name=\"email\" \/><\/span> <\/label>\n<\/p>\n<p><label> Ihre Nachricht*<br \/>\n<span class=\"wpcf7-form-control-wrap\" data-name=\"message\"><textarea cols=\"40\" rows=\"10\" maxlength=\"2000\" class=\"wpcf7-form-control wpcf7-textarea wpcf7-validates-as-required\" aria-required=\"true\" aria-invalid=\"false\" name=\"message\"><\/textarea><\/span> <\/label>\n<\/p>\n<p><label> Eine Datei hochladen<br \/>\n<span class=\"wpcf7-form-control-wrap\" data-name=\"file\"><input size=\"40\" class=\"wpcf7-form-control wpcf7-file\" accept=\".pdf,.txt\" aria-invalid=\"false\" type=\"file\" name=\"file\" \/><\/span> <\/label>\n<\/p>\n<p><span class=\"wpcf7-form-control-wrap\" data-name=\"optin\"><span class=\"wpcf7-form-control wpcf7-checkbox\"><span class=\"wpcf7-list-item first last\"><input type=\"checkbox\" name=\"optin[]\" value=\"Ich m\u00f6chte die neuesten Nachrichten der Gruppe erhalten\" \/><span class=\"wpcf7-list-item-label\">Ich m\u00f6chte die neuesten Nachrichten der Gruppe erhalten<\/span><\/span><\/span><\/span><br \/>\n<span class=\"wpcf7-form-control-wrap\" data-name=\"accept\"><span class=\"wpcf7-form-control wpcf7-checkbox wpcf7-validates-as-required\"><span class=\"wpcf7-list-item first last\"><input type=\"checkbox\" name=\"accept[]\" value=\"Ich erteile meine Zustimmung*\" \/><span class=\"wpcf7-list-item-label\">Ich erteile meine Zustimmung*<\/span><\/span><\/span><\/span>\n<\/p>\n<p><input class=\"wpcf7-form-control wpcf7-submit has-spinner button\" type=\"submit\" value=\"Senden\" \/>\n<\/p><div class=\"wpcf7-response-output\" aria-hidden=\"true\"><\/div>\n<\/form>\n<\/div>\n<\/div>\n    <div class=\"column map\"><style type=\"text\/css\" id=\"umsMapStyles_1_10748\">\r\n    #ultimate_maps_1_10748 {\r\n        width: 100%;\r\n        height: 700px;\r\n                border: 0px solid ;\r\n        margin: 0px;\r\n    }\r\n    #mapsControlsNum_1_10748 {\r\n        width:100%    }\r\n    .umsMapDetailsContainer#umsMapDetailsContainer_1_10748 {\r\n        height:700px;\r\n    }\r\n    .ums_MapPreview#ultimate_maps_1_10748 {\r\n        \/*position:absolute;*\/\r\n        width:100%;\r\n    }\r\n    #mapConElem_1_10748{\r\n        width:100%    }\r\n    <\/style><div class=\"ums_map_opts\" id=\"mapConElem_1_10748\" data-id=\"1\" data-view-id=\"1_10748\" > <div class=\"umsMapDetailsContainer\" id=\"umsMapDetailsContainer_1_10748\"> <i class=\"umsKMLLayersPreloader fa fa-spinner fa-spin\" aria-hidden=\"true\" style=\"display: none;\"><\/i> <div class=\"ums_MapPreview \" id=\"ultimate_maps_1_10748\"><\/div> <\/div> <div class=\"umsMapMarkerFilters\" id=\"umsMapMarkerFilters_1_10748\"> <\/div> <div class=\"umsMapProControlsCon\" id=\"umsMapProControlsCon_1_10748\"> <a title=\"Google Map Plugin\" style=\"display:none;\" href=\"https:\/\/supsystic.com\/plugins\/google-maps-plugin\/?utm_medium=love_link_hide\" target=\"_blank\">Google Map Plugin<\/a><div style=\"clear: both;\"><\/div> <\/div> <div class=\"umsMapProDirectionsCon\" id=\"umsMapProDirectionsCon_1_10748\" > <\/div> <div class=\"umsMapProKmlFilterCon\" id=\"umsMapProKmlFilterCon_1_10748\" > <\/div> <div class=\"umsSocialSharingShell umsSocialSharingShell_1_10748\"> <\/div> <div style=\"clear: both;\"><\/div> <\/div><\/div>  <\/div>\n\n  \n<\/section>\n","protected":false},"excerpt":{"rendered":"","protected":false},"author":1,"featured_media":0,"parent":0,"menu_order":0,"comment_status":"closed","ping_status":"closed","template":"","meta":{"_acf_changed":false,"footnotes":""},"hotels":[],"doc_cat":[],"class_list":["post-3960","page","type-page","status-publish","hentry"],"acf":[],"yoast_head":"<!-- This site is optimized with the Yoast SEO plugin v27.4 - https:\/\/yoast.com\/product\/yoast-seo-wordpress\/ -->\n<title>Anfahrt &amp; Kontakt | Les Sources de Vougeot bei Burgund<\/title>\n<meta name=\"description\" content=\"Alle Informationen zur Anreise zu Les Sources de Vougeot in Burgund: Adresse, Koordinaten, Anfahrt mit Auto, Zug, oder Flugzeug.\" \/>\n<meta name=\"robots\" content=\"index, follow, max-snippet:-1, max-image-preview:large, max-video-preview:-1\" \/>\n<link rel=\"canonical\" href=\"https:\/\/www.sources-hotels.com\/bourgogne\/de\/anzeigne-kontakt\/\" \/>\n<meta property=\"og:locale\" content=\"de_DE\" \/>\n<meta property=\"og:type\" content=\"article\" \/>\n<meta property=\"og:title\" content=\"Anfahrt &amp; Kontakt | Les Sources de Vougeot bei Burgund\" \/>\n<meta property=\"og:description\" content=\"Alle Informationen zur Anreise zu Les Sources de Vougeot in Burgund: Adresse, Koordinaten, Anfahrt mit Auto, Zug, oder Flugzeug.\" \/>\n<meta property=\"og:url\" content=\"https:\/\/www.sources-hotels.com\/bourgogne\/de\/anzeigne-kontakt\/\" \/>\n<meta property=\"og:site_name\" content=\"Les Sources de Vougeot\" \/>\n<meta property=\"article:modified_time\" content=\"2025-12-01T13:49:32+00:00\" \/>\n<meta name=\"twitter:card\" content=\"summary_large_image\" \/>\n<script type=\"application\/ld+json\" class=\"yoast-schema-graph\">{\"@context\":\"https:\\\/\\\/schema.org\",\"@graph\":[{\"@type\":\"WebPage\",\"@id\":\"https:\\\/\\\/www.sources-hotels.com\\\/bourgogne\\\/de\\\/anzeigne-kontakt\\\/\",\"url\":\"https:\\\/\\\/www.sources-hotels.com\\\/bourgogne\\\/de\\\/anzeigne-kontakt\\\/\",\"name\":\"Anfahrt & Kontakt | Les Sources de Vougeot bei Burgund\",\"isPartOf\":{\"@id\":\"https:\\\/\\\/www.sources-hotels.com\\\/bourgogne\\\/de\\\/#website\"},\"datePublished\":\"2024-12-31T14:08:16+00:00\",\"dateModified\":\"2025-12-01T13:49:32+00:00\",\"description\":\"Alle Informationen zur Anreise zu Les Sources de Vougeot in Burgund: Adresse, Koordinaten, Anfahrt mit Auto, Zug, oder Flugzeug.\",\"breadcrumb\":{\"@id\":\"https:\\\/\\\/www.sources-hotels.com\\\/bourgogne\\\/de\\\/anzeigne-kontakt\\\/#breadcrumb\"},\"inLanguage\":\"de-DE\",\"potentialAction\":[{\"@type\":\"ReadAction\",\"target\":[\"https:\\\/\\\/www.sources-hotels.com\\\/bourgogne\\\/de\\\/anzeigne-kontakt\\\/\"]}]},{\"@type\":\"BreadcrumbList\",\"@id\":\"https:\\\/\\\/www.sources-hotels.com\\\/bourgogne\\\/de\\\/anzeigne-kontakt\\\/#breadcrumb\",\"itemListElement\":[{\"@type\":\"ListItem\",\"position\":1,\"name\":\"Startseite\",\"item\":\"https:\\\/\\\/www.sources-hotels.com\\\/bourgogne\\\/de\\\/\"},{\"@type\":\"ListItem\",\"position\":2,\"name\":\"Anzeigne und Kontakt\"}]},{\"@type\":\"WebSite\",\"@id\":\"https:\\\/\\\/www.sources-hotels.com\\\/bourgogne\\\/de\\\/#website\",\"url\":\"https:\\\/\\\/www.sources-hotels.com\\\/bourgogne\\\/de\\\/\",\"name\":\"Les Sources de Vougeot\",\"description\":\"\",\"publisher\":{\"@id\":\"https:\\\/\\\/www.sources-hotels.com\\\/bourgogne\\\/de\\\/#organization\"},\"potentialAction\":[{\"@type\":\"SearchAction\",\"target\":{\"@type\":\"EntryPoint\",\"urlTemplate\":\"https:\\\/\\\/www.sources-hotels.com\\\/bourgogne\\\/de\\\/?s={search_term_string}\"},\"query-input\":{\"@type\":\"PropertyValueSpecification\",\"valueRequired\":true,\"valueName\":\"search_term_string\"}}],\"inLanguage\":\"de-DE\"},{\"@type\":\"Organization\",\"@id\":\"https:\\\/\\\/www.sources-hotels.com\\\/bourgogne\\\/de\\\/#organization\",\"name\":\"Les Sources de Caudalie\",\"url\":\"https:\\\/\\\/www.sources-hotels.com\\\/bourgogne\\\/de\\\/\",\"logo\":{\"@type\":\"ImageObject\",\"inLanguage\":\"de-DE\",\"@id\":\"https:\\\/\\\/www.sources-hotels.com\\\/bourgogne\\\/de\\\/#\\\/schema\\\/logo\\\/image\\\/\",\"url\":\"\",\"contentUrl\":\"\",\"caption\":\"Les Sources de Caudalie\"},\"image\":{\"@id\":\"https:\\\/\\\/www.sources-hotels.com\\\/bourgogne\\\/de\\\/#\\\/schema\\\/logo\\\/image\\\/\"}}]}<\/script>\n<!-- \/ Yoast SEO plugin. -->","yoast_head_json":{"title":"Anfahrt & Kontakt | Les Sources de Vougeot bei Burgund","description":"Alle Informationen zur Anreise zu Les Sources de Vougeot in Burgund: Adresse, Koordinaten, Anfahrt mit Auto, Zug, oder Flugzeug.","robots":{"index":"index","follow":"follow","max-snippet":"max-snippet:-1","max-image-preview":"max-image-preview:large","max-video-preview":"max-video-preview:-1"},"canonical":"https:\/\/www.sources-hotels.com\/bourgogne\/de\/anzeigne-kontakt\/","og_locale":"de_DE","og_type":"article","og_title":"Anfahrt & Kontakt | Les Sources de Vougeot bei Burgund","og_description":"Alle Informationen zur Anreise zu Les Sources de Vougeot in Burgund: Adresse, Koordinaten, Anfahrt mit Auto, Zug, oder Flugzeug.","og_url":"https:\/\/www.sources-hotels.com\/bourgogne\/de\/anzeigne-kontakt\/","og_site_name":"Les Sources de Vougeot","article_modified_time":"2025-12-01T13:49:32+00:00","twitter_card":"summary_large_image","schema":{"@context":"https:\/\/schema.org","@graph":[{"@type":"WebPage","@id":"https:\/\/www.sources-hotels.com\/bourgogne\/de\/anzeigne-kontakt\/","url":"https:\/\/www.sources-hotels.com\/bourgogne\/de\/anzeigne-kontakt\/","name":"Anfahrt & Kontakt | Les Sources de Vougeot bei Burgund","isPartOf":{"@id":"https:\/\/www.sources-hotels.com\/bourgogne\/de\/#website"},"datePublished":"2024-12-31T14:08:16+00:00","dateModified":"2025-12-01T13:49:32+00:00","description":"Alle Informationen zur Anreise zu Les Sources de Vougeot in Burgund: Adresse, Koordinaten, Anfahrt mit Auto, Zug, oder Flugzeug.","breadcrumb":{"@id":"https:\/\/www.sources-hotels.com\/bourgogne\/de\/anzeigne-kontakt\/#breadcrumb"},"inLanguage":"de-DE","potentialAction":[{"@type":"ReadAction","target":["https:\/\/www.sources-hotels.com\/bourgogne\/de\/anzeigne-kontakt\/"]}]},{"@type":"BreadcrumbList","@id":"https:\/\/www.sources-hotels.com\/bourgogne\/de\/anzeigne-kontakt\/#breadcrumb","itemListElement":[{"@type":"ListItem","position":1,"name":"Startseite","item":"https:\/\/www.sources-hotels.com\/bourgogne\/de\/"},{"@type":"ListItem","position":2,"name":"Anzeigne und Kontakt"}]},{"@type":"WebSite","@id":"https:\/\/www.sources-hotels.com\/bourgogne\/de\/#website","url":"https:\/\/www.sources-hotels.com\/bourgogne\/de\/","name":"Les Sources de Vougeot","description":"","publisher":{"@id":"https:\/\/www.sources-hotels.com\/bourgogne\/de\/#organization"},"potentialAction":[{"@type":"SearchAction","target":{"@type":"EntryPoint","urlTemplate":"https:\/\/www.sources-hotels.com\/bourgogne\/de\/?s={search_term_string}"},"query-input":{"@type":"PropertyValueSpecification","valueRequired":true,"valueName":"search_term_string"}}],"inLanguage":"de-DE"},{"@type":"Organization","@id":"https:\/\/www.sources-hotels.com\/bourgogne\/de\/#organization","name":"Les Sources de Caudalie","url":"https:\/\/www.sources-hotels.com\/bourgogne\/de\/","logo":{"@type":"ImageObject","inLanguage":"de-DE","@id":"https:\/\/www.sources-hotels.com\/bourgogne\/de\/#\/schema\/logo\/image\/","url":"","contentUrl":"","caption":"Les Sources de Caudalie"},"image":{"@id":"https:\/\/www.sources-hotels.com\/bourgogne\/de\/#\/schema\/logo\/image\/"}}]}},"_links":{"self":[{"href":"https:\/\/www.sources-hotels.com\/bourgogne\/de\/wp-json\/wp\/v2\/pages\/3960","targetHints":{"allow":["GET"]}}],"collection":[{"href":"https:\/\/www.sources-hotels.com\/bourgogne\/de\/wp-json\/wp\/v2\/pages"}],"about":[{"href":"https:\/\/www.sources-hotels.com\/bourgogne\/de\/wp-json\/wp\/v2\/types\/page"}],"author":[{"embeddable":true,"href":"https:\/\/www.sources-hotels.com\/bourgogne\/de\/wp-json\/wp\/v2\/users\/1"}],"replies":[{"embeddable":true,"href":"https:\/\/www.sources-hotels.com\/bourgogne\/de\/wp-json\/wp\/v2\/comments?post=3960"}],"version-history":[{"count":26,"href":"https:\/\/www.sources-hotels.com\/bourgogne\/de\/wp-json\/wp\/v2\/pages\/3960\/revisions"}],"predecessor-version":[{"id":6197,"href":"https:\/\/www.sources-hotels.com\/bourgogne\/de\/wp-json\/wp\/v2\/pages\/3960\/revisions\/6197"}],"wp:attachment":[{"href":"https:\/\/www.sources-hotels.com\/bourgogne\/de\/wp-json\/wp\/v2\/media?parent=3960"}],"wp:term":[{"taxonomy":"hotels","embeddable":true,"href":"https:\/\/www.sources-hotels.com\/bourgogne\/de\/wp-json\/wp\/v2\/hotels?post=3960"},{"taxonomy":"doc_cat","embeddable":true,"href":"https:\/\/www.sources-hotels.com\/bourgogne\/de\/wp-json\/wp\/v2\/doc_cat?post=3960"}],"curies":[{"name":"wp","href":"https:\/\/api.w.org\/{rel}","templated":true}]}}