{"id":3961,"date":"2026-01-31T15:14:00","date_gmt":"2026-01-31T14:14:00","guid":{"rendered":"https:\/\/www.sources-hotels.com\/bourgogne\/?page_id=3961"},"modified":"2026-04-23T14:33:56","modified_gmt":"2026-04-23T12:33:56","slug":"faq","status":"publish","type":"page","link":"https:\/\/www.sources-hotels.com\/bourgogne\/de\/faq\/","title":{"rendered":"FAQ"},"content":{"rendered":"\n<section class=\"custom-block block--header h-[206rem] text-center text-white overflow-hidden pt-[100rem] relative tablet:h-[700rem] tablet:pt-[420rem]\">\n\n    <h1>\n                            H\u00e4ufig gestellte Fragen (FAQ)             <\/h1>\n\n    \n    <span class=\"scroll-down hidden text-[12rem] tracking-[2rem] uppercase font-title cursor-pointer opacity-[64%] pb-[66rem] absolute left-2\/4 bottom-0 translate-x-[-50%] after:w-[1px] after:h-[50rem] after:bg-white after:opacity-[40%] after:absolute after:bottom-0 after:left-[50%] tablet:block\">\n        Siehe die Fortsetzung    <\/span>\n\n    <figure class=\"min-w-full min-h-full aspect-video overflow-hidden absolute top-2\/4 left-2\/4 translate-x-[-50%] translate-y-[-50%] z-[-1] before:bg-black before:opacity-[35%] before:mix-blend-multiply before:absolute before:top-0 before:left-0 before:right-0 before:bottom-0 before:z-[2]\">\n                    <img loading=\"lazy\" decoding=\"async\" width=\"961\" height=\"639\" src=\"https:\/\/www.sources-hotels.com\/bourgogne\/wp-content\/uploads\/sites\/5\/2026\/03\/soleilvignes.png\" class=\"h-full w-full object-cover object-center\" alt=\"\" srcset=\"https:\/\/www.sources-hotels.com\/bourgogne\/wp-content\/uploads\/sites\/5\/2026\/03\/soleilvignes.png 961w, https:\/\/www.sources-hotels.com\/bourgogne\/wp-content\/uploads\/sites\/5\/2026\/03\/soleilvignes-300x199.png 300w, https:\/\/www.sources-hotels.com\/bourgogne\/wp-content\/uploads\/sites\/5\/2026\/03\/soleilvignes-768x511.png 768w\" sizes=\"auto, (max-width: 961px) 100vw, 961px\" \/>            <\/figure>\n    \n<\/section>\n\n    \n\n<section class=\"custom-block block--simple-text tablet:!pb-[60rem]\">\n\n    <div class=\"text-[25rem]\/[32rem] font-serif text-center pt-[45rem] tablet:text-[35rem]\/[42rem]\">\n        <p style=\"text-align: center\">Serviceleistungen und Ausstattung des Hotels<\/p>\n    <\/div>\n\n<\/section>\n\n\n<section class=\"custom-block block--faq container\">\n\n    <div class=\"accordions\">\n\n                                    <div class=\"accordion\">\n                    <div class=\"title\">\n                        <div class=\"caret\"><\/div>Gibt es ein Spa im Les Sources de Vougeot?                    <\/div>\n                    <div class=\"content rte\">\n                        <p>Das Spa Caudalie ist von Montag bis Sonntag ge\u00f6ffnet.<\/p>\n<p><span style=\"font-weight: 400\">Unsere Einrichtungen:<br \/>\nUmkleider\u00e4ume<br \/>\nAusgestatteter Fitnessraum<br \/>\nBehandlungsr\u00e4ume<br \/>\nRuhebereich<br \/>\nEntspannungsbecken<br \/>\nSauna<br \/>\nSchwimmbecken<br \/>\nLiegest\u00fchle<br \/>\nKr\u00e4utertees und frisches Wasser nach Belieben<\/span><\/p>\n<p><span style=\"font-weight: 400\">Die Spa-Einrichtungen sind nur mit vorheriger Reservierung einer Anwendung zug\u00e4nglich und werden ab 16 Jahren angeboten. Das Spa ist auch f\u00fcr externe G\u00e4ste des Hotels zug\u00e4nglich.<\/span><\/p>\n                    <\/div>\n                <\/div>\n                            <div class=\"accordion\">\n                    <div class=\"title\">\n                        <div class=\"caret\"><\/div>Gibt es ein Restaurant?                     <\/div>\n                    <div class=\"content rte\">\n                        <p><span style=\"font-weight: 400\">Wir verf\u00fcgen \u00fcber zwei Restaurants:<\/span><\/p>\n<ul>\n<li><span style=\"font-weight: 400\">Das Gourmetrestaurant <a href=\"https:\/\/www.sources-hotels.com\/bourgogne\/de\/restaurant-le-clos-de-la-tour\/\">Le Clos de la Tour <\/a><\/span><span style=\"font-weight: 400\">unter der Leitung von K\u00fcchenchef Julien Martin empf\u00e4ngt Sie von Mittwoch bis Freitag von 19:30 bis 21:15 Uhr sowie am Samstag und Sonntag von 12:15 bis 13:30 Uhr und von 19:30 bis 21:15 Uhr.<\/span><\/li>\n<li><span style=\"font-weight: 400\">Als authentische l\u00e4ndliche Auberge mit bistronomischem Konzept ist <a href=\"https:\/\/www.sources-hotels.com\/bourgogne\/de\/restaurant-lauberge-des-citeaux\/\">L&#8217;Auberge des C\u00eeteaux <\/a><\/span><span style=\"font-weight: 400\">t\u00e4glich ge\u00f6ffnet.<\/span><\/li>\n<\/ul>\n<p>&nbsp;<\/p>\n                    <\/div>\n                <\/div>\n                            <div class=\"accordion\">\n                    <div class=\"title\">\n                        <div class=\"caret\"><\/div>Gibt es einen Pool bei Les Sources de Vougeot?                     <\/div>\n                    <div class=\"content rte\">\n                        <p><span style=\"font-weight: 400\">Wir bieten:<\/span><\/p>\n<p><strong>Beheizter Au\u00dfenpool<\/strong><\/p>\n<ul>\n<li><span style=\"font-weight: 400\">Ge\u00f6ffnet von Mai bis Oktober<\/span><\/li>\n<li><span style=\"font-weight: 400\">Kinder sind willkommen<\/span><\/li>\n<li><span style=\"font-weight: 400\">Der Zugang ist ausschlie\u00dflich Hotelg\u00e4sten vorbehalten<\/span><\/li>\n<\/ul>\n<p>&nbsp;<\/p>\n<p><strong>Innenpools<\/strong><\/p>\n<p>Das Spa Caudalie verf\u00fcgt \u00fcber ein Entspannungsbecken und ein Schwimmbecken.<br \/>\nZugang mit einem Spa-Angebot.<\/p>\n                    <\/div>\n                <\/div>\n                            <div class=\"accordion\">\n                    <div class=\"title\">\n                        <div class=\"caret\"><\/div>Welche Aktivit\u00e4ten werden angeboten?                    <\/div>\n                    <div class=\"content rte\">\n                        <p><span style=\"font-weight: 400\">An Aktivit\u00e4ten mangelt es im Les Sources de Vougeot nicht. Wir laden Sie ein, Ihren idealen Aufenthalt ganz nach Ihren W\u00fcnschen zu gestalten \u2013 ob Sie sich f\u00fcr kulturelle Entdeckungen, Naturerlebnisse, sportliche Aktivit\u00e4ten oder kulinarische Gen\u00fcsse begeistern.<br \/>\n<a href=\"https:\/\/www.sources-hotels.com\/bourgogne\/de\/aktivitaeten\/\">Hier finden Sie einige Ideen auf dieser Seite<\/a><\/span><\/p>\n<p><span style=\"font-weight: 400\">Unser Concierge-Team steht Ihnen jederzeit zur Verf\u00fcgung, um Ihren Traumaufenthalt zu verwirklichen.<\/span><\/p>\n<p><span style=\"font-weight: 400\">Informationen und Reservierungen:<\/span><\/p>\n<p><span style=\"font-weight: 400\">03 80 23 22 22<\/span><span style=\"font-weight: 400\"><br \/>\n<\/span><span style=\"font-weight: 400\">reservations@sources-vougeot.com<br \/>\n<\/span><\/p>\n                    <\/div>\n                <\/div>\n                            <div class=\"accordion\">\n                    <div class=\"title\">\n                        <div class=\"caret\"><\/div>Bieten Sie Tagesangebote an?                    <\/div>\n                    <div class=\"content rte\">\n                        <p><span style=\"font-weight: 400\">Unsere Restaurants sind auch f\u00fcr externe G\u00e4ste zug\u00e4nglich:<\/span><\/p>\n<ul>\n<li><span style=\"font-weight: 400\">Le Clos de la Tour (nur mit Reservierung)<\/span><\/li>\n<li><span style=\"font-weight: 400\">L&#8217;Auberge des C\u00eeteaux (nur mit Reservierung)<\/span><\/li>\n<\/ul>\n<p>&nbsp;<\/p>\n<p><span style=\"font-weight: 400\">Das Spa Caudalie ist ebenfalls f\u00fcr externe G\u00e4ste des Hotels zug\u00e4nglich.<\/span><\/p>\n                    <\/div>\n                <\/div>\n                    \n    <\/div>\n\n<\/section>\n\n<section class=\"custom-block block--simple-text tablet:!pb-[60rem]\">\n\n    <div class=\"text-[25rem]\/[32rem] font-serif text-center pt-[45rem] tablet:text-[35rem]\/[42rem]\">\n        <p style=\"text-align: center\">Praktische Informationen<\/p>\n    <\/div>\n\n<\/section>\n\n\n<section class=\"custom-block block--faq container\">\n\n    <div class=\"accordions\">\n\n                                    <div class=\"accordion\">\n                    <div class=\"title\">\n                        <div class=\"caret\"><\/div>Sind Haustiere (Hunde oder Katzen) erlaubt?                    <\/div>\n                    <div class=\"content rte\">\n                        <p><span style=\"font-weight: 400\">Haustiere sind im Les Sources de Vougeot willkommen, gegen einen Aufpreis von 30 \u20ac pro Tag und pro Tier.<\/span><\/p>\n<p><span style=\"font-weight: 400\">Bitte informieren Sie unser Team jedoch bereits bei der Reservierung.<\/span><\/p>\n<p><span style=\"font-weight: 400\">Bitte beachten Sie, dass Haustiere an der Leine gef\u00fchrt werden m\u00fcssen und weder im Bereich der Pools, im Spa Caudalie noch im Gourmetrestaurant Le Clos de la Tour erlaubt sind.<\/span><\/p>\n                    <\/div>\n                <\/div>\n                            <div class=\"accordion\">\n                    <div class=\"title\">\n                        <div class=\"caret\"><\/div>Wann sind Check-in und Check-out?                    <\/div>\n                    <div class=\"content rte\">\n                        <p>Der Check-in ist ab 15:30 Uhr m\u00f6glich, und die Zimmer m\u00fcssen am Abreisetag bis sp\u00e4testens 12:00 Uhr ger\u00e4umt werden.<br \/>\nEin Early Check-in oder Late Check-out ist leider nicht m\u00f6glich.<\/p>\n                    <\/div>\n                <\/div>\n                            <div class=\"accordion\">\n                    <div class=\"title\">\n                        <div class=\"caret\"><\/div>Welche Zahlungsmittel werden akzeptiert?                    <\/div>\n                    <div class=\"content rte\">\n                        <p class=\"\" data-start=\"0\" data-end=\"325\">Je nach gew\u00e4hltem Tarif erfolgt die Zahlung entweder bei der Buchung oder beim Check-out.<br data-start=\"136\" data-end=\"139\" \/>Beim Check-in ben\u00f6tigen Sie eine g\u00fcltige Kreditkarte sowie einen Ausweis. Wenn Sie Schwierigkeiten bei der Buchung haben, kontaktieren Sie uns gerne \u2013 wir helfen Ihnen mit Freude weiter.<\/p>\n<p class=\"\" data-start=\"327\" data-end=\"367\">Wir akzeptieren folgende Zahlungsmittel:<\/p>\n<p class=\"\" data-start=\"369\" data-end=\"413\">\u2022 MasterCard<br data-start=\"381\" data-end=\"384\" \/>\u2022 American Express<br data-start=\"402\" data-end=\"405\" \/>\u2022 Visa<\/p>\n<p class=\"\" data-start=\"415\" data-end=\"637\">Bargeld wird f\u00fcr Zahlungen an der Rezeption akzeptiert.<br data-start=\"470\" data-end=\"473\" \/>Eine g\u00fcltige Kreditkarte ist erforderlich, um Ihre Reservierung zu garantieren. Sollten Sie keine Kreditkarte besitzen, setzen Sie sich bitte mit uns in Verbindung.<\/p>\n                    <\/div>\n                <\/div>\n                            <div class=\"accordion\">\n                    <div class=\"title\">\n                        <div class=\"caret\"><\/div>Wie gelangt man vom Flughafen oder Bahnhof zum Hotel?                    <\/div>\n                    <div class=\"content rte\">\n                        <p><span style=\"font-weight: 400\"><strong>Der Bahnhof Vougeot \u2013 Gilly-l\u00e8s-C\u00eeteaux<\/strong> wird von TER-Z\u00fcgen der Region Bourgogne-Franche-Comt\u00e9 bedient \u2014 Les Sources de Vougeot liegen nur 1000 Meter zu Fu\u00df vom Bahnhof entfernt. Dijon oder Beaune erreichen Sie in etwa 15 Minuten (mehrere Verbindungen t\u00e4glich).<\/span><\/p>\n<p><span style=\"font-weight: 400\"><strong>Der n\u00e4chstgelegene TGV-Bahnhof<\/strong> befindet sich in Dijon (ca. 30 Minuten mit dem Auto). Die Fahrzeit betr\u00e4gt 1 Stunde 35 Minuten nach Paris und 3 Stunden 30 Minuten nach Marseille.<br \/>\n<strong>Der n\u00e4chstgelegene internationale Flughafen<\/strong> befindet sich in Lyon (ca. 2 Stunden mit dem Auto vom Hotel entfernt).<\/span><\/p>\n<p>Unser Concierge-Team organisiert gerne Transfers zu den Bahnh\u00f6fen oder zum Flughafen.<\/p>\n                    <\/div>\n                <\/div>\n                            <div class=\"accordion\">\n                    <div class=\"title\">\n                        <div class=\"caret\"><\/div>Gibt es einen Parkplatz im Les Sources de Vougeot?                    <\/div>\n                    <div class=\"content rte\">\n                        <p><span style=\"font-weight: 400\">Wir verf\u00fcgen \u00fcber einen kostenlosen Parkplatz direkt am Hotel mit Ladestationen f\u00fcr Elektrofahrzeuge. Um Ihre Ankunft zu erleichtern, steht Ihnen zudem ein kostenloser Valet-Service rund um die Uhr zur Verf\u00fcgung.<\/span><\/p>\n                    <\/div>\n                <\/div>\n                            <div class=\"accordion\">\n                    <div class=\"title\">\n                        <div class=\"caret\"><\/div>Was kostet ein Zustellbett oder ein Babybett?                    <\/div>\n                    <div class=\"content rte\">\n                        <p><span style=\"font-weight: 400\">Ab drei Erwachsenen wird ein Zustellbett berechnet, zum Preis von 50 \u20ac pro Person und Nacht.<\/span><\/p>\n<p><span style=\"font-weight: 400\">Ein Babybett kann f\u00fcr 20 \u20ac pro Nacht (f\u00fcr Babys von 0 bis einschlie\u00dflich 2 Jahre) bereitgestellt werden. Ein Zustellbett (f\u00fcr Kinder von 2 bis einschlie\u00dflich 12 Jahre) ist in den Prestige-Zimmern oder Suiten zum Preis von 50 \u20ac pro Kind und Nacht verf\u00fcgbar.<\/span><\/p>\n                    <\/div>\n                <\/div>\n                            <div class=\"accordion\">\n                    <div class=\"title\">\n                        <div class=\"caret\"><\/div>Wie sind die Zeiten und Preise f\u00fcr das Fr\u00fchst\u00fcck?                    <\/div>\n                    <div class=\"content rte\">\n                        <p><span style=\"font-weight: 400\">Falls das Fr\u00fchst\u00fcck nicht in Ihrer Reservierung enthalten ist, wird es mit 30 \u20ac pro Person und Tag berechnet (15 \u20ac f\u00fcr Kinder von 3 bis 12 Jahren).<\/span><span style=\"font-weight: 400\"><br \/>\n<\/span><span style=\"font-weight: 400\"><br \/>\n<\/span><span style=\"font-weight: 400\">Unser Fr\u00fchst\u00fcck wird nach Wahl serviert:<\/span><\/p>\n<ul>\n<li><span style=\"font-weight: 400\">Unser Fr\u00fchst\u00fccksbuffet erwartet Sie jeden Morgen von 7:30 bis 10:30 Uhr in der Orangerie, mit sorgf\u00e4ltig ausgew\u00e4hlten und zubereiteten Produkten unseres K\u00fcchenchefs.<\/span><\/li>\n<\/ul>\n<p>&nbsp;<\/p>\n<ul>\n<li><span style=\"font-weight: 400\">F\u00fcr alle, die ihr Fr\u00fchst\u00fcck gerne im Bett genie\u00dfen, bieten wir von 7:00 bis 10:30 Uhr ein Fr\u00fchst\u00fcck auf dem Zimmer an. Unser Team bringt Ihnen ein genussvolles Tablett mit frischen und geschmackvollen Produkten, die von unserem K\u00fcchenchef sorgf\u00e4ltig ausgew\u00e4hlt wurden.<\/span><\/li>\n<\/ul>\n                    <\/div>\n                <\/div>\n                    \n    <\/div>\n\n<\/section>\n\n<section class=\"custom-block block--simple-text tablet:!pb-[60rem]\">\n\n    <div class=\"text-[25rem]\/[32rem] font-serif text-center pt-[45rem] tablet:text-[35rem]\/[42rem]\">\n        <p style=\"text-align: center\">Lage und Entdeckung Burgunds<\/p>\n    <\/div>\n\n<\/section>\n\n\n<section class=\"custom-block block--faq container\">\n\n    <div class=\"accordions\">\n\n                                    <div class=\"accordion\">\n                    <div class=\"title\">\n                        <div class=\"caret\"><\/div>Wo befinden sich Les Sources de Vougeot in Burgund?                    <\/div>\n                    <div class=\"content rte\">\n                        <p>Les Sources de Vougeot liegen im Herzen der C\u00f4te de Nuits, an der ber\u00fchmten Route des Grands Crus, zwischen Dijon und Beaune. Das Hotel befindet sich im Dorf Gilly-l\u00e8s-C\u00eeteaux, in unmittelbarer N\u00e4he des Clos de Vougeot und umgeben von den renommierten Weinbergen Burgunds.<\/p>\n                    <\/div>\n                <\/div>\n                            <div class=\"accordion\">\n                    <div class=\"title\">\n                        <div class=\"caret\"><\/div>Liegt das Hotel in der N\u00e4he des Clos de Vougeot?                    <\/div>\n                    <div class=\"content rte\">\n                        <p>Ja, Les Sources de Vougeot befinden sich nur wenige Minuten vom Ch\u00e2teau du Clos de Vougeot entfernt, einem symboltr\u00e4chtigen Ort des burgundischen Weinbaus und Sitz der Confr\u00e9rie des Chevaliers du Tastevin.<\/p>\n                    <\/div>\n                <\/div>\n                            <div class=\"accordion\">\n                    <div class=\"title\">\n                        <div class=\"caret\"><\/div>Kann man von dem Hotel aus die Weinberge Burgunds besuchen?                    <\/div>\n                    <div class=\"content rte\">\n                        <p>Das Hotel liegt im Herzen der Route des Grands Crus, einer der bekanntesten Weinstra\u00dfen der Welt. Zahlreiche Weing\u00fcter und ber\u00fchmte D\u00f6rfer der C\u00f4te de Nuits sind in wenigen Minuten erreichbar.<\/p>\n                    <\/div>\n                <\/div>\n                            <div class=\"accordion\">\n                    <div class=\"title\">\n                        <div class=\"caret\"><\/div>Welche St\u00e4dte kann man in der N\u00e4he von Les Sources de Vougeot besuchen?                    <\/div>\n                    <div class=\"content rte\">\n                        <p>Das Hotel liegt etwa 25 Minuten von Dijon und 30 Minuten von Beaune entfernt, zwei unverzichtbare St\u00e4dte, um Geschichte, Gastronomie und Kulturerbe Burgunds zu entdecken.<\/p>\n                    <\/div>\n                <\/div>\n                            <div class=\"accordion\">\n                    <div class=\"title\">\n                        <div class=\"caret\"><\/div>Welche Aktivit\u00e4ten kann man rund um Les Sources de Vougeot unternehmen?                    <\/div>\n                    <div class=\"content rte\">\n                        <p>Rund um Les Sources de Vougeot k\u00f6nnen Besucher die gro\u00dfen Weinberge Burgunds entdecken, Weing\u00fcter besuchen, die Route des Grands Crus mit dem Fahrrad erkunden oder die historischen D\u00f6rfer der C\u00f4te de Nuits besichtigen.<\/p>\n                    <\/div>\n                <\/div>\n                    \n    <\/div>\n\n<\/section>","protected":false},"excerpt":{"rendered":"","protected":false},"author":1,"featured_media":0,"parent":0,"menu_order":0,"comment_status":"closed","ping_status":"closed","template":"","meta":{"_acf_changed":false,"footnotes":""},"hotels":[],"doc_cat":[],"class_list":["post-3961","page","type-page","status-publish","hentry"],"acf":[],"yoast_head":"<!-- This site is optimized with the Yoast SEO plugin v25.6 - https:\/\/yoast.com\/wordpress\/plugins\/seo\/ -->\n<title>FAQ - Les Sources de Vougeot<\/title>\n<meta name=\"description\" content=\"Sie haben Fragen? Wir haben die Antworten! Entdecken Sie unsere FAQ!\" \/>\n<meta name=\"robots\" content=\"index, follow, max-snippet:-1, max-image-preview:large, max-video-preview:-1\" \/>\n<link rel=\"canonical\" href=\"https:\/\/www.sources-hotels.com\/bourgogne\/de\/faq\/\" \/>\n<meta property=\"og:locale\" content=\"de_DE\" \/>\n<meta property=\"og:type\" content=\"article\" \/>\n<meta property=\"og:title\" content=\"FAQ - Les Sources de Vougeot\" \/>\n<meta property=\"og:description\" content=\"Sie haben Fragen? Wir haben die Antworten! Entdecken Sie unsere FAQ!\" \/>\n<meta property=\"og:url\" content=\"https:\/\/www.sources-hotels.com\/bourgogne\/de\/faq\/\" \/>\n<meta property=\"og:site_name\" content=\"Les Sources de Vougeot\" \/>\n<meta property=\"article:modified_time\" content=\"2026-04-23T12:33:56+00:00\" \/>\n<meta name=\"twitter:card\" content=\"summary_large_image\" \/>\n<script type=\"application\/ld+json\" class=\"yoast-schema-graph\">{\"@context\":\"https:\/\/schema.org\",\"@graph\":[{\"@type\":\"WebPage\",\"@id\":\"https:\/\/www.sources-hotels.com\/bourgogne\/de\/faq\/\",\"url\":\"https:\/\/www.sources-hotels.com\/bourgogne\/de\/faq\/\",\"name\":\"FAQ - Les Sources de Vougeot\",\"isPartOf\":{\"@id\":\"https:\/\/www.sources-hotels.com\/bourgogne\/de\/#website\"},\"datePublished\":\"2026-01-31T14:14:00+00:00\",\"dateModified\":\"2026-04-23T12:33:56+00:00\",\"description\":\"Sie haben Fragen? Wir haben die Antworten! Entdecken Sie unsere FAQ!\",\"breadcrumb\":{\"@id\":\"https:\/\/www.sources-hotels.com\/bourgogne\/de\/faq\/#breadcrumb\"},\"inLanguage\":\"de-DE\",\"potentialAction\":[{\"@type\":\"ReadAction\",\"target\":[\"https:\/\/www.sources-hotels.com\/bourgogne\/de\/faq\/\"]}]},{\"@type\":\"BreadcrumbList\",\"@id\":\"https:\/\/www.sources-hotels.com\/bourgogne\/de\/faq\/#breadcrumb\",\"itemListElement\":[{\"@type\":\"ListItem\",\"position\":1,\"name\":\"Startseite\",\"item\":\"https:\/\/www.sources-hotels.com\/bourgogne\/de\/\"},{\"@type\":\"ListItem\",\"position\":2,\"name\":\"FAQ\"}]},{\"@type\":\"WebSite\",\"@id\":\"https:\/\/www.sources-hotels.com\/bourgogne\/de\/#website\",\"url\":\"https:\/\/www.sources-hotels.com\/bourgogne\/de\/\",\"name\":\"Les Sources de Vougeot\",\"description\":\"\",\"publisher\":{\"@id\":\"https:\/\/www.sources-hotels.com\/bourgogne\/de\/#organization\"},\"potentialAction\":[{\"@type\":\"SearchAction\",\"target\":{\"@type\":\"EntryPoint\",\"urlTemplate\":\"https:\/\/www.sources-hotels.com\/bourgogne\/de\/?s={search_term_string}\"},\"query-input\":{\"@type\":\"PropertyValueSpecification\",\"valueRequired\":true,\"valueName\":\"search_term_string\"}}],\"inLanguage\":\"de-DE\"},{\"@type\":\"Organization\",\"@id\":\"https:\/\/www.sources-hotels.com\/bourgogne\/de\/#organization\",\"name\":\"Les Sources de Caudalie\",\"url\":\"https:\/\/www.sources-hotels.com\/bourgogne\/de\/\",\"logo\":{\"@type\":\"ImageObject\",\"inLanguage\":\"de-DE\",\"@id\":\"https:\/\/www.sources-hotels.com\/bourgogne\/de\/#\/schema\/logo\/image\/\",\"url\":\"\",\"contentUrl\":\"\",\"caption\":\"Les Sources de Caudalie\"},\"image\":{\"@id\":\"https:\/\/www.sources-hotels.com\/bourgogne\/de\/#\/schema\/logo\/image\/\"}}]}<\/script>\n<!-- \/ Yoast SEO plugin. -->","yoast_head_json":{"title":"FAQ - Les Sources de Vougeot","description":"Sie haben Fragen? Wir haben die Antworten! Entdecken Sie unsere FAQ!","robots":{"index":"index","follow":"follow","max-snippet":"max-snippet:-1","max-image-preview":"max-image-preview:large","max-video-preview":"max-video-preview:-1"},"canonical":"https:\/\/www.sources-hotels.com\/bourgogne\/de\/faq\/","og_locale":"de_DE","og_type":"article","og_title":"FAQ - Les Sources de Vougeot","og_description":"Sie haben Fragen? Wir haben die Antworten! Entdecken Sie unsere FAQ!","og_url":"https:\/\/www.sources-hotels.com\/bourgogne\/de\/faq\/","og_site_name":"Les Sources de Vougeot","article_modified_time":"2026-04-23T12:33:56+00:00","twitter_card":"summary_large_image","schema":{"@context":"https:\/\/schema.org","@graph":[{"@type":"WebPage","@id":"https:\/\/www.sources-hotels.com\/bourgogne\/de\/faq\/","url":"https:\/\/www.sources-hotels.com\/bourgogne\/de\/faq\/","name":"FAQ - Les Sources de Vougeot","isPartOf":{"@id":"https:\/\/www.sources-hotels.com\/bourgogne\/de\/#website"},"datePublished":"2026-01-31T14:14:00+00:00","dateModified":"2026-04-23T12:33:56+00:00","description":"Sie haben Fragen? Wir haben die Antworten! Entdecken Sie unsere FAQ!","breadcrumb":{"@id":"https:\/\/www.sources-hotels.com\/bourgogne\/de\/faq\/#breadcrumb"},"inLanguage":"de-DE","potentialAction":[{"@type":"ReadAction","target":["https:\/\/www.sources-hotels.com\/bourgogne\/de\/faq\/"]}]},{"@type":"BreadcrumbList","@id":"https:\/\/www.sources-hotels.com\/bourgogne\/de\/faq\/#breadcrumb","itemListElement":[{"@type":"ListItem","position":1,"name":"Startseite","item":"https:\/\/www.sources-hotels.com\/bourgogne\/de\/"},{"@type":"ListItem","position":2,"name":"FAQ"}]},{"@type":"WebSite","@id":"https:\/\/www.sources-hotels.com\/bourgogne\/de\/#website","url":"https:\/\/www.sources-hotels.com\/bourgogne\/de\/","name":"Les Sources de Vougeot","description":"","publisher":{"@id":"https:\/\/www.sources-hotels.com\/bourgogne\/de\/#organization"},"potentialAction":[{"@type":"SearchAction","target":{"@type":"EntryPoint","urlTemplate":"https:\/\/www.sources-hotels.com\/bourgogne\/de\/?s={search_term_string}"},"query-input":{"@type":"PropertyValueSpecification","valueRequired":true,"valueName":"search_term_string"}}],"inLanguage":"de-DE"},{"@type":"Organization","@id":"https:\/\/www.sources-hotels.com\/bourgogne\/de\/#organization","name":"Les Sources de Caudalie","url":"https:\/\/www.sources-hotels.com\/bourgogne\/de\/","logo":{"@type":"ImageObject","inLanguage":"de-DE","@id":"https:\/\/www.sources-hotels.com\/bourgogne\/de\/#\/schema\/logo\/image\/","url":"","contentUrl":"","caption":"Les Sources de Caudalie"},"image":{"@id":"https:\/\/www.sources-hotels.com\/bourgogne\/de\/#\/schema\/logo\/image\/"}}]}},"_links":{"self":[{"href":"https:\/\/www.sources-hotels.com\/bourgogne\/de\/wp-json\/wp\/v2\/pages\/3961","targetHints":{"allow":["GET"]}}],"collection":[{"href":"https:\/\/www.sources-hotels.com\/bourgogne\/de\/wp-json\/wp\/v2\/pages"}],"about":[{"href":"https:\/\/www.sources-hotels.com\/bourgogne\/de\/wp-json\/wp\/v2\/types\/page"}],"author":[{"embeddable":true,"href":"https:\/\/www.sources-hotels.com\/bourgogne\/de\/wp-json\/wp\/v2\/users\/1"}],"replies":[{"embeddable":true,"href":"https:\/\/www.sources-hotels.com\/bourgogne\/de\/wp-json\/wp\/v2\/comments?post=3961"}],"version-history":[{"count":13,"href":"https:\/\/www.sources-hotels.com\/bourgogne\/de\/wp-json\/wp\/v2\/pages\/3961\/revisions"}],"predecessor-version":[{"id":8230,"href":"https:\/\/www.sources-hotels.com\/bourgogne\/de\/wp-json\/wp\/v2\/pages\/3961\/revisions\/8230"}],"wp:attachment":[{"href":"https:\/\/www.sources-hotels.com\/bourgogne\/de\/wp-json\/wp\/v2\/media?parent=3961"}],"wp:term":[{"taxonomy":"hotels","embeddable":true,"href":"https:\/\/www.sources-hotels.com\/bourgogne\/de\/wp-json\/wp\/v2\/hotels?post=3961"},{"taxonomy":"doc_cat","embeddable":true,"href":"https:\/\/www.sources-hotels.com\/bourgogne\/de\/wp-json\/wp\/v2\/doc_cat?post=3961"}],"curies":[{"name":"wp","href":"https:\/\/api.w.org\/{rel}","templated":true}]}}