{"id":3962,"date":"2024-12-31T15:27:54","date_gmt":"2024-12-31T14:27:54","guid":{"rendered":"https:\/\/www.sources-hotels.com\/bourgogne\/?page_id=3962"},"modified":"2026-05-06T16:42:01","modified_gmt":"2026-05-06T14:42:01","slug":"agb","status":"publish","type":"page","link":"https:\/\/www.sources-hotels.com\/bourgogne\/de\/agb\/","title":{"rendered":"AGB"},"content":{"rendered":"\n<section class=\"custom-block block--header aspect-[375\/700] text-center text-white overflow-hidden pt-[100rem] relative tablet:aspect-auto tablet:h-[700rem] tablet:pt-[420rem]\">\n\n    <h1>\n                    <span>\n                Unsere            <\/span>\n                            Allgemeine Gesch\u00e4ftsbedingungen            <\/h1>\n\n    \n    <span class=\"scroll-down hidden text-[12rem] tracking-[2rem] uppercase font-title cursor-pointer opacity-[64%] pb-[66rem] absolute left-2\/4 bottom-0 translate-x-[-50%] after:w-[1px] after:h-[50rem] after:bg-white after:opacity-[40%] after:absolute after:bottom-0 after:left-[50%] tablet:block\">\n        Siehe die Fortsetzung    <\/span>\n\n    <figure class=\"min-w-full min-h-full aspect-video overflow-hidden absolute top-2\/4 left-2\/4 translate-x-[-50%] translate-y-[-50%] z-[-1] before:bg-black before:opacity-[35%] before:mix-blend-multiply before:absolute before:top-0 before:left-0 before:right-0 before:bottom-0 before:z-[2]\">\n                    <img loading=\"lazy\" decoding=\"async\" width=\"2880\" height=\"1800\" src=\"https:\/\/www.sources-hotels.com\/bourgogne\/wp-content\/uploads\/sites\/5\/2025\/07\/Vue-Ext-Vignes_MCellard-2011-2880x1800.jpg\" class=\"h-full w-full object-cover object-center\" alt=\"vignoble vignes\" \/>            <\/figure>\n\n        \n<\/section>\n\n    \n\n<section class=\"custom-block block--title-text\">\n\n            <h2 class=\"title\">PREISE<\/h2>\n    \n            <div class=\"text rte\"><ul>\n<li>\n<div class=\"flex flex-col text-sm pb-25\">\n<section class=\"text-token-text-primary w-full focus:outline-none [--shadow-height:45px] has-data-writing-block:pointer-events-none has-data-writing-block:-mt-(--shadow-height) has-data-writing-block:pt-(--shadow-height) [&amp;:has([data-writing-block])&gt;*]:pointer-events-auto scroll-mt-[calc(var(--header-height)+min(200px,max(70px,20svh)))]\" dir=\"auto\" data-turn-id=\"request-WEB:58588d6a-23b6-4262-ab4b-082b24d77663-0\" data-testid=\"conversation-turn-2\" data-scroll-anchor=\"true\" data-turn=\"assistant\">\n<div class=\"text-base my-auto mx-auto pb-10 [--thread-content-margin:var(--thread-content-margin-xs,calc(var(--spacing)*4))] @w-sm\/main:[--thread-content-margin:var(--thread-content-margin-sm,calc(var(--spacing)*6))] @w-lg\/main:[--thread-content-margin:var(--thread-content-margin-lg,calc(var(--spacing)*16))] px-(--thread-content-margin)\">\n<div class=\"[--thread-content-max-width:40rem] @w-lg\/main:[--thread-content-max-width:48rem] mx-auto max-w-(--thread-content-max-width) flex-1 group\/turn-messages focus-visible:outline-hidden relative flex w-full min-w-0 flex-col agent-turn\">\n<div class=\"flex max-w-full flex-col gap-4 grow\">\n<div class=\"min-h-8 text-message relative flex w-full flex-col items-end gap-2 text-start break-words whitespace-normal outline-none keyboard-focused:focus-ring [.text-message+&amp;]:mt-1\" dir=\"auto\" data-message-author-role=\"assistant\" data-message-id=\"c5f4377c-da4b-4746-a6e1-4af5dc8b325b\" data-message-model-slug=\"gpt-5-3\" data-turn-start-message=\"true\">\n<div class=\"flex w-full flex-col gap-1 empty:hidden\">\n<div class=\"markdown prose dark:prose-invert w-full wrap-break-word light markdown-new-styling\">\n<p data-start=\"0\" data-end=\"108\" data-is-last-node=\"\" data-is-only-node=\"\">Die Preise verstehen sich inklusive aller Steuern, mit Ausnahme der Kurtaxe von 3,65 \u20ac pro Nacht und Person.<\/p>\n<\/div>\n<\/div>\n<\/div>\n<\/div>\n<\/div>\n<\/div>\n<\/section>\n<\/div>\n<\/li>\n<li>Der Halbpensionszuschlag umfasst das Fr\u00fchst\u00fcck und ein Essen in unserer Auberge (ohne Getr\u00e4nke).<\/li>\n<li>Akzeptierte Kreditkarten: Visa, Eurocard, Mastercard und American Express.<\/li>\n<li>Schecks werden nicht akzeptiert.<\/li>\n<\/ul>\n<\/div>\n    \n<\/section>\n\n\n<section class=\"custom-block block--title-text\">\n\n            <h2 class=\"title\">H\u00d4TEL<\/h2>\n    \n            <div class=\"text rte\"><ul>\n<li>Am Anreisetag sind die Zimmer ab 15:30 Uhr verf\u00fcgbar. Am Abreisetag m\u00fcssen sie bis sp\u00e4testens 12:00 Uhr freigegeben werden.<\/li>\n<li>Bei versp\u00e4teter Abreise wird eine zus\u00e4tzliche Nacht berechnet.<\/li>\n<li>Wenn Sie Ihr Zimmer am Anreisetag vor 15:30 Uhr beziehen m\u00f6chten, empfehlen wir Ihnen, die vorherige Nacht zu reservieren (je nach Verf\u00fcgbarkeit zu einem Vorzugspreis).<\/li>\n<li>Ebenso k\u00f6nnen Sie bei sp\u00e4ter Abreise die folgende Nacht reservieren, um Ihr Zimmer nach 12:00 Uhr behalten zu k\u00f6nnen.<\/li>\n<li>Wenn Sie keine zus\u00e4tzliche Nacht buchen m\u00f6chten, k\u00f6nnen wir gerne Ihr Gep\u00e4ck aufbewahren.<\/li>\n<li>Bei einem l\u00e4ngeren Aufenthalt (mehr als eine Woche) wird eine w\u00f6chentliche Abrechnung erstellt.<\/li>\n<li>Alle unsere Zimmer sind Nichtraucherzimmer.<\/li>\n<li>F\u00fcr Buchungen von mehr als 7 Zimmern oder mehr als 7 N\u00e4chten gelten besondere Stornierungsbedingungen. Zudem ist eine Anzahlung von 30\u202f% bei Best\u00e4tigung sowie eine vollst\u00e4ndige Vorauszahlung vor der Anreise erforderlich.<\/li>\n<\/ul>\n<\/div>\n    \n<\/section>\n\n\n<section class=\"custom-block block--title-text\">\n\n            <h2 class=\"title\">BUCHUNG \/ ZAHLUNG<\/h2>\n    \n            <div class=\"text rte\"><p data-start=\"906\" data-end=\"1048\">Alle Reservierungen m\u00fcssen mit einer g\u00fcltigen Kreditkarte garantiert werden. An Wochenenden betr\u00e4gt die Mindestaufenthaltsdauer zwei N\u00e4chte.<\/p>\n<p data-start=\"1050\" data-end=\"1163\">Eine Vorautorisierung des Aufenthaltsbetrags wird 72 Stunden vor der Ankunft auf Ihrer Kreditkarte vorgenommen.<\/p>\n<ul>\n<li data-start=\"1165\" data-end=\"1761\">Bei flexiblen Tarifen erfolgt die Bezahlung beim Check-out.<\/li>\n<li data-start=\"1165\" data-end=\"1761\">F\u00fcr Sonderangebote sowie f\u00fcr Aufenthalte mit Restaurant- und\/oder Spa-Reservierung, ebenso wie f\u00fcr flexible Tarife in der Hochsaison (von Mai bis September), wird die Zahlung 7 Tage vor der Ankunft von der bei der Buchung angegebenen Kreditkarte abgebucht.<\/li>\n<li data-start=\"1165\" data-end=\"1761\">F\u00fcr das Langzeitangebot in der Hochsaison (von Mai bis September) wird die Zahlung 14 Tage vor der Ankunft von der bei der Buchung angegebenen Kreditkarte abgebucht.<\/li>\n<li data-start=\"1165\" data-end=\"1761\">Bei Vorauszahlungsangeboten erfolgt die vollst\u00e4ndige Bezahlung des Aufenthalts zum Zeitpunkt der Buchung.<\/li>\n<\/ul>\n<\/div>\n    \n<\/section>\n\n\n<section class=\"custom-block block--title-text\">\n\n            <h2 class=\"title\">Stornierung<\/h2>\n    \n            <div class=\"text rte\"><p>Alle Stornierungen m\u00fcssen schriftlich erfolgen.<\/p>\n<ul>\n<li>Bei flexiblen Tarifen ist eine kostenlose Stornierung bis 15:00 Uhr (Ortszeit), zwei Tage vor Anreise m\u00f6glich, sofern nicht anders angegeben.<\/li>\n<li>F\u00fcr Sonderangebote, Aufenthalte mit Restaurant- und\/oder Spa-Reservierungen sowie f\u00fcr flexible Tarife in der Hochsaison (Mai bis September) ist eine kostenlose Stornierung bis 7 Tage vor Anreise m\u00f6glich.<\/li>\n<li>Beim Angebot \u201eLanger Aufenthalt\u201c in der Hochsaison (Mai bis September) ist eine kostenlose Stornierung bis 14 Tage vor Anreise m\u00f6glich.<\/li>\n<li>Bei vorausbezahlten Angeboten ist keine R\u00fcckerstattung bei Stornierung oder \u00c4nderung m\u00f6glich.<\/li>\n<li>Sp\u00e4tere Stornierungen oder vorzeitige Abreisen werden in voller H\u00f6he des urspr\u00fcnglich gebuchten Aufenthalts berechnet.<\/li>\n<li>Jede versp\u00e4tete Stornierung oder vorzeitige Abreise wird mit dem Gesamtbetrag des urspr\u00fcnglich gebuchten Aufenthalts berechnet.<br \/>\nJede Anfrage zur \u00c4nderung des Aufenthaltsdatums, die nach Ablauf der Stornierungsfrist erfolgt, gilt als Stornierung und wird entsprechend berechnet.<\/li>\n<li>Bei nicht wahrgenommenen und nicht mindestens 48 Stunden im Voraus stornierten Behandlungen wird der volle Preis der gebuchten Leistung in Rechnung gestellt.<\/li>\n<li>Ab 7 Personen k\u00f6nnen Reservierungen im L&#8217;Auberge des C\u00eeteaux bis 12 Stunden vor Beginn des Services kostenfrei storniert werden. F\u00fcr Le Clos de la Tour sind kostenfreie Stornierungen bis 24 Stunden vor Beginn des Services m\u00f6glich, unabh\u00e4ngig von der Anzahl der G\u00e4ste.<\/li>\n<li>Widerrufsrecht beim Kauf eines Geschenkgutscheins: Gem\u00e4\u00df geltender Vorschriften kann der Kunde sein Widerrufsrecht innerhalb von 14 Kalendertagen ab Erhalt der Kaufbest\u00e4tigung aus\u00fcben.<\/li>\n<li>Reservierungen, die mit einem Geschenkgutschein vorgenommen werden, sind nicht \u00e4nderbar, nicht stornierbar und nicht erstattungsf\u00e4hig.<\/li>\n<\/ul>\n<\/div>\n    \n<\/section>\n\n\n<section class=\"custom-block block--title-text\">\n\n            <h2 class=\"title\">AUFENTHALTE, ARRANGEMENTS, KUREN UND RITUALE<\/h2>\n    \n            <div class=\"text rte\"><ul>\n<li>Alle nicht im Arrangement enthaltenen Ausgaben werden zus\u00e4tzlich berechnet.<\/li>\n<li>Nicht in Anspruch genommene Leistungen f\u00fchren weder zu Erm\u00e4\u00dfigungen noch zu R\u00fcckerstattungen<\/li>\n<\/ul>\n<\/div>\n    \n<\/section>\n\n\n<section class=\"custom-block block--title-text\">\n\n            <h2 class=\"title\">ZUS\u00c4TZLICHE BETTEN<\/h2>\n    \n            <div class=\"text rte\"><ul>\n<li>F\u00fcr Reservierungen mit 3 oder mehr Erwachsenen wird ein Zuschlag von 50\u202f\u20ac\/Person\/Nacht f\u00fcr ein Zusatzbett berechnet, g\u00fcltig f\u00fcr die Kategorien Prestige-Zimmer, Junior Suiten, Prestige Suiten, Signature Suiten und Besondere Suite.<\/li>\n<\/ul>\n<\/div>\n    \n<\/section>\n\n\n<section class=\"custom-block block--title-text\">\n\n            <h2 class=\"title\">KINDER<\/h2>\n    \n            <div class=\"text rte\"><ul>\n<li>Ein Babybett (f\u00fcr Kinder von 0 bis einschlie\u00dflich 2 Jahren) kann f\u00fcr 20\u202f\u20ac pro Nacht bereitgestellt werden, ein Zusatzbett (f\u00fcr Kinder von 2 bis einschlie\u00dflich 12 Jahren) f\u00fcr 50\u202f\u20ac pro Nacht in den Kategorien Prestige-Zimmer, Junior Suiten, Prestige Suiten, Signature Suiten und Besondere Suite.<\/li>\n<li>F\u00fcr Kinder bis 12 Jahre bieten wir verg\u00fcnstigte Men\u00fcs an.<\/li>\n<\/ul>\n<\/div>\n    \n<\/section>\n\n\n<section class=\"custom-block block--title-text\">\n\n            <h2 class=\"title\">Parken<\/h2>\n    \n            <div class=\"text rte\"><ul>\n<li>Unser Au\u00dfenparkplatz ist kostenlos.<\/li>\n<\/ul>\n<\/div>\n    \n<\/section>\n\n\n<section class=\"custom-block block--title-text\">\n\n            <h2 class=\"title\">TIERE<\/h2>\n    \n            <div class=\"text rte\"><ul>\n<li>Haustiere sind in den Sources de Vougeot willkommen. Bitte informieren Sie unser Team bei der Buchung.<\/li>\n<li>Haustiere m\u00fcssen an der Leine gef\u00fchrt werden und sind in den Poolbereichen, im Spa by Caudalie und im Gourmetrestaurant nicht erlaubt.<\/li>\n<li>Die Pauschale f\u00fcr Haustiere betr\u00e4gt 30\u202f\u20ac pro Tag und Tier.<\/li>\n<\/ul>\n<\/div>\n    \n<\/section>\n\n\n<section class=\"custom-block block--title-text\">\n\n            <h2 class=\"title\">VERBRAUCHERSCHLICHTUNGSSTELLE<\/h2>\n    \n            <div class=\"text rte\"><p>Gem\u00e4\u00df Artikel L. 616-1 und R. 111-1 6\u00b0 des franz\u00f6sischen Verbraucherschutzgesetzes haben Sie im Falle einer Streitigkeit das Recht, sich an den Mediator f\u00fcr Tourismus und Reisen zu wenden. Die aktuellen Kontaktdaten lauten wie folgt:<br data-start=\"923\" data-end=\"926\" \/>Mediator f\u00fcr Tourismus und Reisen<br data-start=\"959\" data-end=\"962\" \/>MTV M\u00e9diation Tourisme Voyage<br data-start=\"991\" data-end=\"994\" \/>BP 80 303<br data-start=\"1003\" data-end=\"1006\" \/>75823 Paris Cedex 17 \u2013 Frankreich<\/p>\n<\/div>\n    \n<\/section>\n","protected":false},"excerpt":{"rendered":"","protected":false},"author":1,"featured_media":0,"parent":0,"menu_order":0,"comment_status":"closed","ping_status":"closed","template":"","meta":{"_acf_changed":false,"footnotes":""},"hotels":[],"doc_cat":[],"class_list":["post-3962","page","type-page","status-publish","hentry"],"acf":[],"yoast_head":"<!-- This site is optimized with the Yoast SEO plugin v27.4 - https:\/\/yoast.com\/product\/yoast-seo-wordpress\/ -->\n<title>Terms &amp; Conditions | Les Sources de Vougeot<\/title>\n<meta name=\"description\" content=\"Hier finden Sie unsere Allgemeinen Gesch\u00e4ftsbedingungen. Hotel Les Sources de Vougeot.\" \/>\n<meta name=\"robots\" content=\"index, follow, max-snippet:-1, max-image-preview:large, max-video-preview:-1\" \/>\n<link rel=\"canonical\" href=\"https:\/\/www.sources-hotels.com\/bourgogne\/de\/agb\/\" \/>\n<meta property=\"og:locale\" content=\"de_DE\" \/>\n<meta property=\"og:type\" content=\"article\" \/>\n<meta property=\"og:title\" content=\"Terms &amp; Conditions | Les Sources de Vougeot\" \/>\n<meta property=\"og:description\" content=\"Hier finden Sie unsere Allgemeinen Gesch\u00e4ftsbedingungen. Hotel Les Sources de Vougeot.\" \/>\n<meta property=\"og:url\" content=\"https:\/\/www.sources-hotels.com\/bourgogne\/de\/agb\/\" \/>\n<meta property=\"og:site_name\" content=\"Les Sources de Vougeot\" \/>\n<meta property=\"article:modified_time\" content=\"2026-05-06T14:42:01+00:00\" \/>\n<meta name=\"twitter:card\" content=\"summary_large_image\" \/>\n<script type=\"application\/ld+json\" class=\"yoast-schema-graph\">{\"@context\":\"https:\\\/\\\/schema.org\",\"@graph\":[{\"@type\":\"WebPage\",\"@id\":\"https:\\\/\\\/www.sources-hotels.com\\\/bourgogne\\\/de\\\/agb\\\/\",\"url\":\"https:\\\/\\\/www.sources-hotels.com\\\/bourgogne\\\/de\\\/agb\\\/\",\"name\":\"Terms & Conditions | Les Sources de Vougeot\",\"isPartOf\":{\"@id\":\"https:\\\/\\\/www.sources-hotels.com\\\/bourgogne\\\/de\\\/#website\"},\"datePublished\":\"2024-12-31T14:27:54+00:00\",\"dateModified\":\"2026-05-06T14:42:01+00:00\",\"description\":\"Hier finden Sie unsere Allgemeinen Gesch\u00e4ftsbedingungen. Hotel Les Sources de Vougeot.\",\"breadcrumb\":{\"@id\":\"https:\\\/\\\/www.sources-hotels.com\\\/bourgogne\\\/de\\\/agb\\\/#breadcrumb\"},\"inLanguage\":\"de-DE\",\"potentialAction\":[{\"@type\":\"ReadAction\",\"target\":[\"https:\\\/\\\/www.sources-hotels.com\\\/bourgogne\\\/de\\\/agb\\\/\"]}]},{\"@type\":\"BreadcrumbList\",\"@id\":\"https:\\\/\\\/www.sources-hotels.com\\\/bourgogne\\\/de\\\/agb\\\/#breadcrumb\",\"itemListElement\":[{\"@type\":\"ListItem\",\"position\":1,\"name\":\"Startseite\",\"item\":\"https:\\\/\\\/www.sources-hotels.com\\\/bourgogne\\\/de\\\/\"},{\"@type\":\"ListItem\",\"position\":2,\"name\":\"AGB\"}]},{\"@type\":\"WebSite\",\"@id\":\"https:\\\/\\\/www.sources-hotels.com\\\/bourgogne\\\/de\\\/#website\",\"url\":\"https:\\\/\\\/www.sources-hotels.com\\\/bourgogne\\\/de\\\/\",\"name\":\"Les Sources de Vougeot\",\"description\":\"\",\"publisher\":{\"@id\":\"https:\\\/\\\/www.sources-hotels.com\\\/bourgogne\\\/de\\\/#organization\"},\"potentialAction\":[{\"@type\":\"SearchAction\",\"target\":{\"@type\":\"EntryPoint\",\"urlTemplate\":\"https:\\\/\\\/www.sources-hotels.com\\\/bourgogne\\\/de\\\/?s={search_term_string}\"},\"query-input\":{\"@type\":\"PropertyValueSpecification\",\"valueRequired\":true,\"valueName\":\"search_term_string\"}}],\"inLanguage\":\"de-DE\"},{\"@type\":\"Organization\",\"@id\":\"https:\\\/\\\/www.sources-hotels.com\\\/bourgogne\\\/de\\\/#organization\",\"name\":\"Les Sources de Caudalie\",\"url\":\"https:\\\/\\\/www.sources-hotels.com\\\/bourgogne\\\/de\\\/\",\"logo\":{\"@type\":\"ImageObject\",\"inLanguage\":\"de-DE\",\"@id\":\"https:\\\/\\\/www.sources-hotels.com\\\/bourgogne\\\/de\\\/#\\\/schema\\\/logo\\\/image\\\/\",\"url\":\"\",\"contentUrl\":\"\",\"caption\":\"Les Sources de Caudalie\"},\"image\":{\"@id\":\"https:\\\/\\\/www.sources-hotels.com\\\/bourgogne\\\/de\\\/#\\\/schema\\\/logo\\\/image\\\/\"}}]}<\/script>\n<!-- \/ Yoast SEO plugin. -->","yoast_head_json":{"title":"Terms & Conditions | Les Sources de Vougeot","description":"Hier finden Sie unsere Allgemeinen Gesch\u00e4ftsbedingungen. Hotel Les Sources de Vougeot.","robots":{"index":"index","follow":"follow","max-snippet":"max-snippet:-1","max-image-preview":"max-image-preview:large","max-video-preview":"max-video-preview:-1"},"canonical":"https:\/\/www.sources-hotels.com\/bourgogne\/de\/agb\/","og_locale":"de_DE","og_type":"article","og_title":"Terms & Conditions | Les Sources de Vougeot","og_description":"Hier finden Sie unsere Allgemeinen Gesch\u00e4ftsbedingungen. Hotel Les Sources de Vougeot.","og_url":"https:\/\/www.sources-hotels.com\/bourgogne\/de\/agb\/","og_site_name":"Les Sources de Vougeot","article_modified_time":"2026-05-06T14:42:01+00:00","twitter_card":"summary_large_image","schema":{"@context":"https:\/\/schema.org","@graph":[{"@type":"WebPage","@id":"https:\/\/www.sources-hotels.com\/bourgogne\/de\/agb\/","url":"https:\/\/www.sources-hotels.com\/bourgogne\/de\/agb\/","name":"Terms & Conditions | Les Sources de Vougeot","isPartOf":{"@id":"https:\/\/www.sources-hotels.com\/bourgogne\/de\/#website"},"datePublished":"2024-12-31T14:27:54+00:00","dateModified":"2026-05-06T14:42:01+00:00","description":"Hier finden Sie unsere Allgemeinen Gesch\u00e4ftsbedingungen. Hotel Les Sources de Vougeot.","breadcrumb":{"@id":"https:\/\/www.sources-hotels.com\/bourgogne\/de\/agb\/#breadcrumb"},"inLanguage":"de-DE","potentialAction":[{"@type":"ReadAction","target":["https:\/\/www.sources-hotels.com\/bourgogne\/de\/agb\/"]}]},{"@type":"BreadcrumbList","@id":"https:\/\/www.sources-hotels.com\/bourgogne\/de\/agb\/#breadcrumb","itemListElement":[{"@type":"ListItem","position":1,"name":"Startseite","item":"https:\/\/www.sources-hotels.com\/bourgogne\/de\/"},{"@type":"ListItem","position":2,"name":"AGB"}]},{"@type":"WebSite","@id":"https:\/\/www.sources-hotels.com\/bourgogne\/de\/#website","url":"https:\/\/www.sources-hotels.com\/bourgogne\/de\/","name":"Les Sources de Vougeot","description":"","publisher":{"@id":"https:\/\/www.sources-hotels.com\/bourgogne\/de\/#organization"},"potentialAction":[{"@type":"SearchAction","target":{"@type":"EntryPoint","urlTemplate":"https:\/\/www.sources-hotels.com\/bourgogne\/de\/?s={search_term_string}"},"query-input":{"@type":"PropertyValueSpecification","valueRequired":true,"valueName":"search_term_string"}}],"inLanguage":"de-DE"},{"@type":"Organization","@id":"https:\/\/www.sources-hotels.com\/bourgogne\/de\/#organization","name":"Les Sources de Caudalie","url":"https:\/\/www.sources-hotels.com\/bourgogne\/de\/","logo":{"@type":"ImageObject","inLanguage":"de-DE","@id":"https:\/\/www.sources-hotels.com\/bourgogne\/de\/#\/schema\/logo\/image\/","url":"","contentUrl":"","caption":"Les Sources de Caudalie"},"image":{"@id":"https:\/\/www.sources-hotels.com\/bourgogne\/de\/#\/schema\/logo\/image\/"}}]}},"_links":{"self":[{"href":"https:\/\/www.sources-hotels.com\/bourgogne\/de\/wp-json\/wp\/v2\/pages\/3962","targetHints":{"allow":["GET"]}}],"collection":[{"href":"https:\/\/www.sources-hotels.com\/bourgogne\/de\/wp-json\/wp\/v2\/pages"}],"about":[{"href":"https:\/\/www.sources-hotels.com\/bourgogne\/de\/wp-json\/wp\/v2\/types\/page"}],"author":[{"embeddable":true,"href":"https:\/\/www.sources-hotels.com\/bourgogne\/de\/wp-json\/wp\/v2\/users\/1"}],"replies":[{"embeddable":true,"href":"https:\/\/www.sources-hotels.com\/bourgogne\/de\/wp-json\/wp\/v2\/comments?post=3962"}],"version-history":[{"count":17,"href":"https:\/\/www.sources-hotels.com\/bourgogne\/de\/wp-json\/wp\/v2\/pages\/3962\/revisions"}],"predecessor-version":[{"id":8938,"href":"https:\/\/www.sources-hotels.com\/bourgogne\/de\/wp-json\/wp\/v2\/pages\/3962\/revisions\/8938"}],"wp:attachment":[{"href":"https:\/\/www.sources-hotels.com\/bourgogne\/de\/wp-json\/wp\/v2\/media?parent=3962"}],"wp:term":[{"taxonomy":"hotels","embeddable":true,"href":"https:\/\/www.sources-hotels.com\/bourgogne\/de\/wp-json\/wp\/v2\/hotels?post=3962"},{"taxonomy":"doc_cat","embeddable":true,"href":"https:\/\/www.sources-hotels.com\/bourgogne\/de\/wp-json\/wp\/v2\/doc_cat?post=3962"}],"curies":[{"name":"wp","href":"https:\/\/api.w.org\/{rel}","templated":true}]}}