{"id":4093,"date":"2024-12-30T11:27:55","date_gmt":"2024-12-30T10:27:55","guid":{"rendered":"https:\/\/www.sources-hotels.com\/bourgogne\/?page_id=4093"},"modified":"2026-03-23T10:01:02","modified_gmt":"2026-03-23T09:01:02","slug":"exclusive-suite","status":"publish","type":"page","link":"https:\/\/www.sources-hotels.com\/bourgogne\/de\/zimmer-suiten\/exclusive-suite\/","title":{"rendered":"Exclusive Suite"},"content":{"rendered":"\n<section class=\"custom-block block--header h-[206rem] text-center text-white overflow-hidden pt-[100rem] relative tablet:h-[700rem] tablet:pt-[420rem]\">\n\n    <h1>\n                            Die Exclusive Suite            <\/h1>\n\n    \n    <span class=\"scroll-down hidden text-[12rem] tracking-[2rem] uppercase font-title cursor-pointer opacity-[64%] pb-[66rem] absolute left-2\/4 bottom-0 translate-x-[-50%] after:w-[1px] after:h-[50rem] after:bg-white after:opacity-[40%] after:absolute after:bottom-0 after:left-[50%] tablet:block\">\n        Siehe die Fortsetzung    <\/span>\n\n    <figure class=\"min-w-full min-h-full aspect-video overflow-hidden absolute top-2\/4 left-2\/4 translate-x-[-50%] translate-y-[-50%] z-[-1] before:bg-black before:opacity-[35%] before:mix-blend-multiply before:absolute before:top-0 before:left-0 before:right-0 before:bottom-0 before:z-[2]\">\n                    <img loading=\"lazy\" decoding=\"async\" width=\"2880\" height=\"1800\" src=\"https:\/\/www.sources-hotels.com\/bourgogne\/wp-content\/uploads\/sites\/5\/2026\/03\/suite_particuliere_lit-2880x1800.jpg\" class=\"h-full w-full object-cover object-center\" alt=\"Suite de luxe Bourgogne\" \/>            <\/figure>\n    \n<\/section>\n\n    \n\n\n<section\n    class=\"custom-block block--large-visual-centered-text-white-background\">\n\n    \n    <div class=\"bloc-content\">\n                <div class=\"content rte\">\n            <p><span style=\"font-weight: 400\">Die ikonischste unserer Suiten ist ein wahrer Schatz. Gro\u00dfz\u00fcgige R\u00e4ume, historische Dekore, eine Bibliothek und eine private Bar schaffen einen au\u00dfergew\u00f6hnlichen Rahmen f\u00fcr einen unvergesslichen Aufenthalt. Als romantischer R\u00fcckzugsort f\u00fcr Paare aus nah und fern ebenso wie f\u00fcr Reisende, die das \u201eLeben im Schloss\u201c erleben m\u00f6chten, bietet sie ein prachtvolles Ambiente und verspricht bleibende Erinnerungen.<\/span><\/p>\n<h4>Service und Ausstattung<\/h4>\n<ul>\n<li><span style=\"font-weight: 400\">3 Personen<\/span><\/li>\n<li><span style=\"font-weight: 400\">105 m\u00b2<\/span><\/li>\n<li><span style=\"font-weight: 400\">Blick auf den Innenhof des Schlosses und die G\u00e4rten<\/span><\/li>\n<li><span style=\"font-weight: 400\">Separates Badezimmer mit Doppelwaschbecken, Badewanne und Dusche. Umweltfreundliche Pflegeprodukte<\/span><\/li>\n<li><span style=\"font-weight: 400\">Kingsize-Bett (180 x 200 cm) oder Twin-Betten. Unsere Bettw\u00e4sche und Matratzen werden in Frankreich hergestellt.<\/span><\/li>\n<li><span style=\"font-weight: 400\">Bibliothek<\/span><\/li>\n<li><span style=\"font-weight: 400\">Flachbildfernseher mit Chromecast<\/span><\/li>\n<li><span style=\"font-weight: 400\">Klimaanlage<\/span><\/li>\n<li><span style=\"font-weight: 400\">Waschmaschine<\/span><\/li>\n<li><span style=\"font-weight: 400\">Kostenloses WLAN<\/span><\/li>\n<li><span style=\"font-weight: 400\">Safe<\/span><\/li>\n<li><span style=\"font-weight: 400\">Private Bar<\/span><\/li>\n<li><span style=\"font-weight: 400\">Roomservice verf\u00fcgbar<\/span><\/li>\n<\/ul>\n<p><em>Unser Fr\u00fchst\u00fcck wird als Buffet in L&#8217;Orangerie serviert oder kann Ihnen ganz privat auf Ihr Zimmer gebracht werden.<\/em><\/p>\n        <\/div>\n\n            <\/div>\n\n    \n            <svg width=\"475\" height=\"889\" viewBox=\"0 0 475 889\" fill=\"none\"><use xlink:href=\"#leaf-side\"\/><\/svg>    \n<\/section>\n\n<section class=\"custom-block block--three-visuals-cta mx-auto text-center\">\n\n                    <div class=\"images\">\n                            <div class=\"relative\">\n                    <figure>\n                        <img loading=\"lazy\" decoding=\"async\" width=\"840\" height=\"600\" src=\"https:\/\/www.sources-hotels.com\/bourgogne\/wp-content\/uploads\/sites\/5\/2026\/03\/suite_particuliere_entree-840x600.jpg\" class=\"w-full h-full object-cover object-center\" alt=\"suite de luxe Les Sources de Vougeor\" \/>                    <\/figure>\n                                    <\/div>\n                            <div class=\"relative\">\n                    <figure>\n                        <img loading=\"lazy\" decoding=\"async\" width=\"840\" height=\"473\" src=\"https:\/\/www.sources-hotels.com\/bourgogne\/wp-content\/uploads\/sites\/5\/2026\/01\/LesSources_OuvertureBourgogne_SuiteParticuliere.png\" class=\"w-full h-full object-cover object-center\" alt=\"suite de luxe Les Sources de Vougeor\" srcset=\"https:\/\/www.sources-hotels.com\/bourgogne\/wp-content\/uploads\/sites\/5\/2026\/01\/LesSources_OuvertureBourgogne_SuiteParticuliere.png 4000w, https:\/\/www.sources-hotels.com\/bourgogne\/wp-content\/uploads\/sites\/5\/2026\/01\/LesSources_OuvertureBourgogne_SuiteParticuliere-300x169.png 300w, https:\/\/www.sources-hotels.com\/bourgogne\/wp-content\/uploads\/sites\/5\/2026\/01\/LesSources_OuvertureBourgogne_SuiteParticuliere-1024x576.png 1024w, https:\/\/www.sources-hotels.com\/bourgogne\/wp-content\/uploads\/sites\/5\/2026\/01\/LesSources_OuvertureBourgogne_SuiteParticuliere-768x432.png 768w, https:\/\/www.sources-hotels.com\/bourgogne\/wp-content\/uploads\/sites\/5\/2026\/01\/LesSources_OuvertureBourgogne_SuiteParticuliere-1536x864.png 1536w\" sizes=\"auto, (max-width: 840px) 100vw, 840px\" \/>                    <\/figure>\n                                    <\/div>\n                            <div class=\"relative\">\n                    <figure>\n                        <img loading=\"lazy\" decoding=\"async\" width=\"840\" height=\"600\" src=\"https:\/\/www.sources-hotels.com\/bourgogne\/wp-content\/uploads\/sites\/5\/2026\/03\/suite_particuliere_bureau-840x600.jpg\" class=\"w-full h-full object-cover object-center\" alt=\"\" \/>                    <\/figure>\n                                    <\/div>\n                    <\/div>\n    \n\n            <div class=\"ctas mt-[23rem] tablet:mt-[40rem] flex gap-[42rem] justify-center\">\n            \n                            <button class=\"button cta-booking dedge-open\">Reservieren <\/button>\n                    <\/div>\n    \n\n\n\n<\/section>\n\n\n<section class=\"custom-block block--slider-classic-pictures flex flex-col items-center background-white\">\n\n            <h2 class=\"block-title\">Entdecken Sie alle unsere Unterk\u00fcnfte<\/h2>\n    \n    <div class=\"slides w-[209rem] !overflow-visible self-start tablet:w-[990rem] tablet:relative tablet:left-[60rem]\">\n\n        \n            <div class=\"slide w-[200rem] tablet:w-[450rem] teaser teaser--article-type-1\">\n\n                \n                <figure class=\"w-full h-[240rem] mb-[5rem] tablet:h-[575rem] tablet:mb-[30rem]\">\n                    <img loading=\"lazy\" decoding=\"async\" width=\"767\" height=\"1150\" src=\"https:\/\/www.sources-hotels.com\/bourgogne\/wp-content\/uploads\/sites\/5\/2026\/02\/Chambre-confort-767x1150.jpg\" class=\"h-full w-full object-cover object-center\" alt=\"Chambre Les Sources de Vougeot\" srcset=\"https:\/\/www.sources-hotels.com\/bourgogne\/wp-content\/uploads\/sites\/5\/2026\/02\/Chambre-confort-767x1150.jpg 767w, https:\/\/www.sources-hotels.com\/bourgogne\/wp-content\/uploads\/sites\/5\/2026\/02\/Chambre-confort-200x300.jpg 200w, https:\/\/www.sources-hotels.com\/bourgogne\/wp-content\/uploads\/sites\/5\/2026\/02\/Chambre-confort-683x1024.jpg 683w, https:\/\/www.sources-hotels.com\/bourgogne\/wp-content\/uploads\/sites\/5\/2026\/02\/Chambre-confort-768x1152.jpg 768w, https:\/\/www.sources-hotels.com\/bourgogne\/wp-content\/uploads\/sites\/5\/2026\/02\/Chambre-confort-1024x1536.jpg 1024w, https:\/\/www.sources-hotels.com\/bourgogne\/wp-content\/uploads\/sites\/5\/2026\/02\/Chambre-confort-1365x2048.jpg 1365w\" sizes=\"auto, (max-width: 767px) 100vw, 767px\" \/>                <\/figure>\n\n                <h3 class=\"font-serif\">\n                    Confort &amp; Prestige Zimmer                <\/h3>\n\n                                    <div class=\"mt-[13rem]\">\n                        <article class=\"text-token-text-primary w-full focus:outline-none [--shadow-height:45px] has-data-writing-block:pointer-events-none has-data-writing-block:-mt-(--shadow-height) has-data-writing-block:pt-(--shadow-height) [&amp;:has([data-writing-block])&gt;*]:pointer-events-auto scroll-mt-(--header-height)\" dir=\"auto\" data-turn-id=\"77a1719e-0eff-4737-8c6c-c22581d8db3a\" data-testid=\"conversation-turn-5\" data-scroll-anchor=\"false\" data-turn=\"user\"><\/article>\n<article class=\"text-token-text-primary w-full focus:outline-none [--shadow-height:45px] has-data-writing-block:pointer-events-none has-data-writing-block:-mt-(--shadow-height) has-data-writing-block:pt-(--shadow-height) [&amp;:has([data-writing-block])&gt;*]:pointer-events-auto scroll-mt-[calc(var(--header-height)+min(200px,max(70px,20svh)))]\" dir=\"auto\" data-turn-id=\"request-WEB:894a9481-a127-40be-94de-1613bc5ede64-2\" data-testid=\"conversation-turn-6\" data-scroll-anchor=\"true\" data-turn=\"assistant\">\n<div class=\"text-base my-auto mx-auto pb-10 [--thread-content-margin:var(--thread-content-margin-xs,calc(var(--spacing)*4))] @w-sm\/main:[--thread-content-margin:var(--thread-content-margin-sm,calc(var(--spacing)*6))] @w-lg\/main:[--thread-content-margin:var(--thread-content-margin-lg,calc(var(--spacing)*16))] px-(--thread-content-margin)\">\n<div class=\"[--thread-content-max-width:40rem] @w-lg\/main:[--thread-content-max-width:48rem] mx-auto max-w-(--thread-content-max-width) flex-1 group\/turn-messages focus-visible:outline-hidden relative flex w-full min-w-0 flex-col agent-turn\">\n<div class=\"flex max-w-full flex-col gap-4 grow\">\n<div class=\"min-h-8 text-message relative flex w-full flex-col items-end gap-2 text-start break-words whitespace-normal [.text-message+&amp;]:mt-1\" dir=\"auto\" data-message-author-role=\"assistant\" data-message-id=\"aa44cfd4-61a9-4083-8b9c-62a4538e2c76\" data-message-model-slug=\"gpt-5-3\">\n<div class=\"flex w-full flex-col gap-1 empty:hidden\">\n<div class=\"markdown prose dark:prose-invert w-full wrap-break-word light markdown-new-styling\">\n<p data-start=\"0\" data-end=\"188\" data-is-last-node=\"\" data-is-only-node=\"\">Unsere Zimmer Confort und Prestige zeichnen sich jeweils durch eine individuelle und einzigartige Einrichtung aus und versprechen eine Reise in das Herz einer Region mit starkem Charakter.<\/p>\n<\/div>\n<\/div>\n<\/div>\n<\/div>\n<\/div>\n<\/div>\n<\/article>\n                    <\/div>\n                \n                                    <a href=\"https:\/\/www.sources-hotels.com\/bourgogne\/de\/zimmer-suiten\/confort-prestige\/\" class=\"link mt-[10rem] tablet:mt-[20rem]\" target=\"\">\n                        Mehr erfahren                    <\/a>\n                \n            <\/div>\n\n        \n            <div class=\"slide w-[200rem] tablet:w-[450rem] teaser teaser--article-type-1\">\n\n                \n                <figure class=\"w-full h-[240rem] mb-[5rem] tablet:h-[575rem] tablet:mb-[30rem]\">\n                    <img loading=\"lazy\" decoding=\"async\" width=\"767\" height=\"1150\" src=\"https:\/\/www.sources-hotels.com\/bourgogne\/wp-content\/uploads\/sites\/5\/2026\/02\/Chambre-prestige-767x1150.jpg\" class=\"h-full w-full object-cover object-center\" alt=\"Chambre Prestige Les Sources de Vougeot\" srcset=\"https:\/\/www.sources-hotels.com\/bourgogne\/wp-content\/uploads\/sites\/5\/2026\/02\/Chambre-prestige-767x1150.jpg 767w, https:\/\/www.sources-hotels.com\/bourgogne\/wp-content\/uploads\/sites\/5\/2026\/02\/Chambre-prestige-200x300.jpg 200w, https:\/\/www.sources-hotels.com\/bourgogne\/wp-content\/uploads\/sites\/5\/2026\/02\/Chambre-prestige-683x1024.jpg 683w, https:\/\/www.sources-hotels.com\/bourgogne\/wp-content\/uploads\/sites\/5\/2026\/02\/Chambre-prestige-768x1152.jpg 768w, https:\/\/www.sources-hotels.com\/bourgogne\/wp-content\/uploads\/sites\/5\/2026\/02\/Chambre-prestige-1024x1536.jpg 1024w, https:\/\/www.sources-hotels.com\/bourgogne\/wp-content\/uploads\/sites\/5\/2026\/02\/Chambre-prestige-1365x2048.jpg 1365w\" sizes=\"auto, (max-width: 767px) 100vw, 767px\" \/>                <\/figure>\n\n                <h3 class=\"font-serif\">\n                    Unsere Suiten                <\/h3>\n\n                                    <div class=\"mt-[13rem]\">\n                        <p>Als wahre R\u00fcckzugsorte konzipiert, bieten unsere Junior Suiten, Suiten Prestige und Suiten Signature ein elegantes und gro\u00dfz\u00fcgiges Ambiente.<\/p>\n                    <\/div>\n                \n                                    <a href=\"https:\/\/www.sources-hotels.com\/bourgogne\/de\/zimmer-suiten\/suiten\" class=\"link mt-[10rem] tablet:mt-[20rem]\" target=\"\">\n                        Mehr erfahren                    <\/a>\n                \n            <\/div>\n\n        \n            <div class=\"slide w-[200rem] tablet:w-[450rem] teaser teaser--article-type-1\">\n\n                \n                <figure class=\"w-full h-[240rem] mb-[5rem] tablet:h-[575rem] tablet:mb-[30rem]\">\n                    <img loading=\"lazy\" decoding=\"async\" width=\"863\" height=\"1150\" src=\"https:\/\/www.sources-hotels.com\/bourgogne\/wp-content\/uploads\/sites\/5\/2025\/08\/LSV-06-01-863x1150.jpg\" class=\"h-full w-full object-cover object-center\" alt=\"Burgund Les Sources de Vougeot\" srcset=\"https:\/\/www.sources-hotels.com\/bourgogne\/wp-content\/uploads\/sites\/5\/2025\/08\/LSV-06-01-863x1150.jpg 863w, https:\/\/www.sources-hotels.com\/bourgogne\/wp-content\/uploads\/sites\/5\/2025\/08\/LSV-06-01-225x300.jpg 225w, https:\/\/www.sources-hotels.com\/bourgogne\/wp-content\/uploads\/sites\/5\/2025\/08\/LSV-06-01-768x1024.jpg 768w, https:\/\/www.sources-hotels.com\/bourgogne\/wp-content\/uploads\/sites\/5\/2025\/08\/LSV-06-01-1152x1536.jpg 1152w, https:\/\/www.sources-hotels.com\/bourgogne\/wp-content\/uploads\/sites\/5\/2025\/08\/LSV-06-01-1536x2048.jpg 1536w\" sizes=\"auto, (max-width: 863px) 100vw, 863px\" \/>                <\/figure>\n\n                <h3 class=\"font-serif\">\n                    Le Moulin                <\/h3>\n\n                                    <div class=\"mt-[13rem]\">\n                        <p>Mit Blick auf den charmanten Bach La Vouge ist die M\u00fchle ein wahrer privater Pavillon.<\/p>\n                    <\/div>\n                \n                                    <a href=\"https:\/\/www.sources-hotels.com\/bourgogne\/de\/zimmer-suiten\/le-moulin\/\" class=\"link mt-[10rem] tablet:mt-[20rem]\" target=\"\">\n                        Mehr erfahren                    <\/a>\n                \n            <\/div>\n\n        \n    <\/div>\n\n    \n<\/section>\n","protected":false},"excerpt":{"rendered":"","protected":false},"author":1,"featured_media":0,"parent":3946,"menu_order":0,"comment_status":"closed","ping_status":"closed","template":"","meta":{"_acf_changed":false,"footnotes":""},"hotels":[],"doc_cat":[],"class_list":["post-4093","page","type-page","status-publish","hentry"],"acf":[],"yoast_head":"<!-- This site is optimized with the Yoast SEO plugin v25.6 - https:\/\/yoast.com\/wordpress\/plugins\/seo\/ -->\n<title>Exclusive Suite Burgund | Les Sources de Vougeot<\/title>\n<meta name=\"description\" content=\"Buchen Sie einen luxuri\u00f6sen und exklusiven Aufenthalt in unserer Suite Particuli\u00e8re, im Herzen der Grands Crus von Burgund. Hotel Les Sources de Vougeot\" \/>\n<meta name=\"robots\" content=\"index, follow, max-snippet:-1, max-image-preview:large, max-video-preview:-1\" \/>\n<link rel=\"canonical\" href=\"https:\/\/www.sources-hotels.com\/bourgogne\/de\/zimmer-suiten\/exclusive-suite\/\" \/>\n<meta property=\"og:locale\" content=\"de_DE\" \/>\n<meta property=\"og:type\" content=\"article\" \/>\n<meta property=\"og:title\" content=\"Exclusive Suite Burgund | Les Sources de Vougeot\" \/>\n<meta property=\"og:description\" content=\"Buchen Sie einen luxuri\u00f6sen und exklusiven Aufenthalt in unserer Suite Particuli\u00e8re, im Herzen der Grands Crus von Burgund. Hotel Les Sources de Vougeot\" \/>\n<meta property=\"og:url\" content=\"https:\/\/www.sources-hotels.com\/bourgogne\/de\/zimmer-suiten\/exclusive-suite\/\" \/>\n<meta property=\"og:site_name\" content=\"Les Sources de Vougeot\" \/>\n<meta property=\"article:modified_time\" content=\"2026-03-23T09:01:02+00:00\" \/>\n<meta name=\"twitter:card\" content=\"summary_large_image\" \/>\n<script type=\"application\/ld+json\" class=\"yoast-schema-graph\">{\"@context\":\"https:\/\/schema.org\",\"@graph\":[{\"@type\":\"WebPage\",\"@id\":\"https:\/\/www.sources-hotels.com\/bourgogne\/de\/zimmer-suiten\/exclusive-suite\/\",\"url\":\"https:\/\/www.sources-hotels.com\/bourgogne\/de\/zimmer-suiten\/exclusive-suite\/\",\"name\":\"Exclusive Suite Burgund | Les Sources de Vougeot\",\"isPartOf\":{\"@id\":\"https:\/\/www.sources-hotels.com\/bourgogne\/de\/#website\"},\"datePublished\":\"2024-12-30T10:27:55+00:00\",\"dateModified\":\"2026-03-23T09:01:02+00:00\",\"description\":\"Buchen Sie einen luxuri\u00f6sen und exklusiven Aufenthalt in unserer Suite Particuli\u00e8re, im Herzen der Grands Crus von Burgund. Hotel Les Sources de Vougeot\",\"breadcrumb\":{\"@id\":\"https:\/\/www.sources-hotels.com\/bourgogne\/de\/zimmer-suiten\/exclusive-suite\/#breadcrumb\"},\"inLanguage\":\"de-DE\",\"potentialAction\":[{\"@type\":\"ReadAction\",\"target\":[\"https:\/\/www.sources-hotels.com\/bourgogne\/de\/zimmer-suiten\/exclusive-suite\/\"]}]},{\"@type\":\"BreadcrumbList\",\"@id\":\"https:\/\/www.sources-hotels.com\/bourgogne\/de\/zimmer-suiten\/exclusive-suite\/#breadcrumb\",\"itemListElement\":[{\"@type\":\"ListItem\",\"position\":1,\"name\":\"Startseite\",\"item\":\"https:\/\/www.sources-hotels.com\/bourgogne\/de\/\"},{\"@type\":\"ListItem\",\"position\":2,\"name\":\"Zimmer &amp; Suiten\",\"item\":\"https:\/\/www.sources-hotels.com\/bourgogne\/de\/zimmer-suiten\/\"},{\"@type\":\"ListItem\",\"position\":3,\"name\":\"Exclusive Suite\"}]},{\"@type\":\"WebSite\",\"@id\":\"https:\/\/www.sources-hotels.com\/bourgogne\/de\/#website\",\"url\":\"https:\/\/www.sources-hotels.com\/bourgogne\/de\/\",\"name\":\"Les Sources de Vougeot\",\"description\":\"\",\"publisher\":{\"@id\":\"https:\/\/www.sources-hotels.com\/bourgogne\/de\/#organization\"},\"potentialAction\":[{\"@type\":\"SearchAction\",\"target\":{\"@type\":\"EntryPoint\",\"urlTemplate\":\"https:\/\/www.sources-hotels.com\/bourgogne\/de\/?s={search_term_string}\"},\"query-input\":{\"@type\":\"PropertyValueSpecification\",\"valueRequired\":true,\"valueName\":\"search_term_string\"}}],\"inLanguage\":\"de-DE\"},{\"@type\":\"Organization\",\"@id\":\"https:\/\/www.sources-hotels.com\/bourgogne\/de\/#organization\",\"name\":\"Les Sources de Caudalie\",\"url\":\"https:\/\/www.sources-hotels.com\/bourgogne\/de\/\",\"logo\":{\"@type\":\"ImageObject\",\"inLanguage\":\"de-DE\",\"@id\":\"https:\/\/www.sources-hotels.com\/bourgogne\/de\/#\/schema\/logo\/image\/\",\"url\":\"\",\"contentUrl\":\"\",\"caption\":\"Les Sources de Caudalie\"},\"image\":{\"@id\":\"https:\/\/www.sources-hotels.com\/bourgogne\/de\/#\/schema\/logo\/image\/\"}}]}<\/script>\n<!-- \/ Yoast SEO plugin. -->","yoast_head_json":{"title":"Exclusive Suite Burgund | Les Sources de Vougeot","description":"Buchen Sie einen luxuri\u00f6sen und exklusiven Aufenthalt in unserer Suite Particuli\u00e8re, im Herzen der Grands Crus von Burgund. Hotel Les Sources de Vougeot","robots":{"index":"index","follow":"follow","max-snippet":"max-snippet:-1","max-image-preview":"max-image-preview:large","max-video-preview":"max-video-preview:-1"},"canonical":"https:\/\/www.sources-hotels.com\/bourgogne\/de\/zimmer-suiten\/exclusive-suite\/","og_locale":"de_DE","og_type":"article","og_title":"Exclusive Suite Burgund | Les Sources de Vougeot","og_description":"Buchen Sie einen luxuri\u00f6sen und exklusiven Aufenthalt in unserer Suite Particuli\u00e8re, im Herzen der Grands Crus von Burgund. Hotel Les Sources de Vougeot","og_url":"https:\/\/www.sources-hotels.com\/bourgogne\/de\/zimmer-suiten\/exclusive-suite\/","og_site_name":"Les Sources de Vougeot","article_modified_time":"2026-03-23T09:01:02+00:00","twitter_card":"summary_large_image","schema":{"@context":"https:\/\/schema.org","@graph":[{"@type":"WebPage","@id":"https:\/\/www.sources-hotels.com\/bourgogne\/de\/zimmer-suiten\/exclusive-suite\/","url":"https:\/\/www.sources-hotels.com\/bourgogne\/de\/zimmer-suiten\/exclusive-suite\/","name":"Exclusive Suite Burgund | Les Sources de Vougeot","isPartOf":{"@id":"https:\/\/www.sources-hotels.com\/bourgogne\/de\/#website"},"datePublished":"2024-12-30T10:27:55+00:00","dateModified":"2026-03-23T09:01:02+00:00","description":"Buchen Sie einen luxuri\u00f6sen und exklusiven Aufenthalt in unserer Suite Particuli\u00e8re, im Herzen der Grands Crus von Burgund. Hotel Les Sources de Vougeot","breadcrumb":{"@id":"https:\/\/www.sources-hotels.com\/bourgogne\/de\/zimmer-suiten\/exclusive-suite\/#breadcrumb"},"inLanguage":"de-DE","potentialAction":[{"@type":"ReadAction","target":["https:\/\/www.sources-hotels.com\/bourgogne\/de\/zimmer-suiten\/exclusive-suite\/"]}]},{"@type":"BreadcrumbList","@id":"https:\/\/www.sources-hotels.com\/bourgogne\/de\/zimmer-suiten\/exclusive-suite\/#breadcrumb","itemListElement":[{"@type":"ListItem","position":1,"name":"Startseite","item":"https:\/\/www.sources-hotels.com\/bourgogne\/de\/"},{"@type":"ListItem","position":2,"name":"Zimmer &amp; Suiten","item":"https:\/\/www.sources-hotels.com\/bourgogne\/de\/zimmer-suiten\/"},{"@type":"ListItem","position":3,"name":"Exclusive Suite"}]},{"@type":"WebSite","@id":"https:\/\/www.sources-hotels.com\/bourgogne\/de\/#website","url":"https:\/\/www.sources-hotels.com\/bourgogne\/de\/","name":"Les Sources de Vougeot","description":"","publisher":{"@id":"https:\/\/www.sources-hotels.com\/bourgogne\/de\/#organization"},"potentialAction":[{"@type":"SearchAction","target":{"@type":"EntryPoint","urlTemplate":"https:\/\/www.sources-hotels.com\/bourgogne\/de\/?s={search_term_string}"},"query-input":{"@type":"PropertyValueSpecification","valueRequired":true,"valueName":"search_term_string"}}],"inLanguage":"de-DE"},{"@type":"Organization","@id":"https:\/\/www.sources-hotels.com\/bourgogne\/de\/#organization","name":"Les Sources de Caudalie","url":"https:\/\/www.sources-hotels.com\/bourgogne\/de\/","logo":{"@type":"ImageObject","inLanguage":"de-DE","@id":"https:\/\/www.sources-hotels.com\/bourgogne\/de\/#\/schema\/logo\/image\/","url":"","contentUrl":"","caption":"Les Sources de Caudalie"},"image":{"@id":"https:\/\/www.sources-hotels.com\/bourgogne\/de\/#\/schema\/logo\/image\/"}}]}},"_links":{"self":[{"href":"https:\/\/www.sources-hotels.com\/bourgogne\/de\/wp-json\/wp\/v2\/pages\/4093","targetHints":{"allow":["GET"]}}],"collection":[{"href":"https:\/\/www.sources-hotels.com\/bourgogne\/de\/wp-json\/wp\/v2\/pages"}],"about":[{"href":"https:\/\/www.sources-hotels.com\/bourgogne\/de\/wp-json\/wp\/v2\/types\/page"}],"author":[{"embeddable":true,"href":"https:\/\/www.sources-hotels.com\/bourgogne\/de\/wp-json\/wp\/v2\/users\/1"}],"replies":[{"embeddable":true,"href":"https:\/\/www.sources-hotels.com\/bourgogne\/de\/wp-json\/wp\/v2\/comments?post=4093"}],"version-history":[{"count":7,"href":"https:\/\/www.sources-hotels.com\/bourgogne\/de\/wp-json\/wp\/v2\/pages\/4093\/revisions"}],"predecessor-version":[{"id":7773,"href":"https:\/\/www.sources-hotels.com\/bourgogne\/de\/wp-json\/wp\/v2\/pages\/4093\/revisions\/7773"}],"up":[{"embeddable":true,"href":"https:\/\/www.sources-hotels.com\/bourgogne\/de\/wp-json\/wp\/v2\/pages\/3946"}],"wp:attachment":[{"href":"https:\/\/www.sources-hotels.com\/bourgogne\/de\/wp-json\/wp\/v2\/media?parent=4093"}],"wp:term":[{"taxonomy":"hotels","embeddable":true,"href":"https:\/\/www.sources-hotels.com\/bourgogne\/de\/wp-json\/wp\/v2\/hotels?post=4093"},{"taxonomy":"doc_cat","embeddable":true,"href":"https:\/\/www.sources-hotels.com\/bourgogne\/de\/wp-json\/wp\/v2\/doc_cat?post=4093"}],"curies":[{"name":"wp","href":"https:\/\/api.w.org\/{rel}","templated":true}]}}