{"id":4099,"date":"2025-01-02T12:34:09","date_gmt":"2025-01-02T11:34:09","guid":{"rendered":"https:\/\/www.sources-hotels.com\/bourgogne\/?page_id=4099"},"modified":"2025-11-06T16:46:13","modified_gmt":"2025-11-06T15:46:13","slug":"kulturerbe-geschichte","status":"publish","type":"page","link":"https:\/\/www.sources-hotels.com\/bourgogne\/de\/aktivitaeten\/kulturerbe-geschichte\/","title":{"rendered":"Kulturerbe und Geschichte"},"content":{"rendered":"\n<section class=\"custom-block block--header h-[206rem] text-center text-white overflow-hidden pt-[100rem] relative tablet:h-[700rem] tablet:pt-[420rem]\">\n\n    <h1>\n                            Die Region entdecken            <\/h1>\n\n    \n    <span class=\"scroll-down hidden text-[12rem] tracking-[2rem] uppercase font-title cursor-pointer opacity-[64%] pb-[66rem] absolute left-2\/4 bottom-0 translate-x-[-50%] after:w-[1px] after:h-[50rem] after:bg-white after:opacity-[40%] after:absolute after:bottom-0 after:left-[50%] tablet:block\">\n        Siehe die Fortsetzung    <\/span>\n\n    <figure class=\"min-w-full min-h-full aspect-video overflow-hidden absolute top-2\/4 left-2\/4 translate-x-[-50%] translate-y-[-50%] z-[-1] before:bg-black before:opacity-[35%] before:mix-blend-multiply before:absolute before:top-0 before:left-0 before:right-0 before:bottom-0 before:z-[2]\">\n                    <img loading=\"lazy\" decoding=\"async\" width=\"2880\" height=\"1800\" src=\"https:\/\/www.sources-hotels.com\/bourgogne\/wp-content\/uploads\/sites\/5\/2025\/10\/eleanor-choux-kX2OtKVgmkw-unsplash-2880x1800.jpg\" class=\"h-full w-full object-cover object-center\" alt=\"Dijon monument\" \/>            <\/figure>\n    \n<\/section>\n\n    \n\n\n<section class=\"custom-block block--cooking-classes bg-white\">\n\n            <h2 class=\"block-title\">Dijon entdecken<\/h2>\n    \n    <div class=\"content-wrapper picture-right\">\n\n        <div class=\"text\">\n\n                            <h4 class=\"subtitle\">Hauptstadt der Herz\u00f6ge von Burgund<\/h4>\n            \n                            <div class=\"content rte\">\n                    <p>Als Stadt der Kunst und Geschichte bezaubert Dijon durch ihre Eleganz und die Vielfalt ihres kulturellen Erbes. Der imposante Palast der Herz\u00f6ge von Burgund, Juwel der Altstadt, beherbergt heute das Mus\u00e9e des Beaux-Arts, eines der \u00e4ltesten und reichsten Museen Frankreichs.<br \/>\nGanz in der N\u00e4he erz\u00e4hlt das Mus\u00e9e d\u2019Histoire de Dijon die Geschichte der Stadt vom Mittelalter bis in die Gegenwart.<br \/>\nDie Cit\u00e9 Internationale de la Gastronomie et du Vin, untergebracht im ehemaligen Allgemeinen Krankenhaus, feiert die franz\u00f6sische Lebensart und den kulinarischen Reichtum des burgundischen Terroirs. So begeistert Dijon sowohl Geschichtsliebhaber als auch Feinschmecker.<br \/>\nSehensw\u00fcrdigkeiten in Dijon:<\/p>\n<ul>\n<li>Cit\u00e9 de la Gastronomie<\/li>\n<li>Mus\u00e9e d\u2019Histoire de Dijon<\/li>\n<li>Palais des Ducs de Bourgogne<\/li>\n<\/ul>\n                <\/div>\n            \n            \n            \n            \n            \n        <\/div>\n        <div class=\"relative\">\n            <figure class=\"image\">\n                <img loading=\"lazy\" decoding=\"async\" width=\"1200\" height=\"800\" src=\"https:\/\/www.sources-hotels.com\/bourgogne\/wp-content\/uploads\/sites\/5\/2025\/10\/La-Cite-Internationale-de-la-Gastronomie-et-du-Vin.webp\" class=\"h-full w-full object-cover object-center\" alt=\"\" srcset=\"https:\/\/www.sources-hotels.com\/bourgogne\/wp-content\/uploads\/sites\/5\/2025\/10\/La-Cite-Internationale-de-la-Gastronomie-et-du-Vin.webp 1200w, https:\/\/www.sources-hotels.com\/bourgogne\/wp-content\/uploads\/sites\/5\/2025\/10\/La-Cite-Internationale-de-la-Gastronomie-et-du-Vin-300x200.webp 300w, https:\/\/www.sources-hotels.com\/bourgogne\/wp-content\/uploads\/sites\/5\/2025\/10\/La-Cite-Internationale-de-la-Gastronomie-et-du-Vin-1024x683.webp 1024w, https:\/\/www.sources-hotels.com\/bourgogne\/wp-content\/uploads\/sites\/5\/2025\/10\/La-Cite-Internationale-de-la-Gastronomie-et-du-Vin-768x512.webp 768w\" sizes=\"auto, (max-width: 1200px) 100vw, 1200px\" \/>            <\/figure>\n                    <\/div>\n    <\/div>\n\n<\/section>\n\n\n<section class=\"custom-block block--cooking-classes bg-primary\">\n\n            <h2 class=\"block-title\">Beaune entdecken<\/h2>\n    \n    <div class=\"content-wrapper picture-left\">\n\n        <div class=\"text\">\n\n                            <h4 class=\"subtitle\">Mittelalterliches und weinkulturelles Juwel<\/h4>\n            \n                            <div class=\"content rte\">\n                    <p>Als Hauptstadt der burgundischen Weine besticht Beaune durch ihre Authentizit\u00e4t und die Sch\u00f6nheit ihrer Bauwerke.<br \/>\nDie ber\u00fchmten Hospices de Beaune, im 15. Jahrhundert gegr\u00fcndet, waren einst ein Krankenhaus f\u00fcr Bed\u00fcrftige. Heute beherbergen sie ein herausragendes Museum, das die Geschichte der N\u00e4chstenliebe und der Medizin im Laufe der Jahrhunderte erz\u00e4hlt. Ihr Dach mit den farbig glasierten Ziegeln ist zu einem der bekanntesten Symbole Burgunds geworden.<\/p>\n<p>An jedem dritten Sonntag im November findet in den Hospices zudem die \u00e4lteste Weinauktion der Welt statt \u2013 ein prestigetr\u00e4chtiges Wohlt\u00e4tigkeitsereignis, das das burgundische Weinhandwerk feiert.<\/p>\n<p>Die Stadt offenbart ein charmantes historisches Zentrum, umgeben von Stadtmauern, gepflasterten Gassen und alten Geb\u00e4uden. Die Basilika Notre-Dame, der Glockenturm und die Maison des Climats vervollst\u00e4ndigen dieses Eintauchen in die Geschichte \u2013 zwischen mittelalterlichem Erbe und einer Weinkultur, die zum UNESCO-Welterbe geh\u00f6rt.<\/p>\n<p>Sehensw\u00fcrdigkeiten in Beaune:<\/p>\n<ul>\n<li>Les Hospices de Beaune<\/li>\n<li>Basilique Notre-Dame<\/li>\n<li>Maison des Climats<\/li>\n<\/ul>\n                <\/div>\n            \n            \n            \n            \n            \n        <\/div>\n        <div class=\"relative\">\n            <figure class=\"image\">\n                <img loading=\"lazy\" decoding=\"async\" width=\"1260\" height=\"854\" src=\"https:\/\/www.sources-hotels.com\/bourgogne\/wp-content\/uploads\/sites\/5\/2025\/10\/beaune-3725446_1280-1260x854.jpg\" class=\"h-full w-full object-cover object-center\" alt=\"\" \/>            <\/figure>\n                    <\/div>\n    <\/div>\n\n<\/section>\n\n\n<section class=\"custom-block block--cooking-classes bg-white\">\n\n            <h2 class=\"block-title\">Rund um Vougeot<\/h2>\n    \n    <div class=\"content-wrapper picture-right\">\n\n        <div class=\"text\">\n\n                            <h4 class=\"subtitle\">Verborgene Sch\u00e4tze und burgundische Schl\u00f6sser<\/h4>\n            \n                            <div class=\"content rte\">\n                    <p>Ein Aufenthalt in Vougeot w\u00e4re unvollst\u00e4ndig ohne den Besuch des Ch\u00e2teau du Clos de Vougeot, Symbol des Weinbauerbes der Region und emblematischer Sitz der Confr\u00e9rie des Chevaliers du Tastevin. Es befindet sich in unmittelbarer N\u00e4he des Hotels.<\/p>\n<p>Ein Ausflug in die Umgebung offenbart ein ebenso vielf\u00e4ltiges wie \u00fcberraschendes Kulturerbe. Das von Weinbergen umgebene Ch\u00e2teau de Savigny-l\u00e8s-Beaune beherbergt beeindruckende Sammlungen von Flugzeugen, Motorr\u00e4dern und Oldtimern. Weiter n\u00f6rdlich zeigt das Ch\u00e2teau de Commarin, das sich seit dem 12. Jahrhundert im Besitz derselben Familie befindet, eindrucksvoll die Geschichte der grossen burgundischen Adelsgeschlechter.<\/p>\n<p>Die Weind\u00f6rfer Gevrey-Chambertin und Nuits-Saint-Georges mit ihren romanischen Kirchen und Winzerh\u00e4usern vervollst\u00e4ndigen dieses Eintauchen in ein authentisches und zeitloses Burgund.<\/p>\n                <\/div>\n            \n            \n            \n            \n            \n        <\/div>\n        <div class=\"relative\">\n            <figure class=\"image\">\n                <img loading=\"lazy\" decoding=\"async\" width=\"961\" height=\"639\" src=\"https:\/\/www.sources-hotels.com\/bourgogne\/wp-content\/uploads\/sites\/5\/2025\/08\/soleilvignes.png\" class=\"h-full w-full object-cover object-center\" alt=\"\" srcset=\"https:\/\/www.sources-hotels.com\/bourgogne\/wp-content\/uploads\/sites\/5\/2025\/08\/soleilvignes.png 961w, https:\/\/www.sources-hotels.com\/bourgogne\/wp-content\/uploads\/sites\/5\/2025\/08\/soleilvignes-300x199.png 300w, https:\/\/www.sources-hotels.com\/bourgogne\/wp-content\/uploads\/sites\/5\/2025\/08\/soleilvignes-768x511.png 768w\" sizes=\"auto, (max-width: 961px) 100vw, 961px\" \/>            <\/figure>\n                    <\/div>\n    <\/div>\n\n<\/section>","protected":false},"excerpt":{"rendered":"","protected":false},"author":1,"featured_media":0,"parent":3953,"menu_order":0,"comment_status":"closed","ping_status":"closed","template":"","meta":{"_acf_changed":false,"footnotes":""},"hotels":[],"doc_cat":[],"class_list":["post-4099","page","type-page","status-publish","hentry"],"acf":[],"yoast_head":"<!-- This site is optimized with the Yoast SEO plugin v25.6 - https:\/\/yoast.com\/wordpress\/plugins\/seo\/ -->\n<title>Kultur und Kulturerbe in Burgund \u2013 Les Sources de Vougeot<\/title>\n<meta name=\"description\" content=\"\u00dcbernachten Sie im Hotel Les Sources de Vougeot und entdecken Sie Beaune, die Hospices, Dijon, Chateau du Clos Vougeot.\" \/>\n<meta name=\"robots\" content=\"index, follow, max-snippet:-1, max-image-preview:large, max-video-preview:-1\" \/>\n<link rel=\"canonical\" href=\"https:\/\/www.sources-hotels.com\/bourgogne\/de\/aktivitaeten\/kulturerbe-geschichte\/\" \/>\n<meta property=\"og:locale\" content=\"de_DE\" \/>\n<meta property=\"og:type\" content=\"article\" \/>\n<meta property=\"og:title\" content=\"Kultur und Kulturerbe in Burgund \u2013 Les Sources de Vougeot\" \/>\n<meta property=\"og:description\" content=\"\u00dcbernachten Sie im Hotel Les Sources de Vougeot und entdecken Sie Beaune, die Hospices, Dijon, Chateau du Clos Vougeot.\" \/>\n<meta property=\"og:url\" content=\"https:\/\/www.sources-hotels.com\/bourgogne\/de\/aktivitaeten\/kulturerbe-geschichte\/\" \/>\n<meta property=\"og:site_name\" content=\"Les Sources de Vougeot\" \/>\n<meta property=\"article:modified_time\" content=\"2025-11-06T15:46:13+00:00\" \/>\n<meta name=\"twitter:card\" content=\"summary_large_image\" \/>\n<script type=\"application\/ld+json\" class=\"yoast-schema-graph\">{\"@context\":\"https:\/\/schema.org\",\"@graph\":[{\"@type\":\"WebPage\",\"@id\":\"https:\/\/www.sources-hotels.com\/bourgogne\/de\/aktivitaeten\/kulturerbe-geschichte\/\",\"url\":\"https:\/\/www.sources-hotels.com\/bourgogne\/de\/aktivitaeten\/kulturerbe-geschichte\/\",\"name\":\"Kultur und Kulturerbe in Burgund \u2013 Les Sources de Vougeot\",\"isPartOf\":{\"@id\":\"https:\/\/www.sources-hotels.com\/bourgogne\/de\/#website\"},\"datePublished\":\"2025-01-02T11:34:09+00:00\",\"dateModified\":\"2025-11-06T15:46:13+00:00\",\"description\":\"\u00dcbernachten Sie im Hotel Les Sources de Vougeot und entdecken Sie Beaune, die Hospices, Dijon, Chateau du Clos Vougeot.\",\"breadcrumb\":{\"@id\":\"https:\/\/www.sources-hotels.com\/bourgogne\/de\/aktivitaeten\/kulturerbe-geschichte\/#breadcrumb\"},\"inLanguage\":\"de-DE\",\"potentialAction\":[{\"@type\":\"ReadAction\",\"target\":[\"https:\/\/www.sources-hotels.com\/bourgogne\/de\/aktivitaeten\/kulturerbe-geschichte\/\"]}]},{\"@type\":\"BreadcrumbList\",\"@id\":\"https:\/\/www.sources-hotels.com\/bourgogne\/de\/aktivitaeten\/kulturerbe-geschichte\/#breadcrumb\",\"itemListElement\":[{\"@type\":\"ListItem\",\"position\":1,\"name\":\"Startseite\",\"item\":\"https:\/\/www.sources-hotels.com\/bourgogne\/de\/\"},{\"@type\":\"ListItem\",\"position\":2,\"name\":\"Aktivit\u00e4ten\",\"item\":\"https:\/\/www.sources-hotels.com\/bourgogne\/de\/aktivitaeten\/\"},{\"@type\":\"ListItem\",\"position\":3,\"name\":\"Kulturerbe und Geschichte\"}]},{\"@type\":\"WebSite\",\"@id\":\"https:\/\/www.sources-hotels.com\/bourgogne\/de\/#website\",\"url\":\"https:\/\/www.sources-hotels.com\/bourgogne\/de\/\",\"name\":\"Les Sources de Vougeot\",\"description\":\"\",\"publisher\":{\"@id\":\"https:\/\/www.sources-hotels.com\/bourgogne\/de\/#organization\"},\"potentialAction\":[{\"@type\":\"SearchAction\",\"target\":{\"@type\":\"EntryPoint\",\"urlTemplate\":\"https:\/\/www.sources-hotels.com\/bourgogne\/de\/?s={search_term_string}\"},\"query-input\":{\"@type\":\"PropertyValueSpecification\",\"valueRequired\":true,\"valueName\":\"search_term_string\"}}],\"inLanguage\":\"de-DE\"},{\"@type\":\"Organization\",\"@id\":\"https:\/\/www.sources-hotels.com\/bourgogne\/de\/#organization\",\"name\":\"Les Sources de Caudalie\",\"url\":\"https:\/\/www.sources-hotels.com\/bourgogne\/de\/\",\"logo\":{\"@type\":\"ImageObject\",\"inLanguage\":\"de-DE\",\"@id\":\"https:\/\/www.sources-hotels.com\/bourgogne\/de\/#\/schema\/logo\/image\/\",\"url\":\"\",\"contentUrl\":\"\",\"caption\":\"Les Sources de Caudalie\"},\"image\":{\"@id\":\"https:\/\/www.sources-hotels.com\/bourgogne\/de\/#\/schema\/logo\/image\/\"}}]}<\/script>\n<!-- \/ Yoast SEO plugin. -->","yoast_head_json":{"title":"Kultur und Kulturerbe in Burgund \u2013 Les Sources de Vougeot","description":"\u00dcbernachten Sie im Hotel Les Sources de Vougeot und entdecken Sie Beaune, die Hospices, Dijon, Chateau du Clos Vougeot.","robots":{"index":"index","follow":"follow","max-snippet":"max-snippet:-1","max-image-preview":"max-image-preview:large","max-video-preview":"max-video-preview:-1"},"canonical":"https:\/\/www.sources-hotels.com\/bourgogne\/de\/aktivitaeten\/kulturerbe-geschichte\/","og_locale":"de_DE","og_type":"article","og_title":"Kultur und Kulturerbe in Burgund \u2013 Les Sources de Vougeot","og_description":"\u00dcbernachten Sie im Hotel Les Sources de Vougeot und entdecken Sie Beaune, die Hospices, Dijon, Chateau du Clos Vougeot.","og_url":"https:\/\/www.sources-hotels.com\/bourgogne\/de\/aktivitaeten\/kulturerbe-geschichte\/","og_site_name":"Les Sources de Vougeot","article_modified_time":"2025-11-06T15:46:13+00:00","twitter_card":"summary_large_image","schema":{"@context":"https:\/\/schema.org","@graph":[{"@type":"WebPage","@id":"https:\/\/www.sources-hotels.com\/bourgogne\/de\/aktivitaeten\/kulturerbe-geschichte\/","url":"https:\/\/www.sources-hotels.com\/bourgogne\/de\/aktivitaeten\/kulturerbe-geschichte\/","name":"Kultur und Kulturerbe in Burgund \u2013 Les Sources de Vougeot","isPartOf":{"@id":"https:\/\/www.sources-hotels.com\/bourgogne\/de\/#website"},"datePublished":"2025-01-02T11:34:09+00:00","dateModified":"2025-11-06T15:46:13+00:00","description":"\u00dcbernachten Sie im Hotel Les Sources de Vougeot und entdecken Sie Beaune, die Hospices, Dijon, Chateau du Clos Vougeot.","breadcrumb":{"@id":"https:\/\/www.sources-hotels.com\/bourgogne\/de\/aktivitaeten\/kulturerbe-geschichte\/#breadcrumb"},"inLanguage":"de-DE","potentialAction":[{"@type":"ReadAction","target":["https:\/\/www.sources-hotels.com\/bourgogne\/de\/aktivitaeten\/kulturerbe-geschichte\/"]}]},{"@type":"BreadcrumbList","@id":"https:\/\/www.sources-hotels.com\/bourgogne\/de\/aktivitaeten\/kulturerbe-geschichte\/#breadcrumb","itemListElement":[{"@type":"ListItem","position":1,"name":"Startseite","item":"https:\/\/www.sources-hotels.com\/bourgogne\/de\/"},{"@type":"ListItem","position":2,"name":"Aktivit\u00e4ten","item":"https:\/\/www.sources-hotels.com\/bourgogne\/de\/aktivitaeten\/"},{"@type":"ListItem","position":3,"name":"Kulturerbe und Geschichte"}]},{"@type":"WebSite","@id":"https:\/\/www.sources-hotels.com\/bourgogne\/de\/#website","url":"https:\/\/www.sources-hotels.com\/bourgogne\/de\/","name":"Les Sources de Vougeot","description":"","publisher":{"@id":"https:\/\/www.sources-hotels.com\/bourgogne\/de\/#organization"},"potentialAction":[{"@type":"SearchAction","target":{"@type":"EntryPoint","urlTemplate":"https:\/\/www.sources-hotels.com\/bourgogne\/de\/?s={search_term_string}"},"query-input":{"@type":"PropertyValueSpecification","valueRequired":true,"valueName":"search_term_string"}}],"inLanguage":"de-DE"},{"@type":"Organization","@id":"https:\/\/www.sources-hotels.com\/bourgogne\/de\/#organization","name":"Les Sources de Caudalie","url":"https:\/\/www.sources-hotels.com\/bourgogne\/de\/","logo":{"@type":"ImageObject","inLanguage":"de-DE","@id":"https:\/\/www.sources-hotels.com\/bourgogne\/de\/#\/schema\/logo\/image\/","url":"","contentUrl":"","caption":"Les Sources de Caudalie"},"image":{"@id":"https:\/\/www.sources-hotels.com\/bourgogne\/de\/#\/schema\/logo\/image\/"}}]}},"_links":{"self":[{"href":"https:\/\/www.sources-hotels.com\/bourgogne\/de\/wp-json\/wp\/v2\/pages\/4099","targetHints":{"allow":["GET"]}}],"collection":[{"href":"https:\/\/www.sources-hotels.com\/bourgogne\/de\/wp-json\/wp\/v2\/pages"}],"about":[{"href":"https:\/\/www.sources-hotels.com\/bourgogne\/de\/wp-json\/wp\/v2\/types\/page"}],"author":[{"embeddable":true,"href":"https:\/\/www.sources-hotels.com\/bourgogne\/de\/wp-json\/wp\/v2\/users\/1"}],"replies":[{"embeddable":true,"href":"https:\/\/www.sources-hotels.com\/bourgogne\/de\/wp-json\/wp\/v2\/comments?post=4099"}],"version-history":[{"count":8,"href":"https:\/\/www.sources-hotels.com\/bourgogne\/de\/wp-json\/wp\/v2\/pages\/4099\/revisions"}],"predecessor-version":[{"id":6056,"href":"https:\/\/www.sources-hotels.com\/bourgogne\/de\/wp-json\/wp\/v2\/pages\/4099\/revisions\/6056"}],"up":[{"embeddable":true,"href":"https:\/\/www.sources-hotels.com\/bourgogne\/de\/wp-json\/wp\/v2\/pages\/3953"}],"wp:attachment":[{"href":"https:\/\/www.sources-hotels.com\/bourgogne\/de\/wp-json\/wp\/v2\/media?parent=4099"}],"wp:term":[{"taxonomy":"hotels","embeddable":true,"href":"https:\/\/www.sources-hotels.com\/bourgogne\/de\/wp-json\/wp\/v2\/hotels?post=4099"},{"taxonomy":"doc_cat","embeddable":true,"href":"https:\/\/www.sources-hotels.com\/bourgogne\/de\/wp-json\/wp\/v2\/doc_cat?post=4099"}],"curies":[{"name":"wp","href":"https:\/\/api.w.org\/{rel}","templated":true}]}}