{"id":4101,"date":"2025-01-02T12:14:18","date_gmt":"2025-01-02T11:14:18","guid":{"rendered":"https:\/\/www.sources-hotels.com\/bourgogne\/?page_id=4101"},"modified":"2025-11-06T16:38:10","modified_gmt":"2025-11-06T15:38:10","slug":"sport-adrenalin","status":"publish","type":"page","link":"https:\/\/www.sources-hotels.com\/bourgogne\/de\/aktivitaeten\/sport-adrenalin\/","title":{"rendered":"Sport und Adrenalin"},"content":{"rendered":"\n<section class=\"custom-block block--header h-[206rem] text-center text-white overflow-hidden pt-[100rem] relative tablet:h-[700rem] tablet:pt-[420rem]\">\n\n    <h1>\n                            Sport und Adrenalin            <\/h1>\n\n    \n    <span class=\"scroll-down hidden text-[12rem] tracking-[2rem] uppercase font-title cursor-pointer opacity-[64%] pb-[66rem] absolute left-2\/4 bottom-0 translate-x-[-50%] after:w-[1px] after:h-[50rem] after:bg-white after:opacity-[40%] after:absolute after:bottom-0 after:left-[50%] tablet:block\">\n        Siehe die Fortsetzung    <\/span>\n\n    <figure class=\"min-w-full min-h-full aspect-video overflow-hidden absolute top-2\/4 left-2\/4 translate-x-[-50%] translate-y-[-50%] z-[-1] before:bg-black before:opacity-[35%] before:mix-blend-multiply before:absolute before:top-0 before:left-0 before:right-0 before:bottom-0 before:z-[2]\">\n                    <img loading=\"lazy\" decoding=\"async\" width=\"2880\" height=\"1800\" src=\"https:\/\/www.sources-hotels.com\/bourgogne\/wp-content\/uploads\/sites\/5\/2025\/10\/beth-macdonald-7Y8gfWM-1dw-unsplash-2880x1800.jpg\" class=\"h-full w-full object-cover object-center\" alt=\"\" \/>            <\/figure>\n    \n<\/section>\n\n    \n\n\n<section class=\"custom-block block--cooking-classes bg-white\">\n\n            <h2 class=\"block-title\">Tennis im Herzen der Weinberge<\/h2>\n    \n    <div class=\"content-wrapper picture-right\">\n\n        <div class=\"text\">\n\n                            <h4 class=\"subtitle\">Spielvergn\u00fcgen in einer einzigartigen Umgebung<\/h4>\n            \n                            <div class=\"content rte\">\n                    <p>Mitten in den Weinbergen und der friedlichen Landschaft Burgunds bietet unser Tennisplatz einen aussergew\u00f6hnlichen Rahmen, um sich zu entspannen oder gemeinsam sportliche Momente zu erleben.<\/p>\n<p>Ob leidenschaftlicher Spieler oder einfach auf der Suche nach einer Aktivit\u00e4t an der frischen Luft \u2013 geniessen Sie die reine Luft, die Ruhe der Umgebung und ein einzigartiges Panorama, um Ihren Aufschlag zu perfektionieren oder ein paar B\u00e4lle in inspirierender Atmosph\u00e4re zu spielen.<\/p>\n                <\/div>\n            \n            \n            \n            \n            \n        <\/div>\n        <div class=\"relative\">\n            <figure class=\"image\">\n                <img loading=\"lazy\" decoding=\"async\" width=\"1260\" height=\"1000\" src=\"https:\/\/www.sources-hotels.com\/bourgogne\/wp-content\/uploads\/sites\/5\/2025\/10\/valentin-balan-k0aVMMZwqtU-unsplash-1260x1000.jpg\" class=\"h-full w-full object-cover object-center\" alt=\"\" \/>            <\/figure>\n                    <\/div>\n    <\/div>\n\n<\/section>\n\n\n<section class=\"custom-block block--cooking-classes bg-primary\">\n\n            <h2 class=\"block-title\">Burgund aus der Vogelperspektive<\/h2>\n    \n    <div class=\"content-wrapper picture-left\">\n\n        <div class=\"text\">\n\n                            <h4 class=\"subtitle\">Heissluftballonfahrt<\/h4>\n            \n                            <div class=\"content rte\">\n                    <p>Erleben Sie die Weinberge der C\u00f4te de Nuits und die Ebene der Sa\u00f4ne aus der Luft \u2013 an Bord eines Heissluftballons.<\/p>\n<p>Beim Sonnenaufgang enth\u00fcllt der Flug die Winzerd\u00f6rfer, Clos und Schl\u00f6sser in einem sanften, goldenen Licht. Ein zugleich friedliches und spektakul\u00e4res Erlebnis, das den Zauber Burgunds auf einzigartige Weise sichtbar macht.<\/p>\n<p>Mehrere Anbieter bieten Fl\u00fcge \u00fcber die Region an:<\/p>\n<ul>\n<li>Air Escargot<\/li>\n<li>Beaune Montgolfi\u00e8re<\/li>\n<li>Les Ballons de Nuits<\/li>\n<li>Les Montgolfi\u00e8res Nuitones<\/li>\n<\/ul>\n                <\/div>\n            \n            \n            \n            \n            \n        <\/div>\n        <div class=\"relative\">\n            <figure class=\"image\">\n                <img loading=\"lazy\" decoding=\"async\" width=\"1260\" height=\"717\" src=\"https:\/\/www.sources-hotels.com\/bourgogne\/wp-content\/uploads\/sites\/5\/2025\/10\/montgolfiere_vignoble-1260x717.jpg\" class=\"h-full w-full object-cover object-center\" alt=\"\" \/>            <\/figure>\n                    <\/div>\n    <\/div>\n\n<\/section>\n\n\n<section class=\"custom-block block--cooking-classes bg-white\">\n\n            <h2 class=\"block-title\">Golf im Herzen der Weinberge<\/h2>\n    \n    <div class=\"content-wrapper picture-right\">\n\n        <div class=\"text\">\n\n                            <h4 class=\"subtitle\">Den Schwung im Rhythmus der burgundischen Landschaft finden<\/h4>\n            \n                            <div class=\"content rte\">\n                    <p>Nur wenige Kilometer von den Sources de Vougeot entfernt bietet der Golf de Beaune Levernois ein sportliches Erlebnis mitten in den Weinbergen und den gr\u00fcnen Hainen der C\u00f4te de Beaune. Harmonisch in die Natur eingebettet, begeistert dieser leicht h\u00fcgelige 18-Loch-Platz mit seinen Teichen sowohl erfahrene Golfer als auch Einsteiger.<\/p>\n<p>In einer friedlichen Atmosph\u00e4re er\u00f6ffnet jedes Loch einen neuen Blick auf die burgundischen Landschaften \u2013 zwischen Weinreben, Weiden und Pappeln. Der Parcours stellt eine echte technische Herausforderung dar und l\u00e4dt zugleich zum Innehalten und Staunen ein.<\/p>\n<p>Ein authentisches und elegantes Erlebnis, bei dem die Leidenschaft f\u00fcr Golf auf die burgundische Lebenskunst trifft.<\/p>\n                <\/div>\n            \n            \n            \n            \n            \n        <\/div>\n        <div class=\"relative\">\n            <figure class=\"image\">\n                <img loading=\"lazy\" decoding=\"async\" width=\"1260\" height=\"853\" src=\"https:\/\/www.sources-hotels.com\/bourgogne\/wp-content\/uploads\/sites\/5\/2025\/10\/golf_club-1260x853.jpg\" class=\"h-full w-full object-cover object-center\" alt=\"\" \/>            <\/figure>\n                    <\/div>\n    <\/div>\n\n<\/section>\n\n\n<section class=\"custom-block block--cooking-classes bg-primary\">\n\n            <h2 class=\"block-title\">Motorsport<\/h2>\n    \n    <div class=\"content-wrapper picture-left\">\n\n        <div class=\"text\">\n\n                            <h4 class=\"subtitle\">Adrenalin auf der Rennstrecke Dijon-Prenois\u00ae<\/h4>\n            \n                            <div class=\"content rte\">\n                    <p>Nur 45 Minuten von den Sources de Vougeot entfernt ist die legend\u00e4re Rennstrecke Dijon-Prenois\u00ae ein ikonischer Ort des Motorsports. Seit mehr als f\u00fcnfzig Jahren l\u00e4sst sie die Herzen aller Geschwindigkeitsliebhaber h\u00f6herschlagen.<\/p>\n<p>Auch heute empf\u00e4ngt die Strecke sowohl Hobbyfahrer als auch erfahrene Piloten zu Fahrtrainings oder Karting-Sessions auf einer technisch anspruchsvollen und schnellen Piste \u2013 konzipiert f\u00fcr unvergessliche Fahrgef\u00fchle in voller Sicherheit.<\/p>\n<p>Es besteht ebenfalls die M\u00f6glichkeit, mit dem eigenen Fahrzeug oder einem Mietwagen an den freien Fahrttagen oder im Rahmen organisierter Veranstaltungen teilzunehmen.<\/p>\n                <\/div>\n            \n            \n            \n            \n            \n        <\/div>\n        <div class=\"relative\">\n            <figure class=\"image\">\n                <img loading=\"lazy\" decoding=\"async\" width=\"1260\" height=\"853\" src=\"https:\/\/www.sources-hotels.com\/bourgogne\/wp-content\/uploads\/sites\/5\/2025\/10\/voiture_circuit-1260x853.jpg\" class=\"h-full w-full object-cover object-center\" alt=\"\" \/>            <\/figure>\n                    <\/div>\n    <\/div>\n\n<\/section>\n\n\n<section class=\"custom-block block--cooking-classes bg-white\">\n\n            <h2 class=\"block-title\">Aktivit\u00e4ten f\u00fcr die ganze Familie<\/h2>\n    \n    <div class=\"content-wrapper picture-right\">\n\n        <div class=\"text\">\n\n                            <h4 class=\"subtitle\">Adrenalin und Spass im Parc \u00c9vasion<\/h4>\n            \n                            <div class=\"content rte\">\n                    <p>Etwa dreissig Minuten von den Sources de Vougeot entfernt verspricht der Parc \u00c9vasion in Chevigny pures Abenteuer und Energie inmitten der Natur.<\/p>\n<p>Auf den Pedal-Kart-Strecken k\u00f6nnen Sie Ausdauer und Wettkampfgeist in einer spielerischen und geselligen Atmosph\u00e4re testen.<\/p>\n<p>Zwischen zwei Rennen laden Aktivit\u00e4tsparcours und Entspannungsbereiche zu sportlichen und fr\u00f6hlichen Momenten ein \u2013 ideal f\u00fcr Familien oder Freunde: Bogenschie\u00dfen, Escape Game und Kletterpark.<\/p>\n                <\/div>\n            \n            \n            \n            \n            \n        <\/div>\n        <div class=\"relative\">\n            <figure class=\"image\">\n                <img loading=\"lazy\" decoding=\"async\" width=\"1260\" height=\"853\" src=\"https:\/\/www.sources-hotels.com\/bourgogne\/wp-content\/uploads\/sites\/5\/2025\/10\/accrobranche-1260x853.jpg\" class=\"h-full w-full object-cover object-center\" alt=\"\" \/>            <\/figure>\n                    <\/div>\n    <\/div>\n\n<\/section>\n\n\n<section class=\"custom-block block--cooking-classes bg-primary\">\n\n            <h2 class=\"block-title\">Ausritt zu Pferd<\/h2>\n    \n    <div class=\"content-wrapper picture-left\">\n\n        <div class=\"text\">\n\n                            <h4 class=\"subtitle\">Im Herzen der burgundischen Weinberge<\/h4>\n            \n                            <div class=\"content rte\">\n                    <p>Entdecken Sie die Landschaften Burgunds bei einem Reitausflug \u2013 zwischen Weinbergen, W\u00e4ldern und sanft h\u00fcgeligen Wegen.<br \/>\nDie Mountain Farm in Morey-Saint-Denis heisst Sie zu einem authentischen Erlebnis willkommen, das f\u00fcr alle Niveaus geeignet ist, ob Anf\u00e4nger oder erfahrene Reiter.<\/p>\n<p>Begleitet von einem passionierten Guide erkunden Sie die C\u00f4te de Nuits auf eine ganz besondere Weise \u2013 im Rhythmus der Pferde, in einer friedlichen und nat\u00fcrlichen Atmosph\u00e4re. Jeder Ausritt kann privat organisiert werden, f\u00fcr ein ganz pers\u00f6nliches Erlebnis \u2013 ideal zu zweit, mit der Familie oder mit Freunden.<\/p>\n<p>Ein idyllisches Eintauchen in das Herz des Weinbaugebiets \u2013 um Burgund einmal anders zu erleben.<\/p>\n                <\/div>\n            \n            \n            \n            \n            \n        <\/div>\n        <div class=\"relative\">\n            <figure class=\"image\">\n                <img loading=\"lazy\" decoding=\"async\" width=\"1260\" height=\"1000\" src=\"https:\/\/www.sources-hotels.com\/bourgogne\/wp-content\/uploads\/sites\/5\/2025\/10\/james-seddon-f6pNBmMeQiY-unsplash-1260x1000.jpg\" class=\"h-full w-full object-cover object-center\" alt=\"\" \/>            <\/figure>\n                    <\/div>\n    <\/div>\n\n<\/section>","protected":false},"excerpt":{"rendered":"","protected":false},"author":1,"featured_media":0,"parent":3953,"menu_order":0,"comment_status":"closed","ping_status":"closed","template":"","meta":{"_acf_changed":false,"footnotes":""},"hotels":[],"doc_cat":[],"class_list":["post-4101","page","type-page","status-publish","hentry"],"acf":[],"yoast_head":"<!-- This site is optimized with the Yoast SEO plugin v25.6 - https:\/\/yoast.com\/wordpress\/plugins\/seo\/ -->\n<title>Sport und Adrenalin Burgund - Les Sources de Vougeot<\/title>\n<meta name=\"description\" content=\"Tennis, Golf &amp; Motorsport in Burgund \u2013 sportliche Aktivit\u00e4ten w\u00e4hrend Ihres Aufenthalts zwischen Dijon und Beaune. Hotel Les Sources de Vougeot.\" \/>\n<meta name=\"robots\" content=\"index, follow, max-snippet:-1, max-image-preview:large, max-video-preview:-1\" \/>\n<link rel=\"canonical\" href=\"https:\/\/www.sources-hotels.com\/bourgogne\/de\/aktivitaeten\/sport-adrenalin\/\" \/>\n<meta property=\"og:locale\" content=\"de_DE\" \/>\n<meta property=\"og:type\" content=\"article\" \/>\n<meta property=\"og:title\" content=\"Sport und Adrenalin Burgund - Les Sources de Vougeot\" \/>\n<meta property=\"og:description\" content=\"Tennis, Golf &amp; Motorsport in Burgund \u2013 sportliche Aktivit\u00e4ten w\u00e4hrend Ihres Aufenthalts zwischen Dijon und Beaune. Hotel Les Sources de Vougeot.\" \/>\n<meta property=\"og:url\" content=\"https:\/\/www.sources-hotels.com\/bourgogne\/de\/aktivitaeten\/sport-adrenalin\/\" \/>\n<meta property=\"og:site_name\" content=\"Les Sources de Vougeot\" \/>\n<meta property=\"article:modified_time\" content=\"2025-11-06T15:38:10+00:00\" \/>\n<meta name=\"twitter:card\" content=\"summary_large_image\" \/>\n<script type=\"application\/ld+json\" class=\"yoast-schema-graph\">{\"@context\":\"https:\/\/schema.org\",\"@graph\":[{\"@type\":\"WebPage\",\"@id\":\"https:\/\/www.sources-hotels.com\/bourgogne\/de\/aktivitaeten\/sport-adrenalin\/\",\"url\":\"https:\/\/www.sources-hotels.com\/bourgogne\/de\/aktivitaeten\/sport-adrenalin\/\",\"name\":\"Sport und Adrenalin Burgund - Les Sources de Vougeot\",\"isPartOf\":{\"@id\":\"https:\/\/www.sources-hotels.com\/bourgogne\/de\/#website\"},\"datePublished\":\"2025-01-02T11:14:18+00:00\",\"dateModified\":\"2025-11-06T15:38:10+00:00\",\"description\":\"Tennis, Golf & Motorsport in Burgund \u2013 sportliche Aktivit\u00e4ten w\u00e4hrend Ihres Aufenthalts zwischen Dijon und Beaune. Hotel Les Sources de Vougeot.\",\"breadcrumb\":{\"@id\":\"https:\/\/www.sources-hotels.com\/bourgogne\/de\/aktivitaeten\/sport-adrenalin\/#breadcrumb\"},\"inLanguage\":\"de-DE\",\"potentialAction\":[{\"@type\":\"ReadAction\",\"target\":[\"https:\/\/www.sources-hotels.com\/bourgogne\/de\/aktivitaeten\/sport-adrenalin\/\"]}]},{\"@type\":\"BreadcrumbList\",\"@id\":\"https:\/\/www.sources-hotels.com\/bourgogne\/de\/aktivitaeten\/sport-adrenalin\/#breadcrumb\",\"itemListElement\":[{\"@type\":\"ListItem\",\"position\":1,\"name\":\"Startseite\",\"item\":\"https:\/\/www.sources-hotels.com\/bourgogne\/de\/\"},{\"@type\":\"ListItem\",\"position\":2,\"name\":\"Aktivit\u00e4ten\",\"item\":\"https:\/\/www.sources-hotels.com\/bourgogne\/de\/aktivitaeten\/\"},{\"@type\":\"ListItem\",\"position\":3,\"name\":\"Sport und Adrenalin\"}]},{\"@type\":\"WebSite\",\"@id\":\"https:\/\/www.sources-hotels.com\/bourgogne\/de\/#website\",\"url\":\"https:\/\/www.sources-hotels.com\/bourgogne\/de\/\",\"name\":\"Les Sources de Vougeot\",\"description\":\"\",\"publisher\":{\"@id\":\"https:\/\/www.sources-hotels.com\/bourgogne\/de\/#organization\"},\"potentialAction\":[{\"@type\":\"SearchAction\",\"target\":{\"@type\":\"EntryPoint\",\"urlTemplate\":\"https:\/\/www.sources-hotels.com\/bourgogne\/de\/?s={search_term_string}\"},\"query-input\":{\"@type\":\"PropertyValueSpecification\",\"valueRequired\":true,\"valueName\":\"search_term_string\"}}],\"inLanguage\":\"de-DE\"},{\"@type\":\"Organization\",\"@id\":\"https:\/\/www.sources-hotels.com\/bourgogne\/de\/#organization\",\"name\":\"Les Sources de Caudalie\",\"url\":\"https:\/\/www.sources-hotels.com\/bourgogne\/de\/\",\"logo\":{\"@type\":\"ImageObject\",\"inLanguage\":\"de-DE\",\"@id\":\"https:\/\/www.sources-hotels.com\/bourgogne\/de\/#\/schema\/logo\/image\/\",\"url\":\"\",\"contentUrl\":\"\",\"caption\":\"Les Sources de Caudalie\"},\"image\":{\"@id\":\"https:\/\/www.sources-hotels.com\/bourgogne\/de\/#\/schema\/logo\/image\/\"}}]}<\/script>\n<!-- \/ Yoast SEO plugin. -->","yoast_head_json":{"title":"Sport und Adrenalin Burgund - Les Sources de Vougeot","description":"Tennis, Golf & Motorsport in Burgund \u2013 sportliche Aktivit\u00e4ten w\u00e4hrend Ihres Aufenthalts zwischen Dijon und Beaune. Hotel Les Sources de Vougeot.","robots":{"index":"index","follow":"follow","max-snippet":"max-snippet:-1","max-image-preview":"max-image-preview:large","max-video-preview":"max-video-preview:-1"},"canonical":"https:\/\/www.sources-hotels.com\/bourgogne\/de\/aktivitaeten\/sport-adrenalin\/","og_locale":"de_DE","og_type":"article","og_title":"Sport und Adrenalin Burgund - Les Sources de Vougeot","og_description":"Tennis, Golf & Motorsport in Burgund \u2013 sportliche Aktivit\u00e4ten w\u00e4hrend Ihres Aufenthalts zwischen Dijon und Beaune. Hotel Les Sources de Vougeot.","og_url":"https:\/\/www.sources-hotels.com\/bourgogne\/de\/aktivitaeten\/sport-adrenalin\/","og_site_name":"Les Sources de Vougeot","article_modified_time":"2025-11-06T15:38:10+00:00","twitter_card":"summary_large_image","schema":{"@context":"https:\/\/schema.org","@graph":[{"@type":"WebPage","@id":"https:\/\/www.sources-hotels.com\/bourgogne\/de\/aktivitaeten\/sport-adrenalin\/","url":"https:\/\/www.sources-hotels.com\/bourgogne\/de\/aktivitaeten\/sport-adrenalin\/","name":"Sport und Adrenalin Burgund - Les Sources de Vougeot","isPartOf":{"@id":"https:\/\/www.sources-hotels.com\/bourgogne\/de\/#website"},"datePublished":"2025-01-02T11:14:18+00:00","dateModified":"2025-11-06T15:38:10+00:00","description":"Tennis, Golf & Motorsport in Burgund \u2013 sportliche Aktivit\u00e4ten w\u00e4hrend Ihres Aufenthalts zwischen Dijon und Beaune. Hotel Les Sources de Vougeot.","breadcrumb":{"@id":"https:\/\/www.sources-hotels.com\/bourgogne\/de\/aktivitaeten\/sport-adrenalin\/#breadcrumb"},"inLanguage":"de-DE","potentialAction":[{"@type":"ReadAction","target":["https:\/\/www.sources-hotels.com\/bourgogne\/de\/aktivitaeten\/sport-adrenalin\/"]}]},{"@type":"BreadcrumbList","@id":"https:\/\/www.sources-hotels.com\/bourgogne\/de\/aktivitaeten\/sport-adrenalin\/#breadcrumb","itemListElement":[{"@type":"ListItem","position":1,"name":"Startseite","item":"https:\/\/www.sources-hotels.com\/bourgogne\/de\/"},{"@type":"ListItem","position":2,"name":"Aktivit\u00e4ten","item":"https:\/\/www.sources-hotels.com\/bourgogne\/de\/aktivitaeten\/"},{"@type":"ListItem","position":3,"name":"Sport und Adrenalin"}]},{"@type":"WebSite","@id":"https:\/\/www.sources-hotels.com\/bourgogne\/de\/#website","url":"https:\/\/www.sources-hotels.com\/bourgogne\/de\/","name":"Les Sources de Vougeot","description":"","publisher":{"@id":"https:\/\/www.sources-hotels.com\/bourgogne\/de\/#organization"},"potentialAction":[{"@type":"SearchAction","target":{"@type":"EntryPoint","urlTemplate":"https:\/\/www.sources-hotels.com\/bourgogne\/de\/?s={search_term_string}"},"query-input":{"@type":"PropertyValueSpecification","valueRequired":true,"valueName":"search_term_string"}}],"inLanguage":"de-DE"},{"@type":"Organization","@id":"https:\/\/www.sources-hotels.com\/bourgogne\/de\/#organization","name":"Les Sources de Caudalie","url":"https:\/\/www.sources-hotels.com\/bourgogne\/de\/","logo":{"@type":"ImageObject","inLanguage":"de-DE","@id":"https:\/\/www.sources-hotels.com\/bourgogne\/de\/#\/schema\/logo\/image\/","url":"","contentUrl":"","caption":"Les Sources de Caudalie"},"image":{"@id":"https:\/\/www.sources-hotels.com\/bourgogne\/de\/#\/schema\/logo\/image\/"}}]}},"_links":{"self":[{"href":"https:\/\/www.sources-hotels.com\/bourgogne\/de\/wp-json\/wp\/v2\/pages\/4101","targetHints":{"allow":["GET"]}}],"collection":[{"href":"https:\/\/www.sources-hotels.com\/bourgogne\/de\/wp-json\/wp\/v2\/pages"}],"about":[{"href":"https:\/\/www.sources-hotels.com\/bourgogne\/de\/wp-json\/wp\/v2\/types\/page"}],"author":[{"embeddable":true,"href":"https:\/\/www.sources-hotels.com\/bourgogne\/de\/wp-json\/wp\/v2\/users\/1"}],"replies":[{"embeddable":true,"href":"https:\/\/www.sources-hotels.com\/bourgogne\/de\/wp-json\/wp\/v2\/comments?post=4101"}],"version-history":[{"count":12,"href":"https:\/\/www.sources-hotels.com\/bourgogne\/de\/wp-json\/wp\/v2\/pages\/4101\/revisions"}],"predecessor-version":[{"id":6049,"href":"https:\/\/www.sources-hotels.com\/bourgogne\/de\/wp-json\/wp\/v2\/pages\/4101\/revisions\/6049"}],"up":[{"embeddable":true,"href":"https:\/\/www.sources-hotels.com\/bourgogne\/de\/wp-json\/wp\/v2\/pages\/3953"}],"wp:attachment":[{"href":"https:\/\/www.sources-hotels.com\/bourgogne\/de\/wp-json\/wp\/v2\/media?parent=4101"}],"wp:term":[{"taxonomy":"hotels","embeddable":true,"href":"https:\/\/www.sources-hotels.com\/bourgogne\/de\/wp-json\/wp\/v2\/hotels?post=4101"},{"taxonomy":"doc_cat","embeddable":true,"href":"https:\/\/www.sources-hotels.com\/bourgogne\/de\/wp-json\/wp\/v2\/doc_cat?post=4101"}],"curies":[{"name":"wp","href":"https:\/\/api.w.org\/{rel}","templated":true}]}}