{"id":5809,"date":"2025-10-22T12:08:28","date_gmt":"2025-10-22T10:08:28","guid":{"rendered":"https:\/\/www.sources-hotels.com\/bourgogne\/?page_id=5809"},"modified":"2025-11-06T16:30:39","modified_gmt":"2025-11-06T15:30:39","slug":"wellness-entspannung","status":"publish","type":"page","link":"https:\/\/www.sources-hotels.com\/bourgogne\/de\/aktivitaeten\/wellness-entspannung\/","title":{"rendered":"Wellness und Entspannung"},"content":{"rendered":"\n<section class=\"custom-block block--header h-[206rem] text-center text-white overflow-hidden pt-[100rem] relative tablet:h-[700rem] tablet:pt-[420rem]\">\n\n    <h1>\n                            Wellness und Entspannung            <\/h1>\n\n    \n    <span class=\"scroll-down hidden text-[12rem] tracking-[2rem] uppercase font-title cursor-pointer opacity-[64%] pb-[66rem] absolute left-2\/4 bottom-0 translate-x-[-50%] after:w-[1px] after:h-[50rem] after:bg-white after:opacity-[40%] after:absolute after:bottom-0 after:left-[50%] tablet:block\">\n        Siehe die Fortsetzung    <\/span>\n\n    <figure class=\"min-w-full min-h-full aspect-video overflow-hidden absolute top-2\/4 left-2\/4 translate-x-[-50%] translate-y-[-50%] z-[-1] before:bg-black before:opacity-[35%] before:mix-blend-multiply before:absolute before:top-0 before:left-0 before:right-0 before:bottom-0 before:z-[2]\">\n                    <img loading=\"lazy\" decoding=\"async\" width=\"2880\" height=\"1800\" src=\"https:\/\/www.sources-hotels.com\/bourgogne\/wp-content\/uploads\/sites\/5\/2025\/10\/SPA_Model_Add_On_Express_Facial-2880x1800.jpg\" class=\"h-full w-full object-cover object-center\" alt=\"Spa Caudalie Bourgogne\" \/>            <\/figure>\n    \n<\/section>\n\n    \n\n\n<section class=\"custom-block block--cooking-classes bg-white\">\n\n            <h2 class=\"block-title\">Spa Caudalie<\/h2>\n    \n    <div class=\"content-wrapper picture-right\">\n\n        <div class=\"text\">\n\n                            <h4 class=\"subtitle\">Zwischen Stein, Licht und Gelassenheit<\/h4>\n            \n                            <div class=\"content rte\">\n                    <p>Im Herzen des Anwesens entfaltet sich ein Ort voller Sinnlichkeit und Harmonie. Unter den zisterziensischen Gew\u00f6lben offenbart das Spa Caudalie eine mineralische, intime Welt, in der Stein, Licht und Wasser in sanfter Symphonie miteinander verschmelzen.<\/p>\n<p>Die Becken folgen den Kurven der alten Mauern, als h\u00e4tte die Zeit selbst innegehalten, um ihre Sch\u00f6nheit zu betrachten. W\u00e4rme umh\u00fcllt den K\u00f6rper, ged\u00e4mpfte Kl\u00e4nge beruhigen die Sinne, und jede Geste der Pflege wird zu einer Hommage an die Langsamkeit, die Materie und den Atem.<\/p>\n<p>Hier wurzelt das Wohlbefinden in der Geschichte \u2013 in einem beseelten, lebendigen Ort, der zeitgen\u00f6ssische Raffinesse mit der jahrhundertealten Ruhe des Steins vereint. Eine seltene, fast spirituelle Erfahrung, bei der sich der K\u00f6rper hingibt und der Geist neue Kraft sch\u00f6pft.<\/p>\n                <\/div>\n            \n            \n            \n            \n            \n        <\/div>\n        <div class=\"relative\">\n            <figure class=\"image\">\n                <img loading=\"lazy\" decoding=\"async\" width=\"1260\" height=\"1000\" src=\"https:\/\/www.sources-hotels.com\/bourgogne\/wp-content\/uploads\/sites\/5\/2025\/10\/Salle-de-detente_MCellard-2011-2-1260x1000.jpg\" class=\"h-full w-full object-cover object-center\" alt=\"\" \/>            <\/figure>\n                    <\/div>\n    <\/div>\n\n<\/section>\n\n\n<section class=\"custom-block block--cooking-classes bg-primary\">\n\n            <h2 class=\"block-title\">Yoga<\/h2>\n    \n    <div class=\"content-wrapper picture-left\">\n\n        <div class=\"text\">\n\n                            <h4 class=\"subtitle\">Kurse und Yoga-Retreats<\/h4>\n            \n                            <div class=\"content rte\">\n                    <p>Ob mit dem Fahrrad, beim Joggen oder bei einem Spaziergang \u2013 direkt vom Hotel aus k\u00f6nnen Sie durch die Weinberge schlendern und die Landschaft bei einem entspannten Ausflug entdecken.<\/p>\n<p><strong>Fitnessraum<\/strong>: Unser Fitnessraum mit Cardio-Ger\u00e4ten steht Ihnen t\u00e4glich von 8:00 bis 20:00 Uhr f\u00fcr Ihr individuelles Training zur Verf\u00fcgung.<\/p>\n<p><strong>Tennis<\/strong>: Ein Tennisplatz im Freien erwartet Sie, idyllisch gelegen in einem kleinen Waldst\u00fcck des Anwesens, nur wenige hundert Meter vom Hotel entfernt.<br \/>\nReservierungen sind t\u00e4glich von 8:00 bis 20:00 Uhr \u00fcber die Rezeption m\u00f6glich. Schl\u00e4ger und B\u00e4lle stellen wir Ihnen gerne zur Verf\u00fcgung.<\/p>\n                <\/div>\n            \n            \n            \n            \n            \n        <\/div>\n        <div class=\"relative\">\n            <figure class=\"image\">\n                <img loading=\"lazy\" decoding=\"async\" width=\"1260\" height=\"1000\" src=\"https:\/\/www.sources-hotels.com\/bourgogne\/wp-content\/uploads\/sites\/5\/2025\/10\/@visucy-retraite-yoga3-1260x1000.jpg\" class=\"h-full w-full object-cover object-center\" alt=\"\" \/>            <\/figure>\n                    <\/div>\n    <\/div>\n\n<\/section>","protected":false},"excerpt":{"rendered":"","protected":false},"author":3,"featured_media":0,"parent":3953,"menu_order":0,"comment_status":"closed","ping_status":"closed","template":"","meta":{"_acf_changed":false,"footnotes":""},"hotels":[],"doc_cat":[],"class_list":["post-5809","page","type-page","status-publish","hentry"],"acf":[],"yoast_head":"<!-- This site is optimized with the Yoast SEO plugin v25.6 - https:\/\/yoast.com\/wordpress\/plugins\/seo\/ -->\n<title>Wellness Hotel &amp; Spa im Burgund - Les Sources de Vougeot<\/title>\n<meta name=\"description\" content=\"Buchen Sie einen erholsamen Aufenthalt in Burgund in den Sources de Vougeot: neues Spa Caudalie. Komplette Renovierung des Hotels im Jahr 2026.\" \/>\n<meta name=\"robots\" content=\"index, follow, max-snippet:-1, max-image-preview:large, max-video-preview:-1\" \/>\n<link rel=\"canonical\" href=\"https:\/\/www.sources-hotels.com\/bourgogne\/de\/aktivitaeten\/wellness-entspannung\/\" \/>\n<meta property=\"og:locale\" content=\"de_DE\" \/>\n<meta property=\"og:type\" content=\"article\" \/>\n<meta property=\"og:title\" content=\"Wellness Hotel &amp; Spa im Burgund - Les Sources de Vougeot\" \/>\n<meta property=\"og:description\" content=\"Buchen Sie einen erholsamen Aufenthalt in Burgund in den Sources de Vougeot: neues Spa Caudalie. Komplette Renovierung des Hotels im Jahr 2026.\" \/>\n<meta property=\"og:url\" content=\"https:\/\/www.sources-hotels.com\/bourgogne\/de\/aktivitaeten\/wellness-entspannung\/\" \/>\n<meta property=\"og:site_name\" content=\"Les Sources de Vougeot\" \/>\n<meta property=\"article:modified_time\" content=\"2025-11-06T15:30:39+00:00\" \/>\n<meta name=\"twitter:card\" content=\"summary_large_image\" \/>\n<script type=\"application\/ld+json\" class=\"yoast-schema-graph\">{\"@context\":\"https:\/\/schema.org\",\"@graph\":[{\"@type\":\"WebPage\",\"@id\":\"https:\/\/www.sources-hotels.com\/bourgogne\/de\/aktivitaeten\/wellness-entspannung\/\",\"url\":\"https:\/\/www.sources-hotels.com\/bourgogne\/de\/aktivitaeten\/wellness-entspannung\/\",\"name\":\"Wellness Hotel & Spa im Burgund - Les Sources de Vougeot\",\"isPartOf\":{\"@id\":\"https:\/\/www.sources-hotels.com\/bourgogne\/de\/#website\"},\"datePublished\":\"2025-10-22T10:08:28+00:00\",\"dateModified\":\"2025-11-06T15:30:39+00:00\",\"description\":\"Buchen Sie einen erholsamen Aufenthalt in Burgund in den Sources de Vougeot: neues Spa Caudalie. Komplette Renovierung des Hotels im Jahr 2026.\",\"breadcrumb\":{\"@id\":\"https:\/\/www.sources-hotels.com\/bourgogne\/de\/aktivitaeten\/wellness-entspannung\/#breadcrumb\"},\"inLanguage\":\"de-DE\",\"potentialAction\":[{\"@type\":\"ReadAction\",\"target\":[\"https:\/\/www.sources-hotels.com\/bourgogne\/de\/aktivitaeten\/wellness-entspannung\/\"]}]},{\"@type\":\"BreadcrumbList\",\"@id\":\"https:\/\/www.sources-hotels.com\/bourgogne\/de\/aktivitaeten\/wellness-entspannung\/#breadcrumb\",\"itemListElement\":[{\"@type\":\"ListItem\",\"position\":1,\"name\":\"Startseite\",\"item\":\"https:\/\/www.sources-hotels.com\/bourgogne\/de\/\"},{\"@type\":\"ListItem\",\"position\":2,\"name\":\"Aktivit\u00e4ten\",\"item\":\"https:\/\/www.sources-hotels.com\/bourgogne\/de\/aktivitaeten\/\"},{\"@type\":\"ListItem\",\"position\":3,\"name\":\"Wellness und Entspannung\"}]},{\"@type\":\"WebSite\",\"@id\":\"https:\/\/www.sources-hotels.com\/bourgogne\/de\/#website\",\"url\":\"https:\/\/www.sources-hotels.com\/bourgogne\/de\/\",\"name\":\"Les Sources de Vougeot\",\"description\":\"\",\"publisher\":{\"@id\":\"https:\/\/www.sources-hotels.com\/bourgogne\/de\/#organization\"},\"potentialAction\":[{\"@type\":\"SearchAction\",\"target\":{\"@type\":\"EntryPoint\",\"urlTemplate\":\"https:\/\/www.sources-hotels.com\/bourgogne\/de\/?s={search_term_string}\"},\"query-input\":{\"@type\":\"PropertyValueSpecification\",\"valueRequired\":true,\"valueName\":\"search_term_string\"}}],\"inLanguage\":\"de-DE\"},{\"@type\":\"Organization\",\"@id\":\"https:\/\/www.sources-hotels.com\/bourgogne\/de\/#organization\",\"name\":\"Les Sources de Caudalie\",\"url\":\"https:\/\/www.sources-hotels.com\/bourgogne\/de\/\",\"logo\":{\"@type\":\"ImageObject\",\"inLanguage\":\"de-DE\",\"@id\":\"https:\/\/www.sources-hotels.com\/bourgogne\/de\/#\/schema\/logo\/image\/\",\"url\":\"\",\"contentUrl\":\"\",\"caption\":\"Les Sources de Caudalie\"},\"image\":{\"@id\":\"https:\/\/www.sources-hotels.com\/bourgogne\/de\/#\/schema\/logo\/image\/\"}}]}<\/script>\n<!-- \/ Yoast SEO plugin. -->","yoast_head_json":{"title":"Wellness Hotel & Spa im Burgund - Les Sources de Vougeot","description":"Buchen Sie einen erholsamen Aufenthalt in Burgund in den Sources de Vougeot: neues Spa Caudalie. Komplette Renovierung des Hotels im Jahr 2026.","robots":{"index":"index","follow":"follow","max-snippet":"max-snippet:-1","max-image-preview":"max-image-preview:large","max-video-preview":"max-video-preview:-1"},"canonical":"https:\/\/www.sources-hotels.com\/bourgogne\/de\/aktivitaeten\/wellness-entspannung\/","og_locale":"de_DE","og_type":"article","og_title":"Wellness Hotel & Spa im Burgund - Les Sources de Vougeot","og_description":"Buchen Sie einen erholsamen Aufenthalt in Burgund in den Sources de Vougeot: neues Spa Caudalie. Komplette Renovierung des Hotels im Jahr 2026.","og_url":"https:\/\/www.sources-hotels.com\/bourgogne\/de\/aktivitaeten\/wellness-entspannung\/","og_site_name":"Les Sources de Vougeot","article_modified_time":"2025-11-06T15:30:39+00:00","twitter_card":"summary_large_image","schema":{"@context":"https:\/\/schema.org","@graph":[{"@type":"WebPage","@id":"https:\/\/www.sources-hotels.com\/bourgogne\/de\/aktivitaeten\/wellness-entspannung\/","url":"https:\/\/www.sources-hotels.com\/bourgogne\/de\/aktivitaeten\/wellness-entspannung\/","name":"Wellness Hotel & Spa im Burgund - Les Sources de Vougeot","isPartOf":{"@id":"https:\/\/www.sources-hotels.com\/bourgogne\/de\/#website"},"datePublished":"2025-10-22T10:08:28+00:00","dateModified":"2025-11-06T15:30:39+00:00","description":"Buchen Sie einen erholsamen Aufenthalt in Burgund in den Sources de Vougeot: neues Spa Caudalie. Komplette Renovierung des Hotels im Jahr 2026.","breadcrumb":{"@id":"https:\/\/www.sources-hotels.com\/bourgogne\/de\/aktivitaeten\/wellness-entspannung\/#breadcrumb"},"inLanguage":"de-DE","potentialAction":[{"@type":"ReadAction","target":["https:\/\/www.sources-hotels.com\/bourgogne\/de\/aktivitaeten\/wellness-entspannung\/"]}]},{"@type":"BreadcrumbList","@id":"https:\/\/www.sources-hotels.com\/bourgogne\/de\/aktivitaeten\/wellness-entspannung\/#breadcrumb","itemListElement":[{"@type":"ListItem","position":1,"name":"Startseite","item":"https:\/\/www.sources-hotels.com\/bourgogne\/de\/"},{"@type":"ListItem","position":2,"name":"Aktivit\u00e4ten","item":"https:\/\/www.sources-hotels.com\/bourgogne\/de\/aktivitaeten\/"},{"@type":"ListItem","position":3,"name":"Wellness und Entspannung"}]},{"@type":"WebSite","@id":"https:\/\/www.sources-hotels.com\/bourgogne\/de\/#website","url":"https:\/\/www.sources-hotels.com\/bourgogne\/de\/","name":"Les Sources de Vougeot","description":"","publisher":{"@id":"https:\/\/www.sources-hotels.com\/bourgogne\/de\/#organization"},"potentialAction":[{"@type":"SearchAction","target":{"@type":"EntryPoint","urlTemplate":"https:\/\/www.sources-hotels.com\/bourgogne\/de\/?s={search_term_string}"},"query-input":{"@type":"PropertyValueSpecification","valueRequired":true,"valueName":"search_term_string"}}],"inLanguage":"de-DE"},{"@type":"Organization","@id":"https:\/\/www.sources-hotels.com\/bourgogne\/de\/#organization","name":"Les Sources de Caudalie","url":"https:\/\/www.sources-hotels.com\/bourgogne\/de\/","logo":{"@type":"ImageObject","inLanguage":"de-DE","@id":"https:\/\/www.sources-hotels.com\/bourgogne\/de\/#\/schema\/logo\/image\/","url":"","contentUrl":"","caption":"Les Sources de Caudalie"},"image":{"@id":"https:\/\/www.sources-hotels.com\/bourgogne\/de\/#\/schema\/logo\/image\/"}}]}},"_links":{"self":[{"href":"https:\/\/www.sources-hotels.com\/bourgogne\/de\/wp-json\/wp\/v2\/pages\/5809","targetHints":{"allow":["GET"]}}],"collection":[{"href":"https:\/\/www.sources-hotels.com\/bourgogne\/de\/wp-json\/wp\/v2\/pages"}],"about":[{"href":"https:\/\/www.sources-hotels.com\/bourgogne\/de\/wp-json\/wp\/v2\/types\/page"}],"author":[{"embeddable":true,"href":"https:\/\/www.sources-hotels.com\/bourgogne\/de\/wp-json\/wp\/v2\/users\/3"}],"replies":[{"embeddable":true,"href":"https:\/\/www.sources-hotels.com\/bourgogne\/de\/wp-json\/wp\/v2\/comments?post=5809"}],"version-history":[{"count":3,"href":"https:\/\/www.sources-hotels.com\/bourgogne\/de\/wp-json\/wp\/v2\/pages\/5809\/revisions"}],"predecessor-version":[{"id":6037,"href":"https:\/\/www.sources-hotels.com\/bourgogne\/de\/wp-json\/wp\/v2\/pages\/5809\/revisions\/6037"}],"up":[{"embeddable":true,"href":"https:\/\/www.sources-hotels.com\/bourgogne\/de\/wp-json\/wp\/v2\/pages\/3953"}],"wp:attachment":[{"href":"https:\/\/www.sources-hotels.com\/bourgogne\/de\/wp-json\/wp\/v2\/media?parent=5809"}],"wp:term":[{"taxonomy":"hotels","embeddable":true,"href":"https:\/\/www.sources-hotels.com\/bourgogne\/de\/wp-json\/wp\/v2\/hotels?post=5809"},{"taxonomy":"doc_cat","embeddable":true,"href":"https:\/\/www.sources-hotels.com\/bourgogne\/de\/wp-json\/wp\/v2\/doc_cat?post=5809"}],"curies":[{"name":"wp","href":"https:\/\/api.w.org\/{rel}","templated":true}]}}