{"id":6541,"date":"2026-02-16T14:55:10","date_gmt":"2026-02-16T13:55:10","guid":{"rendered":"https:\/\/www.sources-hotels.com\/bourgogne\/?page_id=6541"},"modified":"2026-03-27T17:55:29","modified_gmt":"2026-03-27T16:55:29","slug":"restaurant-lauberge-des-citeaux","status":"publish","type":"page","link":"https:\/\/www.sources-hotels.com\/bourgogne\/de\/restaurant-lauberge-des-citeaux\/","title":{"rendered":"Restaurant L&#8217;Auberge des C\u00eeteaux"},"content":{"rendered":"\n<section class=\"custom-block block--header h-[206rem] text-center text-white overflow-hidden pt-[100rem] relative tablet:h-[700rem] tablet:pt-[420rem]\">\n\n    <h1>\n                            L&#8217;AUBERGE DES C\u00ceTEAUX            <\/h1>\n\n    \n    <span class=\"scroll-down hidden text-[12rem] tracking-[2rem] uppercase font-title cursor-pointer opacity-[64%] pb-[66rem] absolute left-2\/4 bottom-0 translate-x-[-50%] after:w-[1px] after:h-[50rem] after:bg-white after:opacity-[40%] after:absolute after:bottom-0 after:left-[50%] tablet:block\">\n        Siehe die Fortsetzung    <\/span>\n\n    <figure class=\"min-w-full min-h-full aspect-video overflow-hidden absolute top-2\/4 left-2\/4 translate-x-[-50%] translate-y-[-50%] z-[-1] before:bg-black before:opacity-[35%] before:mix-blend-multiply before:absolute before:top-0 before:left-0 before:right-0 before:bottom-0 before:z-[2]\">\n                    <img loading=\"lazy\" decoding=\"async\" width=\"2880\" height=\"1800\" src=\"https:\/\/www.sources-hotels.com\/bourgogne\/wp-content\/uploads\/sites\/5\/2026\/03\/SDV_LAubergedesCiteaux_\u00a9AgencePancake-4-2880x1800.jpg\" class=\"h-full w-full object-cover object-center\" alt=\"L&#039;Auberge des C\u00eeteaux Vougeot\" \/>            <\/figure>\n    \n<\/section>\n\n    \n\n\n<section class=\"custom-block block--restaurant-details\">\n  <div class=\"row-details row-1\">\n          <div class=\"hour icon-text\">\n        <svg width=\"20\" height=\"20\" viewBox=\"0 0 20 20\" fill=\"none\"><use xlink:href=\"#clock\"\/><\/svg><div class=\"flex flex-col text-sm pb-25\">\n<article class=\"text-token-text-primary w-full focus:outline-none [--shadow-height:45px] has-data-writing-block:pointer-events-none has-data-writing-block:-mt-(--shadow-height) has-data-writing-block:pt-(--shadow-height) [&amp;:has([data-writing-block])&gt;*]:pointer-events-auto scroll-mt-[calc(var(--header-height)+min(200px,max(70px,20svh)))]\" dir=\"auto\" data-turn-id=\"344c09d4-92bb-4f14-889c-072b5fbc8a0f\" data-testid=\"conversation-turn-2\" data-scroll-anchor=\"true\" data-turn=\"assistant\">\n<div class=\"text-base my-auto mx-auto pb-10 [--thread-content-margin:--spacing(4)] @w-sm\/main:[--thread-content-margin:--spacing(6)] @w-lg\/main:[--thread-content-margin:--spacing(16)] px-(--thread-content-margin)\">\n<div class=\"[--thread-content-max-width:40rem] @w-lg\/main:[--thread-content-max-width:48rem] mx-auto max-w-(--thread-content-max-width) flex-1 group\/turn-messages focus-visible:outline-hidden relative flex w-full min-w-0 flex-col agent-turn\">\n<div class=\"flex max-w-full flex-col grow\">\n<div class=\"min-h-8 text-message relative flex w-full flex-col items-end gap-2 text-start break-words whitespace-normal [.text-message+&amp;]:mt-1\" dir=\"auto\" data-message-author-role=\"assistant\" data-message-id=\"dd5a2b2b-cdeb-43ce-b6d3-66c0c090f0d0\" data-message-model-slug=\"gpt-5-2\">\n<div class=\"flex w-full flex-col gap-1 empty:hidden first:pt-[1px]\">\n<div class=\"markdown prose dark:prose-invert w-full wrap-break-word light markdown-new-styling\">\n<p data-start=\"0\" data-end=\"68\" data-is-last-node=\"\" data-is-only-node=\"\">Ge\u00f6ffnet t\u00e4glich von 12:00 bis 13:30 Uhr und von 19:00 bis 21:30 Uhr<\/p>\n<\/div>\n<\/div>\n<\/div>\n<\/div>\n<\/div>\n<\/div>\n<\/article>\n<\/div>\n      <\/div>\n              <div class=\"mail icon-text\">Informations : <a href=\"mailto:reservations@sources-vougeot.com\">reservations@sources-vougeot.com<\/a><\/div>\n    \n          <div class=\"phone icon-text\">T\u00e9l : <a href=\"tel:+33 (0)3 80 23 22 22\">+33 (0)3 80 23 22 22<\/a><\/div>\n      <\/div>\n      <div class=\"row-details row-2\">\n              <div class=\"link-details\">\n            <a href=\"https:\/\/www.sources-hotels.com\/bourgogne\/wp-content\/uploads\/sites\/5\/2026\/02\/Menu-EN-LAuberge-des-Citeaux.pdf\"  target=\"_blank\" class=\"cta-resto-details\" >\n          <span class=\"picto\"><svg width=\"14\" height=\"13\" viewBox=\"0 0 14 13\" fill=\"none\"><use xlink:href=\"#download\"\/><\/svg><\/span>\n        Men\u00fc L&#8217;Auberge des C\u00eeteaux  <\/a>\n        <\/div>\n              <div class=\"link-details\">\n            <a href=\"https:\/\/www.sources-hotels.com\/bourgogne\/wp-content\/uploads\/sites\/5\/2026\/02\/Carte-des-vins-EN-LAuberge-des-Citeaux.pdf\"  target=\"_blank\" class=\"cta-resto-details\" >\n          <span class=\"picto\"><svg width=\"14\" height=\"13\" viewBox=\"0 0 14 13\" fill=\"none\"><use xlink:href=\"#download\"\/><\/svg><\/span>\n        Weinkarte  <\/a>\n        <\/div>\n              <div class=\"link-details\">\n            <a href=\"https:\/\/www.sources-hotels.com\/bourgogne\/wp-content\/uploads\/sites\/5\/2026\/02\/Menu-Enfant-EN-LAuberge-des-Citeaux.pdf\"  target=\"_blank\" class=\"cta-resto-details\" >\n          <span class=\"picto\"><svg width=\"14\" height=\"13\" viewBox=\"0 0 14 13\" fill=\"none\"><use xlink:href=\"#download\"\/><\/svg><\/span>\n        Kindermen\u00fc  <\/a>\n        <\/div>\n          <\/div>\n  <\/section>\n\n\n<section class=\"custom-block block--cooking-classes bg-primary\">\n\n            <h2 class=\"block-title\">L\u2019Auberge des C\u00eeteaux<\/h2>\n    \n    <div class=\"content-wrapper picture-left\">\n\n        <div class=\"text\">\n\n            \n                            <div class=\"content rte\">\n                    <div class=\"flex max-w-full flex-col grow\">\n<div class=\"min-h-8 text-message relative flex w-full flex-col items-end gap-2 text-start break-words whitespace-normal [.text-message+&amp;]:mt-1\" dir=\"auto\" data-message-author-role=\"assistant\" data-message-id=\"cc5814e2-d4fe-4894-bf5b-3663cf0a2ace\" data-message-model-slug=\"gpt-5-2\">\n<div class=\"flex w-full flex-col gap-1 empty:hidden first:pt-[1px]\">\n<div class=\"markdown prose dark:prose-invert w-full wrap-break-word light markdown-new-styling\">\n<p data-start=\"0\" data-end=\"122\">Treten Sie durch die T\u00fcr der L&#8217;Auberge des C\u00eeteaux und lassen Sie sich zur Mittags- oder Abendzeit zu Ihrem Tisch begleiten.<\/p>\n<p data-start=\"124\" data-end=\"468\">In der K\u00fcche steht Chef Julien Martin, dessen K\u00f6nnen bei Les Sources de Caudalie und Les Sources de Cheverny weiter verfeinert wurde. Der geb\u00fcrtige Burgunder erweist seinem Terroir eine aufrichtige Hommage mit einer authentischen und grossz\u00fcgigen K\u00fcche, die den Geist der Region einf\u00e4ngt und zugleich mit einer mutigen modernen Note bereichert.<\/p>\n<p data-start=\"470\" data-end=\"642\" data-is-last-node=\"\" data-is-only-node=\"\">Entdecken Sie die grossen regionalen Spezialit\u00e4ten neu, interpretiert in unvergesslichen Kreationen und fein begleitet von einer anspruchsvollen Auswahl an Burgunderweinen.<\/p>\n<\/div>\n<\/div>\n<\/div>\n<\/div>\n                <\/div>\n            \n            \n            \n            \n                            <div class=\"cta-wrapper\">\n                      <a href=\"https:\/\/ib.guestonline.fr\/instabook\/bookings\/blJl4aP\/selection\"  class=\"button\" >\n        Tisch reservieren  <\/a>\n                <\/div>\n            \n        <\/div>\n        <div class=\"relative\">\n            <figure class=\"image\">\n                <img loading=\"lazy\" decoding=\"async\" width=\"1260\" height=\"1000\" src=\"https:\/\/www.sources-hotels.com\/bourgogne\/wp-content\/uploads\/sites\/5\/2026\/03\/SDV_LAubergedesCiteaux_MoelleuxdePoisson_\u00a9AgencePancake-3-1260x1000.jpg\" class=\"h-full w-full object-cover object-center\" alt=\"Plat L&#039;Auberge des C\u00eeteaux Vougeot\" \/>            <\/figure>\n                    <\/div>\n    <\/div>\n\n<\/section>\n\n\n<section class=\"custom-block block--cooking-classes bg-white\">\n\n            <h2 class=\"block-title\">Eine gesellige Atmosph\u00e4re<\/h2>\n    \n    <div class=\"content-wrapper picture-right\">\n\n        <div class=\"text\">\n\n            \n                            <div class=\"content rte\">\n                    <p data-start=\"0\" data-end=\"188\">Dank gro\u00dfer Fensterfronten von nat\u00fcrlichem Licht durchflutet, offenbart der Raum eine schlichte und zugleich warme Architektur, gepr\u00e4gt von einem wundersch\u00f6nen wei\u00df gestrichenen Dachstuhl.<\/p>\n<p data-start=\"190\" data-end=\"431\">Inspiriert vom Geist eines zeitgen\u00f6ssischen Bistros verbindet die Gestaltung Tische ohne Tischdecken, Sitzb\u00e4nke und einzelne St\u00fchle, w\u00e4hrend das gebl\u00fcmte Porzellangeschirr auf feine Weise die Seele der burgundischen Landschaft widerspiegelt.<\/p>\n<p data-start=\"433\" data-end=\"657\">Mit der R\u00fcckkehr der sch\u00f6nen Tage setzt sich das Erlebnis im Freien fort. Die Terrasse bietet einen freien Blick auf das Schloss und l\u00e4dt dazu ein, eine Mahlzeit in idyllischer Umgebung nahe dem h\u00fcbschen Brunnen zu genie\u00dfen.<\/p>\n<p data-start=\"659\" data-end=\"811\" data-is-last-node=\"\" data-is-only-node=\"\">So entsteht ein Ort, der zu gemeinsamen Momenten einl\u00e4dt, in einer gro\u00dfz\u00fcgigen und herzlichen Atmosph\u00e4re, ganz im Sinne des burgundischen Lebensgef\u00fchls.<\/p>\n                <\/div>\n            \n            \n            \n            \n            \n        <\/div>\n        <div class=\"relative\">\n            <figure class=\"image\">\n                <img loading=\"lazy\" decoding=\"async\" width=\"1260\" height=\"1000\" src=\"https:\/\/www.sources-hotels.com\/bourgogne\/wp-content\/uploads\/sites\/5\/2026\/03\/SDV_LAubergedesCiteaux_\u00a9AgencePancake-10-1260x1000.jpg\" class=\"h-full w-full object-cover object-center\" alt=\"L&#039;Auberge des C\u00eeteaux Vougeot\" \/>            <\/figure>\n                    <\/div>\n    <\/div>\n\n<\/section>\n\n<section class=\"custom-block block--three-visuals-cta mx-auto text-center\">\n\n                    <div class=\"images\">\n                            <div class=\"relative\">\n                    <figure>\n                        <img loading=\"lazy\" decoding=\"async\" width=\"840\" height=\"600\" src=\"https:\/\/www.sources-hotels.com\/bourgogne\/wp-content\/uploads\/sites\/5\/2026\/03\/SDV_LAubergedesCiteaux_Jambonpersille_\u00a9AgencePancake-2-840x600.jpg\" class=\"w-full h-full object-cover object-center\" alt=\"L&#039;Auberge des C\u00eeteaux Vougeot\" \/>                    <\/figure>\n                                    <\/div>\n                            <div class=\"relative\">\n                    <figure>\n                        <img loading=\"lazy\" decoding=\"async\" width=\"840\" height=\"560\" src=\"https:\/\/www.sources-hotels.com\/bourgogne\/wp-content\/uploads\/sites\/5\/2026\/03\/SDV_LAubergedesCiteaux_Volaille_\u00a9AgencePancake-1-e1774629357435.jpg\" class=\"w-full h-full object-cover object-center\" alt=\"Plat L&#039;Auberge des C\u00eeteaux\" \/>                    <\/figure>\n                                    <\/div>\n                            <div class=\"relative\">\n                    <figure>\n                        <img loading=\"lazy\" decoding=\"async\" width=\"840\" height=\"600\" src=\"https:\/\/www.sources-hotels.com\/bourgogne\/wp-content\/uploads\/sites\/5\/2026\/03\/SDV_LAubergedesCiteaux_Pommesde12h_\u00a9AgencePancake-3-840x600.jpg\" class=\"w-full h-full object-cover object-center\" alt=\"Plat L&#039;Auberge des C\u00eeteaux\" \/>                    <\/figure>\n                                    <\/div>\n                    <\/div>\n    \n\n    \n\n\n\n<\/section>","protected":false},"excerpt":{"rendered":"","protected":false},"author":3,"featured_media":0,"parent":0,"menu_order":0,"comment_status":"closed","ping_status":"closed","template":"","meta":{"_acf_changed":false,"footnotes":""},"hotels":[],"doc_cat":[],"class_list":["post-6541","page","type-page","status-publish","hentry"],"acf":[],"yoast_head":"<!-- This site is optimized with the Yoast SEO plugin v25.6 - https:\/\/yoast.com\/wordpress\/plugins\/seo\/ -->\n<title>Restaurant L&#039;Auberge des C\u00eeteaux - Les Sources de Vougeot<\/title>\n<meta name=\"description\" content=\"Bistronomisches Restaurant nur wenige Schritte vom Ch\u00e2teau du Clos de Vougeot entfernt. Zwischen Dijon und Beaune, an der Weinstra\u00dfe\" \/>\n<meta name=\"robots\" content=\"index, follow, max-snippet:-1, max-image-preview:large, max-video-preview:-1\" \/>\n<link rel=\"canonical\" href=\"https:\/\/www.sources-hotels.com\/bourgogne\/de\/restaurant-lauberge-des-citeaux\/\" \/>\n<meta property=\"og:locale\" content=\"de_DE\" \/>\n<meta property=\"og:type\" content=\"article\" \/>\n<meta property=\"og:title\" content=\"Restaurant L&#039;Auberge des C\u00eeteaux - Les Sources de Vougeot\" \/>\n<meta property=\"og:description\" content=\"Bistronomisches Restaurant nur wenige Schritte vom Ch\u00e2teau du Clos de Vougeot entfernt. Zwischen Dijon und Beaune, an der Weinstra\u00dfe\" \/>\n<meta property=\"og:url\" content=\"https:\/\/www.sources-hotels.com\/bourgogne\/de\/restaurant-lauberge-des-citeaux\/\" \/>\n<meta property=\"og:site_name\" content=\"Les Sources de Vougeot\" \/>\n<meta property=\"article:modified_time\" content=\"2026-03-27T16:55:29+00:00\" \/>\n<meta name=\"twitter:card\" content=\"summary_large_image\" \/>\n<script type=\"application\/ld+json\" class=\"yoast-schema-graph\">{\"@context\":\"https:\/\/schema.org\",\"@graph\":[{\"@type\":\"WebPage\",\"@id\":\"https:\/\/www.sources-hotels.com\/bourgogne\/de\/restaurant-lauberge-des-citeaux\/\",\"url\":\"https:\/\/www.sources-hotels.com\/bourgogne\/de\/restaurant-lauberge-des-citeaux\/\",\"name\":\"Restaurant L'Auberge des C\u00eeteaux - Les Sources de Vougeot\",\"isPartOf\":{\"@id\":\"https:\/\/www.sources-hotels.com\/bourgogne\/de\/#website\"},\"datePublished\":\"2026-02-16T13:55:10+00:00\",\"dateModified\":\"2026-03-27T16:55:29+00:00\",\"description\":\"Bistronomisches Restaurant nur wenige Schritte vom Ch\u00e2teau du Clos de Vougeot entfernt. Zwischen Dijon und Beaune, an der Weinstra\u00dfe\",\"breadcrumb\":{\"@id\":\"https:\/\/www.sources-hotels.com\/bourgogne\/de\/restaurant-lauberge-des-citeaux\/#breadcrumb\"},\"inLanguage\":\"de-DE\",\"potentialAction\":[{\"@type\":\"ReadAction\",\"target\":[\"https:\/\/www.sources-hotels.com\/bourgogne\/de\/restaurant-lauberge-des-citeaux\/\"]}]},{\"@type\":\"BreadcrumbList\",\"@id\":\"https:\/\/www.sources-hotels.com\/bourgogne\/de\/restaurant-lauberge-des-citeaux\/#breadcrumb\",\"itemListElement\":[{\"@type\":\"ListItem\",\"position\":1,\"name\":\"Startseite\",\"item\":\"https:\/\/www.sources-hotels.com\/bourgogne\/de\/\"},{\"@type\":\"ListItem\",\"position\":2,\"name\":\"Restaurant L&rsquo;Auberge des C\u00eeteaux\"}]},{\"@type\":\"WebSite\",\"@id\":\"https:\/\/www.sources-hotels.com\/bourgogne\/de\/#website\",\"url\":\"https:\/\/www.sources-hotels.com\/bourgogne\/de\/\",\"name\":\"Les Sources de Vougeot\",\"description\":\"\",\"publisher\":{\"@id\":\"https:\/\/www.sources-hotels.com\/bourgogne\/de\/#organization\"},\"potentialAction\":[{\"@type\":\"SearchAction\",\"target\":{\"@type\":\"EntryPoint\",\"urlTemplate\":\"https:\/\/www.sources-hotels.com\/bourgogne\/de\/?s={search_term_string}\"},\"query-input\":{\"@type\":\"PropertyValueSpecification\",\"valueRequired\":true,\"valueName\":\"search_term_string\"}}],\"inLanguage\":\"de-DE\"},{\"@type\":\"Organization\",\"@id\":\"https:\/\/www.sources-hotels.com\/bourgogne\/de\/#organization\",\"name\":\"Les Sources de Caudalie\",\"url\":\"https:\/\/www.sources-hotels.com\/bourgogne\/de\/\",\"logo\":{\"@type\":\"ImageObject\",\"inLanguage\":\"de-DE\",\"@id\":\"https:\/\/www.sources-hotels.com\/bourgogne\/de\/#\/schema\/logo\/image\/\",\"url\":\"\",\"contentUrl\":\"\",\"caption\":\"Les Sources de Caudalie\"},\"image\":{\"@id\":\"https:\/\/www.sources-hotels.com\/bourgogne\/de\/#\/schema\/logo\/image\/\"}}]}<\/script>\n<!-- \/ Yoast SEO plugin. -->","yoast_head_json":{"title":"Restaurant L'Auberge des C\u00eeteaux - Les Sources de Vougeot","description":"Bistronomisches Restaurant nur wenige Schritte vom Ch\u00e2teau du Clos de Vougeot entfernt. Zwischen Dijon und Beaune, an der Weinstra\u00dfe","robots":{"index":"index","follow":"follow","max-snippet":"max-snippet:-1","max-image-preview":"max-image-preview:large","max-video-preview":"max-video-preview:-1"},"canonical":"https:\/\/www.sources-hotels.com\/bourgogne\/de\/restaurant-lauberge-des-citeaux\/","og_locale":"de_DE","og_type":"article","og_title":"Restaurant L'Auberge des C\u00eeteaux - Les Sources de Vougeot","og_description":"Bistronomisches Restaurant nur wenige Schritte vom Ch\u00e2teau du Clos de Vougeot entfernt. Zwischen Dijon und Beaune, an der Weinstra\u00dfe","og_url":"https:\/\/www.sources-hotels.com\/bourgogne\/de\/restaurant-lauberge-des-citeaux\/","og_site_name":"Les Sources de Vougeot","article_modified_time":"2026-03-27T16:55:29+00:00","twitter_card":"summary_large_image","schema":{"@context":"https:\/\/schema.org","@graph":[{"@type":"WebPage","@id":"https:\/\/www.sources-hotels.com\/bourgogne\/de\/restaurant-lauberge-des-citeaux\/","url":"https:\/\/www.sources-hotels.com\/bourgogne\/de\/restaurant-lauberge-des-citeaux\/","name":"Restaurant L'Auberge des C\u00eeteaux - Les Sources de Vougeot","isPartOf":{"@id":"https:\/\/www.sources-hotels.com\/bourgogne\/de\/#website"},"datePublished":"2026-02-16T13:55:10+00:00","dateModified":"2026-03-27T16:55:29+00:00","description":"Bistronomisches Restaurant nur wenige Schritte vom Ch\u00e2teau du Clos de Vougeot entfernt. Zwischen Dijon und Beaune, an der Weinstra\u00dfe","breadcrumb":{"@id":"https:\/\/www.sources-hotels.com\/bourgogne\/de\/restaurant-lauberge-des-citeaux\/#breadcrumb"},"inLanguage":"de-DE","potentialAction":[{"@type":"ReadAction","target":["https:\/\/www.sources-hotels.com\/bourgogne\/de\/restaurant-lauberge-des-citeaux\/"]}]},{"@type":"BreadcrumbList","@id":"https:\/\/www.sources-hotels.com\/bourgogne\/de\/restaurant-lauberge-des-citeaux\/#breadcrumb","itemListElement":[{"@type":"ListItem","position":1,"name":"Startseite","item":"https:\/\/www.sources-hotels.com\/bourgogne\/de\/"},{"@type":"ListItem","position":2,"name":"Restaurant L&rsquo;Auberge des C\u00eeteaux"}]},{"@type":"WebSite","@id":"https:\/\/www.sources-hotels.com\/bourgogne\/de\/#website","url":"https:\/\/www.sources-hotels.com\/bourgogne\/de\/","name":"Les Sources de Vougeot","description":"","publisher":{"@id":"https:\/\/www.sources-hotels.com\/bourgogne\/de\/#organization"},"potentialAction":[{"@type":"SearchAction","target":{"@type":"EntryPoint","urlTemplate":"https:\/\/www.sources-hotels.com\/bourgogne\/de\/?s={search_term_string}"},"query-input":{"@type":"PropertyValueSpecification","valueRequired":true,"valueName":"search_term_string"}}],"inLanguage":"de-DE"},{"@type":"Organization","@id":"https:\/\/www.sources-hotels.com\/bourgogne\/de\/#organization","name":"Les Sources de Caudalie","url":"https:\/\/www.sources-hotels.com\/bourgogne\/de\/","logo":{"@type":"ImageObject","inLanguage":"de-DE","@id":"https:\/\/www.sources-hotels.com\/bourgogne\/de\/#\/schema\/logo\/image\/","url":"","contentUrl":"","caption":"Les Sources de Caudalie"},"image":{"@id":"https:\/\/www.sources-hotels.com\/bourgogne\/de\/#\/schema\/logo\/image\/"}}]}},"_links":{"self":[{"href":"https:\/\/www.sources-hotels.com\/bourgogne\/de\/wp-json\/wp\/v2\/pages\/6541","targetHints":{"allow":["GET"]}}],"collection":[{"href":"https:\/\/www.sources-hotels.com\/bourgogne\/de\/wp-json\/wp\/v2\/pages"}],"about":[{"href":"https:\/\/www.sources-hotels.com\/bourgogne\/de\/wp-json\/wp\/v2\/types\/page"}],"author":[{"embeddable":true,"href":"https:\/\/www.sources-hotels.com\/bourgogne\/de\/wp-json\/wp\/v2\/users\/3"}],"replies":[{"embeddable":true,"href":"https:\/\/www.sources-hotels.com\/bourgogne\/de\/wp-json\/wp\/v2\/comments?post=6541"}],"version-history":[{"count":11,"href":"https:\/\/www.sources-hotels.com\/bourgogne\/de\/wp-json\/wp\/v2\/pages\/6541\/revisions"}],"predecessor-version":[{"id":7905,"href":"https:\/\/www.sources-hotels.com\/bourgogne\/de\/wp-json\/wp\/v2\/pages\/6541\/revisions\/7905"}],"wp:attachment":[{"href":"https:\/\/www.sources-hotels.com\/bourgogne\/de\/wp-json\/wp\/v2\/media?parent=6541"}],"wp:term":[{"taxonomy":"hotels","embeddable":true,"href":"https:\/\/www.sources-hotels.com\/bourgogne\/de\/wp-json\/wp\/v2\/hotels?post=6541"},{"taxonomy":"doc_cat","embeddable":true,"href":"https:\/\/www.sources-hotels.com\/bourgogne\/de\/wp-json\/wp\/v2\/doc_cat?post=6541"}],"curies":[{"name":"wp","href":"https:\/\/api.w.org\/{rel}","templated":true}]}}