{"id":6691,"date":"2026-02-16T14:44:10","date_gmt":"2026-02-16T13:44:10","guid":{"rendered":"https:\/\/www.sources-hotels.com\/bourgogne\/?page_id=6691"},"modified":"2026-03-30T14:25:56","modified_gmt":"2026-03-30T12:25:56","slug":"restaurant-le-clos-de-la-tour","status":"publish","type":"page","link":"https:\/\/www.sources-hotels.com\/bourgogne\/de\/restaurant-le-clos-de-la-tour\/","title":{"rendered":"Restaurant Le Clos de la Tour"},"content":{"rendered":"\n<section class=\"custom-block block--header h-[206rem] text-center text-white overflow-hidden pt-[100rem] relative tablet:h-[700rem] tablet:pt-[420rem]\">\n\n    <h1>\n                            Le Clos de la Tour            <\/h1>\n\n    \n    <span class=\"scroll-down hidden text-[12rem] tracking-[2rem] uppercase font-title cursor-pointer opacity-[64%] pb-[66rem] absolute left-2\/4 bottom-0 translate-x-[-50%] after:w-[1px] after:h-[50rem] after:bg-white after:opacity-[40%] after:absolute after:bottom-0 after:left-[50%] tablet:block\">\n        Siehe die Fortsetzung    <\/span>\n\n    <figure class=\"min-w-full min-h-full aspect-video overflow-hidden absolute top-2\/4 left-2\/4 translate-x-[-50%] translate-y-[-50%] z-[-1] before:bg-black before:opacity-[35%] before:mix-blend-multiply before:absolute before:top-0 before:left-0 before:right-0 before:bottom-0 before:z-[2]\">\n                    <img loading=\"lazy\" decoding=\"async\" width=\"2880\" height=\"1800\" src=\"https:\/\/www.sources-hotels.com\/bourgogne\/wp-content\/uploads\/sites\/5\/2026\/02\/Le-Clos-de-la-Tour-2880x1800.jpg\" class=\"h-full w-full object-cover object-center\" alt=\"restaurant Le Clos de la Tour\" \/>            <\/figure>\n    \n<\/section>\n\n    \n\n\n<section class=\"custom-block block--restaurant-details\">\n  <div class=\"row-details row-1\">\n          <div class=\"hour icon-text\">\n        <svg width=\"20\" height=\"20\" viewBox=\"0 0 20 20\" fill=\"none\"><use xlink:href=\"#clock\"\/><\/svg><div class=\"flex flex-col text-sm pb-25\">\n<article class=\"text-token-text-primary w-full focus:outline-none [--shadow-height:45px] has-data-writing-block:pointer-events-none has-data-writing-block:-mt-(--shadow-height) has-data-writing-block:pt-(--shadow-height) [&amp;:has([data-writing-block])&gt;*]:pointer-events-auto scroll-mt-[calc(var(--header-height)+min(200px,max(70px,20svh)))]\" dir=\"auto\" data-turn-id=\"6958a270-8032-432d-8734-38b040264a28\" data-testid=\"conversation-turn-2\" data-scroll-anchor=\"true\" data-turn=\"assistant\">\n<div class=\"text-base my-auto mx-auto pb-10 [--thread-content-margin:--spacing(4)] @w-sm\/main:[--thread-content-margin:--spacing(6)] @w-lg\/main:[--thread-content-margin:--spacing(16)] px-(--thread-content-margin)\">\n<div class=\"[--thread-content-max-width:40rem] @w-lg\/main:[--thread-content-max-width:48rem] mx-auto max-w-(--thread-content-max-width) flex-1 group\/turn-messages focus-visible:outline-hidden relative flex w-full min-w-0 flex-col agent-turn\">\n<div class=\"flex max-w-full flex-col grow\">\n<div class=\"min-h-8 text-message relative flex w-full flex-col items-end gap-2 text-start break-words whitespace-normal [.text-message+&amp;]:mt-1\" dir=\"auto\" data-message-author-role=\"assistant\" data-message-id=\"48627338-fb38-4c29-9f4a-c13fd1b12a68\" data-message-model-slug=\"gpt-5-2\">\n<div class=\"flex w-full flex-col gap-1 empty:hidden first:pt-[1px]\">\n<div class=\"markdown prose dark:prose-invert w-full wrap-break-word light markdown-new-styling\">\n<p data-start=\"0\" data-end=\"100\" data-is-last-node=\"\" data-is-only-node=\"\">Ge\u00f6ffnet von Mittwoch bis Sonntagabend: 19:00 &#8211; 21:15<br data-start=\"55\" data-end=\"58\" \/>Samstag &amp; Sonntag mittags: 12:00 &#8211; 13:30<\/p>\n<\/div>\n<\/div>\n<\/div>\n<\/div>\n<div class=\"z-0 flex min-h-[46px] justify-start\"><\/div>\n<div class=\"mt-3 w-full empty:hidden\">\n<div class=\"text-center\"><\/div>\n<\/div>\n<\/div>\n<\/div>\n<\/article>\n<\/div>\n<div class=\"pointer-events-none h-px w-px absolute bottom-0\" aria-hidden=\"true\" data-edge=\"true\"><\/div>\n      <\/div>\n              <div class=\"mail icon-text\">Informations : <a href=\"mailto:reservations@sources-vougeot.com\">reservations@sources-vougeot.com<\/a><\/div>\n    \n          <div class=\"phone icon-text\">T\u00e9l : <a href=\"tel:+33 (0)3 80 23 22 22\">+33 (0)3 80 23 22 22<\/a><\/div>\n      <\/div>\n      <div class=\"row-details row-2\">\n              <div class=\"link-details\">\n            <a href=\"https:\/\/www.sources-hotels.com\/bourgogne\/wp-content\/uploads\/sites\/5\/2026\/02\/Menu-EN-Le-Clos-de-la-Tour.pdf\"  target=\"_blank\" class=\"cta-resto-details\" >\n          <span class=\"picto\"><svg width=\"14\" height=\"13\" viewBox=\"0 0 14 13\" fill=\"none\"><use xlink:href=\"#download\"\/><\/svg><\/span>\n        Le Clos de la Tour Men\u00fc  <\/a>\n        <\/div>\n          <\/div>\n  <\/section>\n\n\n<section\n    class=\"custom-block block--large-visual-centered-text-white-background has-visual\">\n\n            <div class=\"large-visual-container\">\n\n            <div class=\"large-visual\">\n                <figure>\n                    <img loading=\"lazy\" decoding=\"async\" width=\"1536\" height=\"784\" src=\"https:\/\/www.sources-hotels.com\/bourgogne\/wp-content\/uploads\/sites\/5\/2026\/02\/Chef-Julien-.png\" class=\"h-full w-full object-cover object-center\" alt=\"Chef Julien Martin\" srcset=\"https:\/\/www.sources-hotels.com\/bourgogne\/wp-content\/uploads\/sites\/5\/2026\/02\/Chef-Julien-.png 1536w, https:\/\/www.sources-hotels.com\/bourgogne\/wp-content\/uploads\/sites\/5\/2026\/02\/Chef-Julien--300x153.png 300w, https:\/\/www.sources-hotels.com\/bourgogne\/wp-content\/uploads\/sites\/5\/2026\/02\/Chef-Julien--1024x523.png 1024w, https:\/\/www.sources-hotels.com\/bourgogne\/wp-content\/uploads\/sites\/5\/2026\/02\/Chef-Julien--768x392.png 768w\" sizes=\"auto, (max-width: 1536px) 100vw, 1536px\" \/>                <\/figure>\n            <\/div>\n\n                            <div class=\"titles\">\n\n                                            <h2 class=\"title\">Der K\u00fcchenchef<\/h2>\n                    \n                                            <div class=\"watermark\">Julien Martin<\/div>\n                    \n                <\/div>\n            \n                        \n        <\/div>\n    \n    <div class=\"bloc-content\">\n                    <h3 class=\"title\">Eine zeitgen\u00f6ssische, lebendige und grossz\u00fcgige K\u00fcche<\/h3>\n                <div class=\"content rte\">\n            <div class=\"flex flex-col text-sm pb-25\">\n<article class=\"text-token-text-primary w-full focus:outline-none [--shadow-height:45px] has-data-writing-block:pointer-events-none has-data-writing-block:-mt-(--shadow-height) has-data-writing-block:pt-(--shadow-height) [&amp;:has([data-writing-block])&gt;*]:pointer-events-auto scroll-mt-[calc(var(--header-height)+min(200px,max(70px,20svh)))]\" dir=\"auto\" data-turn-id=\"1af7f260-84dd-4cad-9abf-f5cc97aaaa11\" data-testid=\"conversation-turn-2\" data-scroll-anchor=\"true\" data-turn=\"assistant\">\n<div class=\"text-base my-auto mx-auto pb-10 [--thread-content-margin:--spacing(4)] @w-sm\/main:[--thread-content-margin:--spacing(6)] @w-lg\/main:[--thread-content-margin:--spacing(16)] px-(--thread-content-margin)\">\n<div class=\"[--thread-content-max-width:40rem] @w-lg\/main:[--thread-content-max-width:48rem] mx-auto max-w-(--thread-content-max-width) flex-1 group\/turn-messages focus-visible:outline-hidden relative flex w-full min-w-0 flex-col agent-turn\">\n<div class=\"flex max-w-full flex-col grow\">\n<div class=\"min-h-8 text-message relative flex w-full flex-col items-end gap-2 text-start break-words whitespace-normal [.text-message+&amp;]:mt-1\" dir=\"auto\" data-message-author-role=\"assistant\" data-message-id=\"464deda4-5cfc-475f-87d6-dc0eaf3df2ad\" data-message-model-slug=\"gpt-5-2\">\n<div class=\"flex w-full flex-col gap-1 empty:hidden first:pt-[1px]\">\n<div class=\"markdown prose dark:prose-invert w-full wrap-break-word light markdown-new-styling\">\n<p data-start=\"0\" data-end=\"113\">Geb\u00fcrtig aus dem Burgund sch\u00f6pft K\u00fcchenchef Julien Martin seine Inspiration aus dem Terroir, das ihn gepr\u00e4gt hat.<\/p>\n<p data-start=\"115\" data-end=\"447\">Ausgebildet in der Exzellenz, insbesondere an der Seite des zweifach mit einem Michelin-Stern ausgezeichneten K\u00fcchenchefs Nicolas Masse in den Sources de Caudalie, entwickelte er dort eine feinf\u00fchlige und anspruchsvolle Herangehensweise an das Produkt, geleitet von der Pr\u00e4zision des Geschmacks und dem Respekt vor den Jahreszeiten.<\/p>\n<p data-start=\"449\" data-end=\"979\" data-is-last-node=\"\" data-is-only-node=\"\">Im Clos de la Tour erweist seine authentische und zugleich raffinierte K\u00fcche dem Burgund eine aufrichtige Hommage. Jede Kreation findet dabei auf nat\u00fcrliche Weise ihre Fortsetzung im prachtvollen Weinkeller des Restaurants. Veredelt durch eine bemerkenswerte Weinkarte, die gro\u00dfe Crus mit vertraulicheren Cuv\u00e9es vereint, formen seine Gerichte ein ganzheitliches Erlebnis an der Schnittstelle zwischen der jahrtausendealten Geschichte des Ortes und einer feinen Modernit\u00e4t und hinterlassen am Gaumen eine unvergessliche Erinnerung.<\/p>\n<\/div>\n<\/div>\n<\/div>\n<\/div>\n<div class=\"z-0 flex min-h-[46px] justify-start\"><\/div>\n<div class=\"mt-3 w-full empty:hidden\">\n<div class=\"text-center\"><\/div>\n<\/div>\n<\/div>\n<\/div>\n<\/article>\n<\/div>\n<div class=\"pointer-events-none h-px w-px absolute bottom-0\" aria-hidden=\"true\" data-edge=\"true\"><\/div>\n        <\/div>\n\n                    <div class=\"cta-wrapper text-center\">\n                <a href=\"https:\/\/ib.guestonline.fr\/instabook\/bookings\/XTA4Plo\/selection\" target=\"\"\n                    class=\"button mt-[23rem] tablet:mt-[40rem]\">\n                    Tisch reservieren                <\/a>\n            <\/div>\n            <\/div>\n\n    \n    \n<\/section>\n\n\n<section class=\"custom-block block--cooking-classes bg-primary\">\n\n            <h2 class=\"block-title\">Restaurant le Clos de la Tour<\/h2>\n    \n    <div class=\"content-wrapper picture-left\">\n\n        <div class=\"text\">\n\n                            <h4 class=\"subtitle\">Die Gourmetrestaurant<\/h4>\n            \n                            <div class=\"content rte\">\n                    <p data-start=\"0\" data-end=\"259\">Jedes Abendessen wird zu einer zeitlosen Auszeit, getragen von einer intimen und ged\u00e4mpften Atmosph\u00e4re. K\u00fcchenchef Julien Martin entfaltet eine zeitgen\u00f6ssische, lebendige und grossz\u00fcgige K\u00fcche, inspiriert von der Vielfalt und Qualit\u00e4t der regionalen Produkte.<\/p>\n<p data-start=\"261\" data-end=\"383\">Auf jedem Teller verbinden sich \u00c4sthetik und geschmackliche Pr\u00e4zision zu einem Erlebnis, das ebenso sch\u00f6n wie stimmig ist.<\/p>\n<p data-start=\"385\" data-end=\"592\">Die Seele einer jahrtausendealten Geschichte vereint sich mit der Modernit\u00e4t einer raffinierten K\u00fcche und hinterl\u00e4sst am Gaumen eine exquisite Erinnerung sowie das unwiderstehliche Verlangen, wiederzukommen.<\/p>\n<ul>\n<li data-start=\"594\" data-end=\"635\">3-G\u00e4nge-Men\u00fc: 90 \u20ac<\/li>\n<li data-start=\"594\" data-end=\"635\">4-G\u00e4nge-Men\u00fc: 120 \u20ac<\/li>\n<li data-start=\"594\" data-end=\"635\">6-G\u00e4nge-Men\u00fc: 180 \u20ac<\/li>\n<\/ul>\n                <\/div>\n            \n            \n            \n            \n            \n        <\/div>\n        <div class=\"relative\">\n            <figure class=\"image\">\n                <img loading=\"lazy\" decoding=\"async\" width=\"1260\" height=\"1000\" src=\"https:\/\/www.sources-hotels.com\/bourgogne\/wp-content\/uploads\/sites\/5\/2026\/03\/SDV_ClosDelaTour_VanilleAgrumes_\u00a9AgencePancake-6-e1774872832798-1260x1000.jpg\" class=\"h-full w-full object-cover object-center\" alt=\"Plat Le Clos de la Tour Vougeot\" \/>            <\/figure>\n                    <\/div>\n    <\/div>\n\n<\/section>\n\n\n<section class=\"custom-block block--cooking-classes bg-white\">\n\n            <h2 class=\"block-title\">Ein intimer Rahmen<\/h2>\n    \n    <div class=\"content-wrapper picture-right\">\n\n        <div class=\"text\">\n\n            \n                            <div class=\"content rte\">\n                    <p data-start=\"32\" data-end=\"147\">In diesem minimalistischen Refugium mit kl\u00f6sterlichen Ankl\u00e4ngen bietet Le Clos de la Tour eine zeitlose Atmosph\u00e4re.<\/p>\n<p data-start=\"149\" data-end=\"330\">Die Beleuchtung ist so inszeniert, dass sie eine Hell-Dunkel-Stimmung formt, in der Schatten und Licht jedes Detail veredeln \u2013 von der Maserung des Holzes bis zum Glanz der Speisen.<\/p>\n<p data-start=\"332\" data-end=\"505\">Bei Einbruch der Nacht erhebt sich der historische Turm am Fu\u00dfe des Restaurants, dem es seine Identit\u00e4t verdankt, und erstrahlt, um diese nahezu mystische Aura zu vollenden.<\/p>\n<p data-start=\"507\" data-end=\"528\"><strong data-start=\"507\" data-end=\"528\">Perfekte Harmonie<\/strong><\/p>\n<p data-start=\"530\" data-end=\"740\" data-is-last-node=\"\" data-is-only-node=\"\">Der Chef-Sommelier begleitet die Verkostung mit einer bemerkenswerten Weinkarte, die gro\u00dfe Burgunder Crus mit vertraulicheren Cuv\u00e9es vereint und so pr\u00e4zise und elegante Pairings im Verlauf des Men\u00fcs erm\u00f6glicht.<\/p>\n                <\/div>\n            \n            \n            \n            \n            \n        <\/div>\n        <div class=\"relative\">\n            <figure class=\"image\">\n                <img loading=\"lazy\" decoding=\"async\" width=\"1260\" height=\"1000\" src=\"https:\/\/www.sources-hotels.com\/bourgogne\/wp-content\/uploads\/sites\/5\/2026\/02\/Cadre-intimiste-Le-Clos-de-la-Tour-1260x1000.jpg\" class=\"h-full w-full object-cover object-center\" alt=\"Clos de la Tour Restaurant\" \/>            <\/figure>\n                    <\/div>\n    <\/div>\n\n<\/section>\n\n<section class=\"custom-block block--three-visuals-cta mx-auto text-center\">\n\n                    <div class=\"images\">\n                            <div class=\"relative\">\n                    <figure>\n                        <img loading=\"lazy\" decoding=\"async\" width=\"840\" height=\"600\" src=\"https:\/\/www.sources-hotels.com\/bourgogne\/wp-content\/uploads\/sites\/5\/2026\/03\/SDV_ClosDelaTour_RizdeVeau_\u00a9AgencePancake-3-840x600.jpg\" class=\"w-full h-full object-cover object-center\" alt=\"restaurant Le Clos de la Tour\" \/>                    <\/figure>\n                                    <\/div>\n                            <div class=\"relative\">\n                    <figure>\n                        <img loading=\"lazy\" decoding=\"async\" width=\"840\" height=\"600\" src=\"https:\/\/www.sources-hotels.com\/bourgogne\/wp-content\/uploads\/sites\/5\/2026\/03\/SDV_ClosDelaTour_CroqueEscargot_\u00a9AgencePancake-3-840x600.jpg\" class=\"w-full h-full object-cover object-center\" alt=\"Le Clos de la Tour Julien Martin\" \/>                    <\/figure>\n                                    <\/div>\n                            <div class=\"relative\">\n                    <figure>\n                        <img loading=\"lazy\" decoding=\"async\" width=\"840\" height=\"600\" src=\"https:\/\/www.sources-hotels.com\/bourgogne\/wp-content\/uploads\/sites\/5\/2026\/03\/SDV_ClosDelaTour_Saint-Jacques_\u00a9AgencePancake-840x600.jpg\" class=\"w-full h-full object-cover object-center\" alt=\"Plat Le Clos de la Tour\" \/>                    <\/figure>\n                                    <\/div>\n                    <\/div>\n    \n\n    \n\n\n\n<\/section>\n\n<section class=\"custom-block block--title-text\">\n\n    \n            <div class=\"text rte\"><p style=\"text-align: center\"><em>Einige feine Aufmerksamkeiten \u2026<\/em><br data-start=\"35\" data-end=\"38\" \/><em>Eine gepflegte Kleidung ist erforderlich, um das Erlebnis zu veredeln.<\/em><br data-start=\"108\" data-end=\"111\" \/><em>Um die Ruhe des Ortes zu bewahren, sind Haustiere in unserem Restaurant nicht gestattet.<\/em><\/p>\n<\/div>\n    \n<\/section>\n","protected":false},"excerpt":{"rendered":"","protected":false},"author":3,"featured_media":0,"parent":0,"menu_order":0,"comment_status":"closed","ping_status":"closed","template":"","meta":{"_acf_changed":false,"footnotes":""},"hotels":[],"doc_cat":[],"class_list":["post-6691","page","type-page","status-publish","hentry"],"acf":[],"yoast_head":"<!-- This site is optimized with the Yoast SEO plugin v25.6 - https:\/\/yoast.com\/wordpress\/plugins\/seo\/ -->\n<title>Restaurant Le Clos de la Tour - Les Sources de Vougeot<\/title>\n<meta name=\"description\" content=\"Le Clos de la Tour, Gourmetrestaurant in der Bourgogne in Vougeot, zwischen Dijon und Beaune an der Weinstra\u00dfe.\" \/>\n<meta name=\"robots\" content=\"index, follow, max-snippet:-1, max-image-preview:large, max-video-preview:-1\" \/>\n<link rel=\"canonical\" href=\"https:\/\/www.sources-hotels.com\/bourgogne\/de\/restaurant-le-clos-de-la-tour\/\" \/>\n<meta property=\"og:locale\" content=\"de_DE\" \/>\n<meta property=\"og:type\" content=\"article\" \/>\n<meta property=\"og:title\" content=\"Restaurant Le Clos de la Tour - Les Sources de Vougeot\" \/>\n<meta property=\"og:description\" content=\"Le Clos de la Tour, Gourmetrestaurant in der Bourgogne in Vougeot, zwischen Dijon und Beaune an der Weinstra\u00dfe.\" \/>\n<meta property=\"og:url\" content=\"https:\/\/www.sources-hotels.com\/bourgogne\/de\/restaurant-le-clos-de-la-tour\/\" \/>\n<meta property=\"og:site_name\" content=\"Les Sources de Vougeot\" \/>\n<meta property=\"article:modified_time\" content=\"2026-03-30T12:25:56+00:00\" \/>\n<meta name=\"twitter:card\" content=\"summary_large_image\" \/>\n<script type=\"application\/ld+json\" class=\"yoast-schema-graph\">{\"@context\":\"https:\/\/schema.org\",\"@graph\":[{\"@type\":\"WebPage\",\"@id\":\"https:\/\/www.sources-hotels.com\/bourgogne\/de\/restaurant-le-clos-de-la-tour\/\",\"url\":\"https:\/\/www.sources-hotels.com\/bourgogne\/de\/restaurant-le-clos-de-la-tour\/\",\"name\":\"Restaurant Le Clos de la Tour - Les Sources de Vougeot\",\"isPartOf\":{\"@id\":\"https:\/\/www.sources-hotels.com\/bourgogne\/de\/#website\"},\"datePublished\":\"2026-02-16T13:44:10+00:00\",\"dateModified\":\"2026-03-30T12:25:56+00:00\",\"description\":\"Le Clos de la Tour, Gourmetrestaurant in der Bourgogne in Vougeot, zwischen Dijon und Beaune an der Weinstra\u00dfe.\",\"breadcrumb\":{\"@id\":\"https:\/\/www.sources-hotels.com\/bourgogne\/de\/restaurant-le-clos-de-la-tour\/#breadcrumb\"},\"inLanguage\":\"de-DE\",\"potentialAction\":[{\"@type\":\"ReadAction\",\"target\":[\"https:\/\/www.sources-hotels.com\/bourgogne\/de\/restaurant-le-clos-de-la-tour\/\"]}]},{\"@type\":\"BreadcrumbList\",\"@id\":\"https:\/\/www.sources-hotels.com\/bourgogne\/de\/restaurant-le-clos-de-la-tour\/#breadcrumb\",\"itemListElement\":[{\"@type\":\"ListItem\",\"position\":1,\"name\":\"Startseite\",\"item\":\"https:\/\/www.sources-hotels.com\/bourgogne\/de\/\"},{\"@type\":\"ListItem\",\"position\":2,\"name\":\"Restaurant Le Clos de la Tour\"}]},{\"@type\":\"WebSite\",\"@id\":\"https:\/\/www.sources-hotels.com\/bourgogne\/de\/#website\",\"url\":\"https:\/\/www.sources-hotels.com\/bourgogne\/de\/\",\"name\":\"Les Sources de Vougeot\",\"description\":\"\",\"publisher\":{\"@id\":\"https:\/\/www.sources-hotels.com\/bourgogne\/de\/#organization\"},\"potentialAction\":[{\"@type\":\"SearchAction\",\"target\":{\"@type\":\"EntryPoint\",\"urlTemplate\":\"https:\/\/www.sources-hotels.com\/bourgogne\/de\/?s={search_term_string}\"},\"query-input\":{\"@type\":\"PropertyValueSpecification\",\"valueRequired\":true,\"valueName\":\"search_term_string\"}}],\"inLanguage\":\"de-DE\"},{\"@type\":\"Organization\",\"@id\":\"https:\/\/www.sources-hotels.com\/bourgogne\/de\/#organization\",\"name\":\"Les Sources de Caudalie\",\"url\":\"https:\/\/www.sources-hotels.com\/bourgogne\/de\/\",\"logo\":{\"@type\":\"ImageObject\",\"inLanguage\":\"de-DE\",\"@id\":\"https:\/\/www.sources-hotels.com\/bourgogne\/de\/#\/schema\/logo\/image\/\",\"url\":\"\",\"contentUrl\":\"\",\"caption\":\"Les Sources de Caudalie\"},\"image\":{\"@id\":\"https:\/\/www.sources-hotels.com\/bourgogne\/de\/#\/schema\/logo\/image\/\"}}]}<\/script>\n<!-- \/ Yoast SEO plugin. -->","yoast_head_json":{"title":"Restaurant Le Clos de la Tour - Les Sources de Vougeot","description":"Le Clos de la Tour, Gourmetrestaurant in der Bourgogne in Vougeot, zwischen Dijon und Beaune an der Weinstra\u00dfe.","robots":{"index":"index","follow":"follow","max-snippet":"max-snippet:-1","max-image-preview":"max-image-preview:large","max-video-preview":"max-video-preview:-1"},"canonical":"https:\/\/www.sources-hotels.com\/bourgogne\/de\/restaurant-le-clos-de-la-tour\/","og_locale":"de_DE","og_type":"article","og_title":"Restaurant Le Clos de la Tour - Les Sources de Vougeot","og_description":"Le Clos de la Tour, Gourmetrestaurant in der Bourgogne in Vougeot, zwischen Dijon und Beaune an der Weinstra\u00dfe.","og_url":"https:\/\/www.sources-hotels.com\/bourgogne\/de\/restaurant-le-clos-de-la-tour\/","og_site_name":"Les Sources de Vougeot","article_modified_time":"2026-03-30T12:25:56+00:00","twitter_card":"summary_large_image","schema":{"@context":"https:\/\/schema.org","@graph":[{"@type":"WebPage","@id":"https:\/\/www.sources-hotels.com\/bourgogne\/de\/restaurant-le-clos-de-la-tour\/","url":"https:\/\/www.sources-hotels.com\/bourgogne\/de\/restaurant-le-clos-de-la-tour\/","name":"Restaurant Le Clos de la Tour - Les Sources de Vougeot","isPartOf":{"@id":"https:\/\/www.sources-hotels.com\/bourgogne\/de\/#website"},"datePublished":"2026-02-16T13:44:10+00:00","dateModified":"2026-03-30T12:25:56+00:00","description":"Le Clos de la Tour, Gourmetrestaurant in der Bourgogne in Vougeot, zwischen Dijon und Beaune an der Weinstra\u00dfe.","breadcrumb":{"@id":"https:\/\/www.sources-hotels.com\/bourgogne\/de\/restaurant-le-clos-de-la-tour\/#breadcrumb"},"inLanguage":"de-DE","potentialAction":[{"@type":"ReadAction","target":["https:\/\/www.sources-hotels.com\/bourgogne\/de\/restaurant-le-clos-de-la-tour\/"]}]},{"@type":"BreadcrumbList","@id":"https:\/\/www.sources-hotels.com\/bourgogne\/de\/restaurant-le-clos-de-la-tour\/#breadcrumb","itemListElement":[{"@type":"ListItem","position":1,"name":"Startseite","item":"https:\/\/www.sources-hotels.com\/bourgogne\/de\/"},{"@type":"ListItem","position":2,"name":"Restaurant Le Clos de la Tour"}]},{"@type":"WebSite","@id":"https:\/\/www.sources-hotels.com\/bourgogne\/de\/#website","url":"https:\/\/www.sources-hotels.com\/bourgogne\/de\/","name":"Les Sources de Vougeot","description":"","publisher":{"@id":"https:\/\/www.sources-hotels.com\/bourgogne\/de\/#organization"},"potentialAction":[{"@type":"SearchAction","target":{"@type":"EntryPoint","urlTemplate":"https:\/\/www.sources-hotels.com\/bourgogne\/de\/?s={search_term_string}"},"query-input":{"@type":"PropertyValueSpecification","valueRequired":true,"valueName":"search_term_string"}}],"inLanguage":"de-DE"},{"@type":"Organization","@id":"https:\/\/www.sources-hotels.com\/bourgogne\/de\/#organization","name":"Les Sources de Caudalie","url":"https:\/\/www.sources-hotels.com\/bourgogne\/de\/","logo":{"@type":"ImageObject","inLanguage":"de-DE","@id":"https:\/\/www.sources-hotels.com\/bourgogne\/de\/#\/schema\/logo\/image\/","url":"","contentUrl":"","caption":"Les Sources de Caudalie"},"image":{"@id":"https:\/\/www.sources-hotels.com\/bourgogne\/de\/#\/schema\/logo\/image\/"}}]}},"_links":{"self":[{"href":"https:\/\/www.sources-hotels.com\/bourgogne\/de\/wp-json\/wp\/v2\/pages\/6691","targetHints":{"allow":["GET"]}}],"collection":[{"href":"https:\/\/www.sources-hotels.com\/bourgogne\/de\/wp-json\/wp\/v2\/pages"}],"about":[{"href":"https:\/\/www.sources-hotels.com\/bourgogne\/de\/wp-json\/wp\/v2\/types\/page"}],"author":[{"embeddable":true,"href":"https:\/\/www.sources-hotels.com\/bourgogne\/de\/wp-json\/wp\/v2\/users\/3"}],"replies":[{"embeddable":true,"href":"https:\/\/www.sources-hotels.com\/bourgogne\/de\/wp-json\/wp\/v2\/comments?post=6691"}],"version-history":[{"count":8,"href":"https:\/\/www.sources-hotels.com\/bourgogne\/de\/wp-json\/wp\/v2\/pages\/6691\/revisions"}],"predecessor-version":[{"id":7917,"href":"https:\/\/www.sources-hotels.com\/bourgogne\/de\/wp-json\/wp\/v2\/pages\/6691\/revisions\/7917"}],"wp:attachment":[{"href":"https:\/\/www.sources-hotels.com\/bourgogne\/de\/wp-json\/wp\/v2\/media?parent=6691"}],"wp:term":[{"taxonomy":"hotels","embeddable":true,"href":"https:\/\/www.sources-hotels.com\/bourgogne\/de\/wp-json\/wp\/v2\/hotels?post=6691"},{"taxonomy":"doc_cat","embeddable":true,"href":"https:\/\/www.sources-hotels.com\/bourgogne\/de\/wp-json\/wp\/v2\/doc_cat?post=6691"}],"curies":[{"name":"wp","href":"https:\/\/api.w.org\/{rel}","templated":true}]}}