{"id":8822,"date":"2026-04-30T12:03:31","date_gmt":"2026-04-30T10:03:31","guid":{"rendered":"https:\/\/www.sources-hotels.com\/bourgogne\/?page_id=8822"},"modified":"2026-04-30T12:03:36","modified_gmt":"2026-04-30T10:03:36","slug":"history","status":"publish","type":"page","link":"https:\/\/www.sources-hotels.com\/bourgogne\/en\/history\/","title":{"rendered":"History"},"content":{"rendered":"\n<section class=\"custom-block block--header h-[206rem] text-center text-white overflow-hidden pt-[100rem] relative tablet:h-[700rem] tablet:pt-[420rem]\">\n\n    <h1>\n                            Once upon a time <br><br> Les Sources de Vougeot            <\/h1>\n\n    \n    <span class=\"scroll-down hidden text-[12rem] tracking-[2rem] uppercase font-title cursor-pointer opacity-[64%] pb-[66rem] absolute left-2\/4 bottom-0 translate-x-[-50%] after:w-[1px] after:h-[50rem] after:bg-white after:opacity-[40%] after:absolute after:bottom-0 after:left-[50%] tablet:block\">\n        See More    <\/span>\n\n    <figure class=\"min-w-full min-h-full aspect-video overflow-hidden absolute top-2\/4 left-2\/4 translate-x-[-50%] translate-y-[-50%] z-[-1] before:bg-black before:opacity-[35%] before:mix-blend-multiply before:absolute before:top-0 before:left-0 before:right-0 before:bottom-0 before:z-[2]\">\n                    <img loading=\"lazy\" decoding=\"async\" width=\"2048\" height=\"956\" src=\"https:\/\/www.sources-hotels.com\/bourgogne\/wp-content\/uploads\/sites\/5\/2026\/04\/LesSourcesdeVougeot_Exterieur_\u00a9MaximilienForgetStudio-5-2-e1777539585834.jpg\" class=\"h-full w-full object-cover object-center\" alt=\"Hotel - Les Sources de Vougeot\" srcset=\"https:\/\/www.sources-hotels.com\/bourgogne\/wp-content\/uploads\/sites\/5\/2026\/04\/LesSourcesdeVougeot_Exterieur_\u00a9MaximilienForgetStudio-5-2-e1777539585834.jpg 2048w, https:\/\/www.sources-hotels.com\/bourgogne\/wp-content\/uploads\/sites\/5\/2026\/04\/LesSourcesdeVougeot_Exterieur_\u00a9MaximilienForgetStudio-5-2-e1777539585834-300x140.jpg 300w, https:\/\/www.sources-hotels.com\/bourgogne\/wp-content\/uploads\/sites\/5\/2026\/04\/LesSourcesdeVougeot_Exterieur_\u00a9MaximilienForgetStudio-5-2-e1777539585834-1024x478.jpg 1024w, https:\/\/www.sources-hotels.com\/bourgogne\/wp-content\/uploads\/sites\/5\/2026\/04\/LesSourcesdeVougeot_Exterieur_\u00a9MaximilienForgetStudio-5-2-e1777539585834-768x359.jpg 768w, https:\/\/www.sources-hotels.com\/bourgogne\/wp-content\/uploads\/sites\/5\/2026\/04\/LesSourcesdeVougeot_Exterieur_\u00a9MaximilienForgetStudio-5-2-e1777539585834-1536x717.jpg 1536w\" sizes=\"auto, (max-width: 2048px) 100vw, 2048px\" \/>            <\/figure>\n    \n<\/section>\n\n    \n\n\n<section class=\"custom-block block--text-small-visual-watermark style-image-right background-white pt-[30rem] tablet:pt-[110rem] \">\n\n    \n    <div class=\"block-content w-[255rem] flex flex-col gap-[20rem] mx-auto tablet:w-auto tablet:flex-row tablet:px-0 tablet:gap-[105rem] tablet:mx-0\">\n\n        <figure class=\"w-full h-[200rem] flex-initial relative z-[1] tablet:w-[630rem] tablet:h-[500rem]\">\n\n            <img loading=\"lazy\" decoding=\"async\" width=\"1260\" height=\"1000\" src=\"https:\/\/www.sources-hotels.com\/bourgogne\/wp-content\/uploads\/sites\/5\/2026\/04\/SDV_Lobby_\u00a9AgencePancake-6-1260x1000.jpg\" class=\"w-full h-full object-cover object-center relative z-[2]\" alt=\"Bureau Lobby - Les Sources de Vougeot\" \/>\n            \n        <\/figure>\n\n        <div class=\"w-full flex flex-col flex-initial z-[2] tablet:w-[500rem]\">\n\n                            <h3 class=\"text-[16rem] uppercase text-theme font-text mb-[25rem] tablet:text-[22rem]\">\n                    Les Sources de Vougeot open the doors to the Ch\u00e2teau de Gilly                <\/h3>\n            \n            <div class=\"rte\"><p>This former priory, now listed as a historical monument, was founded in the sixth century as the retreat and workplace of the abbots of C\u00eeteaux.<\/p>\n<p>They were true pioneers, playing a major role in the development of the Burgundian vineyards, thanks in particular to the innovative winemaking techniques they invented.<\/p>\n<p>In the 14th century, during the Hundred Years\u2019 War, the priory was transformed into a chateau before becoming, in the 17th century, a sumptuous country house.<\/p>\n<p>Alice and J\u00e9r\u00f4me Tourbier wished to remain faithful to the identity of the ch\u00e2teau: while the heritage of its monastic style remains perceptible, it is now combined with an interior of great refinement.<\/p>\n<\/div>\n\n            \n        <\/div>\n\n    <\/div>\n\n<\/section>\n\n<section class=\"custom-block block--three-visuals-cta mx-auto text-center\">\n\n                    <div class=\"images\">\n                            <div class=\"relative\">\n                    <figure>\n                        <img loading=\"lazy\" decoding=\"async\" width=\"840\" height=\"600\" src=\"https:\/\/www.sources-hotels.com\/bourgogne\/wp-content\/uploads\/sites\/5\/2026\/04\/LesSourcesdeVougeot_Lobby_\u00a9MaximilienForgetStudio-2-840x600.jpg\" class=\"w-full h-full object-cover object-center\" alt=\"Lobby - Les Sources de Vougeot\" \/>                    <\/figure>\n                                    <\/div>\n                            <div class=\"relative\">\n                    <figure>\n                        <img loading=\"lazy\" decoding=\"async\" width=\"840\" height=\"600\" src=\"https:\/\/www.sources-hotels.com\/bourgogne\/wp-content\/uploads\/sites\/5\/2026\/04\/LesSourcesdeVougeot_Spa_\u00a9Jules-Focone-3-840x600.jpg\" class=\"w-full h-full object-cover object-center\" alt=\"Bassins Spa - Les Sources de Vougeot\" \/>                    <\/figure>\n                                    <\/div>\n                            <div class=\"relative\">\n                    <figure>\n                        <img loading=\"lazy\" decoding=\"async\" width=\"840\" height=\"600\" src=\"https:\/\/www.sources-hotels.com\/bourgogne\/wp-content\/uploads\/sites\/5\/2026\/04\/LesSourcesdeVougeot_LaVigneRose_\u00a9MaximilienForgetStudio-1-840x600.jpg\" class=\"w-full h-full object-cover object-center\" alt=\"Salon La Vigne Rose - Les Sources de Vougeot\" \/>                    <\/figure>\n                                    <\/div>\n                    <\/div>\n    \n\n    \n\n\n\n<\/section>\n\n\n<section class=\"custom-block block--text-small-visual-watermark style-image-left background-white pt-[30rem] tablet:pt-[110rem] \">\n\n    \n    <div class=\"block-content w-[255rem] flex flex-col gap-[20rem] mx-auto tablet:w-auto tablet:flex-row tablet:px-0 tablet:gap-[105rem] tablet:mx-0\">\n\n        <figure class=\"w-full h-[200rem] flex-initial relative z-[1] tablet:w-[630rem] tablet:h-[500rem]\">\n\n            <img loading=\"lazy\" decoding=\"async\" width=\"1260\" height=\"1000\" src=\"https:\/\/www.sources-hotels.com\/bourgogne\/wp-content\/uploads\/sites\/5\/2026\/02\/LesSourcesdeVougeot_Exterieur_\u00a9Jules-Focone-4-1260x1000.jpg\" class=\"w-full h-full object-cover object-center relative z-[2]\" alt=\"\" \/>\n            \n        <\/figure>\n\n        <div class=\"w-full flex flex-col flex-initial z-[2] tablet:w-[500rem]\">\n\n                            <h3 class=\"text-[16rem] uppercase text-theme font-text mb-[25rem] tablet:text-[22rem]\">\n                    A rendezvous in  Burgundy                <\/h3>\n            \n            <div class=\"rte\"><p>Immerse yourself in the ancient surroundings of Burgundy, with its unique winemaking heritage that has formed the legendary landscape over centuries of patient effort. It is on this rich and fertile terroir, with its<br \/>\nexceptional mystique, that some of the most beautiful chapters in the story of wine have been written, endowing the region with a reputation that resonates around the world.<\/p>\n<p>Since 2015, the celebrated \u201cclimats\u201d or plots that flourish along the C\u00f4te de Nuits and the C\u00f4te de Beaune<br \/>\nhave been listed as a UNESCO World Heritage Site. This mosaic of parcels of vineyard, each a unique expression of the Pinot Noir and Chardonnay varieties, produces some of the world\u2019s finest wines.<\/p>\n<p>One legendary appellation follows another along this wine route, calling to anyone who dreams of tasting prestigious wines and sharing unforgettable experiences.<\/p>\n<\/div>\n\n            \n        <\/div>\n\n    <\/div>\n\n<\/section>","protected":false},"excerpt":{"rendered":"","protected":false},"author":12,"featured_media":0,"parent":0,"menu_order":0,"comment_status":"closed","ping_status":"closed","template":"","meta":{"_acf_changed":false,"footnotes":""},"hotels":[],"doc_cat":[],"class_list":["post-8822","page","type-page","status-publish","hentry"],"acf":[],"yoast_head":"<!-- This site is optimized with the Yoast SEO plugin v25.6 - https:\/\/yoast.com\/wordpress\/plugins\/seo\/ -->\n<title>History - Les Sources de Vougeot<\/title>\n<meta name=\"description\" content=\"Discover the history of Les Sources de Vougeot, where Burgundian heritage meets an exceptional vineyard retreat.\" \/>\n<meta name=\"robots\" content=\"index, follow, max-snippet:-1, max-image-preview:large, max-video-preview:-1\" \/>\n<link rel=\"canonical\" href=\"https:\/\/www.sources-hotels.com\/bourgogne\/en\/history\/\" \/>\n<meta property=\"og:locale\" content=\"en_US\" \/>\n<meta property=\"og:type\" content=\"article\" \/>\n<meta property=\"og:title\" content=\"History - Les Sources de Vougeot\" \/>\n<meta property=\"og:description\" content=\"Discover the history of Les Sources de Vougeot, where Burgundian heritage meets an exceptional vineyard retreat.\" \/>\n<meta property=\"og:url\" content=\"https:\/\/www.sources-hotels.com\/bourgogne\/en\/history\/\" \/>\n<meta property=\"og:site_name\" content=\"Les Sources de Vougeot\" \/>\n<meta property=\"article:modified_time\" content=\"2026-04-30T10:03:36+00:00\" \/>\n<meta name=\"twitter:card\" content=\"summary_large_image\" \/>\n<script type=\"application\/ld+json\" class=\"yoast-schema-graph\">{\"@context\":\"https:\/\/schema.org\",\"@graph\":[{\"@type\":\"WebPage\",\"@id\":\"https:\/\/www.sources-hotels.com\/bourgogne\/en\/history\/\",\"url\":\"https:\/\/www.sources-hotels.com\/bourgogne\/en\/history\/\",\"name\":\"History - Les Sources de Vougeot\",\"isPartOf\":{\"@id\":\"https:\/\/www.sources-hotels.com\/bourgogne\/en\/#website\"},\"datePublished\":\"2026-04-30T10:03:31+00:00\",\"dateModified\":\"2026-04-30T10:03:36+00:00\",\"description\":\"Discover the history of Les Sources de Vougeot, where Burgundian heritage meets an exceptional vineyard retreat.\",\"breadcrumb\":{\"@id\":\"https:\/\/www.sources-hotels.com\/bourgogne\/en\/history\/#breadcrumb\"},\"inLanguage\":\"en-US\",\"potentialAction\":[{\"@type\":\"ReadAction\",\"target\":[\"https:\/\/www.sources-hotels.com\/bourgogne\/en\/history\/\"]}]},{\"@type\":\"BreadcrumbList\",\"@id\":\"https:\/\/www.sources-hotels.com\/bourgogne\/en\/history\/#breadcrumb\",\"itemListElement\":[{\"@type\":\"ListItem\",\"position\":1,\"name\":\"Home\",\"item\":\"https:\/\/www.sources-hotels.com\/bourgogne\/en\/\"},{\"@type\":\"ListItem\",\"position\":2,\"name\":\"History\"}]},{\"@type\":\"WebSite\",\"@id\":\"https:\/\/www.sources-hotels.com\/bourgogne\/en\/#website\",\"url\":\"https:\/\/www.sources-hotels.com\/bourgogne\/en\/\",\"name\":\"Les Sources de Vougeot\",\"description\":\"\",\"publisher\":{\"@id\":\"https:\/\/www.sources-hotels.com\/bourgogne\/en\/#organization\"},\"potentialAction\":[{\"@type\":\"SearchAction\",\"target\":{\"@type\":\"EntryPoint\",\"urlTemplate\":\"https:\/\/www.sources-hotels.com\/bourgogne\/en\/?s={search_term_string}\"},\"query-input\":{\"@type\":\"PropertyValueSpecification\",\"valueRequired\":true,\"valueName\":\"search_term_string\"}}],\"inLanguage\":\"en-US\"},{\"@type\":\"Organization\",\"@id\":\"https:\/\/www.sources-hotels.com\/bourgogne\/en\/#organization\",\"name\":\"Les Sources de Caudalie\",\"url\":\"https:\/\/www.sources-hotels.com\/bourgogne\/en\/\",\"logo\":{\"@type\":\"ImageObject\",\"inLanguage\":\"en-US\",\"@id\":\"https:\/\/www.sources-hotels.com\/bourgogne\/en\/#\/schema\/logo\/image\/\",\"url\":\"\",\"contentUrl\":\"\",\"caption\":\"Les Sources de Caudalie\"},\"image\":{\"@id\":\"https:\/\/www.sources-hotels.com\/bourgogne\/en\/#\/schema\/logo\/image\/\"}}]}<\/script>\n<!-- \/ Yoast SEO plugin. -->","yoast_head_json":{"title":"History - Les Sources de Vougeot","description":"Discover the history of Les Sources de Vougeot, where Burgundian heritage meets an exceptional vineyard retreat.","robots":{"index":"index","follow":"follow","max-snippet":"max-snippet:-1","max-image-preview":"max-image-preview:large","max-video-preview":"max-video-preview:-1"},"canonical":"https:\/\/www.sources-hotels.com\/bourgogne\/en\/history\/","og_locale":"en_US","og_type":"article","og_title":"History - Les Sources de Vougeot","og_description":"Discover the history of Les Sources de Vougeot, where Burgundian heritage meets an exceptional vineyard retreat.","og_url":"https:\/\/www.sources-hotels.com\/bourgogne\/en\/history\/","og_site_name":"Les Sources de Vougeot","article_modified_time":"2026-04-30T10:03:36+00:00","twitter_card":"summary_large_image","schema":{"@context":"https:\/\/schema.org","@graph":[{"@type":"WebPage","@id":"https:\/\/www.sources-hotels.com\/bourgogne\/en\/history\/","url":"https:\/\/www.sources-hotels.com\/bourgogne\/en\/history\/","name":"History - Les Sources de Vougeot","isPartOf":{"@id":"https:\/\/www.sources-hotels.com\/bourgogne\/en\/#website"},"datePublished":"2026-04-30T10:03:31+00:00","dateModified":"2026-04-30T10:03:36+00:00","description":"Discover the history of Les Sources de Vougeot, where Burgundian heritage meets an exceptional vineyard retreat.","breadcrumb":{"@id":"https:\/\/www.sources-hotels.com\/bourgogne\/en\/history\/#breadcrumb"},"inLanguage":"en-US","potentialAction":[{"@type":"ReadAction","target":["https:\/\/www.sources-hotels.com\/bourgogne\/en\/history\/"]}]},{"@type":"BreadcrumbList","@id":"https:\/\/www.sources-hotels.com\/bourgogne\/en\/history\/#breadcrumb","itemListElement":[{"@type":"ListItem","position":1,"name":"Home","item":"https:\/\/www.sources-hotels.com\/bourgogne\/en\/"},{"@type":"ListItem","position":2,"name":"History"}]},{"@type":"WebSite","@id":"https:\/\/www.sources-hotels.com\/bourgogne\/en\/#website","url":"https:\/\/www.sources-hotels.com\/bourgogne\/en\/","name":"Les Sources de Vougeot","description":"","publisher":{"@id":"https:\/\/www.sources-hotels.com\/bourgogne\/en\/#organization"},"potentialAction":[{"@type":"SearchAction","target":{"@type":"EntryPoint","urlTemplate":"https:\/\/www.sources-hotels.com\/bourgogne\/en\/?s={search_term_string}"},"query-input":{"@type":"PropertyValueSpecification","valueRequired":true,"valueName":"search_term_string"}}],"inLanguage":"en-US"},{"@type":"Organization","@id":"https:\/\/www.sources-hotels.com\/bourgogne\/en\/#organization","name":"Les Sources de Caudalie","url":"https:\/\/www.sources-hotels.com\/bourgogne\/en\/","logo":{"@type":"ImageObject","inLanguage":"en-US","@id":"https:\/\/www.sources-hotels.com\/bourgogne\/en\/#\/schema\/logo\/image\/","url":"","contentUrl":"","caption":"Les Sources de Caudalie"},"image":{"@id":"https:\/\/www.sources-hotels.com\/bourgogne\/en\/#\/schema\/logo\/image\/"}}]}},"_links":{"self":[{"href":"https:\/\/www.sources-hotels.com\/bourgogne\/en\/wp-json\/wp\/v2\/pages\/8822","targetHints":{"allow":["GET"]}}],"collection":[{"href":"https:\/\/www.sources-hotels.com\/bourgogne\/en\/wp-json\/wp\/v2\/pages"}],"about":[{"href":"https:\/\/www.sources-hotels.com\/bourgogne\/en\/wp-json\/wp\/v2\/types\/page"}],"author":[{"embeddable":true,"href":"https:\/\/www.sources-hotels.com\/bourgogne\/en\/wp-json\/wp\/v2\/users\/12"}],"replies":[{"embeddable":true,"href":"https:\/\/www.sources-hotels.com\/bourgogne\/en\/wp-json\/wp\/v2\/comments?post=8822"}],"version-history":[{"count":9,"href":"https:\/\/www.sources-hotels.com\/bourgogne\/en\/wp-json\/wp\/v2\/pages\/8822\/revisions"}],"predecessor-version":[{"id":8835,"href":"https:\/\/www.sources-hotels.com\/bourgogne\/en\/wp-json\/wp\/v2\/pages\/8822\/revisions\/8835"}],"wp:attachment":[{"href":"https:\/\/www.sources-hotels.com\/bourgogne\/en\/wp-json\/wp\/v2\/media?parent=8822"}],"wp:term":[{"taxonomy":"hotels","embeddable":true,"href":"https:\/\/www.sources-hotels.com\/bourgogne\/en\/wp-json\/wp\/v2\/hotels?post=8822"},{"taxonomy":"doc_cat","embeddable":true,"href":"https:\/\/www.sources-hotels.com\/bourgogne\/en\/wp-json\/wp\/v2\/doc_cat?post=8822"}],"curies":[{"name":"wp","href":"https:\/\/api.w.org\/{rel}","templated":true}]}}