{"id":114,"date":"2026-01-30T09:32:00","date_gmt":"2026-01-30T08:32:00","guid":{"rendered":"https:\/\/www.sources-hotels.com\/bourgogne\/?page_id=114"},"modified":"2026-04-30T14:26:00","modified_gmt":"2026-04-30T12:26:00","slug":"chambres-suites","status":"publish","type":"page","link":"https:\/\/www.sources-hotels.com\/bourgogne\/chambres-suites\/","title":{"rendered":"Chambres &amp; suites"},"content":{"rendered":"\n<section class=\"custom-block block--header h-[206rem] text-center text-white overflow-hidden pt-[100rem] relative tablet:h-[700rem] tablet:pt-[420rem]\">\n\n    <h1>\n                            NOS CHAMBRES &amp; SUITES            <\/h1>\n\n    \n    <span class=\"scroll-down hidden text-[12rem] tracking-[2rem] uppercase font-title cursor-pointer opacity-[64%] pb-[66rem] absolute left-2\/4 bottom-0 translate-x-[-50%] after:w-[1px] after:h-[50rem] after:bg-white after:opacity-[40%] after:absolute after:bottom-0 after:left-[50%] tablet:block\">\n        Voir la suite    <\/span>\n\n    <figure class=\"min-w-full min-h-full aspect-video overflow-hidden absolute top-2\/4 left-2\/4 translate-x-[-50%] translate-y-[-50%] z-[-1] before:bg-black before:opacity-[35%] before:mix-blend-multiply before:absolute before:top-0 before:left-0 before:right-0 before:bottom-0 before:z-[2]\">\n                    <img loading=\"lazy\" decoding=\"async\" width=\"2880\" height=\"1800\" src=\"https:\/\/www.sources-hotels.com\/bourgogne\/wp-content\/uploads\/sites\/5\/2026\/02\/Chambre-header-2880x1800.jpg\" class=\"h-full w-full object-cover object-center\" alt=\"Chambres Les Sources de Vougeot\" \/>            <\/figure>\n    \n<\/section>\n\n    \n\n\n<section class=\"custom-block block--title-introduction text-center tablet:!pb-[60rem]\">\n\n            <h2 class=\"block-title\">Dormir au pays des grands crus<\/h2>\n    \n    <div class=\"tablet:w-[970rem] tablet:inline-block\">\n        <p>Les Sources de Vougeot abritent 49 chambres et suites qui invitent \u00e0 d\u00e9couvrir la Bourgogne dans toute son authenticit\u00e9. L\u2019\u00e2me de notre h\u00f4tel se r\u00e9v\u00e8le au sein du Ch\u00e2teau de Gilly, qui s\u2019anime et se d\u00e9voile au fil du s\u00e9jour.<\/p>\n<p>Chaque espace est un pan d\u2019histoire : h\u00e9ritage viticole, m\u00e9moire monastique et \u00e9l\u00e9gance contemporaine s\u2019y rencontrent dans une atmosph\u00e8re unique. Les mat\u00e9riaux naturels et la d\u00e9coration cr\u00e9ent une harmonie singuli\u00e8re qui conjugue le pass\u00e9 au temps pr\u00e9sent.<\/p>\n<p>Ici, chaque s\u00e9jour devient une exp\u00e9rience \u00e0 la fois intime et g\u00e9n\u00e9reuse, au c\u0153ur d\u2019un paysage fa\u00e7onn\u00e9 par la vigne et empreint de tradition.<\/p>\n    <\/div>\n\n<\/section>\n\n\n\n<section class=\"custom-block block--room container mx-auto\">\n\n  <div class=\"content gallery-left\">\n\n    <div class=\"text\">\n\n              <h2 class=\"title\">Chambres Confort &amp; Prestige<\/h2>\n      \n      \n      <div class=\"description rte\">\n        <p data-start=\"250\" data-end=\"539\">Des chambres qui refl\u00e8tent l\u2019esprit de la Bourgogne, chacune offrant une atmosph\u00e8re particuli\u00e8re m\u00ealant authenticit\u00e9 et \u00e9l\u00e9gance contemporaine. Le choix des mat\u00e9riaux et les d\u00e9tails d\u00e9coratifs ont \u00e9t\u00e9 pens\u00e9s pour mettre en valeur le patrimoine et r\u00e9v\u00e9ler le charme du lieu.<\/p>\n<p data-start=\"541\" data-end=\"815\">Les Chambres Confort et Prestige sont les deux premi\u00e8res cat\u00e9gories de notre maison. <span data-olk-copy-source=\"MessageBody\">Dialogue avec les jardins et les douves qu\u2019elles surplombent, elles se parent tant\u00f4t d\u2019\u00e9l\u00e9gants papiers peints fleuris, tant\u00f4t de d\u00e9licats tons cr\u00e8me, toujours en r\u00e9sonance avec le patrimoine architectural.<\/span><\/p>\n      <\/div>\n\n              <div class=\"ctas\">\n                        <a href=\"https:\/\/www.sources-hotels.com\/bourgogne\/chambres-suites\/chambres-confort-prestige\/\"  class=\"button cta1\" >\n        Plus de d\u00e9tails  <\/a>\n                                <button class=\"button cta2 dedge-open\" >R\u00e9server<\/button>\n                  <\/div>\n      \n    <\/div>\n\n    <div class=\"slider\">\n              <div class=\"image\">\n          <figure>\n            <img loading=\"lazy\" decoding=\"async\" width=\"1260\" height=\"1600\" src=\"https:\/\/www.sources-hotels.com\/bourgogne\/wp-content\/uploads\/sites\/5\/2026\/02\/Chambre-confort-1260x1600.jpg\" class=\"w-full object-cover object-center\" alt=\"Chambre Les Sources de Vougeot\" \/>          <\/figure>\n        <\/div>\n              <div class=\"image\">\n          <figure>\n            <img loading=\"lazy\" decoding=\"async\" width=\"1260\" height=\"1600\" src=\"https:\/\/www.sources-hotels.com\/bourgogne\/wp-content\/uploads\/sites\/5\/2026\/02\/Chambre-prestige-1260x1600.jpg\" class=\"w-full object-cover object-center\" alt=\"Chambre Prestige Les Sources de Vougeot\" \/>          <\/figure>\n        <\/div>\n          <\/div>\n  <\/div>\n<\/section>\n\n\n\n\n<section class=\"custom-block block--room container mx-auto\">\n\n  <div class=\"content gallery-right\">\n\n    <div class=\"text\">\n\n              <h2 class=\"title\"> Junior Suites &amp; Suites <\/h2>\n      \n      \n      <div class=\"description rte\">\n        <p data-start=\"240\" data-end=\"537\">Aux Sources de Vougeot, nos Junior Suites et Suites allient \u00e9l\u00e9gance et confort au c\u0153ur de la Bourgogne. Spacieuses, elles disposent chacune d\u2019un espace salon, pens\u00e9 comme un prolongement de la chambre. <span data-olk-copy-source=\"MessageBody\">Elles sont la promesse d\u2019un s\u00e9jour pleinement ressour\u00e7ant, hors du temps.<\/span><\/p>\n<p data-start=\"539\" data-end=\"804\">Id\u00e9ales pour un s\u00e9jour en couple ou en famille, les Junior Suites et les Suites se distinguent par leurs belles superficies et leurs salons confortables, propices \u00e0 la d\u00e9tente dans une atmosph\u00e8re \u00e9l\u00e9gante et apaisante.<\/p>\n      <\/div>\n\n              <div class=\"ctas\">\n                        <a href=\"https:\/\/www.sources-hotels.com\/bourgogne\/chambres-suites\/suites\"  class=\"button cta1\" >\n        Plus de d\u00e9tails  <\/a>\n                                <button class=\"button cta2 dedge-open\" >R\u00e9server<\/button>\n                  <\/div>\n      \n    <\/div>\n\n    <div class=\"slider\">\n              <div class=\"image\">\n          <figure>\n            <img loading=\"lazy\" decoding=\"async\" width=\"1260\" height=\"1600\" src=\"https:\/\/www.sources-hotels.com\/bourgogne\/wp-content\/uploads\/sites\/5\/2026\/02\/Junior-Suite-1260x1600.jpg\" class=\"w-full object-cover object-center\" alt=\"Junior Suite hotel Bourgogne\" \/>          <\/figure>\n        <\/div>\n              <div class=\"image\">\n          <figure>\n            <img loading=\"lazy\" decoding=\"async\" width=\"1260\" height=\"1600\" src=\"https:\/\/www.sources-hotels.com\/bourgogne\/wp-content\/uploads\/sites\/5\/2026\/02\/LesSourcesdeVougeot_LaPartdesAnges_6_\u00a9Jules-Focone-8-1260x1600.jpg\" class=\"w-full object-cover object-center\" alt=\"Chambre hotel Bourgogne\" \/>          <\/figure>\n        <\/div>\n          <\/div>\n  <\/div>\n<\/section>\n\n\n\n\n<section class=\"custom-block block--room container mx-auto\">\n\n  <div class=\"content gallery-left\">\n\n    <div class=\"text\">\n\n              <h2 class=\"title\"> Suite Particuli\u00e8re <\/h2>\n      \n              <h3 class=\"subtitle\">La Vigne Rose<\/h3>\n      \n      <div class=\"description rte\">\n        <p data-start=\"240\" data-end=\"537\"><span style=\"font-weight: 400\">La plus embl\u00e9matique de nos Suites est un v\u00e9ritable tr\u00e9sor. Ses volumes, ses d\u00e9cors historiques, sa biblioth\u00e8que, son bar privatif en font un cadre exceptionnel pour un s\u00e9jour m\u00e9morable. Refuge romantique pour amoureux d\u2019ici et d\u2019ailleurs autant que pour voyageurs avides de vivre \u00ab\u00a0la vie de ch\u00e2teau\u00a0\u00bb, son cadre somptueux sera source de souvenirs immuables.<\/span><\/p>\n      <\/div>\n\n              <div class=\"ctas\">\n                        <a href=\"https:\/\/www.sources-hotels.com\/bourgogne\/chambres-suites\/suite-particuliere\/\"  class=\"button cta1\" >\n        Plus de d\u00e9tails  <\/a>\n                                <button class=\"button cta2 dedge-open\" >R\u00e9server<\/button>\n                  <\/div>\n      \n    <\/div>\n\n    <div class=\"slider\">\n              <div class=\"image\">\n          <figure>\n            <img loading=\"lazy\" decoding=\"async\" width=\"1260\" height=\"1363\" src=\"https:\/\/www.sources-hotels.com\/bourgogne\/wp-content\/uploads\/sites\/5\/2026\/04\/DSCF0540-HDR-1260x1363.jpg\" class=\"w-full object-cover object-center\" alt=\"Chambre - La Vigne Rose\" \/>          <\/figure>\n        <\/div>\n              <div class=\"image\">\n          <figure>\n            <img loading=\"lazy\" decoding=\"async\" width=\"1260\" height=\"1364\" src=\"https:\/\/www.sources-hotels.com\/bourgogne\/wp-content\/uploads\/sites\/5\/2026\/04\/LesSourcesdeVougeot_LaVigneRose_\u00a9MaximilienForgetStudio-1260x1364.jpg\" class=\"w-full object-cover object-center\" alt=\"Salon - La Suite Particuli\u00e8re\" \/>          <\/figure>\n        <\/div>\n          <\/div>\n  <\/div>\n<\/section>\n\n\n\n\n<section class=\"custom-block block--room container mx-auto\">\n\n  <div class=\"content gallery-right\">\n\n    <div class=\"text\">\n\n              <h2 class=\"title\">Maison Priv\u00e9e <\/h2>\n      \n              <h3 class=\"subtitle\">Le Moulin<\/h3>\n      \n      <div class=\"description rte\">\n        <p data-start=\"240\" data-end=\"537\"><span data-olk-copy-source=\"MessageBody\">Le Moulin est un v\u00e9ritable pavillon privatif. Son \u00e9l\u00e9gant portail en fer forg\u00e9 conduit \u00e0 cette adorable maison \u00e0 l\u2019architecture typiquement bourguignonne. Pouvant accueillir jusqu\u2019\u00e0 5 personnes, il se compose d\u2019une grande pi\u00e8ce au rez-de-chauss\u00e9e propice aux instants de partage, tandis qu\u2019une spacieuse chambre en duplex appelle au repos. Il b\u00e9n\u00e9ficie en exclusivit\u00e9 d\u2019un bain nordique priv\u00e9. Sa situation privil\u00e9gi\u00e9e, aux premi\u00e8res loges de la nature et au calme, invite \u00e0 un s\u00e9jour paisible. \u00a0<\/span><\/p>\n      <\/div>\n\n              <div class=\"ctas\">\n                        <a href=\"https:\/\/www.sources-hotels.com\/bourgogne\/le-moulin\/\"  class=\"button cta1\" >\n        Plus de d\u00e9tails  <\/a>\n                                <button class=\"button cta2 dedge-open\" >R\u00e9server<\/button>\n                  <\/div>\n      \n    <\/div>\n\n    <div class=\"slider\">\n              <div class=\"image\">\n          <figure>\n            <img loading=\"lazy\" decoding=\"async\" width=\"1260\" height=\"1600\" src=\"https:\/\/www.sources-hotels.com\/bourgogne\/wp-content\/uploads\/sites\/5\/2026\/04\/LesSourcesdeVougeot_LeMoulin_\u00a9MaximilienForgetStudio-7-1260x1600.jpg\" class=\"w-full object-cover object-center\" alt=\"Ext\u00e9rieur Le Moulin\" \/>          <\/figure>\n        <\/div>\n          <\/div>\n  <\/div>\n<\/section>\n\n","protected":false},"excerpt":{"rendered":"","protected":false},"author":1,"featured_media":0,"parent":0,"menu_order":0,"comment_status":"closed","ping_status":"closed","template":"","meta":{"_acf_changed":false,"footnotes":""},"hotels":[],"doc_cat":[],"class_list":["post-114","page","type-page","status-publish","hentry"],"acf":[],"yoast_head":"<!-- This site is optimized with the Yoast SEO plugin v25.6 - https:\/\/yoast.com\/wordpress\/plugins\/seo\/ -->\n<title>Chambres Suites de Luxe en Bourgogne | Les Sources de Vougeot<\/title>\n<meta name=\"description\" content=\"S\u00e9journez dans nos chambres et suites de luxe \u00e0 deux pas du Clos Vougeot, sur la route des Grands Crus. R\u00e9servez votre s\u00e9jour.\" \/>\n<meta name=\"robots\" content=\"index, follow, max-snippet:-1, max-image-preview:large, max-video-preview:-1\" \/>\n<link rel=\"canonical\" href=\"https:\/\/www.sources-hotels.com\/bourgogne\/chambres-suites\/\" \/>\n<meta property=\"og:locale\" content=\"fr_FR\" \/>\n<meta property=\"og:type\" content=\"article\" \/>\n<meta property=\"og:title\" content=\"Chambres Suites de Luxe en Bourgogne | Les Sources de Vougeot\" \/>\n<meta property=\"og:description\" content=\"S\u00e9journez dans nos chambres et suites de luxe \u00e0 deux pas du Clos Vougeot, sur la route des Grands Crus. R\u00e9servez votre s\u00e9jour.\" \/>\n<meta property=\"og:url\" content=\"https:\/\/www.sources-hotels.com\/bourgogne\/chambres-suites\/\" \/>\n<meta property=\"og:site_name\" content=\"Les Sources de Vougeot\" \/>\n<meta property=\"article:modified_time\" content=\"2026-04-30T12:26:00+00:00\" \/>\n<meta name=\"twitter:card\" content=\"summary_large_image\" \/>\n<script type=\"application\/ld+json\" class=\"yoast-schema-graph\">{\"@context\":\"https:\/\/schema.org\",\"@graph\":[{\"@type\":\"WebPage\",\"@id\":\"https:\/\/www.sources-hotels.com\/bourgogne\/chambres-suites\/\",\"url\":\"https:\/\/www.sources-hotels.com\/bourgogne\/chambres-suites\/\",\"name\":\"Chambres Suites de Luxe en Bourgogne | Les Sources de Vougeot\",\"isPartOf\":{\"@id\":\"https:\/\/www.sources-hotels.com\/bourgogne\/#website\"},\"datePublished\":\"2026-01-30T08:32:00+00:00\",\"dateModified\":\"2026-04-30T12:26:00+00:00\",\"description\":\"S\u00e9journez dans nos chambres et suites de luxe \u00e0 deux pas du Clos Vougeot, sur la route des Grands Crus. R\u00e9servez votre s\u00e9jour.\",\"breadcrumb\":{\"@id\":\"https:\/\/www.sources-hotels.com\/bourgogne\/chambres-suites\/#breadcrumb\"},\"inLanguage\":\"fr-FR\",\"potentialAction\":[{\"@type\":\"ReadAction\",\"target\":[\"https:\/\/www.sources-hotels.com\/bourgogne\/chambres-suites\/\"]}]},{\"@type\":\"BreadcrumbList\",\"@id\":\"https:\/\/www.sources-hotels.com\/bourgogne\/chambres-suites\/#breadcrumb\",\"itemListElement\":[{\"@type\":\"ListItem\",\"position\":1,\"name\":\"Accueil\",\"item\":\"https:\/\/www.sources-hotels.com\/bourgogne\/\"},{\"@type\":\"ListItem\",\"position\":2,\"name\":\"Chambres &amp; suites\"}]},{\"@type\":\"WebSite\",\"@id\":\"https:\/\/www.sources-hotels.com\/bourgogne\/#website\",\"url\":\"https:\/\/www.sources-hotels.com\/bourgogne\/\",\"name\":\"Les Sources de Vougeot\",\"description\":\"\",\"publisher\":{\"@id\":\"https:\/\/www.sources-hotels.com\/bourgogne\/#organization\"},\"potentialAction\":[{\"@type\":\"SearchAction\",\"target\":{\"@type\":\"EntryPoint\",\"urlTemplate\":\"https:\/\/www.sources-hotels.com\/bourgogne\/?s={search_term_string}\"},\"query-input\":{\"@type\":\"PropertyValueSpecification\",\"valueRequired\":true,\"valueName\":\"search_term_string\"}}],\"inLanguage\":\"fr-FR\"},{\"@type\":\"Organization\",\"@id\":\"https:\/\/www.sources-hotels.com\/bourgogne\/#organization\",\"name\":\"Les Sources de Caudalie\",\"url\":\"https:\/\/www.sources-hotels.com\/bourgogne\/\",\"logo\":{\"@type\":\"ImageObject\",\"inLanguage\":\"fr-FR\",\"@id\":\"https:\/\/www.sources-hotels.com\/bourgogne\/#\/schema\/logo\/image\/\",\"url\":\"\",\"contentUrl\":\"\",\"caption\":\"Les Sources de Caudalie\"},\"image\":{\"@id\":\"https:\/\/www.sources-hotels.com\/bourgogne\/#\/schema\/logo\/image\/\"}}]}<\/script>\n<!-- \/ Yoast SEO plugin. -->","yoast_head_json":{"title":"Chambres Suites de Luxe en Bourgogne | Les Sources de Vougeot","description":"S\u00e9journez dans nos chambres et suites de luxe \u00e0 deux pas du Clos Vougeot, sur la route des Grands Crus. R\u00e9servez votre s\u00e9jour.","robots":{"index":"index","follow":"follow","max-snippet":"max-snippet:-1","max-image-preview":"max-image-preview:large","max-video-preview":"max-video-preview:-1"},"canonical":"https:\/\/www.sources-hotels.com\/bourgogne\/chambres-suites\/","og_locale":"fr_FR","og_type":"article","og_title":"Chambres Suites de Luxe en Bourgogne | Les Sources de Vougeot","og_description":"S\u00e9journez dans nos chambres et suites de luxe \u00e0 deux pas du Clos Vougeot, sur la route des Grands Crus. R\u00e9servez votre s\u00e9jour.","og_url":"https:\/\/www.sources-hotels.com\/bourgogne\/chambres-suites\/","og_site_name":"Les Sources de Vougeot","article_modified_time":"2026-04-30T12:26:00+00:00","twitter_card":"summary_large_image","schema":{"@context":"https:\/\/schema.org","@graph":[{"@type":"WebPage","@id":"https:\/\/www.sources-hotels.com\/bourgogne\/chambres-suites\/","url":"https:\/\/www.sources-hotels.com\/bourgogne\/chambres-suites\/","name":"Chambres Suites de Luxe en Bourgogne | Les Sources de Vougeot","isPartOf":{"@id":"https:\/\/www.sources-hotels.com\/bourgogne\/#website"},"datePublished":"2026-01-30T08:32:00+00:00","dateModified":"2026-04-30T12:26:00+00:00","description":"S\u00e9journez dans nos chambres et suites de luxe \u00e0 deux pas du Clos Vougeot, sur la route des Grands Crus. R\u00e9servez votre s\u00e9jour.","breadcrumb":{"@id":"https:\/\/www.sources-hotels.com\/bourgogne\/chambres-suites\/#breadcrumb"},"inLanguage":"fr-FR","potentialAction":[{"@type":"ReadAction","target":["https:\/\/www.sources-hotels.com\/bourgogne\/chambres-suites\/"]}]},{"@type":"BreadcrumbList","@id":"https:\/\/www.sources-hotels.com\/bourgogne\/chambres-suites\/#breadcrumb","itemListElement":[{"@type":"ListItem","position":1,"name":"Accueil","item":"https:\/\/www.sources-hotels.com\/bourgogne\/"},{"@type":"ListItem","position":2,"name":"Chambres &amp; suites"}]},{"@type":"WebSite","@id":"https:\/\/www.sources-hotels.com\/bourgogne\/#website","url":"https:\/\/www.sources-hotels.com\/bourgogne\/","name":"Les Sources de Vougeot","description":"","publisher":{"@id":"https:\/\/www.sources-hotels.com\/bourgogne\/#organization"},"potentialAction":[{"@type":"SearchAction","target":{"@type":"EntryPoint","urlTemplate":"https:\/\/www.sources-hotels.com\/bourgogne\/?s={search_term_string}"},"query-input":{"@type":"PropertyValueSpecification","valueRequired":true,"valueName":"search_term_string"}}],"inLanguage":"fr-FR"},{"@type":"Organization","@id":"https:\/\/www.sources-hotels.com\/bourgogne\/#organization","name":"Les Sources de Caudalie","url":"https:\/\/www.sources-hotels.com\/bourgogne\/","logo":{"@type":"ImageObject","inLanguage":"fr-FR","@id":"https:\/\/www.sources-hotels.com\/bourgogne\/#\/schema\/logo\/image\/","url":"","contentUrl":"","caption":"Les Sources de Caudalie"},"image":{"@id":"https:\/\/www.sources-hotels.com\/bourgogne\/#\/schema\/logo\/image\/"}}]}},"_links":{"self":[{"href":"https:\/\/www.sources-hotels.com\/bourgogne\/wp-json\/wp\/v2\/pages\/114","targetHints":{"allow":["GET"]}}],"collection":[{"href":"https:\/\/www.sources-hotels.com\/bourgogne\/wp-json\/wp\/v2\/pages"}],"about":[{"href":"https:\/\/www.sources-hotels.com\/bourgogne\/wp-json\/wp\/v2\/types\/page"}],"author":[{"embeddable":true,"href":"https:\/\/www.sources-hotels.com\/bourgogne\/wp-json\/wp\/v2\/users\/1"}],"replies":[{"embeddable":true,"href":"https:\/\/www.sources-hotels.com\/bourgogne\/wp-json\/wp\/v2\/comments?post=114"}],"version-history":[{"count":99,"href":"https:\/\/www.sources-hotels.com\/bourgogne\/wp-json\/wp\/v2\/pages\/114\/revisions"}],"predecessor-version":[{"id":8852,"href":"https:\/\/www.sources-hotels.com\/bourgogne\/wp-json\/wp\/v2\/pages\/114\/revisions\/8852"}],"wp:attachment":[{"href":"https:\/\/www.sources-hotels.com\/bourgogne\/wp-json\/wp\/v2\/media?parent=114"}],"wp:term":[{"taxonomy":"hotels","embeddable":true,"href":"https:\/\/www.sources-hotels.com\/bourgogne\/wp-json\/wp\/v2\/hotels?post=114"},{"taxonomy":"doc_cat","embeddable":true,"href":"https:\/\/www.sources-hotels.com\/bourgogne\/wp-json\/wp\/v2\/doc_cat?post=114"}],"curies":[{"name":"wp","href":"https:\/\/api.w.org\/{rel}","templated":true}]}}