{"id":2006,"date":"2025-01-17T12:05:12","date_gmt":"2025-01-17T11:05:12","guid":{"rendered":"https:\/\/www.sources-hotels.com\/bourgogne\/?page_id=2006"},"modified":"2026-03-03T16:25:20","modified_gmt":"2026-03-03T15:25:20","slug":"recrutement","status":"publish","type":"page","link":"https:\/\/www.sources-hotels.com\/bourgogne\/recrutement\/","title":{"rendered":"Recrutement"},"content":{"rendered":"\n<section class=\"custom-block block--header h-[206rem] text-center text-white overflow-hidden pt-[100rem] relative tablet:h-[700rem] tablet:pt-[420rem]\">\n\n    <h1>\n                            Recrutement            <\/h1>\n\n    \n    <span class=\"scroll-down hidden text-[12rem] tracking-[2rem] uppercase font-title cursor-pointer opacity-[64%] pb-[66rem] absolute left-2\/4 bottom-0 translate-x-[-50%] after:w-[1px] after:h-[50rem] after:bg-white after:opacity-[40%] after:absolute after:bottom-0 after:left-[50%] tablet:block\">\n        Voir la suite    <\/span>\n\n    <figure class=\"min-w-full min-h-full aspect-video overflow-hidden absolute top-2\/4 left-2\/4 translate-x-[-50%] translate-y-[-50%] z-[-1] before:bg-black before:opacity-[35%] before:mix-blend-multiply before:absolute before:top-0 before:left-0 before:right-0 before:bottom-0 before:z-[2]\">\n                    <img loading=\"lazy\" decoding=\"async\" width=\"2880\" height=\"1800\" src=\"https:\/\/www.sources-hotels.com\/bourgogne\/wp-content\/uploads\/sites\/5\/2025\/07\/Vue-Ext-Vignes_MCellard-2011-2880x1800.jpg\" class=\"h-full w-full object-cover object-center\" alt=\"vignoble vignes\" \/>            <\/figure>\n    \n<\/section>\n\n    \n\n<section class=\"custom-block block--title-text\">\n\n    \n            <div class=\"text rte\"><p>&nbsp;<\/p>\n<p style=\"text-align: center;\">Au c\u0153ur de la Bourgogne des grands crus, notre nouvel h\u00f4tel propose 49 chambres et suites, un restaurant gastronomique, une auberge et un Spa Caudalie.<\/p>\n<p style=\"text-align: center;\">Vous int\u00e9grerez un projet unique au c\u0153ur du vignoble bourguignon et contribuerez \u00e0 \u00e9crire une nouvelle page de l\u2019histoire de la Collection des H\u00f4tels du Vignoble : des exp\u00e9riences h\u00f4teli\u00e8res singuli\u00e8res dans les plus belles r\u00e9gions viticoles fran\u00e7aises.<\/p>\n<\/div>\n    \n<\/section>\n\n\n\n<section class=\"custom-block block--job-offers-list container mx-auto mt-[40rem]\">\n  \n  <div class=\"section-content-recrutement\">\n    <script src=\"https:\/\/jobaffinity.fr\/syndication\/publication\/2901\/55685\"><\/script>\n  <\/div>\n<\/section>","protected":false},"excerpt":{"rendered":"","protected":false},"author":1,"featured_media":0,"parent":0,"menu_order":0,"comment_status":"closed","ping_status":"closed","template":"","meta":{"_acf_changed":false,"footnotes":""},"hotels":[],"doc_cat":[],"class_list":["post-2006","page","type-page","status-publish","hentry"],"acf":[],"yoast_head":"<!-- This site is optimized with the Yoast SEO plugin v25.6 - https:\/\/yoast.com\/wordpress\/plugins\/seo\/ -->\n<title>Emploi h\u00f4tel - Les Sources de Vougeot<\/title>\n<meta name=\"description\" content=\"D\u00e9couvrez nos offres emplois. Hotel Les Sources de Vougeot en Bourgogne. Cuisine, salle, housekeeping, r\u00e9ception\" \/>\n<meta name=\"robots\" content=\"index, follow, max-snippet:-1, max-image-preview:large, max-video-preview:-1\" \/>\n<link rel=\"canonical\" href=\"https:\/\/www.sources-hotels.com\/bourgogne\/recrutement\/\" \/>\n<meta property=\"og:locale\" content=\"fr_FR\" \/>\n<meta property=\"og:type\" content=\"article\" \/>\n<meta property=\"og:title\" content=\"Emploi h\u00f4tel - Les Sources de Vougeot\" \/>\n<meta property=\"og:description\" content=\"D\u00e9couvrez nos offres emplois. Hotel Les Sources de Vougeot en Bourgogne. Cuisine, salle, housekeeping, r\u00e9ception\" \/>\n<meta property=\"og:url\" content=\"https:\/\/www.sources-hotels.com\/bourgogne\/recrutement\/\" \/>\n<meta property=\"og:site_name\" content=\"Les Sources de Vougeot\" \/>\n<meta property=\"article:modified_time\" content=\"2026-03-03T15:25:20+00:00\" \/>\n<meta name=\"twitter:card\" content=\"summary_large_image\" \/>\n<script type=\"application\/ld+json\" class=\"yoast-schema-graph\">{\"@context\":\"https:\/\/schema.org\",\"@graph\":[{\"@type\":\"WebPage\",\"@id\":\"https:\/\/www.sources-hotels.com\/bourgogne\/recrutement\/\",\"url\":\"https:\/\/www.sources-hotels.com\/bourgogne\/recrutement\/\",\"name\":\"Emploi h\u00f4tel - Les Sources de Vougeot\",\"isPartOf\":{\"@id\":\"https:\/\/www.sources-hotels.com\/bourgogne\/#website\"},\"datePublished\":\"2025-01-17T11:05:12+00:00\",\"dateModified\":\"2026-03-03T15:25:20+00:00\",\"description\":\"D\u00e9couvrez nos offres emplois. Hotel Les Sources de Vougeot en Bourgogne. Cuisine, salle, housekeeping, r\u00e9ception\",\"breadcrumb\":{\"@id\":\"https:\/\/www.sources-hotels.com\/bourgogne\/recrutement\/#breadcrumb\"},\"inLanguage\":\"fr-FR\",\"potentialAction\":[{\"@type\":\"ReadAction\",\"target\":[\"https:\/\/www.sources-hotels.com\/bourgogne\/recrutement\/\"]}]},{\"@type\":\"BreadcrumbList\",\"@id\":\"https:\/\/www.sources-hotels.com\/bourgogne\/recrutement\/#breadcrumb\",\"itemListElement\":[{\"@type\":\"ListItem\",\"position\":1,\"name\":\"Accueil\",\"item\":\"https:\/\/www.sources-hotels.com\/bourgogne\/\"},{\"@type\":\"ListItem\",\"position\":2,\"name\":\"Recrutement\"}]},{\"@type\":\"WebSite\",\"@id\":\"https:\/\/www.sources-hotels.com\/bourgogne\/#website\",\"url\":\"https:\/\/www.sources-hotels.com\/bourgogne\/\",\"name\":\"Les Sources de Vougeot\",\"description\":\"\",\"publisher\":{\"@id\":\"https:\/\/www.sources-hotels.com\/bourgogne\/#organization\"},\"potentialAction\":[{\"@type\":\"SearchAction\",\"target\":{\"@type\":\"EntryPoint\",\"urlTemplate\":\"https:\/\/www.sources-hotels.com\/bourgogne\/?s={search_term_string}\"},\"query-input\":{\"@type\":\"PropertyValueSpecification\",\"valueRequired\":true,\"valueName\":\"search_term_string\"}}],\"inLanguage\":\"fr-FR\"},{\"@type\":\"Organization\",\"@id\":\"https:\/\/www.sources-hotels.com\/bourgogne\/#organization\",\"name\":\"Les Sources de Caudalie\",\"url\":\"https:\/\/www.sources-hotels.com\/bourgogne\/\",\"logo\":{\"@type\":\"ImageObject\",\"inLanguage\":\"fr-FR\",\"@id\":\"https:\/\/www.sources-hotels.com\/bourgogne\/#\/schema\/logo\/image\/\",\"url\":\"\",\"contentUrl\":\"\",\"caption\":\"Les Sources de Caudalie\"},\"image\":{\"@id\":\"https:\/\/www.sources-hotels.com\/bourgogne\/#\/schema\/logo\/image\/\"}}]}<\/script>\n<!-- \/ Yoast SEO plugin. -->","yoast_head_json":{"title":"Emploi h\u00f4tel - Les Sources de Vougeot","description":"D\u00e9couvrez nos offres emplois. Hotel Les Sources de Vougeot en Bourgogne. Cuisine, salle, housekeeping, r\u00e9ception","robots":{"index":"index","follow":"follow","max-snippet":"max-snippet:-1","max-image-preview":"max-image-preview:large","max-video-preview":"max-video-preview:-1"},"canonical":"https:\/\/www.sources-hotels.com\/bourgogne\/recrutement\/","og_locale":"fr_FR","og_type":"article","og_title":"Emploi h\u00f4tel - Les Sources de Vougeot","og_description":"D\u00e9couvrez nos offres emplois. Hotel Les Sources de Vougeot en Bourgogne. Cuisine, salle, housekeeping, r\u00e9ception","og_url":"https:\/\/www.sources-hotels.com\/bourgogne\/recrutement\/","og_site_name":"Les Sources de Vougeot","article_modified_time":"2026-03-03T15:25:20+00:00","twitter_card":"summary_large_image","schema":{"@context":"https:\/\/schema.org","@graph":[{"@type":"WebPage","@id":"https:\/\/www.sources-hotels.com\/bourgogne\/recrutement\/","url":"https:\/\/www.sources-hotels.com\/bourgogne\/recrutement\/","name":"Emploi h\u00f4tel - Les Sources de Vougeot","isPartOf":{"@id":"https:\/\/www.sources-hotels.com\/bourgogne\/#website"},"datePublished":"2025-01-17T11:05:12+00:00","dateModified":"2026-03-03T15:25:20+00:00","description":"D\u00e9couvrez nos offres emplois. Hotel Les Sources de Vougeot en Bourgogne. Cuisine, salle, housekeeping, r\u00e9ception","breadcrumb":{"@id":"https:\/\/www.sources-hotels.com\/bourgogne\/recrutement\/#breadcrumb"},"inLanguage":"fr-FR","potentialAction":[{"@type":"ReadAction","target":["https:\/\/www.sources-hotels.com\/bourgogne\/recrutement\/"]}]},{"@type":"BreadcrumbList","@id":"https:\/\/www.sources-hotels.com\/bourgogne\/recrutement\/#breadcrumb","itemListElement":[{"@type":"ListItem","position":1,"name":"Accueil","item":"https:\/\/www.sources-hotels.com\/bourgogne\/"},{"@type":"ListItem","position":2,"name":"Recrutement"}]},{"@type":"WebSite","@id":"https:\/\/www.sources-hotels.com\/bourgogne\/#website","url":"https:\/\/www.sources-hotels.com\/bourgogne\/","name":"Les Sources de Vougeot","description":"","publisher":{"@id":"https:\/\/www.sources-hotels.com\/bourgogne\/#organization"},"potentialAction":[{"@type":"SearchAction","target":{"@type":"EntryPoint","urlTemplate":"https:\/\/www.sources-hotels.com\/bourgogne\/?s={search_term_string}"},"query-input":{"@type":"PropertyValueSpecification","valueRequired":true,"valueName":"search_term_string"}}],"inLanguage":"fr-FR"},{"@type":"Organization","@id":"https:\/\/www.sources-hotels.com\/bourgogne\/#organization","name":"Les Sources de Caudalie","url":"https:\/\/www.sources-hotels.com\/bourgogne\/","logo":{"@type":"ImageObject","inLanguage":"fr-FR","@id":"https:\/\/www.sources-hotels.com\/bourgogne\/#\/schema\/logo\/image\/","url":"","contentUrl":"","caption":"Les Sources de Caudalie"},"image":{"@id":"https:\/\/www.sources-hotels.com\/bourgogne\/#\/schema\/logo\/image\/"}}]}},"_links":{"self":[{"href":"https:\/\/www.sources-hotels.com\/bourgogne\/wp-json\/wp\/v2\/pages\/2006","targetHints":{"allow":["GET"]}}],"collection":[{"href":"https:\/\/www.sources-hotels.com\/bourgogne\/wp-json\/wp\/v2\/pages"}],"about":[{"href":"https:\/\/www.sources-hotels.com\/bourgogne\/wp-json\/wp\/v2\/types\/page"}],"author":[{"embeddable":true,"href":"https:\/\/www.sources-hotels.com\/bourgogne\/wp-json\/wp\/v2\/users\/1"}],"replies":[{"embeddable":true,"href":"https:\/\/www.sources-hotels.com\/bourgogne\/wp-json\/wp\/v2\/comments?post=2006"}],"version-history":[{"count":30,"href":"https:\/\/www.sources-hotels.com\/bourgogne\/wp-json\/wp\/v2\/pages\/2006\/revisions"}],"predecessor-version":[{"id":7336,"href":"https:\/\/www.sources-hotels.com\/bourgogne\/wp-json\/wp\/v2\/pages\/2006\/revisions\/7336"}],"wp:attachment":[{"href":"https:\/\/www.sources-hotels.com\/bourgogne\/wp-json\/wp\/v2\/media?parent=2006"}],"wp:term":[{"taxonomy":"hotels","embeddable":true,"href":"https:\/\/www.sources-hotels.com\/bourgogne\/wp-json\/wp\/v2\/hotels?post=2006"},{"taxonomy":"doc_cat","embeddable":true,"href":"https:\/\/www.sources-hotels.com\/bourgogne\/wp-json\/wp\/v2\/doc_cat?post=2006"}],"curies":[{"name":"wp","href":"https:\/\/api.w.org\/{rel}","templated":true}]}}