{"id":227,"date":"2024-12-30T14:17:22","date_gmt":"2024-12-30T13:17:22","guid":{"rendered":"https:\/\/www.sources-hotels.com\/bourgogne\/?page_id=227"},"modified":"2026-04-09T16:24:39","modified_gmt":"2026-04-09T14:24:39","slug":"restaurants","status":"publish","type":"page","link":"https:\/\/www.sources-hotels.com\/bourgogne\/restaurants\/","title":{"rendered":"Restaurants"},"content":{"rendered":"\n<section class=\"custom-block block--header h-[206rem] text-center text-white overflow-hidden pt-[100rem] relative tablet:h-[700rem] tablet:pt-[420rem]\">\n\n    <h1>\n                            NOS RESTAURANTS &amp; BAR            <\/h1>\n\n    \n    <span class=\"scroll-down hidden text-[12rem] tracking-[2rem] uppercase font-title cursor-pointer opacity-[64%] pb-[66rem] absolute left-2\/4 bottom-0 translate-x-[-50%] after:w-[1px] after:h-[50rem] after:bg-white after:opacity-[40%] after:absolute after:bottom-0 after:left-[50%] tablet:block\">\n        Voir la suite    <\/span>\n\n    <figure class=\"min-w-full min-h-full aspect-video overflow-hidden absolute top-2\/4 left-2\/4 translate-x-[-50%] translate-y-[-50%] z-[-1] before:bg-black before:opacity-[35%] before:mix-blend-multiply before:absolute before:top-0 before:left-0 before:right-0 before:bottom-0 before:z-[2]\">\n                    <img loading=\"lazy\" decoding=\"async\" width=\"2880\" height=\"1800\" src=\"https:\/\/www.sources-hotels.com\/bourgogne\/wp-content\/uploads\/sites\/5\/2026\/03\/SDV_ClosDelaTour_VanilleAgrumes_\u00a9AgencePancake-6-e1774872984528-2880x1800.jpg\" class=\"h-full w-full object-cover object-center\" alt=\"Vanille Agrumes - Le Clos de la Tour\" \/>            <\/figure>\n    \n<\/section>\n\n    \n\n\n<section class=\"custom-block block--title-introduction text-center tablet:!pb-[60rem]\">\n\n            <h2 class=\"block-title\">Restaurants &amp; BAR<\/h2>\n    \n    <div class=\"tablet:w-[970rem] tablet:inline-block\">\n        <p data-start=\"253\" data-end=\"363\">Une cuisine d\u2019auteur, g\u00e9n\u00e9reuse et profond\u00e9ment ancr\u00e9e en Bourgogne, dans un \u00e9crin de nature et de patrimoine.<\/p>\n<p data-start=\"365\" data-end=\"624\">Aux Sources de Vougeot, la table est une v\u00e9ritable invitation au voyage, entre respect du terroir, cr\u00e9ativit\u00e9 et convivialit\u00e9. \u00c0 travers deux exp\u00e9riences compl\u00e9mentaires, le Chef Julien Martin c\u00e9l\u00e8bre la richesse de la Bourgogne et le plaisir de partager.<\/p>\n    <\/div>\n\n<\/section>\n\n\n\n<section class=\"custom-block block--room container mx-auto\">\n\n  <div class=\"content gallery-left\">\n\n    <div class=\"text\">\n\n              <h2 class=\"title\">Le Clos de la Tour<\/h2>\n      \n              <h3 class=\"subtitle\">Restaurant Gastronomique<\/h3>\n      \n      <div class=\"description rte\">\n        <p>Au c\u0153ur de la C\u00f4te de Nuits, l\u00e0 o\u00f9 la vigne dessine le paysage et rythme le temps, Le Clos de la Tour s\u2019ancre en son terroir.<\/p>\n<p>Ici, le Chef Julien Martin propose une cuisine inspir\u00e9e de la Bourgogne d\u2019hier, dont l\u2019expression actuelle est \u00e9pur\u00e9e, pr\u00e9cise, sensible : Vibrante.<\/p>\n<p>Nature foisonnante et nourrici\u00e8re, c\u00f4teaux mythiques source du nectar divin\u2026 Mod\u00e8les de patience, d\u2019\u00e9quilibre et de ma\u00eetrise discr\u00e8te\u2026<\/p>\n<p>Le dialogue se cr\u00e9e, les assiettes se r\u00e9v\u00e8lent, les accords se lient, l\u2019essence m\u00eame de la Bourgogne se vit et invite \u00e0 une \u00e9motion sinc\u00e8re.<\/p>\n      <\/div>\n\n              <div class=\"ctas\">\n                        <a href=\"https:\/\/www.sources-hotels.com\/bourgogne\/restaurant-le-clos-de-la-tour\/\"  class=\"button cta1\" >\n        D\u00e9couvrir  <\/a>\n                            <\/div>\n      \n    <\/div>\n\n    <div class=\"slider\">\n              <div class=\"image\">\n          <figure>\n            <img loading=\"lazy\" decoding=\"async\" width=\"1260\" height=\"1600\" src=\"https:\/\/www.sources-hotels.com\/bourgogne\/wp-content\/uploads\/sites\/5\/2026\/03\/SDV_ClosDelaTour_Lotte_\u00a9AgencePancake-1260x1600.jpg\" class=\"w-full object-cover object-center\" alt=\"\" \/>          <\/figure>\n        <\/div>\n          <\/div>\n  <\/div>\n<\/section>\n\n\n\n\n<section class=\"custom-block block--room container mx-auto\">\n\n  <div class=\"content gallery-right\">\n\n    <div class=\"text\">\n\n              <h2 class=\"title\">L&rsquo;Auberge des C\u00eeteaux<\/h2>\n      \n      \n      <div class=\"description rte\">\n        <p>La table met \u00e0 l\u2019honneur une cuisine g\u00e9n\u00e9reuse, port\u00e9e par les produits vivants de la r\u00e9gion. L\u00e9gumes anciens, viandes locales et r\u00e9coltes de saison inspirent des plats sinc\u00e8res, gourmands, pens\u00e9s pour le partage et la simplicit\u00e9 du bon go\u00fbt.<\/p>\n<p>En terrasse, \u00e0 l&rsquo;ombre des noisetiers, la vue sur le patrimoine bourguignon accompagnent les grandes tabl\u00e9es. En salle, la chemin\u00e9e installe l&rsquo;hiver dans son cadre le plus chaleureux.<\/p>\n      <\/div>\n\n              <div class=\"ctas\">\n                        <a href=\"https:\/\/www.sources-hotels.com\/bourgogne\/restaurant-lauberge-des-citeaux\/\"  class=\"button cta1\" >\n        D\u00e9couvrir   <\/a>\n                            <\/div>\n      \n    <\/div>\n\n    <div class=\"slider\">\n              <div class=\"image\">\n          <figure>\n            <img loading=\"lazy\" decoding=\"async\" width=\"1260\" height=\"1600\" src=\"https:\/\/www.sources-hotels.com\/bourgogne\/wp-content\/uploads\/sites\/5\/2026\/03\/SDV_LAubergedesCiteaux_Asperges_\u00a9AgencePancake-3-1260x1600.jpg\" class=\"w-full object-cover object-center\" alt=\"\" \/>          <\/figure>\n        <\/div>\n          <\/div>\n  <\/div>\n<\/section>\n\n\n\n\n<section class=\"custom-block block--cooking-classes bg-white\">\n\n            <h2 class=\"block-title\">Le Bar du Ch\u00e2teau<\/h2>\n    \n    <div class=\"content-wrapper picture-left\">\n\n        <div class=\"text\">\n\n            \n                            <div class=\"content rte\">\n                    <p data-start=\"0\" data-end=\"274\">Le Bar du Ch\u00e2teau vous invite \u00e0 d\u00e9couvrir un univers somptueux, o\u00f9 l\u2019\u00e9l\u00e9gance se m\u00eale \u00e0 la convivialit\u00e9. Habill\u00e9 de velours d\u2019un vert profond, l\u2019espace d\u00e9voile un cadre intimiste et raffin\u00e9, propice \u00e0 la d\u00e9tente et \u00e0 la d\u00e9gustation.<\/p>\n<p data-start=\"276\" data-end=\"624\" data-is-last-node=\"\" data-is-only-node=\"\">Dans cette atmosph\u00e8re chaleureuse, au c\u0153ur m\u00eame du Ch\u00e2teau, chaque d\u00e9tail a \u00e9t\u00e9 pens\u00e9 pour offrir un moment hors du temps, savourer un cocktail d\u00e9licieusement \u00e9labor\u00e9 ou explorer une s\u00e9lection de spiritueux soigneusement choisis.<\/p>\n                <\/div>\n            \n            \n            \n            \n            \n        <\/div>\n        <div class=\"relative\">\n            <figure class=\"image\">\n                <img loading=\"lazy\" decoding=\"async\" width=\"1260\" height=\"1000\" src=\"https:\/\/www.sources-hotels.com\/bourgogne\/wp-content\/uploads\/sites\/5\/2026\/03\/SDV_BarduChateau_\u00a9AgencePancake-10-1260x1000.jpg\" class=\"h-full w-full object-cover object-center\" alt=\"\" \/>            <\/figure>\n                    <\/div>\n    <\/div>\n\n<\/section>","protected":false},"excerpt":{"rendered":"","protected":false},"author":1,"featured_media":0,"parent":0,"menu_order":0,"comment_status":"closed","ping_status":"closed","template":"","meta":{"_acf_changed":false,"footnotes":""},"hotels":[],"doc_cat":[],"class_list":["post-227","page","type-page","status-publish","hentry"],"acf":[],"yoast_head":"<!-- This site is optimized with the Yoast SEO plugin v25.6 - https:\/\/yoast.com\/wordpress\/plugins\/seo\/ -->\n<title>Nos restaurants | H\u00f4tel Les Sources de Vougeot<\/title>\n<meta name=\"description\" content=\"D\u00e9couvrez nos restaurants en Bourgogne, entre gastronomie raffin\u00e9e du Chef Julien Martin et cuisine g\u00e9n\u00e9reuse inspir\u00e9e du terroir.\" \/>\n<meta name=\"robots\" content=\"index, follow, max-snippet:-1, max-image-preview:large, max-video-preview:-1\" \/>\n<link rel=\"canonical\" href=\"https:\/\/www.sources-hotels.com\/bourgogne\/restaurants\/\" \/>\n<meta property=\"og:locale\" content=\"fr_FR\" \/>\n<meta property=\"og:type\" content=\"article\" \/>\n<meta property=\"og:title\" content=\"Nos restaurants | H\u00f4tel Les Sources de Vougeot\" \/>\n<meta property=\"og:description\" content=\"D\u00e9couvrez nos restaurants en Bourgogne, entre gastronomie raffin\u00e9e du Chef Julien Martin et cuisine g\u00e9n\u00e9reuse inspir\u00e9e du terroir.\" \/>\n<meta property=\"og:url\" content=\"https:\/\/www.sources-hotels.com\/bourgogne\/restaurants\/\" \/>\n<meta property=\"og:site_name\" content=\"Les Sources de Vougeot\" \/>\n<meta property=\"article:modified_time\" content=\"2026-04-09T14:24:39+00:00\" \/>\n<meta name=\"twitter:card\" content=\"summary_large_image\" \/>\n<script type=\"application\/ld+json\" class=\"yoast-schema-graph\">{\"@context\":\"https:\/\/schema.org\",\"@graph\":[{\"@type\":\"WebPage\",\"@id\":\"https:\/\/www.sources-hotels.com\/bourgogne\/restaurants\/\",\"url\":\"https:\/\/www.sources-hotels.com\/bourgogne\/restaurants\/\",\"name\":\"Nos restaurants | H\u00f4tel Les Sources de Vougeot\",\"isPartOf\":{\"@id\":\"https:\/\/www.sources-hotels.com\/bourgogne\/#website\"},\"datePublished\":\"2024-12-30T13:17:22+00:00\",\"dateModified\":\"2026-04-09T14:24:39+00:00\",\"description\":\"D\u00e9couvrez nos restaurants en Bourgogne, entre gastronomie raffin\u00e9e du Chef Julien Martin et cuisine g\u00e9n\u00e9reuse inspir\u00e9e du terroir.\",\"breadcrumb\":{\"@id\":\"https:\/\/www.sources-hotels.com\/bourgogne\/restaurants\/#breadcrumb\"},\"inLanguage\":\"fr-FR\",\"potentialAction\":[{\"@type\":\"ReadAction\",\"target\":[\"https:\/\/www.sources-hotels.com\/bourgogne\/restaurants\/\"]}]},{\"@type\":\"BreadcrumbList\",\"@id\":\"https:\/\/www.sources-hotels.com\/bourgogne\/restaurants\/#breadcrumb\",\"itemListElement\":[{\"@type\":\"ListItem\",\"position\":1,\"name\":\"Accueil\",\"item\":\"https:\/\/www.sources-hotels.com\/bourgogne\/\"},{\"@type\":\"ListItem\",\"position\":2,\"name\":\"Restaurants\"}]},{\"@type\":\"WebSite\",\"@id\":\"https:\/\/www.sources-hotels.com\/bourgogne\/#website\",\"url\":\"https:\/\/www.sources-hotels.com\/bourgogne\/\",\"name\":\"Les Sources de Vougeot\",\"description\":\"\",\"publisher\":{\"@id\":\"https:\/\/www.sources-hotels.com\/bourgogne\/#organization\"},\"potentialAction\":[{\"@type\":\"SearchAction\",\"target\":{\"@type\":\"EntryPoint\",\"urlTemplate\":\"https:\/\/www.sources-hotels.com\/bourgogne\/?s={search_term_string}\"},\"query-input\":{\"@type\":\"PropertyValueSpecification\",\"valueRequired\":true,\"valueName\":\"search_term_string\"}}],\"inLanguage\":\"fr-FR\"},{\"@type\":\"Organization\",\"@id\":\"https:\/\/www.sources-hotels.com\/bourgogne\/#organization\",\"name\":\"Les Sources de Caudalie\",\"url\":\"https:\/\/www.sources-hotels.com\/bourgogne\/\",\"logo\":{\"@type\":\"ImageObject\",\"inLanguage\":\"fr-FR\",\"@id\":\"https:\/\/www.sources-hotels.com\/bourgogne\/#\/schema\/logo\/image\/\",\"url\":\"\",\"contentUrl\":\"\",\"caption\":\"Les Sources de Caudalie\"},\"image\":{\"@id\":\"https:\/\/www.sources-hotels.com\/bourgogne\/#\/schema\/logo\/image\/\"}}]}<\/script>\n<!-- \/ Yoast SEO plugin. -->","yoast_head_json":{"title":"Nos restaurants | H\u00f4tel Les Sources de Vougeot","description":"D\u00e9couvrez nos restaurants en Bourgogne, entre gastronomie raffin\u00e9e du Chef Julien Martin et cuisine g\u00e9n\u00e9reuse inspir\u00e9e du terroir.","robots":{"index":"index","follow":"follow","max-snippet":"max-snippet:-1","max-image-preview":"max-image-preview:large","max-video-preview":"max-video-preview:-1"},"canonical":"https:\/\/www.sources-hotels.com\/bourgogne\/restaurants\/","og_locale":"fr_FR","og_type":"article","og_title":"Nos restaurants | H\u00f4tel Les Sources de Vougeot","og_description":"D\u00e9couvrez nos restaurants en Bourgogne, entre gastronomie raffin\u00e9e du Chef Julien Martin et cuisine g\u00e9n\u00e9reuse inspir\u00e9e du terroir.","og_url":"https:\/\/www.sources-hotels.com\/bourgogne\/restaurants\/","og_site_name":"Les Sources de Vougeot","article_modified_time":"2026-04-09T14:24:39+00:00","twitter_card":"summary_large_image","schema":{"@context":"https:\/\/schema.org","@graph":[{"@type":"WebPage","@id":"https:\/\/www.sources-hotels.com\/bourgogne\/restaurants\/","url":"https:\/\/www.sources-hotels.com\/bourgogne\/restaurants\/","name":"Nos restaurants | H\u00f4tel Les Sources de Vougeot","isPartOf":{"@id":"https:\/\/www.sources-hotels.com\/bourgogne\/#website"},"datePublished":"2024-12-30T13:17:22+00:00","dateModified":"2026-04-09T14:24:39+00:00","description":"D\u00e9couvrez nos restaurants en Bourgogne, entre gastronomie raffin\u00e9e du Chef Julien Martin et cuisine g\u00e9n\u00e9reuse inspir\u00e9e du terroir.","breadcrumb":{"@id":"https:\/\/www.sources-hotels.com\/bourgogne\/restaurants\/#breadcrumb"},"inLanguage":"fr-FR","potentialAction":[{"@type":"ReadAction","target":["https:\/\/www.sources-hotels.com\/bourgogne\/restaurants\/"]}]},{"@type":"BreadcrumbList","@id":"https:\/\/www.sources-hotels.com\/bourgogne\/restaurants\/#breadcrumb","itemListElement":[{"@type":"ListItem","position":1,"name":"Accueil","item":"https:\/\/www.sources-hotels.com\/bourgogne\/"},{"@type":"ListItem","position":2,"name":"Restaurants"}]},{"@type":"WebSite","@id":"https:\/\/www.sources-hotels.com\/bourgogne\/#website","url":"https:\/\/www.sources-hotels.com\/bourgogne\/","name":"Les Sources de Vougeot","description":"","publisher":{"@id":"https:\/\/www.sources-hotels.com\/bourgogne\/#organization"},"potentialAction":[{"@type":"SearchAction","target":{"@type":"EntryPoint","urlTemplate":"https:\/\/www.sources-hotels.com\/bourgogne\/?s={search_term_string}"},"query-input":{"@type":"PropertyValueSpecification","valueRequired":true,"valueName":"search_term_string"}}],"inLanguage":"fr-FR"},{"@type":"Organization","@id":"https:\/\/www.sources-hotels.com\/bourgogne\/#organization","name":"Les Sources de Caudalie","url":"https:\/\/www.sources-hotels.com\/bourgogne\/","logo":{"@type":"ImageObject","inLanguage":"fr-FR","@id":"https:\/\/www.sources-hotels.com\/bourgogne\/#\/schema\/logo\/image\/","url":"","contentUrl":"","caption":"Les Sources de Caudalie"},"image":{"@id":"https:\/\/www.sources-hotels.com\/bourgogne\/#\/schema\/logo\/image\/"}}]}},"_links":{"self":[{"href":"https:\/\/www.sources-hotels.com\/bourgogne\/wp-json\/wp\/v2\/pages\/227","targetHints":{"allow":["GET"]}}],"collection":[{"href":"https:\/\/www.sources-hotels.com\/bourgogne\/wp-json\/wp\/v2\/pages"}],"about":[{"href":"https:\/\/www.sources-hotels.com\/bourgogne\/wp-json\/wp\/v2\/types\/page"}],"author":[{"embeddable":true,"href":"https:\/\/www.sources-hotels.com\/bourgogne\/wp-json\/wp\/v2\/users\/1"}],"replies":[{"embeddable":true,"href":"https:\/\/www.sources-hotels.com\/bourgogne\/wp-json\/wp\/v2\/comments?post=227"}],"version-history":[{"count":60,"href":"https:\/\/www.sources-hotels.com\/bourgogne\/wp-json\/wp\/v2\/pages\/227\/revisions"}],"predecessor-version":[{"id":8016,"href":"https:\/\/www.sources-hotels.com\/bourgogne\/wp-json\/wp\/v2\/pages\/227\/revisions\/8016"}],"wp:attachment":[{"href":"https:\/\/www.sources-hotels.com\/bourgogne\/wp-json\/wp\/v2\/media?parent=227"}],"wp:term":[{"taxonomy":"hotels","embeddable":true,"href":"https:\/\/www.sources-hotels.com\/bourgogne\/wp-json\/wp\/v2\/hotels?post=227"},{"taxonomy":"doc_cat","embeddable":true,"href":"https:\/\/www.sources-hotels.com\/bourgogne\/wp-json\/wp\/v2\/doc_cat?post=227"}],"curies":[{"name":"wp","href":"https:\/\/api.w.org\/{rel}","templated":true}]}}