{"id":389,"date":"2024-12-31T15:08:16","date_gmt":"2024-12-31T14:08:16","guid":{"rendered":"https:\/\/www.sources-hotels.com\/bourgogne\/?page_id=389"},"modified":"2026-04-05T17:48:50","modified_gmt":"2026-04-05T15:48:50","slug":"acces-et-contact","status":"publish","type":"page","link":"https:\/\/www.sources-hotels.com\/bourgogne\/acces-et-contact\/","title":{"rendered":"Acc\u00e8s et contact"},"content":{"rendered":"\n<section class=\"custom-block block--header aspect-[375\/700] text-center text-white overflow-hidden pt-[100rem] relative tablet:aspect-auto tablet:h-[700rem] tablet:pt-[420rem]\">\n\n    <h1>\n                            ACC\u00c8S ET CONTACT            <\/h1>\n\n    \n    <span class=\"scroll-down hidden text-[12rem] tracking-[2rem] uppercase font-title cursor-pointer opacity-[64%] pb-[66rem] absolute left-2\/4 bottom-0 translate-x-[-50%] after:w-[1px] after:h-[50rem] after:bg-white after:opacity-[40%] after:absolute after:bottom-0 after:left-[50%] tablet:block\">\n        Voir la suite    <\/span>\n\n    <figure class=\"min-w-full min-h-full aspect-video overflow-hidden absolute top-2\/4 left-2\/4 translate-x-[-50%] translate-y-[-50%] z-[-1] before:bg-black before:opacity-[35%] before:mix-blend-multiply before:absolute before:top-0 before:left-0 before:right-0 before:bottom-0 before:z-[2]\">\n                    <img loading=\"lazy\" decoding=\"async\" width=\"2880\" height=\"1800\" src=\"https:\/\/www.sources-hotels.com\/bourgogne\/wp-content\/uploads\/sites\/5\/2025\/07\/Vue-Ext-Vignes_MCellard-2011-2880x1800.jpg\" class=\"h-full w-full object-cover object-center\" alt=\"vignoble vignes\" \/>            <\/figure>\n\n        \n<\/section>\n\n    \n\n<section class=\"custom-block block--text-1-large-visual-watermark-writing overflow-visible z-[0]\">\n\n      <h2 class=\"block-title\">COMMENT VENIR<\/h2>\n  \n  <div class=\"block-content picture-left\">\n\n    <div class=\"content\">\n\n      \n      <div class=\"text rte\">\n\n        \n        <div class=\"rte\">\n          <p><em><strong>2 place du Ch\u00e2teau<\/strong><\/em> \u2013 21640 Gilly-l\u00e8s-C\u00eeteaux<\/p>\n<p><strong>Acc\u00e8s en voiture :<\/strong><\/p>\n<ul>\n<li>Depuis <strong>Paris<\/strong> : A6 puis A31, sortie <strong>Nuits-Saint-Georges<\/strong>, direction <strong>Gilly-l\u00e8s-C\u00eeteaux<\/strong> (330 km, 3h30).<\/li>\n<li>Depuis <strong>Lyon<\/strong> : A6 puis A31, sortie <strong>Nuits-Saint-Georges<\/strong>, direction <strong>Gilly-l\u00e8s-C\u00eeteaux<\/strong> (175 km, 2h).<\/li>\n<\/ul>\n<p>Parking disponible sur place.<\/p>\n<p><strong>Acc\u00e8s en train :<br \/>\n<\/strong>La gare la plus pratique est <strong>Dijon Ville (TGV)<\/strong>, \u00e0 30 minutes en voiture. Transfert priv\u00e9 sur demande.<\/p>\n<ul>\n<li>TGV directs : Paris Gare de Lyon (1h35), Lyon Part-Dieu (1h40), Zurich (3h)<\/li>\n<li>La gare <strong>Vougeot \u2013 Gilly-l\u00e8s-C\u00eeteaux<\/strong> se situe \u00e0 1000 m\u00e8tres \u00e0 pied de l\u2019h\u00f4tel. Trains TER vers Beaune et Dijon. Fr\u00e9quence limit\u00e9e, id\u00e9ale pour une escapade \u00e0 la journ\u00e9e.<\/li>\n<\/ul>\n<p>&nbsp;<br \/>\n<strong>Acc\u00e8s en avion :<br \/>\n<\/strong>Acc\u00e8s facile depuis les principaux a\u00e9roports :<\/p>\n<ul>\n<li><strong>Lyon Saint-Exup\u00e9ry<\/strong> \u2013 2h<\/li>\n<li><strong>Gen\u00e8ve International Airport<\/strong> \u2013 2h30<\/li>\n<li><strong>Paris Charles de Gaulle<\/strong> \u2013 3h<\/li>\n<li>Dijon Bourgogne \u2013 30 minutes<\/li>\n<li>Beaune-Challanges \u2013 25 minutes<\/li>\n<\/ul>\n<p>Transferts priv\u00e9s disponibles sur demande.<\/p>\n        <\/div>\n\n        <div class=\"cta\">\n                  <\/div>\n\n      <\/div>\n\n    <\/div>\n\n    <div class=\"image\">\n      <figure>\n        <img loading=\"lazy\" decoding=\"async\" width=\"1260\" height=\"1600\" src=\"https:\/\/www.sources-hotels.com\/bourgogne\/wp-content\/uploads\/sites\/5\/2025\/08\/Detail-feuilles-de-vigne_MCellard-2011-1260x1600.jpg\" class=\"h-full w-full object-cover object-center\" alt=\"feuilles vigne\" \/>      <\/figure>\n    <\/div>\n\n  <\/div>\n\n  \n<\/section>\n\n\n<section class=\"custom-block block--title-introduction text-center tablet:!pb-[60rem]\">\n\n            <h2 class=\"block-title\">NOUS CONTACTER<\/h2>\n    \n    <div class=\"tablet:w-[970rem] tablet:inline-block\">\n        <p>Pour vos demandes de r\u00e9servations de groupes ou de s\u00e9minaires, contactez le service commercial : <a href=\"mailto:reservations@sources-vougeot.com\">reservations@sources-vougeot.com\u00a0\u00a0<\/a>ou par t\u00e9l\u00e9phone au <a href=\"tel:+33380232222\">+33(<span aria-label=\"Appeler le 03 80 23 22 22\">0)3 80 23 22 22<\/span><\/a><\/p>\n<p><strong>Pour toute autre demande, utilisez le formulaire ci-dessous<\/strong><br \/>\nNotre \u00e9quipe vous r\u00e9pondra dans les plus brefs d\u00e9lais.<\/p>\n    <\/div>\n\n<\/section>\n\n\n\n<section class=\"custom-block block--contact-form-maps mx-auto\">\n\n  <div class=\"columns with-maps\">\n    <div class=\"column form\">\n<div class=\"wpcf7 no-js\" id=\"wpcf7-f1824-o1\" lang=\"fr-FR\" dir=\"ltr\" data-wpcf7-id=\"1824\">\n<div class=\"screen-reader-response\"><p role=\"status\" aria-live=\"polite\" aria-atomic=\"true\"><\/p> <ul><\/ul><\/div>\n<form action=\"\/bourgogne\/wp-json\/wp\/v2\/pages\/389#wpcf7-f1824-o1\" method=\"post\" class=\"wpcf7-form init\" aria-label=\"Formulaire de contact\" enctype=\"multipart\/form-data\" novalidate=\"novalidate\" data-status=\"init\">\n<fieldset class=\"hidden-fields-container\"><input type=\"hidden\" name=\"_wpcf7\" value=\"1824\" \/><input type=\"hidden\" name=\"_wpcf7_version\" value=\"6.1.5\" \/><input type=\"hidden\" name=\"_wpcf7_locale\" value=\"fr_FR\" \/><input type=\"hidden\" name=\"_wpcf7_unit_tag\" value=\"wpcf7-f1824-o1\" \/><input type=\"hidden\" name=\"_wpcf7_container_post\" value=\"0\" \/><input type=\"hidden\" name=\"_wpcf7_posted_data_hash\" value=\"\" \/><input type=\"hidden\" name=\"_wpcf7_recaptcha_response\" value=\"\" \/>\n<\/fieldset>\n<p><label> Nom*<br \/>\n<span class=\"wpcf7-form-control-wrap\" data-name=\"lastname\"><input size=\"40\" maxlength=\"400\" class=\"wpcf7-form-control wpcf7-text wpcf7-validates-as-required\" autocomplete=\"lastname\" aria-required=\"true\" aria-invalid=\"false\" value=\"\" type=\"text\" name=\"lastname\" \/><\/span> <\/label>\n<\/p>\n<p><label> Pr\u00e9nom*<br \/>\n<span class=\"wpcf7-form-control-wrap\" data-name=\"firstname\"><input size=\"40\" maxlength=\"400\" class=\"wpcf7-form-control wpcf7-text wpcf7-validates-as-required\" autocomplete=\"firstname\" aria-required=\"true\" aria-invalid=\"false\" value=\"\" type=\"text\" name=\"firstname\" \/><\/span> <\/label>\n<\/p>\n<p><label> Pays<br \/>\n<span class=\"wpcf7-form-control-wrap\" data-name=\"country\"><input size=\"40\" class=\"wpcf7-form-control wpcf7-countrytext wpcf7-text wpcf7-validates-as-countrytext\" aria-invalid=\"false\" value=\"\" type=\"text\" name=\"country\" \/><\/span> <\/label>\n<\/p>\n<p><label> Langue*<br \/>\n<span class=\"wpcf7-form-control-wrap\" data-name=\"language\"><select class=\"wpcf7-form-control wpcf7-select wpcf7-validates-as-required\" aria-required=\"true\" aria-invalid=\"false\" name=\"language\"><option value=\"Fran\u00e7ais\">Fran\u00e7ais<\/option><option value=\"Allemand\">Allemand<\/option><option value=\"Anglais\">Anglais<\/option><\/select><\/span> <\/label>\n<\/p>\n<p><label> T\u00e9l\u00e9phone*<br \/>\n<span class=\"wpcf7-form-control-wrap\" data-name=\"phone\"><input size=\"40\" class=\"wpcf7-form-control wpcf7-phonetext wpcf7-validates-as-required wpcf7-text wpcf7-validates-as-phonetext\" autocomplete=\"phone\" data-numberonly=\"true\" aria-required=\"true\" aria-invalid=\"false\" value=\"\" type=\"text\" name=\"phone\" \/><input type=\"hidden\" name=\"phone-country-code\" class=\"wpcf7-phonetext-country-code\" \/><\/span> <\/label>\n<\/p>\n<p><label> Email*<br \/>\n<span class=\"wpcf7-form-control-wrap\" data-name=\"email\"><input size=\"40\" maxlength=\"400\" class=\"wpcf7-form-control wpcf7-email wpcf7-validates-as-required wpcf7-text wpcf7-validates-as-email\" autocomplete=\"email\" aria-required=\"true\" aria-invalid=\"false\" value=\"\" type=\"email\" name=\"email\" \/><\/span> <\/label>\n<\/p>\n<p><label> Votre message*<br \/>\n<span class=\"wpcf7-form-control-wrap\" data-name=\"message\"><textarea cols=\"40\" rows=\"10\" maxlength=\"2000\" class=\"wpcf7-form-control wpcf7-textarea wpcf7-validates-as-required\" aria-required=\"true\" aria-invalid=\"false\" name=\"message\"><\/textarea><\/span> <\/label>\n<\/p>\n<p><label> T\u00e9l\u00e9charger une pi\u00e8ce-jointe<br \/>\n<span class=\"wpcf7-form-control-wrap\" data-name=\"file\"><input size=\"40\" class=\"wpcf7-form-control wpcf7-file\" accept=\".pdf,.txt\" aria-invalid=\"false\" type=\"file\" name=\"file\" \/><\/span> <\/label>\n<\/p>\n<p><span class=\"wpcf7-form-control-wrap\" data-name=\"optin\"><span class=\"wpcf7-form-control wpcf7-checkbox\"><span class=\"wpcf7-list-item first last\"><input type=\"checkbox\" name=\"optin[]\" value=\"Je souhaite recevoir les derni\u00e8res actualit\u00e9s du groupe\" \/><span class=\"wpcf7-list-item-label\">Je souhaite recevoir les derni\u00e8res actualit\u00e9s du groupe<\/span><\/span><\/span><\/span><br \/>\n<span class=\"wpcf7-form-control-wrap\" data-name=\"accept\"><span class=\"wpcf7-form-control wpcf7-checkbox wpcf7-validates-as-required\"><span class=\"wpcf7-list-item first last\"><input type=\"checkbox\" name=\"accept[]\" value=\"Je donne mon consentement*\" \/><span class=\"wpcf7-list-item-label\">Je donne mon consentement*<\/span><\/span><\/span><\/span>\n<\/p>\n<p><input class=\"wpcf7-form-control wpcf7-submit has-spinner button\" type=\"submit\" value=\"Envoyer\" \/>\n<\/p><div class=\"wpcf7-response-output\" aria-hidden=\"true\"><\/div>\n<\/form>\n<\/div>\n<\/div>\n    <div class=\"column map\"><style type=\"text\/css\" id=\"umsMapStyles_1_69060\">\r\n    #ultimate_maps_1_69060 {\r\n        width: 100%;\r\n        height: 700px;\r\n                border: 0px solid ;\r\n        margin: 0px;\r\n    }\r\n    #mapsControlsNum_1_69060 {\r\n        width:100%    }\r\n    .umsMapDetailsContainer#umsMapDetailsContainer_1_69060 {\r\n        height:700px;\r\n    }\r\n    .ums_MapPreview#ultimate_maps_1_69060 {\r\n        \/*position:absolute;*\/\r\n        width:100%;\r\n    }\r\n    #mapConElem_1_69060{\r\n        width:100%    }\r\n    <\/style><div class=\"ums_map_opts\" id=\"mapConElem_1_69060\" data-id=\"1\" data-view-id=\"1_69060\" > <div class=\"umsMapDetailsContainer\" id=\"umsMapDetailsContainer_1_69060\"> <i class=\"umsKMLLayersPreloader fa fa-spinner fa-spin\" aria-hidden=\"true\" style=\"display: none;\"><\/i> <div class=\"ums_MapPreview \" id=\"ultimate_maps_1_69060\"><\/div> <\/div> <div class=\"umsMapMarkerFilters\" id=\"umsMapMarkerFilters_1_69060\"> <\/div> <div class=\"umsMapProControlsCon\" id=\"umsMapProControlsCon_1_69060\"> <a title=\"Google Map Plugin\" style=\"display:none;\" href=\"https:\/\/supsystic.com\/plugins\/google-maps-plugin\/?utm_medium=love_link_hide\" target=\"_blank\">Google Map Plugin<\/a><div style=\"clear: both;\"><\/div> <\/div> <div class=\"umsMapProDirectionsCon\" id=\"umsMapProDirectionsCon_1_69060\" > <\/div> <div class=\"umsMapProKmlFilterCon\" id=\"umsMapProKmlFilterCon_1_69060\" > <\/div> <div class=\"umsSocialSharingShell umsSocialSharingShell_1_69060\"> <\/div> <div style=\"clear: both;\"><\/div> <\/div><\/div>  <\/div>\n\n  \n<\/section>\n","protected":false},"excerpt":{"rendered":"","protected":false},"author":1,"featured_media":0,"parent":0,"menu_order":0,"comment_status":"closed","ping_status":"closed","template":"","meta":{"_acf_changed":false,"footnotes":""},"hotels":[],"doc_cat":[],"class_list":["post-389","page","type-page","status-publish","hentry"],"acf":[],"yoast_head":"<!-- This site is optimized with the Yoast SEO plugin v27.4 - https:\/\/yoast.com\/product\/yoast-seo-wordpress\/ -->\n<title>Acc\u00e8s &amp; Contact | Les Sources de Vougeot<\/title>\n<meta name=\"description\" content=\"D\u00e9couvrez comment nous rejoindre ou nous contacter ! Plan d&#039;acc\u00e8s et contact. Hotel les Sources de Vougeot, Bourgogne\" \/>\n<meta name=\"robots\" content=\"index, follow, max-snippet:-1, max-image-preview:large, max-video-preview:-1\" \/>\n<link rel=\"canonical\" href=\"https:\/\/www.sources-hotels.com\/bourgogne\/acces-et-contact\/\" \/>\n<meta property=\"og:locale\" content=\"fr_FR\" \/>\n<meta property=\"og:type\" content=\"article\" \/>\n<meta property=\"og:title\" content=\"Acc\u00e8s &amp; Contact | Les Sources de Vougeot\" \/>\n<meta property=\"og:description\" content=\"D\u00e9couvrez comment nous rejoindre ou nous contacter ! Plan d&#039;acc\u00e8s et contact. Hotel les Sources de Vougeot, Bourgogne\" \/>\n<meta property=\"og:url\" content=\"https:\/\/www.sources-hotels.com\/bourgogne\/acces-et-contact\/\" \/>\n<meta property=\"og:site_name\" content=\"Les Sources de Vougeot\" \/>\n<meta property=\"article:modified_time\" content=\"2026-04-05T15:48:50+00:00\" \/>\n<meta name=\"twitter:card\" content=\"summary_large_image\" \/>\n<script type=\"application\/ld+json\" class=\"yoast-schema-graph\">{\"@context\":\"https:\\\/\\\/schema.org\",\"@graph\":[{\"@type\":\"WebPage\",\"@id\":\"https:\\\/\\\/www.sources-hotels.com\\\/bourgogne\\\/acces-et-contact\\\/\",\"url\":\"https:\\\/\\\/www.sources-hotels.com\\\/bourgogne\\\/acces-et-contact\\\/\",\"name\":\"Acc\u00e8s & Contact | Les Sources de Vougeot\",\"isPartOf\":{\"@id\":\"https:\\\/\\\/www.sources-hotels.com\\\/bourgogne\\\/#website\"},\"datePublished\":\"2024-12-31T14:08:16+00:00\",\"dateModified\":\"2026-04-05T15:48:50+00:00\",\"description\":\"D\u00e9couvrez comment nous rejoindre ou nous contacter ! Plan d'acc\u00e8s et contact. Hotel les Sources de Vougeot, Bourgogne\",\"breadcrumb\":{\"@id\":\"https:\\\/\\\/www.sources-hotels.com\\\/bourgogne\\\/acces-et-contact\\\/#breadcrumb\"},\"inLanguage\":\"fr-FR\",\"potentialAction\":[{\"@type\":\"ReadAction\",\"target\":[\"https:\\\/\\\/www.sources-hotels.com\\\/bourgogne\\\/acces-et-contact\\\/\"]}]},{\"@type\":\"BreadcrumbList\",\"@id\":\"https:\\\/\\\/www.sources-hotels.com\\\/bourgogne\\\/acces-et-contact\\\/#breadcrumb\",\"itemListElement\":[{\"@type\":\"ListItem\",\"position\":1,\"name\":\"Accueil\",\"item\":\"https:\\\/\\\/www.sources-hotels.com\\\/bourgogne\\\/\"},{\"@type\":\"ListItem\",\"position\":2,\"name\":\"Acc\u00e8s et contact\"}]},{\"@type\":\"WebSite\",\"@id\":\"https:\\\/\\\/www.sources-hotels.com\\\/bourgogne\\\/#website\",\"url\":\"https:\\\/\\\/www.sources-hotels.com\\\/bourgogne\\\/\",\"name\":\"Les Sources de Vougeot\",\"description\":\"\",\"publisher\":{\"@id\":\"https:\\\/\\\/www.sources-hotels.com\\\/bourgogne\\\/#organization\"},\"potentialAction\":[{\"@type\":\"SearchAction\",\"target\":{\"@type\":\"EntryPoint\",\"urlTemplate\":\"https:\\\/\\\/www.sources-hotels.com\\\/bourgogne\\\/?s={search_term_string}\"},\"query-input\":{\"@type\":\"PropertyValueSpecification\",\"valueRequired\":true,\"valueName\":\"search_term_string\"}}],\"inLanguage\":\"fr-FR\"},{\"@type\":\"Organization\",\"@id\":\"https:\\\/\\\/www.sources-hotels.com\\\/bourgogne\\\/#organization\",\"name\":\"Les Sources de Caudalie\",\"url\":\"https:\\\/\\\/www.sources-hotels.com\\\/bourgogne\\\/\",\"logo\":{\"@type\":\"ImageObject\",\"inLanguage\":\"fr-FR\",\"@id\":\"https:\\\/\\\/www.sources-hotels.com\\\/bourgogne\\\/#\\\/schema\\\/logo\\\/image\\\/\",\"url\":\"\",\"contentUrl\":\"\",\"caption\":\"Les Sources de Caudalie\"},\"image\":{\"@id\":\"https:\\\/\\\/www.sources-hotels.com\\\/bourgogne\\\/#\\\/schema\\\/logo\\\/image\\\/\"}}]}<\/script>\n<!-- \/ Yoast SEO plugin. -->","yoast_head_json":{"title":"Acc\u00e8s & Contact | Les Sources de Vougeot","description":"D\u00e9couvrez comment nous rejoindre ou nous contacter ! Plan d'acc\u00e8s et contact. Hotel les Sources de Vougeot, Bourgogne","robots":{"index":"index","follow":"follow","max-snippet":"max-snippet:-1","max-image-preview":"max-image-preview:large","max-video-preview":"max-video-preview:-1"},"canonical":"https:\/\/www.sources-hotels.com\/bourgogne\/acces-et-contact\/","og_locale":"fr_FR","og_type":"article","og_title":"Acc\u00e8s & Contact | Les Sources de Vougeot","og_description":"D\u00e9couvrez comment nous rejoindre ou nous contacter ! Plan d'acc\u00e8s et contact. Hotel les Sources de Vougeot, Bourgogne","og_url":"https:\/\/www.sources-hotels.com\/bourgogne\/acces-et-contact\/","og_site_name":"Les Sources de Vougeot","article_modified_time":"2026-04-05T15:48:50+00:00","twitter_card":"summary_large_image","schema":{"@context":"https:\/\/schema.org","@graph":[{"@type":"WebPage","@id":"https:\/\/www.sources-hotels.com\/bourgogne\/acces-et-contact\/","url":"https:\/\/www.sources-hotels.com\/bourgogne\/acces-et-contact\/","name":"Acc\u00e8s & Contact | Les Sources de Vougeot","isPartOf":{"@id":"https:\/\/www.sources-hotels.com\/bourgogne\/#website"},"datePublished":"2024-12-31T14:08:16+00:00","dateModified":"2026-04-05T15:48:50+00:00","description":"D\u00e9couvrez comment nous rejoindre ou nous contacter ! Plan d'acc\u00e8s et contact. Hotel les Sources de Vougeot, Bourgogne","breadcrumb":{"@id":"https:\/\/www.sources-hotels.com\/bourgogne\/acces-et-contact\/#breadcrumb"},"inLanguage":"fr-FR","potentialAction":[{"@type":"ReadAction","target":["https:\/\/www.sources-hotels.com\/bourgogne\/acces-et-contact\/"]}]},{"@type":"BreadcrumbList","@id":"https:\/\/www.sources-hotels.com\/bourgogne\/acces-et-contact\/#breadcrumb","itemListElement":[{"@type":"ListItem","position":1,"name":"Accueil","item":"https:\/\/www.sources-hotels.com\/bourgogne\/"},{"@type":"ListItem","position":2,"name":"Acc\u00e8s et contact"}]},{"@type":"WebSite","@id":"https:\/\/www.sources-hotels.com\/bourgogne\/#website","url":"https:\/\/www.sources-hotels.com\/bourgogne\/","name":"Les Sources de Vougeot","description":"","publisher":{"@id":"https:\/\/www.sources-hotels.com\/bourgogne\/#organization"},"potentialAction":[{"@type":"SearchAction","target":{"@type":"EntryPoint","urlTemplate":"https:\/\/www.sources-hotels.com\/bourgogne\/?s={search_term_string}"},"query-input":{"@type":"PropertyValueSpecification","valueRequired":true,"valueName":"search_term_string"}}],"inLanguage":"fr-FR"},{"@type":"Organization","@id":"https:\/\/www.sources-hotels.com\/bourgogne\/#organization","name":"Les Sources de Caudalie","url":"https:\/\/www.sources-hotels.com\/bourgogne\/","logo":{"@type":"ImageObject","inLanguage":"fr-FR","@id":"https:\/\/www.sources-hotels.com\/bourgogne\/#\/schema\/logo\/image\/","url":"","contentUrl":"","caption":"Les Sources de Caudalie"},"image":{"@id":"https:\/\/www.sources-hotels.com\/bourgogne\/#\/schema\/logo\/image\/"}}]}},"_links":{"self":[{"href":"https:\/\/www.sources-hotels.com\/bourgogne\/wp-json\/wp\/v2\/pages\/389","targetHints":{"allow":["GET"]}}],"collection":[{"href":"https:\/\/www.sources-hotels.com\/bourgogne\/wp-json\/wp\/v2\/pages"}],"about":[{"href":"https:\/\/www.sources-hotels.com\/bourgogne\/wp-json\/wp\/v2\/types\/page"}],"author":[{"embeddable":true,"href":"https:\/\/www.sources-hotels.com\/bourgogne\/wp-json\/wp\/v2\/users\/1"}],"replies":[{"embeddable":true,"href":"https:\/\/www.sources-hotels.com\/bourgogne\/wp-json\/wp\/v2\/comments?post=389"}],"version-history":[{"count":80,"href":"https:\/\/www.sources-hotels.com\/bourgogne\/wp-json\/wp\/v2\/pages\/389\/revisions"}],"predecessor-version":[{"id":7990,"href":"https:\/\/www.sources-hotels.com\/bourgogne\/wp-json\/wp\/v2\/pages\/389\/revisions\/7990"}],"wp:attachment":[{"href":"https:\/\/www.sources-hotels.com\/bourgogne\/wp-json\/wp\/v2\/media?parent=389"}],"wp:term":[{"taxonomy":"hotels","embeddable":true,"href":"https:\/\/www.sources-hotels.com\/bourgogne\/wp-json\/wp\/v2\/hotels?post=389"},{"taxonomy":"doc_cat","embeddable":true,"href":"https:\/\/www.sources-hotels.com\/bourgogne\/wp-json\/wp\/v2\/doc_cat?post=389"}],"curies":[{"name":"wp","href":"https:\/\/api.w.org\/{rel}","templated":true}]}}