{"id":530,"date":"2025-01-02T12:34:09","date_gmt":"2025-01-02T11:34:09","guid":{"rendered":"https:\/\/www.sources-hotels.com\/bourgogne\/?page_id=530"},"modified":"2025-10-29T16:29:43","modified_gmt":"2025-10-29T15:29:43","slug":"patrimoine-culture","status":"publish","type":"page","link":"https:\/\/www.sources-hotels.com\/bourgogne\/activites\/patrimoine-culture\/","title":{"rendered":"Patrimoine &amp; Culture"},"content":{"rendered":"\n<section class=\"custom-block block--header h-[206rem] text-center text-white overflow-hidden pt-[100rem] relative tablet:h-[700rem] tablet:pt-[420rem]\">\n\n    <h1>\n                            Patrimoine &amp; Culture            <\/h1>\n\n    \n    <span class=\"scroll-down hidden text-[12rem] tracking-[2rem] uppercase font-title cursor-pointer opacity-[64%] pb-[66rem] absolute left-2\/4 bottom-0 translate-x-[-50%] after:w-[1px] after:h-[50rem] after:bg-white after:opacity-[40%] after:absolute after:bottom-0 after:left-[50%] tablet:block\">\n        Voir la suite    <\/span>\n\n    <figure class=\"min-w-full min-h-full aspect-video overflow-hidden absolute top-2\/4 left-2\/4 translate-x-[-50%] translate-y-[-50%] z-[-1] before:bg-black before:opacity-[35%] before:mix-blend-multiply before:absolute before:top-0 before:left-0 before:right-0 before:bottom-0 before:z-[2]\">\n                    <img loading=\"lazy\" decoding=\"async\" width=\"2880\" height=\"1800\" src=\"https:\/\/www.sources-hotels.com\/bourgogne\/wp-content\/uploads\/sites\/5\/2025\/10\/eleanor-choux-kX2OtKVgmkw-unsplash-2880x1800.jpg\" class=\"h-full w-full object-cover object-center\" alt=\"Dijon monument\" \/>            <\/figure>\n    \n<\/section>\n\n    \n\n\n<section class=\"custom-block block--cooking-classes bg-white\">\n\n            <h2 class=\"block-title\">Visiter Dijon<\/h2>\n    \n    <div class=\"content-wrapper picture-right\">\n\n        <div class=\"text\">\n\n                            <h4 class=\"subtitle\">Capitale des Ducs de Bourgogne<\/h4>\n            \n                            <div class=\"content rte\">\n                    <p>Ville d\u2019art et d\u2019histoire, Dijon charme par son \u00e9l\u00e9gance et la diversit\u00e9 de son patrimoine. L\u2019imposant Palais des Ducs de Bourgogne, joyau du centre historique, abrite aujourd\u2019hui le Mus\u00e9e des Beaux-Arts, l\u2019un des plus anciens et des plus riches mus\u00e9es de France.<\/p>\n<p>\u00c0 proximit\u00e9, le Mus\u00e9e d\u2019Histoire de Dijon retrace la vie de la cit\u00e9 du Moyen \u00c2ge \u00e0 l\u2019\u00e9poque contemporaine.<\/p>\n<p>La Cit\u00e9 internationale de la gastronomie et du vin, install\u00e9e dans l\u2019ancien h\u00f4pital g\u00e9n\u00e9ral, c\u00e9l\u00e8bre quant \u00e0 elle l\u2019art de vivre \u00e0 la fran\u00e7aise et la richesse culinaire du terroir bourguignon. Dijon s\u00e9duit ainsi autant les amateurs d\u2019histoire que les passionn\u00e9s de gastronomie.<\/p>\n<p>Incontournables \u00e0 Dijon :<\/p>\n<ul>\n<li>Cit\u00e9 de la Gastronomie<\/li>\n<li>Mus\u00e9e d&rsquo;Histoire de Dijon<\/li>\n<li>Palais des Ducs de Bourgogne<\/li>\n<\/ul>\n                <\/div>\n            \n            \n            \n            \n            \n        <\/div>\n        <div class=\"relative\">\n            <figure class=\"image\">\n                <img loading=\"lazy\" decoding=\"async\" width=\"1200\" height=\"800\" src=\"https:\/\/www.sources-hotels.com\/bourgogne\/wp-content\/uploads\/sites\/5\/2025\/10\/La-Cite-Internationale-de-la-Gastronomie-et-du-Vin.webp\" class=\"h-full w-full object-cover object-center\" alt=\"\" srcset=\"https:\/\/www.sources-hotels.com\/bourgogne\/wp-content\/uploads\/sites\/5\/2025\/10\/La-Cite-Internationale-de-la-Gastronomie-et-du-Vin.webp 1200w, https:\/\/www.sources-hotels.com\/bourgogne\/wp-content\/uploads\/sites\/5\/2025\/10\/La-Cite-Internationale-de-la-Gastronomie-et-du-Vin-300x200.webp 300w, https:\/\/www.sources-hotels.com\/bourgogne\/wp-content\/uploads\/sites\/5\/2025\/10\/La-Cite-Internationale-de-la-Gastronomie-et-du-Vin-1024x683.webp 1024w, https:\/\/www.sources-hotels.com\/bourgogne\/wp-content\/uploads\/sites\/5\/2025\/10\/La-Cite-Internationale-de-la-Gastronomie-et-du-Vin-768x512.webp 768w\" sizes=\"auto, (max-width: 1200px) 100vw, 1200px\" \/>            <\/figure>\n                    <\/div>\n    <\/div>\n\n<\/section>\n\n\n<section class=\"custom-block block--cooking-classes bg-primary\">\n\n            <h2 class=\"block-title\">A la d\u00e9couverte de Beaune<\/h2>\n    \n    <div class=\"content-wrapper picture-left\">\n\n        <div class=\"text\">\n\n                            <h4 class=\"subtitle\">Joyau m\u00e9di\u00e9val et viticole<\/h4>\n            \n                            <div class=\"content rte\">\n                    <p data-start=\"375\" data-end=\"1390\">Capitale des vins de Bourgogne, Beaune s\u00e9duit par son authenticit\u00e9 et la beaut\u00e9 de ses monuments.<br data-start=\"476\" data-end=\"479\" \/>Ses c\u00e9l\u00e8bres Hospices de Beaune, fond\u00e9s au XVe si\u00e8cle, \u00e9taient autrefois un h\u00f4pital destin\u00e9 aux plus d\u00e9munis. Ils abritent aujourd\u2019hui un mus\u00e9e exceptionnel retra\u00e7ant l\u2019histoire de la charit\u00e9 et de la m\u00e9decine \u00e0 travers les si\u00e8cles. Leur toit aux tuiles verniss\u00e9es aux couleurs vives est devenu l\u2019un des symboles les plus embl\u00e9matiques de la Bourgogne. Chaque troisi\u00e8me dimanche de novembre, les Hospices accueillent \u00e9galement la plus ancienne vente aux ench\u00e8res de vins du monde, un \u00e9v\u00e9nement caritatif et prestigieux qui c\u00e9l\u00e8bre le savoir-faire viticole bourguignon.<br data-start=\"1063\" data-end=\"1066\" \/>La ville d\u00e9voile un centre historique plein de charme, bord\u00e9 de remparts, de ruelles pav\u00e9es et de b\u00e2tisses anciennes. La Basilique Notre-Dame, le beffroi et la Maison des Climats compl\u00e8tent cette immersion dans l\u2019histoire, entre h\u00e9ritage m\u00e9di\u00e9val et culture viticole inscrite au patrimoine mondial de l\u2019UNESCO.<\/p>\n<p>Incontournables \u00e0 Beaune :<\/p>\n<ul>\n<li>Les Hospices de Beaune<\/li>\n<li>Basilique Notre-Dame<\/li>\n<li>Maison des Climats<\/li>\n<\/ul>\n                <\/div>\n            \n            \n            \n            \n            \n        <\/div>\n        <div class=\"relative\">\n            <figure class=\"image\">\n                <img loading=\"lazy\" decoding=\"async\" width=\"1260\" height=\"854\" src=\"https:\/\/www.sources-hotels.com\/bourgogne\/wp-content\/uploads\/sites\/5\/2025\/10\/beaune-3725446_1280-1260x854.jpg\" class=\"h-full w-full object-cover object-center\" alt=\"\" \/>            <\/figure>\n                    <\/div>\n    <\/div>\n\n<\/section>\n\n\n<section class=\"custom-block block--cooking-classes bg-white\">\n\n            <h2 class=\"block-title\">Aux alentours de Vougeot<\/h2>\n    \n    <div class=\"content-wrapper picture-right\">\n\n        <div class=\"text\">\n\n                            <h4 class=\"subtitle\">Tr\u00e9sors cach\u00e9s et ch\u00e2teaux bourguignons<\/h4>\n            \n                            <div class=\"content rte\">\n                    <p>Impossible de s\u00e9journer \u00e0 Vougeot sans visiter le Ch\u00e2teau du Clos de Vougeot, symbole du patrimoine viticole de la r\u00e9gion et lieu embl\u00e9matique de la Confr\u00e9rie des Chevaliers du Tastevin. Il est situ\u00e9 \u00e0 proximit\u00e9 imm\u00e9diate de l&rsquo;h\u00f4tel.<\/p>\n<p>Une escapade dans les environs permet de d\u00e9couvrir un patrimoine aussi vari\u00e9 qu\u2019insolite. Le Ch\u00e2teau de Savigny-l\u00e8s-Beaune, entour\u00e9 de vignes, abrite d\u2019\u00e9tonnantes collections d\u2019avions, de motos et de voitures anciennes. Plus au nord, le Ch\u00e2teau de Commarin, demeur\u00e9 dans la m\u00eame lign\u00e9e familiale depuis le XII\u1d49 si\u00e8cle, illustre \u00e0 merveille l\u2019histoire des grandes familles bourguignonnes. Les villages viticoles de Gevrey-Chambertin et Nuits-Saint-Georges, avec leurs \u00e9glises romanes et leurs maisons vigneronnes, compl\u00e8tent cette immersion au c\u0153ur d\u2019une Bourgogne authentique et intemporelle.<\/p>\n                <\/div>\n            \n            \n            \n            \n            \n        <\/div>\n        <div class=\"relative\">\n            <figure class=\"image\">\n                <img loading=\"lazy\" decoding=\"async\" width=\"961\" height=\"639\" src=\"https:\/\/www.sources-hotels.com\/bourgogne\/wp-content\/uploads\/sites\/5\/2025\/08\/soleilvignes.png\" class=\"h-full w-full object-cover object-center\" alt=\"vignoble Bourgogne\" srcset=\"https:\/\/www.sources-hotels.com\/bourgogne\/wp-content\/uploads\/sites\/5\/2025\/08\/soleilvignes.png 961w, https:\/\/www.sources-hotels.com\/bourgogne\/wp-content\/uploads\/sites\/5\/2025\/08\/soleilvignes-300x199.png 300w, https:\/\/www.sources-hotels.com\/bourgogne\/wp-content\/uploads\/sites\/5\/2025\/08\/soleilvignes-768x511.png 768w\" sizes=\"auto, (max-width: 961px) 100vw, 961px\" \/>            <\/figure>\n                    <\/div>\n    <\/div>\n\n<\/section>","protected":false},"excerpt":{"rendered":"","protected":false},"author":1,"featured_media":0,"parent":311,"menu_order":0,"comment_status":"closed","ping_status":"closed","template":"","meta":{"_acf_changed":false,"footnotes":""},"hotels":[],"doc_cat":[],"class_list":["post-530","page","type-page","status-publish","hentry"],"acf":[],"yoast_head":"<!-- This site is optimized with the Yoast SEO plugin v25.6 - https:\/\/yoast.com\/wordpress\/plugins\/seo\/ -->\n<title>Excursions et visites \u00e0 Bordeaux | Les Sources de Caudalie<\/title>\n<meta name=\"description\" content=\"Visitez Bordeaux et ses alentours lors de vir\u00e9e \u00e9clectique ou d&#039;excursion in\u00e9dites, en famille en duo ou en groupe.\" \/>\n<meta name=\"robots\" content=\"index, follow, max-snippet:-1, max-image-preview:large, max-video-preview:-1\" \/>\n<link rel=\"canonical\" href=\"https:\/\/www.sources-hotels.com\/bourgogne\/activites\/patrimoine-culture\/\" \/>\n<meta property=\"og:locale\" content=\"fr_FR\" \/>\n<meta property=\"og:type\" content=\"article\" \/>\n<meta property=\"og:title\" content=\"Excursions et visites \u00e0 Bordeaux | Les Sources de Caudalie\" \/>\n<meta property=\"og:description\" content=\"Visitez Bordeaux et ses alentours lors de vir\u00e9e \u00e9clectique ou d&#039;excursion in\u00e9dites, en famille en duo ou en groupe.\" \/>\n<meta property=\"og:url\" content=\"https:\/\/www.sources-hotels.com\/bourgogne\/activites\/patrimoine-culture\/\" \/>\n<meta property=\"og:site_name\" content=\"Les Sources de Vougeot\" \/>\n<meta property=\"article:modified_time\" content=\"2025-10-29T15:29:43+00:00\" \/>\n<meta name=\"twitter:card\" content=\"summary_large_image\" \/>\n<script type=\"application\/ld+json\" class=\"yoast-schema-graph\">{\"@context\":\"https:\/\/schema.org\",\"@graph\":[{\"@type\":\"WebPage\",\"@id\":\"https:\/\/www.sources-hotels.com\/bourgogne\/activites\/patrimoine-culture\/\",\"url\":\"https:\/\/www.sources-hotels.com\/bourgogne\/activites\/patrimoine-culture\/\",\"name\":\"Excursions et visites \u00e0 Bordeaux | Les Sources de Caudalie\",\"isPartOf\":{\"@id\":\"https:\/\/www.sources-hotels.com\/bourgogne\/#website\"},\"datePublished\":\"2025-01-02T11:34:09+00:00\",\"dateModified\":\"2025-10-29T15:29:43+00:00\",\"description\":\"Visitez Bordeaux et ses alentours lors de vir\u00e9e \u00e9clectique ou d'excursion in\u00e9dites, en famille en duo ou en groupe.\",\"breadcrumb\":{\"@id\":\"https:\/\/www.sources-hotels.com\/bourgogne\/activites\/patrimoine-culture\/#breadcrumb\"},\"inLanguage\":\"fr-FR\",\"potentialAction\":[{\"@type\":\"ReadAction\",\"target\":[\"https:\/\/www.sources-hotels.com\/bourgogne\/activites\/patrimoine-culture\/\"]}]},{\"@type\":\"BreadcrumbList\",\"@id\":\"https:\/\/www.sources-hotels.com\/bourgogne\/activites\/patrimoine-culture\/#breadcrumb\",\"itemListElement\":[{\"@type\":\"ListItem\",\"position\":1,\"name\":\"Accueil\",\"item\":\"https:\/\/www.sources-hotels.com\/bourgogne\/\"},{\"@type\":\"ListItem\",\"position\":2,\"name\":\"Activit\u00e9s\",\"item\":\"https:\/\/www.sources-hotels.com\/bourgogne\/activites\/\"},{\"@type\":\"ListItem\",\"position\":3,\"name\":\"Patrimoine &amp; Culture\"}]},{\"@type\":\"WebSite\",\"@id\":\"https:\/\/www.sources-hotels.com\/bourgogne\/#website\",\"url\":\"https:\/\/www.sources-hotels.com\/bourgogne\/\",\"name\":\"Les Sources de Vougeot\",\"description\":\"\",\"publisher\":{\"@id\":\"https:\/\/www.sources-hotels.com\/bourgogne\/#organization\"},\"potentialAction\":[{\"@type\":\"SearchAction\",\"target\":{\"@type\":\"EntryPoint\",\"urlTemplate\":\"https:\/\/www.sources-hotels.com\/bourgogne\/?s={search_term_string}\"},\"query-input\":{\"@type\":\"PropertyValueSpecification\",\"valueRequired\":true,\"valueName\":\"search_term_string\"}}],\"inLanguage\":\"fr-FR\"},{\"@type\":\"Organization\",\"@id\":\"https:\/\/www.sources-hotels.com\/bourgogne\/#organization\",\"name\":\"Les Sources de Caudalie\",\"url\":\"https:\/\/www.sources-hotels.com\/bourgogne\/\",\"logo\":{\"@type\":\"ImageObject\",\"inLanguage\":\"fr-FR\",\"@id\":\"https:\/\/www.sources-hotels.com\/bourgogne\/#\/schema\/logo\/image\/\",\"url\":\"\",\"contentUrl\":\"\",\"caption\":\"Les Sources de Caudalie\"},\"image\":{\"@id\":\"https:\/\/www.sources-hotels.com\/bourgogne\/#\/schema\/logo\/image\/\"}}]}<\/script>\n<!-- \/ Yoast SEO plugin. -->","yoast_head_json":{"title":"Excursions et visites \u00e0 Bordeaux | Les Sources de Caudalie","description":"Visitez Bordeaux et ses alentours lors de vir\u00e9e \u00e9clectique ou d'excursion in\u00e9dites, en famille en duo ou en groupe.","robots":{"index":"index","follow":"follow","max-snippet":"max-snippet:-1","max-image-preview":"max-image-preview:large","max-video-preview":"max-video-preview:-1"},"canonical":"https:\/\/www.sources-hotels.com\/bourgogne\/activites\/patrimoine-culture\/","og_locale":"fr_FR","og_type":"article","og_title":"Excursions et visites \u00e0 Bordeaux | Les Sources de Caudalie","og_description":"Visitez Bordeaux et ses alentours lors de vir\u00e9e \u00e9clectique ou d'excursion in\u00e9dites, en famille en duo ou en groupe.","og_url":"https:\/\/www.sources-hotels.com\/bourgogne\/activites\/patrimoine-culture\/","og_site_name":"Les Sources de Vougeot","article_modified_time":"2025-10-29T15:29:43+00:00","twitter_card":"summary_large_image","schema":{"@context":"https:\/\/schema.org","@graph":[{"@type":"WebPage","@id":"https:\/\/www.sources-hotels.com\/bourgogne\/activites\/patrimoine-culture\/","url":"https:\/\/www.sources-hotels.com\/bourgogne\/activites\/patrimoine-culture\/","name":"Excursions et visites \u00e0 Bordeaux | Les Sources de Caudalie","isPartOf":{"@id":"https:\/\/www.sources-hotels.com\/bourgogne\/#website"},"datePublished":"2025-01-02T11:34:09+00:00","dateModified":"2025-10-29T15:29:43+00:00","description":"Visitez Bordeaux et ses alentours lors de vir\u00e9e \u00e9clectique ou d'excursion in\u00e9dites, en famille en duo ou en groupe.","breadcrumb":{"@id":"https:\/\/www.sources-hotels.com\/bourgogne\/activites\/patrimoine-culture\/#breadcrumb"},"inLanguage":"fr-FR","potentialAction":[{"@type":"ReadAction","target":["https:\/\/www.sources-hotels.com\/bourgogne\/activites\/patrimoine-culture\/"]}]},{"@type":"BreadcrumbList","@id":"https:\/\/www.sources-hotels.com\/bourgogne\/activites\/patrimoine-culture\/#breadcrumb","itemListElement":[{"@type":"ListItem","position":1,"name":"Accueil","item":"https:\/\/www.sources-hotels.com\/bourgogne\/"},{"@type":"ListItem","position":2,"name":"Activit\u00e9s","item":"https:\/\/www.sources-hotels.com\/bourgogne\/activites\/"},{"@type":"ListItem","position":3,"name":"Patrimoine &amp; Culture"}]},{"@type":"WebSite","@id":"https:\/\/www.sources-hotels.com\/bourgogne\/#website","url":"https:\/\/www.sources-hotels.com\/bourgogne\/","name":"Les Sources de Vougeot","description":"","publisher":{"@id":"https:\/\/www.sources-hotels.com\/bourgogne\/#organization"},"potentialAction":[{"@type":"SearchAction","target":{"@type":"EntryPoint","urlTemplate":"https:\/\/www.sources-hotels.com\/bourgogne\/?s={search_term_string}"},"query-input":{"@type":"PropertyValueSpecification","valueRequired":true,"valueName":"search_term_string"}}],"inLanguage":"fr-FR"},{"@type":"Organization","@id":"https:\/\/www.sources-hotels.com\/bourgogne\/#organization","name":"Les Sources de Caudalie","url":"https:\/\/www.sources-hotels.com\/bourgogne\/","logo":{"@type":"ImageObject","inLanguage":"fr-FR","@id":"https:\/\/www.sources-hotels.com\/bourgogne\/#\/schema\/logo\/image\/","url":"","contentUrl":"","caption":"Les Sources de Caudalie"},"image":{"@id":"https:\/\/www.sources-hotels.com\/bourgogne\/#\/schema\/logo\/image\/"}}]}},"_links":{"self":[{"href":"https:\/\/www.sources-hotels.com\/bourgogne\/wp-json\/wp\/v2\/pages\/530","targetHints":{"allow":["GET"]}}],"collection":[{"href":"https:\/\/www.sources-hotels.com\/bourgogne\/wp-json\/wp\/v2\/pages"}],"about":[{"href":"https:\/\/www.sources-hotels.com\/bourgogne\/wp-json\/wp\/v2\/types\/page"}],"author":[{"embeddable":true,"href":"https:\/\/www.sources-hotels.com\/bourgogne\/wp-json\/wp\/v2\/users\/1"}],"replies":[{"embeddable":true,"href":"https:\/\/www.sources-hotels.com\/bourgogne\/wp-json\/wp\/v2\/comments?post=530"}],"version-history":[{"count":32,"href":"https:\/\/www.sources-hotels.com\/bourgogne\/wp-json\/wp\/v2\/pages\/530\/revisions"}],"predecessor-version":[{"id":5964,"href":"https:\/\/www.sources-hotels.com\/bourgogne\/wp-json\/wp\/v2\/pages\/530\/revisions\/5964"}],"up":[{"embeddable":true,"href":"https:\/\/www.sources-hotels.com\/bourgogne\/wp-json\/wp\/v2\/pages\/311"}],"wp:attachment":[{"href":"https:\/\/www.sources-hotels.com\/bourgogne\/wp-json\/wp\/v2\/media?parent=530"}],"wp:term":[{"taxonomy":"hotels","embeddable":true,"href":"https:\/\/www.sources-hotels.com\/bourgogne\/wp-json\/wp\/v2\/hotels?post=530"},{"taxonomy":"doc_cat","embeddable":true,"href":"https:\/\/www.sources-hotels.com\/bourgogne\/wp-json\/wp\/v2\/doc_cat?post=530"}],"curies":[{"name":"wp","href":"https:\/\/api.w.org\/{rel}","templated":true}]}}