{"id":5732,"date":"2025-10-22T12:14:40","date_gmt":"2025-10-22T10:14:40","guid":{"rendered":"https:\/\/www.sources-hotels.com\/bourgogne\/?page_id=5732"},"modified":"2026-04-15T17:43:58","modified_gmt":"2026-04-15T15:43:58","slug":"balades-en-bourgogne","status":"publish","type":"page","link":"https:\/\/www.sources-hotels.com\/bourgogne\/activites\/balades-en-bourgogne\/","title":{"rendered":"Balades en Bourgogne"},"content":{"rendered":"\n<section class=\"custom-block block--header h-[206rem] text-center text-white overflow-hidden pt-[100rem] relative tablet:h-[700rem] tablet:pt-[420rem]\">\n\n    <h1>\n                            Balades en Bourgogne            <\/h1>\n\n    \n    <span class=\"scroll-down hidden text-[12rem] tracking-[2rem] uppercase font-title cursor-pointer opacity-[64%] pb-[66rem] absolute left-2\/4 bottom-0 translate-x-[-50%] after:w-[1px] after:h-[50rem] after:bg-white after:opacity-[40%] after:absolute after:bottom-0 after:left-[50%] tablet:block\">\n        Voir la suite    <\/span>\n\n    <figure class=\"min-w-full min-h-full aspect-video overflow-hidden absolute top-2\/4 left-2\/4 translate-x-[-50%] translate-y-[-50%] z-[-1] before:bg-black before:opacity-[35%] before:mix-blend-multiply before:absolute before:top-0 before:left-0 before:right-0 before:bottom-0 before:z-[2]\">\n                    <img loading=\"lazy\" decoding=\"async\" width=\"961\" height=\"639\" src=\"https:\/\/www.sources-hotels.com\/bourgogne\/wp-content\/uploads\/sites\/5\/2025\/08\/soleilvignes.png\" class=\"h-full w-full object-cover object-center\" alt=\"vignoble Bourgogne\" srcset=\"https:\/\/www.sources-hotels.com\/bourgogne\/wp-content\/uploads\/sites\/5\/2025\/08\/soleilvignes.png 961w, https:\/\/www.sources-hotels.com\/bourgogne\/wp-content\/uploads\/sites\/5\/2025\/08\/soleilvignes-300x199.png 300w, https:\/\/www.sources-hotels.com\/bourgogne\/wp-content\/uploads\/sites\/5\/2025\/08\/soleilvignes-768x511.png 768w\" sizes=\"auto, (max-width: 961px) 100vw, 961px\" \/>            <\/figure>\n    \n<\/section>\n\n    \n\n\n<section class=\"custom-block block--cooking-classes bg-white\">\n\n            <h2 class=\"block-title\">Balades \u00e0 v\u00e9lo en Bourgogne<\/h2>\n    \n    <div class=\"content-wrapper picture-left\">\n\n        <div class=\"text\">\n\n                            <h4 class=\"subtitle\">D\u00e9couvrir le vignoble \u00e0 v\u00e9lo<\/h4>\n            \n                            <div class=\"content rte\">\n                    <p><span style=\"font-weight: 400\">Arpentez le circuit de la Bourgogne \u00e0 V\u00e9lo.<\/span><\/p>\n<p><span style=\"font-weight: 400\">Un itin\u00e9raire in\u00e9dit avec plus de 20km de piste vous permettant de d\u00e9couvrir les plus beaux villages et monuments.<\/span><\/p>\n<p>L\u2019h\u00f4tel met \u00e0 votre disposition des v\u00e9los.<\/p>\n                <\/div>\n            \n            \n            \n                            <div class=\"infos\">\n\n                                            <div class=\"content-info location\">\n                            <svg xmlns=\"http:\/\/www.w3.org\/2000\/svg\" width=\"17\" height=\"25\" viewBox=\"0 0 17 25\" fill=\"none\">\n<g clip-path=\"url(#clip0_1056_7812)\">\n<path d=\"M17.0005 9.31736C16.9607 10.8293 16.2655 12.7097 15.4512 14.5466C13.9739 17.875 11.9901 20.8912 9.92188 23.8487C9.82505 23.9868 9.72326 24.1199 9.61898 24.2503C8.82447 25.2481 8.12679 25.2558 7.36953 24.2145C4.95372 20.881 2.7142 17.4324 1.14008 13.5795C0.44737 11.8782 -0.0814749 10.1181 0.0103901 8.21983C0.174258 4.85307 2.47337 1.73702 5.53967 0.552517C9.66863 -1.04132 14.2743 0.928592 16.1786 4.95285C16.6678 5.98641 17.0054 7.47792 17.0029 9.31736H17.0005ZM8.43963 23.9331C8.70529 23.6261 8.87413 23.4675 8.99827 23.2807C10.1255 21.5871 11.3048 19.9268 12.3476 18.182C13.7802 15.7823 15.0763 13.3058 15.7193 10.5223C16.5933 6.73088 14.6914 2.99828 11.1385 1.60399C6.25721 -0.312199 1.03332 3.41017 1.05567 8.80057C1.06311 10.4686 1.56713 12.0369 2.27226 13.4925C3.29767 15.6108 4.41991 17.6857 5.60423 19.7144C6.43598 21.1394 7.43904 22.4595 8.43715 23.9331H8.43963Z\" fill=\"black\"\/>\n<path d=\"M12.7934 8.44248C12.7834 10.8806 10.8741 12.8403 8.50799 12.8377C6.15177 12.8377 4.18536 10.8243 4.20523 8.44248C4.22757 6.01463 6.1766 4.01657 8.5055 4.03448C10.8766 4.05239 12.8008 6.02998 12.7909 8.44248H12.7934ZM8.5055 11.753C10.2758 11.7478 11.7382 10.2615 11.7431 8.46039C11.7481 6.65677 10.2907 5.13968 8.5353 5.12433C6.75759 5.10898 5.26043 6.63375 5.25547 8.46295C5.25299 10.2384 6.7551 11.7606 8.5055 11.7555V11.753Z\" fill=\"black\"\/>\n<\/g>\n<defs>\n<clipPath id=\"clip0_1056_7812\">\n<rect width=\"17\" height=\"25\" fill=\"white\"\/>\n<\/clipPath>\n<\/defs>\n<\/svg>\n                            <div>\n                                <p>Au d\u00e9part de l\u2019h\u00f4tel<\/p>\n                            <\/div>\n                        <\/div>\n                    \n                                            <div class=\"content-info hour\">\n                            <svg xmlns=\"http:\/\/www.w3.org\/2000\/svg\" width=\"20\" height=\"20\" viewBox=\"0 0 20 20\" fill=\"none\">\n  <g clip-path=\"url(#clip0_1056_7799)\">\n    <path d=\"M9.97845 19.9977C4.55946 20.1185 0.0182476 15.5219 5.5436e-05 10.1026C-0.0181367 4.53283 4.44349 0.0114085 9.98755 1.37737e-05C15.4816 -0.009102 20.0069 4.50776 20.0001 10.0228C19.9955 15.5492 15.4225 20.1208 9.97845 19.9955V19.9977ZM19.1132 10.0365C19.1109 5.01597 15.0086 0.866012 10.0421 0.861454C5.02109 0.856896 0.948321 4.9476 0.882375 9.94304C0.816428 14.8314 4.80278 19.1522 10.0057 19.1591C15.0109 19.1659 19.1177 15.0479 19.1132 10.0365Z\" fill=\"black\"\/>\n    <path d=\"M9.97988 9.35964C11.1419 8.20193 12.2334 7.11032 13.325 6.01871C13.4591 5.88425 13.5797 5.73612 13.7206 5.61533C13.948 5.42162 14.1891 5.15727 14.4915 5.48315C14.7599 5.7703 14.5484 6.00275 14.3483 6.21697C14.0617 6.51779 13.7729 6.81634 13.4819 7.1126C12.5427 8.06975 11.6081 9.02691 10.6644 9.97951C10.1004 10.5492 9.89574 10.5447 9.31132 9.97495C8.78602 9.46219 8.25617 8.95171 7.74452 8.42071C7.53985 8.20877 7.28289 7.94669 7.58079 7.64131C7.87868 7.33593 8.11746 7.57067 8.34486 7.79172C8.86788 8.30221 9.4 8.80813 9.97533 9.36192L9.97988 9.35964Z\" fill=\"black\"\/>\n    <path d=\"M3.885 9.88376C3.885 10.0957 3.68034 10.2712 3.43019 10.2712H2.05441C1.80427 10.2712 1.59961 10.098 1.59961 9.88376C1.59961 9.66954 1.80427 9.49634 2.05441 9.49634H3.43019C3.68034 9.49634 3.885 9.66954 3.885 9.88376Z\" fill=\"black\"\/>\n    <path d=\"M18.0315 9.88376C18.0315 10.0957 17.8268 10.2712 17.5767 10.2712H16.2009C15.9508 10.2712 15.7461 10.098 15.7461 9.88376C15.7461 9.66954 15.9508 9.49634 16.2009 9.49634H17.5767C17.8268 9.49634 18.0315 9.66954 18.0315 9.88376Z\" fill=\"black\"\/>\n    <path d=\"M9.98619 4.06561C9.77471 4.06561 9.59961 3.8605 9.59961 3.60982V2.23106C9.59961 1.98037 9.77244 1.77527 9.98619 1.77527C10.2 1.77527 10.3728 1.98037 10.3728 2.23106V3.60982C10.3728 3.8605 10.2 4.06561 9.98619 4.06561Z\" fill=\"black\"\/>\n    <path d=\"M9.98619 18.243C9.77471 18.243 9.59961 18.0379 9.59961 17.7872V16.4084C9.59961 16.1577 9.77244 15.9526 9.98619 15.9526C10.2 15.9526 10.3728 16.1577 10.3728 16.4084V17.7872C10.3728 18.0379 10.2 18.243 9.98619 18.243Z\" fill=\"black\"\/>\n  <\/g>\n  <defs>\n    <clipPath id=\"clip0_1056_7799\">\n      <rect width=\"20\" height=\"20\" fill=\"white\"\/>\n    <\/clipPath>\n  <\/defs>\n<\/svg>\n                            <div>\n                                <p>1h30<\/p>\n                            <\/div>\n                        <\/div>\n                    \n                    \n                <\/div>\n            \n                            <div class=\"cta-wrapper\">\n                      <a href=\"https:\/\/maps.app.goo.gl\/jbtFtuTqEuQLqBAD6\"  class=\"button\" >\n        D\u00e9couvrir le circuit  <\/a>\n                <\/div>\n            \n        <\/div>\n        <div class=\"relative\">\n            <figure class=\"image\">\n                <img loading=\"lazy\" decoding=\"async\" width=\"1260\" height=\"1000\" src=\"https:\/\/www.sources-hotels.com\/bourgogne\/wp-content\/uploads\/sites\/5\/2026\/04\/IMG_7310-1260x1000.jpeg\" class=\"h-full w-full object-cover object-center\" alt=\"\" \/>            <\/figure>\n                    <\/div>\n    <\/div>\n\n<\/section>\n\n\n<section class=\"custom-block block--cooking-classes bg-primary\">\n\n            <h2 class=\"block-title\">Balades autour de Vougeot<\/h2>\n    \n    <div class=\"content-wrapper picture-right\">\n\n        <div class=\"text\">\n\n                            <h4 class=\"subtitle\">Au fil de la Vouge et des vignes<\/h4>\n            \n                            <div class=\"content rte\">\n                    <p data-start=\"191\" data-end=\"734\">La balade de la Vouge met \u00e0 l\u2019honneur la rivi\u00e8re La Vouge, qui serpente \u00e0 travers les paysages viticoles avant de rejoindre la plaine. En traversant le domaine des Sources de Vougeot, elle offre aux visiteurs une atmosph\u00e8re paisible, rythm\u00e9e par le murmure de l\u2019eau et la fra\u00eecheur des berges. Le parcours suit en partie le cours de la rivi\u00e8re et permet de d\u00e9couvrir ses affluents, d\u2019anciens moulins, des ponts et des zones bois\u00e9es. Id\u00e9ale pour une sortie nature depuis l\u2019h\u00f4tel, cette promenade s\u00e9duit par sa tranquillit\u00e9 et sa proximit\u00e9 imm\u00e9diate avec la nature environnante.<\/p>\n<p>Le circuit autour de Vougeot met en lumi\u00e8re le patrimoine viticole et les paysages embl\u00e9matiques du Clos de Vougeot. Le trac\u00e9 chemine \u00e0 travers les vignes et offre de superbes points de vue sur le ch\u00e2teau ainsi que sur les coteaux class\u00e9s au patrimoine mondial de l\u2019UNESCO. D\u2019une longueur d\u2019environ 8,5 km, cette boucle accessible \u00e0 tous alterne chemins viticoles et sentiers en sous-bois. Elle permet d\u2019admirer la g\u00e9om\u00e9trie des parcelles, de percevoir la richesse des terroirs et de contempler le Clos sous diff\u00e9rents angles, entre histoire et nature.<\/p>\n                <\/div>\n            \n            \n            \n            \n            \n        <\/div>\n        <div class=\"relative\">\n            <figure class=\"image\">\n                <img loading=\"lazy\" decoding=\"async\" width=\"1260\" height=\"1000\" src=\"https:\/\/www.sources-hotels.com\/bourgogne\/wp-content\/uploads\/sites\/5\/2025\/10\/snap-wander-SRGERdBQ8yQ-unsplash-1260x1000.jpg\" class=\"h-full w-full object-cover object-center\" alt=\"ch\u00e2teau clos de vougeot\" \/>            <\/figure>\n                    <\/div>\n    <\/div>\n\n<\/section>\n\n\n<section class=\"custom-block block--cooking-classes bg-white\">\n\n            <h2 class=\"block-title\">Le circuit de la Chouette \u00e0 Dijon<\/h2>\n    \n    <div class=\"content-wrapper picture-left\">\n\n        <div class=\"text\">\n\n                            <h4 class=\"subtitle\">Balade au c\u0153ur du centre historique<\/h4>\n            \n                            <div class=\"content rte\">\n                    <p>Pour une escapade citadine, le Parcours de la Chouette \u00e0 Dijon est parfait : il s\u2019agit d\u2019un itin\u00e9raire p\u00e9destre d\u2019environ 1h30 \u00e0 2h (environ 3 km), en 22 \u00e9tapes, qui permet de d\u00e9couvrir les principaux monuments et curiosit\u00e9s du centre historique.<\/p>\n<p data-start=\"425\" data-end=\"705\">Le chemin est jalonn\u00e9 de fl\u00e8ches et de petites plaques en forme de chouette, guidant les visiteurs \u00e0 travers le Palais des Ducs, la cath\u00e9drale, l\u2019H\u00f4tel de Ville, le Puits de Mo\u00efse ou encore le jardin Darcy. Une belle mani\u00e8re d\u2019associer patrimoine, histoire et promenade urbaine.<\/p>\n                <\/div>\n            \n            \n            \n            \n            \n        <\/div>\n        <div class=\"relative\">\n            <figure class=\"image\">\n                <img loading=\"lazy\" decoding=\"async\" width=\"1260\" height=\"1000\" src=\"https:\/\/www.sources-hotels.com\/bourgogne\/wp-content\/uploads\/sites\/5\/2025\/10\/eleanor-choux-kX2OtKVgmkw-unsplash-1260x1000.jpg\" class=\"h-full w-full object-cover object-center\" alt=\"Dijon monument\" \/>            <\/figure>\n                    <\/div>\n    <\/div>\n\n<\/section>\n\n\n<section class=\"custom-block block--cooking-classes bg-primary\">\n\n            <h2 class=\"block-title\">Le circuit des abbayes<\/h2>\n    \n    <div class=\"content-wrapper picture-right\">\n\n        <div class=\"text\">\n\n                            <h4 class=\"subtitle\">De Vougeot \u00e0 C\u00eeteaux <\/h4>\n            \n                            <div class=\"content rte\">\n                    <p data-start=\"0\" data-end=\"320\">Entre nature et spiritualit\u00e9, la balade des Moines invite \u00e0 remonter le temps. Ce sentier relie Vougeot \u00e0 la prestigieuse abbaye de C\u00eeteaux, berceau de l\u2019ordre cistercien fond\u00e9 au XII\u1d49 si\u00e8cle. Les moines y ont jadis fa\u00e7onn\u00e9 le paysage, plant\u00e9 les premi\u00e8res vignes du Clos de Vougeot et model\u00e9 les vallons environnants.<\/p>\n<p data-start=\"322\" data-end=\"633\">Au fil de la marche, le chemin emprunte les m\u00eames passages que ceux parcourus autrefois par les religieux, entre coteaux viticoles et plaines agricoles. D\u2019une longueur d\u2019environ douze kilom\u00e8tres aller-retour, le trac\u00e9 traverse for\u00eats, prairies et chemins de campagne dans une atmosph\u00e8re empreinte de s\u00e9r\u00e9nit\u00e9.<\/p>\n<p data-start=\"635\" data-end=\"902\">L\u2019abbaye de C\u00eeteaux d\u00e9voile \u00e0 l\u2019arriv\u00e9e son architecture sobre et majestueuse, t\u00e9moignage du g\u00e9nie monastique m\u00e9di\u00e9val. On y d\u00e9couvre la vie quotidienne des moines d\u2019aujourd\u2019hui, la librairie monastique et le c\u00e9l\u00e8bre fromage de C\u00eeteaux, toujours fabriqu\u00e9 sur place.<\/p>\n<p data-start=\"904\" data-end=\"1135\" data-is-last-node=\"\" data-is-only-node=\"\">Accessible \u00e0 tous, cette randonn\u00e9e d\u2019une demi-journ\u00e9e associe d\u00e9couverte patrimoniale et ressourcement. Elle offre une exp\u00e9rience \u00e0 la fois apaisante et inspirante, reliant l\u2019histoire du vin \u00e0 celle de la spiritualit\u00e9 en Bourgogne.<\/p>\n                <\/div>\n            \n            \n            \n            \n            \n        <\/div>\n        <div class=\"relative\">\n            <figure class=\"image\">\n                <img loading=\"lazy\" decoding=\"async\" width=\"1260\" height=\"1000\" src=\"https:\/\/www.sources-hotels.com\/bourgogne\/wp-content\/uploads\/sites\/5\/2025\/10\/Abbaye-de-Citeaux-1260x1000.jpg\" class=\"h-full w-full object-cover object-center\" alt=\"Abbaye de C\u00eeteaux\" \/>            <\/figure>\n                    <\/div>\n    <\/div>\n\n<\/section>\n\n\n<section class=\"custom-block block--cooking-classes bg-white\">\n\n            <h2 class=\"block-title\">La Route des Grands Crus<\/h2>\n    \n    <div class=\"content-wrapper picture-left\">\n\n        <div class=\"text\">\n\n                            <h4 class=\"subtitle\">En voiture ou \u00e0 v\u00e9lo<\/h4>\n            \n                            <div class=\"content rte\">\n                    <p data-start=\"0\" data-end=\"300\">Pour une sortie plus panoramique, la Route des Grands Crus, entre Dijon et Beaune, offre une travers\u00e9e embl\u00e9matique du vignoble bourguignon sur environ soixante kilom\u00e8tres. Ce parcours mythique relie des villages prestigieux tels que Vosne-Roman\u00e9e, Meursault, Nuits-Saint-Georges ou encore Pommard.<\/p>\n<p data-start=\"302\" data-end=\"620\">Elle peut se parcourir \u00e0 v\u00e9lo pour les amateurs de cyclotourisme ou en voiture, en s\u2019arr\u00eatant aux points d\u2019int\u00e9r\u00eat, dans les caves, ou sur les belv\u00e9d\u00e8res offrant de superbes panoramas sur les coteaux. Il est \u00e9galement possible de combiner cette d\u00e9couverte avec de courtes randonn\u00e9es \u00e0 travers les versants viticoles.<\/p>\n<p data-start=\"622\" data-end=\"905\" data-is-last-node=\"\" data-is-only-node=\"\">Une variante p\u00e9destre, la \u00ab Balade des Grands Crus \u00bb, propose un itin\u00e9raire de neuf kilom\u00e8tres reliant Vougeot \u00e0 Vosne-Roman\u00e9e. Ce sentier traverse des parcelles mythiques et est ponctu\u00e9 de panneaux explicatifs permettant de mieux comprendre la richesse et la diversit\u00e9 des terroirs.<\/p>\n                <\/div>\n            \n            \n            \n            \n            \n        <\/div>\n        <div class=\"relative\">\n            <figure class=\"image\">\n                <img loading=\"lazy\" decoding=\"async\" width=\"1080\" height=\"1000\" src=\"https:\/\/www.sources-hotels.com\/bourgogne\/wp-content\/uploads\/sites\/5\/2025\/01\/2-1080x1000.jpg\" class=\"h-full w-full object-cover object-center\" alt=\"Vignes Bourgogne\" \/>            <\/figure>\n                    <\/div>\n    <\/div>\n\n<\/section>","protected":false},"excerpt":{"rendered":"","protected":false},"author":4,"featured_media":0,"parent":311,"menu_order":0,"comment_status":"closed","ping_status":"closed","template":"","meta":{"_acf_changed":false,"footnotes":""},"hotels":[],"doc_cat":[],"class_list":["post-5732","page","type-page","status-publish","hentry"],"acf":[],"yoast_head":"<!-- This site is optimized with the Yoast SEO plugin v25.6 - https:\/\/yoast.com\/wordpress\/plugins\/seo\/ -->\n<title>S\u00e9jours Sport &amp; Bien-\u00eatre \u00e0 Bordeaux | Les Sources de Caudalie<\/title>\n<meta name=\"description\" content=\"S\u00e9journez aux Sources de Caudalie et profitez de nos activit\u00e9s exclusives. En famille, en duo ou entre amis. Une multitude d&#039;activit\u00e9s pour tous les go\u00fbts.\" \/>\n<meta name=\"robots\" content=\"index, follow, max-snippet:-1, max-image-preview:large, max-video-preview:-1\" \/>\n<link rel=\"canonical\" href=\"https:\/\/www.sources-hotels.com\/bourgogne\/activites\/balades-en-bourgogne\/\" \/>\n<meta property=\"og:locale\" content=\"fr_FR\" \/>\n<meta property=\"og:type\" content=\"article\" \/>\n<meta property=\"og:title\" content=\"S\u00e9jours Sport &amp; Bien-\u00eatre \u00e0 Bordeaux | Les Sources de Caudalie\" \/>\n<meta property=\"og:description\" content=\"S\u00e9journez aux Sources de Caudalie et profitez de nos activit\u00e9s exclusives. En famille, en duo ou entre amis. Une multitude d&#039;activit\u00e9s pour tous les go\u00fbts.\" \/>\n<meta property=\"og:url\" content=\"https:\/\/www.sources-hotels.com\/bourgogne\/activites\/balades-en-bourgogne\/\" \/>\n<meta property=\"og:site_name\" content=\"Les Sources de Vougeot\" \/>\n<meta property=\"article:modified_time\" content=\"2026-04-15T15:43:58+00:00\" \/>\n<meta name=\"twitter:card\" content=\"summary_large_image\" \/>\n<script type=\"application\/ld+json\" class=\"yoast-schema-graph\">{\"@context\":\"https:\/\/schema.org\",\"@graph\":[{\"@type\":\"WebPage\",\"@id\":\"https:\/\/www.sources-hotels.com\/bourgogne\/activites\/balades-en-bourgogne\/\",\"url\":\"https:\/\/www.sources-hotels.com\/bourgogne\/activites\/balades-en-bourgogne\/\",\"name\":\"S\u00e9jours Sport & Bien-\u00eatre \u00e0 Bordeaux | Les Sources de Caudalie\",\"isPartOf\":{\"@id\":\"https:\/\/www.sources-hotels.com\/bourgogne\/#website\"},\"datePublished\":\"2025-10-22T10:14:40+00:00\",\"dateModified\":\"2026-04-15T15:43:58+00:00\",\"description\":\"S\u00e9journez aux Sources de Caudalie et profitez de nos activit\u00e9s exclusives. En famille, en duo ou entre amis. Une multitude d'activit\u00e9s pour tous les go\u00fbts.\",\"breadcrumb\":{\"@id\":\"https:\/\/www.sources-hotels.com\/bourgogne\/activites\/balades-en-bourgogne\/#breadcrumb\"},\"inLanguage\":\"fr-FR\",\"potentialAction\":[{\"@type\":\"ReadAction\",\"target\":[\"https:\/\/www.sources-hotels.com\/bourgogne\/activites\/balades-en-bourgogne\/\"]}]},{\"@type\":\"BreadcrumbList\",\"@id\":\"https:\/\/www.sources-hotels.com\/bourgogne\/activites\/balades-en-bourgogne\/#breadcrumb\",\"itemListElement\":[{\"@type\":\"ListItem\",\"position\":1,\"name\":\"Accueil\",\"item\":\"https:\/\/www.sources-hotels.com\/bourgogne\/\"},{\"@type\":\"ListItem\",\"position\":2,\"name\":\"Activit\u00e9s\",\"item\":\"https:\/\/www.sources-hotels.com\/bourgogne\/activites\/\"},{\"@type\":\"ListItem\",\"position\":3,\"name\":\"Balades en Bourgogne\"}]},{\"@type\":\"WebSite\",\"@id\":\"https:\/\/www.sources-hotels.com\/bourgogne\/#website\",\"url\":\"https:\/\/www.sources-hotels.com\/bourgogne\/\",\"name\":\"Les Sources de Vougeot\",\"description\":\"\",\"publisher\":{\"@id\":\"https:\/\/www.sources-hotels.com\/bourgogne\/#organization\"},\"potentialAction\":[{\"@type\":\"SearchAction\",\"target\":{\"@type\":\"EntryPoint\",\"urlTemplate\":\"https:\/\/www.sources-hotels.com\/bourgogne\/?s={search_term_string}\"},\"query-input\":{\"@type\":\"PropertyValueSpecification\",\"valueRequired\":true,\"valueName\":\"search_term_string\"}}],\"inLanguage\":\"fr-FR\"},{\"@type\":\"Organization\",\"@id\":\"https:\/\/www.sources-hotels.com\/bourgogne\/#organization\",\"name\":\"Les Sources de Caudalie\",\"url\":\"https:\/\/www.sources-hotels.com\/bourgogne\/\",\"logo\":{\"@type\":\"ImageObject\",\"inLanguage\":\"fr-FR\",\"@id\":\"https:\/\/www.sources-hotels.com\/bourgogne\/#\/schema\/logo\/image\/\",\"url\":\"\",\"contentUrl\":\"\",\"caption\":\"Les Sources de Caudalie\"},\"image\":{\"@id\":\"https:\/\/www.sources-hotels.com\/bourgogne\/#\/schema\/logo\/image\/\"}}]}<\/script>\n<!-- \/ Yoast SEO plugin. -->","yoast_head_json":{"title":"S\u00e9jours Sport & Bien-\u00eatre \u00e0 Bordeaux | Les Sources de Caudalie","description":"S\u00e9journez aux Sources de Caudalie et profitez de nos activit\u00e9s exclusives. En famille, en duo ou entre amis. Une multitude d'activit\u00e9s pour tous les go\u00fbts.","robots":{"index":"index","follow":"follow","max-snippet":"max-snippet:-1","max-image-preview":"max-image-preview:large","max-video-preview":"max-video-preview:-1"},"canonical":"https:\/\/www.sources-hotels.com\/bourgogne\/activites\/balades-en-bourgogne\/","og_locale":"fr_FR","og_type":"article","og_title":"S\u00e9jours Sport & Bien-\u00eatre \u00e0 Bordeaux | Les Sources de Caudalie","og_description":"S\u00e9journez aux Sources de Caudalie et profitez de nos activit\u00e9s exclusives. En famille, en duo ou entre amis. Une multitude d'activit\u00e9s pour tous les go\u00fbts.","og_url":"https:\/\/www.sources-hotels.com\/bourgogne\/activites\/balades-en-bourgogne\/","og_site_name":"Les Sources de Vougeot","article_modified_time":"2026-04-15T15:43:58+00:00","twitter_card":"summary_large_image","schema":{"@context":"https:\/\/schema.org","@graph":[{"@type":"WebPage","@id":"https:\/\/www.sources-hotels.com\/bourgogne\/activites\/balades-en-bourgogne\/","url":"https:\/\/www.sources-hotels.com\/bourgogne\/activites\/balades-en-bourgogne\/","name":"S\u00e9jours Sport & Bien-\u00eatre \u00e0 Bordeaux | Les Sources de Caudalie","isPartOf":{"@id":"https:\/\/www.sources-hotels.com\/bourgogne\/#website"},"datePublished":"2025-10-22T10:14:40+00:00","dateModified":"2026-04-15T15:43:58+00:00","description":"S\u00e9journez aux Sources de Caudalie et profitez de nos activit\u00e9s exclusives. En famille, en duo ou entre amis. Une multitude d'activit\u00e9s pour tous les go\u00fbts.","breadcrumb":{"@id":"https:\/\/www.sources-hotels.com\/bourgogne\/activites\/balades-en-bourgogne\/#breadcrumb"},"inLanguage":"fr-FR","potentialAction":[{"@type":"ReadAction","target":["https:\/\/www.sources-hotels.com\/bourgogne\/activites\/balades-en-bourgogne\/"]}]},{"@type":"BreadcrumbList","@id":"https:\/\/www.sources-hotels.com\/bourgogne\/activites\/balades-en-bourgogne\/#breadcrumb","itemListElement":[{"@type":"ListItem","position":1,"name":"Accueil","item":"https:\/\/www.sources-hotels.com\/bourgogne\/"},{"@type":"ListItem","position":2,"name":"Activit\u00e9s","item":"https:\/\/www.sources-hotels.com\/bourgogne\/activites\/"},{"@type":"ListItem","position":3,"name":"Balades en Bourgogne"}]},{"@type":"WebSite","@id":"https:\/\/www.sources-hotels.com\/bourgogne\/#website","url":"https:\/\/www.sources-hotels.com\/bourgogne\/","name":"Les Sources de Vougeot","description":"","publisher":{"@id":"https:\/\/www.sources-hotels.com\/bourgogne\/#organization"},"potentialAction":[{"@type":"SearchAction","target":{"@type":"EntryPoint","urlTemplate":"https:\/\/www.sources-hotels.com\/bourgogne\/?s={search_term_string}"},"query-input":{"@type":"PropertyValueSpecification","valueRequired":true,"valueName":"search_term_string"}}],"inLanguage":"fr-FR"},{"@type":"Organization","@id":"https:\/\/www.sources-hotels.com\/bourgogne\/#organization","name":"Les Sources de Caudalie","url":"https:\/\/www.sources-hotels.com\/bourgogne\/","logo":{"@type":"ImageObject","inLanguage":"fr-FR","@id":"https:\/\/www.sources-hotels.com\/bourgogne\/#\/schema\/logo\/image\/","url":"","contentUrl":"","caption":"Les Sources de Caudalie"},"image":{"@id":"https:\/\/www.sources-hotels.com\/bourgogne\/#\/schema\/logo\/image\/"}}]}},"_links":{"self":[{"href":"https:\/\/www.sources-hotels.com\/bourgogne\/wp-json\/wp\/v2\/pages\/5732","targetHints":{"allow":["GET"]}}],"collection":[{"href":"https:\/\/www.sources-hotels.com\/bourgogne\/wp-json\/wp\/v2\/pages"}],"about":[{"href":"https:\/\/www.sources-hotels.com\/bourgogne\/wp-json\/wp\/v2\/types\/page"}],"author":[{"embeddable":true,"href":"https:\/\/www.sources-hotels.com\/bourgogne\/wp-json\/wp\/v2\/users\/4"}],"replies":[{"embeddable":true,"href":"https:\/\/www.sources-hotels.com\/bourgogne\/wp-json\/wp\/v2\/comments?post=5732"}],"version-history":[{"count":11,"href":"https:\/\/www.sources-hotels.com\/bourgogne\/wp-json\/wp\/v2\/pages\/5732\/revisions"}],"predecessor-version":[{"id":8057,"href":"https:\/\/www.sources-hotels.com\/bourgogne\/wp-json\/wp\/v2\/pages\/5732\/revisions\/8057"}],"up":[{"embeddable":true,"href":"https:\/\/www.sources-hotels.com\/bourgogne\/wp-json\/wp\/v2\/pages\/311"}],"wp:attachment":[{"href":"https:\/\/www.sources-hotels.com\/bourgogne\/wp-json\/wp\/v2\/media?parent=5732"}],"wp:term":[{"taxonomy":"hotels","embeddable":true,"href":"https:\/\/www.sources-hotels.com\/bourgogne\/wp-json\/wp\/v2\/hotels?post=5732"},{"taxonomy":"doc_cat","embeddable":true,"href":"https:\/\/www.sources-hotels.com\/bourgogne\/wp-json\/wp\/v2\/doc_cat?post=5732"}],"curies":[{"name":"wp","href":"https:\/\/api.w.org\/{rel}","templated":true}]}}