{"id":6716,"date":"2026-02-11T09:55:59","date_gmt":"2026-02-11T08:55:59","guid":{"rendered":"https:\/\/www.sources-hotels.com\/bourgogne\/?page_id=6716"},"modified":"2026-05-12T18:13:13","modified_gmt":"2026-05-12T16:13:13","slug":"coffrets-cadeaux-bourgogne","status":"publish","type":"page","link":"https:\/\/www.sources-hotels.com\/bourgogne\/coffrets-cadeaux-bourgogne\/","title":{"rendered":"Coffrets Cadeaux &#8211; Les Sources de Vougeot"},"content":{"rendered":"\n<section class=\"custom-block block--header aspect-[375\/700] text-center text-white overflow-hidden pt-[100rem] relative tablet:aspect-auto tablet:h-[700rem] tablet:pt-[420rem]\">\n\n    <h1>\n                            Coffrets Cadeaux            <\/h1>\n\n    \n    <span class=\"scroll-down hidden text-[12rem] tracking-[2rem] uppercase font-title cursor-pointer opacity-[64%] pb-[66rem] absolute left-2\/4 bottom-0 translate-x-[-50%] after:w-[1px] after:h-[50rem] after:bg-white after:opacity-[40%] after:absolute after:bottom-0 after:left-[50%] tablet:block\">\n        Voir la suite    <\/span>\n\n    <figure class=\"min-w-full min-h-full aspect-video overflow-hidden absolute top-2\/4 left-2\/4 translate-x-[-50%] translate-y-[-50%] z-[-1] before:bg-black before:opacity-[35%] before:mix-blend-multiply before:absolute before:top-0 before:left-0 before:right-0 before:bottom-0 before:z-[2]\">\n                    <img loading=\"lazy\" decoding=\"async\" width=\"2880\" height=\"1800\" src=\"https:\/\/www.sources-hotels.com\/bourgogne\/wp-content\/uploads\/sites\/5\/2026\/02\/LesSourcesdeVougeot_LaPartdesAnges_6_\u00a9Jules-Focone-8-2880x1800.jpg\" class=\"h-full w-full object-cover object-center\" alt=\"Chambre hotel Bourgogne\" \/>            <\/figure>\n\n        \n<\/section>\n\n    \n\n\n<section class=\"custom-block block--text-small-visual-watermark style-image-left background-theme-light\">\n\n            <h2 class=\"block-title\">Pour la f\u00eate des m\u00e8res<\/h2>\n    \n    <div class=\"block-content w-[255rem] flex flex-col gap-[20rem] mx-auto tablet:w-auto tablet:flex-row tablet:px-0 tablet:gap-[105rem] tablet:mx-0\">\n\n        <figure class=\"w-full h-[200rem] flex-initial relative z-[1] tablet:w-[630rem] tablet:h-[500rem]\">\n\n            <img loading=\"lazy\" decoding=\"async\" width=\"1260\" height=\"1000\" src=\"https:\/\/www.sources-hotels.com\/bourgogne\/wp-content\/uploads\/sites\/5\/2026\/04\/LesSourcesdeVougeot_Spa_\u00a9MaximilienForgetStudio-8-1260x1000.jpg\" class=\"w-full h-full object-cover object-center relative z-[2]\" alt=\"Bassin et vo\u00fbtes - Spa Caudalie\" \/>\n            \n        <\/figure>\n\n        <div class=\"w-full flex flex-col flex-initial z-[2] tablet:w-[500rem]\">\n\n                            <h3 class=\"text-[16rem] uppercase text-theme font-text mb-[25rem] tablet:text-[22rem]\">\n                    Une parenth\u00e8se aux Sources                <\/h3>\n            \n            <div class=\"rte\"><p data-start=\"0\" data-end=\"90\">Imaginez une escapade plac\u00e9e sous le signe de la douceur et de l\u2019art de vivre bourguignon.<\/p>\n<p data-start=\"92\" data-end=\"349\">Cette demi-journ\u00e9e, disponible pour une ou deux personnes, comprend un d\u00e9jeuner \u00e0 L\u2019Auberge des C\u00eeteaux avec un menu du jour en 3 plats, eaux et boissons chaudes incluses, ainsi qu\u2019un massage ou soin visage de 50 minutes r\u00e9alis\u00e9 par l\u2019\u00e9quipe de th\u00e9rapeutes.<\/p>\n<p data-start=\"351\" data-end=\"463\">L\u2019acc\u00e8s au bassin int\u00e9rieur et au hammam vient parfaire cette parenth\u00e8se d\u00e9di\u00e9e \u00e0 la d\u00e9tente et au l\u00e2cher-prise.<\/p>\n<p data-start=\"465\" data-end=\"579\" data-is-last-node=\"\" data-is-only-node=\"\">Une invitation \u00e0 ralentir, savourer l\u2019instant pr\u00e9sent et se laisser envelopper par une atmosph\u00e8re de s\u00e9r\u00e9nit\u00e9.<\/p>\n<\/div>\n\n                                            <a href=\"https:\/\/cadeaux-bourgogne.sources-hotels.com\/demi-journee-aux-sources.html\" target=\"_blank\"\n                    class=\"button mt-[35rem] self-center tablet:self-start\" >\n                    D\u00e9couvrir l&rsquo;attention                <\/a>\n            \n        <\/div>\n\n    <\/div>\n\n<\/section>\n\n\n<section class=\"custom-block block--text-small-visual-watermark style-image-right background-white\">\n\n            <h2 class=\"block-title\">Un cadeau, une exp\u00e9rience, une \u00e9motion<\/h2>\n    \n    <div class=\"block-content w-[255rem] flex flex-col gap-[20rem] mx-auto tablet:w-auto tablet:flex-row tablet:px-0 tablet:gap-[105rem] tablet:mx-0\">\n\n        <figure class=\"w-full h-[200rem] flex-initial relative z-[1] tablet:w-[630rem] tablet:h-[500rem]\">\n\n            <img loading=\"lazy\" decoding=\"async\" width=\"1260\" height=\"1000\" src=\"https:\/\/www.sources-hotels.com\/bourgogne\/wp-content\/uploads\/sites\/5\/2026\/04\/DSCF0540-HDR-1260x1000.jpg\" class=\"w-full h-full object-cover object-center relative z-[2]\" alt=\"Chambre - La Vigne Rose\" \/>\n            \n        <\/figure>\n\n        <div class=\"w-full flex flex-col flex-initial z-[2] tablet:w-[500rem]\">\n\n            \n            <div class=\"rte\"><p>Offrez une escapade unique dans un h\u00f4tel 5 \u00e9toiles au c\u0153ur de la Bourgogne, o\u00f9 chaque moment devient un souvenir inoubliable.<\/p>\n<p>Qu\u2019il s\u2019agisse d\u2019une escapade romantique, d\u2019une parenth\u00e8se bien-\u00eatre ou d\u2019un voyage gastronomique, nos coffrets cadeaux sont parfaits pour c\u00e9l\u00e9brer un anniversaire, un mariage ou simplement faire plaisir.<\/p>\n<p><em>S\u00e9jour, d\u00eener ou ch\u00e8que cadeau : choisissez l\u2019exp\u00e9rience \u00e0 offrir depuis notre boutique cadeaux.<\/em><br data-start=\"1027\" data-end=\"1030\" \/><em>Envoi digital, valable un an \u00e0 compter de l\u2019achat.<\/em><\/p>\n<\/div>\n\n                                            <a href=\"https:\/\/cadeaux-bourgogne.sources-hotels.com\/?utm_source=sdv&#038;utm_medium=referral&#038;utm_campaign=cta\" target=\"_blank\"\n                    class=\"button mt-[35rem] self-center tablet:self-start\" >\n                    D\u00e9couvrir notre boutique cadeaux                <\/a>\n            \n        <\/div>\n\n    <\/div>\n\n<\/section>","protected":false},"excerpt":{"rendered":"","protected":false},"author":12,"featured_media":0,"parent":0,"menu_order":0,"comment_status":"closed","ping_status":"closed","template":"","meta":{"_acf_changed":false,"footnotes":""},"hotels":[],"doc_cat":[],"class_list":["post-6716","page","type-page","status-publish","hentry"],"acf":[],"yoast_head":"<!-- This site is optimized with the Yoast SEO plugin v27.4 - https:\/\/yoast.com\/product\/yoast-seo-wordpress\/ -->\n<title>Coffrets cadeaux | H\u00f4tel 5 \u00e9toiles Les Sources de Vougeot<\/title>\n<meta name=\"description\" content=\"L&#039;Art d\u2019offrir avec Les Sources de Vougeot, pour c\u00e9l\u00e9brer un anniversaire, un mariage ou simplement faire plaisir. Coffrets cadeaux Bourgogne\" \/>\n<meta name=\"robots\" content=\"index, follow, max-snippet:-1, max-image-preview:large, max-video-preview:-1\" \/>\n<link rel=\"canonical\" href=\"https:\/\/www.sources-hotels.com\/bourgogne\/coffrets-cadeaux-bourgogne\/\" \/>\n<meta property=\"og:locale\" content=\"fr_FR\" \/>\n<meta property=\"og:type\" content=\"article\" \/>\n<meta property=\"og:title\" content=\"Coffrets cadeaux | H\u00f4tel 5 \u00e9toiles Les Sources de Vougeot\" \/>\n<meta property=\"og:description\" content=\"L&#039;Art d\u2019offrir avec Les Sources de Vougeot, pour c\u00e9l\u00e9brer un anniversaire, un mariage ou simplement faire plaisir. Coffrets cadeaux Bourgogne\" \/>\n<meta property=\"og:url\" content=\"https:\/\/www.sources-hotels.com\/bourgogne\/coffrets-cadeaux-bourgogne\/\" \/>\n<meta property=\"og:site_name\" content=\"Les Sources de Vougeot\" \/>\n<meta property=\"article:modified_time\" content=\"2026-05-12T16:13:13+00:00\" \/>\n<meta name=\"twitter:card\" content=\"summary_large_image\" \/>\n<script type=\"application\/ld+json\" class=\"yoast-schema-graph\">{\"@context\":\"https:\\\/\\\/schema.org\",\"@graph\":[{\"@type\":\"WebPage\",\"@id\":\"https:\\\/\\\/www.sources-hotels.com\\\/bourgogne\\\/coffrets-cadeaux-bourgogne\\\/\",\"url\":\"https:\\\/\\\/www.sources-hotels.com\\\/bourgogne\\\/coffrets-cadeaux-bourgogne\\\/\",\"name\":\"Coffrets cadeaux | H\u00f4tel 5 \u00e9toiles Les Sources de Vougeot\",\"isPartOf\":{\"@id\":\"https:\\\/\\\/www.sources-hotels.com\\\/bourgogne\\\/#website\"},\"datePublished\":\"2026-02-11T08:55:59+00:00\",\"dateModified\":\"2026-05-12T16:13:13+00:00\",\"description\":\"L'Art d\u2019offrir avec Les Sources de Vougeot, pour c\u00e9l\u00e9brer un anniversaire, un mariage ou simplement faire plaisir. Coffrets cadeaux Bourgogne\",\"breadcrumb\":{\"@id\":\"https:\\\/\\\/www.sources-hotels.com\\\/bourgogne\\\/coffrets-cadeaux-bourgogne\\\/#breadcrumb\"},\"inLanguage\":\"fr-FR\",\"potentialAction\":[{\"@type\":\"ReadAction\",\"target\":[\"https:\\\/\\\/www.sources-hotels.com\\\/bourgogne\\\/coffrets-cadeaux-bourgogne\\\/\"]}]},{\"@type\":\"BreadcrumbList\",\"@id\":\"https:\\\/\\\/www.sources-hotels.com\\\/bourgogne\\\/coffrets-cadeaux-bourgogne\\\/#breadcrumb\",\"itemListElement\":[{\"@type\":\"ListItem\",\"position\":1,\"name\":\"Accueil\",\"item\":\"https:\\\/\\\/www.sources-hotels.com\\\/bourgogne\\\/\"},{\"@type\":\"ListItem\",\"position\":2,\"name\":\"Coffrets Cadeaux &#8211; Les Sources de Vougeot\"}]},{\"@type\":\"WebSite\",\"@id\":\"https:\\\/\\\/www.sources-hotels.com\\\/bourgogne\\\/#website\",\"url\":\"https:\\\/\\\/www.sources-hotels.com\\\/bourgogne\\\/\",\"name\":\"Les Sources de Vougeot\",\"description\":\"\",\"publisher\":{\"@id\":\"https:\\\/\\\/www.sources-hotels.com\\\/bourgogne\\\/#organization\"},\"potentialAction\":[{\"@type\":\"SearchAction\",\"target\":{\"@type\":\"EntryPoint\",\"urlTemplate\":\"https:\\\/\\\/www.sources-hotels.com\\\/bourgogne\\\/?s={search_term_string}\"},\"query-input\":{\"@type\":\"PropertyValueSpecification\",\"valueRequired\":true,\"valueName\":\"search_term_string\"}}],\"inLanguage\":\"fr-FR\"},{\"@type\":\"Organization\",\"@id\":\"https:\\\/\\\/www.sources-hotels.com\\\/bourgogne\\\/#organization\",\"name\":\"Les Sources de Caudalie\",\"url\":\"https:\\\/\\\/www.sources-hotels.com\\\/bourgogne\\\/\",\"logo\":{\"@type\":\"ImageObject\",\"inLanguage\":\"fr-FR\",\"@id\":\"https:\\\/\\\/www.sources-hotels.com\\\/bourgogne\\\/#\\\/schema\\\/logo\\\/image\\\/\",\"url\":\"\",\"contentUrl\":\"\",\"caption\":\"Les Sources de Caudalie\"},\"image\":{\"@id\":\"https:\\\/\\\/www.sources-hotels.com\\\/bourgogne\\\/#\\\/schema\\\/logo\\\/image\\\/\"}}]}<\/script>\n<!-- \/ Yoast SEO plugin. -->","yoast_head_json":{"title":"Coffrets cadeaux | H\u00f4tel 5 \u00e9toiles Les Sources de Vougeot","description":"L'Art d\u2019offrir avec Les Sources de Vougeot, pour c\u00e9l\u00e9brer un anniversaire, un mariage ou simplement faire plaisir. Coffrets cadeaux Bourgogne","robots":{"index":"index","follow":"follow","max-snippet":"max-snippet:-1","max-image-preview":"max-image-preview:large","max-video-preview":"max-video-preview:-1"},"canonical":"https:\/\/www.sources-hotels.com\/bourgogne\/coffrets-cadeaux-bourgogne\/","og_locale":"fr_FR","og_type":"article","og_title":"Coffrets cadeaux | H\u00f4tel 5 \u00e9toiles Les Sources de Vougeot","og_description":"L'Art d\u2019offrir avec Les Sources de Vougeot, pour c\u00e9l\u00e9brer un anniversaire, un mariage ou simplement faire plaisir. Coffrets cadeaux Bourgogne","og_url":"https:\/\/www.sources-hotels.com\/bourgogne\/coffrets-cadeaux-bourgogne\/","og_site_name":"Les Sources de Vougeot","article_modified_time":"2026-05-12T16:13:13+00:00","twitter_card":"summary_large_image","schema":{"@context":"https:\/\/schema.org","@graph":[{"@type":"WebPage","@id":"https:\/\/www.sources-hotels.com\/bourgogne\/coffrets-cadeaux-bourgogne\/","url":"https:\/\/www.sources-hotels.com\/bourgogne\/coffrets-cadeaux-bourgogne\/","name":"Coffrets cadeaux | H\u00f4tel 5 \u00e9toiles Les Sources de Vougeot","isPartOf":{"@id":"https:\/\/www.sources-hotels.com\/bourgogne\/#website"},"datePublished":"2026-02-11T08:55:59+00:00","dateModified":"2026-05-12T16:13:13+00:00","description":"L'Art d\u2019offrir avec Les Sources de Vougeot, pour c\u00e9l\u00e9brer un anniversaire, un mariage ou simplement faire plaisir. Coffrets cadeaux Bourgogne","breadcrumb":{"@id":"https:\/\/www.sources-hotels.com\/bourgogne\/coffrets-cadeaux-bourgogne\/#breadcrumb"},"inLanguage":"fr-FR","potentialAction":[{"@type":"ReadAction","target":["https:\/\/www.sources-hotels.com\/bourgogne\/coffrets-cadeaux-bourgogne\/"]}]},{"@type":"BreadcrumbList","@id":"https:\/\/www.sources-hotels.com\/bourgogne\/coffrets-cadeaux-bourgogne\/#breadcrumb","itemListElement":[{"@type":"ListItem","position":1,"name":"Accueil","item":"https:\/\/www.sources-hotels.com\/bourgogne\/"},{"@type":"ListItem","position":2,"name":"Coffrets Cadeaux &#8211; Les Sources de Vougeot"}]},{"@type":"WebSite","@id":"https:\/\/www.sources-hotels.com\/bourgogne\/#website","url":"https:\/\/www.sources-hotels.com\/bourgogne\/","name":"Les Sources de Vougeot","description":"","publisher":{"@id":"https:\/\/www.sources-hotels.com\/bourgogne\/#organization"},"potentialAction":[{"@type":"SearchAction","target":{"@type":"EntryPoint","urlTemplate":"https:\/\/www.sources-hotels.com\/bourgogne\/?s={search_term_string}"},"query-input":{"@type":"PropertyValueSpecification","valueRequired":true,"valueName":"search_term_string"}}],"inLanguage":"fr-FR"},{"@type":"Organization","@id":"https:\/\/www.sources-hotels.com\/bourgogne\/#organization","name":"Les Sources de Caudalie","url":"https:\/\/www.sources-hotels.com\/bourgogne\/","logo":{"@type":"ImageObject","inLanguage":"fr-FR","@id":"https:\/\/www.sources-hotels.com\/bourgogne\/#\/schema\/logo\/image\/","url":"","contentUrl":"","caption":"Les Sources de Caudalie"},"image":{"@id":"https:\/\/www.sources-hotels.com\/bourgogne\/#\/schema\/logo\/image\/"}}]}},"_links":{"self":[{"href":"https:\/\/www.sources-hotels.com\/bourgogne\/wp-json\/wp\/v2\/pages\/6716","targetHints":{"allow":["GET"]}}],"collection":[{"href":"https:\/\/www.sources-hotels.com\/bourgogne\/wp-json\/wp\/v2\/pages"}],"about":[{"href":"https:\/\/www.sources-hotels.com\/bourgogne\/wp-json\/wp\/v2\/types\/page"}],"author":[{"embeddable":true,"href":"https:\/\/www.sources-hotels.com\/bourgogne\/wp-json\/wp\/v2\/users\/12"}],"replies":[{"embeddable":true,"href":"https:\/\/www.sources-hotels.com\/bourgogne\/wp-json\/wp\/v2\/comments?post=6716"}],"version-history":[{"count":16,"href":"https:\/\/www.sources-hotels.com\/bourgogne\/wp-json\/wp\/v2\/pages\/6716\/revisions"}],"predecessor-version":[{"id":9294,"href":"https:\/\/www.sources-hotels.com\/bourgogne\/wp-json\/wp\/v2\/pages\/6716\/revisions\/9294"}],"wp:attachment":[{"href":"https:\/\/www.sources-hotels.com\/bourgogne\/wp-json\/wp\/v2\/media?parent=6716"}],"wp:term":[{"taxonomy":"hotels","embeddable":true,"href":"https:\/\/www.sources-hotels.com\/bourgogne\/wp-json\/wp\/v2\/hotels?post=6716"},{"taxonomy":"doc_cat","embeddable":true,"href":"https:\/\/www.sources-hotels.com\/bourgogne\/wp-json\/wp\/v2\/doc_cat?post=6716"}],"curies":[{"name":"wp","href":"https:\/\/api.w.org\/{rel}","templated":true}]}}