{"id":77,"date":"2024-12-27T14:49:14","date_gmt":"2024-12-27T13:49:14","guid":{"rendered":"https:\/\/www.sources-hotels.com\/bourgogne\/?page_id=77"},"modified":"2026-03-19T13:55:26","modified_gmt":"2026-03-19T12:55:26","slug":"chambres-confort-prestige","status":"publish","type":"page","link":"https:\/\/www.sources-hotels.com\/bourgogne\/chambres-suites\/chambres-confort-prestige\/","title":{"rendered":"Chambres Confort &amp; Prestige"},"content":{"rendered":"\n<section class=\"custom-block block--header h-[206rem] text-center text-white overflow-hidden pt-[100rem] relative tablet:h-[700rem] tablet:pt-[420rem]\">\n\n    <h1>\n                            Chambres Confort &amp; Prestige            <\/h1>\n\n    \n    <span class=\"scroll-down hidden text-[12rem] tracking-[2rem] uppercase font-title cursor-pointer opacity-[64%] pb-[66rem] absolute left-2\/4 bottom-0 translate-x-[-50%] after:w-[1px] after:h-[50rem] after:bg-white after:opacity-[40%] after:absolute after:bottom-0 after:left-[50%] tablet:block\">\n        Voir la suite    <\/span>\n\n    <figure class=\"min-w-full min-h-full aspect-video overflow-hidden absolute top-2\/4 left-2\/4 translate-x-[-50%] translate-y-[-50%] z-[-1] before:bg-black before:opacity-[35%] before:mix-blend-multiply before:absolute before:top-0 before:left-0 before:right-0 before:bottom-0 before:z-[2]\">\n                    <img loading=\"lazy\" decoding=\"async\" width=\"2880\" height=\"1800\" src=\"https:\/\/www.sources-hotels.com\/bourgogne\/wp-content\/uploads\/sites\/5\/2026\/03\/chambre_confort_LaSouplesse-2880x1800.jpg\" class=\"h-full w-full object-cover object-center\" alt=\"\" \/>            <\/figure>\n    \n<\/section>\n\n    \n\n\n<section class=\"custom-block block--title-introduction text-center tablet:!pb-[60rem]\">\n\n            <h2 class=\"block-title\">Chambres de charme en Bourgogne<\/h2>\n    \n    <div class=\"tablet:w-[970rem] tablet:inline-block\">\n        <p>&nbsp;<br \/>\nD\u00e9couvrez l\u2019\u00e9l\u00e9gance et le raffinement de nos chambres Confort et Prestige, les deux premi\u00e8res cat\u00e9gories de notre maison. Dialogue avec les jardins et les douves qu\u2019elles surplombent, elles se parent tant\u00f4t d\u2019\u00e9l\u00e9gants papiers peints fleuris, tant\u00f4t de d\u00e9licats tons cr\u00e8me, toujours en r\u00e9sonance avec le patrimoine architectural.<br \/>\nMobilier soigneusement chin\u00e9, mat\u00e9riaux nobles et luminaires au design intemporel se conjuguent pour cr\u00e9er une atmosph\u00e8re \u00e0 la fois chaleureuse et raffin\u00e9e. Ces chambres de luxe en Bourgogne invitent \u00e0 la d\u00e9tente et promettent un voyage inoubliable au c\u0153ur du vignoble bourguignon.<\/p>\n    <\/div>\n\n<\/section>\n\n\n\n<section\n    class=\"custom-block block--large-visual-centered-text-white-background has-visual\">\n\n            <div class=\"large-visual-container\">\n\n            <div class=\"large-visual\">\n                <figure>\n                    <img loading=\"lazy\" decoding=\"async\" width=\"2600\" height=\"1200\" src=\"https:\/\/www.sources-hotels.com\/bourgogne\/wp-content\/uploads\/sites\/5\/2026\/03\/chambre_confort_LaNuitonne-2600x1200.jpg\" class=\"h-full w-full object-cover object-center\" alt=\"Chambre Confort Les Sources de Vougeot\" \/>                <\/figure>\n            <\/div>\n\n            \n                            <h2 class=\"title-single\">Chambres Confort<\/h2>\n                        \n        <\/div>\n    \n    <div class=\"bloc-content\">\n                <div class=\"content rte\">\n            <p>Les chambres confort correspondent \u00e0 notre premi\u00e8re cat\u00e9gorie. Elles sont de v\u00e9ritables cocoons cosy et confortables.<\/p>\n<h4>Services et \u00e9quipements<\/h4>\n<ul>\n<li><span style=\"font-weight: 400\">2 Personnes<\/span><\/li>\n<li><span style=\"font-weight: 400\">29m2<\/span><\/li>\n<li><span style=\"font-weight: 400\">Vue sur les jardins.<\/span><\/li>\n<li><span style=\"font-weight: 400\">Salle de bain s\u00e9par\u00e9e, baignoire et douche. Produits et soins \u00e9co-responsables<\/span><\/li>\n<li><span style=\"font-weight: 400\">Lit king-size (180 x 200 cm) ou lits jumeaux. Notre literie est de fabrication fran\u00e7aise.<\/span><\/li>\n<li><span style=\"font-weight: 400\">TV \u00e9cran plat Chromecast<\/span><\/li>\n<li><span style=\"font-weight: 400\">Climatisation<\/span><\/li>\n<li><span style=\"font-weight: 400\">Wifi gratuit<\/span><\/li>\n<li><span style=\"font-weight: 400\">Coffre-fort<\/span><\/li>\n<li><span style=\"font-weight: 400\">Mini-bar<\/span><\/li>\n<li><span style=\"font-weight: 400\">Room service disponible<\/span><\/li>\n<\/ul>\n<p>&nbsp;<\/p>\n<p><em>Nos petits-d\u00e9jeuners sont servis sous forme de buffet \u00e0 l&rsquo;Orangerie ou peuvent vous \u00eatre livr\u00e9s dans l\u2019intimit\u00e9 de votre chambre.<\/em><\/p>\n        <\/div>\n\n            <\/div>\n\n    \n            <svg width=\"475\" height=\"889\" viewBox=\"0 0 475 889\" fill=\"none\"><use xlink:href=\"#leaf-side\"\/><\/svg>    \n<\/section>\n\n<section class=\"custom-block block--three-visuals-cta mx-auto text-center\">\n\n                    <div class=\"images\">\n                            <div class=\"relative\">\n                    <figure>\n                        <img loading=\"lazy\" decoding=\"async\" width=\"840\" height=\"600\" src=\"https:\/\/www.sources-hotels.com\/bourgogne\/wp-content\/uploads\/sites\/5\/2026\/03\/chambre_confort_LaSouplesse_detail-840x600.jpg\" class=\"w-full h-full object-cover object-center\" alt=\"Chambre Confort Les Sources de Vougeot\" \/>                    <\/figure>\n                                    <\/div>\n                            <div class=\"relative\">\n                    <figure>\n                        <img loading=\"lazy\" decoding=\"async\" width=\"840\" height=\"600\" src=\"https:\/\/www.sources-hotels.com\/bourgogne\/wp-content\/uploads\/sites\/5\/2026\/03\/LesSourcesdeVougeot_salle_de_bains-840x600.jpg\" class=\"w-full h-full object-cover object-center\" alt=\"salle de bains Les Sources de Vougeot\" \/>                    <\/figure>\n                                    <\/div>\n                            <div class=\"relative\">\n                    <figure>\n                        <img loading=\"lazy\" decoding=\"async\" width=\"840\" height=\"600\" src=\"https:\/\/www.sources-hotels.com\/bourgogne\/wp-content\/uploads\/sites\/5\/2026\/02\/Chambre-confort-840x600.jpg\" class=\"w-full h-full object-cover object-center\" alt=\"Chambre Les Sources de Vougeot\" \/>                    <\/figure>\n                                    <\/div>\n                    <\/div>\n    \n\n            <div class=\"ctas mt-[23rem] tablet:mt-[40rem] flex gap-[42rem] justify-center\">\n            \n                            <button class=\"button cta-booking dedge-open\">R\u00e9server<\/button>\n                    <\/div>\n    \n\n\n\n<\/section>\n\n\n<section\n    class=\"custom-block block--large-visual-centered-text-white-background has-visual\">\n\n            <div class=\"large-visual-container\">\n\n            <div class=\"large-visual\">\n                <figure>\n                    <img loading=\"lazy\" decoding=\"async\" width=\"2600\" height=\"1200\" src=\"https:\/\/www.sources-hotels.com\/bourgogne\/wp-content\/uploads\/sites\/5\/2026\/03\/Chambre_prestige_LaDormance_Bourgogne-2600x1200.jpg\" class=\"h-full w-full object-cover object-center\" alt=\"chambre Prestige Bourgogne\" \/>                <\/figure>\n            <\/div>\n\n            \n                            <h2 class=\"title-single\">Chambres Prestige<\/h2>\n                        \n        <\/div>\n    \n    <div class=\"bloc-content\">\n                <div class=\"content rte\">\n            <p><span style=\"font-weight: 400\">Les\u00a0chambres Prestige\u00a0sont tant\u00f4t par\u00e9es de papiers peints et tentures fleuries, tant\u00f4t habill\u00e9es de tons cr\u00e8me pour laisser la part belle \u00e0 l\u2019architecture du lieu. Elles sont en harmonie avec le cadre apaisant.<\/span><\/p>\n<h4>Services et \u00e9quipements<\/h4>\n<ul>\n<li><span style=\"font-weight: 400\">2 adultes<\/span><\/li>\n<li><span style=\"font-weight: 400\">35m2<\/span><\/li>\n<li><span style=\"font-weight: 400\">Vue sur les jardins, les douves ou le village<\/span><\/li>\n<li><span style=\"font-weight: 400\">Salle de bain s\u00e9par\u00e9e, baignoire et douche. Produits et soins \u00e9co-responsables<\/span><\/li>\n<li><span style=\"font-weight: 400\">Lit king-size (180 x 200 cm) ou lits jumeaux. Notre literie est de fabrication fran\u00e7aise.<\/span><\/li>\n<li><span style=\"font-weight: 400\">TV \u00e9cran plat Chromecast<\/span><\/li>\n<li><span style=\"font-weight: 400\">Climatisation<\/span><\/li>\n<li><span style=\"font-weight: 400\">Wifi gratuit<\/span><\/li>\n<li><span style=\"font-weight: 400\">Coffre-fort<\/span><\/li>\n<li><span style=\"font-weight: 400\">Mini-bar<\/span><\/li>\n<li><span style=\"font-weight: 400\">Room service disponible<\/span><span style=\"font-weight: 400\"><br \/>\n<\/span><\/li>\n<\/ul>\n<p>&nbsp;<\/p>\n<p><em>Nos petits-d\u00e9jeuners sont servis sous forme de buffet \u00e0 l&rsquo;Orangerie ou peuvent vous \u00eatre livr\u00e9s dans l\u2019intimit\u00e9 de votre chambre.<\/em><\/p>\n        <\/div>\n\n            <\/div>\n\n    \n            <svg width=\"475\" height=\"889\" viewBox=\"0 0 475 889\" fill=\"none\"><use xlink:href=\"#leaf-side\"\/><\/svg>    \n<\/section>\n\n<section class=\"custom-block block--three-visuals-cta mx-auto text-center\">\n\n                    <div class=\"images\">\n                            <div class=\"relative\">\n                    <figure>\n                        <img loading=\"lazy\" decoding=\"async\" width=\"840\" height=\"600\" src=\"https:\/\/www.sources-hotels.com\/bourgogne\/wp-content\/uploads\/sites\/5\/2026\/03\/Chambre_prestige_LaDormance-840x600.jpg\" class=\"w-full h-full object-cover object-center\" alt=\"Chambre Prestige Les Sources de Vougeot\" \/>                    <\/figure>\n                                    <\/div>\n                            <div class=\"relative\">\n                    <figure>\n                        <img loading=\"lazy\" decoding=\"async\" width=\"840\" height=\"600\" src=\"https:\/\/www.sources-hotels.com\/bourgogne\/wp-content\/uploads\/sites\/5\/2026\/03\/chambre_prestige_LesCistelsDansants-840x600.jpg\" class=\"w-full h-full object-cover object-center\" alt=\"Chambre Prestige Les Sources de Vougeot\" \/>                    <\/figure>\n                                    <\/div>\n                            <div class=\"relative\">\n                    <figure>\n                        <img loading=\"lazy\" decoding=\"async\" width=\"840\" height=\"600\" src=\"https:\/\/www.sources-hotels.com\/bourgogne\/wp-content\/uploads\/sites\/5\/2026\/02\/Chambre-prestige-840x600.jpg\" class=\"w-full h-full object-cover object-center\" alt=\"Chambre Prestige Les Sources de Vougeot\" \/>                    <\/figure>\n                                    <\/div>\n                    <\/div>\n    \n\n            <div class=\"ctas mt-[23rem] tablet:mt-[40rem] flex gap-[42rem] justify-center\">\n            \n                            <button class=\"button cta-booking dedge-open\">R\u00e9server<\/button>\n                    <\/div>\n    \n\n\n\n<\/section>\n\n\n<section class=\"custom-block block--slider-classic-pictures flex flex-col items-center background-theme-light\">\n\n            <h2 class=\"block-title\">D\u00e9couvrez tous nos h\u00e9bergements<\/h2>\n    \n    <div class=\"slides w-[209rem] !overflow-visible self-start tablet:w-[990rem] tablet:relative tablet:left-[60rem]\">\n\n        \n            <div class=\"slide w-[200rem] tablet:w-[450rem] teaser teaser--article-type-1\">\n\n                \n                <figure class=\"w-full h-[240rem] mb-[5rem] tablet:h-[575rem] tablet:mb-[30rem]\">\n                    <img loading=\"lazy\" decoding=\"async\" width=\"767\" height=\"1150\" src=\"https:\/\/www.sources-hotels.com\/bourgogne\/wp-content\/uploads\/sites\/5\/2026\/03\/suite_prestige_detail_cerf-767x1150.jpg\" class=\"h-full w-full object-cover object-center\" alt=\"Suite Prestige Les Sources de Vougeot\" srcset=\"https:\/\/www.sources-hotels.com\/bourgogne\/wp-content\/uploads\/sites\/5\/2026\/03\/suite_prestige_detail_cerf-767x1150.jpg 767w, https:\/\/www.sources-hotels.com\/bourgogne\/wp-content\/uploads\/sites\/5\/2026\/03\/suite_prestige_detail_cerf-200x300.jpg 200w, https:\/\/www.sources-hotels.com\/bourgogne\/wp-content\/uploads\/sites\/5\/2026\/03\/suite_prestige_detail_cerf-683x1024.jpg 683w, https:\/\/www.sources-hotels.com\/bourgogne\/wp-content\/uploads\/sites\/5\/2026\/03\/suite_prestige_detail_cerf-768x1152.jpg 768w, https:\/\/www.sources-hotels.com\/bourgogne\/wp-content\/uploads\/sites\/5\/2026\/03\/suite_prestige_detail_cerf-1024x1536.jpg 1024w, https:\/\/www.sources-hotels.com\/bourgogne\/wp-content\/uploads\/sites\/5\/2026\/03\/suite_prestige_detail_cerf-1365x2048.jpg 1365w\" sizes=\"auto, (max-width: 767px) 100vw, 767px\" \/>                <\/figure>\n\n                <h3 class=\"font-serif\">\n                    Nos Suites                <\/h3>\n\n                                    <div class=\"mt-[13rem]\">\n                        <p>Pens\u00e9es comme de v\u00e9ritables cocons, nos Junior Suites, Suites Prestige et Suites Signature vous offrent un environnement raffin\u00e9 et spacieux.<\/p>\n                    <\/div>\n                \n                                    <a href=\"https:\/\/www.sources-hotels.com\/bourgogne\/chambres-suites\/suites-et-suites-signature\/\" class=\"link mt-[10rem] tablet:mt-[20rem]\" target=\"\">\n                        En savoir plus                    <\/a>\n                \n            <\/div>\n\n        \n            <div class=\"slide w-[200rem] tablet:w-[450rem] teaser teaser--article-type-1\">\n\n                \n                <figure class=\"w-full h-[240rem] mb-[5rem] tablet:h-[575rem] tablet:mb-[30rem]\">\n                    <img loading=\"lazy\" decoding=\"async\" width=\"2044\" height=\"1150\" src=\"https:\/\/www.sources-hotels.com\/bourgogne\/wp-content\/uploads\/sites\/5\/2026\/01\/LesSources_OuvertureBourgogne_SuiteParticuliere-2044x1150.png\" class=\"h-full w-full object-cover object-center\" alt=\"suite de luxe Les Sources de Vougeor\" srcset=\"https:\/\/www.sources-hotels.com\/bourgogne\/wp-content\/uploads\/sites\/5\/2026\/01\/LesSources_OuvertureBourgogne_SuiteParticuliere-2044x1150.png 2044w, https:\/\/www.sources-hotels.com\/bourgogne\/wp-content\/uploads\/sites\/5\/2026\/01\/LesSources_OuvertureBourgogne_SuiteParticuliere-300x169.png 300w, https:\/\/www.sources-hotels.com\/bourgogne\/wp-content\/uploads\/sites\/5\/2026\/01\/LesSources_OuvertureBourgogne_SuiteParticuliere-1024x576.png 1024w, https:\/\/www.sources-hotels.com\/bourgogne\/wp-content\/uploads\/sites\/5\/2026\/01\/LesSources_OuvertureBourgogne_SuiteParticuliere-768x432.png 768w, https:\/\/www.sources-hotels.com\/bourgogne\/wp-content\/uploads\/sites\/5\/2026\/01\/LesSources_OuvertureBourgogne_SuiteParticuliere-1536x864.png 1536w, https:\/\/www.sources-hotels.com\/bourgogne\/wp-content\/uploads\/sites\/5\/2026\/01\/LesSources_OuvertureBourgogne_SuiteParticuliere-2048x1152.png 2048w\" sizes=\"auto, (max-width: 2044px) 100vw, 2044px\" \/>                <\/figure>\n\n                <h3 class=\"font-serif\">\n                    Suite Particuli\u00e8re                <\/h3>\n\n                                    <div class=\"mt-[13rem]\">\n                        <p>Laissez-vous s\u00e9duire par la majest\u00e9 de La Suite La Vigne Rose et ses 105 m\u00b2 qui r\u00e9v\u00e8lent des volumes spectaculaire.<\/p>\n                    <\/div>\n                \n                                    <a href=\"https:\/\/www.sources-hotels.com\/bourgogne\/chambres-suites\/suite-particuliere\/\" class=\"link mt-[10rem] tablet:mt-[20rem]\" target=\"\">\n                        En savoir plus                    <\/a>\n                \n            <\/div>\n\n        \n            <div class=\"slide w-[200rem] tablet:w-[450rem] teaser teaser--article-type-1\">\n\n                \n                <figure class=\"w-full h-[240rem] mb-[5rem] tablet:h-[575rem] tablet:mb-[30rem]\">\n                    <img loading=\"lazy\" decoding=\"async\" width=\"863\" height=\"1150\" src=\"https:\/\/www.sources-hotels.com\/bourgogne\/wp-content\/uploads\/sites\/5\/2025\/08\/LSV-06-01-863x1150.jpg\" class=\"h-full w-full object-cover object-center\" alt=\"\" srcset=\"https:\/\/www.sources-hotels.com\/bourgogne\/wp-content\/uploads\/sites\/5\/2025\/08\/LSV-06-01-863x1150.jpg 863w, https:\/\/www.sources-hotels.com\/bourgogne\/wp-content\/uploads\/sites\/5\/2025\/08\/LSV-06-01-225x300.jpg 225w, https:\/\/www.sources-hotels.com\/bourgogne\/wp-content\/uploads\/sites\/5\/2025\/08\/LSV-06-01-768x1024.jpg 768w, https:\/\/www.sources-hotels.com\/bourgogne\/wp-content\/uploads\/sites\/5\/2025\/08\/LSV-06-01-1152x1536.jpg 1152w, https:\/\/www.sources-hotels.com\/bourgogne\/wp-content\/uploads\/sites\/5\/2025\/08\/LSV-06-01-1536x2048.jpg 1536w\" sizes=\"auto, (max-width: 863px) 100vw, 863px\" \/>                <\/figure>\n\n                <h3 class=\"font-serif\">\n                    Le Moulin                <\/h3>\n\n                                    <div class=\"mt-[13rem]\">\n                        <p>En aplomb du charmant ruisseau de La Vouge, le Moulin est un v\u00e9ritable pavillon privatif.<\/p>\n                    <\/div>\n                \n                                    <a href=\"https:\/\/www.sources-hotels.com\/bourgogne\/chambres-suites\/le-moulin\/\" class=\"link mt-[10rem] tablet:mt-[20rem]\" target=\"\">\n                        EN SAVOIR PLUS                    <\/a>\n                \n            <\/div>\n\n        \n    <\/div>\n\n    \n<\/section>\n","protected":false},"excerpt":{"rendered":"","protected":false},"author":1,"featured_media":0,"parent":114,"menu_order":0,"comment_status":"closed","ping_status":"closed","template":"","meta":{"_acf_changed":false,"footnotes":""},"hotels":[],"doc_cat":[],"class_list":["post-77","page","type-page","status-publish","hentry"],"acf":[],"yoast_head":"<!-- This site is optimized with the Yoast SEO plugin v25.6 - https:\/\/yoast.com\/wordpress\/plugins\/seo\/ -->\n<title>Chambres Confort &amp; Prestige | Hotel Les Sources de Vougeot<\/title>\n<meta name=\"description\" content=\"S\u00e9journez dans nos chambres Confort et Prestige. H\u00f4tel 5 \u00e9toiles en Bourgogne, Les Sources de Vougeot. R\u00e9servez d\u00e8s maintenant !\" \/>\n<meta name=\"robots\" content=\"index, follow, max-snippet:-1, max-image-preview:large, max-video-preview:-1\" \/>\n<link rel=\"canonical\" href=\"https:\/\/www.sources-hotels.com\/bourgogne\/chambres-suites\/chambres-confort-prestige\/\" \/>\n<meta property=\"og:locale\" content=\"fr_FR\" \/>\n<meta property=\"og:type\" content=\"article\" \/>\n<meta property=\"og:title\" content=\"Chambres Confort &amp; Prestige | Hotel Les Sources de Vougeot\" \/>\n<meta property=\"og:description\" content=\"S\u00e9journez dans nos chambres Confort et Prestige. H\u00f4tel 5 \u00e9toiles en Bourgogne, Les Sources de Vougeot. R\u00e9servez d\u00e8s maintenant !\" \/>\n<meta property=\"og:url\" content=\"https:\/\/www.sources-hotels.com\/bourgogne\/chambres-suites\/chambres-confort-prestige\/\" \/>\n<meta property=\"og:site_name\" content=\"Les Sources de Vougeot\" \/>\n<meta property=\"article:modified_time\" content=\"2026-03-19T12:55:26+00:00\" \/>\n<meta name=\"twitter:card\" content=\"summary_large_image\" \/>\n<script type=\"application\/ld+json\" class=\"yoast-schema-graph\">{\"@context\":\"https:\/\/schema.org\",\"@graph\":[{\"@type\":\"WebPage\",\"@id\":\"https:\/\/www.sources-hotels.com\/bourgogne\/chambres-suites\/chambres-confort-prestige\/\",\"url\":\"https:\/\/www.sources-hotels.com\/bourgogne\/chambres-suites\/chambres-confort-prestige\/\",\"name\":\"Chambres Confort & Prestige | Hotel Les Sources de Vougeot\",\"isPartOf\":{\"@id\":\"https:\/\/www.sources-hotels.com\/bourgogne\/#website\"},\"datePublished\":\"2024-12-27T13:49:14+00:00\",\"dateModified\":\"2026-03-19T12:55:26+00:00\",\"description\":\"S\u00e9journez dans nos chambres Confort et Prestige. H\u00f4tel 5 \u00e9toiles en Bourgogne, Les Sources de Vougeot. R\u00e9servez d\u00e8s maintenant !\",\"breadcrumb\":{\"@id\":\"https:\/\/www.sources-hotels.com\/bourgogne\/chambres-suites\/chambres-confort-prestige\/#breadcrumb\"},\"inLanguage\":\"fr-FR\",\"potentialAction\":[{\"@type\":\"ReadAction\",\"target\":[\"https:\/\/www.sources-hotels.com\/bourgogne\/chambres-suites\/chambres-confort-prestige\/\"]}]},{\"@type\":\"BreadcrumbList\",\"@id\":\"https:\/\/www.sources-hotels.com\/bourgogne\/chambres-suites\/chambres-confort-prestige\/#breadcrumb\",\"itemListElement\":[{\"@type\":\"ListItem\",\"position\":1,\"name\":\"Accueil\",\"item\":\"https:\/\/www.sources-hotels.com\/bourgogne\/\"},{\"@type\":\"ListItem\",\"position\":2,\"name\":\"Chambres &amp; suites\",\"item\":\"https:\/\/www.sources-hotels.com\/bourgogne\/chambres-suites\/\"},{\"@type\":\"ListItem\",\"position\":3,\"name\":\"Chambres Confort &amp; Prestige\"}]},{\"@type\":\"WebSite\",\"@id\":\"https:\/\/www.sources-hotels.com\/bourgogne\/#website\",\"url\":\"https:\/\/www.sources-hotels.com\/bourgogne\/\",\"name\":\"Les Sources de Vougeot\",\"description\":\"\",\"publisher\":{\"@id\":\"https:\/\/www.sources-hotels.com\/bourgogne\/#organization\"},\"potentialAction\":[{\"@type\":\"SearchAction\",\"target\":{\"@type\":\"EntryPoint\",\"urlTemplate\":\"https:\/\/www.sources-hotels.com\/bourgogne\/?s={search_term_string}\"},\"query-input\":{\"@type\":\"PropertyValueSpecification\",\"valueRequired\":true,\"valueName\":\"search_term_string\"}}],\"inLanguage\":\"fr-FR\"},{\"@type\":\"Organization\",\"@id\":\"https:\/\/www.sources-hotels.com\/bourgogne\/#organization\",\"name\":\"Les Sources de Caudalie\",\"url\":\"https:\/\/www.sources-hotels.com\/bourgogne\/\",\"logo\":{\"@type\":\"ImageObject\",\"inLanguage\":\"fr-FR\",\"@id\":\"https:\/\/www.sources-hotels.com\/bourgogne\/#\/schema\/logo\/image\/\",\"url\":\"\",\"contentUrl\":\"\",\"caption\":\"Les Sources de Caudalie\"},\"image\":{\"@id\":\"https:\/\/www.sources-hotels.com\/bourgogne\/#\/schema\/logo\/image\/\"}}]}<\/script>\n<!-- \/ Yoast SEO plugin. -->","yoast_head_json":{"title":"Chambres Confort & Prestige | Hotel Les Sources de Vougeot","description":"S\u00e9journez dans nos chambres Confort et Prestige. H\u00f4tel 5 \u00e9toiles en Bourgogne, Les Sources de Vougeot. R\u00e9servez d\u00e8s maintenant !","robots":{"index":"index","follow":"follow","max-snippet":"max-snippet:-1","max-image-preview":"max-image-preview:large","max-video-preview":"max-video-preview:-1"},"canonical":"https:\/\/www.sources-hotels.com\/bourgogne\/chambres-suites\/chambres-confort-prestige\/","og_locale":"fr_FR","og_type":"article","og_title":"Chambres Confort & Prestige | Hotel Les Sources de Vougeot","og_description":"S\u00e9journez dans nos chambres Confort et Prestige. H\u00f4tel 5 \u00e9toiles en Bourgogne, Les Sources de Vougeot. R\u00e9servez d\u00e8s maintenant !","og_url":"https:\/\/www.sources-hotels.com\/bourgogne\/chambres-suites\/chambres-confort-prestige\/","og_site_name":"Les Sources de Vougeot","article_modified_time":"2026-03-19T12:55:26+00:00","twitter_card":"summary_large_image","schema":{"@context":"https:\/\/schema.org","@graph":[{"@type":"WebPage","@id":"https:\/\/www.sources-hotels.com\/bourgogne\/chambres-suites\/chambres-confort-prestige\/","url":"https:\/\/www.sources-hotels.com\/bourgogne\/chambres-suites\/chambres-confort-prestige\/","name":"Chambres Confort & Prestige | Hotel Les Sources de Vougeot","isPartOf":{"@id":"https:\/\/www.sources-hotels.com\/bourgogne\/#website"},"datePublished":"2024-12-27T13:49:14+00:00","dateModified":"2026-03-19T12:55:26+00:00","description":"S\u00e9journez dans nos chambres Confort et Prestige. H\u00f4tel 5 \u00e9toiles en Bourgogne, Les Sources de Vougeot. R\u00e9servez d\u00e8s maintenant !","breadcrumb":{"@id":"https:\/\/www.sources-hotels.com\/bourgogne\/chambres-suites\/chambres-confort-prestige\/#breadcrumb"},"inLanguage":"fr-FR","potentialAction":[{"@type":"ReadAction","target":["https:\/\/www.sources-hotels.com\/bourgogne\/chambres-suites\/chambres-confort-prestige\/"]}]},{"@type":"BreadcrumbList","@id":"https:\/\/www.sources-hotels.com\/bourgogne\/chambres-suites\/chambres-confort-prestige\/#breadcrumb","itemListElement":[{"@type":"ListItem","position":1,"name":"Accueil","item":"https:\/\/www.sources-hotels.com\/bourgogne\/"},{"@type":"ListItem","position":2,"name":"Chambres &amp; suites","item":"https:\/\/www.sources-hotels.com\/bourgogne\/chambres-suites\/"},{"@type":"ListItem","position":3,"name":"Chambres Confort &amp; Prestige"}]},{"@type":"WebSite","@id":"https:\/\/www.sources-hotels.com\/bourgogne\/#website","url":"https:\/\/www.sources-hotels.com\/bourgogne\/","name":"Les Sources de Vougeot","description":"","publisher":{"@id":"https:\/\/www.sources-hotels.com\/bourgogne\/#organization"},"potentialAction":[{"@type":"SearchAction","target":{"@type":"EntryPoint","urlTemplate":"https:\/\/www.sources-hotels.com\/bourgogne\/?s={search_term_string}"},"query-input":{"@type":"PropertyValueSpecification","valueRequired":true,"valueName":"search_term_string"}}],"inLanguage":"fr-FR"},{"@type":"Organization","@id":"https:\/\/www.sources-hotels.com\/bourgogne\/#organization","name":"Les Sources de Caudalie","url":"https:\/\/www.sources-hotels.com\/bourgogne\/","logo":{"@type":"ImageObject","inLanguage":"fr-FR","@id":"https:\/\/www.sources-hotels.com\/bourgogne\/#\/schema\/logo\/image\/","url":"","contentUrl":"","caption":"Les Sources de Caudalie"},"image":{"@id":"https:\/\/www.sources-hotels.com\/bourgogne\/#\/schema\/logo\/image\/"}}]}},"_links":{"self":[{"href":"https:\/\/www.sources-hotels.com\/bourgogne\/wp-json\/wp\/v2\/pages\/77","targetHints":{"allow":["GET"]}}],"collection":[{"href":"https:\/\/www.sources-hotels.com\/bourgogne\/wp-json\/wp\/v2\/pages"}],"about":[{"href":"https:\/\/www.sources-hotels.com\/bourgogne\/wp-json\/wp\/v2\/types\/page"}],"author":[{"embeddable":true,"href":"https:\/\/www.sources-hotels.com\/bourgogne\/wp-json\/wp\/v2\/users\/1"}],"replies":[{"embeddable":true,"href":"https:\/\/www.sources-hotels.com\/bourgogne\/wp-json\/wp\/v2\/comments?post=77"}],"version-history":[{"count":57,"href":"https:\/\/www.sources-hotels.com\/bourgogne\/wp-json\/wp\/v2\/pages\/77\/revisions"}],"predecessor-version":[{"id":7648,"href":"https:\/\/www.sources-hotels.com\/bourgogne\/wp-json\/wp\/v2\/pages\/77\/revisions\/7648"}],"up":[{"embeddable":true,"href":"https:\/\/www.sources-hotels.com\/bourgogne\/wp-json\/wp\/v2\/pages\/114"}],"wp:attachment":[{"href":"https:\/\/www.sources-hotels.com\/bourgogne\/wp-json\/wp\/v2\/media?parent=77"}],"wp:term":[{"taxonomy":"hotels","embeddable":true,"href":"https:\/\/www.sources-hotels.com\/bourgogne\/wp-json\/wp\/v2\/hotels?post=77"},{"taxonomy":"doc_cat","embeddable":true,"href":"https:\/\/www.sources-hotels.com\/bourgogne\/wp-json\/wp\/v2\/doc_cat?post=77"}],"curies":[{"name":"wp","href":"https:\/\/api.w.org\/{rel}","templated":true}]}}