{"id":8782,"date":"2026-04-30T12:03:31","date_gmt":"2026-04-30T10:03:31","guid":{"rendered":"https:\/\/www.sources-hotels.com\/bourgogne\/?page_id=8782"},"modified":"2026-04-30T12:07:15","modified_gmt":"2026-04-30T10:07:15","slug":"histoire","status":"publish","type":"page","link":"https:\/\/www.sources-hotels.com\/bourgogne\/histoire\/","title":{"rendered":"Histoire"},"content":{"rendered":"\n<section class=\"custom-block block--header h-[206rem] text-center text-white overflow-hidden pt-[100rem] relative tablet:h-[700rem] tablet:pt-[420rem]\">\n\n    <h1>\n                            Il \u00e9tait une fois <br><br> Les Sources de Vougeot            <\/h1>\n\n    \n    <span class=\"scroll-down hidden text-[12rem] tracking-[2rem] uppercase font-title cursor-pointer opacity-[64%] pb-[66rem] absolute left-2\/4 bottom-0 translate-x-[-50%] after:w-[1px] after:h-[50rem] after:bg-white after:opacity-[40%] after:absolute after:bottom-0 after:left-[50%] tablet:block\">\n        Voir la suite    <\/span>\n\n    <figure class=\"min-w-full min-h-full aspect-video overflow-hidden absolute top-2\/4 left-2\/4 translate-x-[-50%] translate-y-[-50%] z-[-1] before:bg-black before:opacity-[35%] before:mix-blend-multiply before:absolute before:top-0 before:left-0 before:right-0 before:bottom-0 before:z-[2]\">\n                    <img loading=\"lazy\" decoding=\"async\" width=\"2048\" height=\"874\" src=\"https:\/\/www.sources-hotels.com\/bourgogne\/wp-content\/uploads\/sites\/5\/2026\/04\/LesSourcesdeVougeot_Exterieur_\u00a9MaximilienForgetStudio-5-3-e1777543628430.jpg\" class=\"h-full w-full object-cover object-center\" alt=\"\" srcset=\"https:\/\/www.sources-hotels.com\/bourgogne\/wp-content\/uploads\/sites\/5\/2026\/04\/LesSourcesdeVougeot_Exterieur_\u00a9MaximilienForgetStudio-5-3-e1777543628430.jpg 2048w, https:\/\/www.sources-hotels.com\/bourgogne\/wp-content\/uploads\/sites\/5\/2026\/04\/LesSourcesdeVougeot_Exterieur_\u00a9MaximilienForgetStudio-5-3-e1777543628430-300x128.jpg 300w, https:\/\/www.sources-hotels.com\/bourgogne\/wp-content\/uploads\/sites\/5\/2026\/04\/LesSourcesdeVougeot_Exterieur_\u00a9MaximilienForgetStudio-5-3-e1777543628430-1024x437.jpg 1024w, https:\/\/www.sources-hotels.com\/bourgogne\/wp-content\/uploads\/sites\/5\/2026\/04\/LesSourcesdeVougeot_Exterieur_\u00a9MaximilienForgetStudio-5-3-e1777543628430-768x328.jpg 768w, https:\/\/www.sources-hotels.com\/bourgogne\/wp-content\/uploads\/sites\/5\/2026\/04\/LesSourcesdeVougeot_Exterieur_\u00a9MaximilienForgetStudio-5-3-e1777543628430-1536x656.jpg 1536w\" sizes=\"auto, (max-width: 2048px) 100vw, 2048px\" \/>            <\/figure>\n    \n<\/section>\n\n    \n\n\n<section class=\"custom-block block--text-small-visual-watermark style-image-right background-white pt-[30rem] tablet:pt-[110rem] \">\n\n    \n    <div class=\"block-content w-[255rem] flex flex-col gap-[20rem] mx-auto tablet:w-auto tablet:flex-row tablet:px-0 tablet:gap-[105rem] tablet:mx-0\">\n\n        <figure class=\"w-full h-[200rem] flex-initial relative z-[1] tablet:w-[630rem] tablet:h-[500rem]\">\n\n            <img loading=\"lazy\" decoding=\"async\" width=\"1260\" height=\"1000\" src=\"https:\/\/www.sources-hotels.com\/bourgogne\/wp-content\/uploads\/sites\/5\/2026\/04\/SDV_Lobby_\u00a9AgencePancake-6-1260x1000.jpg\" class=\"w-full h-full object-cover object-center relative z-[2]\" alt=\"Bureau Lobby - Les Sources de Vougeot\" \/>\n            \n        <\/figure>\n\n        <div class=\"w-full flex flex-col flex-initial z-[2] tablet:w-[500rem]\">\n\n                            <h3 class=\"text-[16rem] uppercase text-theme font-text mb-[25rem] tablet:text-[22rem]\">\n                    Les Sources de Vougeot vous ouvrent les portes du Ch\u00e2teau de Gilly                <\/h3>\n            \n            <div class=\"rte\"><p>Inscrit aux Monuments historiques, cet ancien prieur\u00e9, dont l\u2019origine remonte au VIe si\u00e8cle, fut le lieu de retraite et de travail des abb\u00e9s de C\u00eeteaux.<\/p>\n<p>Ces derniers, v\u00e9ritables pr\u00e9curseurs, jou\u00e8rent un r\u00f4le majeur dans l\u2019essor du vignoble bourguignon, notamment gr\u00e2ce \u00e0 l\u2019\u00e9laboration de techniques de vinification novatrices.<\/p>\n<p>Au XIVe si\u00e8cle, il se transforma en ch\u00e2teau durant la guerre de Cent Ans, avant de devenir, au XVIIe si\u00e8cle, une somptueuse maison de plaisance.<\/p>\n<p>Alice et J\u00e9r\u00f4me Tourbier ont souhait\u00e9 rester fid\u00e8les \u00e0 l\u2019identit\u00e9 du ch\u00e2teau : si l\u2019h\u00e9ritage du style monacal demeure perceptible, il se conjugue d\u00e9sormais \u00e0 un int\u00e9rieur d\u2019un grand raffinement.<\/p>\n<\/div>\n\n            \n        <\/div>\n\n    <\/div>\n\n<\/section>\n\n<section class=\"custom-block block--three-visuals-cta mx-auto text-center\">\n\n                    <div class=\"images\">\n                            <div class=\"relative\">\n                    <figure>\n                        <img loading=\"lazy\" decoding=\"async\" width=\"840\" height=\"600\" src=\"https:\/\/www.sources-hotels.com\/bourgogne\/wp-content\/uploads\/sites\/5\/2026\/04\/LesSourcesdeVougeot_Lobby_\u00a9MaximilienForgetStudio-2-840x600.jpg\" class=\"w-full h-full object-cover object-center\" alt=\"Lobby - Les Sources de Vougeot\" \/>                    <\/figure>\n                                    <\/div>\n                            <div class=\"relative\">\n                    <figure>\n                        <img loading=\"lazy\" decoding=\"async\" width=\"840\" height=\"600\" src=\"https:\/\/www.sources-hotels.com\/bourgogne\/wp-content\/uploads\/sites\/5\/2026\/04\/LesSourcesdeVougeot_Spa_\u00a9Jules-Focone-3-e1777465291323-840x600.jpg\" class=\"w-full h-full object-cover object-center\" alt=\"Bassins Spa - Les Sources de Vougeot\" \/>                    <\/figure>\n                                    <\/div>\n                            <div class=\"relative\">\n                    <figure>\n                        <img loading=\"lazy\" decoding=\"async\" width=\"840\" height=\"600\" src=\"https:\/\/www.sources-hotels.com\/bourgogne\/wp-content\/uploads\/sites\/5\/2026\/04\/LesSourcesdeVougeot_LaVigneRose_\u00a9MaximilienForgetStudio-1-840x600.jpg\" class=\"w-full h-full object-cover object-center\" alt=\"Salon La Vigne Rose - Les Sources de Vougeot\" \/>                    <\/figure>\n                                    <\/div>\n                    <\/div>\n    \n\n    \n\n\n\n<\/section>\n\n\n<section class=\"custom-block block--text-small-visual-watermark style-image-left background-white pt-[30rem] tablet:pt-[110rem] \">\n\n    \n    <div class=\"block-content w-[255rem] flex flex-col gap-[20rem] mx-auto tablet:w-auto tablet:flex-row tablet:px-0 tablet:gap-[105rem] tablet:mx-0\">\n\n        <figure class=\"w-full h-[200rem] flex-initial relative z-[1] tablet:w-[630rem] tablet:h-[500rem]\">\n\n            <img loading=\"lazy\" decoding=\"async\" width=\"1260\" height=\"1000\" src=\"https:\/\/www.sources-hotels.com\/bourgogne\/wp-content\/uploads\/sites\/5\/2026\/02\/EXT-3-1260x1000.jpg\" class=\"w-full h-full object-cover object-center relative z-[2]\" alt=\"vignes Bourgogne s\u00e9jour\" \/>\n            \n        <\/figure>\n\n        <div class=\"w-full flex flex-col flex-initial z-[2] tablet:w-[500rem]\">\n\n                            <h3 class=\"text-[16rem] uppercase text-theme font-text mb-[25rem] tablet:text-[22rem]\">\n                    Rendez-vous en terre bourguignonne                <\/h3>\n            \n            <div class=\"rte\"><p>Impr\u00e9gnez-vous de l\u2019\u00e2me mill\u00e9naire de la Bourgogne, cette terre mythique au patrimoine viticole unique qui s\u2019est patiemment sculpt\u00e9e au fil des si\u00e8cles. Jouissant d\u2019une aura exceptionnelle, c\u2019est sur ce terroir \u00e0 la fois riche et fertile que l\u2019histoire du vin a \u00e9crit quelques unes de ses plus belles pages, asseyant sa r\u00e9putation aux quatre coins du monde.<\/p>\n<p>Depuis 2015, les c\u00e9l\u00e8bres \u00ab Climats \u00bb qui prosp\u00e8rent le long des C\u00f4tes de Nuits et de Beaune sont inscrits au<br \/>\nPatrimoine mondial de l\u2019UNESCO. Ces parcelles donnent naissance \u00e0 une mosa\u00efque de crus, magnifi\u00e9s par<br \/>\nl\u2019expression singuli\u00e8re du Pinot noir et du Chardonnay.<\/p>\n<p>Les appellations l\u00e9gendaires se succ\u00e8dent sur cette route des vins, tendant les bras \u00e0 qui r\u00eave de d\u00e9gustations prestigieuses et d\u2019instants de partage privil\u00e9gi\u00e9s.<\/p>\n<\/div>\n\n            \n        <\/div>\n\n    <\/div>\n\n<\/section>","protected":false},"excerpt":{"rendered":"","protected":false},"author":12,"featured_media":0,"parent":0,"menu_order":0,"comment_status":"closed","ping_status":"closed","template":"","meta":{"_acf_changed":false,"footnotes":""},"hotels":[],"doc_cat":[],"class_list":["post-8782","page","type-page","status-publish","hentry"],"acf":[],"yoast_head":"<!-- This site is optimized with the Yoast SEO plugin v25.6 - https:\/\/yoast.com\/wordpress\/plugins\/seo\/ -->\n<title>Histoire - Les Sources de Vougeot<\/title>\n<meta name=\"description\" content=\"D\u00e9couvrez l\u2019histoire des Sources de Vougeot, entre h\u00e9ritage bourguignon et renaissance d\u2019un lieu d\u2019exception au c\u0153ur des vignes.\" \/>\n<meta name=\"robots\" content=\"index, follow, max-snippet:-1, max-image-preview:large, max-video-preview:-1\" \/>\n<link rel=\"canonical\" href=\"https:\/\/www.sources-hotels.com\/bourgogne\/histoire\/\" \/>\n<meta property=\"og:locale\" content=\"fr_FR\" \/>\n<meta property=\"og:type\" content=\"article\" \/>\n<meta property=\"og:title\" content=\"Histoire - Les Sources de Vougeot\" \/>\n<meta property=\"og:description\" content=\"D\u00e9couvrez l\u2019histoire des Sources de Vougeot, entre h\u00e9ritage bourguignon et renaissance d\u2019un lieu d\u2019exception au c\u0153ur des vignes.\" \/>\n<meta property=\"og:url\" content=\"https:\/\/www.sources-hotels.com\/bourgogne\/histoire\/\" \/>\n<meta property=\"og:site_name\" content=\"Les Sources de Vougeot\" \/>\n<meta property=\"article:modified_time\" content=\"2026-04-30T10:07:15+00:00\" \/>\n<meta name=\"twitter:card\" content=\"summary_large_image\" \/>\n<script type=\"application\/ld+json\" class=\"yoast-schema-graph\">{\"@context\":\"https:\/\/schema.org\",\"@graph\":[{\"@type\":\"WebPage\",\"@id\":\"https:\/\/www.sources-hotels.com\/bourgogne\/histoire\/\",\"url\":\"https:\/\/www.sources-hotels.com\/bourgogne\/histoire\/\",\"name\":\"Histoire - Les Sources de Vougeot\",\"isPartOf\":{\"@id\":\"https:\/\/www.sources-hotels.com\/bourgogne\/#website\"},\"datePublished\":\"2026-04-30T10:03:31+00:00\",\"dateModified\":\"2026-04-30T10:07:15+00:00\",\"description\":\"D\u00e9couvrez l\u2019histoire des Sources de Vougeot, entre h\u00e9ritage bourguignon et renaissance d\u2019un lieu d\u2019exception au c\u0153ur des vignes.\",\"breadcrumb\":{\"@id\":\"https:\/\/www.sources-hotels.com\/bourgogne\/histoire\/#breadcrumb\"},\"inLanguage\":\"fr-FR\",\"potentialAction\":[{\"@type\":\"ReadAction\",\"target\":[\"https:\/\/www.sources-hotels.com\/bourgogne\/histoire\/\"]}]},{\"@type\":\"BreadcrumbList\",\"@id\":\"https:\/\/www.sources-hotels.com\/bourgogne\/histoire\/#breadcrumb\",\"itemListElement\":[{\"@type\":\"ListItem\",\"position\":1,\"name\":\"Accueil\",\"item\":\"https:\/\/www.sources-hotels.com\/bourgogne\/\"},{\"@type\":\"ListItem\",\"position\":2,\"name\":\"Histoire\"}]},{\"@type\":\"WebSite\",\"@id\":\"https:\/\/www.sources-hotels.com\/bourgogne\/#website\",\"url\":\"https:\/\/www.sources-hotels.com\/bourgogne\/\",\"name\":\"Les Sources de Vougeot\",\"description\":\"\",\"publisher\":{\"@id\":\"https:\/\/www.sources-hotels.com\/bourgogne\/#organization\"},\"potentialAction\":[{\"@type\":\"SearchAction\",\"target\":{\"@type\":\"EntryPoint\",\"urlTemplate\":\"https:\/\/www.sources-hotels.com\/bourgogne\/?s={search_term_string}\"},\"query-input\":{\"@type\":\"PropertyValueSpecification\",\"valueRequired\":true,\"valueName\":\"search_term_string\"}}],\"inLanguage\":\"fr-FR\"},{\"@type\":\"Organization\",\"@id\":\"https:\/\/www.sources-hotels.com\/bourgogne\/#organization\",\"name\":\"Les Sources de Caudalie\",\"url\":\"https:\/\/www.sources-hotels.com\/bourgogne\/\",\"logo\":{\"@type\":\"ImageObject\",\"inLanguage\":\"fr-FR\",\"@id\":\"https:\/\/www.sources-hotels.com\/bourgogne\/#\/schema\/logo\/image\/\",\"url\":\"\",\"contentUrl\":\"\",\"caption\":\"Les Sources de Caudalie\"},\"image\":{\"@id\":\"https:\/\/www.sources-hotels.com\/bourgogne\/#\/schema\/logo\/image\/\"}}]}<\/script>\n<!-- \/ Yoast SEO plugin. -->","yoast_head_json":{"title":"Histoire - Les Sources de Vougeot","description":"D\u00e9couvrez l\u2019histoire des Sources de Vougeot, entre h\u00e9ritage bourguignon et renaissance d\u2019un lieu d\u2019exception au c\u0153ur des vignes.","robots":{"index":"index","follow":"follow","max-snippet":"max-snippet:-1","max-image-preview":"max-image-preview:large","max-video-preview":"max-video-preview:-1"},"canonical":"https:\/\/www.sources-hotels.com\/bourgogne\/histoire\/","og_locale":"fr_FR","og_type":"article","og_title":"Histoire - Les Sources de Vougeot","og_description":"D\u00e9couvrez l\u2019histoire des Sources de Vougeot, entre h\u00e9ritage bourguignon et renaissance d\u2019un lieu d\u2019exception au c\u0153ur des vignes.","og_url":"https:\/\/www.sources-hotels.com\/bourgogne\/histoire\/","og_site_name":"Les Sources de Vougeot","article_modified_time":"2026-04-30T10:07:15+00:00","twitter_card":"summary_large_image","schema":{"@context":"https:\/\/schema.org","@graph":[{"@type":"WebPage","@id":"https:\/\/www.sources-hotels.com\/bourgogne\/histoire\/","url":"https:\/\/www.sources-hotels.com\/bourgogne\/histoire\/","name":"Histoire - Les Sources de Vougeot","isPartOf":{"@id":"https:\/\/www.sources-hotels.com\/bourgogne\/#website"},"datePublished":"2026-04-30T10:03:31+00:00","dateModified":"2026-04-30T10:07:15+00:00","description":"D\u00e9couvrez l\u2019histoire des Sources de Vougeot, entre h\u00e9ritage bourguignon et renaissance d\u2019un lieu d\u2019exception au c\u0153ur des vignes.","breadcrumb":{"@id":"https:\/\/www.sources-hotels.com\/bourgogne\/histoire\/#breadcrumb"},"inLanguage":"fr-FR","potentialAction":[{"@type":"ReadAction","target":["https:\/\/www.sources-hotels.com\/bourgogne\/histoire\/"]}]},{"@type":"BreadcrumbList","@id":"https:\/\/www.sources-hotels.com\/bourgogne\/histoire\/#breadcrumb","itemListElement":[{"@type":"ListItem","position":1,"name":"Accueil","item":"https:\/\/www.sources-hotels.com\/bourgogne\/"},{"@type":"ListItem","position":2,"name":"Histoire"}]},{"@type":"WebSite","@id":"https:\/\/www.sources-hotels.com\/bourgogne\/#website","url":"https:\/\/www.sources-hotels.com\/bourgogne\/","name":"Les Sources de Vougeot","description":"","publisher":{"@id":"https:\/\/www.sources-hotels.com\/bourgogne\/#organization"},"potentialAction":[{"@type":"SearchAction","target":{"@type":"EntryPoint","urlTemplate":"https:\/\/www.sources-hotels.com\/bourgogne\/?s={search_term_string}"},"query-input":{"@type":"PropertyValueSpecification","valueRequired":true,"valueName":"search_term_string"}}],"inLanguage":"fr-FR"},{"@type":"Organization","@id":"https:\/\/www.sources-hotels.com\/bourgogne\/#organization","name":"Les Sources de Caudalie","url":"https:\/\/www.sources-hotels.com\/bourgogne\/","logo":{"@type":"ImageObject","inLanguage":"fr-FR","@id":"https:\/\/www.sources-hotels.com\/bourgogne\/#\/schema\/logo\/image\/","url":"","contentUrl":"","caption":"Les Sources de Caudalie"},"image":{"@id":"https:\/\/www.sources-hotels.com\/bourgogne\/#\/schema\/logo\/image\/"}}]}},"_links":{"self":[{"href":"https:\/\/www.sources-hotels.com\/bourgogne\/wp-json\/wp\/v2\/pages\/8782","targetHints":{"allow":["GET"]}}],"collection":[{"href":"https:\/\/www.sources-hotels.com\/bourgogne\/wp-json\/wp\/v2\/pages"}],"about":[{"href":"https:\/\/www.sources-hotels.com\/bourgogne\/wp-json\/wp\/v2\/types\/page"}],"author":[{"embeddable":true,"href":"https:\/\/www.sources-hotels.com\/bourgogne\/wp-json\/wp\/v2\/users\/12"}],"replies":[{"embeddable":true,"href":"https:\/\/www.sources-hotels.com\/bourgogne\/wp-json\/wp\/v2\/comments?post=8782"}],"version-history":[{"count":23,"href":"https:\/\/www.sources-hotels.com\/bourgogne\/wp-json\/wp\/v2\/pages\/8782\/revisions"}],"predecessor-version":[{"id":8839,"href":"https:\/\/www.sources-hotels.com\/bourgogne\/wp-json\/wp\/v2\/pages\/8782\/revisions\/8839"}],"wp:attachment":[{"href":"https:\/\/www.sources-hotels.com\/bourgogne\/wp-json\/wp\/v2\/media?parent=8782"}],"wp:term":[{"taxonomy":"hotels","embeddable":true,"href":"https:\/\/www.sources-hotels.com\/bourgogne\/wp-json\/wp\/v2\/hotels?post=8782"},{"taxonomy":"doc_cat","embeddable":true,"href":"https:\/\/www.sources-hotels.com\/bourgogne\/wp-json\/wp\/v2\/doc_cat?post=8782"}],"curies":[{"name":"wp","href":"https:\/\/api.w.org\/{rel}","templated":true}]}}