{"id":2446,"date":"2024-12-26T12:18:02","date_gmt":"2024-12-26T11:18:02","guid":{"rendered":"https:\/\/www.sources-hotels.com\/?page_id=2446"},"modified":"2026-03-24T17:27:47","modified_gmt":"2026-03-24T16:27:47","slug":"reiseziele","status":"publish","type":"page","link":"https:\/\/www.sources-hotels.com\/de\/reiseziele\/","title":{"rendered":"Unsere Reiseziele"},"content":{"rendered":"\n<section class=\"custom-block block--header h-[206rem] text-center text-white overflow-hidden pt-[100rem] relative tablet:h-[700rem] tablet:pt-[420rem]\">\n\n    <h1>\n                    <span>\n                Unsere            <\/span>\n                            Reiseziele            <\/h1>\n\n    \n    <span class=\"scroll-down hidden text-[12rem] tracking-[2rem] uppercase font-title cursor-pointer opacity-[64%] pb-[66rem] absolute left-2\/4 bottom-0 translate-x-[-50%] after:w-[1px] after:h-[50rem] after:bg-white after:opacity-[40%] after:absolute after:bottom-0 after:left-[50%] tablet:block\">\n        Mehr entdecken\n    <\/span>\n\n    <figure class=\"min-w-full min-h-full aspect-video overflow-hidden absolute top-2\/4 left-2\/4 translate-x-[-50%] translate-y-[-50%] z-[-1] before:bg-black before:opacity-[35%] before:mix-blend-multiply before:absolute before:top-0 before:left-0 before:right-0 before:bottom-0 before:z-[2]\">\n                    <img loading=\"lazy\" decoding=\"async\" width=\"2880\" height=\"1800\" src=\"https:\/\/www.sources-hotels.com\/wp-content\/uploads\/2024\/12\/LesSourcesDeCheverny_Nature_\u00a9MPMorel-2020-18-2880x1800.jpg\" class=\"h-full w-full object-cover object-center\" alt=\"H\u00f4tel Les Sources de Cheverny\" \/>            <\/figure>\n    \n<\/section>\n\n    \n\n\n<section class=\"custom-block block--title-introduction text-center tablet:!pb-[60rem]\">\n\n            <h2 class=\"block-title\">Bordeaux \u2013 Loiretal \u2013 Burgund \u2013 Elsass<\/h2>\n    \n    <div class=\"tablet:w-[970rem] tablet:inline-block\">\n        <p>Inmitten idyllischer, von Weinreben gepr\u00e4gter Landschaften haben wir unsere H\u00e4user als Einladung zur Entspannung, zur Besinnung und zum Genuss gestaltet. Familienh\u00e4user, in denen man sich geborgen f\u00fchlt \u2013 vier gr\u00fcne Oasen, um loszulassen und neue Kraft zu sch\u00f6pfen. <\/p>\n    <\/div>\n\n<\/section>\n\n\n\n<section\n    class=\"custom-block block--large-visual-centered-text-white-background has-visual\">\n\n            <div class=\"large-visual-container\">\n\n            <div class=\"large-visual\">\n                <figure>\n                    <img loading=\"lazy\" decoding=\"async\" width=\"1034\" height=\"689\" src=\"https:\/\/www.sources-hotels.com\/wp-content\/uploads\/2025\/01\/LaBastideDesGrandsCrus11_2016_TucaReines\u00a9.jpg\" class=\"h-full w-full object-cover object-center\" alt=\"Hotel Les Sources de Caudalie\" srcset=\"https:\/\/www.sources-hotels.com\/wp-content\/uploads\/2025\/01\/LaBastideDesGrandsCrus11_2016_TucaReines\u00a9.jpg 1034w, https:\/\/www.sources-hotels.com\/wp-content\/uploads\/2025\/01\/LaBastideDesGrandsCrus11_2016_TucaReines\u00a9-300x200.jpg 300w, https:\/\/www.sources-hotels.com\/wp-content\/uploads\/2025\/01\/LaBastideDesGrandsCrus11_2016_TucaReines\u00a9-1024x682.jpg 1024w, https:\/\/www.sources-hotels.com\/wp-content\/uploads\/2025\/01\/LaBastideDesGrandsCrus11_2016_TucaReines\u00a9-768x512.jpg 768w\" sizes=\"auto, (max-width: 1034px) 100vw, 1034px\" \/>                <\/figure>\n            <\/div>\n\n                            <div class=\"titles\">\n\n                                            <h2 class=\"title\">Bordeaux<\/h2>\n                    \n                                            <div class=\"watermark\">Les Sources de Caudalie<\/div>\n                    \n                <\/div>\n            \n                        \n        <\/div>\n    \n    <div class=\"bloc-content\">\n                    <h3 class=\"title\">Die Aufmerksamkeit eines Palasthotels <\/h3>\n                <div class=\"content rte\">\n            <p><span style=\"font-weight: 400\">Vor den Toren von Bordeaux, ein Palasthotel im Herzen des Weinguts Ch\u00e2teau Smith Haut Lafitte, Grand Cru Class\u00e9 de Graves. Ein Weiler in vollkommener Harmonie mit der Natur, umgeben von einem ruhigen See, \u00fcppigen G\u00e4rten und Geb\u00e4uden im authentischen Stil der Bordeauxer Landschaft. Die Aufmerksamkeit eines Palastes \u2013 die W\u00e4rme eines Familienhauses. \u00a0<\/span><\/p>\n        <\/div>\n\n            <\/div>\n\n            <h3 class=\"footer-block-title\">Im Herzen der Grands Crus <\/h3>\n    \n    \n<\/section>\n\n\n<section class=\"custom-block block--content-2-columns-3-pictures flex flex-col\">\n\n    <div class=\"flex flex-col justify-center tablet:flex-row\">\n\n        <ul class=\"flex flex-wrap justify-around gap-y-[30rem] pb-[42rem] mb-[42rem] relative after:w-[250rem] after:h-[1px] after:bg-theme-light after:absolute after:bottom-0 after:right-2\/4 after:translate-x-[50%] tablet:w-2\/4 tablet:gap-y-[63rem] tablet:py-[10rem] tablet:mb-0 tablet:after:w-[1px] tablet:after:h-full tablet:after:top-0 tablet:after:bottom-auto tablet:after:right-0 tablet:after:translate-x-0\">\n\n            \n                <li class=\"w-[50%] flex flex-col shrink font-serif text-theme text-center px-[15rem]\">\n                                        <strong class=\"text-[32rem]\/[26rem] tracking-[1rem] mb-[12rem] tablet:text-[62rem]\/[51rem] tablet:tracking-[-2rem] tablet:mb-[7rem]\">\n                        48                    <\/strong>\n                    <span class=\"text-[25rem]\/[24rem] tablet:text-[35rem]\/[42rem]\">\n                        Zimmer<br>\n                    <\/span>\n                <\/li>\n\n            \n                <li class=\"w-[50%] flex flex-col shrink font-serif text-theme text-center px-[15rem]\">\n                                        <strong class=\"text-[32rem]\/[26rem] tracking-[1rem] mb-[12rem] tablet:text-[62rem]\/[51rem] tablet:tracking-[-2rem] tablet:mb-[7rem]\">\n                        14                    <\/strong>\n                    <span class=\"text-[25rem]\/[24rem] tablet:text-[35rem]\/[42rem]\">\n                        Suiten<br>\n                    <\/span>\n                <\/li>\n\n            \n                <li class=\"w-[50%] flex flex-col shrink font-serif text-theme text-center px-[15rem]\">\n                                        <strong class=\"text-[32rem]\/[26rem] tracking-[1rem] mb-[12rem] tablet:text-[62rem]\/[51rem] tablet:tracking-[-2rem] tablet:mb-[7rem]\">\n                        2                    <\/strong>\n                    <span class=\"text-[25rem]\/[24rem] tablet:text-[35rem]\/[42rem]\">\n                        Restaurants, darunter ein 2-Sterne-Restaurant (Michelin)<br>\n                    <\/span>\n                <\/li>\n\n            \n                <li class=\"w-[50%] flex flex-col shrink font-serif text-theme text-center px-[15rem]\">\n                                        <strong class=\"text-[32rem]\/[26rem] tracking-[1rem] mb-[12rem] tablet:text-[62rem]\/[51rem] tablet:tracking-[-2rem] tablet:mb-[7rem]\">\n                        8                    <\/strong>\n                    <span class=\"text-[25rem]\/[24rem] tablet:text-[35rem]\/[42rem]\">\n                        <span class=\"NormalTextRun SpellingErrorV2Themed SpellingErrorHighlight SCXW164916123 BCX0\">Hektar<\/span><span class=\"NormalTextRun SCXW164916123 BCX0\"> Wald <\/span><span class=\"NormalTextRun SpellingErrorV2Themed SCXW164916123 BCX0\">f\u00fcr<\/span> <span class=\"NormalTextRun SpellingErrorV2Themed SCXW164916123 BCX0\">Spazierg\u00e4nge<\/span><br>\n                    <\/span>\n                <\/li>\n\n            \n        <\/ul>\n\n        <div class=\"rte flex flex-col justify-center tablet:w-2\/4 tablet:pl-[75rem]\">\n\n            <ul>\n<li><b>5-Sterne-Palast Hotel<\/b><\/li>\n<li><b>3 Restaurants\u202f<\/b>:<br \/>\nLa Grand\u2019Vigne (2 Michelin-Sterne)<br \/>\nLa Table du Lavoir, rustikales Landgasthaus<br \/>\nROUGE, Feinkost und Weinbar<\/li>\n<li>Eine Weinbar: <b>French Paradox<\/b><\/li>\n<li><strong>Spa Vinoth\u00e9rapie<\/strong><span style=\"font-weight: 400\"><strong> Caudalie<\/strong>\u00a0<\/span><\/li>\n<li><span style=\"font-weight: 400\"><strong>Ch\u00e2teau Smith Haut Lafitte<\/strong><br \/>\nGrand Cru Class\u00e9 de Graves (rot und weiss) \u00a0<\/span><\/li>\n<li>Mit dem EU-Umweltzeichen ausgezeichnet<\/li>\n<\/ul>\n\n        <\/div>\n\n    <\/div>\n\n    \n            <a href=\"https:\/\/www.sources-hotels.com\/bordeaux\/de\/\" target=\"\" class=\"button mt-[23rem] self-center tablet:mt-[40rem]\">\n            Entdecken        <\/a>\n    \n<\/section>\n\n\n<section\n    class=\"custom-block block--large-visual-centered-text-white-background has-visual\">\n\n            <div class=\"large-visual-container\">\n\n            <div class=\"large-visual\">\n                <figure>\n                    <img loading=\"lazy\" decoding=\"async\" width=\"2600\" height=\"1200\" src=\"https:\/\/www.sources-hotels.com\/wp-content\/uploads\/2024\/12\/LesSourcesDeCheverny_ChateauduBreuil_\u00a9MPMorel-2020-8-2600x1200.jpg\" class=\"h-full w-full object-cover object-center\" alt=\"Chateau Val de Loire\" \/>                <\/figure>\n            <\/div>\n\n                            <div class=\"titles\">\n\n                                            <h2 class=\"title\">Loiretal<\/h2>\n                    \n                                            <div class=\"watermark\">Les Sources de Cheverny<\/div>\n                    \n                <\/div>\n            \n                        \n        <\/div>\n    \n    <div class=\"bloc-content\">\n                    <h3 class=\"title\">Ein Ort der Ruhe <\/h3>\n                <div class=\"content rte\">\n            <p><span style=\"font-weight: 400\">Zwischen Chambord und Chenonceau \u2013 ein Ort ausserhalb der Zeit, wo elegante H\u00fctten auf ein Schloss aus der Vergangenheit treffen. Ein von Ginster ges\u00e4umter See, in einer Region voller Geschichte, die zum UNESCO-Weltkulturerbe geh\u00f6rt.<br \/>\nEin Ort, der zum Eintauchen in ein Naturparadies einl\u00e4dt, mit einer bemerkenswerten Vielfalt an Terroirs und Rebsorten, gepr\u00e4gt von uraltem Wissen und nachhaltigem Weinbau. <\/span><\/p>\n        <\/div>\n\n            <\/div>\n\n            <h3 class=\"footer-block-title\">Zwischen Weinbergen und Schl\u00f6ssern <\/h3>\n    \n    \n<\/section>\n\n\n<section class=\"custom-block block--content-2-columns-3-pictures flex flex-col\">\n\n    <div class=\"flex flex-col justify-center tablet:flex-row\">\n\n        <ul class=\"flex flex-wrap justify-around gap-y-[30rem] pb-[42rem] mb-[42rem] relative after:w-[250rem] after:h-[1px] after:bg-theme-light after:absolute after:bottom-0 after:right-2\/4 after:translate-x-[50%] tablet:w-2\/4 tablet:gap-y-[63rem] tablet:py-[10rem] tablet:mb-0 tablet:after:w-[1px] tablet:after:h-full tablet:after:top-0 tablet:after:bottom-auto tablet:after:right-0 tablet:after:translate-x-0\">\n\n            \n                <li class=\"w-[50%] flex flex-col shrink font-serif text-theme text-center px-[15rem]\">\n                                        <strong class=\"text-[32rem]\/[26rem] tracking-[1rem] mb-[12rem] tablet:text-[62rem]\/[51rem] tablet:tracking-[-2rem] tablet:mb-[7rem]\">\n                        38                    <\/strong>\n                    <span class=\"text-[25rem]\/[24rem] tablet:text-[35rem]\/[42rem]\">\n                        Zimmer<br>\n                    <\/span>\n                <\/li>\n\n            \n                <li class=\"w-[50%] flex flex-col shrink font-serif text-theme text-center px-[15rem]\">\n                                        <strong class=\"text-[32rem]\/[26rem] tracking-[1rem] mb-[12rem] tablet:text-[62rem]\/[51rem] tablet:tracking-[-2rem] tablet:mb-[7rem]\">\n                        11                    <\/strong>\n                    <span class=\"text-[25rem]\/[24rem] tablet:text-[35rem]\/[42rem]\">\n                        Suiten<br>\n                    <\/span>\n                <\/li>\n\n            \n                <li class=\"w-[50%] flex flex-col shrink font-serif text-theme text-center px-[15rem]\">\n                                        <strong class=\"text-[32rem]\/[26rem] tracking-[1rem] mb-[12rem] tablet:text-[62rem]\/[51rem] tablet:tracking-[-2rem] tablet:mb-[7rem]\">\n                        2                    <\/strong>\n                    <span class=\"text-[25rem]\/[24rem] tablet:text-[35rem]\/[42rem]\">\n                        Restaurants, darunter ein 1-Stern-Restaurant (Michelin)<br>\n                    <\/span>\n                <\/li>\n\n            \n                <li class=\"w-[50%] flex flex-col shrink font-serif text-theme text-center px-[15rem]\">\n                                        <strong class=\"text-[32rem]\/[26rem] tracking-[1rem] mb-[12rem] tablet:text-[62rem]\/[51rem] tablet:tracking-[-2rem] tablet:mb-[7rem]\">\n                        45                    <\/strong>\n                    <span class=\"text-[25rem]\/[24rem] tablet:text-[35rem]\/[42rem]\">\n                        <span class=\"NormalTextRun SpellingErrorV2Themed SCXW163969763 BCX0\">Hektar<\/span><span class=\"NormalTextRun SCXW163969763 BCX0\"> Wald <\/span><span class=\"NormalTextRun SpellingErrorV2Themed SCXW163969763 BCX0\">f\u00fcr<\/span> <span class=\"NormalTextRun SpellingErrorV2Themed SCXW163969763 BCX0\">Spazierg\u00e4nge<\/span><br>\n                    <\/span>\n                <\/li>\n\n            \n        <\/ul>\n\n        <div class=\"rte flex flex-col justify-center tablet:w-2\/4 tablet:pl-[75rem]\">\n\n            <ul>\n<li><b>5-Sterne-Hotel <\/b><\/li>\n<li><b>2 Restaurants:<\/b><\/li>\n<\/ul>\n<p>Le Favori (1 Michelin-Stern)<br \/>\nL\u2019Auberge, famili\u00e4re Landk\u00fcche<\/p>\n<ul>\n<li><b>Verkostung regionaler Weine <\/b><\/li>\n<li><b>Spa Caudalie\u00a0<\/b><\/li>\n<\/ul>\n\n        <\/div>\n\n    <\/div>\n\n    \n            <a href=\"https:\/\/www.sources-hotels.com\/valdeloire\/de\/\" target=\"\" class=\"button mt-[23rem] self-center tablet:mt-[40rem]\">\n            Entdecken        <\/a>\n    \n<\/section>\n\n\n<section\n    class=\"custom-block block--large-visual-centered-text-white-background has-visual\">\n\n            <div class=\"large-visual-container\">\n\n            <div class=\"large-visual\">\n                <figure>\n                    <img loading=\"lazy\" decoding=\"async\" width=\"2600\" height=\"1200\" src=\"https:\/\/www.sources-hotels.com\/wp-content\/uploads\/2025\/08\/copie-1-2600x1200.jpg\" class=\"h-full w-full object-cover object-center\" alt=\"Les Sources de Vougeot\" \/>                <\/figure>\n            <\/div>\n\n                            <div class=\"titles\">\n\n                                            <h2 class=\"title\">Burgund<\/h2>\n                    \n                                            <div class=\"watermark\">Les Sources de Vougeot<\/div>\n                    \n                <\/div>\n            \n                                        <div class=\"picture-legals vertical\">Unverbindliche Fotos \u2013 Vervielf\u00e4ltigung verboten<\/div>\n            \n        <\/div>\n    \n    <div class=\"bloc-content\">\n                    <h3 class=\"title\">Er\u00f6ffnung 2026 <\/h3>\n                <div class=\"content rte\">\n            <p><span style=\"font-weight: 400\">Ehemalige Residenz der P\u00e8res Abb\u00e9s de C\u00eeteaux, nur wenige Schritte vom ber\u00fchmten Clos Vougeot entfernt, im Herzen der Grands Crus von Burgund. Unser Hotelprojekt nimmt Tag f\u00fcr Tag Form an und wird Sie bald empfangen. Freuen Sie sich auf ein Gourmetrestaurant, ein Gasthaus, ein Spa by Caudalie \u2013 und vor allem die warme, famili\u00e4re Atmosph\u00e4re, die unsere H\u00e4user auszeichnet. <\/span><\/p>\n        <\/div>\n\n                    <div class=\"cta-wrapper text-center\">\n                <a href=\"https:\/\/www.sources-hotels.com\/bourgogne\/de\/\" target=\"\"\n                    class=\"button mt-[23rem] tablet:mt-[40rem]\">\n                    Entdecken                <\/a>\n            <\/div>\n            <\/div>\n\n            <h3 class=\"footer-block-title\">Im Herzen des Kulturerbes <\/h3>\n    \n    \n<\/section>\n\n\n<section\n    class=\"custom-block block--large-visual-centered-text-white-background has-visual\">\n\n            <div class=\"large-visual-container\">\n\n            <div class=\"large-visual\">\n                <figure>\n                    <img loading=\"lazy\" decoding=\"async\" width=\"2600\" height=\"1200\" src=\"https:\/\/www.sources-hotels.com\/wp-content\/uploads\/2024\/12\/Chateau-dIsenbourg-vues-exterieures-14-1-2600x1200.jpg\" class=\"h-full w-full object-cover object-center\" alt=\"Ch\u00e2teau-h\u00f4tel Alsace Chateau d&#039;Isenbourg\" \/>                <\/figure>\n            <\/div>\n\n                            <div class=\"titles\">\n\n                                            <h2 class=\"title\">Alsace<\/h2>\n                    \n                                            <div class=\"watermark\">Les Sources im Elsass<\/div>\n                    \n                <\/div>\n            \n                        \n        <\/div>\n    \n    <div class=\"bloc-content\">\n                    <h3 class=\"title\">Er\u00f6ffnung Herbst 2027 <\/h3>\n                <div class=\"content rte\">\n            <p><span style=\"font-weight: 400\">Nur wenige Schritte von Colmar entfernt, auf einem Anwesen oberhalb der Altstadt von Rouffach, mit einem atemberaubenden Panorama: Rheinebene, Schwarzwald in der Ferne und die Ausl\u00e4ufer der Vogesen. \u00a0<\/span><\/p>\n        <\/div>\n\n            <\/div>\n\n            <h3 class=\"footer-block-title\">Im Herzen der Traditionen <\/h3>\n    \n    \n<\/section>","protected":false},"excerpt":{"rendered":"","protected":false},"author":1,"featured_media":0,"parent":0,"menu_order":0,"comment_status":"closed","ping_status":"closed","template":"","meta":{"_acf_changed":false,"footnotes":""},"hotels":[],"doc_cat":[],"class_list":["post-2446","page","type-page","status-publish","hentry"],"acf":[],"yoast_head":"<!-- This site is optimized with the Yoast SEO plugin v25.6 - https:\/\/yoast.com\/wordpress\/plugins\/seo\/ -->\n<title>Hotels in franz\u00f6sischen Weinregionen - Les Sources<\/title>\n<meta name=\"description\" content=\"Hotels in franz\u00f6sischen Weinregionen: \u00dcbernachten Sie stilvoll in Bordeaux, im Loiretal, in Burgund oder im Elsass. Charme, Natur und Genuss in bester Lage.\" \/>\n<meta name=\"robots\" content=\"index, follow, max-snippet:-1, max-image-preview:large, max-video-preview:-1\" \/>\n<link rel=\"canonical\" href=\"https:\/\/www.sources-hotels.com\/de\/reiseziele\/\" \/>\n<meta property=\"og:locale\" content=\"de_DE\" \/>\n<meta property=\"og:type\" content=\"article\" \/>\n<meta property=\"og:title\" content=\"Hotels in franz\u00f6sischen Weinregionen - Les Sources\" \/>\n<meta property=\"og:description\" content=\"Hotels in franz\u00f6sischen Weinregionen: \u00dcbernachten Sie stilvoll in Bordeaux, im Loiretal, in Burgund oder im Elsass. Charme, Natur und Genuss in bester Lage.\" \/>\n<meta property=\"og:url\" content=\"https:\/\/www.sources-hotels.com\/de\/reiseziele\/\" \/>\n<meta property=\"og:site_name\" content=\"Les Sources\" \/>\n<meta property=\"article:modified_time\" content=\"2026-03-24T16:27:47+00:00\" \/>\n<meta name=\"twitter:card\" content=\"summary_large_image\" \/>\n<script type=\"application\/ld+json\" class=\"yoast-schema-graph\">{\"@context\":\"https:\/\/schema.org\",\"@graph\":[{\"@type\":\"WebPage\",\"@id\":\"https:\/\/www.sources-hotels.com\/de\/reiseziele\/\",\"url\":\"https:\/\/www.sources-hotels.com\/de\/reiseziele\/\",\"name\":\"Hotels in franz\u00f6sischen Weinregionen - Les Sources\",\"isPartOf\":{\"@id\":\"https:\/\/www.sources-hotels.com\/de\/#website\"},\"datePublished\":\"2024-12-26T11:18:02+00:00\",\"dateModified\":\"2026-03-24T16:27:47+00:00\",\"description\":\"Hotels in franz\u00f6sischen Weinregionen: \u00dcbernachten Sie stilvoll in Bordeaux, im Loiretal, in Burgund oder im Elsass. Charme, Natur und Genuss in bester Lage.\",\"breadcrumb\":{\"@id\":\"https:\/\/www.sources-hotels.com\/de\/reiseziele\/#breadcrumb\"},\"inLanguage\":\"de-DE\",\"potentialAction\":[{\"@type\":\"ReadAction\",\"target\":[\"https:\/\/www.sources-hotels.com\/de\/reiseziele\/\"]}]},{\"@type\":\"BreadcrumbList\",\"@id\":\"https:\/\/www.sources-hotels.com\/de\/reiseziele\/#breadcrumb\",\"itemListElement\":[{\"@type\":\"ListItem\",\"position\":1,\"name\":\"Accueil\",\"item\":\"https:\/\/www.sources-hotels.com\/de\/\"},{\"@type\":\"ListItem\",\"position\":2,\"name\":\"Unsere Reiseziele\"}]},{\"@type\":\"WebSite\",\"@id\":\"https:\/\/www.sources-hotels.com\/de\/#website\",\"url\":\"https:\/\/www.sources-hotels.com\/de\/\",\"name\":\"Les Sources\",\"description\":\"\",\"publisher\":{\"@id\":\"https:\/\/www.sources-hotels.com\/de\/#organization\"},\"potentialAction\":[{\"@type\":\"SearchAction\",\"target\":{\"@type\":\"EntryPoint\",\"urlTemplate\":\"https:\/\/www.sources-hotels.com\/de\/?s={search_term_string}\"},\"query-input\":{\"@type\":\"PropertyValueSpecification\",\"valueRequired\":true,\"valueName\":\"search_term_string\"}}],\"inLanguage\":\"de-DE\"},{\"@type\":\"Organization\",\"@id\":\"https:\/\/www.sources-hotels.com\/de\/#organization\",\"name\":\"Les Sources\",\"url\":\"https:\/\/www.sources-hotels.com\/de\/\",\"logo\":{\"@type\":\"ImageObject\",\"inLanguage\":\"de-DE\",\"@id\":\"https:\/\/www.sources-hotels.com\/de\/#\/schema\/logo\/image\/\",\"url\":\"https:\/\/www.sources-hotels.com\/wp-content\/uploads\/2025\/03\/logo-sources.png\",\"contentUrl\":\"https:\/\/www.sources-hotels.com\/wp-content\/uploads\/2025\/03\/logo-sources.png\",\"width\":601,\"height\":696,\"caption\":\"Les Sources\"},\"image\":{\"@id\":\"https:\/\/www.sources-hotels.com\/de\/#\/schema\/logo\/image\/\"}}]}<\/script>\n<!-- \/ Yoast SEO plugin. -->","yoast_head_json":{"title":"Hotels in franz\u00f6sischen Weinregionen - Les Sources","description":"Hotels in franz\u00f6sischen Weinregionen: \u00dcbernachten Sie stilvoll in Bordeaux, im Loiretal, in Burgund oder im Elsass. Charme, Natur und Genuss in bester Lage.","robots":{"index":"index","follow":"follow","max-snippet":"max-snippet:-1","max-image-preview":"max-image-preview:large","max-video-preview":"max-video-preview:-1"},"canonical":"https:\/\/www.sources-hotels.com\/de\/reiseziele\/","og_locale":"de_DE","og_type":"article","og_title":"Hotels in franz\u00f6sischen Weinregionen - Les Sources","og_description":"Hotels in franz\u00f6sischen Weinregionen: \u00dcbernachten Sie stilvoll in Bordeaux, im Loiretal, in Burgund oder im Elsass. Charme, Natur und Genuss in bester Lage.","og_url":"https:\/\/www.sources-hotels.com\/de\/reiseziele\/","og_site_name":"Les Sources","article_modified_time":"2026-03-24T16:27:47+00:00","twitter_card":"summary_large_image","schema":{"@context":"https:\/\/schema.org","@graph":[{"@type":"WebPage","@id":"https:\/\/www.sources-hotels.com\/de\/reiseziele\/","url":"https:\/\/www.sources-hotels.com\/de\/reiseziele\/","name":"Hotels in franz\u00f6sischen Weinregionen - Les Sources","isPartOf":{"@id":"https:\/\/www.sources-hotels.com\/de\/#website"},"datePublished":"2024-12-26T11:18:02+00:00","dateModified":"2026-03-24T16:27:47+00:00","description":"Hotels in franz\u00f6sischen Weinregionen: \u00dcbernachten Sie stilvoll in Bordeaux, im Loiretal, in Burgund oder im Elsass. Charme, Natur und Genuss in bester Lage.","breadcrumb":{"@id":"https:\/\/www.sources-hotels.com\/de\/reiseziele\/#breadcrumb"},"inLanguage":"de-DE","potentialAction":[{"@type":"ReadAction","target":["https:\/\/www.sources-hotels.com\/de\/reiseziele\/"]}]},{"@type":"BreadcrumbList","@id":"https:\/\/www.sources-hotels.com\/de\/reiseziele\/#breadcrumb","itemListElement":[{"@type":"ListItem","position":1,"name":"Accueil","item":"https:\/\/www.sources-hotels.com\/de\/"},{"@type":"ListItem","position":2,"name":"Unsere Reiseziele"}]},{"@type":"WebSite","@id":"https:\/\/www.sources-hotels.com\/de\/#website","url":"https:\/\/www.sources-hotels.com\/de\/","name":"Les Sources","description":"","publisher":{"@id":"https:\/\/www.sources-hotels.com\/de\/#organization"},"potentialAction":[{"@type":"SearchAction","target":{"@type":"EntryPoint","urlTemplate":"https:\/\/www.sources-hotels.com\/de\/?s={search_term_string}"},"query-input":{"@type":"PropertyValueSpecification","valueRequired":true,"valueName":"search_term_string"}}],"inLanguage":"de-DE"},{"@type":"Organization","@id":"https:\/\/www.sources-hotels.com\/de\/#organization","name":"Les Sources","url":"https:\/\/www.sources-hotels.com\/de\/","logo":{"@type":"ImageObject","inLanguage":"de-DE","@id":"https:\/\/www.sources-hotels.com\/de\/#\/schema\/logo\/image\/","url":"https:\/\/www.sources-hotels.com\/wp-content\/uploads\/2025\/03\/logo-sources.png","contentUrl":"https:\/\/www.sources-hotels.com\/wp-content\/uploads\/2025\/03\/logo-sources.png","width":601,"height":696,"caption":"Les Sources"},"image":{"@id":"https:\/\/www.sources-hotels.com\/de\/#\/schema\/logo\/image\/"}}]}},"_links":{"self":[{"href":"https:\/\/www.sources-hotels.com\/de\/wp-json\/wp\/v2\/pages\/2446","targetHints":{"allow":["GET"]}}],"collection":[{"href":"https:\/\/www.sources-hotels.com\/de\/wp-json\/wp\/v2\/pages"}],"about":[{"href":"https:\/\/www.sources-hotels.com\/de\/wp-json\/wp\/v2\/types\/page"}],"author":[{"embeddable":true,"href":"https:\/\/www.sources-hotels.com\/de\/wp-json\/wp\/v2\/users\/1"}],"replies":[{"embeddable":true,"href":"https:\/\/www.sources-hotels.com\/de\/wp-json\/wp\/v2\/comments?post=2446"}],"version-history":[{"count":6,"href":"https:\/\/www.sources-hotels.com\/de\/wp-json\/wp\/v2\/pages\/2446\/revisions"}],"predecessor-version":[{"id":4241,"href":"https:\/\/www.sources-hotels.com\/de\/wp-json\/wp\/v2\/pages\/2446\/revisions\/4241"}],"wp:attachment":[{"href":"https:\/\/www.sources-hotels.com\/de\/wp-json\/wp\/v2\/media?parent=2446"}],"wp:term":[{"taxonomy":"hotels","embeddable":true,"href":"https:\/\/www.sources-hotels.com\/de\/wp-json\/wp\/v2\/hotels?post=2446"},{"taxonomy":"doc_cat","embeddable":true,"href":"https:\/\/www.sources-hotels.com\/de\/wp-json\/wp\/v2\/doc_cat?post=2446"}],"curies":[{"name":"wp","href":"https:\/\/api.w.org\/{rel}","templated":true}]}}