{"id":2448,"date":"2024-12-26T15:57:01","date_gmt":"2024-12-26T14:57:01","guid":{"rendered":"https:\/\/www.sources-hotels.com\/?page_id=2448"},"modified":"2026-04-01T13:52:10","modified_gmt":"2026-04-01T11:52:10","slug":"presse","status":"publish","type":"page","link":"https:\/\/www.sources-hotels.com\/de\/presse\/","title":{"rendered":"Press"},"content":{"rendered":"\n<section class=\"custom-block block--header h-[206rem] text-center text-white overflow-hidden pt-[100rem] relative tablet:h-[700rem] tablet:pt-[420rem]\">\n\n    <h1>\n                            Press            <\/h1>\n\n    \n    <span class=\"scroll-down hidden text-[12rem] tracking-[2rem] uppercase font-title cursor-pointer opacity-[64%] pb-[66rem] absolute left-2\/4 bottom-0 translate-x-[-50%] after:w-[1px] after:h-[50rem] after:bg-white after:opacity-[40%] after:absolute after:bottom-0 after:left-[50%] tablet:block\">\n        Mehr entdecken\n    <\/span>\n\n    <figure class=\"min-w-full min-h-full aspect-video overflow-hidden absolute top-2\/4 left-2\/4 translate-x-[-50%] translate-y-[-50%] z-[-1] before:bg-black before:opacity-[35%] before:mix-blend-multiply before:absolute before:top-0 before:left-0 before:right-0 before:bottom-0 before:z-[2]\">\n                    <img loading=\"lazy\" decoding=\"async\" width=\"2880\" height=\"1800\" src=\"https:\/\/www.sources-hotels.com\/wp-content\/uploads\/2024\/12\/LesSourcesDeCaudalie_Orangerie_\u00a9Itshenriette_Mai2023-1-2880x1800.jpg\" class=\"h-full w-full object-cover object-center\" alt=\"\" \/>            <\/figure>\n    \n<\/section>\n\n    \n\n\n<section class=\"custom-block block--title-introduction text-center tablet:!pb-[60rem]\">\n\n            <h2 class=\"block-title\">Pressekontakt<\/h2>\n    \n    <div class=\"tablet:w-[970rem] tablet:inline-block\">\n        <p>F\u00fcr alle Presseanfragen wenden Sie sich bitte an:<\/p>\n<p>Emma Lab, Presseb\u00fcro<\/p>\n<p>+33 (0)6 72 91 87 71<\/p>\n<p>emmanuelle.gillardo@emma-lab.com<\/p>\n<p>&nbsp;<\/p>\n    <\/div>\n\n<\/section>\n\n\n\n<section class=\"custom-block block--info-vignettes !px-0\">\n\n            <h2 class=\"block-title\">Bildergalerie<\/h2>\n    \n    <div class=\"text-white grid gap-[14rem] tablet:grid-cols-2 tablet:gap-[20rem]\">\n        \n            \n            <div class=\"h-[240rem] flex flex-col text-center relative tablet:h-[460rem]\">\n\n                                    <h2 class=\"block-title w-full !text-white !pt-[30rem] !mb-0 relative z-[2] before:!hidden tablet:!pt-[60rem]\">\n                        Les Sources de Caudalie                    <\/h2>\n                \n                \n                                    <div class=\"flex grow flex-col justify-center gap-[30rem] relative z-[2] tablet:gap-[55rem]\">\n\n                        \n                                                    <ul class=\"flex flex-wrap gap-y-[25rem] px-[10rem] tablet:gap-y-[40rem]\">\n                                                                    <li class=\"basis-1\/2 grow\">\n                                                                                  <a href=\"https:\/\/www.sources-hotels.com\/bordeaux\/de\/bildergalerie\/\"  class=\"link link-white\" >\n        Entdecken  <\/a>\n                                    <\/li>\n                                                            <\/ul>\n                        \n                    <\/div>\n                \n                <figure\n                    class=\"w-full h-full overflow-hidden absolute top-0 left-0 z-[1] before:bg-black before:opacity-[35%] before:mix-blend-multiply before:absolute before:top-0 before:left-0 before:right-0 before:bottom-0 before:z-[2]\">\n                    <img loading=\"lazy\" decoding=\"async\" width=\"1420\" height=\"920\" src=\"https:\/\/www.sources-hotels.com\/wp-content\/uploads\/2025\/01\/SourcesDeCaudalie_PiscineInterieure_\u00a9MPMorel_2022-9-1420x920.jpg\" class=\"h-full w-full object-cover object-center\" alt=\"piscine int\u00e9rieure Les Sources de Caudalie\" \/>                <\/figure>\n\n            <\/div>\n\n        \n            \n            <div class=\"h-[240rem] flex flex-col text-center relative tablet:h-[460rem]\">\n\n                                    <h2 class=\"block-title w-full !text-white !pt-[30rem] !mb-0 relative z-[2] before:!hidden tablet:!pt-[60rem]\">\n                        Les Sources de Cheverny                    <\/h2>\n                \n                \n                                    <div class=\"flex grow flex-col justify-center gap-[30rem] relative z-[2] tablet:gap-[55rem]\">\n\n                        \n                                                    <ul class=\"flex flex-wrap gap-y-[25rem] px-[10rem] tablet:gap-y-[40rem]\">\n                                                                    <li class=\"basis-1\/2 grow\">\n                                                                                  <a href=\"https:\/\/www.sources-hotels.com\/valdeloire\/de\/bildergalerie\/\"  class=\"link link-white\" >\n        Entdecken  <\/a>\n                                    <\/li>\n                                                            <\/ul>\n                        \n                    <\/div>\n                \n                <figure\n                    class=\"w-full h-full overflow-hidden absolute top-0 left-0 z-[1] before:bg-black before:opacity-[35%] before:mix-blend-multiply before:absolute before:top-0 before:left-0 before:right-0 before:bottom-0 before:z-[2]\">\n                    <img loading=\"lazy\" decoding=\"async\" width=\"1420\" height=\"920\" src=\"https:\/\/www.sources-hotels.com\/wp-content\/uploads\/2025\/01\/LesSourcesDeCheverny_Suite_LaPieBavarde__\u00a9itshenriette-16-1420x920.jpg\" class=\"h-full w-full object-cover object-center\" alt=\"\" \/>                <\/figure>\n\n            <\/div>\n\n            <\/div>\n\n<\/section>\n","protected":false},"excerpt":{"rendered":"","protected":false},"author":1,"featured_media":0,"parent":0,"menu_order":0,"comment_status":"closed","ping_status":"closed","template":"","meta":{"_acf_changed":false,"footnotes":""},"hotels":[],"doc_cat":[],"class_list":["post-2448","page","type-page","status-publish","hentry"],"acf":[],"yoast_head":"<!-- This site is optimized with the Yoast SEO plugin v25.6 - https:\/\/yoast.com\/wordpress\/plugins\/seo\/ -->\n<title>Press - Hotel Les Sources Frankreich<\/title>\n<meta name=\"description\" content=\"Lesen Sie Artikel und Reportagen \u00fcber Les Sources: Was die Presse \u00fcber unsere au\u00dfergew\u00f6hnlichen Reiseziele sagt \u2013 eine Verbindung aus Eleganz und unvergesslichen Erlebnissen.\" \/>\n<meta name=\"robots\" content=\"index, follow, max-snippet:-1, max-image-preview:large, max-video-preview:-1\" \/>\n<link rel=\"canonical\" href=\"https:\/\/www.sources-hotels.com\/de\/presse\/\" \/>\n<meta property=\"og:locale\" content=\"de_DE\" \/>\n<meta property=\"og:type\" content=\"article\" \/>\n<meta property=\"og:title\" content=\"Press - Hotel Les Sources Frankreich\" \/>\n<meta property=\"og:description\" content=\"Lesen Sie Artikel und Reportagen \u00fcber Les Sources: Was die Presse \u00fcber unsere au\u00dfergew\u00f6hnlichen Reiseziele sagt \u2013 eine Verbindung aus Eleganz und unvergesslichen Erlebnissen.\" \/>\n<meta property=\"og:url\" content=\"https:\/\/www.sources-hotels.com\/de\/presse\/\" \/>\n<meta property=\"og:site_name\" content=\"Les Sources\" \/>\n<meta property=\"article:modified_time\" content=\"2026-04-01T11:52:10+00:00\" \/>\n<meta name=\"twitter:card\" content=\"summary_large_image\" \/>\n<script type=\"application\/ld+json\" class=\"yoast-schema-graph\">{\"@context\":\"https:\/\/schema.org\",\"@graph\":[{\"@type\":\"WebPage\",\"@id\":\"https:\/\/www.sources-hotels.com\/de\/presse\/\",\"url\":\"https:\/\/www.sources-hotels.com\/de\/presse\/\",\"name\":\"Press - Hotel Les Sources Frankreich\",\"isPartOf\":{\"@id\":\"https:\/\/www.sources-hotels.com\/de\/#website\"},\"datePublished\":\"2024-12-26T14:57:01+00:00\",\"dateModified\":\"2026-04-01T11:52:10+00:00\",\"description\":\"Lesen Sie Artikel und Reportagen \u00fcber Les Sources: Was die Presse \u00fcber unsere au\u00dfergew\u00f6hnlichen Reiseziele sagt \u2013 eine Verbindung aus Eleganz und unvergesslichen Erlebnissen.\",\"breadcrumb\":{\"@id\":\"https:\/\/www.sources-hotels.com\/de\/presse\/#breadcrumb\"},\"inLanguage\":\"de-DE\",\"potentialAction\":[{\"@type\":\"ReadAction\",\"target\":[\"https:\/\/www.sources-hotels.com\/de\/presse\/\"]}]},{\"@type\":\"BreadcrumbList\",\"@id\":\"https:\/\/www.sources-hotels.com\/de\/presse\/#breadcrumb\",\"itemListElement\":[{\"@type\":\"ListItem\",\"position\":1,\"name\":\"Accueil\",\"item\":\"https:\/\/www.sources-hotels.com\/de\/\"},{\"@type\":\"ListItem\",\"position\":2,\"name\":\"Press\"}]},{\"@type\":\"WebSite\",\"@id\":\"https:\/\/www.sources-hotels.com\/de\/#website\",\"url\":\"https:\/\/www.sources-hotels.com\/de\/\",\"name\":\"Les Sources\",\"description\":\"\",\"publisher\":{\"@id\":\"https:\/\/www.sources-hotels.com\/de\/#organization\"},\"potentialAction\":[{\"@type\":\"SearchAction\",\"target\":{\"@type\":\"EntryPoint\",\"urlTemplate\":\"https:\/\/www.sources-hotels.com\/de\/?s={search_term_string}\"},\"query-input\":{\"@type\":\"PropertyValueSpecification\",\"valueRequired\":true,\"valueName\":\"search_term_string\"}}],\"inLanguage\":\"de-DE\"},{\"@type\":\"Organization\",\"@id\":\"https:\/\/www.sources-hotels.com\/de\/#organization\",\"name\":\"Les Sources\",\"url\":\"https:\/\/www.sources-hotels.com\/de\/\",\"logo\":{\"@type\":\"ImageObject\",\"inLanguage\":\"de-DE\",\"@id\":\"https:\/\/www.sources-hotels.com\/de\/#\/schema\/logo\/image\/\",\"url\":\"https:\/\/www.sources-hotels.com\/wp-content\/uploads\/2025\/03\/logo-sources.png\",\"contentUrl\":\"https:\/\/www.sources-hotels.com\/wp-content\/uploads\/2025\/03\/logo-sources.png\",\"width\":601,\"height\":696,\"caption\":\"Les Sources\"},\"image\":{\"@id\":\"https:\/\/www.sources-hotels.com\/de\/#\/schema\/logo\/image\/\"}}]}<\/script>\n<!-- \/ Yoast SEO plugin. -->","yoast_head_json":{"title":"Press - Hotel Les Sources Frankreich","description":"Lesen Sie Artikel und Reportagen \u00fcber Les Sources: Was die Presse \u00fcber unsere au\u00dfergew\u00f6hnlichen Reiseziele sagt \u2013 eine Verbindung aus Eleganz und unvergesslichen Erlebnissen.","robots":{"index":"index","follow":"follow","max-snippet":"max-snippet:-1","max-image-preview":"max-image-preview:large","max-video-preview":"max-video-preview:-1"},"canonical":"https:\/\/www.sources-hotels.com\/de\/presse\/","og_locale":"de_DE","og_type":"article","og_title":"Press - Hotel Les Sources Frankreich","og_description":"Lesen Sie Artikel und Reportagen \u00fcber Les Sources: Was die Presse \u00fcber unsere au\u00dfergew\u00f6hnlichen Reiseziele sagt \u2013 eine Verbindung aus Eleganz und unvergesslichen Erlebnissen.","og_url":"https:\/\/www.sources-hotels.com\/de\/presse\/","og_site_name":"Les Sources","article_modified_time":"2026-04-01T11:52:10+00:00","twitter_card":"summary_large_image","schema":{"@context":"https:\/\/schema.org","@graph":[{"@type":"WebPage","@id":"https:\/\/www.sources-hotels.com\/de\/presse\/","url":"https:\/\/www.sources-hotels.com\/de\/presse\/","name":"Press - Hotel Les Sources Frankreich","isPartOf":{"@id":"https:\/\/www.sources-hotels.com\/de\/#website"},"datePublished":"2024-12-26T14:57:01+00:00","dateModified":"2026-04-01T11:52:10+00:00","description":"Lesen Sie Artikel und Reportagen \u00fcber Les Sources: Was die Presse \u00fcber unsere au\u00dfergew\u00f6hnlichen Reiseziele sagt \u2013 eine Verbindung aus Eleganz und unvergesslichen Erlebnissen.","breadcrumb":{"@id":"https:\/\/www.sources-hotels.com\/de\/presse\/#breadcrumb"},"inLanguage":"de-DE","potentialAction":[{"@type":"ReadAction","target":["https:\/\/www.sources-hotels.com\/de\/presse\/"]}]},{"@type":"BreadcrumbList","@id":"https:\/\/www.sources-hotels.com\/de\/presse\/#breadcrumb","itemListElement":[{"@type":"ListItem","position":1,"name":"Accueil","item":"https:\/\/www.sources-hotels.com\/de\/"},{"@type":"ListItem","position":2,"name":"Press"}]},{"@type":"WebSite","@id":"https:\/\/www.sources-hotels.com\/de\/#website","url":"https:\/\/www.sources-hotels.com\/de\/","name":"Les Sources","description":"","publisher":{"@id":"https:\/\/www.sources-hotels.com\/de\/#organization"},"potentialAction":[{"@type":"SearchAction","target":{"@type":"EntryPoint","urlTemplate":"https:\/\/www.sources-hotels.com\/de\/?s={search_term_string}"},"query-input":{"@type":"PropertyValueSpecification","valueRequired":true,"valueName":"search_term_string"}}],"inLanguage":"de-DE"},{"@type":"Organization","@id":"https:\/\/www.sources-hotels.com\/de\/#organization","name":"Les Sources","url":"https:\/\/www.sources-hotels.com\/de\/","logo":{"@type":"ImageObject","inLanguage":"de-DE","@id":"https:\/\/www.sources-hotels.com\/de\/#\/schema\/logo\/image\/","url":"https:\/\/www.sources-hotels.com\/wp-content\/uploads\/2025\/03\/logo-sources.png","contentUrl":"https:\/\/www.sources-hotels.com\/wp-content\/uploads\/2025\/03\/logo-sources.png","width":601,"height":696,"caption":"Les Sources"},"image":{"@id":"https:\/\/www.sources-hotels.com\/de\/#\/schema\/logo\/image\/"}}]}},"_links":{"self":[{"href":"https:\/\/www.sources-hotels.com\/de\/wp-json\/wp\/v2\/pages\/2448","targetHints":{"allow":["GET"]}}],"collection":[{"href":"https:\/\/www.sources-hotels.com\/de\/wp-json\/wp\/v2\/pages"}],"about":[{"href":"https:\/\/www.sources-hotels.com\/de\/wp-json\/wp\/v2\/types\/page"}],"author":[{"embeddable":true,"href":"https:\/\/www.sources-hotels.com\/de\/wp-json\/wp\/v2\/users\/1"}],"replies":[{"embeddable":true,"href":"https:\/\/www.sources-hotels.com\/de\/wp-json\/wp\/v2\/comments?post=2448"}],"version-history":[{"count":5,"href":"https:\/\/www.sources-hotels.com\/de\/wp-json\/wp\/v2\/pages\/2448\/revisions"}],"predecessor-version":[{"id":4251,"href":"https:\/\/www.sources-hotels.com\/de\/wp-json\/wp\/v2\/pages\/2448\/revisions\/4251"}],"wp:attachment":[{"href":"https:\/\/www.sources-hotels.com\/de\/wp-json\/wp\/v2\/media?parent=2448"}],"wp:term":[{"taxonomy":"hotels","embeddable":true,"href":"https:\/\/www.sources-hotels.com\/de\/wp-json\/wp\/v2\/hotels?post=2448"},{"taxonomy":"doc_cat","embeddable":true,"href":"https:\/\/www.sources-hotels.com\/de\/wp-json\/wp\/v2\/doc_cat?post=2448"}],"curies":[{"name":"wp","href":"https:\/\/api.w.org\/{rel}","templated":true}]}}