{"id":2450,"date":"2024-12-26T16:09:39","date_gmt":"2024-12-26T15:09:39","guid":{"rendered":"https:\/\/www.sources-hotels.com\/?page_id=2450"},"modified":"2025-09-16T14:50:56","modified_gmt":"2025-09-16T12:50:56","slug":"impressum","status":"publish","type":"page","link":"https:\/\/www.sources-hotels.com\/de\/impressum\/","title":{"rendered":"Impressum"},"content":{"rendered":"\n<section class=\"custom-block block--header h-[206rem] text-center text-white overflow-hidden pt-[100rem] relative tablet:h-[700rem] tablet:pt-[420rem]\">\n\n    <h1>\n                            Impressum            <\/h1>\n\n    \n    <span class=\"scroll-down hidden text-[12rem] tracking-[2rem] uppercase font-title cursor-pointer opacity-[64%] pb-[66rem] absolute left-2\/4 bottom-0 translate-x-[-50%] after:w-[1px] after:h-[50rem] after:bg-white after:opacity-[40%] after:absolute after:bottom-0 after:left-[50%] tablet:block\">\n        Mehr entdecken\n    <\/span>\n\n    <figure class=\"min-w-full min-h-full aspect-video overflow-hidden absolute top-2\/4 left-2\/4 translate-x-[-50%] translate-y-[-50%] z-[-1] before:bg-black before:opacity-[35%] before:mix-blend-multiply before:absolute before:top-0 before:left-0 before:right-0 before:bottom-0 before:z-[2]\">\n                    <img loading=\"lazy\" decoding=\"async\" width=\"2880\" height=\"1800\" src=\"https:\/\/www.sources-hotels.com\/wp-content\/uploads\/2024\/12\/Vignes-chemin-vue-terrasses_GdeLaubier_2\u00b014-2880x1800.jpg\" class=\"h-full w-full object-cover object-center\" alt=\"vignes Les Sources de Caudalie\" \/>            <\/figure>\n    \n<\/section>\n\n    \n\n<section class=\"custom-block block--title-text\">\n\n            <h2 class=\"title\">INFORMATIONEN <\/h2>\n    \n            <div class=\"text rte\"><p data-start=\"0\" data-end=\"317\">Name des Betreibers: La Collection des H\u00f4tels du Vignoble<br data-start=\"57\" data-end=\"60\" \/>Sitz der Gesellschaft: 43 Rue Raynouard, 75016 Paris<br data-start=\"112\" data-end=\"115\" \/>E-Mail: <a class=\"decorated-link cursor-pointer\" rel=\"noopener\" data-start=\"123\" data-end=\"149\">contact@sources-hotels.com<\/a><br data-start=\"149\" data-end=\"152\" \/>Handelsregister-Nummer (RCS): Paris B 920 548 211<br data-start=\"201\" data-end=\"204\" \/>SIRET-Nummer von La Collection des H\u00f4tels du Vignoble: 920\u2009548\u2009211\u200900019<br data-start=\"276\" data-end=\"279\" \/>Diese Website wird gehostet von: OVH<\/p>\n<p data-start=\"319\" data-end=\"486\">SIRET-Nummer von Les Sources de Caudalie: 480\u2009358\u2009332<br data-start=\"372\" data-end=\"375\" \/>USt-IdNr. von Les Sources de Caudalie: FR37 480358332<br data-start=\"428\" data-end=\"431\" \/>Stammkapital von Les Sources de Caudalie: 40 000,00 \u20ac<\/p>\n<p data-start=\"488\" data-end=\"661\">SIRET-Nummer von Les Sources de Cheverny: 450\u2009591\u2009573\u200900040<br data-start=\"547\" data-end=\"550\" \/>USt-IdNr. von Les Sources de Cheverny: FR94 450591573<br data-start=\"603\" data-end=\"606\" \/>Stammkapital von Les Sources de Cheverny: 78 900,00 \u20ac<\/p>\n<p data-start=\"663\" data-end=\"833\" data-is-last-node=\"\" data-is-only-node=\"\">SIRET-Nummer von Les Sources de Vougeot: 953 295 995 00013<br data-start=\"721\" data-end=\"724\" \/>USt-IdNr. von Les Sources de Vougeot: FR40953295995<br data-start=\"775\" data-end=\"778\" \/>Stammkapital von Les Sources de Vougeot: 411 184,00 \u20ac<\/p>\n<\/div>\n    \n<\/section>\n\n\n<section class=\"custom-block block--title-text\">\n\n            <h2 class=\"title\">HAFTUNG <\/h2>\n    \n            <div class=\"text rte\"><p><span style=\"font-weight: 400\">Mit dem Zugriff auf diese Website erkennen Sie an, dass die Nutzung des Internets bestimmten Gesetzen unterliegt, insbesondere dem Urheberrecht sowie dem Datenschutzgesetz \u201eInformatique et Libert\u00e9s\u201c. La Collection des H\u00f4tels du Vignoble und The Geek Family \u00fcbernehmen keine Haftung f\u00fcr etwaige Fehler oder Auslassungen. Der Herausgeber beh\u00e4lt sich das Recht vor, die Inhalte der Website jederzeit zu \u00e4ndern oder zu aktualisieren. F\u00fcr Buchungen von mehr als 7 Zimmern oder Aufenthalten von mehr als 7 N\u00e4chten gelten besondere Stornobedingungen. In diesem Fall wird eine Anzahlung von 30\u202f% bei Best\u00e4tigung sowie eine vollst\u00e4ndige Vorauszahlung vor Anreise verlangt. \u00a0<\/span><\/p>\n<\/div>\n    \n<\/section>\n\n\n<section class=\"custom-block block--title-text\">\n\n            <h2 class=\"title\">URHEBERRECHT <\/h2>\n    \n            <div class=\"text rte\"><p><span class=\"TextRun SCXW251618721 BCX0\" lang=\"FR-FR\" xml:lang=\"FR-FR\" data-contrast=\"auto\"><span class=\"NormalTextRun SpellingErrorV2Themed SCXW251618721 BCX0\">Gem\u00e4\u00df<\/span> <span class=\"NormalTextRun SpellingErrorV2Themed SCXW251618721 BCX0\">dem<\/span> <span class=\"NormalTextRun SpellingErrorV2Themed SCXW251618721 BCX0\">franz\u00f6sischen<\/span> <span class=\"NormalTextRun SpellingErrorV2Themed SCXW251618721 BCX0\">Gesetz<\/span> <span class=\"NormalTextRun SpellingErrorV2Themed SCXW251618721 BCX0\">\u00fcber<\/span> <span class=\"NormalTextRun SpellingErrorV2Themed SCXW251618721 BCX0\">geistiges<\/span> <span class=\"NormalTextRun SpellingErrorV2Themed SCXW251618721 BCX0\">Eigentum<\/span> <span class=\"NormalTextRun SpellingErrorV2Themed SCXW251618721 BCX0\">ist<\/span> <span class=\"NormalTextRun SpellingErrorV2Themed SCXW251618721 BCX0\">jede<\/span> <span class=\"NormalTextRun SpellingErrorV2Themed SCXW251618721 BCX0\">Vervielf\u00e4ltigung<\/span><span class=\"NormalTextRun SCXW251618721 BCX0\">, <\/span><span class=\"NormalTextRun SpellingErrorV2Themed SCXW251618721 BCX0\">Ver\u00f6ffentlichung<\/span><span class=\"NormalTextRun SCXW251618721 BCX0\">, <\/span><span class=\"NormalTextRun SpellingErrorV2Themed SCXW251618721 BCX0\">Verbreitung<\/span><span class=\"NormalTextRun SCXW251618721 BCX0\">, <\/span><span class=\"NormalTextRun SpellingErrorV2Themed SCXW251618721 BCX0\">Anpassung<\/span> <span class=\"NormalTextRun SpellingErrorV2Themed SCXW251618721 BCX0\">oder<\/span> <span class=\"NormalTextRun SpellingErrorV2Themed SCXW251618721 BCX0\">Kommunikation<\/span><span class=\"NormalTextRun SCXW251618721 BCX0\"> \u2013 <\/span><span class=\"NormalTextRun SpellingErrorV2Themed SCXW251618721 BCX0\">ob<\/span> <span class=\"NormalTextRun SpellingErrorV2Themed SCXW251618721 BCX0\">vollst\u00e4ndig<\/span> <span class=\"NormalTextRun SpellingErrorV2Themed SCXW251618721 BCX0\">oder<\/span> <span class=\"NormalTextRun SpellingErrorV2Themed SCXW251618721 BCX0\">teilweise<\/span><span class=\"NormalTextRun SCXW251618721 BCX0\"> \u2013 von <\/span><span class=\"NormalTextRun SpellingErrorV2Themed SCXW251618721 BCX0\">auf<\/span><span class=\"NormalTextRun SCXW251618721 BCX0\"> der <\/span><span class=\"NormalTextRun SpellingErrorV2Themed SCXW251618721 BCX0\">Website<\/span> <span class=\"NormalTextRun SpellingErrorV2Themed SCXW251618721 BCX0\">dargestellten<\/span> <span class=\"NormalTextRun SpellingErrorV2Themed SCXW251618721 BCX0\">Inhalten<\/span><span class=\"NormalTextRun SCXW251618721 BCX0\"> (<\/span><span class=\"NormalTextRun SpellingErrorV2Themed SCXW251618721 BCX0\">Layout<\/span><span class=\"NormalTextRun SCXW251618721 BCX0\">, Design, <\/span><span class=\"NormalTextRun SpellingErrorV2Themed SCXW251618721 BCX0\">Fotos<\/span><span class=\"NormalTextRun SCXW251618721 BCX0\">, Texte, <\/span><span class=\"NormalTextRun SpellingErrorV2Themed SCXW251618721 BCX0\">Illustrationen<\/span><span class=\"NormalTextRun SCXW251618721 BCX0\">), <\/span><span class=\"NormalTextRun SpellingErrorV2Themed SCXW251618721 BCX0\">au\u00dfer<\/span> <span class=\"NormalTextRun SpellingErrorV2Themed SCXW251618721 BCX0\">zu<\/span> <span class=\"NormalTextRun SpellingErrorV2Themed SCXW251618721 BCX0\">privaten<\/span> <span class=\"NormalTextRun SpellingErrorV2Themed SCXW251618721 BCX0\">Zwecken<\/span><span class=\"NormalTextRun SCXW251618721 BCX0\">, <\/span><span class=\"NormalTextRun SpellingErrorV2Themed SCXW251618721 BCX0\">ohne<\/span> <span class=\"NormalTextRun SpellingErrorV2Themed SCXW251618721 BCX0\">vorherige<\/span> <span class=\"NormalTextRun SpellingErrorV2Themed SCXW251618721 BCX0\">schriftliche<\/span> <span class=\"NormalTextRun SpellingErrorV2Themed SCXW251618721 BCX0\">Genehmigung<\/span><span class=\"NormalTextRun SCXW251618721 BCX0\"> der <\/span><span class=\"NormalTextRun SpellingErrorV2Themed SCXW251618721 BCX0\">Rechteinhaber<\/span> <span class=\"NormalTextRun SpellingErrorV2Themed SCXW251618721 BCX0\">strengstens<\/span> <span class=\"NormalTextRun SpellingErrorV2Themed SCXW251618721 BCX0\">untersagt<\/span><span class=\"NormalTextRun SCXW251618721 BCX0\">.<\/span><\/span><span class=\"EOP SCXW251618721 BCX0\" data-ccp-props=\"{}\">\u00a0<\/span><\/p>\n<\/div>\n    \n<\/section>\n\n\n<section class=\"custom-block block--title-text\">\n\n            <h2 class=\"title\">DATENSCHUTZ \u2013 INFORMATIQUE ET LIBERT\u00c9S <\/h2>\n    \n            <div class=\"text rte\"><p><span style=\"font-weight: 400\">Jeder Nutzer, der pers\u00f6nliche Daten eingibt, hat gem\u00e4\u00df dem Gesetz Nr. 78-17 vom 6. Januar 1978 (Informatique et Libert\u00e9s) das Recht auf Zugang und Berichtigung seiner Daten. Dieses Recht kann bei dem Website-Administrator geltend gemacht werden. .<\/span><\/p>\n<\/div>\n    \n<\/section>\n\n\n<section class=\"custom-block block--title-text\">\n\n            <h2 class=\"title\">Protection des donn\u00e9es personnelles<\/h2>\n    \n            <div class=\"text rte\"><p>SCHUTZ PERSONENBEZOGENER DATEN<\/p>\n<p><strong>VERANTWORTLICHER F\u00dcR DIE DATENVERARBEITUNG<\/strong><\/p>\n<p>Die Website wird von der oben genannten Gesellschaft betrieben. Die Nutzung der Website erfolgt im Rahmen der nachfolgenden Nutzungsbedingungen.<\/p>\n<p><strong>ART DER PERSONENBEZOGENEN DATEN<\/strong><\/p>\n<p>\u201ePersonenbezogene Daten\u201c sind Informationen, die direkt oder indirekt Ihre Identifikation als nat\u00fcrliche Person erm\u00f6glichen (z.\u202fB. Name, E-Mail-Adresse, IP-Adresse, Buchungsdetails).<\/p>\n<p><strong>ERHOBENE DATEN<\/strong><\/p>\n<p>Folgende Daten k\u00f6nnen erhoben werden: Name, Vorname, E-Mail-Adresse, Rechnungsadresse, Telefonnummer, IP-Adresse, Verbindungs- und Navigationsdaten, Vorlieben, Bewertungen usw.<br \/>\nDie Pflichtangaben werden mit einem Sternchen \u201e*\u201c gekennzeichnet.<\/p>\n<p><strong>ERHEBUNGSMOMENTE<\/strong><\/p>\n<p>\u2013 Beim Surfen auf der Website (Cookies, IP-Adresse)<br \/>\n\u2013 Bei Kontaktformularen, Umfragen, Kommentaren oder \u00fcber soziale Netzwerke<br \/>\n\u2013 Beim Versand von E-Mails<br \/>\n\u2013 Bei Anmeldung zum Newsletter<br \/>\n\u2013 Beim Teilen von Seiten oder Angeboten<br \/>\n\u2013 Beim Ausf\u00fcllen eines Zufriedenheitsfragebogens<br \/>\n\u2013 Bei Angebotsanfragen<\/p>\n<p><strong>SPEICHERUNG DER DATEN<\/strong><\/p>\n<p>Die Daten werden in unseren gesicherten Buchungssystemen (SSL-verschl\u00fcsselte Datenbanken) gespeichert. Dazu geh\u00f6ren unter anderem: Name, Adresse, Telefonnummer, Position, Unternehmen, Kreditkartendaten, Zimmerpr\u00e4ferenzen, Speise- und Getr\u00e4nkew\u00fcnsche sowie Aufenthaltsverlauf.<\/p>\n<p><strong>VERWENDUNGSZWECK<\/strong><\/p>\n<p>\u2013 Verwaltung von Anfragen, Buchungen und Treueprogrammen<br \/>\n\u2013 Verbesserung und Personalisierung der Dienstleistungen<br \/>\n\u2013 Verwaltung der Kundenbeziehung<br \/>\n\u2013 Versand von Newslettern und Werbeangeboten<br \/>\n\u2013 Bearbeitung von Auskunftsanfragen<br \/>\n\u2013 Verwaltung von Zahlungsausf\u00e4llen und Rechtsstreitigkeiten<br \/>\n\u2013 Bearbeitung von Bewerbungen<br \/>\n\u2013 Qualit\u00e4ts- und Zufriedenheitsmessung<\/p>\n<\/div>\n    \n<\/section>\n\n\n<section class=\"custom-block block--title-text\">\n\n            <h2 class=\"title\">VERPFLICHTUNGEN <\/h2>\n    \n            <div class=\"text rte\"><p>TRANSPARENZ UND ZWECKBESTIMMUNG<br \/>\nEs werden keine personenbezogenen Daten ohne Ihr Wissen erhoben. Pflichtfelder sind mit einem \u201e*\u201c gekennzeichnet. Die Datenerhebung erfolgt ausschlie\u00dflich zu den hier beschriebenen Zwecken.<\/p>\n<p>VERH\u00c4LTNISM\u00c4SSIGKEIT UND RELEVANZ<br \/>\nNur die f\u00fcr die Bearbeitung Ihrer Anfrage oder Servicepersonalisierung notwendigen Daten werden erhoben.<\/p>\n<p>SPEICHERDAUER<br \/>\nDie Daten werden nur so lange gespeichert, wie dies f\u00fcr den jeweiligen Zweck erforderlich ist.<\/p>\n<p>SICHERHEIT UND VERTRAULICHKEIT<br \/>\nDie Gesellschaft verpflichtet sich, alle Ma\u00dfnahmen zur Wahrung der Vertraulichkeit zu ergreifen und Daten nicht an unbefugte Dritte weiterzugeben. Eine \u00dcbermittlung an Beh\u00f6rden kann erfolgen, sofern gesetzlich vorgeschrieben.<\/p>\n<p>AUTOMATISCH ERFASSTE DATEN<br \/>\nWie bei den meisten Websites werden automatisch Informationen wie IP-Adresse, Browsertyp, Betriebssystem, Datum und Uhrzeit, sowie Clickstream-Daten protokolliert. Cookies enthalten keine personenbezogenen Daten.<\/p>\n<p>RECHTE DER BETROFFENEN PERSONEN<br \/>\nSie haben das Recht auf Auskunft, Berichtigung und Widerspruch aus berechtigtem Grund sowie ein Widerspruchsrecht gegen Direktwerbung. Die Aus\u00fcbung erfolgt schriftlich an die oben genannte Adresse.<\/p>\n<\/div>\n    \n<\/section>\n\n\n<section class=\"custom-block block--title-text\">\n\n            <h2 class=\"title\">COOKIES<\/h2>\n    \n            <div class=\"text rte\"><p>Beim Besuch der Website k\u00f6nnen Informationen \u00fcber Ihr Surfverhalten in sogenannten \u201eCookies\u201c gespeichert werden. Sie k\u00f6nnen diese jederzeit \u00fcber Ihre Browsereinstellungen verwalten.<\/p>\n<p>ARTEN VON COOKIES<\/p>\n<p>\u2013 Analyse-Cookies: Statistiken \u00fcber Nutzung und Seitenaufrufe, Werbeleistung<br \/>\n\u2013 Soziale Netzwerke: Teilen \u00fcber Facebook, Twitter, Pinterest, LinkedIn, Instagram<br \/>\n\u2013 Sicherheits-Cookies: Identifizierung Ihres Ger\u00e4ts bei Transaktionen<br \/>\n\u2013 Werbe-Cookies: Anzeige personalisierter Werbung entsprechend Ihrem Surfverhalten<\/p>\n<p>VERWALTUNG DER COOKIES<br \/>\nSie k\u00f6nnen Cookies \u00fcber die Einstellungen Ihres Browsers akzeptieren oder ablehnen. Beachten Sie, dass bestimmte Funktionen der Website bei Ablehnung nicht mehr verf\u00fcgbar sein k\u00f6nnen. Ausf\u00fchrliche Anleitungen f\u00fcr die wichtigsten Browser finden Sie in der Originalfassung oder auf www.cnil.fr.<\/p>\n<p>VERBRAUCHERSCHLICHTUNG<\/p>\n<p>Gem\u00e4\u00df den Artikeln L. 616-1 und R. 111-1 6\u00b0 des franz\u00f6sischen Verbraucherschutzgesetzes k\u00f6nnen Sie sich an den folgenden Schlichtungsdienst wenden:<\/p>\n<p>M\u00e9diateur Tourisme Voyage<br \/>\nBP 80 303<br \/>\n75823 Paris Cedex 17<br \/>\nmtv.travel<\/p>\n<\/div>\n    \n<\/section>\n","protected":false},"excerpt":{"rendered":"","protected":false},"author":1,"featured_media":0,"parent":0,"menu_order":0,"comment_status":"closed","ping_status":"closed","template":"","meta":{"_acf_changed":false,"footnotes":""},"hotels":[],"doc_cat":[],"class_list":["post-2450","page","type-page","status-publish","hentry"],"acf":[],"yoast_head":"<!-- This site is optimized with the Yoast SEO plugin v25.6 - https:\/\/yoast.com\/wordpress\/plugins\/seo\/ -->\n<title>Impressum - Les Sources<\/title>\n<meta name=\"robots\" content=\"index, follow, max-snippet:-1, max-image-preview:large, max-video-preview:-1\" \/>\n<link rel=\"canonical\" href=\"https:\/\/www.sources-hotels.com\/de\/impressum\/\" \/>\n<meta property=\"og:locale\" content=\"de_DE\" \/>\n<meta property=\"og:type\" content=\"article\" \/>\n<meta property=\"og:title\" content=\"Impressum - Les Sources\" \/>\n<meta property=\"og:url\" content=\"https:\/\/www.sources-hotels.com\/de\/impressum\/\" \/>\n<meta property=\"og:site_name\" content=\"Les Sources\" \/>\n<meta property=\"article:modified_time\" content=\"2025-09-16T12:50:56+00:00\" \/>\n<meta name=\"twitter:card\" content=\"summary_large_image\" \/>\n<script type=\"application\/ld+json\" class=\"yoast-schema-graph\">{\"@context\":\"https:\/\/schema.org\",\"@graph\":[{\"@type\":\"WebPage\",\"@id\":\"https:\/\/www.sources-hotels.com\/de\/impressum\/\",\"url\":\"https:\/\/www.sources-hotels.com\/de\/impressum\/\",\"name\":\"Impressum - Les Sources\",\"isPartOf\":{\"@id\":\"https:\/\/www.sources-hotels.com\/de\/#website\"},\"datePublished\":\"2024-12-26T15:09:39+00:00\",\"dateModified\":\"2025-09-16T12:50:56+00:00\",\"breadcrumb\":{\"@id\":\"https:\/\/www.sources-hotels.com\/de\/impressum\/#breadcrumb\"},\"inLanguage\":\"de-DE\",\"potentialAction\":[{\"@type\":\"ReadAction\",\"target\":[\"https:\/\/www.sources-hotels.com\/de\/impressum\/\"]}]},{\"@type\":\"BreadcrumbList\",\"@id\":\"https:\/\/www.sources-hotels.com\/de\/impressum\/#breadcrumb\",\"itemListElement\":[{\"@type\":\"ListItem\",\"position\":1,\"name\":\"Accueil\",\"item\":\"https:\/\/www.sources-hotels.com\/de\/\"},{\"@type\":\"ListItem\",\"position\":2,\"name\":\"Impressum\"}]},{\"@type\":\"WebSite\",\"@id\":\"https:\/\/www.sources-hotels.com\/de\/#website\",\"url\":\"https:\/\/www.sources-hotels.com\/de\/\",\"name\":\"Les Sources\",\"description\":\"\",\"publisher\":{\"@id\":\"https:\/\/www.sources-hotels.com\/de\/#organization\"},\"potentialAction\":[{\"@type\":\"SearchAction\",\"target\":{\"@type\":\"EntryPoint\",\"urlTemplate\":\"https:\/\/www.sources-hotels.com\/de\/?s={search_term_string}\"},\"query-input\":{\"@type\":\"PropertyValueSpecification\",\"valueRequired\":true,\"valueName\":\"search_term_string\"}}],\"inLanguage\":\"de-DE\"},{\"@type\":\"Organization\",\"@id\":\"https:\/\/www.sources-hotels.com\/de\/#organization\",\"name\":\"Les Sources\",\"url\":\"https:\/\/www.sources-hotels.com\/de\/\",\"logo\":{\"@type\":\"ImageObject\",\"inLanguage\":\"de-DE\",\"@id\":\"https:\/\/www.sources-hotels.com\/de\/#\/schema\/logo\/image\/\",\"url\":\"https:\/\/www.sources-hotels.com\/wp-content\/uploads\/2025\/03\/logo-sources.png\",\"contentUrl\":\"https:\/\/www.sources-hotels.com\/wp-content\/uploads\/2025\/03\/logo-sources.png\",\"width\":601,\"height\":696,\"caption\":\"Les Sources\"},\"image\":{\"@id\":\"https:\/\/www.sources-hotels.com\/de\/#\/schema\/logo\/image\/\"}}]}<\/script>\n<!-- \/ Yoast SEO plugin. -->","yoast_head_json":{"title":"Impressum - Les Sources","robots":{"index":"index","follow":"follow","max-snippet":"max-snippet:-1","max-image-preview":"max-image-preview:large","max-video-preview":"max-video-preview:-1"},"canonical":"https:\/\/www.sources-hotels.com\/de\/impressum\/","og_locale":"de_DE","og_type":"article","og_title":"Impressum - Les Sources","og_url":"https:\/\/www.sources-hotels.com\/de\/impressum\/","og_site_name":"Les Sources","article_modified_time":"2025-09-16T12:50:56+00:00","twitter_card":"summary_large_image","schema":{"@context":"https:\/\/schema.org","@graph":[{"@type":"WebPage","@id":"https:\/\/www.sources-hotels.com\/de\/impressum\/","url":"https:\/\/www.sources-hotels.com\/de\/impressum\/","name":"Impressum - Les Sources","isPartOf":{"@id":"https:\/\/www.sources-hotels.com\/de\/#website"},"datePublished":"2024-12-26T15:09:39+00:00","dateModified":"2025-09-16T12:50:56+00:00","breadcrumb":{"@id":"https:\/\/www.sources-hotels.com\/de\/impressum\/#breadcrumb"},"inLanguage":"de-DE","potentialAction":[{"@type":"ReadAction","target":["https:\/\/www.sources-hotels.com\/de\/impressum\/"]}]},{"@type":"BreadcrumbList","@id":"https:\/\/www.sources-hotels.com\/de\/impressum\/#breadcrumb","itemListElement":[{"@type":"ListItem","position":1,"name":"Accueil","item":"https:\/\/www.sources-hotels.com\/de\/"},{"@type":"ListItem","position":2,"name":"Impressum"}]},{"@type":"WebSite","@id":"https:\/\/www.sources-hotels.com\/de\/#website","url":"https:\/\/www.sources-hotels.com\/de\/","name":"Les Sources","description":"","publisher":{"@id":"https:\/\/www.sources-hotels.com\/de\/#organization"},"potentialAction":[{"@type":"SearchAction","target":{"@type":"EntryPoint","urlTemplate":"https:\/\/www.sources-hotels.com\/de\/?s={search_term_string}"},"query-input":{"@type":"PropertyValueSpecification","valueRequired":true,"valueName":"search_term_string"}}],"inLanguage":"de-DE"},{"@type":"Organization","@id":"https:\/\/www.sources-hotels.com\/de\/#organization","name":"Les Sources","url":"https:\/\/www.sources-hotels.com\/de\/","logo":{"@type":"ImageObject","inLanguage":"de-DE","@id":"https:\/\/www.sources-hotels.com\/de\/#\/schema\/logo\/image\/","url":"https:\/\/www.sources-hotels.com\/wp-content\/uploads\/2025\/03\/logo-sources.png","contentUrl":"https:\/\/www.sources-hotels.com\/wp-content\/uploads\/2025\/03\/logo-sources.png","width":601,"height":696,"caption":"Les Sources"},"image":{"@id":"https:\/\/www.sources-hotels.com\/de\/#\/schema\/logo\/image\/"}}]}},"_links":{"self":[{"href":"https:\/\/www.sources-hotels.com\/de\/wp-json\/wp\/v2\/pages\/2450","targetHints":{"allow":["GET"]}}],"collection":[{"href":"https:\/\/www.sources-hotels.com\/de\/wp-json\/wp\/v2\/pages"}],"about":[{"href":"https:\/\/www.sources-hotels.com\/de\/wp-json\/wp\/v2\/types\/page"}],"author":[{"embeddable":true,"href":"https:\/\/www.sources-hotels.com\/de\/wp-json\/wp\/v2\/users\/1"}],"replies":[{"embeddable":true,"href":"https:\/\/www.sources-hotels.com\/de\/wp-json\/wp\/v2\/comments?post=2450"}],"version-history":[{"count":3,"href":"https:\/\/www.sources-hotels.com\/de\/wp-json\/wp\/v2\/pages\/2450\/revisions"}],"predecessor-version":[{"id":3372,"href":"https:\/\/www.sources-hotels.com\/de\/wp-json\/wp\/v2\/pages\/2450\/revisions\/3372"}],"wp:attachment":[{"href":"https:\/\/www.sources-hotels.com\/de\/wp-json\/wp\/v2\/media?parent=2450"}],"wp:term":[{"taxonomy":"hotels","embeddable":true,"href":"https:\/\/www.sources-hotels.com\/de\/wp-json\/wp\/v2\/hotels?post=2450"},{"taxonomy":"doc_cat","embeddable":true,"href":"https:\/\/www.sources-hotels.com\/de\/wp-json\/wp\/v2\/doc_cat?post=2450"}],"curies":[{"name":"wp","href":"https:\/\/api.w.org\/{rel}","templated":true}]}}