{"id":3283,"date":"2024-12-30T09:32:14","date_gmt":"2024-12-30T08:32:14","guid":{"rendered":"https:\/\/www.sources-hotels.com\/valdeloire\/?page_id=3283"},"modified":"2026-02-18T09:14:00","modified_gmt":"2026-02-18T08:14:00","slug":"zimmer-suiten","status":"publish","type":"page","link":"https:\/\/www.sources-hotels.com\/valdeloire\/de\/zimmer-suiten\/","title":{"rendered":"Zimmer &amp; Suiten"},"content":{"rendered":"\n<section class=\"custom-block block--header h-[206rem] text-center text-white overflow-hidden pt-[100rem] relative tablet:h-[700rem] tablet:pt-[420rem]\">\n\n    <h1>\n                            ZIMMER &amp; SUITEN            <\/h1>\n\n    \n    <span class=\"scroll-down hidden text-[12rem] tracking-[2rem] uppercase font-title cursor-pointer opacity-[64%] pb-[66rem] absolute left-2\/4 bottom-0 translate-x-[-50%] after:w-[1px] after:h-[50rem] after:bg-white after:opacity-[40%] after:absolute after:bottom-0 after:left-[50%] tablet:block\">\n        Mehr entdecken    <\/span>\n\n    <figure class=\"min-w-full min-h-full aspect-video overflow-hidden absolute top-2\/4 left-2\/4 translate-x-[-50%] translate-y-[-50%] z-[-1] before:bg-black before:opacity-[35%] before:mix-blend-multiply before:absolute before:top-0 before:left-0 before:right-0 before:bottom-0 before:z-[2]\">\n                    <img loading=\"lazy\" decoding=\"async\" width=\"1350\" height=\"900\" src=\"https:\/\/www.sources-hotels.com\/valdeloire\/wp-content\/uploads\/sites\/4\/2024\/12\/LesSourcesDeCheverny_HameauDuMaraisExt_\u00a9itshenriette-1350x900.jpg\" class=\"h-full w-full object-cover object-center\" alt=\"hotel Les Sources de Cheverny\" srcset=\"https:\/\/www.sources-hotels.com\/valdeloire\/wp-content\/uploads\/sites\/4\/2024\/12\/LesSourcesDeCheverny_HameauDuMaraisExt_\u00a9itshenriette-1350x900.jpg 1350w, https:\/\/www.sources-hotels.com\/valdeloire\/wp-content\/uploads\/sites\/4\/2024\/12\/LesSourcesDeCheverny_HameauDuMaraisExt_\u00a9itshenriette-300x200.jpg 300w, https:\/\/www.sources-hotels.com\/valdeloire\/wp-content\/uploads\/sites\/4\/2024\/12\/LesSourcesDeCheverny_HameauDuMaraisExt_\u00a9itshenriette-1024x683.jpg 1024w, https:\/\/www.sources-hotels.com\/valdeloire\/wp-content\/uploads\/sites\/4\/2024\/12\/LesSourcesDeCheverny_HameauDuMaraisExt_\u00a9itshenriette-768x512.jpg 768w, https:\/\/www.sources-hotels.com\/valdeloire\/wp-content\/uploads\/sites\/4\/2024\/12\/LesSourcesDeCheverny_HameauDuMaraisExt_\u00a9itshenriette-1536x1024.jpg 1536w, https:\/\/www.sources-hotels.com\/valdeloire\/wp-content\/uploads\/sites\/4\/2024\/12\/LesSourcesDeCheverny_HameauDuMaraisExt_\u00a9itshenriette-2048x1365.jpg 2048w, https:\/\/www.sources-hotels.com\/valdeloire\/wp-content\/uploads\/sites\/4\/2024\/12\/LesSourcesDeCheverny_HameauDuMaraisExt_\u00a9itshenriette-1260x840.jpg 1260w, https:\/\/www.sources-hotels.com\/valdeloire\/wp-content\/uploads\/sites\/4\/2024\/12\/LesSourcesDeCheverny_HameauDuMaraisExt_\u00a9itshenriette-450x300.jpg 450w, https:\/\/www.sources-hotels.com\/valdeloire\/wp-content\/uploads\/sites\/4\/2024\/12\/LesSourcesDeCheverny_HameauDuMaraisExt_\u00a9itshenriette-465x310.jpg 465w, https:\/\/www.sources-hotels.com\/valdeloire\/wp-content\/uploads\/sites\/4\/2024\/12\/LesSourcesDeCheverny_HameauDuMaraisExt_\u00a9itshenriette-630x420.jpg 630w, https:\/\/www.sources-hotels.com\/valdeloire\/wp-content\/uploads\/sites\/4\/2024\/12\/LesSourcesDeCheverny_HameauDuMaraisExt_\u00a9itshenriette-966x644.jpg 966w, https:\/\/www.sources-hotels.com\/valdeloire\/wp-content\/uploads\/sites\/4\/2024\/12\/LesSourcesDeCheverny_HameauDuMaraisExt_\u00a9itshenriette-750x500.jpg 750w, https:\/\/www.sources-hotels.com\/valdeloire\/wp-content\/uploads\/sites\/4\/2024\/12\/LesSourcesDeCheverny_HameauDuMaraisExt_\u00a9itshenriette-1020x680.jpg 1020w, https:\/\/www.sources-hotels.com\/valdeloire\/wp-content\/uploads\/sites\/4\/2024\/12\/LesSourcesDeCheverny_HameauDuMaraisExt_\u00a9itshenriette-690x460.jpg 690w, https:\/\/www.sources-hotels.com\/valdeloire\/wp-content\/uploads\/sites\/4\/2024\/12\/LesSourcesDeCheverny_HameauDuMaraisExt_\u00a9itshenriette-640x427.jpg 640w, https:\/\/www.sources-hotels.com\/valdeloire\/wp-content\/uploads\/sites\/4\/2024\/12\/LesSourcesDeCheverny_HameauDuMaraisExt_\u00a9itshenriette-420x280.jpg 420w\" sizes=\"auto, (max-width: 1350px) 100vw, 1350px\" \/>            <\/figure>\n    \n<\/section>\n\n    \n\n\n<section class=\"custom-block block--title-introduction text-center tablet:!pb-[60rem]\">\n\n            <h2 class=\"block-title\">   \u00dcbernachten im Land der Schl\u00f6sser <\/h2>\n    \n    <div class=\"tablet:w-[970rem] tablet:inline-block\">\n        <p> Im Inneren des Hotels \u2013 und in jedem der 49 Zimmer und Suiten \u2013 herrscht eine warme und authentische Atmosph\u00e4re.<br \/>\nSie l\u00e4dt dazu ein, sich an der Sch\u00f6nheit der einfachen Dinge zu erfreuen und von der \u00fcppigen Natur rundherum ber\u00fchrt zu werden.<br \/>\nDie Einrichtung erz\u00e4hlt eine Geschichte \u2013 die Geschichte von Alice und J\u00e9r\u00f4me, von ihrer Leidenschaft f\u00fcr den Wein, den Wald, dieses Anwesen und seine Umgebung. <\/p>\n    <\/div>\n\n<\/section>\n\n\n\n<section class=\"custom-block block--room container mx-auto\">\n\n  <div class=\"content gallery-left\">\n\n    <div class=\"text\">\n\n              <h2 class=\"title\">Superior- und Prestige-Zimmer<\/h2>\n      \n      \n      <div class=\"description rte\">\n        <p>Diese Zimmer tragen Namen, die eine Hommage an das regionale Kulturerbe darstellen, und jede einzelne bietet eine individuelle Einrichtung mit sorgf\u00e4ltig ausgew\u00e4hlten M\u00f6belst\u00fccken und Dekorationselementen. Entdecken Sie die Geschichte des Loiretals sowie die lokale Tier- und Pflanzenwelt.<\/p>\n<p>Die Superior- und Prestige-Zimmer geh\u00f6ren zu unseren Einstiegskategorien. Insgesamt zehn an der Zahl, befinden sie sich im Ch\u00e2teau du Breuil sowie in den Maisons des Fleurs und des Fruits. Jedes Zimmer ist anders \u2013 jeder Aufenthalt in einem unserer Superior- oder Prestige-Zimmer ist eine neue Reise f\u00fcr sich.<\/p>\n      <\/div>\n\n              <div class=\"ctas\">\n                        <a href=\"https:\/\/www.sources-hotels.com\/valdeloire\/de\/zimmer-suiten\/superior-prestige-zimmer\/\"  class=\"button cta1\" >\n        Mehr erfahren  <\/a>\n                                <button class=\"button cta2 dedge-open\" >Buchen<\/button>\n                  <\/div>\n      \n    <\/div>\n\n    <div class=\"slider\">\n              <div class=\"image\">\n          <figure>\n            <img loading=\"lazy\" decoding=\"async\" width=\"1260\" height=\"1600\" src=\"https:\/\/www.sources-hotels.com\/valdeloire\/wp-content\/uploads\/sites\/4\/2025\/01\/LESSOU3-min-1-1260x1600.jpg\" class=\"w-full object-cover object-center\" alt=\"\" \/>          <\/figure>\n        <\/div>\n              <div class=\"image\">\n          <figure>\n            <img loading=\"lazy\" decoding=\"async\" width=\"1260\" height=\"1600\" src=\"https:\/\/www.sources-hotels.com\/valdeloire\/wp-content\/uploads\/sites\/4\/2025\/01\/LE1D2E1-min-1260x1600.jpg\" class=\"w-full object-cover object-center\" alt=\"\" \/>          <\/figure>\n        <\/div>\n              <div class=\"image\">\n          <figure>\n            <img loading=\"lazy\" decoding=\"async\" width=\"1260\" height=\"1600\" src=\"https:\/\/www.sources-hotels.com\/valdeloire\/wp-content\/uploads\/sites\/4\/2025\/01\/LE7CCC1-min-1-1260x1600.jpg\" class=\"w-full object-cover object-center\" alt=\"\" \/>          <\/figure>\n        <\/div>\n              <div class=\"image\">\n          <figure>\n            <img loading=\"lazy\" decoding=\"async\" width=\"1260\" height=\"1600\" src=\"https:\/\/www.sources-hotels.com\/valdeloire\/wp-content\/uploads\/sites\/4\/2025\/01\/LE56A31-min-1260x1600.jpg\" class=\"w-full object-cover object-center\" alt=\"\" \/>          <\/figure>\n        <\/div>\n          <\/div>\n  <\/div>\n<\/section>\n\n\n\n\n<section class=\"custom-block block--room container mx-auto\">\n\n  <div class=\"content gallery-right\">\n\n    <div class=\"text\">\n\n              <h2 class=\"title\">Junior Suiten und Suiten<\/h2>\n      \n      \n      <div class=\"description rte\">\n        <p>Bei Les Sources de Cheverny ist die Architektur vom Erbe des Loiretals inspiriert und f\u00fcgt sich harmonisch in die umliegende Natur ein. Unsere Junior Suiten und Suiten verf\u00fcgen jeweils \u00fcber einen Wohnbereich, der an das Schlafzimmer angrenzt. <\/p>\n<p>Diese Zimmer sind ideal f\u00fcr kleine und gro\u00dfe Familien. Die Junior Suiten bieten einen offenen Wohnbereich, w\u00e4hrend die Suiten \u00fcber eine klar getrennte Raumaufteilung verf\u00fcgen. <\/p>\n      <\/div>\n\n              <div class=\"ctas\">\n                        <a href=\"https:\/\/www.sources-hotels.com\/valdeloire\/de\/zimmer-suiten\/junior-suiten\/\"  class=\"button cta1\" >\n        Mehr erfahren  <\/a>\n                                <button class=\"button cta2 dedge-open\" >Buchen<\/button>\n                  <\/div>\n      \n    <\/div>\n\n    <div class=\"slider\">\n              <div class=\"image\">\n          <figure>\n            <img loading=\"lazy\" decoding=\"async\" width=\"1132\" height=\"1600\" src=\"https:\/\/www.sources-hotels.com\/valdeloire\/wp-content\/uploads\/sites\/4\/2025\/07\/SDCheverny_GrangeAuxAbeilles_Australe_\u00a9MPMorel2021-2-1-1132x1600.jpg\" class=\"w-full object-cover object-center\" alt=\"\" \/>          <\/figure>\n        <\/div>\n              <div class=\"image\">\n          <figure>\n            <img loading=\"lazy\" decoding=\"async\" width=\"1260\" height=\"1600\" src=\"https:\/\/www.sources-hotels.com\/valdeloire\/wp-content\/uploads\/sites\/4\/2025\/07\/LesSourcesDeCheverny_SuiteChateau_LEnvers_\u00a9MPMorel-2020-8-1260x1600.jpg\" class=\"w-full object-cover object-center\" alt=\"\" \/>          <\/figure>\n        <\/div>\n              <div class=\"image\">\n          <figure>\n            <img loading=\"lazy\" decoding=\"async\" width=\"853\" height=\"1280\" src=\"https:\/\/www.sources-hotels.com\/valdeloire\/wp-content\/uploads\/sites\/4\/2025\/07\/LesSourcesDeCheverny_JuniorSuite_LaBelleHelene__\u00a9itshenriette-8.jpg\" class=\"w-full object-cover object-center\" alt=\"\" srcset=\"https:\/\/www.sources-hotels.com\/valdeloire\/wp-content\/uploads\/sites\/4\/2025\/07\/LesSourcesDeCheverny_JuniorSuite_LaBelleHelene__\u00a9itshenriette-8.jpg 853w, https:\/\/www.sources-hotels.com\/valdeloire\/wp-content\/uploads\/sites\/4\/2025\/07\/LesSourcesDeCheverny_JuniorSuite_LaBelleHelene__\u00a9itshenriette-8-200x300.jpg 200w, https:\/\/www.sources-hotels.com\/valdeloire\/wp-content\/uploads\/sites\/4\/2025\/07\/LesSourcesDeCheverny_JuniorSuite_LaBelleHelene__\u00a9itshenriette-8-682x1024.jpg 682w, https:\/\/www.sources-hotels.com\/valdeloire\/wp-content\/uploads\/sites\/4\/2025\/07\/LesSourcesDeCheverny_JuniorSuite_LaBelleHelene__\u00a9itshenriette-8-768x1152.jpg 768w, https:\/\/www.sources-hotels.com\/valdeloire\/wp-content\/uploads\/sites\/4\/2025\/07\/LesSourcesDeCheverny_JuniorSuite_LaBelleHelene__\u00a9itshenriette-8-766x1150.jpg 766w\" sizes=\"auto, (max-width: 853px) 100vw, 853px\" \/>          <\/figure>\n        <\/div>\n              <div class=\"image\">\n          <figure>\n            <img loading=\"lazy\" decoding=\"async\" width=\"853\" height=\"1280\" src=\"https:\/\/www.sources-hotels.com\/valdeloire\/wp-content\/uploads\/sites\/4\/2025\/07\/LesSourcesDeCheverny_JuniorSuite_Libellule__\u00a9itshenriette-3.jpg\" class=\"w-full object-cover object-center\" alt=\"\" srcset=\"https:\/\/www.sources-hotels.com\/valdeloire\/wp-content\/uploads\/sites\/4\/2025\/07\/LesSourcesDeCheverny_JuniorSuite_Libellule__\u00a9itshenriette-3.jpg 853w, https:\/\/www.sources-hotels.com\/valdeloire\/wp-content\/uploads\/sites\/4\/2025\/07\/LesSourcesDeCheverny_JuniorSuite_Libellule__\u00a9itshenriette-3-200x300.jpg 200w, https:\/\/www.sources-hotels.com\/valdeloire\/wp-content\/uploads\/sites\/4\/2025\/07\/LesSourcesDeCheverny_JuniorSuite_Libellule__\u00a9itshenriette-3-682x1024.jpg 682w, https:\/\/www.sources-hotels.com\/valdeloire\/wp-content\/uploads\/sites\/4\/2025\/07\/LesSourcesDeCheverny_JuniorSuite_Libellule__\u00a9itshenriette-3-768x1152.jpg 768w, https:\/\/www.sources-hotels.com\/valdeloire\/wp-content\/uploads\/sites\/4\/2025\/07\/LesSourcesDeCheverny_JuniorSuite_Libellule__\u00a9itshenriette-3-766x1150.jpg 766w\" sizes=\"auto, (max-width: 853px) 100vw, 853px\" \/>          <\/figure>\n        <\/div>\n          <\/div>\n  <\/div>\n<\/section>\n\n\n\n\n<section class=\"custom-block block--room container mx-auto\">\n\n  <div class=\"content gallery-left\">\n\n    <div class=\"text\">\n\n              <h2 class=\"title\">Die Signature Suite<\/h2>\n      \n              <h3 class=\"subtitle\">Le baron Perch\u00e9<\/h3>\n      \n      <div class=\"description rte\">\n        <p>Die ikonische Suite des Anwesens erinnert an die h\u00f6lzernen Baumh\u00e4user mit Aussichtsturm, wie man sie in den pr\u00e4chtigen W\u00e4ldern des Loiretals entdeckt. Auf Stelzen \u00fcber dem See erbaut, verk\u00f6rpert diese pr\u00e4chtige Suite aus massivem Holz den bukolischen Geist der Sources de Cheverny.<\/p>\n<p>Von ihrem Turm aus \u00fcberblickt Le Baron Perch\u00e9 das gesamte Anwesen und bietet einen Panoramablick auf das Gel\u00e4nde und seine Obstg\u00e4rten. Das private nordische Bad verspricht Momente der Entspannung und des Wohlbefindens.<\/p>\n      <\/div>\n\n              <div class=\"ctas\">\n                        <a href=\"https:\/\/www.sources-hotels.com\/valdeloire\/de\/zimmer-suiten\/signature-suite\/\"  class=\"button cta1\" >\n        Mehr erfahren  <\/a>\n                                <button class=\"button cta2 dedge-open\"  data-target=\"134554\">Buchen<\/button>\n                  <\/div>\n      \n    <\/div>\n\n    <div class=\"slider\">\n              <div class=\"image\">\n          <figure>\n            <img loading=\"lazy\" decoding=\"async\" width=\"1260\" height=\"903\" src=\"https:\/\/www.sources-hotels.com\/valdeloire\/wp-content\/uploads\/sites\/4\/2025\/01\/SDCheverny_BaronPerche_\u00a9MPMorel_2020-9-1260x903.jpg\" class=\"w-full object-cover object-center\" alt=\"\" \/>          <\/figure>\n        <\/div>\n              <div class=\"image\">\n          <figure>\n            <img loading=\"lazy\" decoding=\"async\" width=\"1260\" height=\"1600\" src=\"https:\/\/www.sources-hotels.com\/valdeloire\/wp-content\/uploads\/sites\/4\/2025\/01\/SD360B1-min-1-1260x1600.jpg\" class=\"w-full object-cover object-center\" alt=\"\" \/>          <\/figure>\n        <\/div>\n              <div class=\"image\">\n          <figure>\n            <img loading=\"lazy\" decoding=\"async\" width=\"1260\" height=\"1600\" src=\"https:\/\/www.sources-hotels.com\/valdeloire\/wp-content\/uploads\/sites\/4\/2025\/01\/SDCHEV2-min-2-1260x1600.jpg\" class=\"w-full object-cover object-center\" alt=\"\" \/>          <\/figure>\n        <\/div>\n              <div class=\"image\">\n          <figure>\n            <img loading=\"lazy\" decoding=\"async\" width=\"1045\" height=\"1354\" src=\"https:\/\/www.sources-hotels.com\/valdeloire\/wp-content\/uploads\/sites\/4\/2025\/01\/SDCheverny_LeBaronPerche_\u00a9MPMorel_2020-4.jpg\" class=\"w-full object-cover object-center\" alt=\"\" srcset=\"https:\/\/www.sources-hotels.com\/valdeloire\/wp-content\/uploads\/sites\/4\/2025\/01\/SDCheverny_LeBaronPerche_\u00a9MPMorel_2020-4.jpg 1045w, https:\/\/www.sources-hotels.com\/valdeloire\/wp-content\/uploads\/sites\/4\/2025\/01\/SDCheverny_LeBaronPerche_\u00a9MPMorel_2020-4-232x300.jpg 232w, https:\/\/www.sources-hotels.com\/valdeloire\/wp-content\/uploads\/sites\/4\/2025\/01\/SDCheverny_LeBaronPerche_\u00a9MPMorel_2020-4-790x1024.jpg 790w, https:\/\/www.sources-hotels.com\/valdeloire\/wp-content\/uploads\/sites\/4\/2025\/01\/SDCheverny_LeBaronPerche_\u00a9MPMorel_2020-4-768x995.jpg 768w, https:\/\/www.sources-hotels.com\/valdeloire\/wp-content\/uploads\/sites\/4\/2025\/01\/SDCheverny_LeBaronPerche_\u00a9MPMorel_2020-4-888x1150.jpg 888w\" sizes=\"auto, (max-width: 1045px) 100vw, 1045px\" \/>          <\/figure>\n        <\/div>\n          <\/div>\n  <\/div>\n<\/section>\n\n","protected":false},"excerpt":{"rendered":"","protected":false},"author":1,"featured_media":0,"parent":0,"menu_order":0,"comment_status":"closed","ping_status":"closed","template":"","meta":{"_acf_changed":false,"footnotes":""},"hotels":[],"doc_cat":[],"class_list":["post-3283","page","type-page","status-publish","hentry"],"acf":[],"yoast_head":"<!-- This site is optimized with the Yoast SEO plugin v25.6 - https:\/\/yoast.com\/wordpress\/plugins\/seo\/ -->\n<title>Zimmer und Suiten an der Loire | Les Sources de Cheverny<\/title>\n<meta name=\"description\" content=\"Erleben Sie Eleganz in unseren Hotelzimmern und Suiten in der N\u00e4he der Loire-Schl\u00f6sser. Verbringen Sie Ihren Aufenthalt im Herzen einer geschichtstr\u00e4chtigen Region.\" \/>\n<meta name=\"robots\" content=\"index, follow, max-snippet:-1, max-image-preview:large, max-video-preview:-1\" \/>\n<link rel=\"canonical\" href=\"https:\/\/www.sources-hotels.com\/valdeloire\/de\/zimmer-suiten\/\" \/>\n<meta property=\"og:locale\" content=\"de_DE\" \/>\n<meta property=\"og:type\" content=\"article\" \/>\n<meta property=\"og:title\" content=\"Zimmer und Suiten an der Loire | Les Sources de Cheverny\" \/>\n<meta property=\"og:description\" content=\"Erleben Sie Eleganz in unseren Hotelzimmern und Suiten in der N\u00e4he der Loire-Schl\u00f6sser. Verbringen Sie Ihren Aufenthalt im Herzen einer geschichtstr\u00e4chtigen Region.\" \/>\n<meta property=\"og:url\" content=\"https:\/\/www.sources-hotels.com\/valdeloire\/de\/zimmer-suiten\/\" \/>\n<meta property=\"og:site_name\" content=\"Les Sources de Cheverny\" \/>\n<meta property=\"article:modified_time\" content=\"2026-02-18T08:14:00+00:00\" \/>\n<meta name=\"twitter:card\" content=\"summary_large_image\" \/>\n<script type=\"application\/ld+json\" class=\"yoast-schema-graph\">{\"@context\":\"https:\/\/schema.org\",\"@graph\":[{\"@type\":\"WebPage\",\"@id\":\"https:\/\/www.sources-hotels.com\/valdeloire\/de\/zimmer-suiten\/\",\"url\":\"https:\/\/www.sources-hotels.com\/valdeloire\/de\/zimmer-suiten\/\",\"name\":\"Zimmer und Suiten an der Loire | Les Sources de Cheverny\",\"isPartOf\":{\"@id\":\"https:\/\/www.sources-hotels.com\/valdeloire\/de\/#website\"},\"datePublished\":\"2024-12-30T08:32:14+00:00\",\"dateModified\":\"2026-02-18T08:14:00+00:00\",\"description\":\"Erleben Sie Eleganz in unseren Hotelzimmern und Suiten in der N\u00e4he der Loire-Schl\u00f6sser. Verbringen Sie Ihren Aufenthalt im Herzen einer geschichtstr\u00e4chtigen Region.\",\"breadcrumb\":{\"@id\":\"https:\/\/www.sources-hotels.com\/valdeloire\/de\/zimmer-suiten\/#breadcrumb\"},\"inLanguage\":\"de-DE\",\"potentialAction\":[{\"@type\":\"ReadAction\",\"target\":[\"https:\/\/www.sources-hotels.com\/valdeloire\/de\/zimmer-suiten\/\"]}]},{\"@type\":\"BreadcrumbList\",\"@id\":\"https:\/\/www.sources-hotels.com\/valdeloire\/de\/zimmer-suiten\/#breadcrumb\",\"itemListElement\":[{\"@type\":\"ListItem\",\"position\":1,\"name\":\"Accueil\",\"item\":\"https:\/\/www.sources-hotels.com\/valdeloire\/de\/\"},{\"@type\":\"ListItem\",\"position\":2,\"name\":\"Zimmer &amp; Suiten\"}]},{\"@type\":\"WebSite\",\"@id\":\"https:\/\/www.sources-hotels.com\/valdeloire\/de\/#website\",\"url\":\"https:\/\/www.sources-hotels.com\/valdeloire\/de\/\",\"name\":\"Les Sources de Cheverny\",\"description\":\"\",\"publisher\":{\"@id\":\"https:\/\/www.sources-hotels.com\/valdeloire\/de\/#organization\"},\"potentialAction\":[{\"@type\":\"SearchAction\",\"target\":{\"@type\":\"EntryPoint\",\"urlTemplate\":\"https:\/\/www.sources-hotels.com\/valdeloire\/de\/?s={search_term_string}\"},\"query-input\":{\"@type\":\"PropertyValueSpecification\",\"valueRequired\":true,\"valueName\":\"search_term_string\"}}],\"inLanguage\":\"de-DE\"},{\"@type\":\"Organization\",\"@id\":\"https:\/\/www.sources-hotels.com\/valdeloire\/de\/#organization\",\"name\":\"Les Sources de Cheverny\",\"url\":\"https:\/\/www.sources-hotels.com\/valdeloire\/de\/\",\"logo\":{\"@type\":\"ImageObject\",\"inLanguage\":\"de-DE\",\"@id\":\"https:\/\/www.sources-hotels.com\/valdeloire\/de\/#\/schema\/logo\/image\/\",\"url\":\"https:\/\/www.sources-hotels.com\/valdeloire\/wp-content\/uploads\/sites\/4\/2025\/03\/logo-cheverny.png\",\"contentUrl\":\"https:\/\/www.sources-hotels.com\/valdeloire\/wp-content\/uploads\/sites\/4\/2025\/03\/logo-cheverny.png\",\"width\":696,\"height\":291,\"caption\":\"Les Sources de Cheverny\"},\"image\":{\"@id\":\"https:\/\/www.sources-hotels.com\/valdeloire\/de\/#\/schema\/logo\/image\/\"}}]}<\/script>\n<!-- \/ Yoast SEO plugin. -->","yoast_head_json":{"title":"Zimmer und Suiten an der Loire | Les Sources de Cheverny","description":"Erleben Sie Eleganz in unseren Hotelzimmern und Suiten in der N\u00e4he der Loire-Schl\u00f6sser. Verbringen Sie Ihren Aufenthalt im Herzen einer geschichtstr\u00e4chtigen Region.","robots":{"index":"index","follow":"follow","max-snippet":"max-snippet:-1","max-image-preview":"max-image-preview:large","max-video-preview":"max-video-preview:-1"},"canonical":"https:\/\/www.sources-hotels.com\/valdeloire\/de\/zimmer-suiten\/","og_locale":"de_DE","og_type":"article","og_title":"Zimmer und Suiten an der Loire | Les Sources de Cheverny","og_description":"Erleben Sie Eleganz in unseren Hotelzimmern und Suiten in der N\u00e4he der Loire-Schl\u00f6sser. Verbringen Sie Ihren Aufenthalt im Herzen einer geschichtstr\u00e4chtigen Region.","og_url":"https:\/\/www.sources-hotels.com\/valdeloire\/de\/zimmer-suiten\/","og_site_name":"Les Sources de Cheverny","article_modified_time":"2026-02-18T08:14:00+00:00","twitter_card":"summary_large_image","schema":{"@context":"https:\/\/schema.org","@graph":[{"@type":"WebPage","@id":"https:\/\/www.sources-hotels.com\/valdeloire\/de\/zimmer-suiten\/","url":"https:\/\/www.sources-hotels.com\/valdeloire\/de\/zimmer-suiten\/","name":"Zimmer und Suiten an der Loire | Les Sources de Cheverny","isPartOf":{"@id":"https:\/\/www.sources-hotels.com\/valdeloire\/de\/#website"},"datePublished":"2024-12-30T08:32:14+00:00","dateModified":"2026-02-18T08:14:00+00:00","description":"Erleben Sie Eleganz in unseren Hotelzimmern und Suiten in der N\u00e4he der Loire-Schl\u00f6sser. Verbringen Sie Ihren Aufenthalt im Herzen einer geschichtstr\u00e4chtigen Region.","breadcrumb":{"@id":"https:\/\/www.sources-hotels.com\/valdeloire\/de\/zimmer-suiten\/#breadcrumb"},"inLanguage":"de-DE","potentialAction":[{"@type":"ReadAction","target":["https:\/\/www.sources-hotels.com\/valdeloire\/de\/zimmer-suiten\/"]}]},{"@type":"BreadcrumbList","@id":"https:\/\/www.sources-hotels.com\/valdeloire\/de\/zimmer-suiten\/#breadcrumb","itemListElement":[{"@type":"ListItem","position":1,"name":"Accueil","item":"https:\/\/www.sources-hotels.com\/valdeloire\/de\/"},{"@type":"ListItem","position":2,"name":"Zimmer &amp; Suiten"}]},{"@type":"WebSite","@id":"https:\/\/www.sources-hotels.com\/valdeloire\/de\/#website","url":"https:\/\/www.sources-hotels.com\/valdeloire\/de\/","name":"Les Sources de Cheverny","description":"","publisher":{"@id":"https:\/\/www.sources-hotels.com\/valdeloire\/de\/#organization"},"potentialAction":[{"@type":"SearchAction","target":{"@type":"EntryPoint","urlTemplate":"https:\/\/www.sources-hotels.com\/valdeloire\/de\/?s={search_term_string}"},"query-input":{"@type":"PropertyValueSpecification","valueRequired":true,"valueName":"search_term_string"}}],"inLanguage":"de-DE"},{"@type":"Organization","@id":"https:\/\/www.sources-hotels.com\/valdeloire\/de\/#organization","name":"Les Sources de Cheverny","url":"https:\/\/www.sources-hotels.com\/valdeloire\/de\/","logo":{"@type":"ImageObject","inLanguage":"de-DE","@id":"https:\/\/www.sources-hotels.com\/valdeloire\/de\/#\/schema\/logo\/image\/","url":"https:\/\/www.sources-hotels.com\/valdeloire\/wp-content\/uploads\/sites\/4\/2025\/03\/logo-cheverny.png","contentUrl":"https:\/\/www.sources-hotels.com\/valdeloire\/wp-content\/uploads\/sites\/4\/2025\/03\/logo-cheverny.png","width":696,"height":291,"caption":"Les Sources de Cheverny"},"image":{"@id":"https:\/\/www.sources-hotels.com\/valdeloire\/de\/#\/schema\/logo\/image\/"}}]}},"_links":{"self":[{"href":"https:\/\/www.sources-hotels.com\/valdeloire\/de\/wp-json\/wp\/v2\/pages\/3283","targetHints":{"allow":["GET"]}}],"collection":[{"href":"https:\/\/www.sources-hotels.com\/valdeloire\/de\/wp-json\/wp\/v2\/pages"}],"about":[{"href":"https:\/\/www.sources-hotels.com\/valdeloire\/de\/wp-json\/wp\/v2\/types\/page"}],"author":[{"embeddable":true,"href":"https:\/\/www.sources-hotels.com\/valdeloire\/de\/wp-json\/wp\/v2\/users\/1"}],"replies":[{"embeddable":true,"href":"https:\/\/www.sources-hotels.com\/valdeloire\/de\/wp-json\/wp\/v2\/comments?post=3283"}],"version-history":[{"count":6,"href":"https:\/\/www.sources-hotels.com\/valdeloire\/de\/wp-json\/wp\/v2\/pages\/3283\/revisions"}],"predecessor-version":[{"id":5154,"href":"https:\/\/www.sources-hotels.com\/valdeloire\/de\/wp-json\/wp\/v2\/pages\/3283\/revisions\/5154"}],"wp:attachment":[{"href":"https:\/\/www.sources-hotels.com\/valdeloire\/de\/wp-json\/wp\/v2\/media?parent=3283"}],"wp:term":[{"taxonomy":"hotels","embeddable":true,"href":"https:\/\/www.sources-hotels.com\/valdeloire\/de\/wp-json\/wp\/v2\/hotels?post=3283"},{"taxonomy":"doc_cat","embeddable":true,"href":"https:\/\/www.sources-hotels.com\/valdeloire\/de\/wp-json\/wp\/v2\/doc_cat?post=3283"}],"curies":[{"name":"wp","href":"https:\/\/api.w.org\/{rel}","templated":true}]}}