{"id":3286,"date":"2024-12-30T11:27:55","date_gmt":"2024-12-30T10:27:55","guid":{"rendered":"https:\/\/www.sources-hotels.com\/valdeloire\/?page_id=3286"},"modified":"2026-02-18T09:18:24","modified_gmt":"2026-02-18T08:18:24","slug":"signature-suite","status":"publish","type":"page","link":"https:\/\/www.sources-hotels.com\/valdeloire\/de\/zimmer-suiten\/signature-suite\/","title":{"rendered":"Signature Suite"},"content":{"rendered":"\n<section class=\"custom-block block--header h-[206rem] text-center text-white overflow-hidden pt-[100rem] relative tablet:h-[700rem] tablet:pt-[420rem]\">\n\n    <h1>\n                            SIGNATURE SUITE            <\/h1>\n\n    \n    <span class=\"scroll-down hidden text-[12rem] tracking-[2rem] uppercase font-title cursor-pointer opacity-[64%] pb-[66rem] absolute left-2\/4 bottom-0 translate-x-[-50%] after:w-[1px] after:h-[50rem] after:bg-white after:opacity-[40%] after:absolute after:bottom-0 after:left-[50%] tablet:block\">\n        Mehr entdecken    <\/span>\n\n    <figure class=\"min-w-full min-h-full aspect-video overflow-hidden absolute top-2\/4 left-2\/4 translate-x-[-50%] translate-y-[-50%] z-[-1] before:bg-black before:opacity-[35%] before:mix-blend-multiply before:absolute before:top-0 before:left-0 before:right-0 before:bottom-0 before:z-[2]\">\n                    <img loading=\"lazy\" decoding=\"async\" width=\"1350\" height=\"900\" src=\"https:\/\/www.sources-hotels.com\/valdeloire\/wp-content\/uploads\/sites\/4\/2025\/01\/SDCheverny_BaronPerche_\u00a9MPMorel_2020-9-1-1350x900.jpg\" class=\"h-full w-full object-cover object-center\" alt=\"\" srcset=\"https:\/\/www.sources-hotels.com\/valdeloire\/wp-content\/uploads\/sites\/4\/2025\/01\/SDCheverny_BaronPerche_\u00a9MPMorel_2020-9-1-1350x900.jpg 1350w, https:\/\/www.sources-hotels.com\/valdeloire\/wp-content\/uploads\/sites\/4\/2025\/01\/SDCheverny_BaronPerche_\u00a9MPMorel_2020-9-1-300x200.jpg 300w, https:\/\/www.sources-hotels.com\/valdeloire\/wp-content\/uploads\/sites\/4\/2025\/01\/SDCheverny_BaronPerche_\u00a9MPMorel_2020-9-1-1024x683.jpg 1024w, https:\/\/www.sources-hotels.com\/valdeloire\/wp-content\/uploads\/sites\/4\/2025\/01\/SDCheverny_BaronPerche_\u00a9MPMorel_2020-9-1-768x512.jpg 768w, https:\/\/www.sources-hotels.com\/valdeloire\/wp-content\/uploads\/sites\/4\/2025\/01\/SDCheverny_BaronPerche_\u00a9MPMorel_2020-9-1-1260x840.jpg 1260w, https:\/\/www.sources-hotels.com\/valdeloire\/wp-content\/uploads\/sites\/4\/2025\/01\/SDCheverny_BaronPerche_\u00a9MPMorel_2020-9-1-450x300.jpg 450w, https:\/\/www.sources-hotels.com\/valdeloire\/wp-content\/uploads\/sites\/4\/2025\/01\/SDCheverny_BaronPerche_\u00a9MPMorel_2020-9-1-465x310.jpg 465w, https:\/\/www.sources-hotels.com\/valdeloire\/wp-content\/uploads\/sites\/4\/2025\/01\/SDCheverny_BaronPerche_\u00a9MPMorel_2020-9-1-630x420.jpg 630w, https:\/\/www.sources-hotels.com\/valdeloire\/wp-content\/uploads\/sites\/4\/2025\/01\/SDCheverny_BaronPerche_\u00a9MPMorel_2020-9-1-966x644.jpg 966w, https:\/\/www.sources-hotels.com\/valdeloire\/wp-content\/uploads\/sites\/4\/2025\/01\/SDCheverny_BaronPerche_\u00a9MPMorel_2020-9-1-750x500.jpg 750w, https:\/\/www.sources-hotels.com\/valdeloire\/wp-content\/uploads\/sites\/4\/2025\/01\/SDCheverny_BaronPerche_\u00a9MPMorel_2020-9-1-1020x680.jpg 1020w, https:\/\/www.sources-hotels.com\/valdeloire\/wp-content\/uploads\/sites\/4\/2025\/01\/SDCheverny_BaronPerche_\u00a9MPMorel_2020-9-1-690x460.jpg 690w, https:\/\/www.sources-hotels.com\/valdeloire\/wp-content\/uploads\/sites\/4\/2025\/01\/SDCheverny_BaronPerche_\u00a9MPMorel_2020-9-1-640x427.jpg 640w, https:\/\/www.sources-hotels.com\/valdeloire\/wp-content\/uploads\/sites\/4\/2025\/01\/SDCheverny_BaronPerche_\u00a9MPMorel_2020-9-1-420x280.jpg 420w, https:\/\/www.sources-hotels.com\/valdeloire\/wp-content\/uploads\/sites\/4\/2025\/01\/SDCheverny_BaronPerche_\u00a9MPMorel_2020-9-1.jpg 1354w\" sizes=\"auto, (max-width: 1350px) 100vw, 1350px\" \/>            <\/figure>\n    \n<\/section>\n\n    \n\n\n<section class=\"custom-block block--title-introduction text-center tablet:!pb-[60rem]\">\n\n            <h2 class=\"block-title\">Le Baron Perch\u00e9, unsere Signature Suite<\/h2>\n    \n    <div class=\"tablet:w-[970rem] tablet:inline-block\">\n        <p>Le Baron Perch\u00e9 bietet ein einzigartiges Erlebnis, fernab der Zeit.<br \/>\nDieses elegante Holzhaus, auf Stelzen \u00fcber dem See gelegen, verk\u00f6rpert den Naturgeist der Sources de Cheverny.<br \/>\nAuf dem h\u00f6chsten Punkt des Hameaus gelegen, bietet es einen Panoramablick auf das Anwesen und die Obstg\u00e4rten.<br \/>\nEin wahrer R\u00fcckzugsort f\u00fcr Naturliebhaber und Ruhesuchende.<\/p>\n    <\/div>\n\n<\/section>\n\n\n\n<section\n    class=\"custom-block block--large-visual-centered-text-white-background has-visual\">\n\n            <div class=\"large-visual-container\">\n\n            <div class=\"large-visual\">\n                <figure>\n                    <img loading=\"lazy\" decoding=\"async\" width=\"2600\" height=\"1200\" src=\"https:\/\/www.sources-hotels.com\/valdeloire\/wp-content\/uploads\/sites\/4\/2025\/01\/SDCHEV1-min-4-2600x1200.jpg\" class=\"h-full w-full object-cover object-center\" alt=\"\" \/>                <\/figure>\n            <\/div>\n\n            \n                            <h2 class=\"title-single\">Unsere Signature Suite<\/h2>\n                        \n        <\/div>\n    \n    <div class=\"bloc-content\">\n                <div class=\"content rte\">\n            <p><span style=\"font-weight: 400\">Wie C\u00f4me, der Held aus dem Roman Der Baron auf den B\u00e4umen, steht diese Suite f\u00fcr Freiheit, Fantasie und die Liebe zur Natur.<br \/>\nSie empf\u00e4ngt Sie in einer warmen, sanften Atmosph\u00e4re mit edlen Stoffen und originellen Fundst\u00fccken, die Alice Tourbier auf lokalen Flohm\u00e4rkten ausgew\u00e4hlt hat.<\/span><\/p>\n<p><span style=\"font-weight: 400\">Die gro\u00dfe Terrasse mit privatem nordischen Bad l\u00e4dt zum Entspannen ein \u2013 ideal f\u00fcr Paare, die eine romantische Auszeit suchen. <\/span><\/p>\n<p><span style=\"font-weight: 400\">Die Suite verf\u00fcgt \u00fcber ein gro\u00dfes Doppelbett sowie einen offenen Wohnbereich mit Sofa \u2013 ein lichtdurchfluteter Raum mit Blick ins Gr\u00fcne. <\/p>\n<p>Ein besonderer Ort f\u00fcr unvergessliche Momente zu zweit. <\/span><\/p>\n<h4>Ausstattung und Services<span style=\"font-weight: 400\"><br \/>\n<\/span><\/h4>\n<p><span style=\"font-weight: 400\">&#8211; F\u00fcr 2 Personen<br \/>\n<\/span><span style=\"font-weight: 400\">&#8211; 47m2<br \/>\n&#8211; Panoramablick auf das Anwesen, den See und die Obstg\u00e4rten<br \/>\n&#8211; Private Terrasse mit nordischem Au\u00dfenbad<br \/>\n&#8211; Separates Badezimmer. Umweltfreundliche Pflegeprodukte<br \/>\n&#8211; Gro\u00dfes Doppelbett 180\u00d7200. Unsere Matratzen stammen aus franz\u00f6sischer Herstellung<br \/>\n&#8211; Wohnbereich mit Schlafsofa<br \/>\n&#8211; Satelliten-TV mit Multimedia-Funktion<br \/>\n&#8211; Klimaanlage<br \/>\n&#8211; Kostenloses WLAN<br \/>\n&#8211; Safe<br \/>\n&#8211; Minibar<br \/>\n&#8211; Roomservice <\/span><\/p>\n<p><em>Fr\u00fchst\u00fcck wird als Buffet im Restaurant serviert oder auf Wunsch in Ihre Suite gebracht. <\/em><\/p>\n        <\/div>\n\n            <\/div>\n\n    \n            <svg width=\"475\" height=\"889\" viewBox=\"0 0 475 889\" fill=\"none\"><use xlink:href=\"#leaf-side\"\/><\/svg>    \n<\/section>\n\n<section class=\"custom-block block--three-visuals-cta mx-auto text-center\">\n\n                    <div class=\"images\">\n                            <div class=\"relative\">\n                    <figure>\n                        <img loading=\"lazy\" decoding=\"async\" width=\"840\" height=\"600\" src=\"https:\/\/www.sources-hotels.com\/valdeloire\/wp-content\/uploads\/sites\/4\/2025\/01\/SDCHEV2-min-3-840x600.jpg\" class=\"w-full h-full object-cover object-center\" alt=\"\" \/>                    <\/figure>\n                                    <\/div>\n                            <div class=\"relative\">\n                    <figure>\n                        <img loading=\"lazy\" decoding=\"async\" width=\"840\" height=\"600\" src=\"https:\/\/www.sources-hotels.com\/valdeloire\/wp-content\/uploads\/sites\/4\/2025\/01\/SD360B1-min-2-840x600.jpg\" class=\"w-full h-full object-cover object-center\" alt=\"\" \/>                    <\/figure>\n                                    <\/div>\n                            <div class=\"relative\">\n                    <figure>\n                        <img loading=\"lazy\" decoding=\"async\" width=\"840\" height=\"600\" src=\"https:\/\/www.sources-hotels.com\/valdeloire\/wp-content\/uploads\/sites\/4\/2025\/01\/SDCHEV3-min-2-840x600.jpg\" class=\"w-full h-full object-cover object-center\" alt=\"\" \/>                    <\/figure>\n                                    <\/div>\n                    <\/div>\n    \n\n            <div class=\"ctas mt-[23rem] tablet:mt-[40rem] flex gap-[42rem] justify-center\">\n            \n                            <button class=\"button cta-booking dedge-open\">Buchen<\/button>\n                    <\/div>\n    \n\n\n\n<\/section>","protected":false},"excerpt":{"rendered":"","protected":false},"author":1,"featured_media":0,"parent":3283,"menu_order":0,"comment_status":"closed","ping_status":"closed","template":"","meta":{"_acf_changed":false,"footnotes":""},"hotels":[],"doc_cat":[],"class_list":["post-3286","page","type-page","status-publish","hentry"],"acf":[],"yoast_head":"<!-- This site is optimized with the Yoast SEO plugin v25.6 - https:\/\/yoast.com\/wordpress\/plugins\/seo\/ -->\n<title>Signature Suite Luxushotel Loiretal - Les Sources de Cheverny<\/title>\n<meta name=\"description\" content=\"Entdecken Sie Le Baron Perch\u00e9, eine einzigartige Luxush\u00fctte mit privatem Jacuzzi \u2013 f\u00fcr einen romantischen Aufenthalt im Einklang mit der Natur der Sologne.\" \/>\n<meta name=\"robots\" content=\"index, follow, max-snippet:-1, max-image-preview:large, max-video-preview:-1\" \/>\n<link rel=\"canonical\" href=\"https:\/\/www.sources-hotels.com\/valdeloire\/de\/zimmer-suiten\/signature-suite\/\" \/>\n<meta property=\"og:locale\" content=\"de_DE\" \/>\n<meta property=\"og:type\" content=\"article\" \/>\n<meta property=\"og:title\" content=\"Signature Suite Luxushotel Loiretal - Les Sources de Cheverny\" \/>\n<meta property=\"og:description\" content=\"Entdecken Sie Le Baron Perch\u00e9, eine einzigartige Luxush\u00fctte mit privatem Jacuzzi \u2013 f\u00fcr einen romantischen Aufenthalt im Einklang mit der Natur der Sologne.\" \/>\n<meta property=\"og:url\" content=\"https:\/\/www.sources-hotels.com\/valdeloire\/de\/zimmer-suiten\/signature-suite\/\" \/>\n<meta property=\"og:site_name\" content=\"Les Sources de Cheverny\" \/>\n<meta property=\"article:modified_time\" content=\"2026-02-18T08:18:24+00:00\" \/>\n<meta name=\"twitter:card\" content=\"summary_large_image\" \/>\n<script type=\"application\/ld+json\" class=\"yoast-schema-graph\">{\"@context\":\"https:\/\/schema.org\",\"@graph\":[{\"@type\":\"WebPage\",\"@id\":\"https:\/\/www.sources-hotels.com\/valdeloire\/de\/zimmer-suiten\/signature-suite\/\",\"url\":\"https:\/\/www.sources-hotels.com\/valdeloire\/de\/zimmer-suiten\/signature-suite\/\",\"name\":\"Signature Suite Luxushotel Loiretal - Les Sources de Cheverny\",\"isPartOf\":{\"@id\":\"https:\/\/www.sources-hotels.com\/valdeloire\/de\/#website\"},\"datePublished\":\"2024-12-30T10:27:55+00:00\",\"dateModified\":\"2026-02-18T08:18:24+00:00\",\"description\":\"Entdecken Sie Le Baron Perch\u00e9, eine einzigartige Luxush\u00fctte mit privatem Jacuzzi \u2013 f\u00fcr einen romantischen Aufenthalt im Einklang mit der Natur der Sologne.\",\"breadcrumb\":{\"@id\":\"https:\/\/www.sources-hotels.com\/valdeloire\/de\/zimmer-suiten\/signature-suite\/#breadcrumb\"},\"inLanguage\":\"de-DE\",\"potentialAction\":[{\"@type\":\"ReadAction\",\"target\":[\"https:\/\/www.sources-hotels.com\/valdeloire\/de\/zimmer-suiten\/signature-suite\/\"]}]},{\"@type\":\"BreadcrumbList\",\"@id\":\"https:\/\/www.sources-hotels.com\/valdeloire\/de\/zimmer-suiten\/signature-suite\/#breadcrumb\",\"itemListElement\":[{\"@type\":\"ListItem\",\"position\":1,\"name\":\"Accueil\",\"item\":\"https:\/\/www.sources-hotels.com\/valdeloire\/de\/\"},{\"@type\":\"ListItem\",\"position\":2,\"name\":\"Zimmer &amp; Suiten\",\"item\":\"https:\/\/www.sources-hotels.com\/valdeloire\/de\/zimmer-suiten\/\"},{\"@type\":\"ListItem\",\"position\":3,\"name\":\"Signature Suite\"}]},{\"@type\":\"WebSite\",\"@id\":\"https:\/\/www.sources-hotels.com\/valdeloire\/de\/#website\",\"url\":\"https:\/\/www.sources-hotels.com\/valdeloire\/de\/\",\"name\":\"Les Sources de Cheverny\",\"description\":\"\",\"publisher\":{\"@id\":\"https:\/\/www.sources-hotels.com\/valdeloire\/de\/#organization\"},\"potentialAction\":[{\"@type\":\"SearchAction\",\"target\":{\"@type\":\"EntryPoint\",\"urlTemplate\":\"https:\/\/www.sources-hotels.com\/valdeloire\/de\/?s={search_term_string}\"},\"query-input\":{\"@type\":\"PropertyValueSpecification\",\"valueRequired\":true,\"valueName\":\"search_term_string\"}}],\"inLanguage\":\"de-DE\"},{\"@type\":\"Organization\",\"@id\":\"https:\/\/www.sources-hotels.com\/valdeloire\/de\/#organization\",\"name\":\"Les Sources de Cheverny\",\"url\":\"https:\/\/www.sources-hotels.com\/valdeloire\/de\/\",\"logo\":{\"@type\":\"ImageObject\",\"inLanguage\":\"de-DE\",\"@id\":\"https:\/\/www.sources-hotels.com\/valdeloire\/de\/#\/schema\/logo\/image\/\",\"url\":\"https:\/\/www.sources-hotels.com\/valdeloire\/wp-content\/uploads\/sites\/4\/2025\/03\/logo-cheverny.png\",\"contentUrl\":\"https:\/\/www.sources-hotels.com\/valdeloire\/wp-content\/uploads\/sites\/4\/2025\/03\/logo-cheverny.png\",\"width\":696,\"height\":291,\"caption\":\"Les Sources de Cheverny\"},\"image\":{\"@id\":\"https:\/\/www.sources-hotels.com\/valdeloire\/de\/#\/schema\/logo\/image\/\"}}]}<\/script>\n<!-- \/ Yoast SEO plugin. -->","yoast_head_json":{"title":"Signature Suite Luxushotel Loiretal - Les Sources de Cheverny","description":"Entdecken Sie Le Baron Perch\u00e9, eine einzigartige Luxush\u00fctte mit privatem Jacuzzi \u2013 f\u00fcr einen romantischen Aufenthalt im Einklang mit der Natur der Sologne.","robots":{"index":"index","follow":"follow","max-snippet":"max-snippet:-1","max-image-preview":"max-image-preview:large","max-video-preview":"max-video-preview:-1"},"canonical":"https:\/\/www.sources-hotels.com\/valdeloire\/de\/zimmer-suiten\/signature-suite\/","og_locale":"de_DE","og_type":"article","og_title":"Signature Suite Luxushotel Loiretal - Les Sources de Cheverny","og_description":"Entdecken Sie Le Baron Perch\u00e9, eine einzigartige Luxush\u00fctte mit privatem Jacuzzi \u2013 f\u00fcr einen romantischen Aufenthalt im Einklang mit der Natur der Sologne.","og_url":"https:\/\/www.sources-hotels.com\/valdeloire\/de\/zimmer-suiten\/signature-suite\/","og_site_name":"Les Sources de Cheverny","article_modified_time":"2026-02-18T08:18:24+00:00","twitter_card":"summary_large_image","schema":{"@context":"https:\/\/schema.org","@graph":[{"@type":"WebPage","@id":"https:\/\/www.sources-hotels.com\/valdeloire\/de\/zimmer-suiten\/signature-suite\/","url":"https:\/\/www.sources-hotels.com\/valdeloire\/de\/zimmer-suiten\/signature-suite\/","name":"Signature Suite Luxushotel Loiretal - Les Sources de Cheverny","isPartOf":{"@id":"https:\/\/www.sources-hotels.com\/valdeloire\/de\/#website"},"datePublished":"2024-12-30T10:27:55+00:00","dateModified":"2026-02-18T08:18:24+00:00","description":"Entdecken Sie Le Baron Perch\u00e9, eine einzigartige Luxush\u00fctte mit privatem Jacuzzi \u2013 f\u00fcr einen romantischen Aufenthalt im Einklang mit der Natur der Sologne.","breadcrumb":{"@id":"https:\/\/www.sources-hotels.com\/valdeloire\/de\/zimmer-suiten\/signature-suite\/#breadcrumb"},"inLanguage":"de-DE","potentialAction":[{"@type":"ReadAction","target":["https:\/\/www.sources-hotels.com\/valdeloire\/de\/zimmer-suiten\/signature-suite\/"]}]},{"@type":"BreadcrumbList","@id":"https:\/\/www.sources-hotels.com\/valdeloire\/de\/zimmer-suiten\/signature-suite\/#breadcrumb","itemListElement":[{"@type":"ListItem","position":1,"name":"Accueil","item":"https:\/\/www.sources-hotels.com\/valdeloire\/de\/"},{"@type":"ListItem","position":2,"name":"Zimmer &amp; Suiten","item":"https:\/\/www.sources-hotels.com\/valdeloire\/de\/zimmer-suiten\/"},{"@type":"ListItem","position":3,"name":"Signature Suite"}]},{"@type":"WebSite","@id":"https:\/\/www.sources-hotels.com\/valdeloire\/de\/#website","url":"https:\/\/www.sources-hotels.com\/valdeloire\/de\/","name":"Les Sources de Cheverny","description":"","publisher":{"@id":"https:\/\/www.sources-hotels.com\/valdeloire\/de\/#organization"},"potentialAction":[{"@type":"SearchAction","target":{"@type":"EntryPoint","urlTemplate":"https:\/\/www.sources-hotels.com\/valdeloire\/de\/?s={search_term_string}"},"query-input":{"@type":"PropertyValueSpecification","valueRequired":true,"valueName":"search_term_string"}}],"inLanguage":"de-DE"},{"@type":"Organization","@id":"https:\/\/www.sources-hotels.com\/valdeloire\/de\/#organization","name":"Les Sources de Cheverny","url":"https:\/\/www.sources-hotels.com\/valdeloire\/de\/","logo":{"@type":"ImageObject","inLanguage":"de-DE","@id":"https:\/\/www.sources-hotels.com\/valdeloire\/de\/#\/schema\/logo\/image\/","url":"https:\/\/www.sources-hotels.com\/valdeloire\/wp-content\/uploads\/sites\/4\/2025\/03\/logo-cheverny.png","contentUrl":"https:\/\/www.sources-hotels.com\/valdeloire\/wp-content\/uploads\/sites\/4\/2025\/03\/logo-cheverny.png","width":696,"height":291,"caption":"Les Sources de Cheverny"},"image":{"@id":"https:\/\/www.sources-hotels.com\/valdeloire\/de\/#\/schema\/logo\/image\/"}}]}},"_links":{"self":[{"href":"https:\/\/www.sources-hotels.com\/valdeloire\/de\/wp-json\/wp\/v2\/pages\/3286","targetHints":{"allow":["GET"]}}],"collection":[{"href":"https:\/\/www.sources-hotels.com\/valdeloire\/de\/wp-json\/wp\/v2\/pages"}],"about":[{"href":"https:\/\/www.sources-hotels.com\/valdeloire\/de\/wp-json\/wp\/v2\/types\/page"}],"author":[{"embeddable":true,"href":"https:\/\/www.sources-hotels.com\/valdeloire\/de\/wp-json\/wp\/v2\/users\/1"}],"replies":[{"embeddable":true,"href":"https:\/\/www.sources-hotels.com\/valdeloire\/de\/wp-json\/wp\/v2\/comments?post=3286"}],"version-history":[{"count":5,"href":"https:\/\/www.sources-hotels.com\/valdeloire\/de\/wp-json\/wp\/v2\/pages\/3286\/revisions"}],"predecessor-version":[{"id":5162,"href":"https:\/\/www.sources-hotels.com\/valdeloire\/de\/wp-json\/wp\/v2\/pages\/3286\/revisions\/5162"}],"up":[{"embeddable":true,"href":"https:\/\/www.sources-hotels.com\/valdeloire\/de\/wp-json\/wp\/v2\/pages\/3283"}],"wp:attachment":[{"href":"https:\/\/www.sources-hotels.com\/valdeloire\/de\/wp-json\/wp\/v2\/media?parent=3286"}],"wp:term":[{"taxonomy":"hotels","embeddable":true,"href":"https:\/\/www.sources-hotels.com\/valdeloire\/de\/wp-json\/wp\/v2\/hotels?post=3286"},{"taxonomy":"doc_cat","embeddable":true,"href":"https:\/\/www.sources-hotels.com\/valdeloire\/de\/wp-json\/wp\/v2\/doc_cat?post=3286"}],"curies":[{"name":"wp","href":"https:\/\/api.w.org\/{rel}","templated":true}]}}